{"id":22252,"date":"2019-11-12T14:52:07","date_gmt":"2019-11-12T13:52:07","guid":{"rendered":"https:\/\/www.acps-automotive.com\/weitere-vorrichtung\/"},"modified":"2023-09-18T14:07:04","modified_gmt":"2023-09-18T12:07:04","slug":"%e5%85%b6%e4%bb%96%e8%a3%85%e7%bd%ae","status":"publish","type":"page","link":"https:\/\/www.acps-automotive.com\/zh-cn\/%e4%ba%a7%e5%93%81\/%e9%80%82%e4%ba%8e%e6%ac%a7%e6%b4%b2%e5%b8%82%e5%9c%ba%e7%9a%84%e6%8b%96%e9%92%a9\/%e5%85%b6%e4%bb%96%e8%a3%85%e7%bd%ae\/","title":{"rendered":"\u5176\u4ed6\u88c5\u7f6e"},"content":{"rendered":"<div class=\"vgblk-rw-wrapper limit-wrapper\">\n\n\t<h1><strong>\u5176\u4ed6<\/strong>\u88c5\u7f6e<\/h1>\n\t\t\tHorizontal abnehmbar\t\t\n\t\t\t\t<p><strong>\u53ef\u6c34\u5e73\u53d6\u4e0b\u7684\u81ea\u884c\u8f66\u67b6<\/strong>\u81ea\u884c\u8f66\u67b6\u88c5\u7f6e\u662f\u4e00\u4e2a\u4ec5\u7528\u4e8e\u81ea\u884c\u8f66\u67b6\u7684\u53ef\u53d6\u4e0b\u7cfb\u7edf\u3002\u53ef\u6c34\u5e73\u653e\u7f6e\u7684\u94a9\u5934\u4ec5\u5728\u4f7f\u7528\u62d6\u94a9\u65f6\u53ef\u89c1&#8211;\u4e0d\u4f7f\u7528\u65f6\uff0c\u8be5\u7cfb\u7edf\u5728\u8f66\u8f86\u4e0a\u51e0\u4e4e\u4e0d\u53ef\u89c1\u3002\u4f18\u70b9<\/p><ul><li>\u4ec5\u5728\u4f7f\u7528\u62d6\u6302\u7cfb\u7edf\u65f6\uff0c\u624d\u9700\u8981\u4f7f\u7528\u94a9\u5934\u3002\u5f53\u6ca1\u6709\u94a9\u5934\u65f6\uff0c\u7cfb\u7edf\u672c\u8eab\u57fa\u672c\u4e0d\u53ef\u89c1\u3002\u56e0\u6b64\u57fa\u672c\u4e0d\u4f1a\u56e0\u62d6\u6302\u7cfb\u7edf\u800c\u5f71\u54cd\u8f66\u8f86\u5916\u89c2\u3002<\/li><li>ACPS Automotive \u53ef\u53d6\u4e0b\u7684\u62d6\u94a9\u53ef\u5b9e\u73b0\u81ea\u52a8\u9501\u95ed&#8211;\u4e3a\u60a8\u63d0\u4f9b\u6781\u9ad8\u7684\u53ef\u9760\u6027\u4e14\u64cd\u4f5c\u7b80\u5355\u65b9\u4fbf\u3002<\/li><li>\u94a9\u5934\u8fd8\u914d\u5907\u5b89\u5168\u9501\uff0c\u9632\u6b62\u88ab\u76d7\u4e22\u5931\u3002<\/li><\/ul><img loading=\"lazy\" decoding=\"async\" src=\"https:\/\/www.acps-automotive.com\/wp-content\/uploads\/_media\/produkte\/europa\/weitere-av\/weitere-av.jpg\" alt=\"Horizontal abnehmbare Fahrradtr\u00e4gervorrichtung\" width=\"730\" height=\"720\" \/>\t\t\t\n\t<h4>Technische Daten<\/h4>\n<table border=\"0\" width=\"100%\">\n<tbody>\n<tr>\n\n<td>Vertikal abnehmbar<\/td>\n<td>Horizontal abnehmbar<\/td>\n<\/tr>\n<tr>\n<td>D-Wert*<\/td>\n<td>bis zu 16,8 kN<\/td>\n<td>bis zu 13 kN<\/td>\n<\/tr>\n<tr>\n<td>St\u00fctzlast<\/td>\n<td>bis zu 220 kg<\/td>\n<td>bis zu 150 kg<\/td>\n<\/tr>\n<tr>\n<td>Anh\u00e4ngelast<\/td>\n<td>bis zu 3.500 kg<\/td>\n<td>bis zu 2.500 kg<\/td>\n<\/tr>\n<\/tbody>\n<\/table>\n<p>* Beim D-Wert handelt es sich um einen festgelegten Kraftwert, der das zul\u00e4ssige Gesamtgewicht des Zugfahrzeuges und das maximal zul\u00e4ssige Gesamtgewicht des Anh\u00e4ngers beinhaltet.<\/p>\n<p>&nbsp;<\/p>\n<strong>Die hier angegebenen Daten passen nicht zu Ihren fahrzeugspezifischen Anforderungen?<\/strong><br \/>\nDann <a href=\"https:\/\/www.acps-automotive.com\/kontakt\/kontaktformular\/\">nehmen Sie gern Kontakt zu uns auf<\/a>, denn wir entwickeln auch ma\u00dfgeschneiderte Komponenten und L\u00f6sungen.\n\t<h4>\u6280\u672f\u53c2\u6570<\/h4>\n<p>\u60a8\u82e5\u5bf9\u60a8\u7231\u8f66\u7684\u7279\u5b9a\u8981\u6c42\u6709\u4efb\u4f55\u7591\u95ee&#8211;\u4f8b\u5982\u9488\u5bf9\u62d6\u94a9\u7684\u8d1f\u8f7d\u548c\u9700\u8981\u8fd0\u8f93\u7684\u81ea\u884c\u8f66\u6570\u91cf\uff0c<a href=\"\/zh-cn\/\u8054\u7cfb\u6211\u4eec\/\u8054\u7edc\u8868\u683c\/\">\u656c\u8bf7\u968f\u65f6\u4e0e\u6211\u4eec\u8054\u7cfb\u3002<\/a><\/p>\n\t<h2>\u4f9d\u7167\u5ba2\u6237\u9700\u6c42<br \/>\n<strong>\u5b9a\u5236\u7684\u7535\u6c14\u7ec4\u4ef6<\/strong><\/h2>\n<p>\u6211\u4eec\u5c06\u6839\u636e\u5ba2\u6237\u9700\u6c42\uff0c\u4e0e\u8457\u540d\u7684\u7535\u7ebf\u675f\u5382\u5bb6\u5171\u540c\u7814\u53d1\u9002\u914d\u5404\u62d6\u94a9\u7684\u7535\u6c14\u7ec4\u4ef6\u3002\u6211\u4eec\u4e3a\u5404\u4e2a\u6c7d\u8f66\u751f\u4ea7\u5546\u4ee5\u53ca\u5176\u5408\u4f5c\u7ecf\u9500\u5546\u63d0\u4f9b\u6211\u4eec\u7684\u7cfb\u7edf\uff0c\u7528\u4e8e\u6d41\u6c34\u7ebf\u6279\u91cf\u7ec4\u88c5\u6216\u52a0\u88c5\u3002\u6b64\u5916\uff0c\u5728\u8fd9\u4e24\u4e2a\u9886\u57df\u5185\u6211\u4eec\u5747\u63d0\u4f9b\u76f8\u5e94\u7684\u96f6\u5907\u4ef6\u3002<\/p>\n\t<h4><strong>\u5176\u4ed6\u9002\u7528\u6b27\u6d32\u5e02\u573a\u7684<\/strong><br \/>\n\u62d6\u8f66\u94a9<\/h4>\n\t<p><a href=\"https:\/\/www.acps-automotive.com\/zh-cn\/%e4%ba%a7%e5%93%81\/%e9%80%82%e4%ba%8e%e6%ac%a7%e6%b4%b2%e5%b8%82%e5%9c%ba%e7%9a%84%e6%8b%96%e9%92%a9\/%e5%8f%af%e4%bc%b8%e7%bc%a9%e7%9a%84%e6%8b%96%e9%92%a9\/\">\u53ef\u65cb\u8f6c\u62d6\u94a9<\/a><\/p>\n<p><a href=\"https:\/\/www.acps-automotive.com\/zh-cn\/%e4%ba%a7%e5%93%81\/%e9%80%82%e4%ba%8e%e6%ac%a7%e6%b4%b2%e5%b8%82%e5%9c%ba%e7%9a%84%e6%8b%96%e9%92%a9\/%e5%8f%af%e4%bc%b8%e7%bc%a9%e7%9a%84%e6%8b%96%e9%92%a9\/\"><img loading=\"lazy\" decoding=\"async\" src=\"\/wp-content\/uploads\/_media\/produkte\/europa\/uebersicht\/schwenkbare-anhanegevorrichtungen-300x250.jpg\" alt=\"Schwenkbare Anh\u00e4ngevorrichtungen\" width=\"300\" height=\"250\" \/><\/a><\/p>\n\t<p><a href=\"\/zh-cn\/\u4ea7\u54c1\/\u9002\u4e8e\u6b27\u6d32\u5e02\u573a\u7684\u62d6\u94a9\/\u53ef\u62c6\u5378\u62d6\u94a9\/\">\u53ef\u62c6\u5378\u62d6\u94a9<\/a><\/p>\n<p><a href=\"\/zh-cn\/\u4ea7\u54c1\/\u9002\u4e8e\u6b27\u6d32\u5e02\u573a\u7684\u62d6\u94a9\/\u53ef\u62c6\u5378\u62d6\u94a9\/\"><img loading=\"lazy\" decoding=\"async\" src=\"\/wp-content\/uploads\/_media\/produkte\/europa\/uebersicht\/abnehmbare-anhanegevorrichtungen-300x250.jpg\" alt=\"Abnehmbare Anh\u00e4ngevorrichtungen\" width=\"300\" height=\"250\" \/><\/a><\/p>\n\t<p><a href=\"https:\/\/www.acps-automotive.com\/zh-cn\/%e4%ba%a7%e5%93%81\/%e9%80%82%e4%ba%8e%e6%ac%a7%e6%b4%b2%e5%b8%82%e5%9c%ba%e7%9a%84%e6%8b%96%e9%92%a9\/%e5%9b%ba%e5%ae%9a%e5%bc%8f%e6%8b%96%e9%92%a9\/\">\u56fa\u5b9a\u5f0f\u62d6\u94a9<\/a><\/p>\n<p><a href=\"https:\/\/www.acps-automotive.com\/zh-cn\/%e4%ba%a7%e5%93%81\/%e9%80%82%e4%ba%8e%e6%ac%a7%e6%b4%b2%e5%b8%82%e5%9c%ba%e7%9a%84%e6%8b%96%e9%92%a9\/%e5%9b%ba%e5%ae%9a%e5%bc%8f%e6%8b%96%e9%92%a9\/\"><img loading=\"lazy\" decoding=\"async\" src=\"\/wp-content\/uploads\/_media\/produkte\/europa\/uebersicht\/fixe-anhanegevorrichtungen-300x250.jpg\" alt=\"Starre Anh\u00e4ngevorrichtungen\" width=\"300\" height=\"250\" \/><\/a><\/p>\n\t<h2>\u4e86\u89e3\u66f4\u591a<br \/>\n<strong>\u5173\u4e8e\u6211\u4eec<br \/>\n<\/strong><\/h2>\n<p>\u9488\u5bf9\u6211\u4eec\u5177\u6709\u79d1\u6280\u521b\u65b0\u7684\u62d6\u94a9\u7cfb\u5217\uff0c\u60a8\u82e5\u6709\u7591\u95ee\uff0c\u656c\u8bf7\u4e0e\u6211\u4eec\u8054\u7cfb\u3002<\/p>\n<p><a href=\"\/zh-cn\/\u8054\u7cfb\u6211\u4eec\/\u8054\u7edc\u8868\u683c\/\"><img loading=\"lazy\" decoding=\"async\" src=\"https:\/\/www.acps-automotive.com\/wp-content\/uploads\/_media\/_allgemein\/pfeil-gross-dunkelblau.png\" alt=\"Pfeil gross dunkelblau\" width=\"67\" height=\"45\" \/>\u8054\u7cfb\u6211\u4eec<\/a><\/p>\n<p>&nbsp;<\/p>\n\n<\/div><!-- .vgblk-rw-wrapper -->","protected":false},"excerpt":{"rendered":"<p>\u5176\u4ed6\u88c5\u7f6e Horizontal abnehmbar \u53ef\u6c34\u5e73\u53d6\u4e0b\u7684\u81ea\u884c\u8f66\u67b6\u81ea\u884c\u8f66\u67b6\u88c5\u7f6e\u662f\u4e00\u4e2a\u4ec5\u7528\u4e8e\u81ea\u884c\u8f66\u67b6\u7684\u53ef\u53d6\u4e0b\u7cfb\u7edf\u3002\u53ef\u6c34\u5e73\u653e\u7f6e\u7684\u94a9\u5934\u4ec5\u5728\u4f7f\u7528\u62d6\u94a9\u65f6\u53ef\u89c1&#8211;\u4e0d\u4f7f\u7528\u65f6\uff0c\u8be5\u7cfb\u7edf\u5728\u8f66\u8f86\u4e0a\u51e0\u4e4e\u4e0d\u53ef\u89c1\u3002\u4f18\u70b9 \u4ec5\u5728\u4f7f\u7528\u62d6\u6302\u7cfb\u7edf\u65f6\uff0c\u624d\u9700\u8981\u4f7f\u7528\u94a9\u5934\u3002\u5f53\u6ca1\u6709\u94a9\u5934\u65f6\uff0c\u7cfb\u7edf\u672c\u8eab\u57fa\u672c\u4e0d\u53ef\u89c1\u3002\u56e0\u6b64\u57fa\u672c\u4e0d\u4f1a\u56e0\u62d6\u6302\u7cfb\u7edf\u800c\u5f71\u54cd\u8f66\u8f86\u5916\u89c2\u3002 ACPS Automotive \u53ef\u53d6\u4e0b\u7684\u62d6\u94a9\u53ef\u5b9e\u73b0\u81ea\u52a8\u9501\u95ed&#8211;\u4e3a\u60a8\u63d0\u4f9b\u6781\u9ad8\u7684\u53ef\u9760\u6027\u4e14\u64cd\u4f5c\u7b80\u5355\u65b9\u4fbf\u3002 \u94a9\u5934\u8fd8\u914d\u5907\u5b89\u5168\u9501\uff0c\u9632\u6b62\u88ab\u76d7\u4e22\u5931\u3002 Technische Daten Vertikal abnehmbar Horizontal abnehmbar D-Wert* bis zu 16,8 kN bis zu 13 kN St\u00fctzlast bis zu 220 kg bis zu 150 kg Anh\u00e4ngelast bis zu 3.500 kg bis zu 2.500 kg * Beim D-Wert handelt es sich um einen festgelegten Kraftwert, der das zul\u00e4ssige&#8230;<\/p>\n","protected":false},"author":1,"featured_media":0,"parent":22289,"menu_order":2,"comment_status":"closed","ping_status":"closed","template":"","meta":{"inline_featured_image":false,"_price":"","_stock":"","_tribe_ticket_header":"","_tribe_default_ticket_provider":"","_tribe_ticket_capacity":"0","_ticket_start_date":"","_ticket_end_date":"","_tribe_ticket_show_description":"","_tribe_ticket_show_not_going":false,"_tribe_ticket_use_global_stock":"","_tribe_ticket_global_stock_level":"","_global_stock_mode":"","_global_stock_cap":"","_tribe_rsvp_for_event":"","_tribe_ticket_going_count":"","_tribe_ticket_not_going_count":"","_tribe_tickets_list":"[]","_tribe_ticket_has_attendee_info_fields":false,"footnotes":""},"class_list":["post-22252","page","type-page","status-publish","hentry"],"yoast_head":"<!-- This site is optimized with the Yoast SEO plugin v27.2 - https:\/\/yoast.com\/product\/yoast-seo-wordpress\/ -->\n<title>FIX4BIKE\u00ae \u62d6\u8f66\u94a9 | ACPS Automotive<\/title>\n<meta name=\"description\" content=\"\u6a2a\u5411\u53ef\u62c6\u5378\u7684ORIS\u81ea\u884c\u8f66\u67b6\u88c5\u7f6e \u2713\u4e13\u95e8\u4e3a\u81ea\u884c\u8f66\u67b6\u64cd\u4f5c\u800c\u5f00\u53d1 \u2713\u64cd\u4f5c\u7b80\u5355 \u2713\u9632\u76d7 \u25ba\u5b8c\u7f8e\u7684\u89e3\u51b3\u65b9\u6848!\" \/>\n<meta name=\"robots\" content=\"index, follow, max-snippet:-1, max-image-preview:large, max-video-preview:-1\" \/>\n<link rel=\"canonical\" href=\"https:\/\/www.acps-automotive.com\/zh-cn\/%e4%ba%a7%e5%93%81\/%e9%80%82%e4%ba%8e%e6%ac%a7%e6%b4%b2%e5%b8%82%e5%9c%ba%e7%9a%84%e6%8b%96%e9%92%a9\/%e5%85%b6%e4%bb%96%e8%a3%85%e7%bd%ae\/\" \/>\n<meta property=\"og:locale\" content=\"en_US\" \/>\n<meta property=\"og:type\" content=\"article\" \/>\n<meta property=\"og:title\" content=\"FIX4BIKE\u00ae \u62d6\u8f66\u94a9 | ACPS Automotive\" \/>\n<meta property=\"og:description\" content=\"\u6a2a\u5411\u53ef\u62c6\u5378\u7684ORIS\u81ea\u884c\u8f66\u67b6\u88c5\u7f6e \u2713\u4e13\u95e8\u4e3a\u81ea\u884c\u8f66\u67b6\u64cd\u4f5c\u800c\u5f00\u53d1 \u2713\u64cd\u4f5c\u7b80\u5355 \u2713\u9632\u76d7 \u25ba\u5b8c\u7f8e\u7684\u89e3\u51b3\u65b9\u6848!\" \/>\n<meta property=\"og:url\" content=\"https:\/\/www.acps-automotive.com\/zh-cn\/%e4%ba%a7%e5%93%81\/%e9%80%82%e4%ba%8e%e6%ac%a7%e6%b4%b2%e5%b8%82%e5%9c%ba%e7%9a%84%e6%8b%96%e9%92%a9\/%e5%85%b6%e4%bb%96%e8%a3%85%e7%bd%ae\/\" \/>\n<meta property=\"og:site_name\" content=\"ACPS Automotive GmbH\" \/>\n<meta property=\"article:modified_time\" content=\"2023-09-18T12:07:04+00:00\" \/>\n<meta property=\"og:image\" content=\"https:\/\/www.acps-automotive.com\/wp-content\/uploads\/_media\/produkte\/europa\/weitere-av\/weitere-av.jpg\" \/>\n<meta name=\"twitter:card\" content=\"summary_large_image\" \/>\n<meta name=\"twitter:site\" content=\"@ACPS_Automotive\" \/>\n<meta name=\"twitter:label1\" content=\"Est. reading time\" \/>\n\t<meta name=\"twitter:data1\" content=\"2 minutes\" \/>\n<script type=\"application\/ld+json\" class=\"yoast-schema-graph\">{\"@context\":\"https:\/\/schema.org\",\"@graph\":[{\"@type\":\"WebPage\",\"@id\":\"https:\/\/www.acps-automotive.com\/zh-cn\/%e4%ba%a7%e5%93%81\/%e9%80%82%e4%ba%8e%e6%ac%a7%e6%b4%b2%e5%b8%82%e5%9c%ba%e7%9a%84%e6%8b%96%e9%92%a9\/%e5%85%b6%e4%bb%96%e8%a3%85%e7%bd%ae\/\",\"url\":\"https:\/\/www.acps-automotive.com\/zh-cn\/%e4%ba%a7%e5%93%81\/%e9%80%82%e4%ba%8e%e6%ac%a7%e6%b4%b2%e5%b8%82%e5%9c%ba%e7%9a%84%e6%8b%96%e9%92%a9\/%e5%85%b6%e4%bb%96%e8%a3%85%e7%bd%ae\/\",\"name\":\"FIX4BIKE\u00ae \u62d6\u8f66\u94a9 | ACPS Automotive\",\"isPartOf\":{\"@id\":\"https:\/\/www.acps-automotive.com\/zh-cn\/#website\"},\"primaryImageOfPage\":{\"@id\":\"https:\/\/www.acps-automotive.com\/zh-cn\/%e4%ba%a7%e5%93%81\/%e9%80%82%e4%ba%8e%e6%ac%a7%e6%b4%b2%e5%b8%82%e5%9c%ba%e7%9a%84%e6%8b%96%e9%92%a9\/%e5%85%b6%e4%bb%96%e8%a3%85%e7%bd%ae\/#primaryimage\"},\"image\":{\"@id\":\"https:\/\/www.acps-automotive.com\/zh-cn\/%e4%ba%a7%e5%93%81\/%e9%80%82%e4%ba%8e%e6%ac%a7%e6%b4%b2%e5%b8%82%e5%9c%ba%e7%9a%84%e6%8b%96%e9%92%a9\/%e5%85%b6%e4%bb%96%e8%a3%85%e7%bd%ae\/#primaryimage\"},\"thumbnailUrl\":\"https:\/\/www.acps-automotive.com\/wp-content\/uploads\/_media\/produkte\/europa\/weitere-av\/weitere-av.jpg\",\"datePublished\":\"2019-11-12T13:52:07+00:00\",\"dateModified\":\"2023-09-18T12:07:04+00:00\",\"description\":\"\u6a2a\u5411\u53ef\u62c6\u5378\u7684ORIS\u81ea\u884c\u8f66\u67b6\u88c5\u7f6e \u2713\u4e13\u95e8\u4e3a\u81ea\u884c\u8f66\u67b6\u64cd\u4f5c\u800c\u5f00\u53d1 \u2713\u64cd\u4f5c\u7b80\u5355 \u2713\u9632\u76d7 \u25ba\u5b8c\u7f8e\u7684\u89e3\u51b3\u65b9\u6848!\",\"breadcrumb\":{\"@id\":\"https:\/\/www.acps-automotive.com\/zh-cn\/%e4%ba%a7%e5%93%81\/%e9%80%82%e4%ba%8e%e6%ac%a7%e6%b4%b2%e5%b8%82%e5%9c%ba%e7%9a%84%e6%8b%96%e9%92%a9\/%e5%85%b6%e4%bb%96%e8%a3%85%e7%bd%ae\/#breadcrumb\"},\"inLanguage\":\"zh-HANS\",\"potentialAction\":[{\"@type\":\"ReadAction\",\"target\":[\"https:\/\/www.acps-automotive.com\/zh-cn\/%e4%ba%a7%e5%93%81\/%e9%80%82%e4%ba%8e%e6%ac%a7%e6%b4%b2%e5%b8%82%e5%9c%ba%e7%9a%84%e6%8b%96%e9%92%a9\/%e5%85%b6%e4%bb%96%e8%a3%85%e7%bd%ae\/\"]}]},{\"@type\":\"ImageObject\",\"inLanguage\":\"zh-HANS\",\"@id\":\"https:\/\/www.acps-automotive.com\/zh-cn\/%e4%ba%a7%e5%93%81\/%e9%80%82%e4%ba%8e%e6%ac%a7%e6%b4%b2%e5%b8%82%e5%9c%ba%e7%9a%84%e6%8b%96%e9%92%a9\/%e5%85%b6%e4%bb%96%e8%a3%85%e7%bd%ae\/#primaryimage\",\"url\":\"https:\/\/www.acps-automotive.com\/wp-content\/uploads\/_media\/produkte\/europa\/weitere-av\/weitere-av.jpg\",\"contentUrl\":\"https:\/\/www.acps-automotive.com\/wp-content\/uploads\/_media\/produkte\/europa\/weitere-av\/weitere-av.jpg\"},{\"@type\":\"BreadcrumbList\",\"@id\":\"https:\/\/www.acps-automotive.com\/zh-cn\/%e4%ba%a7%e5%93%81\/%e9%80%82%e4%ba%8e%e6%ac%a7%e6%b4%b2%e5%b8%82%e5%9c%ba%e7%9a%84%e6%8b%96%e9%92%a9\/%e5%85%b6%e4%bb%96%e8%a3%85%e7%bd%ae\/#breadcrumb\",\"itemListElement\":[{\"@type\":\"ListItem\",\"position\":1,\"name\":\"Startseite\",\"item\":\"https:\/\/www.acps-automotive.com\/zh-cn\/\"},{\"@type\":\"ListItem\",\"position\":2,\"name\":\"\u4ea7\u54c1\",\"item\":\"https:\/\/www.acps-automotive.com\/zh-cn\/%e4%ba%a7%e5%93%81\/\"},{\"@type\":\"ListItem\",\"position\":3,\"name\":\"\u9002\u4e8e\u6b27\u6d32\u5e02\u573a\u7684\u62d6\u94a9\",\"item\":\"https:\/\/www.acps-automotive.com\/zh-cn\/%e4%ba%a7%e5%93%81\/%e9%80%82%e4%ba%8e%e6%ac%a7%e6%b4%b2%e5%b8%82%e5%9c%ba%e7%9a%84%e6%8b%96%e9%92%a9\/\"},{\"@type\":\"ListItem\",\"position\":4,\"name\":\"\u5176\u4ed6\u88c5\u7f6e\"}]},{\"@type\":\"WebSite\",\"@id\":\"https:\/\/www.acps-automotive.com\/zh-cn\/#website\",\"url\":\"https:\/\/www.acps-automotive.com\/zh-cn\/\",\"name\":\"ACPS Automotive GmbH\",\"description\":\"Innovative Anh\u00e4ngekupplungen\",\"publisher\":{\"@id\":\"https:\/\/www.acps-automotive.com\/zh-cn\/#organization\"},\"potentialAction\":[{\"@type\":\"SearchAction\",\"target\":{\"@type\":\"EntryPoint\",\"urlTemplate\":\"https:\/\/www.acps-automotive.com\/zh-cn\/?s={search_term_string}\"},\"query-input\":{\"@type\":\"PropertyValueSpecification\",\"valueRequired\":true,\"valueName\":\"search_term_string\"}}],\"inLanguage\":\"zh-HANS\"},{\"@type\":\"Organization\",\"@id\":\"https:\/\/www.acps-automotive.com\/zh-cn\/#organization\",\"name\":\"ACPS Automotive GmbH\",\"url\":\"https:\/\/www.acps-automotive.com\/zh-cn\/\",\"logo\":{\"@type\":\"ImageObject\",\"inLanguage\":\"zh-HANS\",\"@id\":\"https:\/\/www.acps-automotive.com\/zh-cn\/#\/schema\/logo\/image\/\",\"url\":\"https:\/\/www.acps-automotive.com\/wp-content\/uploads\/_media\/_allgemein\/Logo-Footer-ACPS-Automotive.png\",\"contentUrl\":\"https:\/\/www.acps-automotive.com\/wp-content\/uploads\/_media\/_allgemein\/Logo-Footer-ACPS-Automotive.png\",\"width\":239,\"height\":32,\"caption\":\"ACPS Automotive GmbH\"},\"image\":{\"@id\":\"https:\/\/www.acps-automotive.com\/zh-cn\/#\/schema\/logo\/image\/\"},\"sameAs\":[\"https:\/\/x.com\/ACPS_Automotive\",\"https:\/\/www.linkedin.com\/company\/acps-automotive-gmbh\/\",\"https:\/\/www.instagram.com\/acps_ausbildung\/\",\"https:\/\/www.youtube.com\/channel\/UC2jxrgWwpxpkay2aHWV5SaQ\"]}]}<\/script>\n<!-- \/ Yoast SEO plugin. -->","yoast_head_json":{"title":"FIX4BIKE\u00ae \u62d6\u8f66\u94a9 | ACPS Automotive","description":"\u6a2a\u5411\u53ef\u62c6\u5378\u7684ORIS\u81ea\u884c\u8f66\u67b6\u88c5\u7f6e \u2713\u4e13\u95e8\u4e3a\u81ea\u884c\u8f66\u67b6\u64cd\u4f5c\u800c\u5f00\u53d1 \u2713\u64cd\u4f5c\u7b80\u5355 \u2713\u9632\u76d7 \u25ba\u5b8c\u7f8e\u7684\u89e3\u51b3\u65b9\u6848!","robots":{"index":"index","follow":"follow","max-snippet":"max-snippet:-1","max-image-preview":"max-image-preview:large","max-video-preview":"max-video-preview:-1"},"canonical":"https:\/\/www.acps-automotive.com\/zh-cn\/%e4%ba%a7%e5%93%81\/%e9%80%82%e4%ba%8e%e6%ac%a7%e6%b4%b2%e5%b8%82%e5%9c%ba%e7%9a%84%e6%8b%96%e9%92%a9\/%e5%85%b6%e4%bb%96%e8%a3%85%e7%bd%ae\/","og_locale":"en_US","og_type":"article","og_title":"FIX4BIKE\u00ae \u62d6\u8f66\u94a9 | ACPS Automotive","og_description":"\u6a2a\u5411\u53ef\u62c6\u5378\u7684ORIS\u81ea\u884c\u8f66\u67b6\u88c5\u7f6e \u2713\u4e13\u95e8\u4e3a\u81ea\u884c\u8f66\u67b6\u64cd\u4f5c\u800c\u5f00\u53d1 \u2713\u64cd\u4f5c\u7b80\u5355 \u2713\u9632\u76d7 \u25ba\u5b8c\u7f8e\u7684\u89e3\u51b3\u65b9\u6848!","og_url":"https:\/\/www.acps-automotive.com\/zh-cn\/%e4%ba%a7%e5%93%81\/%e9%80%82%e4%ba%8e%e6%ac%a7%e6%b4%b2%e5%b8%82%e5%9c%ba%e7%9a%84%e6%8b%96%e9%92%a9\/%e5%85%b6%e4%bb%96%e8%a3%85%e7%bd%ae\/","og_site_name":"ACPS Automotive GmbH","article_modified_time":"2023-09-18T12:07:04+00:00","og_image":[{"url":"https:\/\/www.acps-automotive.com\/wp-content\/uploads\/_media\/produkte\/europa\/weitere-av\/weitere-av.jpg","type":"","width":"","height":""}],"twitter_card":"summary_large_image","twitter_site":"@ACPS_Automotive","twitter_misc":{"Est. reading time":"2 minutes"},"schema":{"@context":"https:\/\/schema.org","@graph":[{"@type":"WebPage","@id":"https:\/\/www.acps-automotive.com\/zh-cn\/%e4%ba%a7%e5%93%81\/%e9%80%82%e4%ba%8e%e6%ac%a7%e6%b4%b2%e5%b8%82%e5%9c%ba%e7%9a%84%e6%8b%96%e9%92%a9\/%e5%85%b6%e4%bb%96%e8%a3%85%e7%bd%ae\/","url":"https:\/\/www.acps-automotive.com\/zh-cn\/%e4%ba%a7%e5%93%81\/%e9%80%82%e4%ba%8e%e6%ac%a7%e6%b4%b2%e5%b8%82%e5%9c%ba%e7%9a%84%e6%8b%96%e9%92%a9\/%e5%85%b6%e4%bb%96%e8%a3%85%e7%bd%ae\/","name":"FIX4BIKE\u00ae \u62d6\u8f66\u94a9 | ACPS Automotive","isPartOf":{"@id":"https:\/\/www.acps-automotive.com\/zh-cn\/#website"},"primaryImageOfPage":{"@id":"https:\/\/www.acps-automotive.com\/zh-cn\/%e4%ba%a7%e5%93%81\/%e9%80%82%e4%ba%8e%e6%ac%a7%e6%b4%b2%e5%b8%82%e5%9c%ba%e7%9a%84%e6%8b%96%e9%92%a9\/%e5%85%b6%e4%bb%96%e8%a3%85%e7%bd%ae\/#primaryimage"},"image":{"@id":"https:\/\/www.acps-automotive.com\/zh-cn\/%e4%ba%a7%e5%93%81\/%e9%80%82%e4%ba%8e%e6%ac%a7%e6%b4%b2%e5%b8%82%e5%9c%ba%e7%9a%84%e6%8b%96%e9%92%a9\/%e5%85%b6%e4%bb%96%e8%a3%85%e7%bd%ae\/#primaryimage"},"thumbnailUrl":"https:\/\/www.acps-automotive.com\/wp-content\/uploads\/_media\/produkte\/europa\/weitere-av\/weitere-av.jpg","datePublished":"2019-11-12T13:52:07+00:00","dateModified":"2023-09-18T12:07:04+00:00","description":"\u6a2a\u5411\u53ef\u62c6\u5378\u7684ORIS\u81ea\u884c\u8f66\u67b6\u88c5\u7f6e \u2713\u4e13\u95e8\u4e3a\u81ea\u884c\u8f66\u67b6\u64cd\u4f5c\u800c\u5f00\u53d1 \u2713\u64cd\u4f5c\u7b80\u5355 \u2713\u9632\u76d7 \u25ba\u5b8c\u7f8e\u7684\u89e3\u51b3\u65b9\u6848!","breadcrumb":{"@id":"https:\/\/www.acps-automotive.com\/zh-cn\/%e4%ba%a7%e5%93%81\/%e9%80%82%e4%ba%8e%e6%ac%a7%e6%b4%b2%e5%b8%82%e5%9c%ba%e7%9a%84%e6%8b%96%e9%92%a9\/%e5%85%b6%e4%bb%96%e8%a3%85%e7%bd%ae\/#breadcrumb"},"inLanguage":"zh-HANS","potentialAction":[{"@type":"ReadAction","target":["https:\/\/www.acps-automotive.com\/zh-cn\/%e4%ba%a7%e5%93%81\/%e9%80%82%e4%ba%8e%e6%ac%a7%e6%b4%b2%e5%b8%82%e5%9c%ba%e7%9a%84%e6%8b%96%e9%92%a9\/%e5%85%b6%e4%bb%96%e8%a3%85%e7%bd%ae\/"]}]},{"@type":"ImageObject","inLanguage":"zh-HANS","@id":"https:\/\/www.acps-automotive.com\/zh-cn\/%e4%ba%a7%e5%93%81\/%e9%80%82%e4%ba%8e%e6%ac%a7%e6%b4%b2%e5%b8%82%e5%9c%ba%e7%9a%84%e6%8b%96%e9%92%a9\/%e5%85%b6%e4%bb%96%e8%a3%85%e7%bd%ae\/#primaryimage","url":"https:\/\/www.acps-automotive.com\/wp-content\/uploads\/_media\/produkte\/europa\/weitere-av\/weitere-av.jpg","contentUrl":"https:\/\/www.acps-automotive.com\/wp-content\/uploads\/_media\/produkte\/europa\/weitere-av\/weitere-av.jpg"},{"@type":"BreadcrumbList","@id":"https:\/\/www.acps-automotive.com\/zh-cn\/%e4%ba%a7%e5%93%81\/%e9%80%82%e4%ba%8e%e6%ac%a7%e6%b4%b2%e5%b8%82%e5%9c%ba%e7%9a%84%e6%8b%96%e9%92%a9\/%e5%85%b6%e4%bb%96%e8%a3%85%e7%bd%ae\/#breadcrumb","itemListElement":[{"@type":"ListItem","position":1,"name":"Startseite","item":"https:\/\/www.acps-automotive.com\/zh-cn\/"},{"@type":"ListItem","position":2,"name":"\u4ea7\u54c1","item":"https:\/\/www.acps-automotive.com\/zh-cn\/%e4%ba%a7%e5%93%81\/"},{"@type":"ListItem","position":3,"name":"\u9002\u4e8e\u6b27\u6d32\u5e02\u573a\u7684\u62d6\u94a9","item":"https:\/\/www.acps-automotive.com\/zh-cn\/%e4%ba%a7%e5%93%81\/%e9%80%82%e4%ba%8e%e6%ac%a7%e6%b4%b2%e5%b8%82%e5%9c%ba%e7%9a%84%e6%8b%96%e9%92%a9\/"},{"@type":"ListItem","position":4,"name":"\u5176\u4ed6\u88c5\u7f6e"}]},{"@type":"WebSite","@id":"https:\/\/www.acps-automotive.com\/zh-cn\/#website","url":"https:\/\/www.acps-automotive.com\/zh-cn\/","name":"ACPS Automotive GmbH","description":"Innovative Anh\u00e4ngekupplungen","publisher":{"@id":"https:\/\/www.acps-automotive.com\/zh-cn\/#organization"},"potentialAction":[{"@type":"SearchAction","target":{"@type":"EntryPoint","urlTemplate":"https:\/\/www.acps-automotive.com\/zh-cn\/?s={search_term_string}"},"query-input":{"@type":"PropertyValueSpecification","valueRequired":true,"valueName":"search_term_string"}}],"inLanguage":"zh-HANS"},{"@type":"Organization","@id":"https:\/\/www.acps-automotive.com\/zh-cn\/#organization","name":"ACPS Automotive GmbH","url":"https:\/\/www.acps-automotive.com\/zh-cn\/","logo":{"@type":"ImageObject","inLanguage":"zh-HANS","@id":"https:\/\/www.acps-automotive.com\/zh-cn\/#\/schema\/logo\/image\/","url":"https:\/\/www.acps-automotive.com\/wp-content\/uploads\/_media\/_allgemein\/Logo-Footer-ACPS-Automotive.png","contentUrl":"https:\/\/www.acps-automotive.com\/wp-content\/uploads\/_media\/_allgemein\/Logo-Footer-ACPS-Automotive.png","width":239,"height":32,"caption":"ACPS Automotive GmbH"},"image":{"@id":"https:\/\/www.acps-automotive.com\/zh-cn\/#\/schema\/logo\/image\/"},"sameAs":["https:\/\/x.com\/ACPS_Automotive","https:\/\/www.linkedin.com\/company\/acps-automotive-gmbh\/","https:\/\/www.instagram.com\/acps_ausbildung\/","https:\/\/www.youtube.com\/channel\/UC2jxrgWwpxpkay2aHWV5SaQ"]}]}},"_links":{"self":[{"href":"https:\/\/www.acps-automotive.com\/zh-cn\/wp-json\/wp\/v2\/pages\/22252","targetHints":{"allow":["GET"]}}],"collection":[{"href":"https:\/\/www.acps-automotive.com\/zh-cn\/wp-json\/wp\/v2\/pages"}],"about":[{"href":"https:\/\/www.acps-automotive.com\/zh-cn\/wp-json\/wp\/v2\/types\/page"}],"author":[{"embeddable":true,"href":"https:\/\/www.acps-automotive.com\/zh-cn\/wp-json\/wp\/v2\/users\/1"}],"replies":[{"embeddable":true,"href":"https:\/\/www.acps-automotive.com\/zh-cn\/wp-json\/wp\/v2\/comments?post=22252"}],"version-history":[{"count":0,"href":"https:\/\/www.acps-automotive.com\/zh-cn\/wp-json\/wp\/v2\/pages\/22252\/revisions"}],"up":[{"embeddable":true,"href":"https:\/\/www.acps-automotive.com\/zh-cn\/wp-json\/wp\/v2\/pages\/22289"}],"wp:attachment":[{"href":"https:\/\/www.acps-automotive.com\/zh-cn\/wp-json\/wp\/v2\/media?parent=22252"}],"curies":[{"name":"wp","href":"https:\/\/api.w.org\/{rel}","templated":true}]}}