{"id":29717,"date":"2026-04-23T17:04:05","date_gmt":"2026-04-23T15:04:05","guid":{"rendered":"https:\/\/www.acps-automotive.com\/?page_id=29717"},"modified":"2026-04-23T17:38:58","modified_gmt":"2026-04-23T15:38:58","slug":"az-acps-automotive-a-meili-vallalatcsoport-onallo-reszeve-valik","status":"publish","type":"page","link":"https:\/\/www.acps-automotive.com\/hu\/vallalatok\/sajto\/az-acps-automotive-a-meili-vallalatcsoport-onallo-reszeve-valik\/","title":{"rendered":"Az ACPS Automotive a Meili v\u00e1llalatcsoport \u00f6n\u00e1ll\u00f3 r\u00e9sz\u00e9v\u00e9 v\u00e1lik"},"content":{"rendered":"<div class=\"vgblk-rw-wrapper limit-wrapper\">\n\n\t<h3><strong>Ingersheim, N\u00e9metorsz\u00e1g, 2026.04.22 |<\/strong> A nemzetk\u00f6zi n\u00f6veked\u00e9s\u00a0motorja: az ACPS Automotive a\u00a0Meili\u00a0Csoport\u00a0f\u00fcggetlen\u00a0r\u00e9sz\u00e9v\u00e9 v\u00e1lik\u00a0<\/h3>\n<p><strong>Az ACPS Automotive kijel\u00f6li a j\u00f6v\u0151 ir\u00e1ny\u00e1t: a szem\u00e9lyg\u00e9pkocsikhoz, SUV-okhoz \u00e9s k\u00f6nny\u0171 haszong\u00e9pj\u00e1rm\u0171vekhez gy\u00e1rtott von\u00f3horgok eur\u00f3pai piacvezet\u0151je a\u00a0Meili\u00a0Csoport\u00a0f\u00fcggetlen\u00a0r\u00e9sz\u00e9v\u00e9 v\u00e1lik,\u00a0mellyel egy olyan strat\u00e9giai partnerrel lesz gazdagabb, amely az aut\u00f3iparban jelent\u0151s m\u00e9rn\u00f6ki \u00e9s gy\u00e1rt\u00e1si szak\u00e9rtelemmel rendelkezik.<\/strong><\/p>\n<p>A\u00a0Zhejiang\u00a0Meili\u00a0Technology\u00a0Co., Ltd. megv\u00e1s\u00e1rolta az ACPS Automotive-ot kor\u00e1bbi tulajdonos\u00e1t\u00f3l, a\u00a0Towerbrook\u00a0befektet\u0151t\u0151l, amely 2018-ban a\u00a0Bosal\u00a0Csoportt\u00f3l szerezte meg a v\u00e1llalatot, \u00e9s az\u00f3ta sikeresen tov\u00e1bbfejlesztette.\u00a0<\/p>\n<p>A\u00a0Meili\u00a0egy k\u00ednai sz\u00e9khely\u0171, t\u0151zsd\u00e9n jegyzett v\u00e1llalat, amely t\u00f6bb mint 30 \u00e9ves tapasztalattal rendelkezik a fut\u00f3m\u0171 alkatr\u00e9szek fejleszt\u00e9se \u00e9s gy\u00e1rt\u00e1sa ter\u00e9n. A c\u00e9g m\u00e1ra m\u00e1r sikeres egy\u00fcttm\u0171k\u00f6d\u00e9st alak\u00edtott ki a vil\u00e1g t\u00f6bb vezet\u0151 aut\u00f3gy\u00e1rt\u00f3ival \u00e9s besz\u00e1ll\u00edt\u00f3ival.\u00a0<\/p>\n<p>A v\u00e1llalat kiemelked\u0151 fejleszt\u00e9si \u00e9s innov\u00e1ci\u00f3s k\u00e9pess\u00e9geir\u0151l ismert, amelyet saj\u00e1t gy\u00e1rt\u00e1si kapacit\u00e1sok \u00e9s er\u0151s szabadalmi portf\u00f3li\u00f3 eg\u00e9sz\u00edt ki. \u00cdgy\u00a0a\u00a0Meili\u00a0tev\u00e9kenys\u00e9ge ide\u00e1lis kieg\u00e9sz\u00edt\u0151je az ACPS Automotive innov\u00e1ci\u00f3k\u00f6zpont\u00fa strat\u00e9gi\u00e1j\u00e1nak.\u00a0<\/p>\n<p>Az ACPS Automotive tov\u00e1bbra is \u00f6n\u00e1ll\u00f3an m\u0171k\u00f6dik a piacon, \u00e9s v\u00e1ltozatlanul fenntartja megl\u00e9v\u0151 \u00fczleti kapcsolatait. Ugyanakkor a csoportba val\u00f3 integr\u00e1ci\u00f3 lehet\u0151v\u00e9 teszi az er\u0151forr\u00e1sok megoszt\u00e1s\u00e1t \u00e9s a kieg\u00e9sz\u00edt\u0151 er\u0151ss\u00e9gek c\u00e9lzott kiakn\u00e1z\u00e1s\u00e1t.\u00a0<\/p>\n<p>Michael Weiss, az ACPS Automotive vez\u00e9rigazgat\u00f3ja: \u201e\u00d6r\u00f6mmel tal\u00e1ltunk hossz\u00fa t\u00e1v\u00fa befektet\u0151re a\u00a0Zhejiang\u00a0Meili\u00a0Technology\u00a0Co., Ltd. szem\u00e9ly\u00e9ben, amely teljes m\u00e9rt\u00e9kben osztja elk\u00f6telezetts\u00e9g\u00fcnket a min\u0151s\u00e9g, az innov\u00e1ci\u00f3 \u00e9s a fenntarthat\u00f3 fejl\u0151d\u00e9s ir\u00e1nt,\u00a0strat\u00e9giai\u00a0valamint operat\u00edv\u00a0szempontb\u00f3l\u00a0is t\u00e1mogatja nemzetk\u00f6zi terjeszked\u00e9s\u00fcnket.&#8221;\u00a0<\/p>\n<p>N\u00e9metorsz\u00e1g \u00e9s Magyarorsz\u00e1g tov\u00e1bbra is kulcsfontoss\u00e1g\u00fa k\u00f6zpontok maradnak a kutat\u00e1s-fejleszt\u00e9s, valamint az \u00e9rt\u00e9kes\u00edt\u00e9s ter\u00e9n. \u201eA\u00a0Meili\u00a0\u00e1ltali felv\u00e1s\u00e1rl\u00e1ssal olyan partnerre tesz\u00fcnk szert, amely c\u00e9lzottan t\u00e1mogatja nemzetk\u00f6zi n\u00f6veked\u00e9s\u00fcnket&#8221; &#8211; hangs\u00falyozza Michael Weiss. \u201eEr\u0151s piaci poz\u00edci\u00f3ra \u00e9p\u00edt\u00fcnk, \u00e9s most megtehetj\u00fck a k\u00f6vetkez\u0151 logikus l\u00e9p\u00e9st glob\u00e1lis tev\u00e9kenys\u00e9g\u00fcnk tov\u00e1bbi b\u0151v\u00edt\u00e9se \u00e9rdek\u00e9ben.&#8221;\u00a0<\/p>\n<p>A k\u00ednai piachoz val\u00f3 hozz\u00e1f\u00e9r\u00e9s\u00fcnk tov\u00e1bb er\u0151s\u00f6dik &#8211; egy olyan piachoz, amelyet az ACPS Automotive m\u00e1r akt\u00edvan fejleszt saj\u00e1t K+F k\u00f6zpontja \u00e9s gy\u00e1rt\u00f3\u00fczeme r\u00e9v\u00e9n. A Meili tov\u00e1bbi ipari szak\u00e9rtelmet, helyi piac ismeret\u00e9t valamint n\u00f6veked\u00e9si potenci\u00e1lt hoz ebbe az \u00fczlet\u00e1gba.\u00a0<\/p>\n<p>Mik\u00f6zben az ACPS Automotive tov\u00e1bb b\u0151v\u00edti poz\u00edci\u00f3j\u00e1t K\u00edn\u00e1ban, a\u00a0Meili\u00a0profit\u00e1l az ACPS Automotive eur\u00f3pai \u00e9s \u00e9szak-amerikai piacokon ki\u00e9p\u00edtett jelenl\u00e9t\u00e9b\u0151l, \u00fcgyf\u00e9lportf\u00f3li\u00f3j\u00e1b\u00f3l \u00e9s OEM-orient\u00e1lt fejleszt\u00e9si szak\u00e9rtelm\u00e9b\u0151l.\u00a0<\/p>\n\t<p><a href=\"https:\/\/www.acps-automotive.com\/wp-content\/uploads\/2026\/04\/2026-04-Presse-release-ACPS-Automotive-becomes-an-indpendent-part-of-the-Meili-Group-HU.pdf\" target=\"_blank\" rel=\"noopener\">Download [PDF]<\/a>\u00a0<a href=\"https:\/\/www.acps-automotive.com\/wp-content\/uploads\/2026\/04\/OE-Press-kit-ACPS-Automotive_Takeover-by-Meili-HU.zip\" target=\"_blank\" rel=\"noopener\">Download [Zip]<\/a><\/p>\n\t<p><img loading=\"lazy\" decoding=\"async\" src=\"https:\/\/www.acps-automotive.com\/wp-content\/uploads\/2026\/04\/ACPS-MEILI-Composing-1-scaled.jpg\" width=\"300\" height=\"212\" \/><\/p>\n\t<p><strong>A v\u00e1llalat<\/strong><\/p>\n<p>Az ACPS Automotive piacvezet\u0151 a szem\u00e9lyg\u00e9pkocsikhoz, SUV-okhoz \u00e9s kisteheraut\u00f3khoz gy\u00e1rtott von\u00f3horgok ter\u00e9n. T\u00f6bb mint 140 vil\u00e1gszint\u0171 szabadalma bizony\u00edtja technol\u00f3giai \u00e9s innov\u00e1ci\u00f3s vezet\u0151 szerep\u00e9t, mik\u00f6zben a v\u00e1llalat jelent\u0151s m\u00e9rt\u00e9kben hozz\u00e1j\u00e1rul a von\u00f3horog-technol\u00f3gia fejl\u0151d\u00e9s\u00e9hez. Sz\u00e1ll\u00edt\u00e1si megold\u00e1sok fejleszt\u0151jek\u00e9nt \u00e9s gy\u00e1rt\u00f3jak\u00e9nt az ACPS Automotive az\u00a0ingersheimi\u00a0(N\u00e9metorsz\u00e1g) k\u00f6zpontj\u00e1b\u00f3l \u00e9s vil\u00e1gszerte tizenegy telephely\u00e9r\u0151l \u00e1ll\u00edt fel m\u00e9rc\u00e9t &#8211; \u00fcgyfelei, azaz a nemzetk\u00f6zi aut\u00f3ipar OEM szegmense, valamint az ut\u00e1ngy\u00e1rtott \u00e9s\u00a0retrofit\u00a0piac szerepl\u0151i sz\u00e1m\u00e1ra. A von\u00f3horgok biztons\u00e1gos \u00e9s k\u00e9nyelmes kapcsolatot biztos\u00edtanak j\u00e1rm\u0171vek \u00e9s lak\u00f3kocsik, ker\u00e9kp\u00e1rtart\u00f3k, valamint haj\u00f3- \u00e9s l\u00f3sz\u00e1ll\u00edt\u00f3 ut\u00e1nfut\u00f3k k\u00f6z\u00f6tt, mag\u00e1n- \u00e9s \u00fczleti felhaszn\u00e1l\u00e1s eset\u00e9n egyar\u00e1nt. Az ACPS Automotive mintegy 2 200 munkav\u00e1llal\u00f3t foglalkoztat. A v\u00e1llalatot 1955-ben alap\u00edtott\u00e1k Stuttgart k\u00f6zel\u00e9ben, \u00e9s ORIS m\u00e1rkan\u00e9ven ismert. 2024-ben mintegy 440 milli\u00f3 eur\u00f3 \u00e1rbev\u00e9telt \u00e9rt el.\u00a0<\/p>\n\t<h2><strong>Sajt\u00f3kapcsolat<\/strong><\/h2>\n<strong>ACPS Automotive GmbH<\/strong><br \/>\nSilviya Tzoneva | Marketing Manager<br \/>\nBertha-Benz-Str. 2, 74379 Ingersheim, N\u00e9metorsz\u00e1g\n<p>E-Mail: <a href=\"&#x73;i&#x6c;&#118;i&#x79;&#97;&#x2e;&#x74;z&#x6f;&#110;e&#x76;&#97;&#x40;&#97;c&#x70;&#115;-&#x61;&#117;&#x74;&#111;m&#x6f;&#116;&#x69;&#x76;e&#x2e;&#99;o&#x6d;\">&#115;&#x69;&#x6c;v&#105;&#x79;a&#46;&#x74;&#x7a;&#111;&#x6e;&#x65;v&#97;&#x40;a&#99;&#x70;&#x73;&#45;&#x61;&#x75;t&#111;&#x6d;o&#116;&#x69;&#x76;&#101;&#x2e;&#x63;o&#109;<\/a><\/p>\n\t<p>\u2190 <a href=\"https:\/\/www.acps-automotive.com\/hu\/vallalatok\/sajto\/\">vissza az \u00e1ttekint\u00e9shez<\/a><\/p>\n\n<\/div><!-- .vgblk-rw-wrapper -->","protected":false},"excerpt":{"rendered":"<p>Ingersheim, N\u00e9metorsz\u00e1g, 2026.04.22 | A nemzetk\u00f6zi n\u00f6veked\u00e9s\u00a0motorja: az ACPS Automotive a\u00a0Meili\u00a0Csoport\u00a0f\u00fcggetlen\u00a0r\u00e9sz\u00e9v\u00e9 v\u00e1lik\u00a0 Az ACPS Automotive kijel\u00f6li a j\u00f6v\u0151 ir\u00e1ny\u00e1t: a szem\u00e9lyg\u00e9pkocsikhoz, SUV-okhoz \u00e9s k\u00f6nny\u0171 haszong\u00e9pj\u00e1rm\u0171vekhez gy\u00e1rtott von\u00f3horgok eur\u00f3pai piacvezet\u0151je a\u00a0Meili\u00a0Csoport\u00a0f\u00fcggetlen\u00a0r\u00e9sz\u00e9v\u00e9 v\u00e1lik,\u00a0mellyel egy olyan strat\u00e9giai partnerrel lesz gazdagabb, amely az aut\u00f3iparban jelent\u0151s m\u00e9rn\u00f6ki \u00e9s gy\u00e1rt\u00e1si szak\u00e9rtelemmel rendelkezik. A\u00a0Zhejiang\u00a0Meili\u00a0Technology\u00a0Co., Ltd. megv\u00e1s\u00e1rolta az ACPS Automotive-ot kor\u00e1bbi tulajdonos\u00e1t\u00f3l, a\u00a0Towerbrook\u00a0befektet\u0151t\u0151l,&#8230;<\/p>\n","protected":false},"author":9,"featured_media":0,"parent":27201,"menu_order":1,"comment_status":"closed","ping_status":"closed","template":"","meta":{"inline_featured_image":false,"_price":"","_stock":"","_tribe_ticket_header":"","_tribe_default_ticket_provider":"","_tribe_ticket_capacity":"0","_ticket_start_date":"","_ticket_end_date":"","_tribe_ticket_show_description":"","_tribe_ticket_show_not_going":false,"_tribe_ticket_use_global_stock":"","_tribe_ticket_global_stock_level":"","_global_stock_mode":"","_global_stock_cap":"","_tribe_rsvp_for_event":"","_tribe_ticket_going_count":"","_tribe_ticket_not_going_count":"","_tribe_tickets_list":"[]","_tribe_ticket_has_attendee_info_fields":false,"footnotes":""},"class_list":["post-29717","page","type-page","status-publish","hentry"],"yoast_head":"<!-- This site is optimized with the Yoast SEO plugin v27.4 - https:\/\/yoast.com\/product\/yoast-seo-wordpress\/ -->\n<title>Sajt\u00f3 | ACPS Automotive<\/title>\n<meta name=\"description\" content=\"Itt tal\u00e1lja az ACPS Automotive legfrissebb sajt\u00f3k\u00f6zlem\u00e9nyeit. \u25baRengeteg hasznos inform\u00e1ci\u00f3 az \u00d6n sz\u00e1m\u00e1ra.\" \/>\n<meta name=\"robots\" content=\"index, follow, max-snippet:-1, max-image-preview:large, max-video-preview:-1\" \/>\n<link rel=\"canonical\" href=\"https:\/\/www.acps-automotive.com\/hu\/vallalatok\/sajto\/az-acps-automotive-a-meili-vallalatcsoport-onallo-reszeve-valik\/\" \/>\n<meta property=\"og:locale\" content=\"hu_HU\" \/>\n<meta property=\"og:type\" content=\"article\" \/>\n<meta property=\"og:title\" content=\"Sajt\u00f3 | ACPS Automotive\" \/>\n<meta property=\"og:description\" content=\"Itt tal\u00e1lja az ACPS Automotive legfrissebb sajt\u00f3k\u00f6zlem\u00e9nyeit. \u25baRengeteg hasznos inform\u00e1ci\u00f3 az \u00d6n sz\u00e1m\u00e1ra.\" \/>\n<meta property=\"og:url\" content=\"https:\/\/www.acps-automotive.com\/hu\/vallalatok\/sajto\/az-acps-automotive-a-meili-vallalatcsoport-onallo-reszeve-valik\/\" \/>\n<meta property=\"og:site_name\" content=\"ACPS Automotive GmbH\" \/>\n<meta property=\"article:modified_time\" content=\"2026-04-23T15:38:58+00:00\" \/>\n<meta property=\"og:image\" content=\"https:\/\/www.acps-automotive.com\/wp-content\/uploads\/2026\/04\/ACPS-MEILI-Composing-1-scaled.jpg\" \/>\n<meta name=\"twitter:card\" content=\"summary_large_image\" \/>\n<meta name=\"twitter:site\" content=\"@ACPS_Automotive\" \/>\n<meta name=\"twitter:label1\" content=\"Becs\u00fclt olvas\u00e1si id\u0151\" \/>\n\t<meta name=\"twitter:data1\" content=\"3 perc\" \/>\n<script type=\"application\/ld+json\" class=\"yoast-schema-graph\">{\"@context\":\"https:\\\/\\\/schema.org\",\"@graph\":[{\"@type\":\"WebPage\",\"@id\":\"https:\\\/\\\/www.acps-automotive.com\\\/hu\\\/vallalatok\\\/sajto\\\/az-acps-automotive-a-meili-vallalatcsoport-onallo-reszeve-valik\\\/\",\"url\":\"https:\\\/\\\/www.acps-automotive.com\\\/hu\\\/vallalatok\\\/sajto\\\/az-acps-automotive-a-meili-vallalatcsoport-onallo-reszeve-valik\\\/\",\"name\":\"Sajt\u00f3 | ACPS Automotive\",\"isPartOf\":{\"@id\":\"https:\\\/\\\/www.acps-automotive.com\\\/hu\\\/#website\"},\"primaryImageOfPage\":{\"@id\":\"https:\\\/\\\/www.acps-automotive.com\\\/hu\\\/vallalatok\\\/sajto\\\/az-acps-automotive-a-meili-vallalatcsoport-onallo-reszeve-valik\\\/#primaryimage\"},\"image\":{\"@id\":\"https:\\\/\\\/www.acps-automotive.com\\\/hu\\\/vallalatok\\\/sajto\\\/az-acps-automotive-a-meili-vallalatcsoport-onallo-reszeve-valik\\\/#primaryimage\"},\"thumbnailUrl\":\"https:\\\/\\\/www.acps-automotive.com\\\/wp-content\\\/uploads\\\/2026\\\/04\\\/ACPS-MEILI-Composing-1-scaled.jpg\",\"datePublished\":\"2026-04-23T15:04:05+00:00\",\"dateModified\":\"2026-04-23T15:38:58+00:00\",\"description\":\"Itt tal\u00e1lja az ACPS Automotive legfrissebb sajt\u00f3k\u00f6zlem\u00e9nyeit. \u25baRengeteg hasznos inform\u00e1ci\u00f3 az \u00d6n sz\u00e1m\u00e1ra.\",\"breadcrumb\":{\"@id\":\"https:\\\/\\\/www.acps-automotive.com\\\/hu\\\/vallalatok\\\/sajto\\\/az-acps-automotive-a-meili-vallalatcsoport-onallo-reszeve-valik\\\/#breadcrumb\"},\"inLanguage\":\"hu\",\"potentialAction\":[{\"@type\":\"ReadAction\",\"target\":[\"https:\\\/\\\/www.acps-automotive.com\\\/hu\\\/vallalatok\\\/sajto\\\/az-acps-automotive-a-meili-vallalatcsoport-onallo-reszeve-valik\\\/\"]}]},{\"@type\":\"ImageObject\",\"inLanguage\":\"hu\",\"@id\":\"https:\\\/\\\/www.acps-automotive.com\\\/hu\\\/vallalatok\\\/sajto\\\/az-acps-automotive-a-meili-vallalatcsoport-onallo-reszeve-valik\\\/#primaryimage\",\"url\":\"https:\\\/\\\/www.acps-automotive.com\\\/wp-content\\\/uploads\\\/2026\\\/04\\\/ACPS-MEILI-Composing-1-scaled.jpg\",\"contentUrl\":\"https:\\\/\\\/www.acps-automotive.com\\\/wp-content\\\/uploads\\\/2026\\\/04\\\/ACPS-MEILI-Composing-1-scaled.jpg\"},{\"@type\":\"BreadcrumbList\",\"@id\":\"https:\\\/\\\/www.acps-automotive.com\\\/hu\\\/vallalatok\\\/sajto\\\/az-acps-automotive-a-meili-vallalatcsoport-onallo-reszeve-valik\\\/#breadcrumb\",\"itemListElement\":[{\"@type\":\"ListItem\",\"position\":1,\"name\":\"Startseite\",\"item\":\"https:\\\/\\\/www.acps-automotive.com\\\/hu\\\/\"},{\"@type\":\"ListItem\",\"position\":2,\"name\":\"V\u00e1llalatok\",\"item\":\"https:\\\/\\\/www.acps-automotive.com\\\/hu\\\/vallalatok\\\/\"},{\"@type\":\"ListItem\",\"position\":3,\"name\":\"Sajt\u00f3\",\"item\":\"https:\\\/\\\/www.acps-automotive.com\\\/hu\\\/vallalatok\\\/sajto\\\/\"},{\"@type\":\"ListItem\",\"position\":4,\"name\":\"Az ACPS Automotive a Meili v\u00e1llalatcsoport \u00f6n\u00e1ll\u00f3 r\u00e9sz\u00e9v\u00e9 v\u00e1lik\"}]},{\"@type\":\"WebSite\",\"@id\":\"https:\\\/\\\/www.acps-automotive.com\\\/hu\\\/#website\",\"url\":\"https:\\\/\\\/www.acps-automotive.com\\\/hu\\\/\",\"name\":\"ACPS Automotive GmbH\",\"description\":\"Innovative Anh\u00e4ngekupplungen\",\"publisher\":{\"@id\":\"https:\\\/\\\/www.acps-automotive.com\\\/hu\\\/#organization\"},\"potentialAction\":[{\"@type\":\"SearchAction\",\"target\":{\"@type\":\"EntryPoint\",\"urlTemplate\":\"https:\\\/\\\/www.acps-automotive.com\\\/hu\\\/?s={search_term_string}\"},\"query-input\":{\"@type\":\"PropertyValueSpecification\",\"valueRequired\":true,\"valueName\":\"search_term_string\"}}],\"inLanguage\":\"hu\"},{\"@type\":\"Organization\",\"@id\":\"https:\\\/\\\/www.acps-automotive.com\\\/hu\\\/#organization\",\"name\":\"ACPS Automotive GmbH\",\"url\":\"https:\\\/\\\/www.acps-automotive.com\\\/hu\\\/\",\"logo\":{\"@type\":\"ImageObject\",\"inLanguage\":\"hu\",\"@id\":\"https:\\\/\\\/www.acps-automotive.com\\\/hu\\\/#\\\/schema\\\/logo\\\/image\\\/\",\"url\":\"https:\\\/\\\/www.acps-automotive.com\\\/wp-content\\\/uploads\\\/_media\\\/_allgemein\\\/Logo-Footer-ACPS-Automotive.png\",\"contentUrl\":\"https:\\\/\\\/www.acps-automotive.com\\\/wp-content\\\/uploads\\\/_media\\\/_allgemein\\\/Logo-Footer-ACPS-Automotive.png\",\"width\":239,\"height\":32,\"caption\":\"ACPS Automotive GmbH\"},\"image\":{\"@id\":\"https:\\\/\\\/www.acps-automotive.com\\\/hu\\\/#\\\/schema\\\/logo\\\/image\\\/\"},\"sameAs\":[\"https:\\\/\\\/x.com\\\/ACPS_Automotive\",\"https:\\\/\\\/www.linkedin.com\\\/company\\\/acps-automotive-gmbh\\\/\",\"https:\\\/\\\/www.instagram.com\\\/acps_ausbildung\\\/\",\"https:\\\/\\\/www.youtube.com\\\/channel\\\/UC2jxrgWwpxpkay2aHWV5SaQ\"]}]}<\/script>\n<!-- \/ Yoast SEO plugin. -->","yoast_head_json":{"title":"Sajt\u00f3 | ACPS Automotive","description":"Itt tal\u00e1lja az ACPS Automotive legfrissebb sajt\u00f3k\u00f6zlem\u00e9nyeit. \u25baRengeteg hasznos inform\u00e1ci\u00f3 az \u00d6n sz\u00e1m\u00e1ra.","robots":{"index":"index","follow":"follow","max-snippet":"max-snippet:-1","max-image-preview":"max-image-preview:large","max-video-preview":"max-video-preview:-1"},"canonical":"https:\/\/www.acps-automotive.com\/hu\/vallalatok\/sajto\/az-acps-automotive-a-meili-vallalatcsoport-onallo-reszeve-valik\/","og_locale":"hu_HU","og_type":"article","og_title":"Sajt\u00f3 | ACPS Automotive","og_description":"Itt tal\u00e1lja az ACPS Automotive legfrissebb sajt\u00f3k\u00f6zlem\u00e9nyeit. \u25baRengeteg hasznos inform\u00e1ci\u00f3 az \u00d6n sz\u00e1m\u00e1ra.","og_url":"https:\/\/www.acps-automotive.com\/hu\/vallalatok\/sajto\/az-acps-automotive-a-meili-vallalatcsoport-onallo-reszeve-valik\/","og_site_name":"ACPS Automotive GmbH","article_modified_time":"2026-04-23T15:38:58+00:00","og_image":[{"url":"https:\/\/www.acps-automotive.com\/wp-content\/uploads\/2026\/04\/ACPS-MEILI-Composing-1-scaled.jpg","type":"","width":"","height":""}],"twitter_card":"summary_large_image","twitter_site":"@ACPS_Automotive","twitter_misc":{"Becs\u00fclt olvas\u00e1si id\u0151":"3 perc"},"schema":{"@context":"https:\/\/schema.org","@graph":[{"@type":"WebPage","@id":"https:\/\/www.acps-automotive.com\/hu\/vallalatok\/sajto\/az-acps-automotive-a-meili-vallalatcsoport-onallo-reszeve-valik\/","url":"https:\/\/www.acps-automotive.com\/hu\/vallalatok\/sajto\/az-acps-automotive-a-meili-vallalatcsoport-onallo-reszeve-valik\/","name":"Sajt\u00f3 | ACPS Automotive","isPartOf":{"@id":"https:\/\/www.acps-automotive.com\/hu\/#website"},"primaryImageOfPage":{"@id":"https:\/\/www.acps-automotive.com\/hu\/vallalatok\/sajto\/az-acps-automotive-a-meili-vallalatcsoport-onallo-reszeve-valik\/#primaryimage"},"image":{"@id":"https:\/\/www.acps-automotive.com\/hu\/vallalatok\/sajto\/az-acps-automotive-a-meili-vallalatcsoport-onallo-reszeve-valik\/#primaryimage"},"thumbnailUrl":"https:\/\/www.acps-automotive.com\/wp-content\/uploads\/2026\/04\/ACPS-MEILI-Composing-1-scaled.jpg","datePublished":"2026-04-23T15:04:05+00:00","dateModified":"2026-04-23T15:38:58+00:00","description":"Itt tal\u00e1lja az ACPS Automotive legfrissebb sajt\u00f3k\u00f6zlem\u00e9nyeit. \u25baRengeteg hasznos inform\u00e1ci\u00f3 az \u00d6n sz\u00e1m\u00e1ra.","breadcrumb":{"@id":"https:\/\/www.acps-automotive.com\/hu\/vallalatok\/sajto\/az-acps-automotive-a-meili-vallalatcsoport-onallo-reszeve-valik\/#breadcrumb"},"inLanguage":"hu","potentialAction":[{"@type":"ReadAction","target":["https:\/\/www.acps-automotive.com\/hu\/vallalatok\/sajto\/az-acps-automotive-a-meili-vallalatcsoport-onallo-reszeve-valik\/"]}]},{"@type":"ImageObject","inLanguage":"hu","@id":"https:\/\/www.acps-automotive.com\/hu\/vallalatok\/sajto\/az-acps-automotive-a-meili-vallalatcsoport-onallo-reszeve-valik\/#primaryimage","url":"https:\/\/www.acps-automotive.com\/wp-content\/uploads\/2026\/04\/ACPS-MEILI-Composing-1-scaled.jpg","contentUrl":"https:\/\/www.acps-automotive.com\/wp-content\/uploads\/2026\/04\/ACPS-MEILI-Composing-1-scaled.jpg"},{"@type":"BreadcrumbList","@id":"https:\/\/www.acps-automotive.com\/hu\/vallalatok\/sajto\/az-acps-automotive-a-meili-vallalatcsoport-onallo-reszeve-valik\/#breadcrumb","itemListElement":[{"@type":"ListItem","position":1,"name":"Startseite","item":"https:\/\/www.acps-automotive.com\/hu\/"},{"@type":"ListItem","position":2,"name":"V\u00e1llalatok","item":"https:\/\/www.acps-automotive.com\/hu\/vallalatok\/"},{"@type":"ListItem","position":3,"name":"Sajt\u00f3","item":"https:\/\/www.acps-automotive.com\/hu\/vallalatok\/sajto\/"},{"@type":"ListItem","position":4,"name":"Az ACPS Automotive a Meili v\u00e1llalatcsoport \u00f6n\u00e1ll\u00f3 r\u00e9sz\u00e9v\u00e9 v\u00e1lik"}]},{"@type":"WebSite","@id":"https:\/\/www.acps-automotive.com\/hu\/#website","url":"https:\/\/www.acps-automotive.com\/hu\/","name":"ACPS Automotive GmbH","description":"Innovative Anh\u00e4ngekupplungen","publisher":{"@id":"https:\/\/www.acps-automotive.com\/hu\/#organization"},"potentialAction":[{"@type":"SearchAction","target":{"@type":"EntryPoint","urlTemplate":"https:\/\/www.acps-automotive.com\/hu\/?s={search_term_string}"},"query-input":{"@type":"PropertyValueSpecification","valueRequired":true,"valueName":"search_term_string"}}],"inLanguage":"hu"},{"@type":"Organization","@id":"https:\/\/www.acps-automotive.com\/hu\/#organization","name":"ACPS Automotive GmbH","url":"https:\/\/www.acps-automotive.com\/hu\/","logo":{"@type":"ImageObject","inLanguage":"hu","@id":"https:\/\/www.acps-automotive.com\/hu\/#\/schema\/logo\/image\/","url":"https:\/\/www.acps-automotive.com\/wp-content\/uploads\/_media\/_allgemein\/Logo-Footer-ACPS-Automotive.png","contentUrl":"https:\/\/www.acps-automotive.com\/wp-content\/uploads\/_media\/_allgemein\/Logo-Footer-ACPS-Automotive.png","width":239,"height":32,"caption":"ACPS Automotive GmbH"},"image":{"@id":"https:\/\/www.acps-automotive.com\/hu\/#\/schema\/logo\/image\/"},"sameAs":["https:\/\/x.com\/ACPS_Automotive","https:\/\/www.linkedin.com\/company\/acps-automotive-gmbh\/","https:\/\/www.instagram.com\/acps_ausbildung\/","https:\/\/www.youtube.com\/channel\/UC2jxrgWwpxpkay2aHWV5SaQ"]}]}},"_links":{"self":[{"href":"https:\/\/www.acps-automotive.com\/hu\/wp-json\/wp\/v2\/pages\/29717","targetHints":{"allow":["GET"]}}],"collection":[{"href":"https:\/\/www.acps-automotive.com\/hu\/wp-json\/wp\/v2\/pages"}],"about":[{"href":"https:\/\/www.acps-automotive.com\/hu\/wp-json\/wp\/v2\/types\/page"}],"author":[{"embeddable":true,"href":"https:\/\/www.acps-automotive.com\/hu\/wp-json\/wp\/v2\/users\/9"}],"replies":[{"embeddable":true,"href":"https:\/\/www.acps-automotive.com\/hu\/wp-json\/wp\/v2\/comments?post=29717"}],"version-history":[{"count":7,"href":"https:\/\/www.acps-automotive.com\/hu\/wp-json\/wp\/v2\/pages\/29717\/revisions"}],"predecessor-version":[{"id":29775,"href":"https:\/\/www.acps-automotive.com\/hu\/wp-json\/wp\/v2\/pages\/29717\/revisions\/29775"}],"up":[{"embeddable":true,"href":"https:\/\/www.acps-automotive.com\/hu\/wp-json\/wp\/v2\/pages\/27201"}],"wp:attachment":[{"href":"https:\/\/www.acps-automotive.com\/hu\/wp-json\/wp\/v2\/media?parent=29717"}],"curies":[{"name":"wp","href":"https:\/\/api.w.org\/{rel}","templated":true}]}}