{"id":29614,"date":"2026-03-10T11:50:36","date_gmt":"2026-03-10T10:50:36","guid":{"rendered":"https:\/\/www.acps-automotive.com\/?page_id=29614"},"modified":"2026-03-10T11:53:25","modified_gmt":"2026-03-10T10:53:25","slug":"uj-vezerigazgato-a-piacvezeto-es-technologiai-vezeto-acps-automotive-potkocsi-felszerelesek-gyartojanal","status":"publish","type":"page","link":"https:\/\/www.acps-automotive.com\/hu\/vallalatok\/sajto\/uj-vezerigazgato-a-piacvezeto-es-technologiai-vezeto-acps-automotive-potkocsi-felszerelesek-gyartojanal\/","title":{"rendered":"\u00daj vez\u00e9rigazgat\u00f3 a piacvezet\u0151 \u00e9s technol\u00f3giai vezet\u0151 ACPS Automotive p\u00f3tkocsi-felszerel\u00e9sek gy\u00e1rt\u00f3j\u00e1n\u00e1l"},"content":{"rendered":"<div class=\"vgblk-rw-wrapper limit-wrapper\">\n\n\t<h3><strong>2024.08.01 |<\/strong> \u00daj vez\u00e9rigazgat\u00f3 a piacvezet\u0151 \u00e9s technol\u00f3giai vezet\u0151 ACPS Automotive p\u00f3tkocsi-felszerel\u00e9sek gy\u00e1rt\u00f3j\u00e1n\u00e1l<\/h3>\n<p><strong>V\u00e1ltoz\u00e1s az ACPS Automotive vezet\u00e9s\u00e9ben: Caspar Baumhauer vez\u00e9rigazgat\u00f3 hat \u00e9v ut\u00e1n t\u00e1vozik, hely\u00e9t Michael Weiss veszi \u00e1t.<\/strong><\/p>\n<p>Caspar Baumhauer hat \u00e9vig sikeresen vezette az ACPS Automotive-t. 2018. december 1-jei kinevez\u00e9se \u00f3ta az ACPS Automotive csoport forgalma csaknem megdupl\u00e1z\u00f3dott. Baumhauer az ACPS Automotive \u00fczleti tev\u00e9kenys\u00e9g\u00e9t alapvet\u0151en h\u00e1rom nagy ter\u00fcletre koncentr\u00e1lta: internacionaliz\u00e1ci\u00f3, digitaliz\u00e1ci\u00f3 \u00e9s rugalmass\u00e1g. Az \u0151 vezet\u00e9se alatt b\u0151v\u00fclt az els\u0151 felszerel\u00e9si \u00fczlet\u00e1g \u00e9s megkezd\u0151d\u00f6tt a bel\u00e9p\u00e9s az ut\u00f3lagos felszerel\u00e9si szektorba \u00c9szak-Amerik\u00e1ban, k\u00e9t telephely fel\u00e9p\u00edt\u00e9se a legnagyobb \u00e1zsiai piacon, K\u00edn\u00e1ban, teljes g\u0151zzel folyik, \u00e9s elindult a szervezet k\u00e9pess\u00e9geinek fejleszt\u00e9se, hogy gyorsan \u00e9s hat\u00e9konyan tudjon alkalmazkodni a folyamatosan v\u00e1ltoz\u00f3 k\u00f6vetelm\u00e9nyekhez.<\/p>\n<p>Michael Weiss (49) veszi \u00e1t az ACPS Automotive vez\u00e9rigazgat\u00f3i posztj\u00e1t. Caspar Baumhauer (62) egy \u00e1tmeneti id\u0151szakban tan\u00e1csad\u00f3k\u00e9nt tov\u00e1bbra is Michael Weiss mellett marad.<\/p>\n<p>\u201e\u00d6r\u00f6mmel adom \u00e1t az ACPS Automotive-t egy kiv\u00e1l\u00f3an felk\u00e9sz\u00fclt csapattal \u00e9s er\u0151s piaci poz\u00edci\u00f3val&#8221; &#8211; mondja Caspar Baumhauer. Meggy\u0151z\u0151d\u00e9se, hogy a v\u00e1llalat Weiss vezet\u00e9s\u00e9vel j\u00f3 kezekben lesz: \u201eMichael Weiss szem\u00e9ly\u00e9ben egy magasan k\u00e9pzett \u00e9s tapasztalt vezet\u0151t siker\u00fclt megnyern\u00fcnk, aki az ACPS Automotive-t tov\u00e1bbra is sikeres j\u00f6v\u0151be fogja vezetni.&#8221;<\/p>\n<p>Michael Weiss hossz\u00fa \u00e9vek \u00f3ta rendelkezik vezet\u0151i tapasztalattal t\u0151zsd\u00e9n jegyzett ipari konszernokban, \u00e9s 2022 szeptember\u00e9t\u0151l az aut\u00f3ipari besz\u00e1ll\u00edt\u00f3 DAYCO vez\u00e9rigazgat\u00f3ja volt. A v\u00e1llalat kutat\u00e1si, tervez\u00e9si, gy\u00e1rt\u00e1si \u00e9s \u00e9rt\u00e9kes\u00edt\u00e9si r\u00e9szlegei fontos motorhajt\u00e1s-rendszereket, valamint ut\u00e1ngy\u00e1rtott alkatr\u00e9szeket forgalmaznak sikeresen a g\u00e9pj\u00e1rm\u0171ipar, az \u00e9p\u00edt\u0151ipar, a mez\u0151gazdas\u00e1g \u00e9s az ipar sz\u00e1m\u00e1ra. A DAYCO-n\u00e1l t\u00f6lt\u00f6tt id\u0151 el\u0151tt Michael Weiss t\u00edz \u00e9vig a Schaeffler AG-n\u00e1l dolgozott Herzogenaurachban, k\u00fcl\u00f6nb\u00f6z\u0151 nemzetk\u00f6zi poz\u00edci\u00f3kban, legut\u00f3bb a h\u0151kezel\u00e9si \u00fczlet\u00e1g vezet\u0151jek\u00e9nt. Weiss karrierje sor\u00e1n t\u00f6bb alkalommal is sikeresen kidolgozott \u00e9s megval\u00f3s\u00edtott strat\u00e9gi\u00e1kat v\u00e1llalatai fenntarthat\u00f3, nyeres\u00e9ges n\u00f6veked\u00e9se \u00e9rdek\u00e9ben. Ek\u00f6zben kifejezetten a munkat\u00e1rsak fejleszt\u00e9s\u00e9re \u00e9s az \u00fcgyf\u00e9lorient\u00e1lts\u00e1gra koncentr\u00e1lt.<\/p>\n<p>Michael Weiss az ACPS Automotive \u00e9l\u00e9n \u00f6sszesen 2200 alkalmazottat vezet vil\u00e1gszerte 11 telephelyen, ebb\u0151l k\u00f6r\u00fclbel\u00fcl 700-at N\u00e9metorsz\u00e1gban. A hagyom\u00e1nyos v\u00e1llalat az ORIS m\u00e1rkan\u00e9v alatt v\u00e1lt ismertt\u00e9, \u00e9s er\u0151s innov\u00e1ci\u00f3s kult\u00far\u00e1j\u00e1t \u00e9s magas term\u00e9kmin\u0151s\u00e9g\u00e9t vil\u00e1gszerte \u00e9vtizedek \u00f3ta nagyra \u00e9rt\u00e9kelik az \u00fcgyfelek. Az ACPS Automotive sz\u00e9khelye Ingersheimben, Stuttgart nagyv\u00e1rosi ter\u00fclet\u00e9n tal\u00e1lhat\u00f3. Itt tal\u00e1lhat\u00f3ak az \u00f6sszes k\u00f6zponti kereskedelmi funkci\u00f3k \u00e9s a fejleszt\u00e9si k\u00f6zpont, amely a kutat\u00e1s \u00e9s fejleszt\u00e9s, a protot\u00edpusgy\u00e1rt\u00e1s, a biztons\u00e1gi vizsg\u00e1latok \u00e9s a min\u0151s\u00e9gbiztos\u00edt\u00e1s ter\u00fcleteit foglalja mag\u00e1ban. Az ACPS Automotive mintegy 200 alkalmazottj\u00e1val itt fejleszti az ORIS m\u00e1rkan\u00e9v alatt forgalmazott term\u00e9keinek nagy r\u00e9sz\u00e9t az nemzetk\u00f6zi aut\u00f3ipar sz\u00e1m\u00e1ra az els\u0151 felszerel\u00e9s \u00e9s az ut\u00f3lagos felszerel\u00e9s kieg\u00e9sz\u00edt\u0151i piac\u00e1n.<\/p>\n\t<p><a href=\"https:\/\/www.acps-automotive.com\/wp-content\/uploads\/_media\/unternehmen\/presse\/2024\/ACPS-Automotive-Press-Release-CEO-change-en.pdf\" target=\"_blank\" rel=\"noopener\">Download [PDF]<\/a>\u00a0<a href=\"https:\/\/www.acps-automotive.com\/wp-content\/uploads\/_media\/unternehmen\/presse\/2024\/ACPS-Automotive-Press-Release-CEO-change-en.zip\" target=\"_blank\" rel=\"noopener\">Download [Zip]<\/a><\/p>\n\t<p><a href=\"https:\/\/www.acps-automotive.com\/wp-content\/uploads\/_media\/unternehmen\/presse\/2024\/michael-weiss-uebernimmt.jpg\"><img loading=\"lazy\" decoding=\"async\" src=\"https:\/\/www.acps-automotive.com\/wp-content\/uploads\/_media\/unternehmen\/presse\/2024\/michael-weiss-uebernimmt.jpg\" alt=\"\" width=\"300\" height=\"210\" \/><\/a><\/p>\n\t<p>Michael Weiss (balra) \u00e9s Caspar Baumhauer (jobbra)<\/p>\n\t<p><strong>A v\u00e1llalat<\/strong><\/p>\n<p>Az ACPS Automotive piacvezet\u0151 a szem\u00e9lyg\u00e9pkocsik, SUV-k \u00e9s kisteheraut\u00f3k p\u00f3tkocsik\u00f6t\u0151inek gy\u00e1rt\u00e1s\u00e1ban. P\u00f3tkocsik\u00f6t\u0151ink minden hajt\u00e1sm\u00f3dhoz &#8211; bels\u0151 \u00e9g\u00e9s\u0171 motor, elektromos, hibrid &#8211; t\u00f6k\u00e9letesen alkalmasak. Technol\u00f3giai \u00e9s innov\u00e1ci\u00f3s vezet\u0151 szerep\u00fcnket t\u00f6bb mint 140 vil\u00e1gszerte bejegyzett szabadalom bizony\u00edtja. V\u00e1llalatunk \u00edgy jelent\u0151sen befoly\u00e1solta a p\u00f3tkocsik\u00f6t\u0151k ter\u00fclet\u00e9n el\u00e9rt technol\u00f3giai fejl\u0151d\u00e9st. Az ACPS Automotive fejleszt\u0151k\u00e9nt \u00e9s gy\u00e1rt\u00f3k\u00e9nt a sz\u00e1ll\u00edt\u00e1si megold\u00e1sainak technol\u00f3gi\u00e1j\u00e1val m\u00e9rc\u00e9t \u00e1ll\u00edt fel sz\u00e9khely\u00e9n, Ingersheimben, valamint vil\u00e1gszerte tizenegy telephely\u00e9n. Ez az \u00fcgyfelek &#8211; az els\u0151 felszerel\u00e9st gy\u00e1rt\u00f3 nemzetk\u00f6zi aut\u00f3ipar \u00e9s az ut\u00f3lagos felszerel\u00e9st gy\u00e1rt\u00f3 c\u00e9gek &#8211; jav\u00e1t szolg\u00e1lja. A von\u00f3szerkezetek k\u00fcl\u00f6n\u00f6sen biztons\u00e1gos \u00e9s k\u00e9nyelmes \u00f6sszek\u00f6ttet\u00e9st biztos\u00edtanak a j\u00e1rm\u0171 \u00e9s a lak\u00f3kocsi, ker\u00e9kp\u00e1rtart\u00f3k, cs\u00f3nak-, l\u00f3- \u00e9s teherp\u00f3tkocsik k\u00f6z\u00f6tt mind a mag\u00e1n-, mind a kereskedelmi szf\u00e9r\u00e1ban. Az ACPS Automotive k\u00f6r\u00fclbel\u00fcl 2200 alkalmazottat foglalkoztat, 1955-ben Stuttgartban alap\u00edtott\u00e1k, \u00e9s ORIS m\u00e1rkan\u00e9v alatt v\u00e1lt ismertt\u00e9. A 2023-as \u00e1rbev\u00e9tel k\u00f6r\u00fclbel\u00fcl 440 milli\u00f3 eur\u00f3 volt.<\/p>\n\t<h2><strong>Sajt\u00f3kapcsolat<\/strong><\/h2>\n<strong>ACPS Automotive GmbH<\/strong><br \/>\nDagmar Hinz |\u00a0Kommunik\u00e1ci\u00f3s \u00e9s marketing menedzser<br \/>\nBertha-Benz-Str. 2, 74379 Ingersheim, N\u00e9metorsz\u00e1g\nTel: +49 (0) 7142 9930-124<br \/>\nE-Mail: <a href=\"&#x6d;&#97;i&#x6c;&#116;o&#x3a;&#100;a&#x67;&#109;a&#x72;&#46;h&#x69;&#x6e;z&#x40;&#x61;&#99;&#x70;&#x73;&#45;&#x61;&#x75;&#116;o&#x6d;&#111;t&#x69;&#118;e&#x2e;&#99;o&#x6d;\">&#x64;a&#x67;&#109;a&#x72;&#46;&#x68;&#x69;n&#x7a;&#64;a&#x63;&#112;&#x73;&#45;a&#x75;&#116;o&#x6d;&#111;&#x74;&#105;v&#x65;&#46;&#x63;&#x6f;m<\/a>\n\t<p>\u2190 <a href=\"https:\/\/www.acps-automotive.com\/hu\/vallalatok\/sajto\/\">vissza az \u00e1ttekint\u00e9shez<\/a><\/p>\n\n<\/div><!-- .vgblk-rw-wrapper -->","protected":false},"excerpt":{"rendered":"<p>2024.08.01 | \u00daj vez\u00e9rigazgat\u00f3 a piacvezet\u0151 \u00e9s technol\u00f3giai vezet\u0151 ACPS Automotive p\u00f3tkocsi-felszerel\u00e9sek gy\u00e1rt\u00f3j\u00e1n\u00e1l V\u00e1ltoz\u00e1s az ACPS Automotive vezet\u00e9s\u00e9ben: Caspar Baumhauer vez\u00e9rigazgat\u00f3 hat \u00e9v ut\u00e1n t\u00e1vozik, hely\u00e9t Michael Weiss veszi \u00e1t. Caspar Baumhauer hat \u00e9vig sikeresen vezette az ACPS Automotive-t. 2018. december 1-jei kinevez\u00e9se \u00f3ta az ACPS Automotive csoport forgalma csaknem megdupl\u00e1z\u00f3dott. Baumhauer az ACPS Automotive&#8230;<\/p>\n","protected":false},"author":1,"featured_media":0,"parent":27201,"menu_order":1,"comment_status":"closed","ping_status":"closed","template":"","meta":{"inline_featured_image":false,"_price":"","_stock":"","_tribe_ticket_header":"","_tribe_default_ticket_provider":"","_tribe_ticket_capacity":"0","_ticket_start_date":"","_ticket_end_date":"","_tribe_ticket_show_description":"","_tribe_ticket_show_not_going":false,"_tribe_ticket_use_global_stock":"","_tribe_ticket_global_stock_level":"","_global_stock_mode":"","_global_stock_cap":"","_tribe_rsvp_for_event":"","_tribe_ticket_going_count":"","_tribe_ticket_not_going_count":"","_tribe_tickets_list":"[]","_tribe_ticket_has_attendee_info_fields":false,"footnotes":""},"class_list":["post-29614","page","type-page","status-publish","hentry"],"yoast_head":"<!-- This site is optimized with the Yoast SEO plugin v27.2 - https:\/\/yoast.com\/product\/yoast-seo-wordpress\/ -->\n<title>Sajt\u00f3 | ACPS Automotive<\/title>\n<meta name=\"description\" content=\"Itt tal\u00e1lja az ACPS Automotive legfrissebb sajt\u00f3k\u00f6zlem\u00e9nyeit. \u25baRengeteg hasznos inform\u00e1ci\u00f3 az \u00d6n sz\u00e1m\u00e1ra.\" \/>\n<meta name=\"robots\" content=\"index, follow, max-snippet:-1, max-image-preview:large, max-video-preview:-1\" \/>\n<link rel=\"canonical\" href=\"https:\/\/www.acps-automotive.com\/hu\/vallalatok\/sajto\/uj-vezerigazgato-a-piacvezeto-es-technologiai-vezeto-acps-automotive-potkocsi-felszerelesek-gyartojanal\/\" \/>\n<meta property=\"og:locale\" content=\"hu_HU\" \/>\n<meta property=\"og:type\" content=\"article\" \/>\n<meta property=\"og:title\" content=\"Sajt\u00f3 | ACPS Automotive\" \/>\n<meta property=\"og:description\" content=\"Itt tal\u00e1lja az ACPS Automotive legfrissebb sajt\u00f3k\u00f6zlem\u00e9nyeit. \u25baRengeteg hasznos inform\u00e1ci\u00f3 az \u00d6n sz\u00e1m\u00e1ra.\" \/>\n<meta property=\"og:url\" content=\"https:\/\/www.acps-automotive.com\/hu\/vallalatok\/sajto\/uj-vezerigazgato-a-piacvezeto-es-technologiai-vezeto-acps-automotive-potkocsi-felszerelesek-gyartojanal\/\" \/>\n<meta property=\"og:site_name\" content=\"ACPS Automotive GmbH\" \/>\n<meta property=\"article:modified_time\" content=\"2026-03-10T10:53:25+00:00\" \/>\n<meta property=\"og:image\" content=\"https:\/\/www.acps-automotive.com\/wp-content\/uploads\/_media\/unternehmen\/presse\/2024\/michael-weiss-uebernimmt.jpg\" \/>\n<meta name=\"twitter:card\" content=\"summary_large_image\" \/>\n<meta name=\"twitter:site\" content=\"@ACPS_Automotive\" \/>\n<meta name=\"twitter:label1\" content=\"Becs\u00fclt olvas\u00e1si id\u0151\" \/>\n\t<meta name=\"twitter:data1\" content=\"4 perc\" \/>\n<script type=\"application\/ld+json\" class=\"yoast-schema-graph\">{\"@context\":\"https:\/\/schema.org\",\"@graph\":[{\"@type\":\"WebPage\",\"@id\":\"https:\/\/www.acps-automotive.com\/hu\/vallalatok\/sajto\/uj-vezerigazgato-a-piacvezeto-es-technologiai-vezeto-acps-automotive-potkocsi-felszerelesek-gyartojanal\/\",\"url\":\"https:\/\/www.acps-automotive.com\/hu\/vallalatok\/sajto\/uj-vezerigazgato-a-piacvezeto-es-technologiai-vezeto-acps-automotive-potkocsi-felszerelesek-gyartojanal\/\",\"name\":\"Sajt\u00f3 | ACPS Automotive\",\"isPartOf\":{\"@id\":\"https:\/\/www.acps-automotive.com\/hu\/#website\"},\"primaryImageOfPage\":{\"@id\":\"https:\/\/www.acps-automotive.com\/hu\/vallalatok\/sajto\/uj-vezerigazgato-a-piacvezeto-es-technologiai-vezeto-acps-automotive-potkocsi-felszerelesek-gyartojanal\/#primaryimage\"},\"image\":{\"@id\":\"https:\/\/www.acps-automotive.com\/hu\/vallalatok\/sajto\/uj-vezerigazgato-a-piacvezeto-es-technologiai-vezeto-acps-automotive-potkocsi-felszerelesek-gyartojanal\/#primaryimage\"},\"thumbnailUrl\":\"https:\/\/www.acps-automotive.com\/wp-content\/uploads\/_media\/unternehmen\/presse\/2024\/michael-weiss-uebernimmt.jpg\",\"datePublished\":\"2026-03-10T10:50:36+00:00\",\"dateModified\":\"2026-03-10T10:53:25+00:00\",\"description\":\"Itt tal\u00e1lja az ACPS Automotive legfrissebb sajt\u00f3k\u00f6zlem\u00e9nyeit. \u25baRengeteg hasznos inform\u00e1ci\u00f3 az \u00d6n sz\u00e1m\u00e1ra.\",\"breadcrumb\":{\"@id\":\"https:\/\/www.acps-automotive.com\/hu\/vallalatok\/sajto\/uj-vezerigazgato-a-piacvezeto-es-technologiai-vezeto-acps-automotive-potkocsi-felszerelesek-gyartojanal\/#breadcrumb\"},\"inLanguage\":\"hu\",\"potentialAction\":[{\"@type\":\"ReadAction\",\"target\":[\"https:\/\/www.acps-automotive.com\/hu\/vallalatok\/sajto\/uj-vezerigazgato-a-piacvezeto-es-technologiai-vezeto-acps-automotive-potkocsi-felszerelesek-gyartojanal\/\"]}]},{\"@type\":\"ImageObject\",\"inLanguage\":\"hu\",\"@id\":\"https:\/\/www.acps-automotive.com\/hu\/vallalatok\/sajto\/uj-vezerigazgato-a-piacvezeto-es-technologiai-vezeto-acps-automotive-potkocsi-felszerelesek-gyartojanal\/#primaryimage\",\"url\":\"https:\/\/www.acps-automotive.com\/wp-content\/uploads\/_media\/unternehmen\/presse\/2024\/michael-weiss-uebernimmt.jpg\",\"contentUrl\":\"https:\/\/www.acps-automotive.com\/wp-content\/uploads\/_media\/unternehmen\/presse\/2024\/michael-weiss-uebernimmt.jpg\"},{\"@type\":\"BreadcrumbList\",\"@id\":\"https:\/\/www.acps-automotive.com\/hu\/vallalatok\/sajto\/uj-vezerigazgato-a-piacvezeto-es-technologiai-vezeto-acps-automotive-potkocsi-felszerelesek-gyartojanal\/#breadcrumb\",\"itemListElement\":[{\"@type\":\"ListItem\",\"position\":1,\"name\":\"Startseite\",\"item\":\"https:\/\/www.acps-automotive.com\/hu\/\"},{\"@type\":\"ListItem\",\"position\":2,\"name\":\"V\u00e1llalatok\",\"item\":\"https:\/\/www.acps-automotive.com\/hu\/vallalatok\/\"},{\"@type\":\"ListItem\",\"position\":3,\"name\":\"Sajt\u00f3\",\"item\":\"https:\/\/www.acps-automotive.com\/hu\/vallalatok\/sajto\/\"},{\"@type\":\"ListItem\",\"position\":4,\"name\":\"\u00daj vez\u00e9rigazgat\u00f3 a piacvezet\u0151 \u00e9s technol\u00f3giai vezet\u0151 ACPS Automotive p\u00f3tkocsi-felszerel\u00e9sek gy\u00e1rt\u00f3j\u00e1n\u00e1l\"}]},{\"@type\":\"WebSite\",\"@id\":\"https:\/\/www.acps-automotive.com\/hu\/#website\",\"url\":\"https:\/\/www.acps-automotive.com\/hu\/\",\"name\":\"ACPS Automotive GmbH\",\"description\":\"Innovative Anh\u00e4ngekupplungen\",\"publisher\":{\"@id\":\"https:\/\/www.acps-automotive.com\/hu\/#organization\"},\"potentialAction\":[{\"@type\":\"SearchAction\",\"target\":{\"@type\":\"EntryPoint\",\"urlTemplate\":\"https:\/\/www.acps-automotive.com\/hu\/?s={search_term_string}\"},\"query-input\":{\"@type\":\"PropertyValueSpecification\",\"valueRequired\":true,\"valueName\":\"search_term_string\"}}],\"inLanguage\":\"hu\"},{\"@type\":\"Organization\",\"@id\":\"https:\/\/www.acps-automotive.com\/hu\/#organization\",\"name\":\"ACPS Automotive GmbH\",\"url\":\"https:\/\/www.acps-automotive.com\/hu\/\",\"logo\":{\"@type\":\"ImageObject\",\"inLanguage\":\"hu\",\"@id\":\"https:\/\/www.acps-automotive.com\/hu\/#\/schema\/logo\/image\/\",\"url\":\"https:\/\/www.acps-automotive.com\/wp-content\/uploads\/_media\/_allgemein\/Logo-Footer-ACPS-Automotive.png\",\"contentUrl\":\"https:\/\/www.acps-automotive.com\/wp-content\/uploads\/_media\/_allgemein\/Logo-Footer-ACPS-Automotive.png\",\"width\":239,\"height\":32,\"caption\":\"ACPS Automotive GmbH\"},\"image\":{\"@id\":\"https:\/\/www.acps-automotive.com\/hu\/#\/schema\/logo\/image\/\"},\"sameAs\":[\"https:\/\/x.com\/ACPS_Automotive\",\"https:\/\/www.linkedin.com\/company\/acps-automotive-gmbh\/\",\"https:\/\/www.instagram.com\/acps_ausbildung\/\",\"https:\/\/www.youtube.com\/channel\/UC2jxrgWwpxpkay2aHWV5SaQ\"]}]}<\/script>\n<!-- \/ Yoast SEO plugin. -->","yoast_head_json":{"title":"Sajt\u00f3 | ACPS Automotive","description":"Itt tal\u00e1lja az ACPS Automotive legfrissebb sajt\u00f3k\u00f6zlem\u00e9nyeit. \u25baRengeteg hasznos inform\u00e1ci\u00f3 az \u00d6n sz\u00e1m\u00e1ra.","robots":{"index":"index","follow":"follow","max-snippet":"max-snippet:-1","max-image-preview":"max-image-preview:large","max-video-preview":"max-video-preview:-1"},"canonical":"https:\/\/www.acps-automotive.com\/hu\/vallalatok\/sajto\/uj-vezerigazgato-a-piacvezeto-es-technologiai-vezeto-acps-automotive-potkocsi-felszerelesek-gyartojanal\/","og_locale":"hu_HU","og_type":"article","og_title":"Sajt\u00f3 | ACPS Automotive","og_description":"Itt tal\u00e1lja az ACPS Automotive legfrissebb sajt\u00f3k\u00f6zlem\u00e9nyeit. \u25baRengeteg hasznos inform\u00e1ci\u00f3 az \u00d6n sz\u00e1m\u00e1ra.","og_url":"https:\/\/www.acps-automotive.com\/hu\/vallalatok\/sajto\/uj-vezerigazgato-a-piacvezeto-es-technologiai-vezeto-acps-automotive-potkocsi-felszerelesek-gyartojanal\/","og_site_name":"ACPS Automotive GmbH","article_modified_time":"2026-03-10T10:53:25+00:00","og_image":[{"url":"https:\/\/www.acps-automotive.com\/wp-content\/uploads\/_media\/unternehmen\/presse\/2024\/michael-weiss-uebernimmt.jpg","type":"","width":"","height":""}],"twitter_card":"summary_large_image","twitter_site":"@ACPS_Automotive","twitter_misc":{"Becs\u00fclt olvas\u00e1si id\u0151":"4 perc"},"schema":{"@context":"https:\/\/schema.org","@graph":[{"@type":"WebPage","@id":"https:\/\/www.acps-automotive.com\/hu\/vallalatok\/sajto\/uj-vezerigazgato-a-piacvezeto-es-technologiai-vezeto-acps-automotive-potkocsi-felszerelesek-gyartojanal\/","url":"https:\/\/www.acps-automotive.com\/hu\/vallalatok\/sajto\/uj-vezerigazgato-a-piacvezeto-es-technologiai-vezeto-acps-automotive-potkocsi-felszerelesek-gyartojanal\/","name":"Sajt\u00f3 | ACPS Automotive","isPartOf":{"@id":"https:\/\/www.acps-automotive.com\/hu\/#website"},"primaryImageOfPage":{"@id":"https:\/\/www.acps-automotive.com\/hu\/vallalatok\/sajto\/uj-vezerigazgato-a-piacvezeto-es-technologiai-vezeto-acps-automotive-potkocsi-felszerelesek-gyartojanal\/#primaryimage"},"image":{"@id":"https:\/\/www.acps-automotive.com\/hu\/vallalatok\/sajto\/uj-vezerigazgato-a-piacvezeto-es-technologiai-vezeto-acps-automotive-potkocsi-felszerelesek-gyartojanal\/#primaryimage"},"thumbnailUrl":"https:\/\/www.acps-automotive.com\/wp-content\/uploads\/_media\/unternehmen\/presse\/2024\/michael-weiss-uebernimmt.jpg","datePublished":"2026-03-10T10:50:36+00:00","dateModified":"2026-03-10T10:53:25+00:00","description":"Itt tal\u00e1lja az ACPS Automotive legfrissebb sajt\u00f3k\u00f6zlem\u00e9nyeit. \u25baRengeteg hasznos inform\u00e1ci\u00f3 az \u00d6n sz\u00e1m\u00e1ra.","breadcrumb":{"@id":"https:\/\/www.acps-automotive.com\/hu\/vallalatok\/sajto\/uj-vezerigazgato-a-piacvezeto-es-technologiai-vezeto-acps-automotive-potkocsi-felszerelesek-gyartojanal\/#breadcrumb"},"inLanguage":"hu","potentialAction":[{"@type":"ReadAction","target":["https:\/\/www.acps-automotive.com\/hu\/vallalatok\/sajto\/uj-vezerigazgato-a-piacvezeto-es-technologiai-vezeto-acps-automotive-potkocsi-felszerelesek-gyartojanal\/"]}]},{"@type":"ImageObject","inLanguage":"hu","@id":"https:\/\/www.acps-automotive.com\/hu\/vallalatok\/sajto\/uj-vezerigazgato-a-piacvezeto-es-technologiai-vezeto-acps-automotive-potkocsi-felszerelesek-gyartojanal\/#primaryimage","url":"https:\/\/www.acps-automotive.com\/wp-content\/uploads\/_media\/unternehmen\/presse\/2024\/michael-weiss-uebernimmt.jpg","contentUrl":"https:\/\/www.acps-automotive.com\/wp-content\/uploads\/_media\/unternehmen\/presse\/2024\/michael-weiss-uebernimmt.jpg"},{"@type":"BreadcrumbList","@id":"https:\/\/www.acps-automotive.com\/hu\/vallalatok\/sajto\/uj-vezerigazgato-a-piacvezeto-es-technologiai-vezeto-acps-automotive-potkocsi-felszerelesek-gyartojanal\/#breadcrumb","itemListElement":[{"@type":"ListItem","position":1,"name":"Startseite","item":"https:\/\/www.acps-automotive.com\/hu\/"},{"@type":"ListItem","position":2,"name":"V\u00e1llalatok","item":"https:\/\/www.acps-automotive.com\/hu\/vallalatok\/"},{"@type":"ListItem","position":3,"name":"Sajt\u00f3","item":"https:\/\/www.acps-automotive.com\/hu\/vallalatok\/sajto\/"},{"@type":"ListItem","position":4,"name":"\u00daj vez\u00e9rigazgat\u00f3 a piacvezet\u0151 \u00e9s technol\u00f3giai vezet\u0151 ACPS Automotive p\u00f3tkocsi-felszerel\u00e9sek gy\u00e1rt\u00f3j\u00e1n\u00e1l"}]},{"@type":"WebSite","@id":"https:\/\/www.acps-automotive.com\/hu\/#website","url":"https:\/\/www.acps-automotive.com\/hu\/","name":"ACPS Automotive GmbH","description":"Innovative Anh\u00e4ngekupplungen","publisher":{"@id":"https:\/\/www.acps-automotive.com\/hu\/#organization"},"potentialAction":[{"@type":"SearchAction","target":{"@type":"EntryPoint","urlTemplate":"https:\/\/www.acps-automotive.com\/hu\/?s={search_term_string}"},"query-input":{"@type":"PropertyValueSpecification","valueRequired":true,"valueName":"search_term_string"}}],"inLanguage":"hu"},{"@type":"Organization","@id":"https:\/\/www.acps-automotive.com\/hu\/#organization","name":"ACPS Automotive GmbH","url":"https:\/\/www.acps-automotive.com\/hu\/","logo":{"@type":"ImageObject","inLanguage":"hu","@id":"https:\/\/www.acps-automotive.com\/hu\/#\/schema\/logo\/image\/","url":"https:\/\/www.acps-automotive.com\/wp-content\/uploads\/_media\/_allgemein\/Logo-Footer-ACPS-Automotive.png","contentUrl":"https:\/\/www.acps-automotive.com\/wp-content\/uploads\/_media\/_allgemein\/Logo-Footer-ACPS-Automotive.png","width":239,"height":32,"caption":"ACPS Automotive GmbH"},"image":{"@id":"https:\/\/www.acps-automotive.com\/hu\/#\/schema\/logo\/image\/"},"sameAs":["https:\/\/x.com\/ACPS_Automotive","https:\/\/www.linkedin.com\/company\/acps-automotive-gmbh\/","https:\/\/www.instagram.com\/acps_ausbildung\/","https:\/\/www.youtube.com\/channel\/UC2jxrgWwpxpkay2aHWV5SaQ"]}]}},"_links":{"self":[{"href":"https:\/\/www.acps-automotive.com\/hu\/wp-json\/wp\/v2\/pages\/29614","targetHints":{"allow":["GET"]}}],"collection":[{"href":"https:\/\/www.acps-automotive.com\/hu\/wp-json\/wp\/v2\/pages"}],"about":[{"href":"https:\/\/www.acps-automotive.com\/hu\/wp-json\/wp\/v2\/types\/page"}],"author":[{"embeddable":true,"href":"https:\/\/www.acps-automotive.com\/hu\/wp-json\/wp\/v2\/users\/1"}],"replies":[{"embeddable":true,"href":"https:\/\/www.acps-automotive.com\/hu\/wp-json\/wp\/v2\/comments?post=29614"}],"version-history":[{"count":5,"href":"https:\/\/www.acps-automotive.com\/hu\/wp-json\/wp\/v2\/pages\/29614\/revisions"}],"predecessor-version":[{"id":29620,"href":"https:\/\/www.acps-automotive.com\/hu\/wp-json\/wp\/v2\/pages\/29614\/revisions\/29620"}],"up":[{"embeddable":true,"href":"https:\/\/www.acps-automotive.com\/hu\/wp-json\/wp\/v2\/pages\/27201"}],"wp:attachment":[{"href":"https:\/\/www.acps-automotive.com\/hu\/wp-json\/wp\/v2\/media?parent=29614"}],"curies":[{"name":"wp","href":"https:\/\/api.w.org\/{rel}","templated":true}]}}