{"id":29607,"date":"2026-03-10T11:44:32","date_gmt":"2026-03-10T10:44:32","guid":{"rendered":"https:\/\/www.acps-automotive.com\/?page_id=29607"},"modified":"2026-03-10T11:47:24","modified_gmt":"2026-03-10T10:47:24","slug":"az-oris-automotive-systems-kunshan-alapitasa-kinaban","status":"publish","type":"page","link":"https:\/\/www.acps-automotive.com\/hu\/vallalatok\/sajto\/az-oris-automotive-systems-kunshan-alapitasa-kinaban\/","title":{"rendered":"Az ACPS Automotive az Oris Automotive Systems (Kunshan) Ltd. alap\u00edt\u00e1s\u00e1val er\u0151s\u00edti glob\u00e1lis jelenl\u00e9t\u00e9t K\u00edn\u00e1ban"},"content":{"rendered":"<div class=\"vgblk-rw-wrapper limit-wrapper\">\n\n\t<h3><strong>2024.04.08 |<\/strong> Az ACPS Automotive az Oris Automotive Systems (Kunshan) Ltd. alap\u00edt\u00e1s\u00e1val er\u0151s\u00edti glob\u00e1lis jelenl\u00e9t\u00e9t K\u00edn\u00e1ban<\/h3>\n<p><strong>2024. m\u00e1rcius 18-\u00e1n az ACPS Automotive az Oris Automotive Systems (Kunshan) Ltd. v\u00e1llalat alap\u00edt\u00e1s\u00e1val fontos l\u00e9p\u00e9st tett annak \u00e9rdek\u00e9ben, hogy 2025-t\u0151l z\u00f6kken\u0151mentesen indulhasson a termel\u00e9s \u00faj k\u00ednai gy\u00e1r\u00e1ban. Ugyanakkor a v\u00e1llalat glob\u00e1lis terjeszked\u00e9si strat\u00e9gi\u00e1j\u00e1nak r\u00e9szek\u00e9nt m\u00e1r 2024 janu\u00e1rj\u00e1ban egy\u00fcttm\u0171k\u00f6d\u00e9si meg\u00e1llapod\u00e1st k\u00f6t\u00f6tt a KSGIP Investment Development Co., Ltd. (German Industrial Park) v\u00e1llalattal, amelynek sz\u00e9khelye a keleti partvid\u00e9k deltaj\u00e1ban fekv\u0151 Kunshan v\u00e1ros\u00e1ban tal\u00e1lhat\u00f3. A hivatalos al\u00e1\u00edr\u00e1s, amelyet Wu Weiwei, Zhangpu Kunshan v\u00e1ros alpolg\u00e1rmestere \u00e9s a n\u00e9met ipari park igazgat\u00f3ja, valamint Dr. Thomas Wagner, az ACPS Automotive vez\u00e9rigazgat\u00f3ja \u00e9s \u00fcgyvezet\u0151 igazgat\u00f3ja v\u00e9gzett, egy strat\u00e9giai partners\u00e9g kezdet\u00e9t jelenti. Kunshan hat \u00e9ve a befektet\u0151k sz\u00e1m\u00e1ra legink\u00e1bb aj\u00e1nlott helysz\u00edn K\u00edn\u00e1ban, \u00e9s otthont ad a neves German Industrial Parknak (GIP), ahol az Oris Automotive Systems (Kunshan) Ltd. is tal\u00e1lhat\u00f3.<\/strong><\/p>\n<p>2025 m\u00e1sodik negyed\u00e9v\u00e9ben a kunshani gy\u00e1r megkezdi a sorozatgy\u00e1rt\u00e1st, ami jelent\u0151s m\u00e9rf\u00f6ldk\u0151nek sz\u00e1m\u00edt az ACPS Automotive sz\u00e1m\u00e1ra. Saj\u00e1t gy\u00e1rt\u00e1si telephellyel K\u00edn\u00e1ban az ACPS Automotive csoport jelent\u0151sen b\u0151v\u00edti jelenl\u00e9t\u00e9t \u00c1zsi\u00e1ban, a m\u00e1r megl\u00e9v\u0151 eur\u00f3pai \u00e9s \u00e9szak-amerikai gy\u00e1rt\u00f3\u00fczemek mellett. Az \u00faj gy\u00e1rt\u00f3\u00fczem k\u00f6zponti szerepet fog j\u00e1tszani a szem\u00e9lyg\u00e9pkocsi-von\u00f3berendez\u00e9sek helysz\u00edni gy\u00e1rt\u00e1s\u00e1ban, a k\u00ednai \u00fcgyfelek ig\u00e9nyeire szabott megold\u00e1sok k\u00edn\u00e1lat\u00e1ban \u00e9s a sz\u00e1ll\u00edt\u00e1si id\u0151k r\u00f6vid\u00edt\u00e9s\u00e9ben. Az ACPS Automotive b\u00edzik abban, hogy az \u00faj gy\u00e1rt\u00f3\u00fczem pozit\u00edv hat\u00e1ssal lesz az \u00e1ltal\u00e1nos n\u00f6veked\u00e9sre.<\/p>\n<p>\u201eEgy \u00fajabb gy\u00e1rt\u00e1si telephely megnyit\u00e1sa K\u00edn\u00e1ban kieg\u00e9sz\u00edti a m\u00e1r megl\u00e9v\u0151 gy\u00e1rt\u00e1si telephelyeinket N\u00e9metorsz\u00e1gban, Magyarorsz\u00e1gon \u00e9s Mexik\u00f3ban, \u00e9s lehet\u0151v\u00e9 teszi sz\u00e1munkra, hogy term\u00e9keinket m\u00e9g k\u00f6zelebb hozzuk az \u00e1zsiai \u00fcgyfelekhez&#8221; &#8211; magyar\u00e1zza Dr. Thomas Wagner, az ACPS Automotive vez\u00e9rigazgat\u00f3ja \u00e9s \u00fcgyvezet\u0151 igazgat\u00f3ja.<\/p>\n<p>Kunshan, a keleti partvid\u00e9k dinamikus gazdas\u00e1gi k\u00f6zpontjak\u00e9nt ismert v\u00e1ros, nem messze fekszik Sanghajt\u00f3l nyugatra, ahol az ACPS Automotive m\u00e1r 2023 elej\u00e9n megnyitotta els\u0151 \u00e1zsiai telephely\u00e9t a \u00e9rt\u00e9kes\u00edt\u00e9s \u00e9s a m\u00e9rn\u00f6ki tev\u00e9kenys\u00e9g ter\u00fclet\u00e9n. Ez a f\u00f6ldrajzi k\u00f6zels\u00e9g hat\u00e9kony egy\u00fcttm\u0171k\u00f6d\u00e9st tesz lehet\u0151v\u00e9 a besz\u00e1ll\u00edt\u00f3kkal \u00e9s jav\u00edtja a k\u00ednai \u00fcgyfelek kiszolg\u00e1l\u00e1s\u00e1t.<\/p>\n<p>Az Oris Automotive Systems (Kunshan) Ltd. v\u00e1llalat 2024 m\u00e1rcius\u00e1ban t\u00f6rt\u00e9nt alap\u00edt\u00e1sa al\u00e1h\u00fazza az ACPS Automotive elk\u00f6telezetts\u00e9g\u00e9t K\u00edn\u00e1ban a nemzetk\u00f6zi piacon val\u00f3 fenntarthat\u00f3 \u00e9s sikeres terjeszked\u00e9s ir\u00e1nt.<\/p>\n<strong>A v\u00e1llalat<\/strong><br \/>\nAz ACPS Automotive piacvezet\u0151 a szem\u00e9lyg\u00e9pkocsik, SUV-k \u00e9s kisteheraut\u00f3k von\u00f3szerkezeteinek ter\u00fclet\u00e9n. T\u00f6bb mint 140 szabadalom tan\u00faskodik vil\u00e1gszerte technol\u00f3giai \u00e9s innov\u00e1ci\u00f3s vezet\u0151 szerep\u00e9r\u0151l. A v\u00e1llalat \u00edgy jelent\u0151sen befoly\u00e1solta a technol\u00f3giai fejl\u0151d\u00e9st a von\u00f3horog-ter\u00fcleten. Az ACPS Automotive fejleszt\u0151k\u00e9nt \u00e9s gy\u00e1rt\u00f3k\u00e9nt a sz\u00e1ll\u00edt\u00e1si megold\u00e1sainak technol\u00f3gi\u00e1j\u00e1val m\u00e9rc\u00e9t \u00e1ll\u00edt fel sz\u00e9khely\u00e9n, Ingersheimben, valamint vil\u00e1gszerte t\u00edz telephely\u00e9n. Ez az \u00fcgyfelek jav\u00e1t szolg\u00e1lja &#8211; az els\u0151 felszerel\u00e9st gy\u00e1rt\u00f3 nemzetk\u00f6zi aut\u00f3ipar \u00e9s az ut\u00f3lagos felszerel\u00e9st gy\u00e1rt\u00f3 v\u00e1llalatok sz\u00e1m\u00e1ra. A von\u00f3berendez\u00e9sek k\u00fcl\u00f6n\u00f6sen biztons\u00e1gos \u00e9s k\u00e9nyelmes \u00f6sszek\u00f6ttet\u00e9st biztos\u00edtanak a j\u00e1rm\u0171 \u00e9s a lak\u00f3kocsi, ker\u00e9kp\u00e1rtart\u00f3k, cs\u00f3nak- \u00e9s l\u00f3sz\u00e1ll\u00edt\u00f3 p\u00f3tkocsik, valamint teherp\u00f3tkocsik k\u00f6z\u00f6tt mind a mag\u00e1n-, mind a kereskedelmi szf\u00e9r\u00e1ban. Az ACPS Automotive k\u00f6r\u00fclbel\u00fcl 2200 alkalmazottat foglalkoztat, 1955-ben alap\u00edtott\u00e1k Stuttgart k\u00f6zel\u00e9ben, \u00e9s ORIS m\u00e1rkan\u00e9v alatt v\u00e1lt ismertt\u00e9. A 2023-as \u00e1rbev\u00e9tel k\u00f6r\u00fclbel\u00fcl 440 milli\u00f3 eur\u00f3 volt.\n\t<p><a href=\"https:\/\/www.acps-automotive.com\/wp-content\/uploads\/_media\/unternehmen\/presse\/2024\/ACPS-Automotive-Kunshan-EN.pdf\" target=\"_blank\" rel=\"noopener\">Download [PDF]<\/a>\u00a0<a href=\"https:\/\/www.acps-automotive.com\/wp-content\/uploads\/_media\/unternehmen\/presse\/2024\/ORIS-Automotive-Systems-Kunshan-EN.zip\" target=\"_blank\" rel=\"noopener\">Download [Zip]<\/a><\/p>\n\t<p><a href=\"https:\/\/www.acps-automotive.com\/wp-content\/uploads\/_media\/unternehmen\/presse\/2024\/ORIS-Automotive-Systems-Kunshan.jpg\"><img loading=\"lazy\" decoding=\"async\" src=\"https:\/\/www.acps-automotive.com\/wp-content\/uploads\/_media\/unternehmen\/presse\/2024\/ORIS-Automotive-Systems-Kunshan.jpg\" alt=\"\" width=\"300\" height=\"210\" \/><\/a><\/p>\n\t<p>2025 m\u00e1sodik negyed\u00e9v\u00e9t\u0151l az Oris Automotive Systems (Kunshan) Ltd. gy\u00e1rt\u00f3\u00fczeme megkezdi a sorozatgy\u00e1rt\u00e1st a German Industrial Park (GIP) ter\u00fclet\u00e9n.<\/p>\n\t<h2><strong>Sajt\u00f3kapcsolat<\/strong><\/h2>\n<strong>ACPS Automotive GmbH<\/strong><br \/>\nDagmar Hinz |\u00a0Kommunik\u00e1ci\u00f3s \u00e9s marketing menedzser<br \/>\nBertha-Benz-Str. 2, 74379 Ingersheim, N\u00e9metorsz\u00e1g\nTel: +49 (0) 7142 9930-124<br \/>\nE-Mail: <a href=\"mailto:d&#97;&#103;&#109;&#97;&#114;&#46;&#104;&#105;&#110;&#122;&#x40;&#x61;&#x63;&#x70;&#x73;&#x2d;&#x61;&#x75;&#x74;&#x6f;&#x6d;&#x6f;&#x74;&#x69;&#x76;e&#46;com\">&#100;&#x61;&#103;&#x6d;&#97;&#x72;&#46;&#x68;&#105;&#x6e;&#122;&#x40;&#97;&#x63;&#112;&#x73;&#45;&#x61;&#117;&#x74;&#111;&#x6d;&#111;&#x74;&#105;&#x76;e&#x2e;c&#x6f;m<\/a>\n\t<p>\u2190 <a href=\"https:\/\/www.acps-automotive.com\/hu\/vallalatok\/sajto\/\">vissza az \u00e1ttekint\u00e9shez<\/a><\/p>\n\n<\/div><!-- .vgblk-rw-wrapper -->","protected":false},"excerpt":{"rendered":"<p>2024.04.08 | Az ACPS Automotive az Oris Automotive Systems (Kunshan) Ltd. alap\u00edt\u00e1s\u00e1val er\u0151s\u00edti glob\u00e1lis jelenl\u00e9t\u00e9t K\u00edn\u00e1ban 2024. m\u00e1rcius 18-\u00e1n az ACPS Automotive az Oris Automotive Systems (Kunshan) Ltd. v\u00e1llalat alap\u00edt\u00e1s\u00e1val fontos l\u00e9p\u00e9st tett annak \u00e9rdek\u00e9ben, hogy 2025-t\u0151l z\u00f6kken\u0151mentesen indulhasson a termel\u00e9s \u00faj k\u00ednai gy\u00e1r\u00e1ban. Ugyanakkor a v\u00e1llalat glob\u00e1lis terjeszked\u00e9si strat\u00e9gi\u00e1j\u00e1nak r\u00e9szek\u00e9nt m\u00e1r 2024 janu\u00e1rj\u00e1ban egy\u00fcttm\u0171k\u00f6d\u00e9si&#8230;<\/p>\n","protected":false},"author":1,"featured_media":0,"parent":27201,"menu_order":1,"comment_status":"closed","ping_status":"closed","template":"","meta":{"inline_featured_image":false,"_price":"","_stock":"","_tribe_ticket_header":"","_tribe_default_ticket_provider":"","_tribe_ticket_capacity":"0","_ticket_start_date":"","_ticket_end_date":"","_tribe_ticket_show_description":"","_tribe_ticket_show_not_going":false,"_tribe_ticket_use_global_stock":"","_tribe_ticket_global_stock_level":"","_global_stock_mode":"","_global_stock_cap":"","_tribe_rsvp_for_event":"","_tribe_ticket_going_count":"","_tribe_ticket_not_going_count":"","_tribe_tickets_list":"[]","_tribe_ticket_has_attendee_info_fields":false,"footnotes":""},"class_list":["post-29607","page","type-page","status-publish","hentry"],"yoast_head":"<!-- This site is optimized with the Yoast SEO plugin v27.2 - https:\/\/yoast.com\/product\/yoast-seo-wordpress\/ -->\n<title>Sajt\u00f3 | ACPS Automotive<\/title>\n<meta name=\"description\" content=\"Itt tal\u00e1lja az ACPS Automotive legfrissebb sajt\u00f3k\u00f6zlem\u00e9nyeit. \u25baRengeteg hasznos inform\u00e1ci\u00f3 az \u00d6n sz\u00e1m\u00e1ra.\" \/>\n<meta name=\"robots\" content=\"index, follow, max-snippet:-1, max-image-preview:large, max-video-preview:-1\" \/>\n<link rel=\"canonical\" href=\"https:\/\/www.acps-automotive.com\/hu\/vallalatok\/sajto\/az-oris-automotive-systems-kunshan-alapitasa-kinaban\/\" \/>\n<meta property=\"og:locale\" content=\"hu_HU\" \/>\n<meta property=\"og:type\" content=\"article\" \/>\n<meta property=\"og:title\" content=\"Sajt\u00f3 | ACPS Automotive\" \/>\n<meta property=\"og:description\" content=\"Itt tal\u00e1lja az ACPS Automotive legfrissebb sajt\u00f3k\u00f6zlem\u00e9nyeit. \u25baRengeteg hasznos inform\u00e1ci\u00f3 az \u00d6n sz\u00e1m\u00e1ra.\" \/>\n<meta property=\"og:url\" content=\"https:\/\/www.acps-automotive.com\/hu\/vallalatok\/sajto\/az-oris-automotive-systems-kunshan-alapitasa-kinaban\/\" \/>\n<meta property=\"og:site_name\" content=\"ACPS Automotive GmbH\" \/>\n<meta property=\"article:modified_time\" content=\"2026-03-10T10:47:24+00:00\" \/>\n<meta property=\"og:image\" content=\"https:\/\/www.acps-automotive.com\/wp-content\/uploads\/_media\/unternehmen\/presse\/2024\/ORIS-Automotive-Systems-Kunshan.jpg\" \/>\n<meta name=\"twitter:card\" content=\"summary_large_image\" \/>\n<meta name=\"twitter:site\" content=\"@ACPS_Automotive\" \/>\n<meta name=\"twitter:label1\" content=\"Becs\u00fclt olvas\u00e1si id\u0151\" \/>\n\t<meta name=\"twitter:data1\" content=\"4 perc\" \/>\n<script type=\"application\/ld+json\" class=\"yoast-schema-graph\">{\"@context\":\"https:\/\/schema.org\",\"@graph\":[{\"@type\":\"WebPage\",\"@id\":\"https:\/\/www.acps-automotive.com\/hu\/vallalatok\/sajto\/az-oris-automotive-systems-kunshan-alapitasa-kinaban\/\",\"url\":\"https:\/\/www.acps-automotive.com\/hu\/vallalatok\/sajto\/az-oris-automotive-systems-kunshan-alapitasa-kinaban\/\",\"name\":\"Sajt\u00f3 | ACPS Automotive\",\"isPartOf\":{\"@id\":\"https:\/\/www.acps-automotive.com\/hu\/#website\"},\"primaryImageOfPage\":{\"@id\":\"https:\/\/www.acps-automotive.com\/hu\/vallalatok\/sajto\/az-oris-automotive-systems-kunshan-alapitasa-kinaban\/#primaryimage\"},\"image\":{\"@id\":\"https:\/\/www.acps-automotive.com\/hu\/vallalatok\/sajto\/az-oris-automotive-systems-kunshan-alapitasa-kinaban\/#primaryimage\"},\"thumbnailUrl\":\"https:\/\/www.acps-automotive.com\/wp-content\/uploads\/_media\/unternehmen\/presse\/2024\/ORIS-Automotive-Systems-Kunshan.jpg\",\"datePublished\":\"2026-03-10T10:44:32+00:00\",\"dateModified\":\"2026-03-10T10:47:24+00:00\",\"description\":\"Itt tal\u00e1lja az ACPS Automotive legfrissebb sajt\u00f3k\u00f6zlem\u00e9nyeit. \u25baRengeteg hasznos inform\u00e1ci\u00f3 az \u00d6n sz\u00e1m\u00e1ra.\",\"breadcrumb\":{\"@id\":\"https:\/\/www.acps-automotive.com\/hu\/vallalatok\/sajto\/az-oris-automotive-systems-kunshan-alapitasa-kinaban\/#breadcrumb\"},\"inLanguage\":\"hu\",\"potentialAction\":[{\"@type\":\"ReadAction\",\"target\":[\"https:\/\/www.acps-automotive.com\/hu\/vallalatok\/sajto\/az-oris-automotive-systems-kunshan-alapitasa-kinaban\/\"]}]},{\"@type\":\"ImageObject\",\"inLanguage\":\"hu\",\"@id\":\"https:\/\/www.acps-automotive.com\/hu\/vallalatok\/sajto\/az-oris-automotive-systems-kunshan-alapitasa-kinaban\/#primaryimage\",\"url\":\"https:\/\/www.acps-automotive.com\/wp-content\/uploads\/_media\/unternehmen\/presse\/2024\/ORIS-Automotive-Systems-Kunshan.jpg\",\"contentUrl\":\"https:\/\/www.acps-automotive.com\/wp-content\/uploads\/_media\/unternehmen\/presse\/2024\/ORIS-Automotive-Systems-Kunshan.jpg\"},{\"@type\":\"BreadcrumbList\",\"@id\":\"https:\/\/www.acps-automotive.com\/hu\/vallalatok\/sajto\/az-oris-automotive-systems-kunshan-alapitasa-kinaban\/#breadcrumb\",\"itemListElement\":[{\"@type\":\"ListItem\",\"position\":1,\"name\":\"Startseite\",\"item\":\"https:\/\/www.acps-automotive.com\/hu\/\"},{\"@type\":\"ListItem\",\"position\":2,\"name\":\"V\u00e1llalatok\",\"item\":\"https:\/\/www.acps-automotive.com\/hu\/vallalatok\/\"},{\"@type\":\"ListItem\",\"position\":3,\"name\":\"Sajt\u00f3\",\"item\":\"https:\/\/www.acps-automotive.com\/hu\/vallalatok\/sajto\/\"},{\"@type\":\"ListItem\",\"position\":4,\"name\":\"Az ACPS Automotive az Oris Automotive Systems (Kunshan) Ltd. alap\u00edt\u00e1s\u00e1val er\u0151s\u00edti glob\u00e1lis jelenl\u00e9t\u00e9t K\u00edn\u00e1ban\"}]},{\"@type\":\"WebSite\",\"@id\":\"https:\/\/www.acps-automotive.com\/hu\/#website\",\"url\":\"https:\/\/www.acps-automotive.com\/hu\/\",\"name\":\"ACPS Automotive GmbH\",\"description\":\"Innovative Anh\u00e4ngekupplungen\",\"publisher\":{\"@id\":\"https:\/\/www.acps-automotive.com\/hu\/#organization\"},\"potentialAction\":[{\"@type\":\"SearchAction\",\"target\":{\"@type\":\"EntryPoint\",\"urlTemplate\":\"https:\/\/www.acps-automotive.com\/hu\/?s={search_term_string}\"},\"query-input\":{\"@type\":\"PropertyValueSpecification\",\"valueRequired\":true,\"valueName\":\"search_term_string\"}}],\"inLanguage\":\"hu\"},{\"@type\":\"Organization\",\"@id\":\"https:\/\/www.acps-automotive.com\/hu\/#organization\",\"name\":\"ACPS Automotive GmbH\",\"url\":\"https:\/\/www.acps-automotive.com\/hu\/\",\"logo\":{\"@type\":\"ImageObject\",\"inLanguage\":\"hu\",\"@id\":\"https:\/\/www.acps-automotive.com\/hu\/#\/schema\/logo\/image\/\",\"url\":\"https:\/\/www.acps-automotive.com\/wp-content\/uploads\/_media\/_allgemein\/Logo-Footer-ACPS-Automotive.png\",\"contentUrl\":\"https:\/\/www.acps-automotive.com\/wp-content\/uploads\/_media\/_allgemein\/Logo-Footer-ACPS-Automotive.png\",\"width\":239,\"height\":32,\"caption\":\"ACPS Automotive GmbH\"},\"image\":{\"@id\":\"https:\/\/www.acps-automotive.com\/hu\/#\/schema\/logo\/image\/\"},\"sameAs\":[\"https:\/\/x.com\/ACPS_Automotive\",\"https:\/\/www.linkedin.com\/company\/acps-automotive-gmbh\/\",\"https:\/\/www.instagram.com\/acps_ausbildung\/\",\"https:\/\/www.youtube.com\/channel\/UC2jxrgWwpxpkay2aHWV5SaQ\"]}]}<\/script>\n<!-- \/ Yoast SEO plugin. -->","yoast_head_json":{"title":"Sajt\u00f3 | ACPS Automotive","description":"Itt tal\u00e1lja az ACPS Automotive legfrissebb sajt\u00f3k\u00f6zlem\u00e9nyeit. \u25baRengeteg hasznos inform\u00e1ci\u00f3 az \u00d6n sz\u00e1m\u00e1ra.","robots":{"index":"index","follow":"follow","max-snippet":"max-snippet:-1","max-image-preview":"max-image-preview:large","max-video-preview":"max-video-preview:-1"},"canonical":"https:\/\/www.acps-automotive.com\/hu\/vallalatok\/sajto\/az-oris-automotive-systems-kunshan-alapitasa-kinaban\/","og_locale":"hu_HU","og_type":"article","og_title":"Sajt\u00f3 | ACPS Automotive","og_description":"Itt tal\u00e1lja az ACPS Automotive legfrissebb sajt\u00f3k\u00f6zlem\u00e9nyeit. \u25baRengeteg hasznos inform\u00e1ci\u00f3 az \u00d6n sz\u00e1m\u00e1ra.","og_url":"https:\/\/www.acps-automotive.com\/hu\/vallalatok\/sajto\/az-oris-automotive-systems-kunshan-alapitasa-kinaban\/","og_site_name":"ACPS Automotive GmbH","article_modified_time":"2026-03-10T10:47:24+00:00","og_image":[{"url":"https:\/\/www.acps-automotive.com\/wp-content\/uploads\/_media\/unternehmen\/presse\/2024\/ORIS-Automotive-Systems-Kunshan.jpg","type":"","width":"","height":""}],"twitter_card":"summary_large_image","twitter_site":"@ACPS_Automotive","twitter_misc":{"Becs\u00fclt olvas\u00e1si id\u0151":"4 perc"},"schema":{"@context":"https:\/\/schema.org","@graph":[{"@type":"WebPage","@id":"https:\/\/www.acps-automotive.com\/hu\/vallalatok\/sajto\/az-oris-automotive-systems-kunshan-alapitasa-kinaban\/","url":"https:\/\/www.acps-automotive.com\/hu\/vallalatok\/sajto\/az-oris-automotive-systems-kunshan-alapitasa-kinaban\/","name":"Sajt\u00f3 | ACPS Automotive","isPartOf":{"@id":"https:\/\/www.acps-automotive.com\/hu\/#website"},"primaryImageOfPage":{"@id":"https:\/\/www.acps-automotive.com\/hu\/vallalatok\/sajto\/az-oris-automotive-systems-kunshan-alapitasa-kinaban\/#primaryimage"},"image":{"@id":"https:\/\/www.acps-automotive.com\/hu\/vallalatok\/sajto\/az-oris-automotive-systems-kunshan-alapitasa-kinaban\/#primaryimage"},"thumbnailUrl":"https:\/\/www.acps-automotive.com\/wp-content\/uploads\/_media\/unternehmen\/presse\/2024\/ORIS-Automotive-Systems-Kunshan.jpg","datePublished":"2026-03-10T10:44:32+00:00","dateModified":"2026-03-10T10:47:24+00:00","description":"Itt tal\u00e1lja az ACPS Automotive legfrissebb sajt\u00f3k\u00f6zlem\u00e9nyeit. \u25baRengeteg hasznos inform\u00e1ci\u00f3 az \u00d6n sz\u00e1m\u00e1ra.","breadcrumb":{"@id":"https:\/\/www.acps-automotive.com\/hu\/vallalatok\/sajto\/az-oris-automotive-systems-kunshan-alapitasa-kinaban\/#breadcrumb"},"inLanguage":"hu","potentialAction":[{"@type":"ReadAction","target":["https:\/\/www.acps-automotive.com\/hu\/vallalatok\/sajto\/az-oris-automotive-systems-kunshan-alapitasa-kinaban\/"]}]},{"@type":"ImageObject","inLanguage":"hu","@id":"https:\/\/www.acps-automotive.com\/hu\/vallalatok\/sajto\/az-oris-automotive-systems-kunshan-alapitasa-kinaban\/#primaryimage","url":"https:\/\/www.acps-automotive.com\/wp-content\/uploads\/_media\/unternehmen\/presse\/2024\/ORIS-Automotive-Systems-Kunshan.jpg","contentUrl":"https:\/\/www.acps-automotive.com\/wp-content\/uploads\/_media\/unternehmen\/presse\/2024\/ORIS-Automotive-Systems-Kunshan.jpg"},{"@type":"BreadcrumbList","@id":"https:\/\/www.acps-automotive.com\/hu\/vallalatok\/sajto\/az-oris-automotive-systems-kunshan-alapitasa-kinaban\/#breadcrumb","itemListElement":[{"@type":"ListItem","position":1,"name":"Startseite","item":"https:\/\/www.acps-automotive.com\/hu\/"},{"@type":"ListItem","position":2,"name":"V\u00e1llalatok","item":"https:\/\/www.acps-automotive.com\/hu\/vallalatok\/"},{"@type":"ListItem","position":3,"name":"Sajt\u00f3","item":"https:\/\/www.acps-automotive.com\/hu\/vallalatok\/sajto\/"},{"@type":"ListItem","position":4,"name":"Az ACPS Automotive az Oris Automotive Systems (Kunshan) Ltd. alap\u00edt\u00e1s\u00e1val er\u0151s\u00edti glob\u00e1lis jelenl\u00e9t\u00e9t K\u00edn\u00e1ban"}]},{"@type":"WebSite","@id":"https:\/\/www.acps-automotive.com\/hu\/#website","url":"https:\/\/www.acps-automotive.com\/hu\/","name":"ACPS Automotive GmbH","description":"Innovative Anh\u00e4ngekupplungen","publisher":{"@id":"https:\/\/www.acps-automotive.com\/hu\/#organization"},"potentialAction":[{"@type":"SearchAction","target":{"@type":"EntryPoint","urlTemplate":"https:\/\/www.acps-automotive.com\/hu\/?s={search_term_string}"},"query-input":{"@type":"PropertyValueSpecification","valueRequired":true,"valueName":"search_term_string"}}],"inLanguage":"hu"},{"@type":"Organization","@id":"https:\/\/www.acps-automotive.com\/hu\/#organization","name":"ACPS Automotive GmbH","url":"https:\/\/www.acps-automotive.com\/hu\/","logo":{"@type":"ImageObject","inLanguage":"hu","@id":"https:\/\/www.acps-automotive.com\/hu\/#\/schema\/logo\/image\/","url":"https:\/\/www.acps-automotive.com\/wp-content\/uploads\/_media\/_allgemein\/Logo-Footer-ACPS-Automotive.png","contentUrl":"https:\/\/www.acps-automotive.com\/wp-content\/uploads\/_media\/_allgemein\/Logo-Footer-ACPS-Automotive.png","width":239,"height":32,"caption":"ACPS Automotive GmbH"},"image":{"@id":"https:\/\/www.acps-automotive.com\/hu\/#\/schema\/logo\/image\/"},"sameAs":["https:\/\/x.com\/ACPS_Automotive","https:\/\/www.linkedin.com\/company\/acps-automotive-gmbh\/","https:\/\/www.instagram.com\/acps_ausbildung\/","https:\/\/www.youtube.com\/channel\/UC2jxrgWwpxpkay2aHWV5SaQ"]}]}},"_links":{"self":[{"href":"https:\/\/www.acps-automotive.com\/hu\/wp-json\/wp\/v2\/pages\/29607","targetHints":{"allow":["GET"]}}],"collection":[{"href":"https:\/\/www.acps-automotive.com\/hu\/wp-json\/wp\/v2\/pages"}],"about":[{"href":"https:\/\/www.acps-automotive.com\/hu\/wp-json\/wp\/v2\/types\/page"}],"author":[{"embeddable":true,"href":"https:\/\/www.acps-automotive.com\/hu\/wp-json\/wp\/v2\/users\/1"}],"replies":[{"embeddable":true,"href":"https:\/\/www.acps-automotive.com\/hu\/wp-json\/wp\/v2\/comments?post=29607"}],"version-history":[{"count":5,"href":"https:\/\/www.acps-automotive.com\/hu\/wp-json\/wp\/v2\/pages\/29607\/revisions"}],"predecessor-version":[{"id":29613,"href":"https:\/\/www.acps-automotive.com\/hu\/wp-json\/wp\/v2\/pages\/29607\/revisions\/29613"}],"up":[{"embeddable":true,"href":"https:\/\/www.acps-automotive.com\/hu\/wp-json\/wp\/v2\/pages\/27201"}],"wp:attachment":[{"href":"https:\/\/www.acps-automotive.com\/hu\/wp-json\/wp\/v2\/media?parent=29607"}],"curies":[{"name":"wp","href":"https:\/\/api.w.org\/{rel}","templated":true}]}}