{"id":29600,"date":"2026-03-10T11:34:17","date_gmt":"2026-03-10T10:34:17","guid":{"rendered":"https:\/\/www.acps-automotive.com\/?page_id=29600"},"modified":"2026-03-10T11:39:04","modified_gmt":"2026-03-10T10:39:04","slug":"indulas-az-eszak-amerikai-utangyartott-alkatreszpiacon","status":"publish","type":"page","link":"https:\/\/www.acps-automotive.com\/hu\/vallalatok\/sajto\/indulas-az-eszak-amerikai-utangyartott-alkatreszpiacon\/","title":{"rendered":"Indul\u00e1s az \u00e9szak-amerikai ut\u00e1ngy\u00e1rtott alkatr\u00e9szpiacon"},"content":{"rendered":"<div class=\"vgblk-rw-wrapper limit-wrapper\">\n\n\t<h3><strong>2023.10.25 | <\/strong>Indul\u00e1s az \u00e9szak-amerikai ut\u00e1ngy\u00e1rtott alkatr\u00e9szpiacon<\/h3>\n<p><strong>Forgathat\u00f3 \u00e9s levehet\u0151 vev\u0151k\u00e9sz\u00fcl\u00e9kek: az ACPS Automotive pr\u00e9mium ORIS technol\u00f3gi\u00e1t hoz az \u00e9szak-amerikai ut\u00e1ngy\u00e1rtott alkatr\u00e9szpiacra.<\/strong><\/p>\n<p><strong>Pr\u00e9mium m\u00e1rk\u00e1j\u00e1val, az ORIS-szal az ACPS Automotive piacvezet\u0151 a szem\u00e9lyg\u00e9pkocsik, SUV-k \u00e9s kisteheraut\u00f3k p\u00f3tkocsikupplungjainak fejleszt\u00e9se, gy\u00e1rt\u00e1sa \u00e9s forgalmaz\u00e1sa ter\u00e9n Eur\u00f3p\u00e1ban. Most az ORIS k\u00e9t innovat\u00edv von\u00f3horog-technol\u00f3gi\u00e1val is bel\u00e9p az \u00e9szak-amerikai p\u00f3talkatr\u00e9sz-piacra. A n\u00e9metorsz\u00e1gi sz\u00e9khely\u0171 v\u00e1llalat \u00e9s \u00e9szak-amerikai le\u00e1nyv\u00e1llalata Troyban, Michiganben, partnerk\u00e9nt megnyerte a j\u00f3l ismert amerikai TowSmart m\u00e1rk\u00e1t. A sz\u00e1ll\u00edt\u00e1si ig\u00e9nyek szak\u00e9rt\u0151je \u00e1tveszi az innovat\u00edv ORIS-technol\u00f3gi\u00e1k \u00e9rt\u00e9kes\u00edt\u00e9s\u00e9t \u00c9szak-Amerik\u00e1ban.<\/strong><\/p>\n<p>Az ACPS Automotive Troy-b\u00f3l m\u0171k\u00f6dik az \u00e9szak-amerikai piacon, \u00e9s most a p\u00f3talkatr\u00e9sz-piacra val\u00f3 bel\u00e9p\u00e9ssel tov\u00e1bbi n\u00f6veked\u00e9st k\u00edv\u00e1n gener\u00e1lni az Egyes\u00fclt \u00c1llamokban: a vil\u00e1g els\u0151 disappearing trailer hitchTM feltal\u00e1l\u00f3ja most teljes know-how-j\u00e1t \u00e9s tapasztalat\u00e1t \u00e1tadja az eur\u00f3pai piacr\u00f3l az \u00e9szak-amerikai piacra.<\/p>\n<p>Az ACPS Automotive m\u00e1r kor\u00e1bban is fejlesztett \u00e9s gy\u00e1rtott von\u00f3horogokat aut\u00f3gy\u00e1rt\u00f3k sz\u00e1m\u00e1ra vil\u00e1gszerte. Az \u00e9szak-amerikai ut\u00e1ngy\u00e1rtott alkatr\u00e9szpiacon az intuit\u00edv ORIS von\u00f3horog-technol\u00f3gi\u00e1t kifejezetten az \u00fczemanyag-takar\u00e9kos \u00e9s elektromos j\u00e1rm\u0171vekhez k\u00edn\u00e1lj\u00e1k majd. Az ORIS von\u00f3horogok mozgathat\u00f3k \u00e9s sokoldal\u00faan haszn\u00e1lhat\u00f3k. P\u00e1ratlan biztons\u00e1got \u00e9s tart\u00f3ss\u00e1got k\u00edn\u00e1lnak egy ultramodern kialak\u00edt\u00e1sban, amely n\u00f6veli a j\u00e1rm\u0171 \u00e9rt\u00e9k\u00e9t, ahelyett, hogy cs\u00f6kkenten\u00e9 azt.<\/p>\n<p>Eddig kiz\u00e1r\u00f3lag az ACPS Automotive k\u00edn\u00e1lt forgathat\u00f3 vev\u0151egys\u00e9geket az amerikai OE piacon, \u00e9s azt is csak n\u00e9h\u00e1ny j\u00e1rm\u0171modellhez. A v\u00e1llalat most k\u00e9t \u00faj, innovat\u00edv von\u00f3horog-technol\u00f3gi\u00e1nak k\u00f6sz\u00f6nhet\u0151en ezt a term\u00e9kcsal\u00e1dot az \u00e9szak-amerikai p\u00f3talkatr\u00e9sz-piacon is el\u00e9rhet\u0151v\u00e9 teszi. Mindk\u00e9t rendszer akkor \u00e1ll rendelkez\u00e9sre, amikor sz\u00fcks\u00e9g van r\u00e1, an\u00e9lk\u00fcl, hogy befoly\u00e1soln\u00e1 a j\u00e1rm\u0171 kialak\u00edt\u00e1s\u00e1t.<\/p>\n<strong>ORIS DM-III disappearing hitch<sup>TM<\/sup><\/strong><br \/>\nAz ORIS DM-III disappearing hitch<sup>TM<\/sup> ide\u00e1lis megold\u00e1s mindazok sz\u00e1m\u00e1ra, akik a gyorsas\u00e1got, \u00e9s mindenekel\u0151tt a felhaszn\u00e1l\u00f3bar\u00e1t kezelhet\u0151s\u00e9get \u00e9s k\u00e9nyelmet keresik. Az ORIS DM-III disappearing hitch<sup>TM<\/sup> csak akkor l\u00e1that\u00f3, ha sz\u00fcks\u00e9g van r\u00e1. Egyetlen mozdulattal a vev\u0151egys\u00e9g m\u0171k\u00f6d\u00e9si helyzetbe fordul \u00e9s azonnal reteszel\u0151dik. Ha a von\u00f3horogra nincs sz\u00fcks\u00e9g, a vev\u0151egys\u00e9g egyetlen mozdulattal, a kart megh\u00fazva \u00e9s egyszer\u0171en h\u00e1tratolva elt\u0171nik a l\u00f6kh\u00e1r\u00edt\u00f3 m\u00f6g\u00f6tt.\n<p><strong>Az ORIS DM III disappearing hitch<sup>TM<\/sup> rendszerrel az ACPS Automotive egy ut\u00f3lagosan felszerelhet\u0151 rendszert fejlesztett ki, amely gyors \u00e9s k\u00e9nyelmes kezel\u00e9ssel, robusztus kialak\u00edt\u00e1ssal \u00e9s egyszer\u0171 szerel\u00e9ssel jellemezhet\u0151.<\/strong><\/p>\n<strong>Leszerelhet\u0151 vev\u0151egys\u00e9g ORIS AK41<\/strong><br \/>\nAzok sz\u00e1m\u00e1ra, akik csak alkalmank\u00e9nt haszn\u00e1lnak von\u00f3horogot, \u00e9s fontos sz\u00e1mukra j\u00e1rm\u0171v\u00fck megjelen\u00e9se, valamint a j\u00f3 \u00e1r-\u00e9rt\u00e9k ar\u00e1ny, a saj\u00e1t aut\u00f3jukra r\u00f6gz\u00edtett vagy forgathat\u00f3 von\u00f3horog nem jelent hozz\u00e1adott \u00e9rt\u00e9ket. Itt j\u00f6n k\u00e9pbe az ACPS Automotive innovat\u00edv, levehet\u0151 ORIS AK41 von\u00f3horog-technol\u00f3gi\u00e1ja.\n<p>A rendszer robusztus, OE min\u0151s\u00e9g\u0171 konstrukci\u00f3val rendelkezik. Ha nincs r\u00e1 sz\u00fcks\u00e9g, a vev\u0151egys\u00e9g egyszer\u0171en leszerelhet\u0151. Az ORIS AK41 seg\u00edts\u00e9g\u00e9vel az aut\u00f3sok meg\u0151rizhetik j\u00e1rm\u0171v\u00fck megjelen\u00e9s\u00e9t. Emellett egyszer\u0171 szerel\u00e9s, valamint biztons\u00e1gos \u00e9s teljesen automatikus reteszel\u00e9s el\u0151nyeit is \u00e9lvezhetik. A reteszel\u0151 mechanizmust \u00e9vek \u00f3ta haszn\u00e1lj\u00e1k a vezet\u0151 aut\u00f3gy\u00e1rt\u00f3k.<\/p>\n<p><strong>Az ORIS AK41 vev\u0151egys\u00e9g egy\u00e9rtelm\u0171en az ide\u00e1lis megold\u00e1s azoknak az aut\u00f3soknak, akik kev\u00e9sb\u00e9 tartj\u00e1k fontosnak a sebess\u00e9get \u00e9s a k\u00e9nyelmet, \u00e9s sokkal ink\u00e1bb az \u00e1rra figyelnek.<\/strong><\/p>\n<p>A rugalmass\u00e1gra \u00e9s a felhaszn\u00e1l\u00f3bar\u00e1t kialak\u00edt\u00e1sra tervezett ORIS ut\u00f3lagosan felszerelhet\u0151 vev\u0151k\u00e9sz\u00fcl\u00e9kek minden el\u0151ny\u00e9t k\u00edn\u00e1lj\u00e1k a forgathat\u00f3 \u00e9s leszerelhet\u0151 rendszereknek, amelyeket eredetileg az aut\u00f3gy\u00e1rt\u00f3k szerelnek be. Ak\u00e1r szabadid\u0151s, ak\u00e1r \u00fczleti c\u00e9lokra: az ORIS minden ig\u00e9nyhez megfelel\u0151 von\u00f3horog-megold\u00e1st k\u00edn\u00e1l.<\/p>\n<strong>\u201eORIS technology offered by TowSmart&#8221;<\/strong><br \/>\nAz ORIS ut\u00f3lagos felszerel\u00e9sre sz\u00e1nt term\u00e9keit a Winston Products, LLC ismert amerikai m\u00e1rk\u00e1ja, a TowSmart forgalmazza. A TowSmart az ORIS m\u00e1rk\u00e1t \u201eORIS technology offered by TowSmart&#8221; n\u00e9ven mutatja be. Az amerikai ut\u00f3lagos felszerel\u00e9sek piac\u00e1nak vezet\u0151 v\u00e1llalatak\u00e9nt \u00e9s a p\u00f3tkocsi-vontat\u00f3k piac\u00e1nak elismert szak\u00e9rt\u0151jek\u00e9nt a TowSmart c\u00e9lja, hogy el\u0151seg\u00edtse az ORIS technol\u00f3gi\u00e1k jobb meg\u00e9rt\u00e9s\u00e9t \u00e9s a ir\u00e1ntuk val\u00f3 kereslet n\u00f6veked\u00e9s\u00e9t.\n<p>A Winston a SEMA Show-n Las Vegasban, okt\u00f3ber 31. \u00e9s november 3. k\u00f6z\u00f6tt mutatja be az ORIS m\u00e1rk\u00e1t \u00e9s innovat\u00edv term\u00e9keit, k\u00fcl\u00f6n\u00f6sen a DM-III disappearing trailer hitch\u2122-et az \u00e9szak-amerikai piacnak. A hivatalos piacra dob\u00e1s 2024 els\u0151 negyed\u00e9v\u00e9ben t\u00f6rt\u00e9nik.<\/p>\n<p>Az \u00e9szak-amerikai ut\u00e1ngy\u00e1rtott alkatr\u00e9szpiacra sz\u00e1nt els\u0151 term\u00e9kek k\u00f6z\u00f6tt szerepel az ORIS DM-III disappearing hitch\u2122 a Tesla Model S, a Ford Mach-e \u00e9s a Cadillac XT-4 modellekhez, m\u00edg az ORIS AK41 levehet\u0151 technol\u00f3gia a Toyota RAV4, a Volvo XC60 \u00e9s a Mercedes GLB\/GLA modellekben deb\u00fct\u00e1l. \u00daj fejleszt\u00e9sek tov\u00e1bbi j\u00e1rm\u0171modellekhez is k\u00f6vetkezni fognak.<\/p>\n<p>&nbsp;<\/p>\n<strong>R\u00f3lunk<\/strong><br \/>\nT\u00f6bb mint 65 \u00e9ves tapasztalattal, t\u00f6bb mint 2200 alkalmazottal \u00e9s h\u00e1rom gy\u00e1rral az ACPS Automotive ma vil\u00e1gszerte technol\u00f3giai \u00e9s piaci vezet\u0151 szerepet t\u00f6lt be a szem\u00e9lyg\u00e9pkocsik, SUV-k \u00e9s kisteheraut\u00f3k p\u00f3tkocsikupplungjainak ter\u00fclet\u00e9n Eur\u00f3p\u00e1ban. T\u00f6bb mint 140 vil\u00e1gszerte bejegyzett szabadalom tan\u00faskodik a v\u00e1llalat technol\u00f3giai \u00e9s innov\u00e1ci\u00f3s vezet\u0151 szerep\u00e9r\u0151l, amely jelent\u0151sen hozz\u00e1j\u00e1rul a technol\u00f3giai fejl\u0151d\u00e9shez az innovat\u00edv p\u00f3tkocsi-megold\u00e1sok ter\u00fclet\u00e9n. Fejleszt\u0151k\u00e9nt \u00e9s gy\u00e1rt\u00f3k\u00e9nt az ACPS Automotive n\u00e9metorsz\u00e1gi sz\u00e9khely\u00e9n \u00e9s vil\u00e1gszerte t\u00edz telephely\u00e9n szabv\u00e1nyokat \u00e1ll\u00edt fel.<br \/>\nAz ACPS Automotive Inc. le\u00e1nyv\u00e1llalat Troyban, Michiganben fejleszti, gy\u00e1rtja \u00e9s forgalmazza innovat\u00edv \u00e9s biztons\u00e1gos p\u00f3tkocsi-von\u00f3szerkezeteit \u00c9szak-Amerik\u00e1ban.<br \/>\n\u00dcgyfelei &#8211; az els\u0151 felszerel\u00e9st gy\u00e1rt\u00f3 nemzetk\u00f6zi aut\u00f3ipar \u00e9s az aut\u00f3ipari ut\u00e1ngy\u00e1rtott alkatr\u00e9szek piac\u00e1n m\u0171k\u00f6d\u0151 v\u00e1llalatok &#8211; jav\u00e1t szolg\u00e1lja. A von\u00f3horogok k\u00fcl\u00f6n\u00f6sen biztons\u00e1gos \u00e9s k\u00e9nyelmes \u00f6sszek\u00f6ttet\u00e9st biztos\u00edtanak j\u00e1rm\u0171vek \u00e9s lak\u00f3kocsik, ker\u00e9kp\u00e1rtart\u00f3k, cs\u00f3nak- \u00e9s l\u00f3sz\u00e1ll\u00edt\u00f3 p\u00f3tkocsik k\u00f6z\u00f6tt mag\u00e1n- \u00e9s kereskedelmi ter\u00fcleten egyar\u00e1nt. Az ACPS Automotive-ot 1955-ben alap\u00edtott\u00e1k Stuttgart k\u00f6zel\u00e9ben, N\u00e9metorsz\u00e1gban, \u00e9s Eur\u00f3p\u00e1ban az ORIS m\u00e1rkan\u00e9v alatt ismert. 2022-ben az \u00e9ves \u00e1rbev\u00e9tel k\u00f6r\u00fclbel\u00fcl 360 milli\u00f3 eur\u00f3 volt.\n\t<p><a href=\"https:\/\/www.acps-automotive.com\/wp-content\/uploads\/_media\/unternehmen\/presse\/2023\/Kick-off-North-American-Aftermarket.pdf\" target=\"_blank\" rel=\"noopener\">Download [PDF]<\/a>\u00a0<a href=\"https:\/\/www.acps-automotive.com\/wp-content\/uploads\/_media\/unternehmen\/presse\/2023\/Kick-off-North-American-Aftermarket.zip\" target=\"_blank\" rel=\"noopener\">Download [Zip]<\/a><\/p>\n\t<p><a href=\"https:\/\/www.acps-automotive.com\/wp-content\/uploads\/_media\/unternehmen\/presse\/2023\/ORIS-DM-III-disappearing-trailer-hitches-scaled.jpg\"><img loading=\"lazy\" decoding=\"async\" src=\"https:\/\/www.acps-automotive.com\/wp-content\/uploads\/_media\/unternehmen\/presse\/2023\/ORIS-DM-III-disappearing-trailer-hitches-300x172.jpg\" alt=\"\" width=\"300\" height=\"172\" \/><\/a><\/p>\n\t<h2><strong>Sajt\u00f3kapcsolat<\/strong><\/h2>\n<strong>ACPS Automotive GmbH<\/strong><br \/>\nDagmar Hinz |\u00a0Kommunik\u00e1ci\u00f3s \u00e9s marketing menedzser<br \/>\nBertha-Benz-Str. 2, 74379 Ingersheim, N\u00e9metorsz\u00e1g\nTel: +49 (0) 7142 9930-124<br \/>\nE-Mail: <a href=\"&#109;&#x61;&#105;&#x6c;&#116;&#x6f;&#58;&#x64;a&#x67;m&#x61;r&#x2e;h&#105;&#x6e;&#122;&#x40;&#97;&#x63;&#112;&#x73;&#45;&#x61;u&#x74;o&#x6d;o&#x74;i&#118;&#x65;&#46;&#x63;&#111;&#x6d;\">&#x64;&#x61;&#x67;&#109;&#97;r&#46;&#x68;&#x69;&#x6e;&#122;&#64;ac&#x70;&#x73;&#x2d;&#97;&#117;to&#x6d;&#x6f;&#x74;&#105;&#118;e&#46;&#x63;&#x6f;&#x6d;<\/a>\n\t<p>\u2190 <a href=\"https:\/\/www.acps-automotive.com\/hu\/vallalatok\/sajto\/\">vissza az \u00e1ttekint\u00e9shez<\/a><\/p>\n\n<\/div><!-- .vgblk-rw-wrapper -->","protected":false},"excerpt":{"rendered":"<p>2023.10.25 | Indul\u00e1s az \u00e9szak-amerikai ut\u00e1ngy\u00e1rtott alkatr\u00e9szpiacon Forgathat\u00f3 \u00e9s levehet\u0151 vev\u0151k\u00e9sz\u00fcl\u00e9kek: az ACPS Automotive pr\u00e9mium ORIS technol\u00f3gi\u00e1t hoz az \u00e9szak-amerikai ut\u00e1ngy\u00e1rtott alkatr\u00e9szpiacra. Pr\u00e9mium m\u00e1rk\u00e1j\u00e1val, az ORIS-szal az ACPS Automotive piacvezet\u0151 a szem\u00e9lyg\u00e9pkocsik, SUV-k \u00e9s kisteheraut\u00f3k p\u00f3tkocsikupplungjainak fejleszt\u00e9se, gy\u00e1rt\u00e1sa \u00e9s forgalmaz\u00e1sa ter\u00e9n Eur\u00f3p\u00e1ban. Most az ORIS k\u00e9t innovat\u00edv von\u00f3horog-technol\u00f3gi\u00e1val is bel\u00e9p az \u00e9szak-amerikai p\u00f3talkatr\u00e9sz-piacra. A n\u00e9metorsz\u00e1gi&#8230;<\/p>\n","protected":false},"author":1,"featured_media":0,"parent":27201,"menu_order":1,"comment_status":"closed","ping_status":"closed","template":"","meta":{"inline_featured_image":false,"_price":"","_stock":"","_tribe_ticket_header":"","_tribe_default_ticket_provider":"","_tribe_ticket_capacity":"0","_ticket_start_date":"","_ticket_end_date":"","_tribe_ticket_show_description":"","_tribe_ticket_show_not_going":false,"_tribe_ticket_use_global_stock":"","_tribe_ticket_global_stock_level":"","_global_stock_mode":"","_global_stock_cap":"","_tribe_rsvp_for_event":"","_tribe_ticket_going_count":"","_tribe_ticket_not_going_count":"","_tribe_tickets_list":"[]","_tribe_ticket_has_attendee_info_fields":false,"footnotes":""},"class_list":["post-29600","page","type-page","status-publish","hentry"],"yoast_head":"<!-- This site is optimized with the Yoast SEO plugin v27.2 - https:\/\/yoast.com\/product\/yoast-seo-wordpress\/ -->\n<title>Sajt\u00f3 | ACPS Automotive<\/title>\n<meta name=\"description\" content=\"Itt tal\u00e1lja az ACPS Automotive legfrissebb sajt\u00f3k\u00f6zlem\u00e9nyeit. \u25baRengeteg hasznos inform\u00e1ci\u00f3 az \u00d6n sz\u00e1m\u00e1ra.\" \/>\n<meta name=\"robots\" content=\"index, follow, max-snippet:-1, max-image-preview:large, max-video-preview:-1\" \/>\n<link rel=\"canonical\" href=\"https:\/\/www.acps-automotive.com\/hu\/vallalatok\/sajto\/indulas-az-eszak-amerikai-utangyartott-alkatreszpiacon\/\" \/>\n<meta property=\"og:locale\" content=\"hu_HU\" \/>\n<meta property=\"og:type\" content=\"article\" \/>\n<meta property=\"og:title\" content=\"Sajt\u00f3 | ACPS Automotive\" \/>\n<meta property=\"og:description\" content=\"Itt tal\u00e1lja az ACPS Automotive legfrissebb sajt\u00f3k\u00f6zlem\u00e9nyeit. \u25baRengeteg hasznos inform\u00e1ci\u00f3 az \u00d6n sz\u00e1m\u00e1ra.\" \/>\n<meta property=\"og:url\" content=\"https:\/\/www.acps-automotive.com\/hu\/vallalatok\/sajto\/indulas-az-eszak-amerikai-utangyartott-alkatreszpiacon\/\" \/>\n<meta property=\"og:site_name\" content=\"ACPS Automotive GmbH\" \/>\n<meta property=\"article:modified_time\" content=\"2026-03-10T10:39:04+00:00\" \/>\n<meta property=\"og:image\" content=\"https:\/\/www.acps-automotive.com\/wp-content\/uploads\/_media\/unternehmen\/presse\/2023\/ORIS-DM-III-disappearing-trailer-hitches-300x172.jpg\" \/>\n<meta name=\"twitter:card\" content=\"summary_large_image\" \/>\n<meta name=\"twitter:site\" content=\"@ACPS_Automotive\" \/>\n<meta name=\"twitter:label1\" content=\"Becs\u00fclt olvas\u00e1si id\u0151\" \/>\n\t<meta name=\"twitter:data1\" content=\"5 perc\" \/>\n<script type=\"application\/ld+json\" class=\"yoast-schema-graph\">{\"@context\":\"https:\/\/schema.org\",\"@graph\":[{\"@type\":\"WebPage\",\"@id\":\"https:\/\/www.acps-automotive.com\/hu\/vallalatok\/sajto\/indulas-az-eszak-amerikai-utangyartott-alkatreszpiacon\/\",\"url\":\"https:\/\/www.acps-automotive.com\/hu\/vallalatok\/sajto\/indulas-az-eszak-amerikai-utangyartott-alkatreszpiacon\/\",\"name\":\"Sajt\u00f3 | ACPS Automotive\",\"isPartOf\":{\"@id\":\"https:\/\/www.acps-automotive.com\/hu\/#website\"},\"primaryImageOfPage\":{\"@id\":\"https:\/\/www.acps-automotive.com\/hu\/vallalatok\/sajto\/indulas-az-eszak-amerikai-utangyartott-alkatreszpiacon\/#primaryimage\"},\"image\":{\"@id\":\"https:\/\/www.acps-automotive.com\/hu\/vallalatok\/sajto\/indulas-az-eszak-amerikai-utangyartott-alkatreszpiacon\/#primaryimage\"},\"thumbnailUrl\":\"https:\/\/www.acps-automotive.com\/wp-content\/uploads\/_media\/unternehmen\/presse\/2023\/ORIS-DM-III-disappearing-trailer-hitches-300x172.jpg\",\"datePublished\":\"2026-03-10T10:34:17+00:00\",\"dateModified\":\"2026-03-10T10:39:04+00:00\",\"description\":\"Itt tal\u00e1lja az ACPS Automotive legfrissebb sajt\u00f3k\u00f6zlem\u00e9nyeit. \u25baRengeteg hasznos inform\u00e1ci\u00f3 az \u00d6n sz\u00e1m\u00e1ra.\",\"breadcrumb\":{\"@id\":\"https:\/\/www.acps-automotive.com\/hu\/vallalatok\/sajto\/indulas-az-eszak-amerikai-utangyartott-alkatreszpiacon\/#breadcrumb\"},\"inLanguage\":\"hu\",\"potentialAction\":[{\"@type\":\"ReadAction\",\"target\":[\"https:\/\/www.acps-automotive.com\/hu\/vallalatok\/sajto\/indulas-az-eszak-amerikai-utangyartott-alkatreszpiacon\/\"]}]},{\"@type\":\"ImageObject\",\"inLanguage\":\"hu\",\"@id\":\"https:\/\/www.acps-automotive.com\/hu\/vallalatok\/sajto\/indulas-az-eszak-amerikai-utangyartott-alkatreszpiacon\/#primaryimage\",\"url\":\"https:\/\/www.acps-automotive.com\/wp-content\/uploads\/_media\/unternehmen\/presse\/2023\/ORIS-DM-III-disappearing-trailer-hitches-300x172.jpg\",\"contentUrl\":\"https:\/\/www.acps-automotive.com\/wp-content\/uploads\/_media\/unternehmen\/presse\/2023\/ORIS-DM-III-disappearing-trailer-hitches-300x172.jpg\"},{\"@type\":\"BreadcrumbList\",\"@id\":\"https:\/\/www.acps-automotive.com\/hu\/vallalatok\/sajto\/indulas-az-eszak-amerikai-utangyartott-alkatreszpiacon\/#breadcrumb\",\"itemListElement\":[{\"@type\":\"ListItem\",\"position\":1,\"name\":\"Startseite\",\"item\":\"https:\/\/www.acps-automotive.com\/hu\/\"},{\"@type\":\"ListItem\",\"position\":2,\"name\":\"V\u00e1llalatok\",\"item\":\"https:\/\/www.acps-automotive.com\/hu\/vallalatok\/\"},{\"@type\":\"ListItem\",\"position\":3,\"name\":\"Sajt\u00f3\",\"item\":\"https:\/\/www.acps-automotive.com\/hu\/vallalatok\/sajto\/\"},{\"@type\":\"ListItem\",\"position\":4,\"name\":\"Indul\u00e1s az \u00e9szak-amerikai ut\u00e1ngy\u00e1rtott alkatr\u00e9szpiacon\"}]},{\"@type\":\"WebSite\",\"@id\":\"https:\/\/www.acps-automotive.com\/hu\/#website\",\"url\":\"https:\/\/www.acps-automotive.com\/hu\/\",\"name\":\"ACPS Automotive GmbH\",\"description\":\"Innovative Anh\u00e4ngekupplungen\",\"publisher\":{\"@id\":\"https:\/\/www.acps-automotive.com\/hu\/#organization\"},\"potentialAction\":[{\"@type\":\"SearchAction\",\"target\":{\"@type\":\"EntryPoint\",\"urlTemplate\":\"https:\/\/www.acps-automotive.com\/hu\/?s={search_term_string}\"},\"query-input\":{\"@type\":\"PropertyValueSpecification\",\"valueRequired\":true,\"valueName\":\"search_term_string\"}}],\"inLanguage\":\"hu\"},{\"@type\":\"Organization\",\"@id\":\"https:\/\/www.acps-automotive.com\/hu\/#organization\",\"name\":\"ACPS Automotive GmbH\",\"url\":\"https:\/\/www.acps-automotive.com\/hu\/\",\"logo\":{\"@type\":\"ImageObject\",\"inLanguage\":\"hu\",\"@id\":\"https:\/\/www.acps-automotive.com\/hu\/#\/schema\/logo\/image\/\",\"url\":\"https:\/\/www.acps-automotive.com\/wp-content\/uploads\/_media\/_allgemein\/Logo-Footer-ACPS-Automotive.png\",\"contentUrl\":\"https:\/\/www.acps-automotive.com\/wp-content\/uploads\/_media\/_allgemein\/Logo-Footer-ACPS-Automotive.png\",\"width\":239,\"height\":32,\"caption\":\"ACPS Automotive GmbH\"},\"image\":{\"@id\":\"https:\/\/www.acps-automotive.com\/hu\/#\/schema\/logo\/image\/\"},\"sameAs\":[\"https:\/\/x.com\/ACPS_Automotive\",\"https:\/\/www.linkedin.com\/company\/acps-automotive-gmbh\/\",\"https:\/\/www.instagram.com\/acps_ausbildung\/\",\"https:\/\/www.youtube.com\/channel\/UC2jxrgWwpxpkay2aHWV5SaQ\"]}]}<\/script>\n<!-- \/ Yoast SEO plugin. -->","yoast_head_json":{"title":"Sajt\u00f3 | ACPS Automotive","description":"Itt tal\u00e1lja az ACPS Automotive legfrissebb sajt\u00f3k\u00f6zlem\u00e9nyeit. \u25baRengeteg hasznos inform\u00e1ci\u00f3 az \u00d6n sz\u00e1m\u00e1ra.","robots":{"index":"index","follow":"follow","max-snippet":"max-snippet:-1","max-image-preview":"max-image-preview:large","max-video-preview":"max-video-preview:-1"},"canonical":"https:\/\/www.acps-automotive.com\/hu\/vallalatok\/sajto\/indulas-az-eszak-amerikai-utangyartott-alkatreszpiacon\/","og_locale":"hu_HU","og_type":"article","og_title":"Sajt\u00f3 | ACPS Automotive","og_description":"Itt tal\u00e1lja az ACPS Automotive legfrissebb sajt\u00f3k\u00f6zlem\u00e9nyeit. \u25baRengeteg hasznos inform\u00e1ci\u00f3 az \u00d6n sz\u00e1m\u00e1ra.","og_url":"https:\/\/www.acps-automotive.com\/hu\/vallalatok\/sajto\/indulas-az-eszak-amerikai-utangyartott-alkatreszpiacon\/","og_site_name":"ACPS Automotive GmbH","article_modified_time":"2026-03-10T10:39:04+00:00","og_image":[{"url":"https:\/\/www.acps-automotive.com\/wp-content\/uploads\/_media\/unternehmen\/presse\/2023\/ORIS-DM-III-disappearing-trailer-hitches-300x172.jpg","type":"","width":"","height":""}],"twitter_card":"summary_large_image","twitter_site":"@ACPS_Automotive","twitter_misc":{"Becs\u00fclt olvas\u00e1si id\u0151":"5 perc"},"schema":{"@context":"https:\/\/schema.org","@graph":[{"@type":"WebPage","@id":"https:\/\/www.acps-automotive.com\/hu\/vallalatok\/sajto\/indulas-az-eszak-amerikai-utangyartott-alkatreszpiacon\/","url":"https:\/\/www.acps-automotive.com\/hu\/vallalatok\/sajto\/indulas-az-eszak-amerikai-utangyartott-alkatreszpiacon\/","name":"Sajt\u00f3 | ACPS Automotive","isPartOf":{"@id":"https:\/\/www.acps-automotive.com\/hu\/#website"},"primaryImageOfPage":{"@id":"https:\/\/www.acps-automotive.com\/hu\/vallalatok\/sajto\/indulas-az-eszak-amerikai-utangyartott-alkatreszpiacon\/#primaryimage"},"image":{"@id":"https:\/\/www.acps-automotive.com\/hu\/vallalatok\/sajto\/indulas-az-eszak-amerikai-utangyartott-alkatreszpiacon\/#primaryimage"},"thumbnailUrl":"https:\/\/www.acps-automotive.com\/wp-content\/uploads\/_media\/unternehmen\/presse\/2023\/ORIS-DM-III-disappearing-trailer-hitches-300x172.jpg","datePublished":"2026-03-10T10:34:17+00:00","dateModified":"2026-03-10T10:39:04+00:00","description":"Itt tal\u00e1lja az ACPS Automotive legfrissebb sajt\u00f3k\u00f6zlem\u00e9nyeit. \u25baRengeteg hasznos inform\u00e1ci\u00f3 az \u00d6n sz\u00e1m\u00e1ra.","breadcrumb":{"@id":"https:\/\/www.acps-automotive.com\/hu\/vallalatok\/sajto\/indulas-az-eszak-amerikai-utangyartott-alkatreszpiacon\/#breadcrumb"},"inLanguage":"hu","potentialAction":[{"@type":"ReadAction","target":["https:\/\/www.acps-automotive.com\/hu\/vallalatok\/sajto\/indulas-az-eszak-amerikai-utangyartott-alkatreszpiacon\/"]}]},{"@type":"ImageObject","inLanguage":"hu","@id":"https:\/\/www.acps-automotive.com\/hu\/vallalatok\/sajto\/indulas-az-eszak-amerikai-utangyartott-alkatreszpiacon\/#primaryimage","url":"https:\/\/www.acps-automotive.com\/wp-content\/uploads\/_media\/unternehmen\/presse\/2023\/ORIS-DM-III-disappearing-trailer-hitches-300x172.jpg","contentUrl":"https:\/\/www.acps-automotive.com\/wp-content\/uploads\/_media\/unternehmen\/presse\/2023\/ORIS-DM-III-disappearing-trailer-hitches-300x172.jpg"},{"@type":"BreadcrumbList","@id":"https:\/\/www.acps-automotive.com\/hu\/vallalatok\/sajto\/indulas-az-eszak-amerikai-utangyartott-alkatreszpiacon\/#breadcrumb","itemListElement":[{"@type":"ListItem","position":1,"name":"Startseite","item":"https:\/\/www.acps-automotive.com\/hu\/"},{"@type":"ListItem","position":2,"name":"V\u00e1llalatok","item":"https:\/\/www.acps-automotive.com\/hu\/vallalatok\/"},{"@type":"ListItem","position":3,"name":"Sajt\u00f3","item":"https:\/\/www.acps-automotive.com\/hu\/vallalatok\/sajto\/"},{"@type":"ListItem","position":4,"name":"Indul\u00e1s az \u00e9szak-amerikai ut\u00e1ngy\u00e1rtott alkatr\u00e9szpiacon"}]},{"@type":"WebSite","@id":"https:\/\/www.acps-automotive.com\/hu\/#website","url":"https:\/\/www.acps-automotive.com\/hu\/","name":"ACPS Automotive GmbH","description":"Innovative Anh\u00e4ngekupplungen","publisher":{"@id":"https:\/\/www.acps-automotive.com\/hu\/#organization"},"potentialAction":[{"@type":"SearchAction","target":{"@type":"EntryPoint","urlTemplate":"https:\/\/www.acps-automotive.com\/hu\/?s={search_term_string}"},"query-input":{"@type":"PropertyValueSpecification","valueRequired":true,"valueName":"search_term_string"}}],"inLanguage":"hu"},{"@type":"Organization","@id":"https:\/\/www.acps-automotive.com\/hu\/#organization","name":"ACPS Automotive GmbH","url":"https:\/\/www.acps-automotive.com\/hu\/","logo":{"@type":"ImageObject","inLanguage":"hu","@id":"https:\/\/www.acps-automotive.com\/hu\/#\/schema\/logo\/image\/","url":"https:\/\/www.acps-automotive.com\/wp-content\/uploads\/_media\/_allgemein\/Logo-Footer-ACPS-Automotive.png","contentUrl":"https:\/\/www.acps-automotive.com\/wp-content\/uploads\/_media\/_allgemein\/Logo-Footer-ACPS-Automotive.png","width":239,"height":32,"caption":"ACPS Automotive GmbH"},"image":{"@id":"https:\/\/www.acps-automotive.com\/hu\/#\/schema\/logo\/image\/"},"sameAs":["https:\/\/x.com\/ACPS_Automotive","https:\/\/www.linkedin.com\/company\/acps-automotive-gmbh\/","https:\/\/www.instagram.com\/acps_ausbildung\/","https:\/\/www.youtube.com\/channel\/UC2jxrgWwpxpkay2aHWV5SaQ"]}]}},"_links":{"self":[{"href":"https:\/\/www.acps-automotive.com\/hu\/wp-json\/wp\/v2\/pages\/29600","targetHints":{"allow":["GET"]}}],"collection":[{"href":"https:\/\/www.acps-automotive.com\/hu\/wp-json\/wp\/v2\/pages"}],"about":[{"href":"https:\/\/www.acps-automotive.com\/hu\/wp-json\/wp\/v2\/types\/page"}],"author":[{"embeddable":true,"href":"https:\/\/www.acps-automotive.com\/hu\/wp-json\/wp\/v2\/users\/1"}],"replies":[{"embeddable":true,"href":"https:\/\/www.acps-automotive.com\/hu\/wp-json\/wp\/v2\/comments?post=29600"}],"version-history":[{"count":5,"href":"https:\/\/www.acps-automotive.com\/hu\/wp-json\/wp\/v2\/pages\/29600\/revisions"}],"predecessor-version":[{"id":29606,"href":"https:\/\/www.acps-automotive.com\/hu\/wp-json\/wp\/v2\/pages\/29600\/revisions\/29606"}],"up":[{"embeddable":true,"href":"https:\/\/www.acps-automotive.com\/hu\/wp-json\/wp\/v2\/pages\/27201"}],"wp:attachment":[{"href":"https:\/\/www.acps-automotive.com\/hu\/wp-json\/wp\/v2\/media?parent=29600"}],"curies":[{"name":"wp","href":"https:\/\/api.w.org\/{rel}","templated":true}]}}