{"id":29241,"date":"2026-03-10T11:27:44","date_gmt":"2026-03-10T10:27:44","guid":{"rendered":"https:\/\/www.acps-automotive.com\/?page_id=29241"},"modified":"2026-03-10T11:31:31","modified_gmt":"2026-03-10T10:31:31","slug":"uj-telephely-megnyitasa-sanghajban","status":"publish","type":"page","link":"https:\/\/www.acps-automotive.com\/hu\/vallalatok\/sajto\/uj-telephely-megnyitasa-sanghajban\/","title":{"rendered":"\u00daj telephely megnyit\u00e1sa Sanghajban"},"content":{"rendered":"<div class=\"vgblk-rw-wrapper limit-wrapper\">\n\n\t<h3><strong>2023.04.18 |<\/strong> Az ACPS Automotive \u00c1zsi\u00e1ban is n\u00f6veked\u00e9sre t\u00f6rekszik: \u00faj telephely megnyit\u00e1sa Sanghajban<\/h3>\n<p><strong>Az ACPS Automotive, az eur\u00f3pai szem\u00e9lyg\u00e9pkocsik, SUV-k \u00e9s kisteheraut\u00f3k p\u00f3tkocsik\u00e9sz\u00fcl\u00e9keinek piacvezet\u0151 gy\u00e1rt\u00f3ja \u00e9s glob\u00e1lis szerepl\u0151, \u00c1zsi\u00e1ba is kiterjeszti tev\u00e9kenys\u00e9g\u00e9t, \u00e9s \u00e1prilis 18-\u00e1n \u00fcnnepli sanghaji, Pudong ker\u00fcletben tal\u00e1lhat\u00f3 \u00e9rt\u00e9kes\u00edt\u00e9si \u00e9s fejleszt\u00e9si telephely\u00e9nek hivatalos megnyit\u00e1s\u00e1t.<\/strong><\/p>\n<p>Technol\u00f3giai vezet\u0151k\u00e9nt a v\u00e1llalat megl\u00e9v\u0151 \u00fczleti kapcsolatait K\u00edn\u00e1ban k\u00edv\u00e1nja meger\u0151s\u00edteni \u00e9s \u00faj \u00fcgyfeleket szerezni. Az \u00faj sanghaji telephely \u00e9rt\u00e9kes\u00edt\u00e9si \u00e9s fejleszt\u00e9si k\u00f6zpontk\u00e9nt fog m\u0171k\u00f6dni, \u00e9s fontos l\u00e9p\u00e9st jelent a v\u00e1llalat glob\u00e1lis terjeszked\u00e9s\u00e9ben. \u201eAz ACPS Automotive K\u00edn\u00e1t k\u00f6zponti piacnak tekinti, mivel sz\u00e1mos \u00fcgyfele ebben a r\u00e9gi\u00f3ban tal\u00e1lhat\u00f3. Ez\u00e9rt nagyon fontos, hogy helyi jelenl\u00e9t\u00fcnk legyen&#8221; &#8211; mondja Thorsten Thomassen, az ACPS Automotive eredeti berendez\u00e9sek\u00e9rt felel\u0151s aleln\u00f6ke, aki az \u00e9rt\u00e9kes\u00edt\u00e9si, kutat\u00e1si \u00e9s fejleszt\u00e9si, valamint projektmenedzsment ter\u00fcleteket vezeti, \u00e9s ebben a min\u0151s\u00e9g\u00e9ben felel\u0151s a nemzeti \u00e9s nemzetk\u00f6zi aut\u00f3gy\u00e1rt\u00f3kkal val\u00f3 k\u00f6zvetlen egy\u00fcttm\u0171k\u00f6d\u00e9s\u00e9rt.<\/p>\n<p>\u201eAz \u00faj sanghaji iroda fontos el\u0151nyt jelent majd a gy\u00e1rt\u00f3kkal val\u00f3 kapcsolatok gyors ki\u00e9p\u00edt\u00e9s\u00e9ben \u00e9s a magasan k\u00e9pzett szakemberek toborz\u00e1s\u00e1ban&#8221; &#8211; folytatja Thomassen. \u201eK\u00ednai piacra l\u00e9p\u00e9s\u00fcnk oka a sok k\u00ednai \u00fcgyf\u00e9l v\u00e1ltoz\u00f3 ig\u00e9nyei \u00e9s az aut\u00f3k p\u00f3tkocsijainak \u00fczemeltet\u00e9s\u00e9re vonatkoz\u00f3, tavaly \u00e9letbe l\u00e9pett \u00faj jogszab\u00e1lyok&#8221; &#8211; teszi hozz\u00e1.<\/p>\n<p>Az ACPS Automotive c\u00e9lja, hogy olyan aut\u00f3gy\u00e1rt\u00f3kat l\u00e1sson el, akik j\u00e1rm\u0171veiket Eur\u00f3p\u00e1ba \u00e9s \u00c9szak-Amerik\u00e1ba t\u00f6rt\u00e9n\u0151 exportra p\u00f3tkocsival szerelik fel. \u201eSanghaji irod\u00e1nk seg\u00edt majd meg\u0151rizni a megl\u00e9v\u0151 \u00fczleti kapcsolatokat \u00e9s \u00faj vev\u0151ket szerezni&#8221; &#8211; magyar\u00e1zza Yongxin Quan, az Oris Automotive Systems (Shanghai) Ltd. \u00fcgyvezet\u0151 igazgat\u00f3ja. \u201eEmellett a von\u00f3horogot kieg\u00e9sz\u00edt\u0151k\u00e9nt is k\u00edn\u00e1ljuk a helyi k\u00ednai piacon.&#8221;<\/p>\n<p>Az \u00faj telephely \u201eOris Automotive Systems (Shanghai) Ltd.&#8221; n\u00e9ven fog m\u0171k\u00f6dni, \u00e9s helyi \u00e9rt\u00e9kes\u00edt\u00e9si \u00e9s fejleszt\u00e9si szak\u00e9rt\u0151kkel lesz felt\u00f6ltve. Az ACPS Automotive K\u00edn\u00e1t az eur\u00f3pai \u00fczleti tev\u00e9kenys\u00e9g fontos motorj\u00e1nak tekinti, \u00e9s jelent\u0151s lend\u00fcletet v\u00e1r glob\u00e1lis tev\u00e9kenys\u00e9geihez. \u201eK\u00edna hatalmas piac, magas technol\u00f3giai sz\u00ednvonal\u00fa \u00e9s leny\u0171g\u00f6z\u0151 innov\u00e1ci\u00f3s sebess\u00e9ggel&#8221; &#8211; mondja Dirk Recker, az ACPS Automotive kutat\u00e1si \u00e9s fejleszt\u00e9si igazgat\u00f3ja.<\/p>\n<p>\u201eItt Eur\u00f3p\u00e1ban piacvezet\u0151 poz\u00edci\u00f3t \u00e9rt\u00fcnk el, \u00e9s gyakorlatilag minden j\u00e1rm\u0171gy\u00e1rt\u00f3val egy\u00fcttm\u0171k\u00f6d\u00fcnk. K\u00edn\u00e1ban hatalmas potenci\u00e1lt l\u00e1tunk, nemcsak az \u00e9rt\u00e9kes\u00edt\u00e9s ter\u00fclet\u00e9n, hanem a kutat\u00e1s \u00e9s fejleszt\u00e9s ter\u00e9n is. Ez\u00e9rt az \u00e9rt\u00e9kes\u00edt\u00e9si r\u00e9szleg mellett egy fejleszt\u0151i csapatot is fel\u00e1ll\u00edtunk sanghaji telephely\u00fcnk\u00f6n. Itt els\u0151sorban a vev\u0151k\u00f6zels\u00e9g \u00e9s a fejleszt\u00e9s sebess\u00e9g\u00e9nek k\u00f6vet\u00e9se \u00e9s alak\u00edt\u00e1sa a c\u00e9l.&#8221; folytatja Thomassen.<\/p>\n<p>\u201e\u00d6r\u00f6mmel v\u00e1rjuk, hogy tud\u00e1sunkat \u00e9s tapasztalatunkat a k\u00ednai piacra is \u00e1tvihess\u00fck, \u00e9s helyben is meger\u0151s\u00edts\u00fck fejleszt\u00e9si tev\u00e9kenys\u00e9g\u00fcnket. Ez lehet\u0151v\u00e9 teszi sz\u00e1munkra, hogy m\u00e9g innovat\u00edvabb term\u00e9keket fejlessz\u00fcnk, amelyek megfelelnek a k\u00ednai \u00e9s \u00e1zsiai \u00fcgyfelek ig\u00e9nyeinek&#8221; &#8211; \u00f6sszegzi Dirk Recker.<\/p>\n<strong>K\u00e9pal\u00e1\u00edr\u00e1s<\/strong><br \/>\nThorsten Thomassen &#8211; az ACPS Automotive aleln\u00f6ke &#8211; \u00e9s Yongxin Quan &#8211; az Oris Automotive Systems (Shanghai) Ltd. \u00fcgyvezet\u0151 igazgat\u00f3ja &#8211; hivatalosan megnyitj\u00e1k az ACPS Automotive sanghaji irod\u00e1j\u00e1t.\n<strong>A v\u00e1llalat<\/strong><br \/>\nAz ACPS Automotive piacvezet\u0151 a szem\u00e9lyg\u00e9pkocsik, SUV-k \u00e9s kisteheraut\u00f3k p\u00f3tkocsik\u00f6t\u0151inek ter\u00fclet\u00e9n. T\u00f6bb mint 140 vil\u00e1gszerte bejegyzett szabadalom tan\u00fas\u00edtja technol\u00f3giai \u00e9s innov\u00e1ci\u00f3s vezet\u0151 szerep\u00e9t. A v\u00e1llalat \u00edgy jelent\u0151sen befoly\u00e1solta a p\u00f3tkocsik\u00f6t\u0151k ter\u00fclet\u00e9n el\u00e9rt technol\u00f3giai fejl\u0151d\u00e9st. Az ACPS Automotive fejleszt\u0151k\u00e9nt \u00e9s gy\u00e1rt\u00f3k\u00e9nt a sz\u00e1ll\u00edt\u00e1si megold\u00e1sainak technol\u00f3gi\u00e1j\u00e1val m\u00e9rc\u00e9t \u00e1ll\u00edt fel sz\u00e9khely\u00e9n, Ingersheimben, valamint vil\u00e1gszerte tizenegy telephely\u00e9n. Ez el\u0151ny\u00f6s az \u00fcgyfelek sz\u00e1m\u00e1ra &#8211; az els\u0151 felszerel\u00e9st gy\u00e1rt\u00f3 nemzetk\u00f6zi aut\u00f3ipar \u00e9s az ut\u00f3lagos felszerel\u00e9st gy\u00e1rt\u00f3 c\u00e9gek sz\u00e1m\u00e1ra. A von\u00f3szerkezetek k\u00fcl\u00f6n\u00f6sen biztons\u00e1gos \u00e9s k\u00e9nyelmes \u00f6sszek\u00f6ttet\u00e9st biztos\u00edtanak a j\u00e1rm\u0171 \u00e9s a lak\u00f3kocsi, ker\u00e9kp\u00e1rtart\u00f3k, cs\u00f3nak- \u00e9s l\u00f3sz\u00e1ll\u00edt\u00f3 p\u00f3tkocsik k\u00f6z\u00f6tt mind a mag\u00e1n-, mind a kereskedelmi szf\u00e9r\u00e1ban. Az ACPS Automotive k\u00f6r\u00fclbel\u00fcl 2000 alkalmazottat foglalkoztat, 1955-ben alap\u00edtott\u00e1k Stuttgart k\u00f6zel\u00e9ben, \u00e9s ORIS m\u00e1rkan\u00e9v alatt v\u00e1lt ismertt\u00e9. A 2022-es \u00e1rbev\u00e9tel k\u00f6r\u00fclbel\u00fcl 360 milli\u00f3 eur\u00f3 volt.\n\t<p><a href=\"https:\/\/www.acps-automotive.com\/wp-content\/uploads\/_media\/unternehmen\/presse\/2024\/ACPS-Automotive-new-location-opened-in-shanghai.pdf\" target=\"_blank\" rel=\"noopener\">Download [PDF]<\/a>\u00a0<a href=\"https:\/\/www.acps-automotive.com\/wp-content\/uploads\/_media\/unternehmen\/presse\/2024\/ACPS-Automotive-new-location-opened-in-shanghai.zip\" target=\"_blank\" rel=\"noopener\">Download [Zip]<\/a><\/p>\n\t<figure id=\"attachment_24402\" aria-describedby=\"caption-attachment-24402\" style=\"width: 300px\" class=\"wp-caption alignnone\"><a href=\"https:\/\/www.acps-automotive.com\/wp-content\/uploads\/_media\/unternehmen\/presse\/2024\/ACPS-Automotive_eroeffnet-Standort-in-Shanghai-scaled.jpg\"><img loading=\"lazy\" decoding=\"async\" src=\"https:\/\/www.acps-automotive.com\/wp-content\/uploads\/_media\/unternehmen\/presse\/2024\/ACPS-Automotive_eroeffnet-Standort-in-Shanghai-300x225.jpg\" alt=\"\" width=\"300\" height=\"225\" \/><\/a><figcaption id=\"caption-attachment-24402\" class=\"wp-caption-text\">Thorsten Thomassen, az ACPS Automotive eredeti berendez\u00e9sek\u00e9rt felel\u0151s aleln\u00f6ke, \u00e9s Yongxin Quan, az Oris Automotive Systems (Shanghai) Ltd. \u00fcgyvezet\u0151 igazgat\u00f3ja hivatalosan megnyitj\u00e1k az ACPS Automotive sanghaji irod\u00e1j\u00e1t.<\/figcaption><\/figure>\n\t<h2><strong>Sajt\u00f3kapcsolat<\/strong><\/h2>\n<strong>ACPS Automotive GmbH<\/strong><br \/>\nDagmar Hinz |\u00a0Kommunik\u00e1ci\u00f3s \u00e9s marketing menedzser<br \/>\nBertha-Benz-Str. 2, 74379 Ingersheim, N\u00e9metorsz\u00e1g\nTel: +49 (0) 7142 9930-124<br \/>\nE-Mail: <a href=\"&#x6d;&#97;&#105;&#x6c;&#x74;&#111;&#58;&#x64;&#x61;&#103;&#109;&#x61;&#x72;&#46;&#104;&#x69;&#x6e;&#122;&#64;&#x61;&#x63;&#112;&#115;&#x2d;&#x61;&#117;&#116;&#x6f;&#x6d;&#111;&#116;&#x69;&#x76;&#101;&#46;&#x63;&#x6f;&#109;\">&#100;a&#x67;m&#x61;&#114;&#x2e;&#104;&#x69;&#110;z&#x40;a&#x63;&#112;&#x73;&#45;&#x61;&#117;&#x74;&#111;m&#x6f;t&#x69;&#118;&#x65;&#46;&#x63;&#111;m<\/a>\n\t<p>\u2190 <a href=\"https:\/\/www.acps-automotive.com\/hu\/vallalatok\/sajto\/\">vissza az \u00e1ttekint\u00e9shez<\/a><\/p>\n\n<\/div><!-- .vgblk-rw-wrapper -->","protected":false},"excerpt":{"rendered":"<p>2023.04.18 | Az ACPS Automotive \u00c1zsi\u00e1ban is n\u00f6veked\u00e9sre t\u00f6rekszik: \u00faj telephely megnyit\u00e1sa Sanghajban Az ACPS Automotive, az eur\u00f3pai szem\u00e9lyg\u00e9pkocsik, SUV-k \u00e9s kisteheraut\u00f3k p\u00f3tkocsik\u00e9sz\u00fcl\u00e9keinek piacvezet\u0151 gy\u00e1rt\u00f3ja \u00e9s glob\u00e1lis szerepl\u0151, \u00c1zsi\u00e1ba is kiterjeszti tev\u00e9kenys\u00e9g\u00e9t, \u00e9s \u00e1prilis 18-\u00e1n \u00fcnnepli sanghaji, Pudong ker\u00fcletben tal\u00e1lhat\u00f3 \u00e9rt\u00e9kes\u00edt\u00e9si \u00e9s fejleszt\u00e9si telephely\u00e9nek hivatalos megnyit\u00e1s\u00e1t. Technol\u00f3giai vezet\u0151k\u00e9nt a v\u00e1llalat megl\u00e9v\u0151 \u00fczleti kapcsolatait K\u00edn\u00e1ban k\u00edv\u00e1nja&#8230;<\/p>\n","protected":false},"author":1,"featured_media":0,"parent":27201,"menu_order":1,"comment_status":"closed","ping_status":"closed","template":"","meta":{"inline_featured_image":false,"_price":"","_stock":"","_tribe_ticket_header":"","_tribe_default_ticket_provider":"","_tribe_ticket_capacity":"0","_ticket_start_date":"","_ticket_end_date":"","_tribe_ticket_show_description":"","_tribe_ticket_show_not_going":false,"_tribe_ticket_use_global_stock":"","_tribe_ticket_global_stock_level":"","_global_stock_mode":"","_global_stock_cap":"","_tribe_rsvp_for_event":"","_tribe_ticket_going_count":"","_tribe_ticket_not_going_count":"","_tribe_tickets_list":"[]","_tribe_ticket_has_attendee_info_fields":false,"footnotes":""},"class_list":["post-29241","page","type-page","status-publish","hentry"],"yoast_head":"<!-- This site is optimized with the Yoast SEO plugin v27.2 - https:\/\/yoast.com\/product\/yoast-seo-wordpress\/ -->\n<title>Sajt\u00f3 | ACPS Automotive<\/title>\n<meta name=\"description\" content=\"Itt tal\u00e1lja az ACPS Automotive legfrissebb sajt\u00f3k\u00f6zlem\u00e9nyeit. \u25baRengeteg hasznos inform\u00e1ci\u00f3 az \u00d6n sz\u00e1m\u00e1ra.\" \/>\n<meta name=\"robots\" content=\"index, follow, max-snippet:-1, max-image-preview:large, max-video-preview:-1\" \/>\n<link rel=\"canonical\" href=\"https:\/\/www.acps-automotive.com\/hu\/vallalatok\/sajto\/uj-telephely-megnyitasa-sanghajban\/\" \/>\n<meta property=\"og:locale\" content=\"hu_HU\" \/>\n<meta property=\"og:type\" content=\"article\" \/>\n<meta property=\"og:title\" content=\"Sajt\u00f3 | ACPS Automotive\" \/>\n<meta property=\"og:description\" content=\"Itt tal\u00e1lja az ACPS Automotive legfrissebb sajt\u00f3k\u00f6zlem\u00e9nyeit. \u25baRengeteg hasznos inform\u00e1ci\u00f3 az \u00d6n sz\u00e1m\u00e1ra.\" \/>\n<meta property=\"og:url\" content=\"https:\/\/www.acps-automotive.com\/hu\/vallalatok\/sajto\/uj-telephely-megnyitasa-sanghajban\/\" \/>\n<meta property=\"og:site_name\" content=\"ACPS Automotive GmbH\" \/>\n<meta property=\"article:modified_time\" content=\"2026-03-10T10:31:31+00:00\" \/>\n<meta property=\"og:image\" content=\"https:\/\/www.acps-automotive.com\/wp-content\/uploads\/_media\/unternehmen\/presse\/2024\/ACPS-Automotive_eroeffnet-Standort-in-Shanghai-300x225.jpg\" \/>\n<meta name=\"twitter:card\" content=\"summary_large_image\" \/>\n<meta name=\"twitter:site\" content=\"@ACPS_Automotive\" \/>\n<meta name=\"twitter:label1\" content=\"Becs\u00fclt olvas\u00e1si id\u0151\" \/>\n\t<meta name=\"twitter:data1\" content=\"4 perc\" \/>\n<script type=\"application\/ld+json\" class=\"yoast-schema-graph\">{\"@context\":\"https:\/\/schema.org\",\"@graph\":[{\"@type\":\"WebPage\",\"@id\":\"https:\/\/www.acps-automotive.com\/hu\/vallalatok\/sajto\/uj-telephely-megnyitasa-sanghajban\/\",\"url\":\"https:\/\/www.acps-automotive.com\/hu\/vallalatok\/sajto\/uj-telephely-megnyitasa-sanghajban\/\",\"name\":\"Sajt\u00f3 | ACPS Automotive\",\"isPartOf\":{\"@id\":\"https:\/\/www.acps-automotive.com\/hu\/#website\"},\"primaryImageOfPage\":{\"@id\":\"https:\/\/www.acps-automotive.com\/hu\/vallalatok\/sajto\/uj-telephely-megnyitasa-sanghajban\/#primaryimage\"},\"image\":{\"@id\":\"https:\/\/www.acps-automotive.com\/hu\/vallalatok\/sajto\/uj-telephely-megnyitasa-sanghajban\/#primaryimage\"},\"thumbnailUrl\":\"https:\/\/www.acps-automotive.com\/wp-content\/uploads\/_media\/unternehmen\/presse\/2024\/ACPS-Automotive_eroeffnet-Standort-in-Shanghai-300x225.jpg\",\"datePublished\":\"2026-03-10T10:27:44+00:00\",\"dateModified\":\"2026-03-10T10:31:31+00:00\",\"description\":\"Itt tal\u00e1lja az ACPS Automotive legfrissebb sajt\u00f3k\u00f6zlem\u00e9nyeit. \u25baRengeteg hasznos inform\u00e1ci\u00f3 az \u00d6n sz\u00e1m\u00e1ra.\",\"breadcrumb\":{\"@id\":\"https:\/\/www.acps-automotive.com\/hu\/vallalatok\/sajto\/uj-telephely-megnyitasa-sanghajban\/#breadcrumb\"},\"inLanguage\":\"hu\",\"potentialAction\":[{\"@type\":\"ReadAction\",\"target\":[\"https:\/\/www.acps-automotive.com\/hu\/vallalatok\/sajto\/uj-telephely-megnyitasa-sanghajban\/\"]}]},{\"@type\":\"ImageObject\",\"inLanguage\":\"hu\",\"@id\":\"https:\/\/www.acps-automotive.com\/hu\/vallalatok\/sajto\/uj-telephely-megnyitasa-sanghajban\/#primaryimage\",\"url\":\"https:\/\/www.acps-automotive.com\/wp-content\/uploads\/_media\/unternehmen\/presse\/2024\/ACPS-Automotive_eroeffnet-Standort-in-Shanghai-300x225.jpg\",\"contentUrl\":\"https:\/\/www.acps-automotive.com\/wp-content\/uploads\/_media\/unternehmen\/presse\/2024\/ACPS-Automotive_eroeffnet-Standort-in-Shanghai-300x225.jpg\"},{\"@type\":\"BreadcrumbList\",\"@id\":\"https:\/\/www.acps-automotive.com\/hu\/vallalatok\/sajto\/uj-telephely-megnyitasa-sanghajban\/#breadcrumb\",\"itemListElement\":[{\"@type\":\"ListItem\",\"position\":1,\"name\":\"Startseite\",\"item\":\"https:\/\/www.acps-automotive.com\/hu\/\"},{\"@type\":\"ListItem\",\"position\":2,\"name\":\"V\u00e1llalatok\",\"item\":\"https:\/\/www.acps-automotive.com\/hu\/vallalatok\/\"},{\"@type\":\"ListItem\",\"position\":3,\"name\":\"Sajt\u00f3\",\"item\":\"https:\/\/www.acps-automotive.com\/hu\/vallalatok\/sajto\/\"},{\"@type\":\"ListItem\",\"position\":4,\"name\":\"\u00daj telephely megnyit\u00e1sa Sanghajban\"}]},{\"@type\":\"WebSite\",\"@id\":\"https:\/\/www.acps-automotive.com\/hu\/#website\",\"url\":\"https:\/\/www.acps-automotive.com\/hu\/\",\"name\":\"ACPS Automotive GmbH\",\"description\":\"Innovative Anh\u00e4ngekupplungen\",\"publisher\":{\"@id\":\"https:\/\/www.acps-automotive.com\/hu\/#organization\"},\"potentialAction\":[{\"@type\":\"SearchAction\",\"target\":{\"@type\":\"EntryPoint\",\"urlTemplate\":\"https:\/\/www.acps-automotive.com\/hu\/?s={search_term_string}\"},\"query-input\":{\"@type\":\"PropertyValueSpecification\",\"valueRequired\":true,\"valueName\":\"search_term_string\"}}],\"inLanguage\":\"hu\"},{\"@type\":\"Organization\",\"@id\":\"https:\/\/www.acps-automotive.com\/hu\/#organization\",\"name\":\"ACPS Automotive GmbH\",\"url\":\"https:\/\/www.acps-automotive.com\/hu\/\",\"logo\":{\"@type\":\"ImageObject\",\"inLanguage\":\"hu\",\"@id\":\"https:\/\/www.acps-automotive.com\/hu\/#\/schema\/logo\/image\/\",\"url\":\"https:\/\/www.acps-automotive.com\/wp-content\/uploads\/_media\/_allgemein\/Logo-Footer-ACPS-Automotive.png\",\"contentUrl\":\"https:\/\/www.acps-automotive.com\/wp-content\/uploads\/_media\/_allgemein\/Logo-Footer-ACPS-Automotive.png\",\"width\":239,\"height\":32,\"caption\":\"ACPS Automotive GmbH\"},\"image\":{\"@id\":\"https:\/\/www.acps-automotive.com\/hu\/#\/schema\/logo\/image\/\"},\"sameAs\":[\"https:\/\/x.com\/ACPS_Automotive\",\"https:\/\/www.linkedin.com\/company\/acps-automotive-gmbh\/\",\"https:\/\/www.instagram.com\/acps_ausbildung\/\",\"https:\/\/www.youtube.com\/channel\/UC2jxrgWwpxpkay2aHWV5SaQ\"]}]}<\/script>\n<!-- \/ Yoast SEO plugin. -->","yoast_head_json":{"title":"Sajt\u00f3 | ACPS Automotive","description":"Itt tal\u00e1lja az ACPS Automotive legfrissebb sajt\u00f3k\u00f6zlem\u00e9nyeit. \u25baRengeteg hasznos inform\u00e1ci\u00f3 az \u00d6n sz\u00e1m\u00e1ra.","robots":{"index":"index","follow":"follow","max-snippet":"max-snippet:-1","max-image-preview":"max-image-preview:large","max-video-preview":"max-video-preview:-1"},"canonical":"https:\/\/www.acps-automotive.com\/hu\/vallalatok\/sajto\/uj-telephely-megnyitasa-sanghajban\/","og_locale":"hu_HU","og_type":"article","og_title":"Sajt\u00f3 | ACPS Automotive","og_description":"Itt tal\u00e1lja az ACPS Automotive legfrissebb sajt\u00f3k\u00f6zlem\u00e9nyeit. \u25baRengeteg hasznos inform\u00e1ci\u00f3 az \u00d6n sz\u00e1m\u00e1ra.","og_url":"https:\/\/www.acps-automotive.com\/hu\/vallalatok\/sajto\/uj-telephely-megnyitasa-sanghajban\/","og_site_name":"ACPS Automotive GmbH","article_modified_time":"2026-03-10T10:31:31+00:00","og_image":[{"url":"https:\/\/www.acps-automotive.com\/wp-content\/uploads\/_media\/unternehmen\/presse\/2024\/ACPS-Automotive_eroeffnet-Standort-in-Shanghai-300x225.jpg","type":"","width":"","height":""}],"twitter_card":"summary_large_image","twitter_site":"@ACPS_Automotive","twitter_misc":{"Becs\u00fclt olvas\u00e1si id\u0151":"4 perc"},"schema":{"@context":"https:\/\/schema.org","@graph":[{"@type":"WebPage","@id":"https:\/\/www.acps-automotive.com\/hu\/vallalatok\/sajto\/uj-telephely-megnyitasa-sanghajban\/","url":"https:\/\/www.acps-automotive.com\/hu\/vallalatok\/sajto\/uj-telephely-megnyitasa-sanghajban\/","name":"Sajt\u00f3 | ACPS Automotive","isPartOf":{"@id":"https:\/\/www.acps-automotive.com\/hu\/#website"},"primaryImageOfPage":{"@id":"https:\/\/www.acps-automotive.com\/hu\/vallalatok\/sajto\/uj-telephely-megnyitasa-sanghajban\/#primaryimage"},"image":{"@id":"https:\/\/www.acps-automotive.com\/hu\/vallalatok\/sajto\/uj-telephely-megnyitasa-sanghajban\/#primaryimage"},"thumbnailUrl":"https:\/\/www.acps-automotive.com\/wp-content\/uploads\/_media\/unternehmen\/presse\/2024\/ACPS-Automotive_eroeffnet-Standort-in-Shanghai-300x225.jpg","datePublished":"2026-03-10T10:27:44+00:00","dateModified":"2026-03-10T10:31:31+00:00","description":"Itt tal\u00e1lja az ACPS Automotive legfrissebb sajt\u00f3k\u00f6zlem\u00e9nyeit. \u25baRengeteg hasznos inform\u00e1ci\u00f3 az \u00d6n sz\u00e1m\u00e1ra.","breadcrumb":{"@id":"https:\/\/www.acps-automotive.com\/hu\/vallalatok\/sajto\/uj-telephely-megnyitasa-sanghajban\/#breadcrumb"},"inLanguage":"hu","potentialAction":[{"@type":"ReadAction","target":["https:\/\/www.acps-automotive.com\/hu\/vallalatok\/sajto\/uj-telephely-megnyitasa-sanghajban\/"]}]},{"@type":"ImageObject","inLanguage":"hu","@id":"https:\/\/www.acps-automotive.com\/hu\/vallalatok\/sajto\/uj-telephely-megnyitasa-sanghajban\/#primaryimage","url":"https:\/\/www.acps-automotive.com\/wp-content\/uploads\/_media\/unternehmen\/presse\/2024\/ACPS-Automotive_eroeffnet-Standort-in-Shanghai-300x225.jpg","contentUrl":"https:\/\/www.acps-automotive.com\/wp-content\/uploads\/_media\/unternehmen\/presse\/2024\/ACPS-Automotive_eroeffnet-Standort-in-Shanghai-300x225.jpg"},{"@type":"BreadcrumbList","@id":"https:\/\/www.acps-automotive.com\/hu\/vallalatok\/sajto\/uj-telephely-megnyitasa-sanghajban\/#breadcrumb","itemListElement":[{"@type":"ListItem","position":1,"name":"Startseite","item":"https:\/\/www.acps-automotive.com\/hu\/"},{"@type":"ListItem","position":2,"name":"V\u00e1llalatok","item":"https:\/\/www.acps-automotive.com\/hu\/vallalatok\/"},{"@type":"ListItem","position":3,"name":"Sajt\u00f3","item":"https:\/\/www.acps-automotive.com\/hu\/vallalatok\/sajto\/"},{"@type":"ListItem","position":4,"name":"\u00daj telephely megnyit\u00e1sa Sanghajban"}]},{"@type":"WebSite","@id":"https:\/\/www.acps-automotive.com\/hu\/#website","url":"https:\/\/www.acps-automotive.com\/hu\/","name":"ACPS Automotive GmbH","description":"Innovative Anh\u00e4ngekupplungen","publisher":{"@id":"https:\/\/www.acps-automotive.com\/hu\/#organization"},"potentialAction":[{"@type":"SearchAction","target":{"@type":"EntryPoint","urlTemplate":"https:\/\/www.acps-automotive.com\/hu\/?s={search_term_string}"},"query-input":{"@type":"PropertyValueSpecification","valueRequired":true,"valueName":"search_term_string"}}],"inLanguage":"hu"},{"@type":"Organization","@id":"https:\/\/www.acps-automotive.com\/hu\/#organization","name":"ACPS Automotive GmbH","url":"https:\/\/www.acps-automotive.com\/hu\/","logo":{"@type":"ImageObject","inLanguage":"hu","@id":"https:\/\/www.acps-automotive.com\/hu\/#\/schema\/logo\/image\/","url":"https:\/\/www.acps-automotive.com\/wp-content\/uploads\/_media\/_allgemein\/Logo-Footer-ACPS-Automotive.png","contentUrl":"https:\/\/www.acps-automotive.com\/wp-content\/uploads\/_media\/_allgemein\/Logo-Footer-ACPS-Automotive.png","width":239,"height":32,"caption":"ACPS Automotive GmbH"},"image":{"@id":"https:\/\/www.acps-automotive.com\/hu\/#\/schema\/logo\/image\/"},"sameAs":["https:\/\/x.com\/ACPS_Automotive","https:\/\/www.linkedin.com\/company\/acps-automotive-gmbh\/","https:\/\/www.instagram.com\/acps_ausbildung\/","https:\/\/www.youtube.com\/channel\/UC2jxrgWwpxpkay2aHWV5SaQ"]}]}},"_links":{"self":[{"href":"https:\/\/www.acps-automotive.com\/hu\/wp-json\/wp\/v2\/pages\/29241","targetHints":{"allow":["GET"]}}],"collection":[{"href":"https:\/\/www.acps-automotive.com\/hu\/wp-json\/wp\/v2\/pages"}],"about":[{"href":"https:\/\/www.acps-automotive.com\/hu\/wp-json\/wp\/v2\/types\/page"}],"author":[{"embeddable":true,"href":"https:\/\/www.acps-automotive.com\/hu\/wp-json\/wp\/v2\/users\/1"}],"replies":[{"embeddable":true,"href":"https:\/\/www.acps-automotive.com\/hu\/wp-json\/wp\/v2\/comments?post=29241"}],"version-history":[{"count":5,"href":"https:\/\/www.acps-automotive.com\/hu\/wp-json\/wp\/v2\/pages\/29241\/revisions"}],"predecessor-version":[{"id":29599,"href":"https:\/\/www.acps-automotive.com\/hu\/wp-json\/wp\/v2\/pages\/29241\/revisions\/29599"}],"up":[{"embeddable":true,"href":"https:\/\/www.acps-automotive.com\/hu\/wp-json\/wp\/v2\/pages\/27201"}],"wp:attachment":[{"href":"https:\/\/www.acps-automotive.com\/hu\/wp-json\/wp\/v2\/media?parent=29241"}],"curies":[{"name":"wp","href":"https:\/\/api.w.org\/{rel}","templated":true}]}}