{"id":29233,"date":"2026-03-10T11:20:15","date_gmt":"2026-03-10T10:20:15","guid":{"rendered":"https:\/\/www.acps-automotive.com\/?page_id=29233"},"modified":"2026-03-10T11:23:10","modified_gmt":"2026-03-10T10:23:10","slug":"elektromos-suv-g9","status":"publish","type":"page","link":"https:\/\/www.acps-automotive.com\/hu\/vallalatok\/sajto\/elektromos-suv-g9\/","title":{"rendered":"Elektromos SUV G9"},"content":{"rendered":"<div class=\"vgblk-rw-wrapper limit-wrapper\">\n\n\t<h3><strong>2023.03.07 |<\/strong> Az eur\u00f3pai utak k\u00e9szen \u00e1llnak az XPENG \u00faj elektromos SUV-j\u00e1ra, a G9-re &#8211; ACPS Automotive teljesen elektromos von\u00f3horoggal felszerelve<\/h3>\n<p><strong>Az \u00faj SUV-val a neh\u00e9z terhek vontat\u00e1sa \u00e9s sz\u00e1ll\u00edt\u00e1sa m\u00e1r nem jelent probl\u00e9m\u00e1t<\/strong>.<\/p>\n<p>Az XPENG \u00faj elektromos SUV-ja, a G9 meg\u00e9rkezett az eur\u00f3pai piacra. A j\u00e1rm\u0171, amely 2023 febru\u00e1rj\u00e1ban ker\u00fclt forgalomba Eur\u00f3p\u00e1ban, m\u00e1ris megrendelhet\u0151 D\u00e1ni\u00e1ban, Norv\u00e9gi\u00e1ban, Hollandi\u00e1ban \u00e9s Sv\u00e9dorsz\u00e1gban. A G9 luxus utast\u00e9rrel, ultranagy sebess\u00e9g\u0171 t\u00f6lt\u00e9si lehet\u0151s\u00e9gekkel \u00e9s nagy hat\u00f3t\u00e1vols\u00e1ggal els\u0151 oszt\u00e1ly\u00fa mobilit\u00e1si \u00e9lm\u00e9nyt k\u00edn\u00e1l. A G9 emellett felszerelhet\u0151 az ACPS Automotive innovat\u00edv, teljesen elektromos, forgathat\u00f3 ORIS E3 von\u00f3horoggal is.<\/p>\n<strong>Egy von\u00f3horog minden ig\u00e9nyhez<\/strong><br \/>\nA von\u00f3horog mostant\u00f3l Eur\u00f3p\u00e1ban is el\u00e9rhet\u0151 az \u00faj G9 SUV v\u00e1s\u00e1rl\u00e1sakor, 1500 kg vontat\u00e1si \u00e9s 75 kg sz\u00e1ll\u00edt\u00e1si kapacit\u00e1ssal. Az ACPS Automotive von\u00f3horogja a l\u00f6kh\u00e1r\u00edt\u00f3 m\u00f6g\u00f6tt van elrejtve, \u00e9s sz\u00fcks\u00e9g eset\u00e9n egy gombnyom\u00e1ssal kih\u00fazhat\u00f3. Ez a technol\u00f3gia maxim\u00e1lis szabads\u00e1got \u00e9s rugalmass\u00e1got biztos\u00edt a vezet\u0151nek neh\u00e9z terhek, p\u00e9ld\u00e1ul lak\u00f3kocsik, cs\u00f3nakok, l\u00f3sz\u00e1ll\u00edt\u00f3 p\u00f3tkocsik vagy ker\u00e9kp\u00e1rok sz\u00e1ll\u00edt\u00e1sakor. A szabadalmaztatott FIX4BIKE\u00ae rendszer, amely a von\u00f3horogb\u00f3l \u00e9s az ORIS Tracc ker\u00e9kp\u00e1rtart\u00f3b\u00f3l \u00e1ll, m\u00e9rf\u00f6ldk\u0151nek sz\u00e1m\u00edt a ker\u00e9kp\u00e1rsz\u00e1ll\u00edt\u00e1s ter\u00e9n.\n<strong>Az ACPS Automotive b\u0151v\u00edti glob\u00e1lis jelenl\u00e9t\u00e9t &#8211; p\u00f3tkocsik\u00f6t\u0151 eszk\u00f6z\u00f6ket k\u00edn\u00e1l k\u00ednai j\u00e1rm\u0171gy\u00e1rt\u00f3knak<\/strong><br \/>\nAz ACPS Automotive, a p\u00f3tkocsik\u00f6t\u0151 eszk\u00f6z\u00f6k innovat\u00edv gy\u00e1rt\u00f3ja, b\u0151v\u00edti jelenl\u00e9t\u00e9t a glob\u00e1lis aut\u00f3iparban. A vil\u00e1gszerte ismert j\u00e1rm\u0171gy\u00e1rt\u00f3knak m\u00e1r eddig is besz\u00e1ll\u00edt\u00f3 v\u00e1llalat most egyedi megold\u00e1st k\u00edn\u00e1l k\u00ednai OEM-gy\u00e1rt\u00f3knak, p\u00e9ld\u00e1ul az XPENG-nek, neh\u00e9z rakom\u00e1nyok sz\u00e1ll\u00edt\u00e1s\u00e1hoz. Az elektromos j\u00e1rm\u0171flott\u00e1k sz\u00e1m\u00e1ra is kifejlesztett von\u00f3horog-rendszerek rugalmass\u00e1gukkal, mozg\u00e9konys\u00e1gukkal \u00e9s p\u00e9ld\u00e1tlan biztons\u00e1gukkal t\u0171nnek ki. Ehhez j\u00f6n m\u00e9g az innovat\u00edv kialak\u00edt\u00e1s, amely n\u00f6veli a j\u00e1rm\u0171 \u00e9rt\u00e9k\u00e9t, ugyanakkor karbantart\u00e1st nem ig\u00e9nyel.\n<strong>A v\u00e1llalat<\/strong><br \/>\nAz ACPS Automotive piacvezet\u0151 a szem\u00e9lyg\u00e9pkocsik, SUV-k \u00e9s kisteheraut\u00f3k von\u00f3szerkezeteinek ter\u00fclet\u00e9n. T\u00f6bb mint 140 vil\u00e1gszerte bejegyzett szabadalom tan\u00fas\u00edtja technol\u00f3giai \u00e9s innov\u00e1ci\u00f3s vezet\u0151 szerep\u00e9t. A v\u00e1llalat \u00edgy jelent\u0151sen befoly\u00e1solta a von\u00f3szerkezetek ter\u00fclet\u00e9n el\u00e9rt technol\u00f3giai fejl\u0151d\u00e9st. Az ACPS Automotive fejleszt\u0151k\u00e9nt \u00e9s gy\u00e1rt\u00f3k\u00e9nt a sz\u00e1ll\u00edt\u00e1si megold\u00e1sainak technol\u00f3gi\u00e1j\u00e1val m\u00e9rc\u00e9t \u00e1ll\u00edt fel sz\u00e9khely\u00e9n, Ingersheimben, valamint vil\u00e1gszerte tizenegy telephely\u00e9n. Ez az \u00fcgyfelek jav\u00e1t szolg\u00e1lja &#8211; az els\u0151 felszerel\u00e9st gy\u00e1rt\u00f3 nemzetk\u00f6zi aut\u00f3ipar \u00e9s az ut\u00f3lagos felszerel\u00e9st gy\u00e1rt\u00f3 c\u00e9gek sz\u00e1m\u00e1ra. A von\u00f3szerkezetek k\u00fcl\u00f6n\u00f6sen biztons\u00e1gos \u00e9s k\u00e9nyelmes \u00f6sszek\u00f6ttet\u00e9st biztos\u00edtanak a j\u00e1rm\u0171 \u00e9s a lak\u00f3kocsi, ker\u00e9kp\u00e1rtart\u00f3k, cs\u00f3nak- \u00e9s l\u00f3sz\u00e1ll\u00edt\u00f3 p\u00f3tkocsik k\u00f6z\u00f6tt mind a mag\u00e1n-, mind a kereskedelmi szf\u00e9r\u00e1ban. Az ACPS Automotive k\u00f6r\u00fclbel\u00fcl 2000 alkalmazottat foglalkoztat, 1955-ben alap\u00edtott\u00e1k Stuttgart k\u00f6zel\u00e9ben, \u00e9s ORIS m\u00e1rkan\u00e9v alatt v\u00e1lt ismertt\u00e9. A 2022-es \u00e1rbev\u00e9tel k\u00f6r\u00fclbel\u00fcl 360 milli\u00f3 eur\u00f3 volt.\n\t<p><a href=\"https:\/\/www.acps-automotive.com\/wp-content\/uploads\/_media\/unternehmen\/presse\/PR-Innovation-E3-FIX4BIKE-XPENG-G9.pdf\" target=\"_blank\" rel=\"noopener\">Download [PDF]<\/a>\u00a0<a href=\"https:\/\/www.acps-automotive.com\/wp-content\/uploads\/_media\/unternehmen\/presse\/PR-Innovation-E3-FIX4BIKE-XPENG-G9.zip\" target=\"_blank\" rel=\"noopener\">Download [Zip]<\/a><\/p>\n<p><a data-toggle=\"modal\" data-target=\"#exampleModal\"  target=\"_blank\" rel=\"noopener\">Video<\/a><\/p>\n<h2 id=\"exampleModalLabel\">SUV G9<\/h2>\n<button type=\"button\" data-dismiss=\"modal\" aria-label=\"Close\"><img loading=\"lazy\" decoding=\"async\" src=\"\/wp-content\/uploads\/_media\/_allgemein\/close-button.png\" alt=\"Schlie\u00dfen\" title=\"Schlie\u00dfen\" width=\"20\" height=\"20\"\/>\n<\/button>\t\n<video src=\"\/wp-content\/uploads\/_media\/unternehmen\/presse\/SUV-G9-XPENG.mp4\" controls width=\"100%\" height=\"100%\"> <\/video>\n\t<p><a href=\"https:\/\/www.acps-automotive.com\/wp-content\/uploads\/_media\/unternehmen\/presse\/2023\/SUV-G9-XPENG-scaled.jpeg\"><img loading=\"lazy\" decoding=\"async\" src=\"https:\/\/www.acps-automotive.com\/wp-content\/uploads\/_media\/unternehmen\/presse\/2023\/SUV-G9-XPENG-300x155.jpeg\" alt=\"\" width=\"300\" height=\"155\" \/><\/a><\/p>\n\t<h2><strong>Sajt\u00f3kapcsolat<\/strong><\/h2>\n<strong>ACPS Automotive GmbH<\/strong><br \/>\nDagmar Hinz |\u00a0Kommunik\u00e1ci\u00f3s \u00e9s marketing menedzser<br \/>\nBertha-Benz-Str. 2, 74379 Ingersheim, N\u00e9metorsz\u00e1g\nTel: +49 (0) 7142 9930-124<br \/>\nE-Mail: <a href=\"&#109;&#x61;&#x69;&#108;&#x74;&#x6f;&#58;&#x64;&#x61;&#103;&#x6d;&#x61;&#114;&#x2e;&#x68;&#105;&#x6e;&#x7a;&#64;&#x61;&#x63;&#112;&#x73;&#x2d;&#97;&#x75;&#x74;o&#x6d;&#x6f;t&#x69;&#x76;e&#46;&#x63;o&#109;\">&#x64;&#97;g&#x6d;&#97;&#114;&#x2e;&#x68;&#105;n&#x7a;&#64;a&#x63;&#x70;&#115;-&#x61;&#117;t&#x6f;&#x6d;&#111;t&#x69;&#118;e&#x2e;&#x63;&#111;m<\/a>\n\t<p>\u2190 <a href=\"https:\/\/www.acps-automotive.com\/hu\/vallalatok\/sajto\/\">vissza az \u00e1ttekint\u00e9shez<\/a><\/p>\n\n<\/div><!-- .vgblk-rw-wrapper -->","protected":false},"excerpt":{"rendered":"<p>2023.03.07 | Az eur\u00f3pai utak k\u00e9szen \u00e1llnak az XPENG \u00faj elektromos SUV-j\u00e1ra, a G9-re &#8211; ACPS Automotive teljesen elektromos von\u00f3horoggal felszerelve Az \u00faj SUV-val a neh\u00e9z terhek vontat\u00e1sa \u00e9s sz\u00e1ll\u00edt\u00e1sa m\u00e1r nem jelent probl\u00e9m\u00e1t. Az XPENG \u00faj elektromos SUV-ja, a G9 meg\u00e9rkezett az eur\u00f3pai piacra. A j\u00e1rm\u0171, amely 2023 febru\u00e1rj\u00e1ban ker\u00fclt forgalomba Eur\u00f3p\u00e1ban, m\u00e1ris megrendelhet\u0151&#8230;<\/p>\n","protected":false},"author":1,"featured_media":0,"parent":27201,"menu_order":1,"comment_status":"closed","ping_status":"closed","template":"","meta":{"inline_featured_image":false,"_price":"","_stock":"","_tribe_ticket_header":"","_tribe_default_ticket_provider":"","_tribe_ticket_capacity":"0","_ticket_start_date":"","_ticket_end_date":"","_tribe_ticket_show_description":"","_tribe_ticket_show_not_going":false,"_tribe_ticket_use_global_stock":"","_tribe_ticket_global_stock_level":"","_global_stock_mode":"","_global_stock_cap":"","_tribe_rsvp_for_event":"","_tribe_ticket_going_count":"","_tribe_ticket_not_going_count":"","_tribe_tickets_list":"[]","_tribe_ticket_has_attendee_info_fields":false,"footnotes":""},"class_list":["post-29233","page","type-page","status-publish","hentry"],"yoast_head":"<!-- This site is optimized with the Yoast SEO plugin v27.2 - https:\/\/yoast.com\/product\/yoast-seo-wordpress\/ -->\n<title>Sajt\u00f3 | ACPS Automotive<\/title>\n<meta name=\"description\" content=\"Itt tal\u00e1lja az ACPS Automotive legfrissebb sajt\u00f3k\u00f6zlem\u00e9nyeit. \u25baRengeteg hasznos inform\u00e1ci\u00f3 az \u00d6n sz\u00e1m\u00e1ra.\" \/>\n<meta name=\"robots\" content=\"index, follow, max-snippet:-1, max-image-preview:large, max-video-preview:-1\" \/>\n<link rel=\"canonical\" href=\"https:\/\/www.acps-automotive.com\/hu\/vallalatok\/sajto\/elektromos-suv-g9\/\" \/>\n<meta property=\"og:locale\" content=\"hu_HU\" \/>\n<meta property=\"og:type\" content=\"article\" \/>\n<meta property=\"og:title\" content=\"Sajt\u00f3 | ACPS Automotive\" \/>\n<meta property=\"og:description\" content=\"Itt tal\u00e1lja az ACPS Automotive legfrissebb sajt\u00f3k\u00f6zlem\u00e9nyeit. \u25baRengeteg hasznos inform\u00e1ci\u00f3 az \u00d6n sz\u00e1m\u00e1ra.\" \/>\n<meta property=\"og:url\" content=\"https:\/\/www.acps-automotive.com\/hu\/vallalatok\/sajto\/elektromos-suv-g9\/\" \/>\n<meta property=\"og:site_name\" content=\"ACPS Automotive GmbH\" \/>\n<meta property=\"article:modified_time\" content=\"2026-03-10T10:23:10+00:00\" \/>\n<meta property=\"og:image\" content=\"https:\/\/www.acps-automotive.com\/wp-content\/uploads\/_media\/unternehmen\/presse\/2023\/SUV-G9-XPENG-300x155.jpeg\" \/>\n<meta name=\"twitter:card\" content=\"summary_large_image\" \/>\n<meta name=\"twitter:site\" content=\"@ACPS_Automotive\" \/>\n<meta name=\"twitter:label1\" content=\"Becs\u00fclt olvas\u00e1si id\u0151\" \/>\n\t<meta name=\"twitter:data1\" content=\"3 perc\" \/>\n<script type=\"application\/ld+json\" class=\"yoast-schema-graph\">{\"@context\":\"https:\/\/schema.org\",\"@graph\":[{\"@type\":\"WebPage\",\"@id\":\"https:\/\/www.acps-automotive.com\/hu\/vallalatok\/sajto\/elektromos-suv-g9\/\",\"url\":\"https:\/\/www.acps-automotive.com\/hu\/vallalatok\/sajto\/elektromos-suv-g9\/\",\"name\":\"Sajt\u00f3 | ACPS Automotive\",\"isPartOf\":{\"@id\":\"https:\/\/www.acps-automotive.com\/hu\/#website\"},\"primaryImageOfPage\":{\"@id\":\"https:\/\/www.acps-automotive.com\/hu\/vallalatok\/sajto\/elektromos-suv-g9\/#primaryimage\"},\"image\":{\"@id\":\"https:\/\/www.acps-automotive.com\/hu\/vallalatok\/sajto\/elektromos-suv-g9\/#primaryimage\"},\"thumbnailUrl\":\"https:\/\/www.acps-automotive.com\/wp-content\/uploads\/_media\/unternehmen\/presse\/2023\/SUV-G9-XPENG-300x155.jpeg\",\"datePublished\":\"2026-03-10T10:20:15+00:00\",\"dateModified\":\"2026-03-10T10:23:10+00:00\",\"description\":\"Itt tal\u00e1lja az ACPS Automotive legfrissebb sajt\u00f3k\u00f6zlem\u00e9nyeit. \u25baRengeteg hasznos inform\u00e1ci\u00f3 az \u00d6n sz\u00e1m\u00e1ra.\",\"breadcrumb\":{\"@id\":\"https:\/\/www.acps-automotive.com\/hu\/vallalatok\/sajto\/elektromos-suv-g9\/#breadcrumb\"},\"inLanguage\":\"hu\",\"potentialAction\":[{\"@type\":\"ReadAction\",\"target\":[\"https:\/\/www.acps-automotive.com\/hu\/vallalatok\/sajto\/elektromos-suv-g9\/\"]}]},{\"@type\":\"ImageObject\",\"inLanguage\":\"hu\",\"@id\":\"https:\/\/www.acps-automotive.com\/hu\/vallalatok\/sajto\/elektromos-suv-g9\/#primaryimage\",\"url\":\"https:\/\/www.acps-automotive.com\/wp-content\/uploads\/_media\/unternehmen\/presse\/2023\/SUV-G9-XPENG-300x155.jpeg\",\"contentUrl\":\"https:\/\/www.acps-automotive.com\/wp-content\/uploads\/_media\/unternehmen\/presse\/2023\/SUV-G9-XPENG-300x155.jpeg\"},{\"@type\":\"BreadcrumbList\",\"@id\":\"https:\/\/www.acps-automotive.com\/hu\/vallalatok\/sajto\/elektromos-suv-g9\/#breadcrumb\",\"itemListElement\":[{\"@type\":\"ListItem\",\"position\":1,\"name\":\"Startseite\",\"item\":\"https:\/\/www.acps-automotive.com\/hu\/\"},{\"@type\":\"ListItem\",\"position\":2,\"name\":\"V\u00e1llalatok\",\"item\":\"https:\/\/www.acps-automotive.com\/hu\/vallalatok\/\"},{\"@type\":\"ListItem\",\"position\":3,\"name\":\"Sajt\u00f3\",\"item\":\"https:\/\/www.acps-automotive.com\/hu\/vallalatok\/sajto\/\"},{\"@type\":\"ListItem\",\"position\":4,\"name\":\"Elektromos SUV G9\"}]},{\"@type\":\"WebSite\",\"@id\":\"https:\/\/www.acps-automotive.com\/hu\/#website\",\"url\":\"https:\/\/www.acps-automotive.com\/hu\/\",\"name\":\"ACPS Automotive GmbH\",\"description\":\"Innovative Anh\u00e4ngekupplungen\",\"publisher\":{\"@id\":\"https:\/\/www.acps-automotive.com\/hu\/#organization\"},\"potentialAction\":[{\"@type\":\"SearchAction\",\"target\":{\"@type\":\"EntryPoint\",\"urlTemplate\":\"https:\/\/www.acps-automotive.com\/hu\/?s={search_term_string}\"},\"query-input\":{\"@type\":\"PropertyValueSpecification\",\"valueRequired\":true,\"valueName\":\"search_term_string\"}}],\"inLanguage\":\"hu\"},{\"@type\":\"Organization\",\"@id\":\"https:\/\/www.acps-automotive.com\/hu\/#organization\",\"name\":\"ACPS Automotive GmbH\",\"url\":\"https:\/\/www.acps-automotive.com\/hu\/\",\"logo\":{\"@type\":\"ImageObject\",\"inLanguage\":\"hu\",\"@id\":\"https:\/\/www.acps-automotive.com\/hu\/#\/schema\/logo\/image\/\",\"url\":\"https:\/\/www.acps-automotive.com\/wp-content\/uploads\/_media\/_allgemein\/Logo-Footer-ACPS-Automotive.png\",\"contentUrl\":\"https:\/\/www.acps-automotive.com\/wp-content\/uploads\/_media\/_allgemein\/Logo-Footer-ACPS-Automotive.png\",\"width\":239,\"height\":32,\"caption\":\"ACPS Automotive GmbH\"},\"image\":{\"@id\":\"https:\/\/www.acps-automotive.com\/hu\/#\/schema\/logo\/image\/\"},\"sameAs\":[\"https:\/\/x.com\/ACPS_Automotive\",\"https:\/\/www.linkedin.com\/company\/acps-automotive-gmbh\/\",\"https:\/\/www.instagram.com\/acps_ausbildung\/\",\"https:\/\/www.youtube.com\/channel\/UC2jxrgWwpxpkay2aHWV5SaQ\"]}]}<\/script>\n<!-- \/ Yoast SEO plugin. -->","yoast_head_json":{"title":"Sajt\u00f3 | ACPS Automotive","description":"Itt tal\u00e1lja az ACPS Automotive legfrissebb sajt\u00f3k\u00f6zlem\u00e9nyeit. \u25baRengeteg hasznos inform\u00e1ci\u00f3 az \u00d6n sz\u00e1m\u00e1ra.","robots":{"index":"index","follow":"follow","max-snippet":"max-snippet:-1","max-image-preview":"max-image-preview:large","max-video-preview":"max-video-preview:-1"},"canonical":"https:\/\/www.acps-automotive.com\/hu\/vallalatok\/sajto\/elektromos-suv-g9\/","og_locale":"hu_HU","og_type":"article","og_title":"Sajt\u00f3 | ACPS Automotive","og_description":"Itt tal\u00e1lja az ACPS Automotive legfrissebb sajt\u00f3k\u00f6zlem\u00e9nyeit. \u25baRengeteg hasznos inform\u00e1ci\u00f3 az \u00d6n sz\u00e1m\u00e1ra.","og_url":"https:\/\/www.acps-automotive.com\/hu\/vallalatok\/sajto\/elektromos-suv-g9\/","og_site_name":"ACPS Automotive GmbH","article_modified_time":"2026-03-10T10:23:10+00:00","og_image":[{"url":"https:\/\/www.acps-automotive.com\/wp-content\/uploads\/_media\/unternehmen\/presse\/2023\/SUV-G9-XPENG-300x155.jpeg","type":"","width":"","height":""}],"twitter_card":"summary_large_image","twitter_site":"@ACPS_Automotive","twitter_misc":{"Becs\u00fclt olvas\u00e1si id\u0151":"3 perc"},"schema":{"@context":"https:\/\/schema.org","@graph":[{"@type":"WebPage","@id":"https:\/\/www.acps-automotive.com\/hu\/vallalatok\/sajto\/elektromos-suv-g9\/","url":"https:\/\/www.acps-automotive.com\/hu\/vallalatok\/sajto\/elektromos-suv-g9\/","name":"Sajt\u00f3 | ACPS Automotive","isPartOf":{"@id":"https:\/\/www.acps-automotive.com\/hu\/#website"},"primaryImageOfPage":{"@id":"https:\/\/www.acps-automotive.com\/hu\/vallalatok\/sajto\/elektromos-suv-g9\/#primaryimage"},"image":{"@id":"https:\/\/www.acps-automotive.com\/hu\/vallalatok\/sajto\/elektromos-suv-g9\/#primaryimage"},"thumbnailUrl":"https:\/\/www.acps-automotive.com\/wp-content\/uploads\/_media\/unternehmen\/presse\/2023\/SUV-G9-XPENG-300x155.jpeg","datePublished":"2026-03-10T10:20:15+00:00","dateModified":"2026-03-10T10:23:10+00:00","description":"Itt tal\u00e1lja az ACPS Automotive legfrissebb sajt\u00f3k\u00f6zlem\u00e9nyeit. \u25baRengeteg hasznos inform\u00e1ci\u00f3 az \u00d6n sz\u00e1m\u00e1ra.","breadcrumb":{"@id":"https:\/\/www.acps-automotive.com\/hu\/vallalatok\/sajto\/elektromos-suv-g9\/#breadcrumb"},"inLanguage":"hu","potentialAction":[{"@type":"ReadAction","target":["https:\/\/www.acps-automotive.com\/hu\/vallalatok\/sajto\/elektromos-suv-g9\/"]}]},{"@type":"ImageObject","inLanguage":"hu","@id":"https:\/\/www.acps-automotive.com\/hu\/vallalatok\/sajto\/elektromos-suv-g9\/#primaryimage","url":"https:\/\/www.acps-automotive.com\/wp-content\/uploads\/_media\/unternehmen\/presse\/2023\/SUV-G9-XPENG-300x155.jpeg","contentUrl":"https:\/\/www.acps-automotive.com\/wp-content\/uploads\/_media\/unternehmen\/presse\/2023\/SUV-G9-XPENG-300x155.jpeg"},{"@type":"BreadcrumbList","@id":"https:\/\/www.acps-automotive.com\/hu\/vallalatok\/sajto\/elektromos-suv-g9\/#breadcrumb","itemListElement":[{"@type":"ListItem","position":1,"name":"Startseite","item":"https:\/\/www.acps-automotive.com\/hu\/"},{"@type":"ListItem","position":2,"name":"V\u00e1llalatok","item":"https:\/\/www.acps-automotive.com\/hu\/vallalatok\/"},{"@type":"ListItem","position":3,"name":"Sajt\u00f3","item":"https:\/\/www.acps-automotive.com\/hu\/vallalatok\/sajto\/"},{"@type":"ListItem","position":4,"name":"Elektromos SUV G9"}]},{"@type":"WebSite","@id":"https:\/\/www.acps-automotive.com\/hu\/#website","url":"https:\/\/www.acps-automotive.com\/hu\/","name":"ACPS Automotive GmbH","description":"Innovative Anh\u00e4ngekupplungen","publisher":{"@id":"https:\/\/www.acps-automotive.com\/hu\/#organization"},"potentialAction":[{"@type":"SearchAction","target":{"@type":"EntryPoint","urlTemplate":"https:\/\/www.acps-automotive.com\/hu\/?s={search_term_string}"},"query-input":{"@type":"PropertyValueSpecification","valueRequired":true,"valueName":"search_term_string"}}],"inLanguage":"hu"},{"@type":"Organization","@id":"https:\/\/www.acps-automotive.com\/hu\/#organization","name":"ACPS Automotive GmbH","url":"https:\/\/www.acps-automotive.com\/hu\/","logo":{"@type":"ImageObject","inLanguage":"hu","@id":"https:\/\/www.acps-automotive.com\/hu\/#\/schema\/logo\/image\/","url":"https:\/\/www.acps-automotive.com\/wp-content\/uploads\/_media\/_allgemein\/Logo-Footer-ACPS-Automotive.png","contentUrl":"https:\/\/www.acps-automotive.com\/wp-content\/uploads\/_media\/_allgemein\/Logo-Footer-ACPS-Automotive.png","width":239,"height":32,"caption":"ACPS Automotive GmbH"},"image":{"@id":"https:\/\/www.acps-automotive.com\/hu\/#\/schema\/logo\/image\/"},"sameAs":["https:\/\/x.com\/ACPS_Automotive","https:\/\/www.linkedin.com\/company\/acps-automotive-gmbh\/","https:\/\/www.instagram.com\/acps_ausbildung\/","https:\/\/www.youtube.com\/channel\/UC2jxrgWwpxpkay2aHWV5SaQ"]}]}},"_links":{"self":[{"href":"https:\/\/www.acps-automotive.com\/hu\/wp-json\/wp\/v2\/pages\/29233","targetHints":{"allow":["GET"]}}],"collection":[{"href":"https:\/\/www.acps-automotive.com\/hu\/wp-json\/wp\/v2\/pages"}],"about":[{"href":"https:\/\/www.acps-automotive.com\/hu\/wp-json\/wp\/v2\/types\/page"}],"author":[{"embeddable":true,"href":"https:\/\/www.acps-automotive.com\/hu\/wp-json\/wp\/v2\/users\/1"}],"replies":[{"embeddable":true,"href":"https:\/\/www.acps-automotive.com\/hu\/wp-json\/wp\/v2\/comments?post=29233"}],"version-history":[{"count":5,"href":"https:\/\/www.acps-automotive.com\/hu\/wp-json\/wp\/v2\/pages\/29233\/revisions"}],"predecessor-version":[{"id":29240,"href":"https:\/\/www.acps-automotive.com\/hu\/wp-json\/wp\/v2\/pages\/29233\/revisions\/29240"}],"up":[{"embeddable":true,"href":"https:\/\/www.acps-automotive.com\/hu\/wp-json\/wp\/v2\/pages\/27201"}],"wp:attachment":[{"href":"https:\/\/www.acps-automotive.com\/hu\/wp-json\/wp\/v2\/media?parent=29233"}],"curies":[{"name":"wp","href":"https:\/\/api.w.org\/{rel}","templated":true}]}}