{"id":29225,"date":"2026-03-10T11:10:58","date_gmt":"2026-03-10T10:10:58","guid":{"rendered":"https:\/\/www.acps-automotive.com\/?page_id=29225"},"modified":"2026-03-10T11:15:01","modified_gmt":"2026-03-10T10:15:01","slug":"az-acps-automotive-megnyitja-kinai-telephelyet","status":"publish","type":"page","link":"https:\/\/www.acps-automotive.com\/hu\/vallalatok\/sajto\/az-acps-automotive-megnyitja-kinai-telephelyet\/","title":{"rendered":"Az ACPS Automotive megnyitja k\u00ednai telephely\u00e9t"},"content":{"rendered":"<div class=\"vgblk-rw-wrapper limit-wrapper\">\n\n\t<h3><strong>2023.02.14 |<\/strong> Az ACPS Automotive megnyitja k\u00ednai telephely\u00e9t<\/h3>\n<p><strong>Az ACPS Automotive \u00c1zsi\u00e1ba terjeszkedik. Febru\u00e1rban a szem\u00e9lyg\u00e9pkocsik, SUV-k \u00e9s kisteheraut\u00f3k p\u00f3tkocsikhoz val\u00f3 von\u00f3horogjainak piac- \u00e9s technol\u00f3giai vezet\u0151je \u00e9rt\u00e9kes\u00edt\u00e9si \u00e9s fejleszt\u00e9si telephelyet nyitott a k\u00ednai Sanghaj Pudong ker\u00fclet\u00e9ben. Ez egy fontos l\u00e9p\u00e9s a m\u00e1r megl\u00e9v\u0151 \u00fczleti kapcsolatok meger\u0151s\u00edt\u00e9se \u00e9s tov\u00e1bbi b\u0151v\u00edt\u00e9se \u00e9rdek\u00e9ben K\u00edn\u00e1ban. \u201eK\u00edna strat\u00e9giai piac az ACPS Automotive sz\u00e1m\u00e1ra. Sok \u00fcgyfel\u00fcnk itt tal\u00e1lhat\u00f3, ez\u00e9rt fontos, hogy mi is jelen legy\u00fcnk a helysz\u00ednen&#8221; &#8211; nyilatkozta Caspar Baumhauer, az ACPS Automotive vez\u00e9rigazgat\u00f3ja.<\/strong><\/p>\nAz ACPS Automotive, amelynek sz\u00e9khelye Ingersheimben, Stuttgart k\u00f6zel\u00e9ben (N\u00e9metorsz\u00e1g) tal\u00e1lhat\u00f3, saj\u00e1t irod\u00e1t nyitott Sanghajban. Innen fogj\u00e1k \u00e1polni a megl\u00e9v\u0151 \u00fczleti kapcsolatokat \u00e9s \u00faj vev\u0151ket szerezni. \u00dcgyfeleink olyan aut\u00f3gy\u00e1rt\u00f3k, akik j\u00e1rm\u0171veiket p\u00f3tkocsikhoz val\u00f3 csatlakoz\u00f3kkal szerelik fel az Eur\u00f3p\u00e1ba \u00e9s \u00c9szak-Amerik\u00e1ba t\u00f6rt\u00e9n\u0151 exportra. Ezenk\u00edv\u00fcl a von\u00f3szerkezetet a j\u00f6v\u0151ben kieg\u00e9sz\u00edt\u0151k\u00e9nt is k\u00edn\u00e1lj\u00e1k majd a helyi k\u00ednai piacon. \u201eK\u00ednai piacra l\u00e9p\u00e9s\u00fcnk a sok k\u00ednai \u00fcgyf\u00e9l v\u00e1ltoz\u00f3 ig\u00e9nyein \u00e9s az aut\u00f3kat vontat\u00f3 p\u00f3tkocsikra vonatkoz\u00f3, tavaly \u00e9letbe l\u00e9pett \u00faj jogszab\u00e1lyi el\u0151\u00edr\u00e1sokon alapul&#8221; &#8211; magyar\u00e1zza Thorsten Thomassen, az ACPS Automotive eredeti berendez\u00e9sek\u00e9rt felel\u0151s aleln\u00f6ke. M\u00e1ra a k\u00ednai j\u00e1rm\u0171vezet\u0151k m\u00e1r megszerezhetik azt a jogos\u00edtv\u00e1nyt, amely feljogos\u00edtja \u0151ket p\u00f3tkocsi-vontat\u00f3val felszerelt j\u00e1rm\u0171vek vezet\u00e9s\u00e9re is. \u00cdgy a helyi k\u00ednai piac is \u00e9rett a technol\u00f3giailag vezet\u0151 ACPS Automotive p\u00f3tkocsi-vontat\u00f3inak mag\u00e1nc\u00e9l\u00fa haszn\u00e1lat\u00e1ra.<br \/>\nA k\u00ednai tev\u00e9kenys\u00e9g kiindul\u00f3pontja egy helyi \u00e9rt\u00e9kes\u00edt\u00e9si \u00e9s fejleszt\u00e9si szak\u00e9rt\u0151kb\u0151l \u00e1ll\u00f3 iroda, amelynek l\u00e9tsz\u00e1ma a tervek szerint n\u00f6vekedni fog. \u201eSanghaji irod\u00e1nk fontos el\u0151nyt jelent sz\u00e1munkra, hogy gyorsan b\u0151v\u00edthess\u00fck kapcsolatrendszer\u00fcnket az aut\u00f3gy\u00e1rt\u00f3kkal, \u00e9s hogy a k\u00f6vetkez\u0151 \u00e9vekben magasan k\u00e9pzett szakembereket tudjunk magunkhoz cs\u00e1b\u00edtani&#8221; &#8211; mondja Thorsten Thomassen.\n<p>Az ACPS Automotive K\u00edn\u00e1ban \u201eORIS Automotive Systems (Shanghai) Ltd.&#8221; n\u00e9ven m\u0171k\u00f6dik. Az ACPS Automotive K\u00edn\u00e1t az eur\u00f3pai \u00fczleti tev\u00e9kenys\u00e9g\u00e9nek fontos motorj\u00e1nak tekinti. K\u00edna az elektromobilit\u00e1s ter\u00e9n \u00e9len j\u00e1r. A K\u00edn\u00e1ba t\u00f6rt\u00e9n\u0151 terjeszked\u00e9sr\u0151l sz\u00f3l\u00f3 d\u00f6nt\u00e9s az ACPS Automotive strat\u00e9giai l\u00e9p\u00e9se az eur\u00f3pai fejl\u0151d\u00e9s szempontj\u00e1b\u00f3l. \u201eItt piacvezet\u0151 poz\u00edci\u00f3t \u00e9rt\u00fcnk el, \u00e9s gyakorlatilag minden j\u00e1rm\u0171gy\u00e1rt\u00f3val egy\u00fcttm\u0171k\u00f6d\u00fcnk. K\u00edna hatalmas piac, magas technol\u00f3giai sz\u00ednvonal\u00fa \u00e9s leny\u0171g\u00f6z\u0151 innov\u00e1ci\u00f3s sebess\u00e9ggel, amelyt\u0151l fontos impulzusokat v\u00e1runk glob\u00e1lis tev\u00e9kenys\u00e9g\u00fcnkh\u00f6z&#8221; &#8211; \u00f6sszegzi Caspar Baumhauer.<\/p>\n<strong>A v\u00e1llalat<\/strong><br \/>\nAz ACPS Automotive piacvezet\u0151 a szem\u00e9lyg\u00e9pkocsik, SUV-k \u00e9s kisteheraut\u00f3k von\u00f3szerkezeteinek ter\u00fclet\u00e9n. T\u00f6bb mint 140 vil\u00e1gszerte bejegyzett szabadalom tan\u00fas\u00edtja technol\u00f3giai \u00e9s innov\u00e1ci\u00f3s vezet\u0151 szerep\u00e9t. A v\u00e1llalat \u00edgy jelent\u0151sen befoly\u00e1solta a von\u00f3szerkezetek ter\u00fclet\u00e9n el\u00e9rt technol\u00f3giai fejl\u0151d\u00e9st. Az ACPS Automotive fejleszt\u0151k\u00e9nt \u00e9s gy\u00e1rt\u00f3k\u00e9nt a sz\u00e1ll\u00edt\u00e1si megold\u00e1sainak technol\u00f3gi\u00e1j\u00e1val m\u00e9rc\u00e9t \u00e1ll\u00edt fel sz\u00e9khely\u00e9n, Ingersheimben, valamint vil\u00e1gszerte tizenegy telephely\u00e9n. Ez az \u00fcgyfelek jav\u00e1t szolg\u00e1lja &#8211; az els\u0151 felszerel\u00e9st gy\u00e1rt\u00f3 nemzetk\u00f6zi aut\u00f3ipar \u00e9s az ut\u00f3lagos felszerel\u00e9st gy\u00e1rt\u00f3 c\u00e9gek sz\u00e1m\u00e1ra. A von\u00f3szerkezetek k\u00fcl\u00f6n\u00f6sen biztons\u00e1gos \u00e9s k\u00e9nyelmes \u00f6sszek\u00f6ttet\u00e9st biztos\u00edtanak a j\u00e1rm\u0171 \u00e9s a lak\u00f3kocsi, ker\u00e9kp\u00e1rtart\u00f3k, cs\u00f3nak- \u00e9s l\u00f3sz\u00e1ll\u00edt\u00f3 p\u00f3tkocsik k\u00f6z\u00f6tt mind a mag\u00e1n-, mind a kereskedelmi szf\u00e9r\u00e1ban. Az ACPS Automotive k\u00f6r\u00fclbel\u00fcl 2000 alkalmazottat foglalkoztat, 1955-ben alap\u00edtott\u00e1k Stuttgart k\u00f6zel\u00e9ben, \u00e9s ORIS m\u00e1rkan\u00e9v alatt v\u00e1lt ismertt\u00e9. A 2022-es \u00e1rbev\u00e9tel k\u00f6r\u00fclbel\u00fcl 360 milli\u00f3 eur\u00f3 volt.\n\t<p><a href=\"https:\/\/www.acps-automotive.com\/wp-content\/uploads\/_media\/unternehmen\/presse\/PR-ACPS-Automotive-opens-office-in-China.pdf\" target=\"_blank\" rel=\"noopener\">Download [PDF]<\/a>\u00a0<a href=\"https:\/\/www.acps-automotive.com\/wp-content\/uploads\/_media\/unternehmen\/presse\/PR-ACPS-Automotive-opens-office-in-China.zip\" target=\"_blank\" rel=\"noopener\">Download [Zip]<\/a><\/p>\n\t<p><a href=\"https:\/\/www.acps-automotive.com\/wp-content\/uploads\/_media\/unternehmen\/presse\/2023\/ORIS-KeyVisual-B2B-E3-EN-300x300.jpg\"><img loading=\"lazy\" decoding=\"async\" src=\"https:\/\/www.acps-automotive.com\/wp-content\/uploads\/_media\/unternehmen\/presse\/2023\/ORIS-KeyVisual-B2B-E3-EN-300x300.jpg\" alt=\"\" width=\"300\" height=\"300\" \/><\/a><\/p>\n\t<h2><strong>Sajt\u00f3kapcsolat<\/strong><\/h2>\n<strong>ACPS Automotive GmbH<\/strong><br \/>\nDagmar Hinz |\u00a0Kommunik\u00e1ci\u00f3s \u00e9s marketing menedzser<br \/>\nBertha-Benz-Str. 2, 74379 Ingersheim, N\u00e9metorsz\u00e1g\nTel: +49 (0) 7142 9930-124<br \/>\nE-Mail: <a href=\"&#x6d;&#97;i&#x6c;&#116;o&#x3a;&#100;a&#x67;&#109;a&#x72;&#46;h&#x69;&#110;z&#x40;&#97;c&#x70;&#115;-&#x61;&#117;t&#x6f;&#109;o&#x74;&#105;v&#x65;&#46;c&#x6f;&#109;\">&#x64;&#97;&#x67;&#x6d;&#97;&#x72;&#x2e;&#104;&#x69;&#x6e;&#122;&#x40;&#x61;c&#x70;&#x73;-&#x61;&#117;t&#x6f;&#109;o&#x74;&#105;v&#x65;&#46;c&#x6f;&#109;<\/a>\n\t<p>\u2190 <a href=\"https:\/\/www.acps-automotive.com\/hu\/vallalatok\/sajto\/\">vissza az \u00e1ttekint\u00e9shez<\/a><\/p>\n\n<\/div><!-- .vgblk-rw-wrapper -->","protected":false},"excerpt":{"rendered":"<p>2023.02.14 | Az ACPS Automotive megnyitja k\u00ednai telephely\u00e9t Az ACPS Automotive \u00c1zsi\u00e1ba terjeszkedik. Febru\u00e1rban a szem\u00e9lyg\u00e9pkocsik, SUV-k \u00e9s kisteheraut\u00f3k p\u00f3tkocsikhoz val\u00f3 von\u00f3horogjainak piac- \u00e9s technol\u00f3giai vezet\u0151je \u00e9rt\u00e9kes\u00edt\u00e9si \u00e9s fejleszt\u00e9si telephelyet nyitott a k\u00ednai Sanghaj Pudong ker\u00fclet\u00e9ben. Ez egy fontos l\u00e9p\u00e9s a m\u00e1r megl\u00e9v\u0151 \u00fczleti kapcsolatok meger\u0151s\u00edt\u00e9se \u00e9s tov\u00e1bbi b\u0151v\u00edt\u00e9se \u00e9rdek\u00e9ben K\u00edn\u00e1ban. \u201eK\u00edna strat\u00e9giai piac az&#8230;<\/p>\n","protected":false},"author":1,"featured_media":0,"parent":27201,"menu_order":1,"comment_status":"closed","ping_status":"closed","template":"","meta":{"inline_featured_image":false,"_price":"","_stock":"","_tribe_ticket_header":"","_tribe_default_ticket_provider":"","_tribe_ticket_capacity":"0","_ticket_start_date":"","_ticket_end_date":"","_tribe_ticket_show_description":"","_tribe_ticket_show_not_going":false,"_tribe_ticket_use_global_stock":"","_tribe_ticket_global_stock_level":"","_global_stock_mode":"","_global_stock_cap":"","_tribe_rsvp_for_event":"","_tribe_ticket_going_count":"","_tribe_ticket_not_going_count":"","_tribe_tickets_list":"[]","_tribe_ticket_has_attendee_info_fields":false,"footnotes":""},"class_list":["post-29225","page","type-page","status-publish","hentry"],"yoast_head":"<!-- This site is optimized with the Yoast SEO plugin v27.2 - https:\/\/yoast.com\/product\/yoast-seo-wordpress\/ -->\n<title>Sajt\u00f3 | ACPS Automotive<\/title>\n<meta name=\"description\" content=\"Itt tal\u00e1lja az ACPS Automotive legfrissebb sajt\u00f3k\u00f6zlem\u00e9nyeit. \u25baRengeteg hasznos inform\u00e1ci\u00f3 az \u00d6n sz\u00e1m\u00e1ra.\" \/>\n<meta name=\"robots\" content=\"index, follow, max-snippet:-1, max-image-preview:large, max-video-preview:-1\" \/>\n<link rel=\"canonical\" href=\"https:\/\/www.acps-automotive.com\/hu\/vallalatok\/sajto\/az-acps-automotive-megnyitja-kinai-telephelyet\/\" \/>\n<meta property=\"og:locale\" content=\"hu_HU\" \/>\n<meta property=\"og:type\" content=\"article\" \/>\n<meta property=\"og:title\" content=\"Sajt\u00f3 | ACPS Automotive\" \/>\n<meta property=\"og:description\" content=\"Itt tal\u00e1lja az ACPS Automotive legfrissebb sajt\u00f3k\u00f6zlem\u00e9nyeit. \u25baRengeteg hasznos inform\u00e1ci\u00f3 az \u00d6n sz\u00e1m\u00e1ra.\" \/>\n<meta property=\"og:url\" content=\"https:\/\/www.acps-automotive.com\/hu\/vallalatok\/sajto\/az-acps-automotive-megnyitja-kinai-telephelyet\/\" \/>\n<meta property=\"og:site_name\" content=\"ACPS Automotive GmbH\" \/>\n<meta property=\"article:modified_time\" content=\"2026-03-10T10:15:01+00:00\" \/>\n<meta property=\"og:image\" content=\"https:\/\/www.acps-automotive.com\/wp-content\/uploads\/_media\/unternehmen\/presse\/2023\/ORIS-KeyVisual-B2B-E3-EN-300x300.jpg\" \/>\n<meta name=\"twitter:card\" content=\"summary_large_image\" \/>\n<meta name=\"twitter:site\" content=\"@ACPS_Automotive\" \/>\n<meta name=\"twitter:label1\" content=\"Becs\u00fclt olvas\u00e1si id\u0151\" \/>\n\t<meta name=\"twitter:data1\" content=\"4 perc\" \/>\n<script type=\"application\/ld+json\" class=\"yoast-schema-graph\">{\"@context\":\"https:\/\/schema.org\",\"@graph\":[{\"@type\":\"WebPage\",\"@id\":\"https:\/\/www.acps-automotive.com\/hu\/vallalatok\/sajto\/az-acps-automotive-megnyitja-kinai-telephelyet\/\",\"url\":\"https:\/\/www.acps-automotive.com\/hu\/vallalatok\/sajto\/az-acps-automotive-megnyitja-kinai-telephelyet\/\",\"name\":\"Sajt\u00f3 | ACPS Automotive\",\"isPartOf\":{\"@id\":\"https:\/\/www.acps-automotive.com\/hu\/#website\"},\"primaryImageOfPage\":{\"@id\":\"https:\/\/www.acps-automotive.com\/hu\/vallalatok\/sajto\/az-acps-automotive-megnyitja-kinai-telephelyet\/#primaryimage\"},\"image\":{\"@id\":\"https:\/\/www.acps-automotive.com\/hu\/vallalatok\/sajto\/az-acps-automotive-megnyitja-kinai-telephelyet\/#primaryimage\"},\"thumbnailUrl\":\"https:\/\/www.acps-automotive.com\/wp-content\/uploads\/_media\/unternehmen\/presse\/2023\/ORIS-KeyVisual-B2B-E3-EN-300x300.jpg\",\"datePublished\":\"2026-03-10T10:10:58+00:00\",\"dateModified\":\"2026-03-10T10:15:01+00:00\",\"description\":\"Itt tal\u00e1lja az ACPS Automotive legfrissebb sajt\u00f3k\u00f6zlem\u00e9nyeit. \u25baRengeteg hasznos inform\u00e1ci\u00f3 az \u00d6n sz\u00e1m\u00e1ra.\",\"breadcrumb\":{\"@id\":\"https:\/\/www.acps-automotive.com\/hu\/vallalatok\/sajto\/az-acps-automotive-megnyitja-kinai-telephelyet\/#breadcrumb\"},\"inLanguage\":\"hu\",\"potentialAction\":[{\"@type\":\"ReadAction\",\"target\":[\"https:\/\/www.acps-automotive.com\/hu\/vallalatok\/sajto\/az-acps-automotive-megnyitja-kinai-telephelyet\/\"]}]},{\"@type\":\"ImageObject\",\"inLanguage\":\"hu\",\"@id\":\"https:\/\/www.acps-automotive.com\/hu\/vallalatok\/sajto\/az-acps-automotive-megnyitja-kinai-telephelyet\/#primaryimage\",\"url\":\"https:\/\/www.acps-automotive.com\/wp-content\/uploads\/_media\/unternehmen\/presse\/2023\/ORIS-KeyVisual-B2B-E3-EN-300x300.jpg\",\"contentUrl\":\"https:\/\/www.acps-automotive.com\/wp-content\/uploads\/_media\/unternehmen\/presse\/2023\/ORIS-KeyVisual-B2B-E3-EN-300x300.jpg\"},{\"@type\":\"BreadcrumbList\",\"@id\":\"https:\/\/www.acps-automotive.com\/hu\/vallalatok\/sajto\/az-acps-automotive-megnyitja-kinai-telephelyet\/#breadcrumb\",\"itemListElement\":[{\"@type\":\"ListItem\",\"position\":1,\"name\":\"Startseite\",\"item\":\"https:\/\/www.acps-automotive.com\/hu\/\"},{\"@type\":\"ListItem\",\"position\":2,\"name\":\"V\u00e1llalatok\",\"item\":\"https:\/\/www.acps-automotive.com\/hu\/vallalatok\/\"},{\"@type\":\"ListItem\",\"position\":3,\"name\":\"Sajt\u00f3\",\"item\":\"https:\/\/www.acps-automotive.com\/hu\/vallalatok\/sajto\/\"},{\"@type\":\"ListItem\",\"position\":4,\"name\":\"Az ACPS Automotive megnyitja k\u00ednai telephely\u00e9t\"}]},{\"@type\":\"WebSite\",\"@id\":\"https:\/\/www.acps-automotive.com\/hu\/#website\",\"url\":\"https:\/\/www.acps-automotive.com\/hu\/\",\"name\":\"ACPS Automotive GmbH\",\"description\":\"Innovative Anh\u00e4ngekupplungen\",\"publisher\":{\"@id\":\"https:\/\/www.acps-automotive.com\/hu\/#organization\"},\"potentialAction\":[{\"@type\":\"SearchAction\",\"target\":{\"@type\":\"EntryPoint\",\"urlTemplate\":\"https:\/\/www.acps-automotive.com\/hu\/?s={search_term_string}\"},\"query-input\":{\"@type\":\"PropertyValueSpecification\",\"valueRequired\":true,\"valueName\":\"search_term_string\"}}],\"inLanguage\":\"hu\"},{\"@type\":\"Organization\",\"@id\":\"https:\/\/www.acps-automotive.com\/hu\/#organization\",\"name\":\"ACPS Automotive GmbH\",\"url\":\"https:\/\/www.acps-automotive.com\/hu\/\",\"logo\":{\"@type\":\"ImageObject\",\"inLanguage\":\"hu\",\"@id\":\"https:\/\/www.acps-automotive.com\/hu\/#\/schema\/logo\/image\/\",\"url\":\"https:\/\/www.acps-automotive.com\/wp-content\/uploads\/_media\/_allgemein\/Logo-Footer-ACPS-Automotive.png\",\"contentUrl\":\"https:\/\/www.acps-automotive.com\/wp-content\/uploads\/_media\/_allgemein\/Logo-Footer-ACPS-Automotive.png\",\"width\":239,\"height\":32,\"caption\":\"ACPS Automotive GmbH\"},\"image\":{\"@id\":\"https:\/\/www.acps-automotive.com\/hu\/#\/schema\/logo\/image\/\"},\"sameAs\":[\"https:\/\/x.com\/ACPS_Automotive\",\"https:\/\/www.linkedin.com\/company\/acps-automotive-gmbh\/\",\"https:\/\/www.instagram.com\/acps_ausbildung\/\",\"https:\/\/www.youtube.com\/channel\/UC2jxrgWwpxpkay2aHWV5SaQ\"]}]}<\/script>\n<!-- \/ Yoast SEO plugin. -->","yoast_head_json":{"title":"Sajt\u00f3 | ACPS Automotive","description":"Itt tal\u00e1lja az ACPS Automotive legfrissebb sajt\u00f3k\u00f6zlem\u00e9nyeit. \u25baRengeteg hasznos inform\u00e1ci\u00f3 az \u00d6n sz\u00e1m\u00e1ra.","robots":{"index":"index","follow":"follow","max-snippet":"max-snippet:-1","max-image-preview":"max-image-preview:large","max-video-preview":"max-video-preview:-1"},"canonical":"https:\/\/www.acps-automotive.com\/hu\/vallalatok\/sajto\/az-acps-automotive-megnyitja-kinai-telephelyet\/","og_locale":"hu_HU","og_type":"article","og_title":"Sajt\u00f3 | ACPS Automotive","og_description":"Itt tal\u00e1lja az ACPS Automotive legfrissebb sajt\u00f3k\u00f6zlem\u00e9nyeit. \u25baRengeteg hasznos inform\u00e1ci\u00f3 az \u00d6n sz\u00e1m\u00e1ra.","og_url":"https:\/\/www.acps-automotive.com\/hu\/vallalatok\/sajto\/az-acps-automotive-megnyitja-kinai-telephelyet\/","og_site_name":"ACPS Automotive GmbH","article_modified_time":"2026-03-10T10:15:01+00:00","og_image":[{"url":"https:\/\/www.acps-automotive.com\/wp-content\/uploads\/_media\/unternehmen\/presse\/2023\/ORIS-KeyVisual-B2B-E3-EN-300x300.jpg","type":"","width":"","height":""}],"twitter_card":"summary_large_image","twitter_site":"@ACPS_Automotive","twitter_misc":{"Becs\u00fclt olvas\u00e1si id\u0151":"4 perc"},"schema":{"@context":"https:\/\/schema.org","@graph":[{"@type":"WebPage","@id":"https:\/\/www.acps-automotive.com\/hu\/vallalatok\/sajto\/az-acps-automotive-megnyitja-kinai-telephelyet\/","url":"https:\/\/www.acps-automotive.com\/hu\/vallalatok\/sajto\/az-acps-automotive-megnyitja-kinai-telephelyet\/","name":"Sajt\u00f3 | ACPS Automotive","isPartOf":{"@id":"https:\/\/www.acps-automotive.com\/hu\/#website"},"primaryImageOfPage":{"@id":"https:\/\/www.acps-automotive.com\/hu\/vallalatok\/sajto\/az-acps-automotive-megnyitja-kinai-telephelyet\/#primaryimage"},"image":{"@id":"https:\/\/www.acps-automotive.com\/hu\/vallalatok\/sajto\/az-acps-automotive-megnyitja-kinai-telephelyet\/#primaryimage"},"thumbnailUrl":"https:\/\/www.acps-automotive.com\/wp-content\/uploads\/_media\/unternehmen\/presse\/2023\/ORIS-KeyVisual-B2B-E3-EN-300x300.jpg","datePublished":"2026-03-10T10:10:58+00:00","dateModified":"2026-03-10T10:15:01+00:00","description":"Itt tal\u00e1lja az ACPS Automotive legfrissebb sajt\u00f3k\u00f6zlem\u00e9nyeit. \u25baRengeteg hasznos inform\u00e1ci\u00f3 az \u00d6n sz\u00e1m\u00e1ra.","breadcrumb":{"@id":"https:\/\/www.acps-automotive.com\/hu\/vallalatok\/sajto\/az-acps-automotive-megnyitja-kinai-telephelyet\/#breadcrumb"},"inLanguage":"hu","potentialAction":[{"@type":"ReadAction","target":["https:\/\/www.acps-automotive.com\/hu\/vallalatok\/sajto\/az-acps-automotive-megnyitja-kinai-telephelyet\/"]}]},{"@type":"ImageObject","inLanguage":"hu","@id":"https:\/\/www.acps-automotive.com\/hu\/vallalatok\/sajto\/az-acps-automotive-megnyitja-kinai-telephelyet\/#primaryimage","url":"https:\/\/www.acps-automotive.com\/wp-content\/uploads\/_media\/unternehmen\/presse\/2023\/ORIS-KeyVisual-B2B-E3-EN-300x300.jpg","contentUrl":"https:\/\/www.acps-automotive.com\/wp-content\/uploads\/_media\/unternehmen\/presse\/2023\/ORIS-KeyVisual-B2B-E3-EN-300x300.jpg"},{"@type":"BreadcrumbList","@id":"https:\/\/www.acps-automotive.com\/hu\/vallalatok\/sajto\/az-acps-automotive-megnyitja-kinai-telephelyet\/#breadcrumb","itemListElement":[{"@type":"ListItem","position":1,"name":"Startseite","item":"https:\/\/www.acps-automotive.com\/hu\/"},{"@type":"ListItem","position":2,"name":"V\u00e1llalatok","item":"https:\/\/www.acps-automotive.com\/hu\/vallalatok\/"},{"@type":"ListItem","position":3,"name":"Sajt\u00f3","item":"https:\/\/www.acps-automotive.com\/hu\/vallalatok\/sajto\/"},{"@type":"ListItem","position":4,"name":"Az ACPS Automotive megnyitja k\u00ednai telephely\u00e9t"}]},{"@type":"WebSite","@id":"https:\/\/www.acps-automotive.com\/hu\/#website","url":"https:\/\/www.acps-automotive.com\/hu\/","name":"ACPS Automotive GmbH","description":"Innovative Anh\u00e4ngekupplungen","publisher":{"@id":"https:\/\/www.acps-automotive.com\/hu\/#organization"},"potentialAction":[{"@type":"SearchAction","target":{"@type":"EntryPoint","urlTemplate":"https:\/\/www.acps-automotive.com\/hu\/?s={search_term_string}"},"query-input":{"@type":"PropertyValueSpecification","valueRequired":true,"valueName":"search_term_string"}}],"inLanguage":"hu"},{"@type":"Organization","@id":"https:\/\/www.acps-automotive.com\/hu\/#organization","name":"ACPS Automotive GmbH","url":"https:\/\/www.acps-automotive.com\/hu\/","logo":{"@type":"ImageObject","inLanguage":"hu","@id":"https:\/\/www.acps-automotive.com\/hu\/#\/schema\/logo\/image\/","url":"https:\/\/www.acps-automotive.com\/wp-content\/uploads\/_media\/_allgemein\/Logo-Footer-ACPS-Automotive.png","contentUrl":"https:\/\/www.acps-automotive.com\/wp-content\/uploads\/_media\/_allgemein\/Logo-Footer-ACPS-Automotive.png","width":239,"height":32,"caption":"ACPS Automotive GmbH"},"image":{"@id":"https:\/\/www.acps-automotive.com\/hu\/#\/schema\/logo\/image\/"},"sameAs":["https:\/\/x.com\/ACPS_Automotive","https:\/\/www.linkedin.com\/company\/acps-automotive-gmbh\/","https:\/\/www.instagram.com\/acps_ausbildung\/","https:\/\/www.youtube.com\/channel\/UC2jxrgWwpxpkay2aHWV5SaQ"]}]}},"_links":{"self":[{"href":"https:\/\/www.acps-automotive.com\/hu\/wp-json\/wp\/v2\/pages\/29225","targetHints":{"allow":["GET"]}}],"collection":[{"href":"https:\/\/www.acps-automotive.com\/hu\/wp-json\/wp\/v2\/pages"}],"about":[{"href":"https:\/\/www.acps-automotive.com\/hu\/wp-json\/wp\/v2\/types\/page"}],"author":[{"embeddable":true,"href":"https:\/\/www.acps-automotive.com\/hu\/wp-json\/wp\/v2\/users\/1"}],"replies":[{"embeddable":true,"href":"https:\/\/www.acps-automotive.com\/hu\/wp-json\/wp\/v2\/comments?post=29225"}],"version-history":[{"count":5,"href":"https:\/\/www.acps-automotive.com\/hu\/wp-json\/wp\/v2\/pages\/29225\/revisions"}],"predecessor-version":[{"id":29232,"href":"https:\/\/www.acps-automotive.com\/hu\/wp-json\/wp\/v2\/pages\/29225\/revisions\/29232"}],"up":[{"embeddable":true,"href":"https:\/\/www.acps-automotive.com\/hu\/wp-json\/wp\/v2\/pages\/27201"}],"wp:attachment":[{"href":"https:\/\/www.acps-automotive.com\/hu\/wp-json\/wp\/v2\/media?parent=29225"}],"curies":[{"name":"wp","href":"https:\/\/api.w.org\/{rel}","templated":true}]}}