{"id":29217,"date":"2026-03-10T11:04:07","date_gmt":"2026-03-10T10:04:07","guid":{"rendered":"https:\/\/www.acps-automotive.com\/?page_id=29217"},"modified":"2026-03-10T11:07:49","modified_gmt":"2026-03-10T10:07:49","slug":"uj-suv-g9","status":"publish","type":"page","link":"https:\/\/www.acps-automotive.com\/hu\/vallalatok\/sajto\/uj-suv-g9\/","title":{"rendered":"A pr\u00e9mium m\u00e1rka XPENG \u00faj G9 SUV-j\u00e1t a k\u00ednai piacra az ACPS Automotive teljesen elektromos, forgathat\u00f3 von\u00f3horoggal szereli fel"},"content":{"rendered":"<div class=\"vgblk-rw-wrapper limit-wrapper\">\n\n\t<h3><strong>2022.09.22 |<\/strong> A pr\u00e9mium m\u00e1rka XPENG \u00faj G9 SUV-j\u00e1t a k\u00ednai piacra az ACPS Automotive teljesen elektromos, forgathat\u00f3 von\u00f3horoggal szereli fel<\/h3>\n<p><strong>Az \u00faj SUV nagy terhel\u00e9seket is k\u00e9pes felvenni.<\/strong><\/p>\n<p>A terjeszked\u0151 k\u00ednai pr\u00e9mium m\u00e1rka, az XPENG bemutatja \u00faj SUV z\u00e1szl\u00f3shaj\u00f3j\u00e1t. A luxus SUV-k\u00e9nt poz\u00edcion\u00e1lt XPENG G9 az ACPS Automotive p\u00f3tkocsi-technol\u00f3gi\u00e1j\u00e1t alkalmazza.<\/p>\n<p>Az XPENG \u00faj pr\u00e9mium SUV-ja, a G9 lesz a vil\u00e1g leggyorsabb t\u00f6lt\u00e9si technol\u00f3gi\u00e1val rendelkez\u0151 sorozatgy\u00e1rt\u00e1s\u00fa elektromos j\u00e1rm\u0171ve. A luxusra, valamint az intelligens asszisztens- \u00e9s infotainment-funkci\u00f3kra \u00f6sszpontos\u00edt\u00f3 G9 soha nem l\u00e1tott vezet\u00e9si \u00e9lm\u00e9nyt k\u00edn\u00e1l. A maxim\u00e1lis szabads\u00e1g \u00e9s rugalmass\u00e1g \u00e9rdek\u00e9ben a G9 az ACPS Automotive p\u00f3tkocsi-technol\u00f3gi\u00e1j\u00e1t alkalmazza.<\/p>\n<strong>A p\u00f3tkocsi-csatlakoz\u00f3 a l\u00f6kh\u00e1r\u00edt\u00f3 m\u00f6g\u00f6tt rejt\u0151zik<\/strong><br \/>\nAzok sz\u00e1m\u00e1ra, akik nehezebb terheket, p\u00e9ld\u00e1ul cs\u00f3nakot vagy ker\u00e9kp\u00e1rokat kell sz\u00e1ll\u00edtaniuk, az \u00faj XPENG G9 az ACPS Automotive innovat\u00edv ORIS E3 p\u00f3tkocsi-csatlakoz\u00f3j\u00e1val van felszerelve. Ez a h\u00e1ts\u00f3 l\u00f6kh\u00e1r\u00edt\u00f3 alatt van elrejtve, \u00e9s egy gombnyom\u00e1ssal k\u00f6nnyen kih\u00fazhat\u00f3.\n<p>Az ACPS Automotive ORIS E3 mostant\u00f3l K\u00edn\u00e1ban megrendelhet\u0151 az \u00faj G9 v\u00e1s\u00e1rl\u00e1sakor. 1500 kg vontathat\u00f3 \u00e9s 70 kg sz\u00e1ll\u00edthat\u00f3 vele. A szabadalmaztatott FIX4BIKE\u00ae rendszer, amely a von\u00f3horogb\u00f3l \u00e9s az ORIS Tracc ker\u00e9kp\u00e1rtart\u00f3b\u00f3l \u00e1ll, a jelenleg a piacon el\u00e9rhet\u0151 legjobb h\u00e1ts\u00f3 ker\u00e9kp\u00e1rtart\u00f3 megold\u00e1s. A ker\u00e9kp\u00e1rtart\u00f3k \u00edgy gyorsabban \u00e9s biztons\u00e1gosabban szerelhet\u0151k fel, mint valaha.<\/p>\n<strong>Von\u00f3technol\u00f3gia &#8211; N\u00e9metorsz\u00e1gban fejlesztve<\/strong><br \/>\nAz ACPS Automotive von\u00f3szerkezeteket \u00e9s ker\u00e9kp\u00e1rtart\u00f3kat fejleszt aut\u00f3gy\u00e1rt\u00f3k sz\u00e1m\u00e1ra vil\u00e1gszerte. Most a v\u00e1llalat k\u00ednai OEM-gy\u00e1rt\u00f3knak, p\u00e9ld\u00e1ul az XPENG-nek is hozz\u00e1f\u00e9r\u00e9st biztos\u00edt a N\u00e9metorsz\u00e1gban fejlesztett, kifejezetten elektromos j\u00e1rm\u0171flott\u00e1k sz\u00e1m\u00e1ra tervezett von\u00f3szerkezeteihez. Az ACPS Automotive p\u00f3tkocsi-vontat\u00f3i rugalmasak, mozg\u00e9konyak, p\u00e9ld\u00e1tlan biztons\u00e1got \u00e9s karbantart\u00e1smentes tart\u00f3ss\u00e1got k\u00edn\u00e1lnak innovat\u00edv kialak\u00edt\u00e1sban, amely n\u00f6veli a j\u00e1rm\u0171 \u00e9rt\u00e9k\u00e9t.\n<strong>A v\u00e1llalat<\/strong><br \/>\nAz ACPS Automotive piacvezet\u0151 a szem\u00e9lyg\u00e9pkocsik, SUV-k \u00e9s kisteheraut\u00f3k p\u00f3tkocsi-vontat\u00f3i ter\u00e9n. T\u00f6bb mint 140 szabadalom tan\u00fas\u00edtja vil\u00e1gszerte technol\u00f3giai \u00e9s innov\u00e1ci\u00f3s vezet\u0151 szerep\u00e9t. A v\u00e1llalat \u00edgy jelent\u0151sen befoly\u00e1solta a technol\u00f3giai fejl\u0151d\u00e9st a von\u00f3horogok ter\u00fclet\u00e9n. Az ACPS Automotive fejleszt\u0151k\u00e9nt \u00e9s gy\u00e1rt\u00f3k\u00e9nt a sz\u00e1ll\u00edt\u00e1si megold\u00e1sainak technol\u00f3gi\u00e1j\u00e1val m\u00e9rc\u00e9t \u00e1ll\u00edt fel sz\u00e9khely\u00e9n, Ingersheimben, valamint vil\u00e1gszerte t\u00edz telephely\u00e9n. Ez az \u00fcgyfelek jav\u00e1t szolg\u00e1lja &#8211; az els\u0151 felszerelts\u00e9g\u0171 nemzetk\u00f6zi aut\u00f3ipar \u00e9s az ut\u00f3lagos felszerelts\u00e9g\u0171 eur\u00f3pai v\u00e1llalatok sz\u00e1m\u00e1ra. A von\u00f3szerkezetek k\u00fcl\u00f6n\u00f6sen biztons\u00e1gos \u00e9s k\u00e9nyelmes \u00f6sszek\u00f6ttet\u00e9st biztos\u00edtanak a j\u00e1rm\u0171 \u00e9s a lak\u00f3kocsi, ker\u00e9kp\u00e1rtart\u00f3k, cs\u00f3nak- \u00e9s l\u00f3sz\u00e1ll\u00edt\u00f3 p\u00f3tkocsik k\u00f6z\u00f6tt mind a mag\u00e1n-, mind a kereskedelmi szf\u00e9r\u00e1ban. Az ACPS Automotive k\u00f6r\u00fclbel\u00fcl 1800 alkalmazottat foglalkoztat, 1955-ben alap\u00edtott\u00e1k Stuttgart k\u00f6zel\u00e9ben, \u00e9s ORIS m\u00e1rkan\u00e9v alatt v\u00e1lt ismertt\u00e9. A 2021-es \u00e1rbev\u00e9tel k\u00f6r\u00fclbel\u00fcl 300 milli\u00f3 eur\u00f3 volt.\n\t<p><a href=\"https:\/\/www.acps-automotive.com\/wp-content\/uploads\/_media\/unternehmen\/presse\/Press-Release-Innovation-E3-with-FIX4BIKE.pdf\" target=\"_blank\" rel=\"noopener\">Download [PDF]<\/a>\u00a0<a href=\"https:\/\/www.acps-automotive.com\/wp-content\/uploads\/_media\/unternehmen\/presse\/Press-Release-Innovation-E3-FIX4BIKE.zip\" target=\"_blank\" rel=\"noopener\">Download [Zip]<\/a><\/p>\n\t<p><a href=\"https:\/\/www.acps-automotive.com\/wp-content\/uploads\/_media\/unternehmen\/presse\/2022\/XPENG-G9-SUV-Caravan.jpg\"><img loading=\"lazy\" decoding=\"async\" src=\"https:\/\/www.acps-automotive.com\/wp-content\/uploads\/_media\/unternehmen\/presse\/2022\/XPENG-G9-SUV-Caravan.jpg\" alt=\"\" width=\"300\" height=\"169\" \/><\/a><\/p>\n\t<h2><strong>Sajt\u00f3kapcsolat<\/strong><\/h2>\n<strong>ACPS Automotive GmbH<\/strong><br \/>\nDagmar Hinz |\u00a0Kommunik\u00e1ci\u00f3s \u00e9s marketing menedzser<br \/>\nBertha-Benz-Str. 2, 74379 Ingersheim, N\u00e9metorsz\u00e1g\nTel: +49 (0) 7142 9930-124<br \/>\nE-Mail: <a href=\"ma&#105;&#108;&#x74;&#x6f;&#x3a;&#x64;ag&#109;&#97;&#x72;&#x2e;&#x68;&#x69;nz&#64;&#97;&#99;&#x70;&#x73;&#x2d;&#x61;ut&#111;&#109;&#x6f;&#x74;&#x69;&#x76;e&#46;&#99;&#111;&#x6d;\">&#x64;&#x61;&#103;&#109;ar&#x2e;&#x68;&#x69;&#110;z&#64;&#x61;&#x63;&#x70;&#115;&#45;a&#x75;&#x74;&#x6f;&#109;&#111;t&#x69;&#x76;&#x65;&#46;&#99;om<\/a>\n\t<p>\u2190 <a href=\"https:\/\/www.acps-automotive.com\/hu\/vallalatok\/sajto\/\">vissza az \u00e1ttekint\u00e9shez<\/a><\/p>\n\n<\/div><!-- .vgblk-rw-wrapper -->","protected":false},"excerpt":{"rendered":"<p>2022.09.22 | A pr\u00e9mium m\u00e1rka XPENG \u00faj G9 SUV-j\u00e1t a k\u00ednai piacra az ACPS Automotive teljesen elektromos, forgathat\u00f3 von\u00f3horoggal szereli fel Az \u00faj SUV nagy terhel\u00e9seket is k\u00e9pes felvenni. A terjeszked\u0151 k\u00ednai pr\u00e9mium m\u00e1rka, az XPENG bemutatja \u00faj SUV z\u00e1szl\u00f3shaj\u00f3j\u00e1t. A luxus SUV-k\u00e9nt poz\u00edcion\u00e1lt XPENG G9 az ACPS Automotive p\u00f3tkocsi-technol\u00f3gi\u00e1j\u00e1t alkalmazza. Az XPENG \u00faj pr\u00e9mium&#8230;<\/p>\n","protected":false},"author":1,"featured_media":0,"parent":27201,"menu_order":1,"comment_status":"closed","ping_status":"closed","template":"","meta":{"inline_featured_image":false,"_price":"","_stock":"","_tribe_ticket_header":"","_tribe_default_ticket_provider":"","_tribe_ticket_capacity":"0","_ticket_start_date":"","_ticket_end_date":"","_tribe_ticket_show_description":"","_tribe_ticket_show_not_going":false,"_tribe_ticket_use_global_stock":"","_tribe_ticket_global_stock_level":"","_global_stock_mode":"","_global_stock_cap":"","_tribe_rsvp_for_event":"","_tribe_ticket_going_count":"","_tribe_ticket_not_going_count":"","_tribe_tickets_list":"[]","_tribe_ticket_has_attendee_info_fields":false,"footnotes":""},"class_list":["post-29217","page","type-page","status-publish","hentry"],"yoast_head":"<!-- This site is optimized with the Yoast SEO plugin v27.2 - https:\/\/yoast.com\/product\/yoast-seo-wordpress\/ -->\n<title>Sajt\u00f3 | ACPS Automotive<\/title>\n<meta name=\"description\" content=\"Itt tal\u00e1lja az ACPS Automotive legfrissebb sajt\u00f3k\u00f6zlem\u00e9nyeit. \u25baRengeteg hasznos inform\u00e1ci\u00f3 az \u00d6n sz\u00e1m\u00e1ra.\" \/>\n<meta name=\"robots\" content=\"index, follow, max-snippet:-1, max-image-preview:large, max-video-preview:-1\" \/>\n<link rel=\"canonical\" href=\"https:\/\/www.acps-automotive.com\/hu\/vallalatok\/sajto\/uj-suv-g9\/\" \/>\n<meta property=\"og:locale\" content=\"hu_HU\" \/>\n<meta property=\"og:type\" content=\"article\" \/>\n<meta property=\"og:title\" content=\"Sajt\u00f3 | ACPS Automotive\" \/>\n<meta property=\"og:description\" content=\"Itt tal\u00e1lja az ACPS Automotive legfrissebb sajt\u00f3k\u00f6zlem\u00e9nyeit. \u25baRengeteg hasznos inform\u00e1ci\u00f3 az \u00d6n sz\u00e1m\u00e1ra.\" \/>\n<meta property=\"og:url\" content=\"https:\/\/www.acps-automotive.com\/hu\/vallalatok\/sajto\/uj-suv-g9\/\" \/>\n<meta property=\"og:site_name\" content=\"ACPS Automotive GmbH\" \/>\n<meta property=\"article:modified_time\" content=\"2026-03-10T10:07:49+00:00\" \/>\n<meta property=\"og:image\" content=\"https:\/\/www.acps-automotive.com\/wp-content\/uploads\/_media\/unternehmen\/presse\/2022\/XPENG-G9-SUV-Caravan.jpg\" \/>\n<meta name=\"twitter:card\" content=\"summary_large_image\" \/>\n<meta name=\"twitter:site\" content=\"@ACPS_Automotive\" \/>\n<meta name=\"twitter:label1\" content=\"Becs\u00fclt olvas\u00e1si id\u0151\" \/>\n\t<meta name=\"twitter:data1\" content=\"3 perc\" \/>\n<script type=\"application\/ld+json\" class=\"yoast-schema-graph\">{\"@context\":\"https:\/\/schema.org\",\"@graph\":[{\"@type\":\"WebPage\",\"@id\":\"https:\/\/www.acps-automotive.com\/hu\/vallalatok\/sajto\/uj-suv-g9\/\",\"url\":\"https:\/\/www.acps-automotive.com\/hu\/vallalatok\/sajto\/uj-suv-g9\/\",\"name\":\"Sajt\u00f3 | ACPS Automotive\",\"isPartOf\":{\"@id\":\"https:\/\/www.acps-automotive.com\/hu\/#website\"},\"primaryImageOfPage\":{\"@id\":\"https:\/\/www.acps-automotive.com\/hu\/vallalatok\/sajto\/uj-suv-g9\/#primaryimage\"},\"image\":{\"@id\":\"https:\/\/www.acps-automotive.com\/hu\/vallalatok\/sajto\/uj-suv-g9\/#primaryimage\"},\"thumbnailUrl\":\"https:\/\/www.acps-automotive.com\/wp-content\/uploads\/_media\/unternehmen\/presse\/2022\/XPENG-G9-SUV-Caravan.jpg\",\"datePublished\":\"2026-03-10T10:04:07+00:00\",\"dateModified\":\"2026-03-10T10:07:49+00:00\",\"description\":\"Itt tal\u00e1lja az ACPS Automotive legfrissebb sajt\u00f3k\u00f6zlem\u00e9nyeit. \u25baRengeteg hasznos inform\u00e1ci\u00f3 az \u00d6n sz\u00e1m\u00e1ra.\",\"breadcrumb\":{\"@id\":\"https:\/\/www.acps-automotive.com\/hu\/vallalatok\/sajto\/uj-suv-g9\/#breadcrumb\"},\"inLanguage\":\"hu\",\"potentialAction\":[{\"@type\":\"ReadAction\",\"target\":[\"https:\/\/www.acps-automotive.com\/hu\/vallalatok\/sajto\/uj-suv-g9\/\"]}]},{\"@type\":\"ImageObject\",\"inLanguage\":\"hu\",\"@id\":\"https:\/\/www.acps-automotive.com\/hu\/vallalatok\/sajto\/uj-suv-g9\/#primaryimage\",\"url\":\"https:\/\/www.acps-automotive.com\/wp-content\/uploads\/_media\/unternehmen\/presse\/2022\/XPENG-G9-SUV-Caravan.jpg\",\"contentUrl\":\"https:\/\/www.acps-automotive.com\/wp-content\/uploads\/_media\/unternehmen\/presse\/2022\/XPENG-G9-SUV-Caravan.jpg\"},{\"@type\":\"BreadcrumbList\",\"@id\":\"https:\/\/www.acps-automotive.com\/hu\/vallalatok\/sajto\/uj-suv-g9\/#breadcrumb\",\"itemListElement\":[{\"@type\":\"ListItem\",\"position\":1,\"name\":\"Startseite\",\"item\":\"https:\/\/www.acps-automotive.com\/hu\/\"},{\"@type\":\"ListItem\",\"position\":2,\"name\":\"V\u00e1llalatok\",\"item\":\"https:\/\/www.acps-automotive.com\/hu\/vallalatok\/\"},{\"@type\":\"ListItem\",\"position\":3,\"name\":\"Sajt\u00f3\",\"item\":\"https:\/\/www.acps-automotive.com\/hu\/vallalatok\/sajto\/\"},{\"@type\":\"ListItem\",\"position\":4,\"name\":\"A pr\u00e9mium m\u00e1rka XPENG \u00faj G9 SUV-j\u00e1t a k\u00ednai piacra az ACPS Automotive teljesen elektromos, forgathat\u00f3 von\u00f3horoggal szereli fel\"}]},{\"@type\":\"WebSite\",\"@id\":\"https:\/\/www.acps-automotive.com\/hu\/#website\",\"url\":\"https:\/\/www.acps-automotive.com\/hu\/\",\"name\":\"ACPS Automotive GmbH\",\"description\":\"Innovative Anh\u00e4ngekupplungen\",\"publisher\":{\"@id\":\"https:\/\/www.acps-automotive.com\/hu\/#organization\"},\"potentialAction\":[{\"@type\":\"SearchAction\",\"target\":{\"@type\":\"EntryPoint\",\"urlTemplate\":\"https:\/\/www.acps-automotive.com\/hu\/?s={search_term_string}\"},\"query-input\":{\"@type\":\"PropertyValueSpecification\",\"valueRequired\":true,\"valueName\":\"search_term_string\"}}],\"inLanguage\":\"hu\"},{\"@type\":\"Organization\",\"@id\":\"https:\/\/www.acps-automotive.com\/hu\/#organization\",\"name\":\"ACPS Automotive GmbH\",\"url\":\"https:\/\/www.acps-automotive.com\/hu\/\",\"logo\":{\"@type\":\"ImageObject\",\"inLanguage\":\"hu\",\"@id\":\"https:\/\/www.acps-automotive.com\/hu\/#\/schema\/logo\/image\/\",\"url\":\"https:\/\/www.acps-automotive.com\/wp-content\/uploads\/_media\/_allgemein\/Logo-Footer-ACPS-Automotive.png\",\"contentUrl\":\"https:\/\/www.acps-automotive.com\/wp-content\/uploads\/_media\/_allgemein\/Logo-Footer-ACPS-Automotive.png\",\"width\":239,\"height\":32,\"caption\":\"ACPS Automotive GmbH\"},\"image\":{\"@id\":\"https:\/\/www.acps-automotive.com\/hu\/#\/schema\/logo\/image\/\"},\"sameAs\":[\"https:\/\/x.com\/ACPS_Automotive\",\"https:\/\/www.linkedin.com\/company\/acps-automotive-gmbh\/\",\"https:\/\/www.instagram.com\/acps_ausbildung\/\",\"https:\/\/www.youtube.com\/channel\/UC2jxrgWwpxpkay2aHWV5SaQ\"]}]}<\/script>\n<!-- \/ Yoast SEO plugin. -->","yoast_head_json":{"title":"Sajt\u00f3 | ACPS Automotive","description":"Itt tal\u00e1lja az ACPS Automotive legfrissebb sajt\u00f3k\u00f6zlem\u00e9nyeit. \u25baRengeteg hasznos inform\u00e1ci\u00f3 az \u00d6n sz\u00e1m\u00e1ra.","robots":{"index":"index","follow":"follow","max-snippet":"max-snippet:-1","max-image-preview":"max-image-preview:large","max-video-preview":"max-video-preview:-1"},"canonical":"https:\/\/www.acps-automotive.com\/hu\/vallalatok\/sajto\/uj-suv-g9\/","og_locale":"hu_HU","og_type":"article","og_title":"Sajt\u00f3 | ACPS Automotive","og_description":"Itt tal\u00e1lja az ACPS Automotive legfrissebb sajt\u00f3k\u00f6zlem\u00e9nyeit. \u25baRengeteg hasznos inform\u00e1ci\u00f3 az \u00d6n sz\u00e1m\u00e1ra.","og_url":"https:\/\/www.acps-automotive.com\/hu\/vallalatok\/sajto\/uj-suv-g9\/","og_site_name":"ACPS Automotive GmbH","article_modified_time":"2026-03-10T10:07:49+00:00","og_image":[{"url":"https:\/\/www.acps-automotive.com\/wp-content\/uploads\/_media\/unternehmen\/presse\/2022\/XPENG-G9-SUV-Caravan.jpg","type":"","width":"","height":""}],"twitter_card":"summary_large_image","twitter_site":"@ACPS_Automotive","twitter_misc":{"Becs\u00fclt olvas\u00e1si id\u0151":"3 perc"},"schema":{"@context":"https:\/\/schema.org","@graph":[{"@type":"WebPage","@id":"https:\/\/www.acps-automotive.com\/hu\/vallalatok\/sajto\/uj-suv-g9\/","url":"https:\/\/www.acps-automotive.com\/hu\/vallalatok\/sajto\/uj-suv-g9\/","name":"Sajt\u00f3 | ACPS Automotive","isPartOf":{"@id":"https:\/\/www.acps-automotive.com\/hu\/#website"},"primaryImageOfPage":{"@id":"https:\/\/www.acps-automotive.com\/hu\/vallalatok\/sajto\/uj-suv-g9\/#primaryimage"},"image":{"@id":"https:\/\/www.acps-automotive.com\/hu\/vallalatok\/sajto\/uj-suv-g9\/#primaryimage"},"thumbnailUrl":"https:\/\/www.acps-automotive.com\/wp-content\/uploads\/_media\/unternehmen\/presse\/2022\/XPENG-G9-SUV-Caravan.jpg","datePublished":"2026-03-10T10:04:07+00:00","dateModified":"2026-03-10T10:07:49+00:00","description":"Itt tal\u00e1lja az ACPS Automotive legfrissebb sajt\u00f3k\u00f6zlem\u00e9nyeit. \u25baRengeteg hasznos inform\u00e1ci\u00f3 az \u00d6n sz\u00e1m\u00e1ra.","breadcrumb":{"@id":"https:\/\/www.acps-automotive.com\/hu\/vallalatok\/sajto\/uj-suv-g9\/#breadcrumb"},"inLanguage":"hu","potentialAction":[{"@type":"ReadAction","target":["https:\/\/www.acps-automotive.com\/hu\/vallalatok\/sajto\/uj-suv-g9\/"]}]},{"@type":"ImageObject","inLanguage":"hu","@id":"https:\/\/www.acps-automotive.com\/hu\/vallalatok\/sajto\/uj-suv-g9\/#primaryimage","url":"https:\/\/www.acps-automotive.com\/wp-content\/uploads\/_media\/unternehmen\/presse\/2022\/XPENG-G9-SUV-Caravan.jpg","contentUrl":"https:\/\/www.acps-automotive.com\/wp-content\/uploads\/_media\/unternehmen\/presse\/2022\/XPENG-G9-SUV-Caravan.jpg"},{"@type":"BreadcrumbList","@id":"https:\/\/www.acps-automotive.com\/hu\/vallalatok\/sajto\/uj-suv-g9\/#breadcrumb","itemListElement":[{"@type":"ListItem","position":1,"name":"Startseite","item":"https:\/\/www.acps-automotive.com\/hu\/"},{"@type":"ListItem","position":2,"name":"V\u00e1llalatok","item":"https:\/\/www.acps-automotive.com\/hu\/vallalatok\/"},{"@type":"ListItem","position":3,"name":"Sajt\u00f3","item":"https:\/\/www.acps-automotive.com\/hu\/vallalatok\/sajto\/"},{"@type":"ListItem","position":4,"name":"A pr\u00e9mium m\u00e1rka XPENG \u00faj G9 SUV-j\u00e1t a k\u00ednai piacra az ACPS Automotive teljesen elektromos, forgathat\u00f3 von\u00f3horoggal szereli fel"}]},{"@type":"WebSite","@id":"https:\/\/www.acps-automotive.com\/hu\/#website","url":"https:\/\/www.acps-automotive.com\/hu\/","name":"ACPS Automotive GmbH","description":"Innovative Anh\u00e4ngekupplungen","publisher":{"@id":"https:\/\/www.acps-automotive.com\/hu\/#organization"},"potentialAction":[{"@type":"SearchAction","target":{"@type":"EntryPoint","urlTemplate":"https:\/\/www.acps-automotive.com\/hu\/?s={search_term_string}"},"query-input":{"@type":"PropertyValueSpecification","valueRequired":true,"valueName":"search_term_string"}}],"inLanguage":"hu"},{"@type":"Organization","@id":"https:\/\/www.acps-automotive.com\/hu\/#organization","name":"ACPS Automotive GmbH","url":"https:\/\/www.acps-automotive.com\/hu\/","logo":{"@type":"ImageObject","inLanguage":"hu","@id":"https:\/\/www.acps-automotive.com\/hu\/#\/schema\/logo\/image\/","url":"https:\/\/www.acps-automotive.com\/wp-content\/uploads\/_media\/_allgemein\/Logo-Footer-ACPS-Automotive.png","contentUrl":"https:\/\/www.acps-automotive.com\/wp-content\/uploads\/_media\/_allgemein\/Logo-Footer-ACPS-Automotive.png","width":239,"height":32,"caption":"ACPS Automotive GmbH"},"image":{"@id":"https:\/\/www.acps-automotive.com\/hu\/#\/schema\/logo\/image\/"},"sameAs":["https:\/\/x.com\/ACPS_Automotive","https:\/\/www.linkedin.com\/company\/acps-automotive-gmbh\/","https:\/\/www.instagram.com\/acps_ausbildung\/","https:\/\/www.youtube.com\/channel\/UC2jxrgWwpxpkay2aHWV5SaQ"]}]}},"_links":{"self":[{"href":"https:\/\/www.acps-automotive.com\/hu\/wp-json\/wp\/v2\/pages\/29217","targetHints":{"allow":["GET"]}}],"collection":[{"href":"https:\/\/www.acps-automotive.com\/hu\/wp-json\/wp\/v2\/pages"}],"about":[{"href":"https:\/\/www.acps-automotive.com\/hu\/wp-json\/wp\/v2\/types\/page"}],"author":[{"embeddable":true,"href":"https:\/\/www.acps-automotive.com\/hu\/wp-json\/wp\/v2\/users\/1"}],"replies":[{"embeddable":true,"href":"https:\/\/www.acps-automotive.com\/hu\/wp-json\/wp\/v2\/comments?post=29217"}],"version-history":[{"count":5,"href":"https:\/\/www.acps-automotive.com\/hu\/wp-json\/wp\/v2\/pages\/29217\/revisions"}],"predecessor-version":[{"id":29224,"href":"https:\/\/www.acps-automotive.com\/hu\/wp-json\/wp\/v2\/pages\/29217\/revisions\/29224"}],"up":[{"embeddable":true,"href":"https:\/\/www.acps-automotive.com\/hu\/wp-json\/wp\/v2\/pages\/27201"}],"wp:attachment":[{"href":"https:\/\/www.acps-automotive.com\/hu\/wp-json\/wp\/v2\/media?parent=29217"}],"curies":[{"name":"wp","href":"https:\/\/api.w.org\/{rel}","templated":true}]}}