{"id":29209,"date":"2026-03-10T10:57:20","date_gmt":"2026-03-10T09:57:20","guid":{"rendered":"https:\/\/www.acps-automotive.com\/?page_id=29209"},"modified":"2026-03-10T11:00:37","modified_gmt":"2026-03-10T10:00:37","slug":"30-eves-gyartouzem","status":"publish","type":"page","link":"https:\/\/www.acps-automotive.com\/hu\/vallalatok\/sajto\/30-eves-gyartouzem\/","title":{"rendered":"30 \u00e9ves a gy\u00e1rt\u00f3\u00fczem Szent Egidien"},"content":{"rendered":"<div class=\"vgblk-rw-wrapper limit-wrapper\">\n\n\t<h3><strong>2022.09.05 |<\/strong> 30 \u00e9ves a gy\u00e1rt\u00f3\u00fczem Szent Egidien<\/h3>\n<p><strong>A p\u00f3tkocsi-von\u00f3horogok piacvezet\u0151 gy\u00e1rt\u00f3ja j\u00f3t\u00e9konys\u00e1gi c\u00e9llal \u00fcnnepli jubileum\u00e1t.<\/strong><\/p>\n<p>Szeptember 3-\u00e1n az ACPS Automotive \u00fcnnepelte gy\u00e1rt\u00f3\u00fczem\u00e9nek 30 \u00e9ves fenn\u00e1ll\u00e1s\u00e1t St. Egidienben, mintegy 700 alkalmazott \u00e9s csal\u00e1dtagjuk r\u00e9szv\u00e9tel\u00e9vel. A hangulat nem is lehetett volna jobb. A megrendel\u00e9sekkel teli a k\u00f6nyv, \u00e9s a gy\u00e1r is b\u0151v\u00fcl. 2022-ben a munkav\u00e1llal\u00f3k sz\u00e1ma 25 sz\u00e1zal\u00e9kkal fog n\u00f6vekedni. Id\u00e9n m\u00e1r 30 \u00faj \u00e1ll\u00e1shelyet t\u00f6lt\u00f6ttek be, \u00e9s 2022-ben tov\u00e1bbi 40 \u00e1ll\u00e1shely j\u00f6n hozz\u00e1 a megl\u00e9v\u0151 320-hoz. Az \u00e9vfordul\u00f3s \u00fcnneps\u00e9gen rendezett tombol\u00e1val 1950 eur\u00f3 bev\u00e9telt siker\u00fclt el\u00e9rni. Az ACPS Automotive 650-650 eur\u00f3t adom\u00e1nyoz a st. egidieni \u00f6nk\u00e9ntes t\u0171zolt\u00f3s\u00e1gnak, a lichtensteini \u00f6nk\u00e9ntes t\u0171zolt\u00f3s\u00e1gnak \u00e9s a Hohenstein-Ernstthal k\u00f6rzeti N\u00e9met V\u00f6r\u00f6skereszt lichtensteini helyi csoportj\u00e1nak.<\/p>\n<p>Az ACPS Automotive a St. Egidien telephely\u00e9n 30 \u00e9ves fenn\u00e1ll\u00e1sa \u00f3ta n\u00f6veked\u00e9st k\u00f6nyvelhet el. \u201eMi vagyunk a v\u00e1llalatunk h\u00e1rom legfontosabb gy\u00e1rt\u00e1si telephely\u00e9nek egyike, \u00e9s itt a r\u00e9gi\u00f3ban jelent\u0151s gazdas\u00e1gi t\u00e9nyez\u0151nek sz\u00e1m\u00edtunk. Az elm\u00falt \u00e9vek pozit\u00edv \u00e1rbev\u00e9tel-alakul\u00e1s\u00e1nak k\u00f6sz\u00f6nhet\u0151en folyamatosan n\u00f6veked\u00fcnk, \u00e9s m\u00e9g mindig van n\u00f6veked\u00e9si potenci\u00e1lunk&#8221; &#8211; \u00f6r\u00fcl Thomas Kunze, az ACPS Automotive gy\u00e1rvezet\u0151je. A gy\u00e1rt\u00f3\u00fczem k\u00fcl\u00f6n\u00f6sen a teljesen elektromos kifordul\u00f3 von\u00f3horogok ir\u00e1nti nagy keresletb\u0151l profit\u00e1l, amelyek a piacon jelenleg el\u00e9rhet\u0151 legk\u00e9nyelmesebb \u00e9s leginnovat\u00edvabb megold\u00e1st jelentik. Ezeket a St. Egidien telephelyen gy\u00e1rtj\u00e1k.<\/p>\n<p>Minden 1992-ben kezd\u0151d\u00f6tt a von\u00f3horogok, tet\u0151s\u00ednek \u00e9s sz\u00e9lterel\u0151k gy\u00e1rt\u00e1s\u00e1val kabrioletekhez. Az \u00fczem az\u00f3ta is n\u00f6vekedett &#8211; els\u0151sorban a von\u00f3horogok ter\u00fclet\u00e9n el\u00e9rt innov\u00e1ci\u00f3knak k\u00f6sz\u00f6nhet\u0151en, amelyeket ORIS m\u00e1rkan\u00e9v alatt gy\u00e1rtanak. Az aut\u00f3gy\u00e1rt\u00f3k nagy kereslete, akik a von\u00f3horogokat k\u00f6zvetlen\u00fcl a fut\u00f3szalagra szerelik, biztos\u00edtja ennek az \u00fczlet\u00e1gnak a sikeres fejl\u0151d\u00e9s\u00e9t. Jelenleg St. Egidien kiz\u00e1r\u00f3lag von\u00f3horogokat gy\u00e1rt. Az ACPS Automotive St. Egidienben 30 \u00e9v gy\u00e1rt\u00e1si tapasztalattal \u00e9s nagy innov\u00e1ci\u00f3s k\u00e9pess\u00e9ggel rendelkezik.<\/p>\n<p>Az idei \u00e9v jelent\u0151s l\u00e9tsz\u00e1mn\u00f6veked\u00e9se miatt m\u00e9g mindig keresnek munkat\u00e1rsakat a k\u00f6vetkez\u0151 k\u00e9pes\u00edt\u00e9sekkel: hegeszt\u0151k, valamint m\u00e1s szakm\u00e1b\u00f3l \u00e1tk\u00e9pzett hegeszt\u0151k, szerel\u0151k, logisztikusok, villanyszerel\u0151k, szerel\u0151k, SPS-technikusok, szersz\u00e1mk\u00e9sz\u00edt\u0151k \u00e9s folyamatmechanikusok. \u00c9rdekl\u0151d\u0151k tov\u00e1bbi inform\u00e1ci\u00f3kat tal\u00e1lnak a v\u00e1llalat honlapj\u00e1n, a www.acps-automotive.com oldalon, a Karrier men\u00fcpont alatt.<\/p>\n<p><strong>K\u00e9pal\u00e1\u00edr\u00e1s:<\/strong> L\u00e9gifelv\u00e9tel az ACPS Automotive gy\u00e1rr\u00f3l St. Egidienben, amely innovat\u00edv p\u00f3tkocsi-von\u00f3horogok gy\u00e1rt\u00e1s\u00e1ra specializ\u00e1l\u00f3dott, \u00e9s a h\u00e9tv\u00e9g\u00e9n \u00fcnnepelte 30 \u00e9ves fenn\u00e1ll\u00e1s\u00e1t munkat\u00e1rsaival \u00e9s azok csal\u00e1djaival.<\/p>\n<strong>A v\u00e1llalat<\/strong><br \/>\nAz ACPS Automotive piacvezet\u0151 a szem\u00e9lyg\u00e9pkocsik, SUV-k \u00e9s kisteheraut\u00f3k von\u00f3szerkezeteinek ter\u00fclet\u00e9n. T\u00f6bb mint 140 vil\u00e1gszerte bejegyzett szabadalom tan\u00fas\u00edtja technol\u00f3giai \u00e9s innov\u00e1ci\u00f3s vezet\u0151 szerep\u00e9t. A v\u00e1llalat \u00edgy jelent\u0151sen befoly\u00e1solta a von\u00f3szerkezetek ter\u00fclet\u00e9n el\u00e9rt technol\u00f3giai fejl\u0151d\u00e9st. Az ACPS Automotive fejleszt\u0151k\u00e9nt \u00e9s gy\u00e1rt\u00f3k\u00e9nt a sz\u00e1ll\u00edt\u00e1si megold\u00e1sainak technol\u00f3gi\u00e1j\u00e1val m\u00e9rc\u00e9t \u00e1ll\u00edt fel sz\u00e9khely\u00e9n, Ingersheimben, valamint vil\u00e1gszerte t\u00edz telephely\u00e9n. Ez az \u00fcgyfelek jav\u00e1t szolg\u00e1lja &#8211; az els\u0151 felszerelts\u00e9g\u0171 nemzetk\u00f6zi aut\u00f3ipar \u00e9s az ut\u00f3lagos felszerelts\u00e9g\u0171 eur\u00f3pai c\u00e9gek sz\u00e1m\u00e1ra. A von\u00f3berendez\u00e9sek k\u00fcl\u00f6n\u00f6sen biztons\u00e1gos \u00e9s k\u00e9nyelmes \u00f6sszek\u00f6ttet\u00e9st biztos\u00edtanak a j\u00e1rm\u0171 \u00e9s a lak\u00f3kocsi, ker\u00e9kp\u00e1rtart\u00f3k, cs\u00f3nak- \u00e9s l\u00f3sz\u00e1ll\u00edt\u00f3 p\u00f3tkocsik k\u00f6z\u00f6tt mind a mag\u00e1n-, mind a kereskedelmi szf\u00e9r\u00e1ban. Az ACPS Automotive k\u00f6r\u00fclbel\u00fcl 1800 alkalmazottat foglalkoztat, 1955-ben alap\u00edtott\u00e1k Stuttgart k\u00f6zel\u00e9ben, \u00e9s ORIS m\u00e1rkan\u00e9v alatt v\u00e1lt ismertt\u00e9. A 2021-es \u00e1rbev\u00e9tel k\u00f6r\u00fclbel\u00fcl 300 milli\u00f3 eur\u00f3 volt.\n\t<p><a href=\"https:\/\/www.acps-automotive.com\/wp-content\/uploads\/_media\/unternehmen\/presse\/Press-Release-30-years-St-Egidien-en.pdf\" target=\"_blank\" rel=\"noopener\">Download [PDF]<\/a>\u00a0<a href=\"https:\/\/www.acps-automotive.com\/wp-content\/uploads\/_media\/unternehmen\/presse\/Press-Release-30-years-St-Egidien-en.zip\" target=\"_blank\" rel=\"noopener\">Download [Zip]<\/a><\/p>\n\t<p><a href=\"https:\/\/www.acps-automotive.com\/wp-content\/uploads\/_media\/unternehmen\/presse\/2022\/St-Egidien.jpg\"><img loading=\"lazy\" decoding=\"async\" src=\"https:\/\/www.acps-automotive.com\/wp-content\/uploads\/_media\/unternehmen\/presse\/2022\/St-Egidien-300x200.jpg\" alt=\"\" width=\"300\" height=\"200\" \/><\/a><\/p>\n\t<h2><strong>Sajt\u00f3kapcsolat<\/strong><\/h2>\n<strong>ACPS Automotive GmbH<\/strong><br \/>\nDagmar Hinz |\u00a0Kommunik\u00e1ci\u00f3s \u00e9s marketing menedzser<br \/>\nBertha-Benz-Str. 2, 74379 Ingersheim, N\u00e9metorsz\u00e1g\nTel: +49 (0) 7142 9930-124<br \/>\nE-Mail: <a href=\"&#109;&#x61;i&#108;&#x74;o&#58;&#x64;a&#103;&#x6d;a&#114;&#x2e;&#104;&#x69;&#x6e;&#122;&#x40;&#x61;&#99;&#x70;s&#45;&#x61;u&#116;&#x6f;m&#111;&#x74;i&#118;&#x65;&#46;&#x63;&#x6f;&#109;\">&#x64;&#x61;&#103;&#109;a&#x72;&#x2e;&#x68;&#105;&#110;z&#x40;&#x61;&#x63;&#112;&#115;-&#x61;&#x75;&#x74;&#111;&#109;o&#x74;&#x69;&#x76;&#101;&#46;c&#x6f;&#x6d;<\/a>\n\t<p>\u2190 <a href=\"https:\/\/www.acps-automotive.com\/hu\/vallalatok\/sajto\/\">vissza az \u00e1ttekint\u00e9shez<\/a><\/p>\n\n<\/div><!-- .vgblk-rw-wrapper -->","protected":false},"excerpt":{"rendered":"<p>2022.09.05 | 30 \u00e9ves a gy\u00e1rt\u00f3\u00fczem Szent Egidien A p\u00f3tkocsi-von\u00f3horogok piacvezet\u0151 gy\u00e1rt\u00f3ja j\u00f3t\u00e9konys\u00e1gi c\u00e9llal \u00fcnnepli jubileum\u00e1t. Szeptember 3-\u00e1n az ACPS Automotive \u00fcnnepelte gy\u00e1rt\u00f3\u00fczem\u00e9nek 30 \u00e9ves fenn\u00e1ll\u00e1s\u00e1t St. Egidienben, mintegy 700 alkalmazott \u00e9s csal\u00e1dtagjuk r\u00e9szv\u00e9tel\u00e9vel. A hangulat nem is lehetett volna jobb. A megrendel\u00e9sekkel teli a k\u00f6nyv, \u00e9s a gy\u00e1r is b\u0151v\u00fcl. 2022-ben a munkav\u00e1llal\u00f3k sz\u00e1ma&#8230;<\/p>\n","protected":false},"author":1,"featured_media":0,"parent":27201,"menu_order":1,"comment_status":"closed","ping_status":"closed","template":"","meta":{"inline_featured_image":false,"_price":"","_stock":"","_tribe_ticket_header":"","_tribe_default_ticket_provider":"","_tribe_ticket_capacity":"0","_ticket_start_date":"","_ticket_end_date":"","_tribe_ticket_show_description":"","_tribe_ticket_show_not_going":false,"_tribe_ticket_use_global_stock":"","_tribe_ticket_global_stock_level":"","_global_stock_mode":"","_global_stock_cap":"","_tribe_rsvp_for_event":"","_tribe_ticket_going_count":"","_tribe_ticket_not_going_count":"","_tribe_tickets_list":"[]","_tribe_ticket_has_attendee_info_fields":false,"footnotes":""},"class_list":["post-29209","page","type-page","status-publish","hentry"],"yoast_head":"<!-- This site is optimized with the Yoast SEO plugin v27.2 - https:\/\/yoast.com\/product\/yoast-seo-wordpress\/ -->\n<title>Sajt\u00f3 | ACPS Automotive<\/title>\n<meta name=\"description\" content=\"Itt tal\u00e1lja az ACPS Automotive legfrissebb sajt\u00f3k\u00f6zlem\u00e9nyeit. \u25baRengeteg hasznos inform\u00e1ci\u00f3 az \u00d6n sz\u00e1m\u00e1ra.\" \/>\n<meta name=\"robots\" content=\"index, follow, max-snippet:-1, max-image-preview:large, max-video-preview:-1\" \/>\n<link rel=\"canonical\" href=\"https:\/\/www.acps-automotive.com\/hu\/vallalatok\/sajto\/30-eves-gyartouzem\/\" \/>\n<meta property=\"og:locale\" content=\"hu_HU\" \/>\n<meta property=\"og:type\" content=\"article\" \/>\n<meta property=\"og:title\" content=\"Sajt\u00f3 | ACPS Automotive\" \/>\n<meta property=\"og:description\" content=\"Itt tal\u00e1lja az ACPS Automotive legfrissebb sajt\u00f3k\u00f6zlem\u00e9nyeit. \u25baRengeteg hasznos inform\u00e1ci\u00f3 az \u00d6n sz\u00e1m\u00e1ra.\" \/>\n<meta property=\"og:url\" content=\"https:\/\/www.acps-automotive.com\/hu\/vallalatok\/sajto\/30-eves-gyartouzem\/\" \/>\n<meta property=\"og:site_name\" content=\"ACPS Automotive GmbH\" \/>\n<meta property=\"article:modified_time\" content=\"2026-03-10T10:00:37+00:00\" \/>\n<meta property=\"og:image\" content=\"https:\/\/www.acps-automotive.com\/wp-content\/uploads\/_media\/unternehmen\/presse\/2022\/St-Egidien-300x200.jpg\" \/>\n<meta name=\"twitter:card\" content=\"summary_large_image\" \/>\n<meta name=\"twitter:site\" content=\"@ACPS_Automotive\" \/>\n<meta name=\"twitter:label1\" content=\"Becs\u00fclt olvas\u00e1si id\u0151\" \/>\n\t<meta name=\"twitter:data1\" content=\"4 perc\" \/>\n<script type=\"application\/ld+json\" class=\"yoast-schema-graph\">{\"@context\":\"https:\/\/schema.org\",\"@graph\":[{\"@type\":\"WebPage\",\"@id\":\"https:\/\/www.acps-automotive.com\/hu\/vallalatok\/sajto\/30-eves-gyartouzem\/\",\"url\":\"https:\/\/www.acps-automotive.com\/hu\/vallalatok\/sajto\/30-eves-gyartouzem\/\",\"name\":\"Sajt\u00f3 | ACPS Automotive\",\"isPartOf\":{\"@id\":\"https:\/\/www.acps-automotive.com\/hu\/#website\"},\"primaryImageOfPage\":{\"@id\":\"https:\/\/www.acps-automotive.com\/hu\/vallalatok\/sajto\/30-eves-gyartouzem\/#primaryimage\"},\"image\":{\"@id\":\"https:\/\/www.acps-automotive.com\/hu\/vallalatok\/sajto\/30-eves-gyartouzem\/#primaryimage\"},\"thumbnailUrl\":\"https:\/\/www.acps-automotive.com\/wp-content\/uploads\/_media\/unternehmen\/presse\/2022\/St-Egidien-300x200.jpg\",\"datePublished\":\"2026-03-10T09:57:20+00:00\",\"dateModified\":\"2026-03-10T10:00:37+00:00\",\"description\":\"Itt tal\u00e1lja az ACPS Automotive legfrissebb sajt\u00f3k\u00f6zlem\u00e9nyeit. \u25baRengeteg hasznos inform\u00e1ci\u00f3 az \u00d6n sz\u00e1m\u00e1ra.\",\"breadcrumb\":{\"@id\":\"https:\/\/www.acps-automotive.com\/hu\/vallalatok\/sajto\/30-eves-gyartouzem\/#breadcrumb\"},\"inLanguage\":\"hu\",\"potentialAction\":[{\"@type\":\"ReadAction\",\"target\":[\"https:\/\/www.acps-automotive.com\/hu\/vallalatok\/sajto\/30-eves-gyartouzem\/\"]}]},{\"@type\":\"ImageObject\",\"inLanguage\":\"hu\",\"@id\":\"https:\/\/www.acps-automotive.com\/hu\/vallalatok\/sajto\/30-eves-gyartouzem\/#primaryimage\",\"url\":\"https:\/\/www.acps-automotive.com\/wp-content\/uploads\/_media\/unternehmen\/presse\/2022\/St-Egidien-300x200.jpg\",\"contentUrl\":\"https:\/\/www.acps-automotive.com\/wp-content\/uploads\/_media\/unternehmen\/presse\/2022\/St-Egidien-300x200.jpg\"},{\"@type\":\"BreadcrumbList\",\"@id\":\"https:\/\/www.acps-automotive.com\/hu\/vallalatok\/sajto\/30-eves-gyartouzem\/#breadcrumb\",\"itemListElement\":[{\"@type\":\"ListItem\",\"position\":1,\"name\":\"Startseite\",\"item\":\"https:\/\/www.acps-automotive.com\/hu\/\"},{\"@type\":\"ListItem\",\"position\":2,\"name\":\"V\u00e1llalatok\",\"item\":\"https:\/\/www.acps-automotive.com\/hu\/vallalatok\/\"},{\"@type\":\"ListItem\",\"position\":3,\"name\":\"Sajt\u00f3\",\"item\":\"https:\/\/www.acps-automotive.com\/hu\/vallalatok\/sajto\/\"},{\"@type\":\"ListItem\",\"position\":4,\"name\":\"30 \u00e9ves a gy\u00e1rt\u00f3\u00fczem Szent Egidien\"}]},{\"@type\":\"WebSite\",\"@id\":\"https:\/\/www.acps-automotive.com\/hu\/#website\",\"url\":\"https:\/\/www.acps-automotive.com\/hu\/\",\"name\":\"ACPS Automotive GmbH\",\"description\":\"Innovative Anh\u00e4ngekupplungen\",\"publisher\":{\"@id\":\"https:\/\/www.acps-automotive.com\/hu\/#organization\"},\"potentialAction\":[{\"@type\":\"SearchAction\",\"target\":{\"@type\":\"EntryPoint\",\"urlTemplate\":\"https:\/\/www.acps-automotive.com\/hu\/?s={search_term_string}\"},\"query-input\":{\"@type\":\"PropertyValueSpecification\",\"valueRequired\":true,\"valueName\":\"search_term_string\"}}],\"inLanguage\":\"hu\"},{\"@type\":\"Organization\",\"@id\":\"https:\/\/www.acps-automotive.com\/hu\/#organization\",\"name\":\"ACPS Automotive GmbH\",\"url\":\"https:\/\/www.acps-automotive.com\/hu\/\",\"logo\":{\"@type\":\"ImageObject\",\"inLanguage\":\"hu\",\"@id\":\"https:\/\/www.acps-automotive.com\/hu\/#\/schema\/logo\/image\/\",\"url\":\"https:\/\/www.acps-automotive.com\/wp-content\/uploads\/_media\/_allgemein\/Logo-Footer-ACPS-Automotive.png\",\"contentUrl\":\"https:\/\/www.acps-automotive.com\/wp-content\/uploads\/_media\/_allgemein\/Logo-Footer-ACPS-Automotive.png\",\"width\":239,\"height\":32,\"caption\":\"ACPS Automotive GmbH\"},\"image\":{\"@id\":\"https:\/\/www.acps-automotive.com\/hu\/#\/schema\/logo\/image\/\"},\"sameAs\":[\"https:\/\/x.com\/ACPS_Automotive\",\"https:\/\/www.linkedin.com\/company\/acps-automotive-gmbh\/\",\"https:\/\/www.instagram.com\/acps_ausbildung\/\",\"https:\/\/www.youtube.com\/channel\/UC2jxrgWwpxpkay2aHWV5SaQ\"]}]}<\/script>\n<!-- \/ Yoast SEO plugin. -->","yoast_head_json":{"title":"Sajt\u00f3 | ACPS Automotive","description":"Itt tal\u00e1lja az ACPS Automotive legfrissebb sajt\u00f3k\u00f6zlem\u00e9nyeit. \u25baRengeteg hasznos inform\u00e1ci\u00f3 az \u00d6n sz\u00e1m\u00e1ra.","robots":{"index":"index","follow":"follow","max-snippet":"max-snippet:-1","max-image-preview":"max-image-preview:large","max-video-preview":"max-video-preview:-1"},"canonical":"https:\/\/www.acps-automotive.com\/hu\/vallalatok\/sajto\/30-eves-gyartouzem\/","og_locale":"hu_HU","og_type":"article","og_title":"Sajt\u00f3 | ACPS Automotive","og_description":"Itt tal\u00e1lja az ACPS Automotive legfrissebb sajt\u00f3k\u00f6zlem\u00e9nyeit. \u25baRengeteg hasznos inform\u00e1ci\u00f3 az \u00d6n sz\u00e1m\u00e1ra.","og_url":"https:\/\/www.acps-automotive.com\/hu\/vallalatok\/sajto\/30-eves-gyartouzem\/","og_site_name":"ACPS Automotive GmbH","article_modified_time":"2026-03-10T10:00:37+00:00","og_image":[{"url":"https:\/\/www.acps-automotive.com\/wp-content\/uploads\/_media\/unternehmen\/presse\/2022\/St-Egidien-300x200.jpg","type":"","width":"","height":""}],"twitter_card":"summary_large_image","twitter_site":"@ACPS_Automotive","twitter_misc":{"Becs\u00fclt olvas\u00e1si id\u0151":"4 perc"},"schema":{"@context":"https:\/\/schema.org","@graph":[{"@type":"WebPage","@id":"https:\/\/www.acps-automotive.com\/hu\/vallalatok\/sajto\/30-eves-gyartouzem\/","url":"https:\/\/www.acps-automotive.com\/hu\/vallalatok\/sajto\/30-eves-gyartouzem\/","name":"Sajt\u00f3 | ACPS Automotive","isPartOf":{"@id":"https:\/\/www.acps-automotive.com\/hu\/#website"},"primaryImageOfPage":{"@id":"https:\/\/www.acps-automotive.com\/hu\/vallalatok\/sajto\/30-eves-gyartouzem\/#primaryimage"},"image":{"@id":"https:\/\/www.acps-automotive.com\/hu\/vallalatok\/sajto\/30-eves-gyartouzem\/#primaryimage"},"thumbnailUrl":"https:\/\/www.acps-automotive.com\/wp-content\/uploads\/_media\/unternehmen\/presse\/2022\/St-Egidien-300x200.jpg","datePublished":"2026-03-10T09:57:20+00:00","dateModified":"2026-03-10T10:00:37+00:00","description":"Itt tal\u00e1lja az ACPS Automotive legfrissebb sajt\u00f3k\u00f6zlem\u00e9nyeit. \u25baRengeteg hasznos inform\u00e1ci\u00f3 az \u00d6n sz\u00e1m\u00e1ra.","breadcrumb":{"@id":"https:\/\/www.acps-automotive.com\/hu\/vallalatok\/sajto\/30-eves-gyartouzem\/#breadcrumb"},"inLanguage":"hu","potentialAction":[{"@type":"ReadAction","target":["https:\/\/www.acps-automotive.com\/hu\/vallalatok\/sajto\/30-eves-gyartouzem\/"]}]},{"@type":"ImageObject","inLanguage":"hu","@id":"https:\/\/www.acps-automotive.com\/hu\/vallalatok\/sajto\/30-eves-gyartouzem\/#primaryimage","url":"https:\/\/www.acps-automotive.com\/wp-content\/uploads\/_media\/unternehmen\/presse\/2022\/St-Egidien-300x200.jpg","contentUrl":"https:\/\/www.acps-automotive.com\/wp-content\/uploads\/_media\/unternehmen\/presse\/2022\/St-Egidien-300x200.jpg"},{"@type":"BreadcrumbList","@id":"https:\/\/www.acps-automotive.com\/hu\/vallalatok\/sajto\/30-eves-gyartouzem\/#breadcrumb","itemListElement":[{"@type":"ListItem","position":1,"name":"Startseite","item":"https:\/\/www.acps-automotive.com\/hu\/"},{"@type":"ListItem","position":2,"name":"V\u00e1llalatok","item":"https:\/\/www.acps-automotive.com\/hu\/vallalatok\/"},{"@type":"ListItem","position":3,"name":"Sajt\u00f3","item":"https:\/\/www.acps-automotive.com\/hu\/vallalatok\/sajto\/"},{"@type":"ListItem","position":4,"name":"30 \u00e9ves a gy\u00e1rt\u00f3\u00fczem Szent Egidien"}]},{"@type":"WebSite","@id":"https:\/\/www.acps-automotive.com\/hu\/#website","url":"https:\/\/www.acps-automotive.com\/hu\/","name":"ACPS Automotive GmbH","description":"Innovative Anh\u00e4ngekupplungen","publisher":{"@id":"https:\/\/www.acps-automotive.com\/hu\/#organization"},"potentialAction":[{"@type":"SearchAction","target":{"@type":"EntryPoint","urlTemplate":"https:\/\/www.acps-automotive.com\/hu\/?s={search_term_string}"},"query-input":{"@type":"PropertyValueSpecification","valueRequired":true,"valueName":"search_term_string"}}],"inLanguage":"hu"},{"@type":"Organization","@id":"https:\/\/www.acps-automotive.com\/hu\/#organization","name":"ACPS Automotive GmbH","url":"https:\/\/www.acps-automotive.com\/hu\/","logo":{"@type":"ImageObject","inLanguage":"hu","@id":"https:\/\/www.acps-automotive.com\/hu\/#\/schema\/logo\/image\/","url":"https:\/\/www.acps-automotive.com\/wp-content\/uploads\/_media\/_allgemein\/Logo-Footer-ACPS-Automotive.png","contentUrl":"https:\/\/www.acps-automotive.com\/wp-content\/uploads\/_media\/_allgemein\/Logo-Footer-ACPS-Automotive.png","width":239,"height":32,"caption":"ACPS Automotive GmbH"},"image":{"@id":"https:\/\/www.acps-automotive.com\/hu\/#\/schema\/logo\/image\/"},"sameAs":["https:\/\/x.com\/ACPS_Automotive","https:\/\/www.linkedin.com\/company\/acps-automotive-gmbh\/","https:\/\/www.instagram.com\/acps_ausbildung\/","https:\/\/www.youtube.com\/channel\/UC2jxrgWwpxpkay2aHWV5SaQ"]}]}},"_links":{"self":[{"href":"https:\/\/www.acps-automotive.com\/hu\/wp-json\/wp\/v2\/pages\/29209","targetHints":{"allow":["GET"]}}],"collection":[{"href":"https:\/\/www.acps-automotive.com\/hu\/wp-json\/wp\/v2\/pages"}],"about":[{"href":"https:\/\/www.acps-automotive.com\/hu\/wp-json\/wp\/v2\/types\/page"}],"author":[{"embeddable":true,"href":"https:\/\/www.acps-automotive.com\/hu\/wp-json\/wp\/v2\/users\/1"}],"replies":[{"embeddable":true,"href":"https:\/\/www.acps-automotive.com\/hu\/wp-json\/wp\/v2\/comments?post=29209"}],"version-history":[{"count":5,"href":"https:\/\/www.acps-automotive.com\/hu\/wp-json\/wp\/v2\/pages\/29209\/revisions"}],"predecessor-version":[{"id":29216,"href":"https:\/\/www.acps-automotive.com\/hu\/wp-json\/wp\/v2\/pages\/29209\/revisions\/29216"}],"up":[{"embeddable":true,"href":"https:\/\/www.acps-automotive.com\/hu\/wp-json\/wp\/v2\/pages\/27201"}],"wp:attachment":[{"href":"https:\/\/www.acps-automotive.com\/hu\/wp-json\/wp\/v2\/media?parent=29209"}],"curies":[{"name":"wp","href":"https:\/\/api.w.org\/{rel}","templated":true}]}}