{"id":29200,"date":"2026-03-10T10:47:05","date_gmt":"2026-03-10T09:47:05","guid":{"rendered":"https:\/\/www.acps-automotive.com\/?page_id=29200"},"modified":"2026-03-10T10:50:53","modified_gmt":"2026-03-10T09:50:53","slug":"uj-termek-az-acps-automotive-nal","status":"publish","type":"page","link":"https:\/\/www.acps-automotive.com\/hu\/vallalatok\/sajto\/uj-termek-az-acps-automotive-nal\/","title":{"rendered":"\u00daj term\u00e9k az ACPS Automotive-n\u00e1l"},"content":{"rendered":"<div class=\"vgblk-rw-wrapper limit-wrapper\">\n\n\t<h3><strong>2022.02.17 |<\/strong> \u00daj term\u00e9k az ACPS Automotive-n\u00e1l<\/h3>\n<p><strong>Az \u00faj, teljesen elektromos, forgathat\u00f3 ORIS E3 rendszer &#8211; most \u00faj BMW 2-es Active Tourer v\u00e1s\u00e1rl\u00e1sakor p\u00f3tkocsi-csatlakoz\u00f3val egy\u00fctt kaphat\u00f3.<\/strong><\/p>\n<p>Az ACPS Automotive b\u0151v\u00edti sikeres \u201eteljesen elektromos forg\u00f3 von\u00f3horog&#8221; term\u00e9kportf\u00f3li\u00f3j\u00e1t: a megl\u00e9v\u0151 ORIS E5 mellett mostant\u00f3l az \u00fajonnan bevezetett ORIS E3 is el\u00e9rhet\u0151. Ez azt jelenti, hogy a sz\u00e1mos el\u0151nnyel rendelkez\u0151 sorozat k\u00e9t modellv\u00e1ltozata is el\u00e9rhet\u0151v\u00e9 v\u00e1lt az OE piacon. A BMW 2-es sorozat Active Tourer az els\u0151 aut\u00f3modell, amely az \u00faj ORIS E3 rendszerrel ker\u00fcl forgalomba.<\/p>\n<p>Az \u00fajonnan kifejlesztett \u00e9s szabadalmaztatott E3 term\u00e9kv\u00e1ltozat kiel\u00e9g\u00edti a vev\u0151k n\u00f6vekv\u0151 ig\u00e9ny\u00e9t az alacsony \u00e9s k\u00f6zepes terhel\u00e9s\u0171 von\u00f3horog-megold\u00e1sok ir\u00e1nt. A kib\u0151v\u00edtett term\u00e9kportf\u00f3li\u00f3val a v\u00e1llalat meger\u0151s\u00edti vezet\u0151 piaci poz\u00edci\u00f3j\u00e1t a von\u00f3horogok ter\u00fclet\u00e9n.<\/p>\n<p>Az \u00faj ORIS E3 megk\u00fcl\u00f6nb\u00f6ztet\u0151 jellemz\u0151i: Az innovat\u00edv \u00e9s robusztus technol\u00f3gia ak\u00e1r 12,5 kN D-\u00e9rt\u00e9ket is biztos\u00edt. Alacsonyabb s\u00faly\u00e1val \u00e9s kisebb be\u00e9p\u00edt\u00e9si helyig\u00e9ny\u00e9vel az \u00faj term\u00e9k most m\u00e1r az alacsony \u00e9s k\u00f6zepes terhel\u00e9si tartom\u00e1nyokat is lefedi, m\u00edg az ORIS E5-\u00f6t a nagyobb D-\u00e9rt\u00e9kkel rendelkez\u0151, 12,5 kN feletti p\u00f3tkocsi terhel\u00e9s\u0171, nehezebb j\u00e1rm\u0171vekhez haszn\u00e1lj\u00e1k.<\/p>\nAz E3 \u00e9s E5 modelleket is mag\u00e1ban foglal\u00f3 sorozatot karbantart\u00e1smentes kialak\u00edt\u00e1sa \u00e9s g\u00e1zol\u00e1si k\u00e9pess\u00e9ge jellemzi. Mindk\u00e9t modell gyorsan kinyithat\u00f3 \u00e9s azonnal haszn\u00e1latra k\u00e9sz.<br \/>\nAz ORIS E3 \u00e9s E5 rendszerek k\u00f6nny\u0171 kezelhet\u0151s\u00e9get \u00e9s maxim\u00e1lis k\u00e9nyelmet k\u00edn\u00e1lnak. A g\u00f6mbcsukl\u00f3t nem kell felszerelni vagy leszerelni, \u00e9s ha nincs haszn\u00e1latban, l\u00e1thatatlanul elt\u0171nik a l\u00f6kh\u00e1r\u00edt\u00f3 m\u00f6g\u00f6tt. Munkapoz\u00edci\u00f3ban az integr\u00e1lt aljzatnak k\u00f6sz\u00f6nhet\u0151en optim\u00e1lis ergon\u00f3mi\u00e1t biztos\u00edt p\u00f3tkocsik vagy ker\u00e9kp\u00e1rtart\u00f3k csatlakoztat\u00e1sakor. A rendszer haszn\u00e1latra k\u00e9sz \u00e1llapot\u00e1t vizu\u00e1lis LED-kijelz\u0151 \u00e9s\/vagy akusztikus visszajelz\u00e9s jelzi.\n<p>&nbsp;<\/p>\n<strong>A v\u00e1llalat<\/strong><br \/>\nAz ACPS Automotive piacvezet\u0151 a szem\u00e9lyg\u00e9pkocsik, SUV-k \u00e9s kisteheraut\u00f3k von\u00f3szerkezeteinek ter\u00fclet\u00e9n. T\u00f6bb mint 140 vil\u00e1gszerte bejegyzett szabadalom tan\u00fas\u00edtja technol\u00f3giai \u00e9s innov\u00e1ci\u00f3s vezet\u0151 szerep\u00e9t. A v\u00e1llalat \u00edgy jelent\u0151sen befoly\u00e1solta a von\u00f3szerkezetek ter\u00fclet\u00e9n el\u00e9rt technol\u00f3giai fejl\u0151d\u00e9st. Az ACPS Automotive fejleszt\u0151k\u00e9nt \u00e9s gy\u00e1rt\u00f3k\u00e9nt a sz\u00e1ll\u00edt\u00e1si megold\u00e1sainak technol\u00f3gi\u00e1j\u00e1val m\u00e9rc\u00e9t \u00e1ll\u00edt fel sz\u00e9khely\u00e9n, Ingersheimben, valamint vil\u00e1gszerte t\u00edz telephely\u00e9n. Ez az \u00fcgyfelek jav\u00e1t szolg\u00e1lja &#8211; az els\u0151 felszerelts\u00e9g\u0171 nemzetk\u00f6zi aut\u00f3ipar \u00e9s az ut\u00f3lagos felszerelts\u00e9g\u0171 eur\u00f3pai c\u00e9gek sz\u00e1m\u00e1ra. A von\u00f3szerkezetek k\u00fcl\u00f6n\u00f6sen biztons\u00e1gos \u00e9s k\u00e9nyelmes \u00f6sszek\u00f6ttet\u00e9st biztos\u00edtanak a j\u00e1rm\u0171 \u00e9s a lak\u00f3kocsi, ker\u00e9kp\u00e1rtart\u00f3k, cs\u00f3nak- \u00e9s l\u00f3sz\u00e1ll\u00edt\u00f3 p\u00f3tkocsik k\u00f6z\u00f6tt mind a mag\u00e1n-, mind a kereskedelmi szf\u00e9r\u00e1ban. Az ACPS Automotive k\u00f6r\u00fclbel\u00fcl 1800 alkalmazottat foglalkoztat, 1955-ben alap\u00edtott\u00e1k M\u00f6glingenben, Stuttgart k\u00f6zel\u00e9ben, \u00e9s ORIS m\u00e1rkan\u00e9v alatt v\u00e1lt ismertt\u00e9. A 2020-as \u00e1rbev\u00e9tel k\u00f6r\u00fclbel\u00fcl 260 milli\u00f3 eur\u00f3 volt.\n\t<p><a href=\"https:\/\/www.acps-automotive.com\/wp-content\/uploads\/_media\/unternehmen\/presse\/Product-innovation-Oris-E3_final_EN_20220217.pdf\" target=\"_blank\" rel=\"noopener\">Download [PDF]<\/a>\u00a0<a href=\"https:\/\/www.acps-automotive.com\/wp-content\/uploads\/_media\/unternehmen\/presse\/Product-innovation-Oris-E3_final_EN_20220217.zip\" target=\"_blank\" rel=\"noopener\">Download [Zip]<\/a><\/p>\n\t<p><a href=\"https:\/\/www.acps-automotive.com\/wp-content\/uploads\/_media\/unternehmen\/presse\/2022\/ACPS-Automotive-ORIS-E3-scaled.jpg\"><img loading=\"lazy\" decoding=\"async\" src=\"https:\/\/www.acps-automotive.com\/wp-content\/uploads\/_media\/unternehmen\/presse\/2022\/ACPS-Automotive-ORIS-E3-300x188.jpg\" alt=\"\" width=\"300\" height=\"188\" \/><\/a><\/p>\n\t<h2><strong>Sajt\u00f3kapcsolat<\/strong><\/h2>\n<strong>ACPS Automotive GmbH<\/strong><br \/>\nDagmar Hinz |\u00a0Kommunik\u00e1ci\u00f3s \u00e9s marketing menedzser<br \/>\nBertha-Benz-Str. 2, 74379 Ingersheim, N\u00e9metorsz\u00e1g\nTel: +49 (0) 7142 9930-124<br \/>\nE-Mail: <a href=\"mai&#108;&#116;&#111;&#58;&#x64;&#x61;&#x67;&#x6d;&#x61;&#x72;&#x2e;hin&#122;&#64;&#97;&#99;&#112;&#x73;&#x2d;&#x61;&#x75;&#x74;&#x6f;moti&#118;&#101;&#46;&#99;&#x6f;&#x6d;\">&#x64;&#x61;&#103;&#109;a&#x72;&#x2e;&#x68;&#105;nz&#x40;&#x61;&#99;&#112;s&#x2d;&#x61;&#x75;&#116;om&#x6f;&#x74;&#105;&#118;e&#x2e;&#x63;&#x6f;&#109;<\/a>\n\t<p>\u2190 <a href=\"https:\/\/www.acps-automotive.com\/hu\/vallalatok\/sajto\/\">vissza az \u00e1ttekint\u00e9shez<\/a><\/p>\n\n<\/div><!-- .vgblk-rw-wrapper -->","protected":false},"excerpt":{"rendered":"<p>2022.02.17 | \u00daj term\u00e9k az ACPS Automotive-n\u00e1l Az \u00faj, teljesen elektromos, forgathat\u00f3 ORIS E3 rendszer &#8211; most \u00faj BMW 2-es Active Tourer v\u00e1s\u00e1rl\u00e1sakor p\u00f3tkocsi-csatlakoz\u00f3val egy\u00fctt kaphat\u00f3. Az ACPS Automotive b\u0151v\u00edti sikeres \u201eteljesen elektromos forg\u00f3 von\u00f3horog&#8221; term\u00e9kportf\u00f3li\u00f3j\u00e1t: a megl\u00e9v\u0151 ORIS E5 mellett mostant\u00f3l az \u00fajonnan bevezetett ORIS E3 is el\u00e9rhet\u0151. Ez azt jelenti, hogy a sz\u00e1mos&#8230;<\/p>\n","protected":false},"author":1,"featured_media":0,"parent":27201,"menu_order":1,"comment_status":"closed","ping_status":"closed","template":"","meta":{"inline_featured_image":false,"_price":"","_stock":"","_tribe_ticket_header":"","_tribe_default_ticket_provider":"","_tribe_ticket_capacity":"0","_ticket_start_date":"","_ticket_end_date":"","_tribe_ticket_show_description":"","_tribe_ticket_show_not_going":false,"_tribe_ticket_use_global_stock":"","_tribe_ticket_global_stock_level":"","_global_stock_mode":"","_global_stock_cap":"","_tribe_rsvp_for_event":"","_tribe_ticket_going_count":"","_tribe_ticket_not_going_count":"","_tribe_tickets_list":"[]","_tribe_ticket_has_attendee_info_fields":false,"footnotes":""},"class_list":["post-29200","page","type-page","status-publish","hentry"],"yoast_head":"<!-- This site is optimized with the Yoast SEO plugin v27.2 - https:\/\/yoast.com\/product\/yoast-seo-wordpress\/ -->\n<title>Sajt\u00f3 | ACPS Automotive<\/title>\n<meta name=\"description\" content=\"Itt tal\u00e1lja az ACPS Automotive legfrissebb sajt\u00f3k\u00f6zlem\u00e9nyeit. \u25baRengeteg hasznos inform\u00e1ci\u00f3 az \u00d6n sz\u00e1m\u00e1ra.\" \/>\n<meta name=\"robots\" content=\"index, follow, max-snippet:-1, max-image-preview:large, max-video-preview:-1\" \/>\n<link rel=\"canonical\" href=\"https:\/\/www.acps-automotive.com\/hu\/vallalatok\/sajto\/uj-termek-az-acps-automotive-nal\/\" \/>\n<meta property=\"og:locale\" content=\"hu_HU\" \/>\n<meta property=\"og:type\" content=\"article\" \/>\n<meta property=\"og:title\" content=\"Sajt\u00f3 | ACPS Automotive\" \/>\n<meta property=\"og:description\" content=\"Itt tal\u00e1lja az ACPS Automotive legfrissebb sajt\u00f3k\u00f6zlem\u00e9nyeit. \u25baRengeteg hasznos inform\u00e1ci\u00f3 az \u00d6n sz\u00e1m\u00e1ra.\" \/>\n<meta property=\"og:url\" content=\"https:\/\/www.acps-automotive.com\/hu\/vallalatok\/sajto\/uj-termek-az-acps-automotive-nal\/\" \/>\n<meta property=\"og:site_name\" content=\"ACPS Automotive GmbH\" \/>\n<meta property=\"article:modified_time\" content=\"2026-03-10T09:50:53+00:00\" \/>\n<meta property=\"og:image\" content=\"https:\/\/www.acps-automotive.com\/wp-content\/uploads\/_media\/unternehmen\/presse\/2022\/ACPS-Automotive-ORIS-E3-300x188.jpg\" \/>\n<meta name=\"twitter:card\" content=\"summary_large_image\" \/>\n<meta name=\"twitter:site\" content=\"@ACPS_Automotive\" \/>\n<meta name=\"twitter:label1\" content=\"Becs\u00fclt olvas\u00e1si id\u0151\" \/>\n\t<meta name=\"twitter:data1\" content=\"3 perc\" \/>\n<script type=\"application\/ld+json\" class=\"yoast-schema-graph\">{\"@context\":\"https:\/\/schema.org\",\"@graph\":[{\"@type\":\"WebPage\",\"@id\":\"https:\/\/www.acps-automotive.com\/hu\/vallalatok\/sajto\/uj-termek-az-acps-automotive-nal\/\",\"url\":\"https:\/\/www.acps-automotive.com\/hu\/vallalatok\/sajto\/uj-termek-az-acps-automotive-nal\/\",\"name\":\"Sajt\u00f3 | ACPS Automotive\",\"isPartOf\":{\"@id\":\"https:\/\/www.acps-automotive.com\/hu\/#website\"},\"primaryImageOfPage\":{\"@id\":\"https:\/\/www.acps-automotive.com\/hu\/vallalatok\/sajto\/uj-termek-az-acps-automotive-nal\/#primaryimage\"},\"image\":{\"@id\":\"https:\/\/www.acps-automotive.com\/hu\/vallalatok\/sajto\/uj-termek-az-acps-automotive-nal\/#primaryimage\"},\"thumbnailUrl\":\"https:\/\/www.acps-automotive.com\/wp-content\/uploads\/_media\/unternehmen\/presse\/2022\/ACPS-Automotive-ORIS-E3-300x188.jpg\",\"datePublished\":\"2026-03-10T09:47:05+00:00\",\"dateModified\":\"2026-03-10T09:50:53+00:00\",\"description\":\"Itt tal\u00e1lja az ACPS Automotive legfrissebb sajt\u00f3k\u00f6zlem\u00e9nyeit. \u25baRengeteg hasznos inform\u00e1ci\u00f3 az \u00d6n sz\u00e1m\u00e1ra.\",\"breadcrumb\":{\"@id\":\"https:\/\/www.acps-automotive.com\/hu\/vallalatok\/sajto\/uj-termek-az-acps-automotive-nal\/#breadcrumb\"},\"inLanguage\":\"hu\",\"potentialAction\":[{\"@type\":\"ReadAction\",\"target\":[\"https:\/\/www.acps-automotive.com\/hu\/vallalatok\/sajto\/uj-termek-az-acps-automotive-nal\/\"]}]},{\"@type\":\"ImageObject\",\"inLanguage\":\"hu\",\"@id\":\"https:\/\/www.acps-automotive.com\/hu\/vallalatok\/sajto\/uj-termek-az-acps-automotive-nal\/#primaryimage\",\"url\":\"https:\/\/www.acps-automotive.com\/wp-content\/uploads\/_media\/unternehmen\/presse\/2022\/ACPS-Automotive-ORIS-E3-300x188.jpg\",\"contentUrl\":\"https:\/\/www.acps-automotive.com\/wp-content\/uploads\/_media\/unternehmen\/presse\/2022\/ACPS-Automotive-ORIS-E3-300x188.jpg\"},{\"@type\":\"BreadcrumbList\",\"@id\":\"https:\/\/www.acps-automotive.com\/hu\/vallalatok\/sajto\/uj-termek-az-acps-automotive-nal\/#breadcrumb\",\"itemListElement\":[{\"@type\":\"ListItem\",\"position\":1,\"name\":\"Startseite\",\"item\":\"https:\/\/www.acps-automotive.com\/hu\/\"},{\"@type\":\"ListItem\",\"position\":2,\"name\":\"V\u00e1llalatok\",\"item\":\"https:\/\/www.acps-automotive.com\/hu\/vallalatok\/\"},{\"@type\":\"ListItem\",\"position\":3,\"name\":\"Sajt\u00f3\",\"item\":\"https:\/\/www.acps-automotive.com\/hu\/vallalatok\/sajto\/\"},{\"@type\":\"ListItem\",\"position\":4,\"name\":\"\u00daj term\u00e9k az ACPS Automotive-n\u00e1l\"}]},{\"@type\":\"WebSite\",\"@id\":\"https:\/\/www.acps-automotive.com\/hu\/#website\",\"url\":\"https:\/\/www.acps-automotive.com\/hu\/\",\"name\":\"ACPS Automotive GmbH\",\"description\":\"Innovative Anh\u00e4ngekupplungen\",\"publisher\":{\"@id\":\"https:\/\/www.acps-automotive.com\/hu\/#organization\"},\"potentialAction\":[{\"@type\":\"SearchAction\",\"target\":{\"@type\":\"EntryPoint\",\"urlTemplate\":\"https:\/\/www.acps-automotive.com\/hu\/?s={search_term_string}\"},\"query-input\":{\"@type\":\"PropertyValueSpecification\",\"valueRequired\":true,\"valueName\":\"search_term_string\"}}],\"inLanguage\":\"hu\"},{\"@type\":\"Organization\",\"@id\":\"https:\/\/www.acps-automotive.com\/hu\/#organization\",\"name\":\"ACPS Automotive GmbH\",\"url\":\"https:\/\/www.acps-automotive.com\/hu\/\",\"logo\":{\"@type\":\"ImageObject\",\"inLanguage\":\"hu\",\"@id\":\"https:\/\/www.acps-automotive.com\/hu\/#\/schema\/logo\/image\/\",\"url\":\"https:\/\/www.acps-automotive.com\/wp-content\/uploads\/_media\/_allgemein\/Logo-Footer-ACPS-Automotive.png\",\"contentUrl\":\"https:\/\/www.acps-automotive.com\/wp-content\/uploads\/_media\/_allgemein\/Logo-Footer-ACPS-Automotive.png\",\"width\":239,\"height\":32,\"caption\":\"ACPS Automotive GmbH\"},\"image\":{\"@id\":\"https:\/\/www.acps-automotive.com\/hu\/#\/schema\/logo\/image\/\"},\"sameAs\":[\"https:\/\/x.com\/ACPS_Automotive\",\"https:\/\/www.linkedin.com\/company\/acps-automotive-gmbh\/\",\"https:\/\/www.instagram.com\/acps_ausbildung\/\",\"https:\/\/www.youtube.com\/channel\/UC2jxrgWwpxpkay2aHWV5SaQ\"]}]}<\/script>\n<!-- \/ Yoast SEO plugin. -->","yoast_head_json":{"title":"Sajt\u00f3 | ACPS Automotive","description":"Itt tal\u00e1lja az ACPS Automotive legfrissebb sajt\u00f3k\u00f6zlem\u00e9nyeit. \u25baRengeteg hasznos inform\u00e1ci\u00f3 az \u00d6n sz\u00e1m\u00e1ra.","robots":{"index":"index","follow":"follow","max-snippet":"max-snippet:-1","max-image-preview":"max-image-preview:large","max-video-preview":"max-video-preview:-1"},"canonical":"https:\/\/www.acps-automotive.com\/hu\/vallalatok\/sajto\/uj-termek-az-acps-automotive-nal\/","og_locale":"hu_HU","og_type":"article","og_title":"Sajt\u00f3 | ACPS Automotive","og_description":"Itt tal\u00e1lja az ACPS Automotive legfrissebb sajt\u00f3k\u00f6zlem\u00e9nyeit. \u25baRengeteg hasznos inform\u00e1ci\u00f3 az \u00d6n sz\u00e1m\u00e1ra.","og_url":"https:\/\/www.acps-automotive.com\/hu\/vallalatok\/sajto\/uj-termek-az-acps-automotive-nal\/","og_site_name":"ACPS Automotive GmbH","article_modified_time":"2026-03-10T09:50:53+00:00","og_image":[{"url":"https:\/\/www.acps-automotive.com\/wp-content\/uploads\/_media\/unternehmen\/presse\/2022\/ACPS-Automotive-ORIS-E3-300x188.jpg","type":"","width":"","height":""}],"twitter_card":"summary_large_image","twitter_site":"@ACPS_Automotive","twitter_misc":{"Becs\u00fclt olvas\u00e1si id\u0151":"3 perc"},"schema":{"@context":"https:\/\/schema.org","@graph":[{"@type":"WebPage","@id":"https:\/\/www.acps-automotive.com\/hu\/vallalatok\/sajto\/uj-termek-az-acps-automotive-nal\/","url":"https:\/\/www.acps-automotive.com\/hu\/vallalatok\/sajto\/uj-termek-az-acps-automotive-nal\/","name":"Sajt\u00f3 | ACPS Automotive","isPartOf":{"@id":"https:\/\/www.acps-automotive.com\/hu\/#website"},"primaryImageOfPage":{"@id":"https:\/\/www.acps-automotive.com\/hu\/vallalatok\/sajto\/uj-termek-az-acps-automotive-nal\/#primaryimage"},"image":{"@id":"https:\/\/www.acps-automotive.com\/hu\/vallalatok\/sajto\/uj-termek-az-acps-automotive-nal\/#primaryimage"},"thumbnailUrl":"https:\/\/www.acps-automotive.com\/wp-content\/uploads\/_media\/unternehmen\/presse\/2022\/ACPS-Automotive-ORIS-E3-300x188.jpg","datePublished":"2026-03-10T09:47:05+00:00","dateModified":"2026-03-10T09:50:53+00:00","description":"Itt tal\u00e1lja az ACPS Automotive legfrissebb sajt\u00f3k\u00f6zlem\u00e9nyeit. \u25baRengeteg hasznos inform\u00e1ci\u00f3 az \u00d6n sz\u00e1m\u00e1ra.","breadcrumb":{"@id":"https:\/\/www.acps-automotive.com\/hu\/vallalatok\/sajto\/uj-termek-az-acps-automotive-nal\/#breadcrumb"},"inLanguage":"hu","potentialAction":[{"@type":"ReadAction","target":["https:\/\/www.acps-automotive.com\/hu\/vallalatok\/sajto\/uj-termek-az-acps-automotive-nal\/"]}]},{"@type":"ImageObject","inLanguage":"hu","@id":"https:\/\/www.acps-automotive.com\/hu\/vallalatok\/sajto\/uj-termek-az-acps-automotive-nal\/#primaryimage","url":"https:\/\/www.acps-automotive.com\/wp-content\/uploads\/_media\/unternehmen\/presse\/2022\/ACPS-Automotive-ORIS-E3-300x188.jpg","contentUrl":"https:\/\/www.acps-automotive.com\/wp-content\/uploads\/_media\/unternehmen\/presse\/2022\/ACPS-Automotive-ORIS-E3-300x188.jpg"},{"@type":"BreadcrumbList","@id":"https:\/\/www.acps-automotive.com\/hu\/vallalatok\/sajto\/uj-termek-az-acps-automotive-nal\/#breadcrumb","itemListElement":[{"@type":"ListItem","position":1,"name":"Startseite","item":"https:\/\/www.acps-automotive.com\/hu\/"},{"@type":"ListItem","position":2,"name":"V\u00e1llalatok","item":"https:\/\/www.acps-automotive.com\/hu\/vallalatok\/"},{"@type":"ListItem","position":3,"name":"Sajt\u00f3","item":"https:\/\/www.acps-automotive.com\/hu\/vallalatok\/sajto\/"},{"@type":"ListItem","position":4,"name":"\u00daj term\u00e9k az ACPS Automotive-n\u00e1l"}]},{"@type":"WebSite","@id":"https:\/\/www.acps-automotive.com\/hu\/#website","url":"https:\/\/www.acps-automotive.com\/hu\/","name":"ACPS Automotive GmbH","description":"Innovative Anh\u00e4ngekupplungen","publisher":{"@id":"https:\/\/www.acps-automotive.com\/hu\/#organization"},"potentialAction":[{"@type":"SearchAction","target":{"@type":"EntryPoint","urlTemplate":"https:\/\/www.acps-automotive.com\/hu\/?s={search_term_string}"},"query-input":{"@type":"PropertyValueSpecification","valueRequired":true,"valueName":"search_term_string"}}],"inLanguage":"hu"},{"@type":"Organization","@id":"https:\/\/www.acps-automotive.com\/hu\/#organization","name":"ACPS Automotive GmbH","url":"https:\/\/www.acps-automotive.com\/hu\/","logo":{"@type":"ImageObject","inLanguage":"hu","@id":"https:\/\/www.acps-automotive.com\/hu\/#\/schema\/logo\/image\/","url":"https:\/\/www.acps-automotive.com\/wp-content\/uploads\/_media\/_allgemein\/Logo-Footer-ACPS-Automotive.png","contentUrl":"https:\/\/www.acps-automotive.com\/wp-content\/uploads\/_media\/_allgemein\/Logo-Footer-ACPS-Automotive.png","width":239,"height":32,"caption":"ACPS Automotive GmbH"},"image":{"@id":"https:\/\/www.acps-automotive.com\/hu\/#\/schema\/logo\/image\/"},"sameAs":["https:\/\/x.com\/ACPS_Automotive","https:\/\/www.linkedin.com\/company\/acps-automotive-gmbh\/","https:\/\/www.instagram.com\/acps_ausbildung\/","https:\/\/www.youtube.com\/channel\/UC2jxrgWwpxpkay2aHWV5SaQ"]}]}},"_links":{"self":[{"href":"https:\/\/www.acps-automotive.com\/hu\/wp-json\/wp\/v2\/pages\/29200","targetHints":{"allow":["GET"]}}],"collection":[{"href":"https:\/\/www.acps-automotive.com\/hu\/wp-json\/wp\/v2\/pages"}],"about":[{"href":"https:\/\/www.acps-automotive.com\/hu\/wp-json\/wp\/v2\/types\/page"}],"author":[{"embeddable":true,"href":"https:\/\/www.acps-automotive.com\/hu\/wp-json\/wp\/v2\/users\/1"}],"replies":[{"embeddable":true,"href":"https:\/\/www.acps-automotive.com\/hu\/wp-json\/wp\/v2\/comments?post=29200"}],"version-history":[{"count":5,"href":"https:\/\/www.acps-automotive.com\/hu\/wp-json\/wp\/v2\/pages\/29200\/revisions"}],"predecessor-version":[{"id":29207,"href":"https:\/\/www.acps-automotive.com\/hu\/wp-json\/wp\/v2\/pages\/29200\/revisions\/29207"}],"up":[{"embeddable":true,"href":"https:\/\/www.acps-automotive.com\/hu\/wp-json\/wp\/v2\/pages\/27201"}],"wp:attachment":[{"href":"https:\/\/www.acps-automotive.com\/hu\/wp-json\/wp\/v2\/media?parent=29200"}],"curies":[{"name":"wp","href":"https:\/\/api.w.org\/{rel}","templated":true}]}}