{"id":29193,"date":"2026-03-10T10:36:34","date_gmt":"2026-03-10T09:36:34","guid":{"rendered":"https:\/\/www.acps-automotive.com\/?page_id=29193"},"modified":"2026-03-10T10:52:29","modified_gmt":"2026-03-10T09:52:29","slug":"motor-bella-2021","status":"publish","type":"page","link":"https:\/\/www.acps-automotive.com\/hu\/vallalatok\/sajto\/motor-bella-2021\/","title":{"rendered":"Az ACPS Automotive bemutatja a Motor Bella 2021 ki\u00e1ll\u00edt\u00e1son"},"content":{"rendered":"<div class=\"vgblk-rw-wrapper limit-wrapper\">\n\n\t<h3><strong>2021.09.16 |<\/strong> Az ACPS Automotive bemutatja a Motor Bella 2021 ki\u00e1ll\u00edt\u00e1son<\/h3>\n<p><strong>Von\u00f3horog-rendszerek amerikai aut\u00f3gy\u00e1rt\u00f3k sz\u00e1m\u00e1ra, mivel az aut\u00f3s utaz\u00e1sok, a kempingez\u00e9s, a ker\u00e9kp\u00e1roz\u00e1s \u00e9s a cs\u00f3nak\u00e1z\u00e1s egyre n\u00e9pszer\u0171bbek. Az egyed\u00fcl\u00e1ll\u00f3 von\u00f3horog-technol\u00f3gia z\u00f6kken\u0151mentesen integr\u00e1lhat\u00f3 a j\u00e1rm\u0171vekbe, \u00e9s egyszer\u0171 telep\u00edt\u00e9st biztos\u00edt a gy\u00e1rt\u00f3k sz\u00e1m\u00e1ra, valamint probl\u00e9mamentes haszn\u00e1latot.<\/strong><\/p>\n<p>Az ACPS Automotive, az eur\u00f3pai piacvezet\u0151 \u00e9s vil\u00e1gszerte forgalmazott von\u00f3horog-rendszerek gy\u00e1rt\u00f3ja szem\u00e9lyaut\u00f3khoz, SUV-khoz \u00e9s kisteheraut\u00f3khoz, szeptember 21-22-\u00e9n a Motor Bella ki\u00e1ll\u00edt\u00e1son Pontiacban, Michiganben mutatja be innovat\u00edv von\u00f3horog-rendszereit az amerikai piac sz\u00e1m\u00e1ra. Az ACPS Automotive eleg\u00e1ns von\u00f3horog-megold\u00e1sait gy\u00e1rt\u00f3soron vagy a keresked\u0151kn\u00e9l dolgoz\u00f3, tan\u00fas\u00edtott szerel\u0151k szerelik be a j\u00e1rm\u0171vekbe. Ezek a megold\u00e1sok hozz\u00e1adott \u00e9rt\u00e9ket jelentenek az aut\u00f3gy\u00e1rt\u00f3k sz\u00e1m\u00e1ra, \u00e9s megk\u00f6nny\u00edtik a j\u00e1rm\u0171vezet\u0151k sz\u00e1m\u00e1ra, hogy felszerel\u00e9s\u00fckkel utazni tudjanak. Az ACPS Automotive fejlett megold\u00e1sai, amelyek t\u00f6bb mint 60 \u00e9ves v\u00e1llalati t\u00f6rt\u00e9nelemre \u00e9s 140 vil\u00e1gszerte bejegyzett szabadalomra t\u00e1maszkodnak, kiv\u00e9teles teljes\u00edtm\u00e9nyt, biztons\u00e1got \u00e9s tart\u00f3ss\u00e1got ny\u00fajtanak.<\/p>\n<p>Az ACPS Automotive von\u00f3horogjai \u00fagy lettek kifejlesztve, hogy felv\u00e1lts\u00e1k azokat a merev, szabadon \u00e1ll\u00f3 \u00e9s cs\u00fanya von\u00f3horogokat, amelyekre a legt\u00f6bb\u00fcnk gondol, amikor von\u00f3horog beszerz\u00e9s\u00e9t fontolgatja. Ezenk\u00edv\u00fcl megfelelnek a legmagasabb biztons\u00e1gi el\u0151\u00edr\u00e1soknak, \u00e9s k\u00f6nnyen integr\u00e1lhat\u00f3k a mai k\u00f6nnyebb \u00e9s \u00fczemanyag-takar\u00e9kosabb j\u00e1rm\u0171vekbe. Az ACPS Automotive von\u00f3horogjai k\u00f6nnyen mozgathat\u00f3k \u00e9s be\u00e1ll\u00edthat\u00f3k, \u00e9s ha nincs sz\u00fcks\u00e9g r\u00e1juk, teljesen elt\u0171nnek a h\u00e1ts\u00f3 r\u00e9sz m\u00f6g\u00f6tt. Mivel az amerikaiak egyre t\u00f6bb id\u0151t t\u00f6ltenek szabadid\u0151s \u00e9s hosszabb \u201emunkautaz\u00e1sokon&#8221;, n\u00f6vekszik az ig\u00e9ny a nagy teljes\u00edtm\u00e9ny\u0171 \u00e9s felhaszn\u00e1l\u00f3bar\u00e1t von\u00f3horog-megold\u00e1sok ir\u00e1nt, amelyekkel a felszerel\u00e9sek \u00e9s kieg\u00e9sz\u00edt\u0151k biztons\u00e1gosan \u00e9s megb\u00edzhat\u00f3an sz\u00e1ll\u00edthat\u00f3k &#8211; a ker\u00e9kp\u00e1rtart\u00f3kt\u00f3l a cs\u00f3nakokon \u00e1t a lak\u00f3kocsikig.<\/p>\n<p>\u201eAz Egyes\u00fclt \u00c1llamokban nagy lehet\u0151s\u00e9g ny\u00edlik arra, hogy a ig\u00e9nyes j\u00e1rm\u0171vezet\u0151knek bemutassunk egy intuit\u00edv von\u00f3szerkezetet, amely hozz\u00e1adott \u00e9rt\u00e9ket jelent a k\u00f6vetkez\u0151 utaz\u00e1shoz, an\u00e9lk\u00fcl, hogy befoly\u00e1soln\u00e1 a j\u00e1rm\u0171 kialak\u00edt\u00e1s\u00e1t&#8221; &#8211; mondja Daniel Csuta-Galisz, az ACPS Automotive \u00e9szak-amerikai kutat\u00e1si \u00e9s fejleszt\u00e9si igazgat\u00f3ja. \u201eMiut\u00e1n t\u00f6bb mint 60 \u00e9ve szerelj\u00fck fel j\u00e1rm\u0171veket Eur\u00f3p\u00e1ban a legmodernebb von\u00f3horog-megold\u00e1sainkkal, \u00f6r\u00f6mmel mutatjuk meg az amerikai OEM-gy\u00e1rt\u00f3knak, hogyan tudunk vel\u00fck egy\u00fcttm\u0171k\u00f6dni annak \u00e9rdek\u00e9ben, hogy ezt a fejlett von\u00f3horog-technol\u00f3gi\u00e1t integr\u00e1ljuk j\u00e1rm\u0171veikbe, \u00e9s elnyerj\u00fck a j\u00e1rm\u0171vezet\u0151k tetsz\u00e9s\u00e9t.&#8221;<\/p>\n<p>Az ACPS Automotive volt az els\u0151 v\u00e1llalat, amely bemutatta a forgathat\u00f3 von\u00f3horogot, amely egy gombnyom\u00e1ssal beh\u00fazhat\u00f3 a j\u00e1rm\u0171be. A technol\u00f3gia az ACPS Automotive \u00e1ltal kifejlesztett forg\u00f3rendszeren alapul, amely biztos\u00edtja, hogy a forg\u00e1si \u00edv \u00e9s a von\u00f3horog m\u00e9rete optim\u00e1lisan illeszkedjen a j\u00e1rm\u0171h\u00f6z, \u00edgy a rendszer beh\u00fazott \u00e1llapotban csak minim\u00e1lis helyet ig\u00e9nyel. Az ACPS Automotive levehet\u0151 megold\u00e1sokat is k\u00edn\u00e1l, amelyek k\u00f6nnyen felszerelhet\u0151k \u00e9s leszerelhet\u0151k, \u00e9s automatikusan reteszel\u0151dnek, hogy n\u00f6velj\u00e9k a biztons\u00e1got an\u00e9lk\u00fcl, hogy befoly\u00e1soln\u00e1k a funkcionalit\u00e1st. Ezen t\u00falmen\u0151en az ACPS Automotive a r\u00f6gz\u00edtett von\u00f3horog-megold\u00e1ssal egy k\u00f6lts\u00e9ghat\u00e9konyabb opci\u00f3t k\u00edn\u00e1l, amely m\u00e9gis teljes funkcionalit\u00e1st biztos\u00edt. Ebben a szegmensben az ACPS Automotive a legmodernebb gy\u00e1rt\u00e1si technol\u00f3gi\u00e1kkal \u00e9s kiv\u00e9teles hegeszt\u00e9si min\u0151s\u00e9ggel t\u0171nik ki, ami nemcsak j\u00f3 megjelen\u00e9st biztos\u00edt a von\u00f3horogoknak, hanem hossz\u00fa \u00e9lettartamot is garant\u00e1l.<\/p>\n<p>A Motor Bella l\u00e1togat\u00f3i az AutoMobili-D ter\u00fclet 200\/201-es standj\u00e1n\u00e1l t\u00f6bbet megtudhatnak az ACPS Automotive innovat\u00edv von\u00f3horog-megold\u00e1sair\u00f3l.<\/p>\n<strong>Az ACPS Automotive-r\u00f3l<\/strong><br \/>\nAz ACPS Automotive az eur\u00f3pai piac \u00e9s technol\u00f3gia vezet\u0151je a szem\u00e9lyg\u00e9pkocsik, SUV-k \u00e9s kisteheraut\u00f3k von\u00f3horog-rendszereinek ter\u00fclet\u00e9n. Az 1955-ben alap\u00edtott, Stuttgart k\u00f6zel\u00e9ben, Ingersheimben sz\u00e9khellyel rendelkez\u0151 v\u00e1llalat innovat\u00edv \u00e9s biztons\u00e1gos von\u00f3horog- \u00e9s csomagtart\u00f3-rendszereit az ORIS m\u00e1rkan\u00e9v alatt fejleszti, gy\u00e1rtja \u00e9s forgalmazza t\u00edz helysz\u00ednen Eur\u00f3p\u00e1ban, az Egyes\u00fclt \u00c1llamokban \u00e9s Mexik\u00f3ban. A v\u00e1llalat szorosan egy\u00fcttm\u0171k\u00f6dik az aut\u00f3gy\u00e1rt\u00f3kkal \u00e9s a v\u00e9gfelhaszn\u00e1l\u00f3kkal, valamint az ut\u00e1ngy\u00e1rtott alkatr\u00e9szek piac\u00e1n m\u0171k\u00f6d\u0151 v\u00e1llalatokkal, p\u00e9ld\u00e1ul m\u0171helyekkel \u00e9s keresked\u0151kkel. Az ACPS Automotive vil\u00e1gszerte t\u00f6bb mint 140 szabadalommal rendelkezik, \u00e9s innov\u00e1ci\u00f3ival alak\u00edtja a von\u00f3horogok \u00e9s tet\u0151csomagtart\u00f3 rendszerek piac\u00e1t.\n<p>&nbsp;<\/p>\n\t<p><a href=\"https:\/\/www.acps-automotive.com\/wp-content\/uploads\/_media\/unternehmen\/presse\/Press-Release_MotorBella_20210916.pdf\" target=\"_blank\" rel=\"noopener\">Download [PDF]<\/a>\u00a0<a href=\"https:\/\/www.acps-automotive.com\/wp-content\/uploads\/_media\/unternehmen\/presse\/Press-Release_MotorBella_20210916.zip\" target=\"_blank\" rel=\"noopener\">Download [Zip]<\/a><\/p>\n\t<h2><strong>Sajt\u00f3kapcsolat<\/strong><\/h2>\n<strong>ACPS Automotive GmbH<\/strong><br \/>\nDagmar Hinz | Kommunik\u00e1ci\u00f3s \u00e9s marketing menedzser<br \/>\nBertha-Benz-Str. 2, 74379 Ingersheim, N\u00e9metorsz\u00e1g\nTel: +49 (0) 7142 9930-124<br \/>\nE-Mail: <a href=\"m&#97;&#x69;&#x6c;t&#111;&#58;&#x64;&#x61;g&#109;&#97;&#x72;&#x2e;h&#105;&#x6e;&#x7a;&#x40;a&#99;&#x70;&#x73;-&#97;&#117;&#x74;&#x6f;m&#111;&#116;&#x69;&#x76;e&#46;&#x63;&#x6f;&#x6d;\">&#100;&#x61;g&#109;&#x61;r&#46;&#x68;i&#110;&#x7a;&#64;&#97;&#x63;&#112;&#x73;&#x2d;&#97;&#x75;&#x74;&#111;&#x6d;o&#116;&#x69;v&#101;&#x2e;c&#111;&#x6d;<\/a>\n\t<p>\u2190 <a href=\"https:\/\/www.acps-automotive.com\/hu\/vallalatok\/sajto\/\">vissza az \u00e1ttekint\u00e9shez<\/a><\/p>\n\n<\/div><!-- .vgblk-rw-wrapper -->","protected":false},"excerpt":{"rendered":"<p>2021.09.16 | Az ACPS Automotive bemutatja a Motor Bella 2021 ki\u00e1ll\u00edt\u00e1son Von\u00f3horog-rendszerek amerikai aut\u00f3gy\u00e1rt\u00f3k sz\u00e1m\u00e1ra, mivel az aut\u00f3s utaz\u00e1sok, a kempingez\u00e9s, a ker\u00e9kp\u00e1roz\u00e1s \u00e9s a cs\u00f3nak\u00e1z\u00e1s egyre n\u00e9pszer\u0171bbek. Az egyed\u00fcl\u00e1ll\u00f3 von\u00f3horog-technol\u00f3gia z\u00f6kken\u0151mentesen integr\u00e1lhat\u00f3 a j\u00e1rm\u0171vekbe, \u00e9s egyszer\u0171 telep\u00edt\u00e9st biztos\u00edt a gy\u00e1rt\u00f3k sz\u00e1m\u00e1ra, valamint probl\u00e9mamentes haszn\u00e1latot. Az ACPS Automotive, az eur\u00f3pai piacvezet\u0151 \u00e9s vil\u00e1gszerte forgalmazott von\u00f3horog-rendszerek&#8230;<\/p>\n","protected":false},"author":1,"featured_media":0,"parent":27201,"menu_order":1,"comment_status":"closed","ping_status":"closed","template":"","meta":{"inline_featured_image":false,"_price":"","_stock":"","_tribe_ticket_header":"","_tribe_default_ticket_provider":"","_tribe_ticket_capacity":"0","_ticket_start_date":"","_ticket_end_date":"","_tribe_ticket_show_description":"","_tribe_ticket_show_not_going":false,"_tribe_ticket_use_global_stock":"","_tribe_ticket_global_stock_level":"","_global_stock_mode":"","_global_stock_cap":"","_tribe_rsvp_for_event":"","_tribe_ticket_going_count":"","_tribe_ticket_not_going_count":"","_tribe_tickets_list":"[]","_tribe_ticket_has_attendee_info_fields":false,"footnotes":""},"class_list":["post-29193","page","type-page","status-publish","hentry"],"yoast_head":"<!-- This site is optimized with the Yoast SEO plugin v27.2 - https:\/\/yoast.com\/product\/yoast-seo-wordpress\/ -->\n<title>Sajt\u00f3 | ACPS Automotive<\/title>\n<meta name=\"description\" content=\"Itt tal\u00e1lja az ACPS Automotive legfrissebb sajt\u00f3k\u00f6zlem\u00e9nyeit. \u25baRengeteg hasznos inform\u00e1ci\u00f3 az \u00d6n sz\u00e1m\u00e1ra.\" \/>\n<meta name=\"robots\" content=\"index, follow, max-snippet:-1, max-image-preview:large, max-video-preview:-1\" \/>\n<link rel=\"canonical\" href=\"https:\/\/www.acps-automotive.com\/hu\/vallalatok\/sajto\/motor-bella-2021\/\" \/>\n<meta property=\"og:locale\" content=\"hu_HU\" \/>\n<meta property=\"og:type\" content=\"article\" \/>\n<meta property=\"og:title\" content=\"Sajt\u00f3 | ACPS Automotive\" \/>\n<meta property=\"og:description\" content=\"Itt tal\u00e1lja az ACPS Automotive legfrissebb sajt\u00f3k\u00f6zlem\u00e9nyeit. \u25baRengeteg hasznos inform\u00e1ci\u00f3 az \u00d6n sz\u00e1m\u00e1ra.\" \/>\n<meta property=\"og:url\" content=\"https:\/\/www.acps-automotive.com\/hu\/vallalatok\/sajto\/motor-bella-2021\/\" \/>\n<meta property=\"og:site_name\" content=\"ACPS Automotive GmbH\" \/>\n<meta property=\"article:modified_time\" content=\"2026-03-10T09:52:29+00:00\" \/>\n<meta name=\"twitter:card\" content=\"summary_large_image\" \/>\n<meta name=\"twitter:site\" content=\"@ACPS_Automotive\" \/>\n<meta name=\"twitter:label1\" content=\"Becs\u00fclt olvas\u00e1si id\u0151\" \/>\n\t<meta name=\"twitter:data1\" content=\"4 perc\" \/>\n<script type=\"application\/ld+json\" class=\"yoast-schema-graph\">{\"@context\":\"https:\/\/schema.org\",\"@graph\":[{\"@type\":\"WebPage\",\"@id\":\"https:\/\/www.acps-automotive.com\/hu\/vallalatok\/sajto\/motor-bella-2021\/\",\"url\":\"https:\/\/www.acps-automotive.com\/hu\/vallalatok\/sajto\/motor-bella-2021\/\",\"name\":\"Sajt\u00f3 | ACPS Automotive\",\"isPartOf\":{\"@id\":\"https:\/\/www.acps-automotive.com\/hu\/#website\"},\"datePublished\":\"2026-03-10T09:36:34+00:00\",\"dateModified\":\"2026-03-10T09:52:29+00:00\",\"description\":\"Itt tal\u00e1lja az ACPS Automotive legfrissebb sajt\u00f3k\u00f6zlem\u00e9nyeit. \u25baRengeteg hasznos inform\u00e1ci\u00f3 az \u00d6n sz\u00e1m\u00e1ra.\",\"breadcrumb\":{\"@id\":\"https:\/\/www.acps-automotive.com\/hu\/vallalatok\/sajto\/motor-bella-2021\/#breadcrumb\"},\"inLanguage\":\"hu\",\"potentialAction\":[{\"@type\":\"ReadAction\",\"target\":[\"https:\/\/www.acps-automotive.com\/hu\/vallalatok\/sajto\/motor-bella-2021\/\"]}]},{\"@type\":\"BreadcrumbList\",\"@id\":\"https:\/\/www.acps-automotive.com\/hu\/vallalatok\/sajto\/motor-bella-2021\/#breadcrumb\",\"itemListElement\":[{\"@type\":\"ListItem\",\"position\":1,\"name\":\"Startseite\",\"item\":\"https:\/\/www.acps-automotive.com\/hu\/\"},{\"@type\":\"ListItem\",\"position\":2,\"name\":\"V\u00e1llalatok\",\"item\":\"https:\/\/www.acps-automotive.com\/hu\/vallalatok\/\"},{\"@type\":\"ListItem\",\"position\":3,\"name\":\"Sajt\u00f3\",\"item\":\"https:\/\/www.acps-automotive.com\/hu\/vallalatok\/sajto\/\"},{\"@type\":\"ListItem\",\"position\":4,\"name\":\"Az ACPS Automotive bemutatja a Motor Bella 2021 ki\u00e1ll\u00edt\u00e1son\"}]},{\"@type\":\"WebSite\",\"@id\":\"https:\/\/www.acps-automotive.com\/hu\/#website\",\"url\":\"https:\/\/www.acps-automotive.com\/hu\/\",\"name\":\"ACPS Automotive GmbH\",\"description\":\"Innovative Anh\u00e4ngekupplungen\",\"publisher\":{\"@id\":\"https:\/\/www.acps-automotive.com\/hu\/#organization\"},\"potentialAction\":[{\"@type\":\"SearchAction\",\"target\":{\"@type\":\"EntryPoint\",\"urlTemplate\":\"https:\/\/www.acps-automotive.com\/hu\/?s={search_term_string}\"},\"query-input\":{\"@type\":\"PropertyValueSpecification\",\"valueRequired\":true,\"valueName\":\"search_term_string\"}}],\"inLanguage\":\"hu\"},{\"@type\":\"Organization\",\"@id\":\"https:\/\/www.acps-automotive.com\/hu\/#organization\",\"name\":\"ACPS Automotive GmbH\",\"url\":\"https:\/\/www.acps-automotive.com\/hu\/\",\"logo\":{\"@type\":\"ImageObject\",\"inLanguage\":\"hu\",\"@id\":\"https:\/\/www.acps-automotive.com\/hu\/#\/schema\/logo\/image\/\",\"url\":\"https:\/\/www.acps-automotive.com\/wp-content\/uploads\/_media\/_allgemein\/Logo-Footer-ACPS-Automotive.png\",\"contentUrl\":\"https:\/\/www.acps-automotive.com\/wp-content\/uploads\/_media\/_allgemein\/Logo-Footer-ACPS-Automotive.png\",\"width\":239,\"height\":32,\"caption\":\"ACPS Automotive GmbH\"},\"image\":{\"@id\":\"https:\/\/www.acps-automotive.com\/hu\/#\/schema\/logo\/image\/\"},\"sameAs\":[\"https:\/\/x.com\/ACPS_Automotive\",\"https:\/\/www.linkedin.com\/company\/acps-automotive-gmbh\/\",\"https:\/\/www.instagram.com\/acps_ausbildung\/\",\"https:\/\/www.youtube.com\/channel\/UC2jxrgWwpxpkay2aHWV5SaQ\"]}]}<\/script>\n<!-- \/ Yoast SEO plugin. -->","yoast_head_json":{"title":"Sajt\u00f3 | ACPS Automotive","description":"Itt tal\u00e1lja az ACPS Automotive legfrissebb sajt\u00f3k\u00f6zlem\u00e9nyeit. \u25baRengeteg hasznos inform\u00e1ci\u00f3 az \u00d6n sz\u00e1m\u00e1ra.","robots":{"index":"index","follow":"follow","max-snippet":"max-snippet:-1","max-image-preview":"max-image-preview:large","max-video-preview":"max-video-preview:-1"},"canonical":"https:\/\/www.acps-automotive.com\/hu\/vallalatok\/sajto\/motor-bella-2021\/","og_locale":"hu_HU","og_type":"article","og_title":"Sajt\u00f3 | ACPS Automotive","og_description":"Itt tal\u00e1lja az ACPS Automotive legfrissebb sajt\u00f3k\u00f6zlem\u00e9nyeit. \u25baRengeteg hasznos inform\u00e1ci\u00f3 az \u00d6n sz\u00e1m\u00e1ra.","og_url":"https:\/\/www.acps-automotive.com\/hu\/vallalatok\/sajto\/motor-bella-2021\/","og_site_name":"ACPS Automotive GmbH","article_modified_time":"2026-03-10T09:52:29+00:00","twitter_card":"summary_large_image","twitter_site":"@ACPS_Automotive","twitter_misc":{"Becs\u00fclt olvas\u00e1si id\u0151":"4 perc"},"schema":{"@context":"https:\/\/schema.org","@graph":[{"@type":"WebPage","@id":"https:\/\/www.acps-automotive.com\/hu\/vallalatok\/sajto\/motor-bella-2021\/","url":"https:\/\/www.acps-automotive.com\/hu\/vallalatok\/sajto\/motor-bella-2021\/","name":"Sajt\u00f3 | ACPS Automotive","isPartOf":{"@id":"https:\/\/www.acps-automotive.com\/hu\/#website"},"datePublished":"2026-03-10T09:36:34+00:00","dateModified":"2026-03-10T09:52:29+00:00","description":"Itt tal\u00e1lja az ACPS Automotive legfrissebb sajt\u00f3k\u00f6zlem\u00e9nyeit. \u25baRengeteg hasznos inform\u00e1ci\u00f3 az \u00d6n sz\u00e1m\u00e1ra.","breadcrumb":{"@id":"https:\/\/www.acps-automotive.com\/hu\/vallalatok\/sajto\/motor-bella-2021\/#breadcrumb"},"inLanguage":"hu","potentialAction":[{"@type":"ReadAction","target":["https:\/\/www.acps-automotive.com\/hu\/vallalatok\/sajto\/motor-bella-2021\/"]}]},{"@type":"BreadcrumbList","@id":"https:\/\/www.acps-automotive.com\/hu\/vallalatok\/sajto\/motor-bella-2021\/#breadcrumb","itemListElement":[{"@type":"ListItem","position":1,"name":"Startseite","item":"https:\/\/www.acps-automotive.com\/hu\/"},{"@type":"ListItem","position":2,"name":"V\u00e1llalatok","item":"https:\/\/www.acps-automotive.com\/hu\/vallalatok\/"},{"@type":"ListItem","position":3,"name":"Sajt\u00f3","item":"https:\/\/www.acps-automotive.com\/hu\/vallalatok\/sajto\/"},{"@type":"ListItem","position":4,"name":"Az ACPS Automotive bemutatja a Motor Bella 2021 ki\u00e1ll\u00edt\u00e1son"}]},{"@type":"WebSite","@id":"https:\/\/www.acps-automotive.com\/hu\/#website","url":"https:\/\/www.acps-automotive.com\/hu\/","name":"ACPS Automotive GmbH","description":"Innovative Anh\u00e4ngekupplungen","publisher":{"@id":"https:\/\/www.acps-automotive.com\/hu\/#organization"},"potentialAction":[{"@type":"SearchAction","target":{"@type":"EntryPoint","urlTemplate":"https:\/\/www.acps-automotive.com\/hu\/?s={search_term_string}"},"query-input":{"@type":"PropertyValueSpecification","valueRequired":true,"valueName":"search_term_string"}}],"inLanguage":"hu"},{"@type":"Organization","@id":"https:\/\/www.acps-automotive.com\/hu\/#organization","name":"ACPS Automotive GmbH","url":"https:\/\/www.acps-automotive.com\/hu\/","logo":{"@type":"ImageObject","inLanguage":"hu","@id":"https:\/\/www.acps-automotive.com\/hu\/#\/schema\/logo\/image\/","url":"https:\/\/www.acps-automotive.com\/wp-content\/uploads\/_media\/_allgemein\/Logo-Footer-ACPS-Automotive.png","contentUrl":"https:\/\/www.acps-automotive.com\/wp-content\/uploads\/_media\/_allgemein\/Logo-Footer-ACPS-Automotive.png","width":239,"height":32,"caption":"ACPS Automotive GmbH"},"image":{"@id":"https:\/\/www.acps-automotive.com\/hu\/#\/schema\/logo\/image\/"},"sameAs":["https:\/\/x.com\/ACPS_Automotive","https:\/\/www.linkedin.com\/company\/acps-automotive-gmbh\/","https:\/\/www.instagram.com\/acps_ausbildung\/","https:\/\/www.youtube.com\/channel\/UC2jxrgWwpxpkay2aHWV5SaQ"]}]}},"_links":{"self":[{"href":"https:\/\/www.acps-automotive.com\/hu\/wp-json\/wp\/v2\/pages\/29193","targetHints":{"allow":["GET"]}}],"collection":[{"href":"https:\/\/www.acps-automotive.com\/hu\/wp-json\/wp\/v2\/pages"}],"about":[{"href":"https:\/\/www.acps-automotive.com\/hu\/wp-json\/wp\/v2\/types\/page"}],"author":[{"embeddable":true,"href":"https:\/\/www.acps-automotive.com\/hu\/wp-json\/wp\/v2\/users\/1"}],"replies":[{"embeddable":true,"href":"https:\/\/www.acps-automotive.com\/hu\/wp-json\/wp\/v2\/comments?post=29193"}],"version-history":[{"count":6,"href":"https:\/\/www.acps-automotive.com\/hu\/wp-json\/wp\/v2\/pages\/29193\/revisions"}],"predecessor-version":[{"id":29208,"href":"https:\/\/www.acps-automotive.com\/hu\/wp-json\/wp\/v2\/pages\/29193\/revisions\/29208"}],"up":[{"embeddable":true,"href":"https:\/\/www.acps-automotive.com\/hu\/wp-json\/wp\/v2\/pages\/27201"}],"wp:attachment":[{"href":"https:\/\/www.acps-automotive.com\/hu\/wp-json\/wp\/v2\/media?parent=29193"}],"curies":[{"name":"wp","href":"https:\/\/api.w.org\/{rel}","templated":true}]}}