{"id":29186,"date":"2026-03-10T10:27:57","date_gmt":"2026-03-10T09:27:57","guid":{"rendered":"https:\/\/www.acps-automotive.com\/?page_id=29186"},"modified":"2026-03-10T10:27:57","modified_gmt":"2026-03-10T09:27:57","slug":"uj-telephely-troy","status":"publish","type":"page","link":"https:\/\/www.acps-automotive.com\/hu\/vallalatok\/sajto\/uj-telephely-troy\/","title":{"rendered":"Az ACPS Automotive \u00faj \u00e9rt\u00e9kes\u00edt\u00e9si \u00e9s fejleszt\u00e9si telephelyet nyit Troyban\/Detroitban"},"content":{"rendered":"<div class=\"vgblk-rw-wrapper limit-wrapper\">\n\n\t<h3><strong>2019.07.31 |<\/strong> Az ACPS Automotive \u00faj \u00e9rt\u00e9kes\u00edt\u00e9si \u00e9s fejleszt\u00e9si telephelyet nyit Troyban\/Detroitban<\/h3>\n<p><strong>A von\u00f3szerkezet-specialista \u00fajabb l\u00e9p\u00e9st tesz n\u00f6veked\u00e9si strat\u00e9gi\u00e1j\u00e1nak megval\u00f3s\u00edt\u00e1sa fel\u00e9.<\/strong><\/p>\n<p>Az ACPS Automotive meger\u0151s\u00edti tev\u00e9kenys\u00e9g\u00e9t az Egyes\u00fclt \u00c1llamokban a Michigan \u00e1llambeli Troy \/ Detroit telephely\u00e9vel. Innen fogj\u00e1k a j\u00f6v\u0151ben intenz\u00edvebben \u00e9s gyorsabban ell\u00e1tni az Egyes\u00fclt \u00c1llamokban sz\u00e9khellyel rendelkez\u0151 aut\u00f3gy\u00e1rt\u00f3kat a j\u00e1rm\u0171felszerel\u00e9sek ter\u00e9n a j\u00f6v\u0151be mutat\u00f3 von\u00f3horog-technol\u00f3gi\u00e1kkal. Az amerikai \u00e9rt\u00e9kes\u00edt\u00e9si \u00e9s fejleszt\u00e9si telephely fel\u00e9p\u00edt\u00e9se \u00e9s megalapoz\u00e1sa megteremti a tov\u00e1bbi n\u00f6veked\u00e9s felt\u00e9teleit.<\/p>\n<p>Eur\u00f3pa vezet\u0151 von\u00f3horog-rendszer gy\u00e1rt\u00f3ja ezzel mostant\u00f3l az Egyes\u00fclt \u00c1llamokban is fokozottabban k\u00edn\u00e1lja sikeres \u00e9s kiv\u00e1l\u00f3 min\u0151s\u00e9g\u0171 term\u00e9keit az ORIS m\u00e1rkan\u00e9v alatt.<\/p>\n<p>2013 \u00f3ta az ACPS Automotive mexik\u00f3i gy\u00e1rt\u00f3\u00fczeme az Audi, BMW, GM, Mercedes, Tesla, Volvo \u00e9s VW sz\u00e1m\u00e1ra sz\u00e1ll\u00edt amerikai \u00e9s eur\u00f3pai specifik\u00e1ci\u00f3j\u00fa von\u00f3horog-rendszereket. \u201eAz ORIS von\u00f3horogok ir\u00e1nti keresletet az Egyes\u00fclt \u00c1llamokban \u00faj telephely\u00fcnk l\u00e9trehoz\u00e1s\u00e1val el\u00e9g\u00edtj\u00fck ki Troyban&#8221; &#8211; mondja Caspar Baumhauer, az ACPS Automotive Group \u00fcgyvezet\u0151 igazgat\u00f3ja \u00e9s vez\u00e9rigazgat\u00f3ja. A jelenlegi kereslet azt mutatja, hogy a piac \u00e9rett erre a k\u00edn\u00e1latra. \u201eEzzel t\u00f6bb kapacit\u00e1st teremt\u00fcnk, amelyre s\u00fcrg\u0151sen sz\u00fcks\u00e9g\u00fcnk van, hogy kiel\u00e9g\u00edts\u00fck az \u00fcgyfelek ig\u00e9nyeit \u00e9s hat\u00e1rozottan b\u0151v\u00edts\u00fck piaci poz\u00edci\u00f3nkat&#8221; &#8211; folytatja Caspar Baumhauer. Az ORIS von\u00f3horog-rendszerek kiterjesztett \u00e9rt\u00e9kes\u00edt\u00e9s\u00e9nek d\u00f6nt\u00e9s\u00e9vel az ACPS Automotive jav\u00edtja ottani szolg\u00e1ltat\u00e1si szintj\u00e9t \u00e9s \u00fcgyf\u00e9lk\u00f6zels\u00e9g\u00e9t. Ugyanakkor ez a beruh\u00e1z\u00e1s nagyobb f\u00f6ldrajzi k\u00f6zels\u00e9get is jelent az aut\u00f3gy\u00e1rt\u00f3khoz. Ezzel a v\u00e1llalat meger\u0151s\u00edti poz\u00edci\u00f3j\u00e1t, mint a megfelel\u0151 von\u00f3szerkezetek probl\u00e9mamegold\u00f3ja a fejleszt\u00e9sek \u00e9s projektmegval\u00f3s\u00edt\u00e1sok, valamint az \u00faj \u00fczleti kapcsolatok kialak\u00edt\u00e1sa ter\u00e9n. A helysz\u00ednen dolgoz\u00f3 kompetens munkat\u00e1rsaknak k\u00f6sz\u00f6nhet\u0151en a megl\u00e9v\u0151 \u00e9s \u00faj \u00fcgyfelek k\u00f6zvetlen kapcsolattart\u00f3kkal rendelkeznek speci\u00e1lis ig\u00e9nyeik kiel\u00e9g\u00edt\u00e9s\u00e9re. A region\u00e1lis jelenl\u00e9t emellett r\u00f6vid kommunik\u00e1ci\u00f3s utakat \u00e9s nyelvi akad\u00e1lyok n\u00e9lk\u00fcli kommunik\u00e1ci\u00f3t biztos\u00edt.<\/p>\n<p>Az ACPS Automotive \u00f6sszesen 12 telephellyel &#8211; gy\u00e1rt\u00f3\u00fczemekkel, fejleszt\u00e9si \u00e9s \u00e9rt\u00e9kes\u00edt\u00e9si k\u00f6zpontokkal &#8211; van jelen Eur\u00f3p\u00e1ban, Oroszorsz\u00e1gban, Mexik\u00f3ban \u00e9s \u00c9szak-Amerik\u00e1ban. Az \u00faj telephellyel a v\u00e1llalat k\u00f6vetkezetes n\u00f6veked\u00e9si strat\u00e9gi\u00e1ja az Egyes\u00fclt \u00c1llamokban is sikeresen folytat\u00f3dik. Mexik\u00f3ban az ACPS Automotive m\u00e1r mintegy 150 alkalmazottal rendelkezik, \u00e9s egy gy\u00e1rt\u00f3\u00fczemet \u00fczemeltet, amely az amerikai piacot l\u00e1tja el a telephelyhez k\u00f6zeli helyr\u0151l.<\/p>\n<strong>K\u00e9pal\u00e1\u00edr\u00e1sok<\/strong><br \/>\n1. k\u00e9p: Az ACPS Automotive levehet\u0151 von\u00f3horogjai nem zavarj\u00e1k a j\u00e1rm\u0171vek diz\u00e1jnj\u00e1t.<br \/>\n2. k\u00e9p: Caspar Baumhauer, az ACPS Group \u00fcgyvezet\u0151 igazgat\u00f3ja \u00e9s vez\u00e9rigazgat\u00f3ja\n<strong>\u00daj c\u00edm az Egyes\u00fclt \u00c1llamokban<\/strong><br \/>\nACPS Automotive Inc.<br \/>\n755 W Big Beaver Road<br \/>\nSuite 2020<br \/>\nTroy, MI 48084<br \/>\nP +1 248 519-2385\n<strong>A v\u00e1llalat<\/strong><br \/>\nAz ACPS Automotive piacvezet\u0151 a szem\u00e9lyg\u00e9pkocsik, SUV-k \u00e9s kisteheraut\u00f3k p\u00f3tkocsik\u00f6t\u0151 berendez\u00e9seinek ter\u00fclet\u00e9n. A v\u00e1llalat a technol\u00f3giai vezet\u0151 szerepet t\u00f6lti be, \u00e9s \u00faj\u00edt\u00e1sokkal k\u00edv\u00e1nja alak\u00edtani a piacokat. T\u00f6bb mint 140 szabadalom tan\u00faskodik a v\u00e1llalat kiemelked\u0151 innov\u00e1ci\u00f3s kult\u00far\u00e1j\u00e1r\u00f3l.<br \/>\nAz ACPS Automotive fejleszt\u0151k\u00e9nt \u00e9s gy\u00e1rt\u00f3k\u00e9nt a sz\u00e1ll\u00edt\u00e1si megold\u00e1sainak technol\u00f3gi\u00e1j\u00e1val m\u00e9rc\u00e9t \u00e1ll\u00edt fel sz\u00e9khely\u00e9n, Ingersheimben, valamint vil\u00e1gszerte t\u00edz telephely\u00e9n. Ez el\u0151ny\u00f6s \u00fcgyfeleink sz\u00e1m\u00e1ra &#8211; az els\u0151 felszerel\u00e9st gy\u00e1rt\u00f3 nemzetk\u00f6zi aut\u00f3ipar \u00e9s az ut\u00f3lagos felszerel\u00e9st gy\u00e1rt\u00f3 c\u00e9gek sz\u00e1m\u00e1ra.<br \/>\nAz ACPS Automotive k\u00f6r\u00fclbel\u00fcl 2000 alkalmazottat foglalkoztat, 1955-ben alap\u00edtott\u00e1k M\u00f6glingenben, Stuttgart k\u00f6zel\u00e9ben, \u00e9s ORIS m\u00e1rkan\u00e9v alatt v\u00e1lt ismertt\u00e9. Sz\u00e1mos \u00fajdons\u00e1g kifejleszt\u00e9s\u00e9vel v\u00e1llalatunk meghat\u00e1rozta a p\u00f3tkocsi-csatlakoz\u00f3k piac\u00e1t, \u00e9s azz\u00e1 tette, ami ma. M\u00e1r az 1970-es \u00e9vekben kifejlesztett\u00fck a vil\u00e1g els\u0151 leszerelhet\u0151 von\u00f3szerkezet\u00e9t, amely sz\u00e1mos el\u0151nnyel rendelkezett az addig kiz\u00e1r\u00f3lag r\u00f6gz\u00edtett v\u00e1ltozatokkal szemben. A 2000-es \u00e9vek elej\u00e9n a v\u00e1llalat \u00faj szabv\u00e1nyt teremtett az els\u0151 mechanikusan forgathat\u00f3 von\u00f3horoggal. 2010-ben \u00fajabb innov\u00e1ci\u00f3 k\u00f6vetkezett: az els\u0151 teljesen elektromosan forgathat\u00f3 von\u00f3horog a maxim\u00e1lis k\u00e9nyelem \u00e9s biztons\u00e1g \u00e9rdek\u00e9ben.\n\t<p><a href=\"https:\/\/www.acps-automotive.com\/wp-content\/uploads\/_media\/unternehmen\/presse\/PR_New_location-USA_EN_06182019.pdf\" target=\"_blank\" rel=\"noopener\">Download [PDF]<\/a>\u00a0<a href=\"https:\/\/www.acps-automotive.com\/wp-content\/uploads\/_media\/unternehmen\/presse\/PR_New-location-USA_EN_06182019.zip\" target=\"_blank\" rel=\"noopener\">Download [Zip]<\/a><\/p>\n\t<figure id=\"attachment_24598\" aria-describedby=\"caption-attachment-24598\" style=\"width: 300px\" class=\"wp-caption alignnone\"><a href=\"https:\/\/www.acps-automotive.com\/wp-content\/uploads\/_media\/unternehmen\/presse\/2019\/Neuer-Standort-Troy-01.jpg\"><img loading=\"lazy\" decoding=\"async\" src=\"https:\/\/www.acps-automotive.com\/wp-content\/uploads\/_media\/unternehmen\/presse\/2019\/Neuer-Standort-Troy-01-300x210.jpg\" alt=\"\" width=\"300\" height=\"210\" \/><\/a><figcaption id=\"caption-attachment-24598\" class=\"wp-caption-text\">1. k\u00e9p<\/figcaption><\/figure>\n<figure id=\"attachment_24594\" aria-describedby=\"caption-attachment-24594\" style=\"width: 300px\" class=\"wp-caption alignnone\"><a href=\"https:\/\/www.acps-automotive.com\/wp-content\/uploads\/_media\/unternehmen\/presse\/2019\/Neuer-Standort-Troy-02.jpg\"><img loading=\"lazy\" decoding=\"async\" src=\"https:\/\/www.acps-automotive.com\/wp-content\/uploads\/_media\/unternehmen\/presse\/2019\/Neuer-Standort-Troy-02-300x192.jpg\" alt=\"\" width=\"300\" height=\"192\" \/><\/a><figcaption id=\"caption-attachment-24594\" class=\"wp-caption-text\">2. k\u00e9p<\/figcaption><\/figure>\n\t<h2><strong>Presse-Kontakt<br \/>\n<\/strong><\/h2>\n<strong>ACPS Automotive GmbH<\/strong><br \/>\nDagmar Hinz | Manager Communication &amp; Marketing<br \/>\nBertha-Benz-Str. 2, 74379 Ingersheim, Deutschland\nTel: +49 (0) 7142 9930-124<br \/>\nE-Mail: <a href=\"&#109;&#x61;i&#108;&#x74;o&#58;&#x64;a&#103;&#x6d;a&#114;&#x2e;h&#105;&#x6e;z&#64;&#x61;c&#112;&#x73;-&#97;&#x75;t&#111;&#x6d;o&#116;&#x69;v&#x65;&#x2e;c&#x6f;&#x6d;\">da&#103;&#109;&#x61;&#x72;&#x2e;&#x68;in&#122;&#64;&#x61;&#x63;&#x70;&#x73;-a&#117;&#116;&#111;&#x6d;&#x6f;&#x74;&#x69;ve&#46;&#99;&#x6f;&#x6d;<\/a>\n\t<p><a href=\"\/unternehmen\/presse\/\">\u2190 zur\u00fcck zur \u00dcbersicht<\/a><\/p>\n\n<\/div><!-- .vgblk-rw-wrapper -->","protected":false},"excerpt":{"rendered":"<p>2019.07.31 | Az ACPS Automotive \u00faj \u00e9rt\u00e9kes\u00edt\u00e9si \u00e9s fejleszt\u00e9si telephelyet nyit Troyban\/Detroitban A von\u00f3szerkezet-specialista \u00fajabb l\u00e9p\u00e9st tesz n\u00f6veked\u00e9si strat\u00e9gi\u00e1j\u00e1nak megval\u00f3s\u00edt\u00e1sa fel\u00e9. Az ACPS Automotive meger\u0151s\u00edti tev\u00e9kenys\u00e9g\u00e9t az Egyes\u00fclt \u00c1llamokban a Michigan \u00e1llambeli Troy \/ Detroit telephely\u00e9vel. Innen fogj\u00e1k a j\u00f6v\u0151ben intenz\u00edvebben \u00e9s gyorsabban ell\u00e1tni az Egyes\u00fclt \u00c1llamokban sz\u00e9khellyel rendelkez\u0151 aut\u00f3gy\u00e1rt\u00f3kat a j\u00e1rm\u0171felszerel\u00e9sek ter\u00e9n a j\u00f6v\u0151be&#8230;<\/p>\n","protected":false},"author":1,"featured_media":0,"parent":27201,"menu_order":1,"comment_status":"closed","ping_status":"closed","template":"","meta":{"inline_featured_image":false,"_price":"","_stock":"","_tribe_ticket_header":"","_tribe_default_ticket_provider":"","_tribe_ticket_capacity":"0","_ticket_start_date":"","_ticket_end_date":"","_tribe_ticket_show_description":"","_tribe_ticket_show_not_going":false,"_tribe_ticket_use_global_stock":"","_tribe_ticket_global_stock_level":"","_global_stock_mode":"","_global_stock_cap":"","_tribe_rsvp_for_event":"","_tribe_ticket_going_count":"","_tribe_ticket_not_going_count":"","_tribe_tickets_list":"[]","_tribe_ticket_has_attendee_info_fields":false,"footnotes":""},"class_list":["post-29186","page","type-page","status-publish","hentry"],"yoast_head":"<!-- This site is optimized with the Yoast SEO plugin v27.2 - https:\/\/yoast.com\/product\/yoast-seo-wordpress\/ -->\n<title>Sajt\u00f3 | ACPS Automotive<\/title>\n<meta name=\"description\" content=\"Itt tal\u00e1lja az ACPS Automotive legfrissebb sajt\u00f3k\u00f6zlem\u00e9nyeit. \u25baRengeteg hasznos inform\u00e1ci\u00f3 az \u00d6n sz\u00e1m\u00e1ra.\" \/>\n<meta name=\"robots\" content=\"index, follow, max-snippet:-1, max-image-preview:large, max-video-preview:-1\" \/>\n<link rel=\"canonical\" href=\"https:\/\/www.acps-automotive.com\/hu\/vallalatok\/sajto\/uj-telephely-troy\/\" \/>\n<meta property=\"og:locale\" content=\"hu_HU\" \/>\n<meta property=\"og:type\" content=\"article\" \/>\n<meta property=\"og:title\" content=\"Sajt\u00f3 | ACPS Automotive\" \/>\n<meta property=\"og:description\" content=\"Itt tal\u00e1lja az ACPS Automotive legfrissebb sajt\u00f3k\u00f6zlem\u00e9nyeit. \u25baRengeteg hasznos inform\u00e1ci\u00f3 az \u00d6n sz\u00e1m\u00e1ra.\" \/>\n<meta property=\"og:url\" content=\"https:\/\/www.acps-automotive.com\/hu\/vallalatok\/sajto\/uj-telephely-troy\/\" \/>\n<meta property=\"og:site_name\" content=\"ACPS Automotive GmbH\" \/>\n<meta property=\"og:image\" content=\"https:\/\/www.acps-automotive.com\/wp-content\/uploads\/_media\/unternehmen\/presse\/2019\/Neuer-Standort-Troy-01-300x210.jpg\" \/>\n<meta name=\"twitter:card\" content=\"summary_large_image\" \/>\n<meta name=\"twitter:site\" content=\"@ACPS_Automotive\" \/>\n<meta name=\"twitter:label1\" content=\"Becs\u00fclt olvas\u00e1si id\u0151\" \/>\n\t<meta name=\"twitter:data1\" content=\"4 perc\" \/>\n<script type=\"application\/ld+json\" class=\"yoast-schema-graph\">{\"@context\":\"https:\/\/schema.org\",\"@graph\":[{\"@type\":\"WebPage\",\"@id\":\"https:\/\/www.acps-automotive.com\/hu\/vallalatok\/sajto\/uj-telephely-troy\/\",\"url\":\"https:\/\/www.acps-automotive.com\/hu\/vallalatok\/sajto\/uj-telephely-troy\/\",\"name\":\"Sajt\u00f3 | ACPS Automotive\",\"isPartOf\":{\"@id\":\"https:\/\/www.acps-automotive.com\/hu\/#website\"},\"primaryImageOfPage\":{\"@id\":\"https:\/\/www.acps-automotive.com\/hu\/vallalatok\/sajto\/uj-telephely-troy\/#primaryimage\"},\"image\":{\"@id\":\"https:\/\/www.acps-automotive.com\/hu\/vallalatok\/sajto\/uj-telephely-troy\/#primaryimage\"},\"thumbnailUrl\":\"https:\/\/www.acps-automotive.com\/wp-content\/uploads\/_media\/unternehmen\/presse\/2019\/Neuer-Standort-Troy-01-300x210.jpg\",\"datePublished\":\"2026-03-10T09:27:57+00:00\",\"description\":\"Itt tal\u00e1lja az ACPS Automotive legfrissebb sajt\u00f3k\u00f6zlem\u00e9nyeit. \u25baRengeteg hasznos inform\u00e1ci\u00f3 az \u00d6n sz\u00e1m\u00e1ra.\",\"breadcrumb\":{\"@id\":\"https:\/\/www.acps-automotive.com\/hu\/vallalatok\/sajto\/uj-telephely-troy\/#breadcrumb\"},\"inLanguage\":\"hu\",\"potentialAction\":[{\"@type\":\"ReadAction\",\"target\":[\"https:\/\/www.acps-automotive.com\/hu\/vallalatok\/sajto\/uj-telephely-troy\/\"]}]},{\"@type\":\"ImageObject\",\"inLanguage\":\"hu\",\"@id\":\"https:\/\/www.acps-automotive.com\/hu\/vallalatok\/sajto\/uj-telephely-troy\/#primaryimage\",\"url\":\"https:\/\/www.acps-automotive.com\/wp-content\/uploads\/_media\/unternehmen\/presse\/2019\/Neuer-Standort-Troy-01-300x210.jpg\",\"contentUrl\":\"https:\/\/www.acps-automotive.com\/wp-content\/uploads\/_media\/unternehmen\/presse\/2019\/Neuer-Standort-Troy-01-300x210.jpg\"},{\"@type\":\"BreadcrumbList\",\"@id\":\"https:\/\/www.acps-automotive.com\/hu\/vallalatok\/sajto\/uj-telephely-troy\/#breadcrumb\",\"itemListElement\":[{\"@type\":\"ListItem\",\"position\":1,\"name\":\"Startseite\",\"item\":\"https:\/\/www.acps-automotive.com\/hu\/\"},{\"@type\":\"ListItem\",\"position\":2,\"name\":\"V\u00e1llalatok\",\"item\":\"https:\/\/www.acps-automotive.com\/hu\/vallalatok\/\"},{\"@type\":\"ListItem\",\"position\":3,\"name\":\"Sajt\u00f3\",\"item\":\"https:\/\/www.acps-automotive.com\/hu\/vallalatok\/sajto\/\"},{\"@type\":\"ListItem\",\"position\":4,\"name\":\"Az ACPS Automotive \u00faj \u00e9rt\u00e9kes\u00edt\u00e9si \u00e9s fejleszt\u00e9si telephelyet nyit Troyban\/Detroitban\"}]},{\"@type\":\"WebSite\",\"@id\":\"https:\/\/www.acps-automotive.com\/hu\/#website\",\"url\":\"https:\/\/www.acps-automotive.com\/hu\/\",\"name\":\"ACPS Automotive GmbH\",\"description\":\"Innovative Anh\u00e4ngekupplungen\",\"publisher\":{\"@id\":\"https:\/\/www.acps-automotive.com\/hu\/#organization\"},\"potentialAction\":[{\"@type\":\"SearchAction\",\"target\":{\"@type\":\"EntryPoint\",\"urlTemplate\":\"https:\/\/www.acps-automotive.com\/hu\/?s={search_term_string}\"},\"query-input\":{\"@type\":\"PropertyValueSpecification\",\"valueRequired\":true,\"valueName\":\"search_term_string\"}}],\"inLanguage\":\"hu\"},{\"@type\":\"Organization\",\"@id\":\"https:\/\/www.acps-automotive.com\/hu\/#organization\",\"name\":\"ACPS Automotive GmbH\",\"url\":\"https:\/\/www.acps-automotive.com\/hu\/\",\"logo\":{\"@type\":\"ImageObject\",\"inLanguage\":\"hu\",\"@id\":\"https:\/\/www.acps-automotive.com\/hu\/#\/schema\/logo\/image\/\",\"url\":\"https:\/\/www.acps-automotive.com\/wp-content\/uploads\/_media\/_allgemein\/Logo-Footer-ACPS-Automotive.png\",\"contentUrl\":\"https:\/\/www.acps-automotive.com\/wp-content\/uploads\/_media\/_allgemein\/Logo-Footer-ACPS-Automotive.png\",\"width\":239,\"height\":32,\"caption\":\"ACPS Automotive GmbH\"},\"image\":{\"@id\":\"https:\/\/www.acps-automotive.com\/hu\/#\/schema\/logo\/image\/\"},\"sameAs\":[\"https:\/\/x.com\/ACPS_Automotive\",\"https:\/\/www.linkedin.com\/company\/acps-automotive-gmbh\/\",\"https:\/\/www.instagram.com\/acps_ausbildung\/\",\"https:\/\/www.youtube.com\/channel\/UC2jxrgWwpxpkay2aHWV5SaQ\"]}]}<\/script>\n<!-- \/ Yoast SEO plugin. -->","yoast_head_json":{"title":"Sajt\u00f3 | ACPS Automotive","description":"Itt tal\u00e1lja az ACPS Automotive legfrissebb sajt\u00f3k\u00f6zlem\u00e9nyeit. \u25baRengeteg hasznos inform\u00e1ci\u00f3 az \u00d6n sz\u00e1m\u00e1ra.","robots":{"index":"index","follow":"follow","max-snippet":"max-snippet:-1","max-image-preview":"max-image-preview:large","max-video-preview":"max-video-preview:-1"},"canonical":"https:\/\/www.acps-automotive.com\/hu\/vallalatok\/sajto\/uj-telephely-troy\/","og_locale":"hu_HU","og_type":"article","og_title":"Sajt\u00f3 | ACPS Automotive","og_description":"Itt tal\u00e1lja az ACPS Automotive legfrissebb sajt\u00f3k\u00f6zlem\u00e9nyeit. \u25baRengeteg hasznos inform\u00e1ci\u00f3 az \u00d6n sz\u00e1m\u00e1ra.","og_url":"https:\/\/www.acps-automotive.com\/hu\/vallalatok\/sajto\/uj-telephely-troy\/","og_site_name":"ACPS Automotive GmbH","og_image":[{"url":"https:\/\/www.acps-automotive.com\/wp-content\/uploads\/_media\/unternehmen\/presse\/2019\/Neuer-Standort-Troy-01-300x210.jpg","type":"","width":"","height":""}],"twitter_card":"summary_large_image","twitter_site":"@ACPS_Automotive","twitter_misc":{"Becs\u00fclt olvas\u00e1si id\u0151":"4 perc"},"schema":{"@context":"https:\/\/schema.org","@graph":[{"@type":"WebPage","@id":"https:\/\/www.acps-automotive.com\/hu\/vallalatok\/sajto\/uj-telephely-troy\/","url":"https:\/\/www.acps-automotive.com\/hu\/vallalatok\/sajto\/uj-telephely-troy\/","name":"Sajt\u00f3 | ACPS Automotive","isPartOf":{"@id":"https:\/\/www.acps-automotive.com\/hu\/#website"},"primaryImageOfPage":{"@id":"https:\/\/www.acps-automotive.com\/hu\/vallalatok\/sajto\/uj-telephely-troy\/#primaryimage"},"image":{"@id":"https:\/\/www.acps-automotive.com\/hu\/vallalatok\/sajto\/uj-telephely-troy\/#primaryimage"},"thumbnailUrl":"https:\/\/www.acps-automotive.com\/wp-content\/uploads\/_media\/unternehmen\/presse\/2019\/Neuer-Standort-Troy-01-300x210.jpg","datePublished":"2026-03-10T09:27:57+00:00","description":"Itt tal\u00e1lja az ACPS Automotive legfrissebb sajt\u00f3k\u00f6zlem\u00e9nyeit. \u25baRengeteg hasznos inform\u00e1ci\u00f3 az \u00d6n sz\u00e1m\u00e1ra.","breadcrumb":{"@id":"https:\/\/www.acps-automotive.com\/hu\/vallalatok\/sajto\/uj-telephely-troy\/#breadcrumb"},"inLanguage":"hu","potentialAction":[{"@type":"ReadAction","target":["https:\/\/www.acps-automotive.com\/hu\/vallalatok\/sajto\/uj-telephely-troy\/"]}]},{"@type":"ImageObject","inLanguage":"hu","@id":"https:\/\/www.acps-automotive.com\/hu\/vallalatok\/sajto\/uj-telephely-troy\/#primaryimage","url":"https:\/\/www.acps-automotive.com\/wp-content\/uploads\/_media\/unternehmen\/presse\/2019\/Neuer-Standort-Troy-01-300x210.jpg","contentUrl":"https:\/\/www.acps-automotive.com\/wp-content\/uploads\/_media\/unternehmen\/presse\/2019\/Neuer-Standort-Troy-01-300x210.jpg"},{"@type":"BreadcrumbList","@id":"https:\/\/www.acps-automotive.com\/hu\/vallalatok\/sajto\/uj-telephely-troy\/#breadcrumb","itemListElement":[{"@type":"ListItem","position":1,"name":"Startseite","item":"https:\/\/www.acps-automotive.com\/hu\/"},{"@type":"ListItem","position":2,"name":"V\u00e1llalatok","item":"https:\/\/www.acps-automotive.com\/hu\/vallalatok\/"},{"@type":"ListItem","position":3,"name":"Sajt\u00f3","item":"https:\/\/www.acps-automotive.com\/hu\/vallalatok\/sajto\/"},{"@type":"ListItem","position":4,"name":"Az ACPS Automotive \u00faj \u00e9rt\u00e9kes\u00edt\u00e9si \u00e9s fejleszt\u00e9si telephelyet nyit Troyban\/Detroitban"}]},{"@type":"WebSite","@id":"https:\/\/www.acps-automotive.com\/hu\/#website","url":"https:\/\/www.acps-automotive.com\/hu\/","name":"ACPS Automotive GmbH","description":"Innovative Anh\u00e4ngekupplungen","publisher":{"@id":"https:\/\/www.acps-automotive.com\/hu\/#organization"},"potentialAction":[{"@type":"SearchAction","target":{"@type":"EntryPoint","urlTemplate":"https:\/\/www.acps-automotive.com\/hu\/?s={search_term_string}"},"query-input":{"@type":"PropertyValueSpecification","valueRequired":true,"valueName":"search_term_string"}}],"inLanguage":"hu"},{"@type":"Organization","@id":"https:\/\/www.acps-automotive.com\/hu\/#organization","name":"ACPS Automotive GmbH","url":"https:\/\/www.acps-automotive.com\/hu\/","logo":{"@type":"ImageObject","inLanguage":"hu","@id":"https:\/\/www.acps-automotive.com\/hu\/#\/schema\/logo\/image\/","url":"https:\/\/www.acps-automotive.com\/wp-content\/uploads\/_media\/_allgemein\/Logo-Footer-ACPS-Automotive.png","contentUrl":"https:\/\/www.acps-automotive.com\/wp-content\/uploads\/_media\/_allgemein\/Logo-Footer-ACPS-Automotive.png","width":239,"height":32,"caption":"ACPS Automotive GmbH"},"image":{"@id":"https:\/\/www.acps-automotive.com\/hu\/#\/schema\/logo\/image\/"},"sameAs":["https:\/\/x.com\/ACPS_Automotive","https:\/\/www.linkedin.com\/company\/acps-automotive-gmbh\/","https:\/\/www.instagram.com\/acps_ausbildung\/","https:\/\/www.youtube.com\/channel\/UC2jxrgWwpxpkay2aHWV5SaQ"]}]}},"_links":{"self":[{"href":"https:\/\/www.acps-automotive.com\/hu\/wp-json\/wp\/v2\/pages\/29186","targetHints":{"allow":["GET"]}}],"collection":[{"href":"https:\/\/www.acps-automotive.com\/hu\/wp-json\/wp\/v2\/pages"}],"about":[{"href":"https:\/\/www.acps-automotive.com\/hu\/wp-json\/wp\/v2\/types\/page"}],"author":[{"embeddable":true,"href":"https:\/\/www.acps-automotive.com\/hu\/wp-json\/wp\/v2\/users\/1"}],"replies":[{"embeddable":true,"href":"https:\/\/www.acps-automotive.com\/hu\/wp-json\/wp\/v2\/comments?post=29186"}],"version-history":[{"count":3,"href":"https:\/\/www.acps-automotive.com\/hu\/wp-json\/wp\/v2\/pages\/29186\/revisions"}],"predecessor-version":[{"id":29192,"href":"https:\/\/www.acps-automotive.com\/hu\/wp-json\/wp\/v2\/pages\/29186\/revisions\/29192"}],"up":[{"embeddable":true,"href":"https:\/\/www.acps-automotive.com\/hu\/wp-json\/wp\/v2\/pages\/27201"}],"wp:attachment":[{"href":"https:\/\/www.acps-automotive.com\/hu\/wp-json\/wp\/v2\/media?parent=29186"}],"curies":[{"name":"wp","href":"https:\/\/api.w.org\/{rel}","templated":true}]}}