{"id":29177,"date":"2026-03-10T10:08:56","date_gmt":"2026-03-10T09:08:56","guid":{"rendered":"https:\/\/www.acps-automotive.com\/?page_id=29177"},"modified":"2026-03-10T10:14:10","modified_gmt":"2026-03-10T09:14:10","slug":"a-vallalat-kozpontjanak-alapkoletetele","status":"publish","type":"page","link":"https:\/\/www.acps-automotive.com\/hu\/vallalatok\/sajto\/a-vallalat-kozpontjanak-alapkoletetele\/","title":{"rendered":"Els\u0151 kapav\u00e1g\u00e1s az ACPS Automotive \u00faj v\u00e1llalati k\u00f6zpontj\u00e1nak \u00e9s fejleszt\u00e9si k\u00f6zpontj\u00e1nak \u00e9p\u00edtkez\u00e9s\u00e9n"},"content":{"rendered":"<div class=\"vgblk-rw-wrapper limit-wrapper\">\n\n\t<h3><strong>2019.07.02 |<\/strong> Els\u0151 kapav\u00e1g\u00e1s az ACPS Automotive \u00faj v\u00e1llalati k\u00f6zpontj\u00e1nak \u00e9s fejleszt\u00e9si k\u00f6zpontj\u00e1nak \u00e9p\u00edtkez\u00e9s\u00e9n<\/h3>\n<p><strong>Az ACPS Automotive ma \u00fcnnepelte Dr. Christian Su\u00dfner &#8211; Ludwigsburg megyei hivatal k\u00f6rnyezetv\u00e9delmi \u00e9s \u00e9p\u00edt\u00e9si oszt\u00e1ly\u00e1nak vezet\u0151je -, Volker Godel, Ingersheim polg\u00e1rmestere, J\u00fcrgen Kessing, Bietigheim-Bissingen polg\u00e1rmestere, Thomas S. Bopp, a Stuttgart Region\u00e1lis Sz\u00f6vets\u00e9g eln\u00f6ke, a munkat\u00e1rsak, a t\u00e1mogat\u00f3k, a Brand Real Estate \u00e9p\u00edttet\u0151 \u00e9s a Goldbeck S\u00fcd f\u0151v\u00e1llalkoz\u00f3 t\u00e1rsas\u00e1g.<\/strong><\/p>\n<p>Az ACPS Automotive az elk\u00f6vetkez\u0151 \u00e9vekben jelent\u0151s n\u00f6veked\u00e9st tervez, ez\u00e9rt tov\u00e1bbi helyre van sz\u00fcks\u00e9ge, amelyet az \u00faj \u00e9p\u00fclet Ingersheimben biztos\u00edt. A modern helyis\u00e9gek mellett a vonz\u00f3 elhelyezked\u00e9s is fontos szempont volt, mivel az \u00faj \u00e9p\u00fclet a jelenlegi v\u00e1llalati sz\u00e9khelyhez, Markgr\u00f6ningenhez k\u00f6zel tal\u00e1lhat\u00f3, \u00e9s munkat\u00e1rsaink sz\u00e1m\u00e1ra tov\u00e1bbra is k\u00f6nnyen megk\u00f6zel\u00edthet\u0151. Az ACPS Automotive egyik k\u00f6zponti c\u00e9lja, hogy jelenlegi \u00e9s j\u00f6v\u0151beli munkat\u00e1rsainak olyan munkak\u00f6rnyezetet biztos\u00edtson, amely el\u0151seg\u00edti a kreativit\u00e1st \u00e9s az innov\u00e1ci\u00f3t. Az ACPS Automotive elk\u00f6telezetts\u00e9ge a Stuttgartot k\u00f6r\u00fclvev\u0151 nagyv\u00e1rosi t\u00e9rs\u00e9g ir\u00e1nt, amelynek er\u0151s kapcsolata van az aut\u00f3iparral, valamint a v\u00e1llalat gy\u00f6kerei ir\u00e1nt ebben a r\u00e9gi\u00f3ban szint\u00e9n d\u00f6nt\u0151 t\u00e9nyez\u0151 volt az \u00faj ingersheimi telephely kiv\u00e1laszt\u00e1s\u00e1ban.<\/p>\n<p>\u201eNagyon \u00f6r\u00fcl\u00f6k, hogy az ACPS Automotive \u00faj v\u00e1llalati k\u00f6zpontba \u00e9s fejleszt\u00e9si k\u00f6zpontba fektet be az ingersheimi ipari parkban: a projekt j\u00f3l mutatja, hogy Ludwigsburg j\u00e1r\u00e1s mennyire vonz\u00f3 helysz\u00edn innovat\u00edv, vil\u00e1gszerte m\u0171k\u00f6d\u0151 v\u00e1llalatok sz\u00e1m\u00e1ra, mint az ACPS Automotive&#8221; &#8211; mondja Dr. Rainer Haas, Ludwigsburg j\u00e1r\u00e1svezet\u0151je.<\/p>\n<p>\u201eAz ACPS Automotive leteleped\u00e9se fontos d\u00f6nt\u00e9s Ingersheim \u00e9s a Bietigheimer Weg ipari park c\u00e9lsz\u00f6vets\u00e9g sz\u00e1m\u00e1ra, \u00e9s gazdag\u00edtja ipari parkunkat. H\u00e1l\u00e1sak vagyunk, hogy itt magas sz\u00ednvonal\u00fa munkahelyek j\u00f6nnek l\u00e9tre. Ez bizony\u00edtja Ingersheim helysz\u00edn min\u0151s\u00e9g\u00e9t, \u00e9s meger\u0151s\u00edt minket az ipari park tov\u00e1bbi fejleszt\u00e9s\u00e9ben&#8221; &#8211; mondja Volker Godel, Ingersheim polg\u00e1rmestere.<\/p>\n<p>J\u00fcrgen Kessing polg\u00e1rmester gratul\u00e1l a v\u00e1llalatnak a helysz\u00ednv\u00e1laszt\u00e1shoz: \u201eEz bizony\u00edtja, hogy helyes d\u00f6nt\u00e9s volt egy k\u00f6z\u00f6s ipari park l\u00e9trehoz\u00e1sa Ingersheim \u00e9s Bietigheim-Bissingen k\u00f6z\u00f6tt. Ezzel biztos\u00edtjuk a munkahelyeket \u00e9s ezzel a j\u00f6v\u0151nket is.&#8221;<\/p>\n<p>\u201eAz ACPS Automotive GmbH-val egy nagyon elk\u00f6telezett \u00e9s el\u0151rel\u00e1t\u00f3 b\u00e9rl\u0151t nyert\u00fcnk, aki 100 sz\u00e1zal\u00e9kosan r\u00e9szt vesz a projekt megval\u00f3s\u00edt\u00e1s\u00e1ban, \u00e9s ezzel biztos\u00edtja a hossz\u00fa t\u00e1v\u00fa haszn\u00e1latot ezen az vonz\u00f3 helyen. Realiz\u00e1ci\u00f3s partner\u00fcnk, a Goldbeck biztos\u00edtja sz\u00e1munkra a b\u00e9rl\u0151nek t\u00f6rt\u00e9n\u0151 hat\u00e1rid\u0151re t\u00f6rt\u00e9n\u0151 \u00e9s k\u00f6lts\u00e9gvet\u00e9snek megfelel\u0151 \u00e1tad\u00e1st&#8221; &#8211; mondta Michael Brand, a Brand Real Estate GmbH \u00fcgyvezet\u0151 t\u00e1rstulajdonosa. H\u00e1tt\u00e9r: A Goldbeck el\u0151re gy\u00e1rtott elemekb\u0151l \u00e9p\u00edt, amelyeket k\u00f6zvetlen\u00fcl a \u00e9p\u00edtkez\u00e9sen szerelnek \u00f6ssze, \u00edgy az id\u0151j\u00e1r\u00e1st\u00f3l f\u00fcggetlen\u00fcl \u00e9s k\u00fcl\u00f6n\u00f6sen gyorsan.<\/p>\n<strong>K\u00e9pal\u00e1\u00edr\u00e1s:<\/strong><br \/>\nEls\u0151 kapav\u00e1g\u00e1s az Ingersheim ipari parkban: T\u00edz projektben r\u00e9sztvev\u0151, t\u00f6bbek k\u00f6z\u00f6tt az ACPS Automotive, helyi politikusok \u00e9s a \u201eGewerbepark Bietigheimer Weg&#8221; c\u00e9lsz\u00f6vets\u00e9g k\u00e9pvisel\u0151i hivatalosan is elind\u00edtj\u00e1k az ACPS Automotive v\u00e1llalat k\u00f6zpontj\u00e1nak \u00faj \u00e9p\u00edt\u00e9s\u00e9t.\n<p><strong>Tervezett \u00faj \u00e9p\u00fclet \/ Ingersheim ipari park<\/strong><\/p>\n<ul>\n<li>\u00daj v\u00e1llalati sz\u00e9khely \u00e9s fejleszt\u00e9si k\u00f6zpont k\u00f6r\u00fclbel\u00fcl 200 alkalmazott sz\u00e1m\u00e1ra<br \/>\nAz ACPS Automotive a tervezett \u00faj \u00e9p\u00fclettel az Ingersheim ipari parkban (Zweckverband Gewerbepark Bietigheimer Weg) elk\u00f6telezi mag\u00e1t a Stuttgart t\u00e9rs\u00e9g mellett, amelynek er\u0151s kapcsolata van az aut\u00f3iparral. A v\u00e1llalat gy\u00f6kerei is ide ny\u00falnak vissza.<\/li>\n<li>Telek ter\u00fclete kb. 9750 m\u00b2<\/li>\n<li>Irodater\u00fclet kb. 4400 m\u00b2<\/li>\n<li>3 emelet<\/li>\n<li>t\u00e1gas, \u00faj, modern k\u00f6vetelm\u00e9nyeknek megfelel\u0151 irodah\u00e1z &#8211; akad\u00e1lymentes koncepci\u00f3<\/li>\n<li>optim\u00e1lis keretfelt\u00e9telek a j\u00f6v\u0151be mutat\u00f3 cs\u00facstechnol\u00f3gi\u00e1k fejleszt\u00e9s\u00e9hez<\/li>\n<li>Csarnokter\u00fclet kb. 1200 m\u00b2<\/li>\n<li>Parkol\u00f3helyek a munkav\u00e1llal\u00f3k sz\u00e1m\u00e1ra<\/li>\n<li>F\u0151v\u00e1llalkoz\u00f3: Goldbeck S\u00fcd GmbH<\/li>\n<li>\u00c9p\u00edttet\u0151: Brand Real Estate GmbH<\/li>\n<\/ul>\n<p>&nbsp;<\/p>\n<strong>A v\u00e1llalat<\/strong><br \/>\nAz ACPS Automotive piacvezet\u0151 a szem\u00e9lyg\u00e9pkocsik, SUV-k \u00e9s kisteheraut\u00f3k p\u00f3tkocsik\u00f6t\u0151 berendez\u00e9seinek ter\u00fclet\u00e9n. A v\u00e1llalat a technol\u00f3giai vezet\u0151 szerepet t\u00f6lti be, \u00e9s \u00faj\u00edt\u00e1sokkal k\u00edv\u00e1nja alak\u00edtani a piacokat. T\u00f6bb mint 140 szabadalom tan\u00faskodik a v\u00e1llalat kiemelked\u0151 innov\u00e1ci\u00f3s kult\u00far\u00e1j\u00e1r\u00f3l.<br \/>\nAz ACPS Automotive fejleszt\u0151k\u00e9nt \u00e9s gy\u00e1rt\u00f3k\u00e9nt a sz\u00e1ll\u00edt\u00e1si megold\u00e1sainak technol\u00f3gi\u00e1j\u00e1val m\u00e9rc\u00e9t \u00e1ll\u00edt fel sz\u00e9khely\u00e9n, Ingersheimben, valamint vil\u00e1gszerte t\u00edz telephely\u00e9n. Ez el\u0151ny\u00f6s \u00fcgyfeleink sz\u00e1m\u00e1ra &#8211; az els\u0151 felszerel\u00e9st gy\u00e1rt\u00f3 nemzetk\u00f6zi aut\u00f3ipar \u00e9s az ut\u00f3lagos felszerel\u00e9st gy\u00e1rt\u00f3 c\u00e9gek sz\u00e1m\u00e1ra.<br \/>\nAz ACPS Automotive k\u00f6r\u00fclbel\u00fcl 2000 alkalmazottat foglalkoztat, 1955-ben alap\u00edtott\u00e1k M\u00f6glingenben, Stuttgart k\u00f6zel\u00e9ben, \u00e9s ORIS m\u00e1rkan\u00e9v alatt v\u00e1lt ismertt\u00e9. Sz\u00e1mos \u00fajdons\u00e1g kifejleszt\u00e9s\u00e9vel v\u00e1llalatunk meghat\u00e1rozta a p\u00f3tkocsi-csatlakoz\u00f3k piac\u00e1t, \u00e9s azz\u00e1 tette, ami ma. M\u00e1r az 1970-es \u00e9vekben kifejlesztett\u00fck a vil\u00e1g els\u0151 leszerelhet\u0151 von\u00f3szerkezet\u00e9t, amely sz\u00e1mos el\u0151nnyel rendelkezett az addig kiz\u00e1r\u00f3lag r\u00f6gz\u00edtett v\u00e1ltozatokkal szemben. A 2000-es \u00e9vek elej\u00e9n a v\u00e1llalat \u00faj szabv\u00e1nyt teremtett az els\u0151 mechanikusan forgathat\u00f3 von\u00f3horoggal. 2010-ben \u00fajabb innov\u00e1ci\u00f3 k\u00f6vetkezett: az els\u0151 teljesen elektromosan forgathat\u00f3 von\u00f3horog a maxim\u00e1lis k\u00e9nyelem \u00e9s biztons\u00e1g \u00e9rdek\u00e9ben.\n\t<p><a href=\"https:\/\/www.acps-automotive.com\/wp-content\/uploads\/_media\/unternehmen\/presse\/PR_Groundbreaking-Ceremony_EN_20190702.pdf\" target=\"_blank\" rel=\"noopener\">Download [PDF]<\/a>\u00a0<a href=\"https:\/\/www.acps-automotive.com\/wp-content\/uploads\/_media\/unternehmen\/presse\/PR_Groundbreaking-Ceremony_EN_20190702.zip\" target=\"_blank\" rel=\"noopener\">Download [Zip]<\/a><\/p>\n\t<p><a href=\"https:\/\/www.acps-automotive.com\/wp-content\/uploads\/_media\/unternehmen\/presse\/2019\/Unternehmenszentrale.png\"><img loading=\"lazy\" decoding=\"async\" src=\"https:\/\/www.acps-automotive.com\/wp-content\/uploads\/_media\/unternehmen\/presse\/2019\/Unternehmenszentrale-300x169.png\" alt=\"\" width=\"300\" height=\"169\" \/><\/a><\/p>\n\t<h2><strong>Sajt\u00f3kapcsolat<\/strong><\/h2>\n<strong>ACPS Automotive GmbH<\/strong><br \/>\nDagmar Hinz |\u00a0Kommunik\u00e1ci\u00f3s \u00e9s marketing menedzser<br \/>\nBertha-Benz-Str. 2, 74379 Ingersheim, N\u00e9metorsz\u00e1g\nTel: +49 (0) 7142 9930-124<br \/>\nE-Mail: <a href=\"&#109;&#x61;&#105;&#x6c;t&#111;&#x3a;&#100;&#x61;g&#x6d;a&#114;&#x2e;&#104;&#x69;n&#x7a;&#x40;&#97;&#x63;p&#x73;-&#97;&#x75;&#116;&#x6f;m&#x6f;t&#105;&#x76;&#101;&#x2e;c&#111;&#x6d;\">&#x64;&#x61;&#103;m&#x61;&#x72;&#46;hi&#x6e;&#x7a;&#64;a&#x63;&#x70;&#115;&#45;a&#x75;&#x74;&#111;m&#x6f;&#x74;&#105;&#118;e&#x2e;&#x63;&#111;m<\/a>\n\t<p>\u2190 <a href=\"https:\/\/www.acps-automotive.com\/hu\/vallalatok\/sajto\/\">vissza az \u00e1ttekint\u00e9shez<\/a><\/p>\n\n<\/div><!-- .vgblk-rw-wrapper -->","protected":false},"excerpt":{"rendered":"<p>2019.07.02 | Els\u0151 kapav\u00e1g\u00e1s az ACPS Automotive \u00faj v\u00e1llalati k\u00f6zpontj\u00e1nak \u00e9s fejleszt\u00e9si k\u00f6zpontj\u00e1nak \u00e9p\u00edtkez\u00e9s\u00e9n Az ACPS Automotive ma \u00fcnnepelte Dr. Christian Su\u00dfner &#8211; Ludwigsburg megyei hivatal k\u00f6rnyezetv\u00e9delmi \u00e9s \u00e9p\u00edt\u00e9si oszt\u00e1ly\u00e1nak vezet\u0151je -, Volker Godel, Ingersheim polg\u00e1rmestere, J\u00fcrgen Kessing, Bietigheim-Bissingen polg\u00e1rmestere, Thomas S. Bopp, a Stuttgart Region\u00e1lis Sz\u00f6vets\u00e9g eln\u00f6ke, a munkat\u00e1rsak, a t\u00e1mogat\u00f3k, a Brand Real&#8230;<\/p>\n","protected":false},"author":1,"featured_media":0,"parent":27201,"menu_order":1,"comment_status":"closed","ping_status":"closed","template":"","meta":{"inline_featured_image":false,"_price":"","_stock":"","_tribe_ticket_header":"","_tribe_default_ticket_provider":"","_tribe_ticket_capacity":"0","_ticket_start_date":"","_ticket_end_date":"","_tribe_ticket_show_description":"","_tribe_ticket_show_not_going":false,"_tribe_ticket_use_global_stock":"","_tribe_ticket_global_stock_level":"","_global_stock_mode":"","_global_stock_cap":"","_tribe_rsvp_for_event":"","_tribe_ticket_going_count":"","_tribe_ticket_not_going_count":"","_tribe_tickets_list":"[]","_tribe_ticket_has_attendee_info_fields":false,"footnotes":""},"class_list":["post-29177","page","type-page","status-publish","hentry"],"yoast_head":"<!-- This site is optimized with the Yoast SEO plugin v27.2 - https:\/\/yoast.com\/product\/yoast-seo-wordpress\/ -->\n<title>Sajt\u00f3 | ACPS Automotive<\/title>\n<meta name=\"description\" content=\"Itt tal\u00e1lja az ACPS Automotive legfrissebb sajt\u00f3k\u00f6zlem\u00e9nyeit. \u25baRengeteg hasznos inform\u00e1ci\u00f3 az \u00d6n sz\u00e1m\u00e1ra.\" \/>\n<meta name=\"robots\" content=\"index, follow, max-snippet:-1, max-image-preview:large, max-video-preview:-1\" \/>\n<link rel=\"canonical\" href=\"https:\/\/www.acps-automotive.com\/hu\/vallalatok\/sajto\/a-vallalat-kozpontjanak-alapkoletetele\/\" \/>\n<meta property=\"og:locale\" content=\"hu_HU\" \/>\n<meta property=\"og:type\" content=\"article\" \/>\n<meta property=\"og:title\" content=\"Sajt\u00f3 | ACPS Automotive\" \/>\n<meta property=\"og:description\" content=\"Itt tal\u00e1lja az ACPS Automotive legfrissebb sajt\u00f3k\u00f6zlem\u00e9nyeit. \u25baRengeteg hasznos inform\u00e1ci\u00f3 az \u00d6n sz\u00e1m\u00e1ra.\" \/>\n<meta property=\"og:url\" content=\"https:\/\/www.acps-automotive.com\/hu\/vallalatok\/sajto\/a-vallalat-kozpontjanak-alapkoletetele\/\" \/>\n<meta property=\"og:site_name\" content=\"ACPS Automotive GmbH\" \/>\n<meta property=\"article:modified_time\" content=\"2026-03-10T09:14:10+00:00\" \/>\n<meta property=\"og:image\" content=\"https:\/\/www.acps-automotive.com\/wp-content\/uploads\/_media\/unternehmen\/presse\/2019\/Unternehmenszentrale-300x169.png\" \/>\n<meta name=\"twitter:card\" content=\"summary_large_image\" \/>\n<meta name=\"twitter:site\" content=\"@ACPS_Automotive\" \/>\n<meta name=\"twitter:label1\" content=\"Becs\u00fclt olvas\u00e1si id\u0151\" \/>\n\t<meta name=\"twitter:data1\" content=\"5 perc\" \/>\n<script type=\"application\/ld+json\" class=\"yoast-schema-graph\">{\"@context\":\"https:\/\/schema.org\",\"@graph\":[{\"@type\":\"WebPage\",\"@id\":\"https:\/\/www.acps-automotive.com\/hu\/vallalatok\/sajto\/a-vallalat-kozpontjanak-alapkoletetele\/\",\"url\":\"https:\/\/www.acps-automotive.com\/hu\/vallalatok\/sajto\/a-vallalat-kozpontjanak-alapkoletetele\/\",\"name\":\"Sajt\u00f3 | ACPS Automotive\",\"isPartOf\":{\"@id\":\"https:\/\/www.acps-automotive.com\/hu\/#website\"},\"primaryImageOfPage\":{\"@id\":\"https:\/\/www.acps-automotive.com\/hu\/vallalatok\/sajto\/a-vallalat-kozpontjanak-alapkoletetele\/#primaryimage\"},\"image\":{\"@id\":\"https:\/\/www.acps-automotive.com\/hu\/vallalatok\/sajto\/a-vallalat-kozpontjanak-alapkoletetele\/#primaryimage\"},\"thumbnailUrl\":\"https:\/\/www.acps-automotive.com\/wp-content\/uploads\/_media\/unternehmen\/presse\/2019\/Unternehmenszentrale-300x169.png\",\"datePublished\":\"2026-03-10T09:08:56+00:00\",\"dateModified\":\"2026-03-10T09:14:10+00:00\",\"description\":\"Itt tal\u00e1lja az ACPS Automotive legfrissebb sajt\u00f3k\u00f6zlem\u00e9nyeit. \u25baRengeteg hasznos inform\u00e1ci\u00f3 az \u00d6n sz\u00e1m\u00e1ra.\",\"breadcrumb\":{\"@id\":\"https:\/\/www.acps-automotive.com\/hu\/vallalatok\/sajto\/a-vallalat-kozpontjanak-alapkoletetele\/#breadcrumb\"},\"inLanguage\":\"hu\",\"potentialAction\":[{\"@type\":\"ReadAction\",\"target\":[\"https:\/\/www.acps-automotive.com\/hu\/vallalatok\/sajto\/a-vallalat-kozpontjanak-alapkoletetele\/\"]}]},{\"@type\":\"ImageObject\",\"inLanguage\":\"hu\",\"@id\":\"https:\/\/www.acps-automotive.com\/hu\/vallalatok\/sajto\/a-vallalat-kozpontjanak-alapkoletetele\/#primaryimage\",\"url\":\"https:\/\/www.acps-automotive.com\/wp-content\/uploads\/_media\/unternehmen\/presse\/2019\/Unternehmenszentrale-300x169.png\",\"contentUrl\":\"https:\/\/www.acps-automotive.com\/wp-content\/uploads\/_media\/unternehmen\/presse\/2019\/Unternehmenszentrale-300x169.png\"},{\"@type\":\"BreadcrumbList\",\"@id\":\"https:\/\/www.acps-automotive.com\/hu\/vallalatok\/sajto\/a-vallalat-kozpontjanak-alapkoletetele\/#breadcrumb\",\"itemListElement\":[{\"@type\":\"ListItem\",\"position\":1,\"name\":\"Startseite\",\"item\":\"https:\/\/www.acps-automotive.com\/hu\/\"},{\"@type\":\"ListItem\",\"position\":2,\"name\":\"V\u00e1llalatok\",\"item\":\"https:\/\/www.acps-automotive.com\/hu\/vallalatok\/\"},{\"@type\":\"ListItem\",\"position\":3,\"name\":\"Sajt\u00f3\",\"item\":\"https:\/\/www.acps-automotive.com\/hu\/vallalatok\/sajto\/\"},{\"@type\":\"ListItem\",\"position\":4,\"name\":\"Els\u0151 kapav\u00e1g\u00e1s az ACPS Automotive \u00faj v\u00e1llalati k\u00f6zpontj\u00e1nak \u00e9s fejleszt\u00e9si k\u00f6zpontj\u00e1nak \u00e9p\u00edtkez\u00e9s\u00e9n\"}]},{\"@type\":\"WebSite\",\"@id\":\"https:\/\/www.acps-automotive.com\/hu\/#website\",\"url\":\"https:\/\/www.acps-automotive.com\/hu\/\",\"name\":\"ACPS Automotive GmbH\",\"description\":\"Innovative Anh\u00e4ngekupplungen\",\"publisher\":{\"@id\":\"https:\/\/www.acps-automotive.com\/hu\/#organization\"},\"potentialAction\":[{\"@type\":\"SearchAction\",\"target\":{\"@type\":\"EntryPoint\",\"urlTemplate\":\"https:\/\/www.acps-automotive.com\/hu\/?s={search_term_string}\"},\"query-input\":{\"@type\":\"PropertyValueSpecification\",\"valueRequired\":true,\"valueName\":\"search_term_string\"}}],\"inLanguage\":\"hu\"},{\"@type\":\"Organization\",\"@id\":\"https:\/\/www.acps-automotive.com\/hu\/#organization\",\"name\":\"ACPS Automotive GmbH\",\"url\":\"https:\/\/www.acps-automotive.com\/hu\/\",\"logo\":{\"@type\":\"ImageObject\",\"inLanguage\":\"hu\",\"@id\":\"https:\/\/www.acps-automotive.com\/hu\/#\/schema\/logo\/image\/\",\"url\":\"https:\/\/www.acps-automotive.com\/wp-content\/uploads\/_media\/_allgemein\/Logo-Footer-ACPS-Automotive.png\",\"contentUrl\":\"https:\/\/www.acps-automotive.com\/wp-content\/uploads\/_media\/_allgemein\/Logo-Footer-ACPS-Automotive.png\",\"width\":239,\"height\":32,\"caption\":\"ACPS Automotive GmbH\"},\"image\":{\"@id\":\"https:\/\/www.acps-automotive.com\/hu\/#\/schema\/logo\/image\/\"},\"sameAs\":[\"https:\/\/x.com\/ACPS_Automotive\",\"https:\/\/www.linkedin.com\/company\/acps-automotive-gmbh\/\",\"https:\/\/www.instagram.com\/acps_ausbildung\/\",\"https:\/\/www.youtube.com\/channel\/UC2jxrgWwpxpkay2aHWV5SaQ\"]}]}<\/script>\n<!-- \/ Yoast SEO plugin. -->","yoast_head_json":{"title":"Sajt\u00f3 | ACPS Automotive","description":"Itt tal\u00e1lja az ACPS Automotive legfrissebb sajt\u00f3k\u00f6zlem\u00e9nyeit. \u25baRengeteg hasznos inform\u00e1ci\u00f3 az \u00d6n sz\u00e1m\u00e1ra.","robots":{"index":"index","follow":"follow","max-snippet":"max-snippet:-1","max-image-preview":"max-image-preview:large","max-video-preview":"max-video-preview:-1"},"canonical":"https:\/\/www.acps-automotive.com\/hu\/vallalatok\/sajto\/a-vallalat-kozpontjanak-alapkoletetele\/","og_locale":"hu_HU","og_type":"article","og_title":"Sajt\u00f3 | ACPS Automotive","og_description":"Itt tal\u00e1lja az ACPS Automotive legfrissebb sajt\u00f3k\u00f6zlem\u00e9nyeit. \u25baRengeteg hasznos inform\u00e1ci\u00f3 az \u00d6n sz\u00e1m\u00e1ra.","og_url":"https:\/\/www.acps-automotive.com\/hu\/vallalatok\/sajto\/a-vallalat-kozpontjanak-alapkoletetele\/","og_site_name":"ACPS Automotive GmbH","article_modified_time":"2026-03-10T09:14:10+00:00","og_image":[{"url":"https:\/\/www.acps-automotive.com\/wp-content\/uploads\/_media\/unternehmen\/presse\/2019\/Unternehmenszentrale-300x169.png","type":"","width":"","height":""}],"twitter_card":"summary_large_image","twitter_site":"@ACPS_Automotive","twitter_misc":{"Becs\u00fclt olvas\u00e1si id\u0151":"5 perc"},"schema":{"@context":"https:\/\/schema.org","@graph":[{"@type":"WebPage","@id":"https:\/\/www.acps-automotive.com\/hu\/vallalatok\/sajto\/a-vallalat-kozpontjanak-alapkoletetele\/","url":"https:\/\/www.acps-automotive.com\/hu\/vallalatok\/sajto\/a-vallalat-kozpontjanak-alapkoletetele\/","name":"Sajt\u00f3 | ACPS Automotive","isPartOf":{"@id":"https:\/\/www.acps-automotive.com\/hu\/#website"},"primaryImageOfPage":{"@id":"https:\/\/www.acps-automotive.com\/hu\/vallalatok\/sajto\/a-vallalat-kozpontjanak-alapkoletetele\/#primaryimage"},"image":{"@id":"https:\/\/www.acps-automotive.com\/hu\/vallalatok\/sajto\/a-vallalat-kozpontjanak-alapkoletetele\/#primaryimage"},"thumbnailUrl":"https:\/\/www.acps-automotive.com\/wp-content\/uploads\/_media\/unternehmen\/presse\/2019\/Unternehmenszentrale-300x169.png","datePublished":"2026-03-10T09:08:56+00:00","dateModified":"2026-03-10T09:14:10+00:00","description":"Itt tal\u00e1lja az ACPS Automotive legfrissebb sajt\u00f3k\u00f6zlem\u00e9nyeit. \u25baRengeteg hasznos inform\u00e1ci\u00f3 az \u00d6n sz\u00e1m\u00e1ra.","breadcrumb":{"@id":"https:\/\/www.acps-automotive.com\/hu\/vallalatok\/sajto\/a-vallalat-kozpontjanak-alapkoletetele\/#breadcrumb"},"inLanguage":"hu","potentialAction":[{"@type":"ReadAction","target":["https:\/\/www.acps-automotive.com\/hu\/vallalatok\/sajto\/a-vallalat-kozpontjanak-alapkoletetele\/"]}]},{"@type":"ImageObject","inLanguage":"hu","@id":"https:\/\/www.acps-automotive.com\/hu\/vallalatok\/sajto\/a-vallalat-kozpontjanak-alapkoletetele\/#primaryimage","url":"https:\/\/www.acps-automotive.com\/wp-content\/uploads\/_media\/unternehmen\/presse\/2019\/Unternehmenszentrale-300x169.png","contentUrl":"https:\/\/www.acps-automotive.com\/wp-content\/uploads\/_media\/unternehmen\/presse\/2019\/Unternehmenszentrale-300x169.png"},{"@type":"BreadcrumbList","@id":"https:\/\/www.acps-automotive.com\/hu\/vallalatok\/sajto\/a-vallalat-kozpontjanak-alapkoletetele\/#breadcrumb","itemListElement":[{"@type":"ListItem","position":1,"name":"Startseite","item":"https:\/\/www.acps-automotive.com\/hu\/"},{"@type":"ListItem","position":2,"name":"V\u00e1llalatok","item":"https:\/\/www.acps-automotive.com\/hu\/vallalatok\/"},{"@type":"ListItem","position":3,"name":"Sajt\u00f3","item":"https:\/\/www.acps-automotive.com\/hu\/vallalatok\/sajto\/"},{"@type":"ListItem","position":4,"name":"Els\u0151 kapav\u00e1g\u00e1s az ACPS Automotive \u00faj v\u00e1llalati k\u00f6zpontj\u00e1nak \u00e9s fejleszt\u00e9si k\u00f6zpontj\u00e1nak \u00e9p\u00edtkez\u00e9s\u00e9n"}]},{"@type":"WebSite","@id":"https:\/\/www.acps-automotive.com\/hu\/#website","url":"https:\/\/www.acps-automotive.com\/hu\/","name":"ACPS Automotive GmbH","description":"Innovative Anh\u00e4ngekupplungen","publisher":{"@id":"https:\/\/www.acps-automotive.com\/hu\/#organization"},"potentialAction":[{"@type":"SearchAction","target":{"@type":"EntryPoint","urlTemplate":"https:\/\/www.acps-automotive.com\/hu\/?s={search_term_string}"},"query-input":{"@type":"PropertyValueSpecification","valueRequired":true,"valueName":"search_term_string"}}],"inLanguage":"hu"},{"@type":"Organization","@id":"https:\/\/www.acps-automotive.com\/hu\/#organization","name":"ACPS Automotive GmbH","url":"https:\/\/www.acps-automotive.com\/hu\/","logo":{"@type":"ImageObject","inLanguage":"hu","@id":"https:\/\/www.acps-automotive.com\/hu\/#\/schema\/logo\/image\/","url":"https:\/\/www.acps-automotive.com\/wp-content\/uploads\/_media\/_allgemein\/Logo-Footer-ACPS-Automotive.png","contentUrl":"https:\/\/www.acps-automotive.com\/wp-content\/uploads\/_media\/_allgemein\/Logo-Footer-ACPS-Automotive.png","width":239,"height":32,"caption":"ACPS Automotive GmbH"},"image":{"@id":"https:\/\/www.acps-automotive.com\/hu\/#\/schema\/logo\/image\/"},"sameAs":["https:\/\/x.com\/ACPS_Automotive","https:\/\/www.linkedin.com\/company\/acps-automotive-gmbh\/","https:\/\/www.instagram.com\/acps_ausbildung\/","https:\/\/www.youtube.com\/channel\/UC2jxrgWwpxpkay2aHWV5SaQ"]}]}},"_links":{"self":[{"href":"https:\/\/www.acps-automotive.com\/hu\/wp-json\/wp\/v2\/pages\/29177","targetHints":{"allow":["GET"]}}],"collection":[{"href":"https:\/\/www.acps-automotive.com\/hu\/wp-json\/wp\/v2\/pages"}],"about":[{"href":"https:\/\/www.acps-automotive.com\/hu\/wp-json\/wp\/v2\/types\/page"}],"author":[{"embeddable":true,"href":"https:\/\/www.acps-automotive.com\/hu\/wp-json\/wp\/v2\/users\/1"}],"replies":[{"embeddable":true,"href":"https:\/\/www.acps-automotive.com\/hu\/wp-json\/wp\/v2\/comments?post=29177"}],"version-history":[{"count":5,"href":"https:\/\/www.acps-automotive.com\/hu\/wp-json\/wp\/v2\/pages\/29177\/revisions"}],"predecessor-version":[{"id":29184,"href":"https:\/\/www.acps-automotive.com\/hu\/wp-json\/wp\/v2\/pages\/29177\/revisions\/29184"}],"up":[{"embeddable":true,"href":"https:\/\/www.acps-automotive.com\/hu\/wp-json\/wp\/v2\/pages\/27201"}],"wp:attachment":[{"href":"https:\/\/www.acps-automotive.com\/hu\/wp-json\/wp\/v2\/media?parent=29177"}],"curies":[{"name":"wp","href":"https:\/\/api.w.org\/{rel}","templated":true}]}}