{"id":29170,"date":"2026-03-10T09:56:38","date_gmt":"2026-03-10T08:56:38","guid":{"rendered":"https:\/\/www.acps-automotive.com\/?page_id=29170"},"modified":"2026-03-10T10:17:12","modified_gmt":"2026-03-10T09:17:12","slug":"uj-vezetoi-funkciok","status":"publish","type":"page","link":"https:\/\/www.acps-automotive.com\/hu\/vallalatok\/sajto\/uj-vezetoi-funkciok\/","title":{"rendered":"\u00daj vezet\u0151i poz\u00edci\u00f3k az ACPS Automotive-n\u00e1l"},"content":{"rendered":"<div class=\"vgblk-rw-wrapper limit-wrapper\">\n\n\t<h3><strong>2018.12.03.| <\/strong>\u00daj vezet\u0151i poz\u00edci\u00f3k az ACPS Automotive-n\u00e1l<\/h3>\n<p><strong>Gerhard B\u00f6hm vez\u00e9rigazgat\u00f3 \u00e9s eln\u00f6k teljes m\u00e9rt\u00e9kben \u00e1t\u00e1ll a tan\u00e1csad\u00f3 test\u00fcletbe &#8211; a k\u00f6z\u00e9pv\u00e1llalat operat\u00edv \u00fcgyeit Caspar Baumhauer vezeti.<\/strong><\/p>\n<p>A TowerBrook Capital Partners (TCP) \u00e1ltal felv\u00e1s\u00e1rolt ACPS Automotive csoport \u00faj strat\u00e9giai \u00e9s operat\u00edv vezet\u00e9st nevezett ki a v\u00e1llalat j\u00f6v\u0151beli n\u00f6veked\u00e9s\u00e9nek biztos\u00edt\u00e1sa \u00e9rdek\u00e9ben. Gerhard B\u00f6hm (61), aki 2018 m\u00e1jus\u00e1t\u00f3l november\u00e9ig \u00e1tmenetileg vezette az egyik vezet\u0151 eur\u00f3pai szem\u00e9lyg\u00e9pkocsi-p\u00f3tkocsi-gy\u00e1rt\u00f3 v\u00e1llalatot, \u00e9s ir\u00e1ny\u00edtotta az \u00e1tszervez\u00e9st, most teljes m\u00e9rt\u00e9kben \u00e1tl\u00e9p az ACPS Automotive Group tan\u00e1csad\u00f3 test\u00fclet\u00e9be, ahol a j\u00f6v\u0151ben a teljes v\u00e1llalat strat\u00e9giai ir\u00e1ny\u00edt\u00e1s\u00e1t fogja ell\u00e1tni. Caspar Baumhauer (56) veszi \u00e1t a csoport operat\u00edv vezet\u00e9s\u00e9t \u00faj vez\u00e9rigazgat\u00f3k\u00e9nt \u00e9s \u00fcgyvezet\u0151k\u00e9nt.<\/p>\n<p>\u201eNagyon \u00f6r\u00fcl\u00fcnk, hogy Caspar Baumhauert megnyert\u00fck \u00fcgyvezet\u0151k\u00e9nt. \u0150 egy nemzetk\u00f6zi szinten rendk\u00edv\u00fcl tapasztalt menedzser, aki m\u00e1r t\u00f6bbsz\u00f6r is bizony\u00edtotta vezet\u0151i k\u00e9pess\u00e9geit, \u00e9s elismert aut\u00f3ipari szak\u00e9rt\u0151. Hat\u00e9kony vezet\u0151i csapatot ir\u00e1ny\u00edt. Caspar Baumhauer ezzel a csapattal egy\u00fctt fogja el\u0151remozd\u00edtani az ACPS Automotive-ot, \u00e9s tov\u00e1bb fogja er\u0151s\u00edteni a v\u00e1llalat innov\u00e1ci\u00f3s \u00e9s technol\u00f3giai vezet\u0151 poz\u00edci\u00f3j\u00e1t&#8221; &#8211; mondta Gerhard B\u00f6hm, a tan\u00e1csad\u00f3 test\u00fclet eln\u00f6ke.<\/p>\n<p>Caspar Baumhauer t\u00f6bb mint 25 \u00e9ve dolgozik az aut\u00f3iparban, legut\u00f3bb a Plastic Omnium Automotive Exterior k\u00f6z\u00e9p-eur\u00f3pai \u00fczlet\u00e1g\u00e1nak \u00fcgyvezet\u0151 igazgat\u00f3jak\u00e9nt \u00e9s eln\u00f6kek\u00e9nt, ahol els\u0151sorban a Faurecia \u00e1ltal \u00e1tvett l\u00f6kh\u00e1r\u00edt\u00f3-tev\u00e9kenys\u00e9gek integr\u00e1ci\u00f3j\u00e1\u00e9rt volt felel\u0151s. Kor\u00e1bbi poz\u00edci\u00f3iban Caspar Baumhauer a W.E.T. Automotive Systems AG, a \u00fcl\u00e9sf\u0171t\u00e9s \u00e9s \u00fcl\u00e9sklimatiz\u00e1l\u00e1s vil\u00e1gszint\u0171 piacvezet\u0151j\u00e9nek vez\u00e9rigazgat\u00f3ja volt. Ezenk\u00edv\u00fcl a Faurecia \u00e9s a Sommer Allibert v\u00e1llalatokn\u00e1l vezet\u0151 poz\u00edci\u00f3ban volt felel\u0151s a n\u00e9met piac \u00fczleti tev\u00e9kenys\u00e9g\u00e9\u00e9rt, legut\u00f3bb a Faurecia Modules &amp; Systems igazgat\u00f3tan\u00e1cs\u00e1nak tagjak\u00e9nt. Caspar Baumhauer MBA diplom\u00e1t szerzett az INSEAD-on Fontainebleau-ban, Franciaorsz\u00e1gban.<\/p>\n<strong>A v\u00e1llalat<\/strong><br \/>\nAz ACPS Automotive piacvezet\u0151 a szem\u00e9lyg\u00e9pkocsik, SUV-k \u00e9s kisteheraut\u00f3k p\u00f3tkocsik\u00f6t\u0151 berendez\u00e9seinek ter\u00fclet\u00e9n. A v\u00e1llalat a technol\u00f3giai vezet\u0151 szerepet t\u00f6lti be, \u00e9s \u00faj\u00edt\u00e1sokkal k\u00edv\u00e1nja alak\u00edtani a piacokat. T\u00f6bb mint 140 szabadalom tan\u00faskodik a v\u00e1llalat kiemelked\u0151 innov\u00e1ci\u00f3s kult\u00far\u00e1j\u00e1r\u00f3l.<br \/>\nAz ACPS Automotive fejleszt\u0151k\u00e9nt \u00e9s gy\u00e1rt\u00f3k\u00e9nt a sz\u00e1ll\u00edt\u00e1si megold\u00e1sainak technol\u00f3gi\u00e1j\u00e1val m\u00e9rc\u00e9t \u00e1ll\u00edt fel sz\u00e9khely\u00e9n, Ingersheimben, valamint vil\u00e1gszerte t\u00edz telephely\u00e9n. Ez el\u0151ny\u00f6s \u00fcgyfeleink sz\u00e1m\u00e1ra &#8211; az els\u0151 felszerel\u00e9st gy\u00e1rt\u00f3 nemzetk\u00f6zi aut\u00f3ipar \u00e9s az ut\u00f3lagos felszerel\u00e9st gy\u00e1rt\u00f3 c\u00e9gek sz\u00e1m\u00e1ra.<br \/>\nAz ACPS Automotive k\u00f6r\u00fclbel\u00fcl 2000 alkalmazottat foglalkoztat, 1955-ben alap\u00edtott\u00e1k M\u00f6glingenben, Stuttgart k\u00f6zel\u00e9ben, \u00e9s ORIS m\u00e1rkan\u00e9v alatt v\u00e1lt ismertt\u00e9. Sz\u00e1mos \u00fajdons\u00e1g kifejleszt\u00e9s\u00e9vel v\u00e1llalatunk meghat\u00e1rozta a p\u00f3tkocsi-csatlakoz\u00f3k piac\u00e1t, \u00e9s azz\u00e1 tette, ami ma. M\u00e1r az 1970-es \u00e9vekben kifejlesztett\u00fck a vil\u00e1g els\u0151 leszerelhet\u0151 von\u00f3szerkezet\u00e9t, amely sz\u00e1mos el\u0151nnyel rendelkezett az addig kiz\u00e1r\u00f3lag r\u00f6gz\u00edtett v\u00e1ltozatokkal szemben. A 2000-es \u00e9vek elej\u00e9n a v\u00e1llalat \u00faj szabv\u00e1nyt teremtett az els\u0151 mechanikusan forgathat\u00f3 von\u00f3horoggal. 2010-ben \u00fajabb innov\u00e1ci\u00f3 k\u00f6vetkezett: az els\u0151 teljesen elektromosan forgathat\u00f3 von\u00f3horog a maxim\u00e1lis k\u00e9nyelem \u00e9s biztons\u00e1g \u00e9rdek\u00e9ben.\n\t<p><a href=\"https:\/\/www.acps-automotive.com\/wp-content\/uploads\/_media\/unternehmen\/presse\/PR_New_Management-Functions_Final_EN_20181119.pdf\" target=\"_blank\" rel=\"noopener\">Download [PDF]<\/a>\u00a0<a href=\"https:\/\/www.acps-automotive.com\/wp-content\/uploads\/_media\/unternehmen\/presse\/PR_New-Management-Functions_Final_EN_20181119.zip\" target=\"_blank\" rel=\"noopener\">Download [Zip]<\/a><\/p>\n\t<figure id=\"attachment_24636\" aria-describedby=\"caption-attachment-24636\" style=\"width: 300px\" class=\"wp-caption alignnone\"><a href=\"https:\/\/www.acps-automotive.com\/wp-content\/uploads\/_media\/unternehmen\/presse\/2018\/Caspar-Baumhauer.jpg\"><img loading=\"lazy\" decoding=\"async\" src=\"https:\/\/www.acps-automotive.com\/wp-content\/uploads\/_media\/unternehmen\/presse\/2018\/Caspar-Baumhauer-300x210.jpg\" alt=\"\" width=\"300\" height=\"210\" \/><\/a><figcaption id=\"caption-attachment-24636\" class=\"wp-caption-text\">Caspar Baumhauer<\/figcaption><\/figure>\n<p>&nbsp;<\/p>\n<figure id=\"attachment_24632\" aria-describedby=\"caption-attachment-24632\" style=\"width: 300px\" class=\"wp-caption alignnone\"><a href=\"https:\/\/www.acps-automotive.com\/wp-content\/uploads\/_media\/unternehmen\/presse\/2018\/Gerhard-Boehm.jpg\"><img loading=\"lazy\" decoding=\"async\" src=\"https:\/\/www.acps-automotive.com\/wp-content\/uploads\/_media\/unternehmen\/presse\/2018\/Gerhard-Boehm-300x210.jpg\" alt=\"\" width=\"300\" height=\"210\" \/><\/a><figcaption id=\"caption-attachment-24632\" class=\"wp-caption-text\">Gerhard B\u00f6hm<\/figcaption><\/figure>\n\t<h2><strong>Sajt\u00f3kapcsolat<\/strong><\/h2>\n<strong>ACPS Automotive GmbH<\/strong><br \/>\nDagmar Hinz |\u00a0Kommunik\u00e1ci\u00f3s \u00e9s marketing menedzser<br \/>\nBertha-Benz-Str. 2, 74379 Ingersheim, N\u00e9metorsz\u00e1g\nTel: +49 (0) 7142 9930-124<br \/>\nE-Mail: <a href=\"&#109;&#x61;&#x69;l&#116;&#x6f;&#x3a;d&#97;&#x67;m&#97;&#x72;&#x2e;h&#105;&#x6e;z&#64;&#x61;&#x63;p&#115;&#x2d;&#x61;&#117;&#x74;&#x6f;m&#111;&#x74;&#x69;v&#101;&#x2e;c&#111;&#x6d;\">da&#103;&#109;&#97;&#x72;&#x2e;&#x68;&#x69;nz&#64;&#97;&#99;&#x70;&#x73;&#x2d;&#x61;ut&#111;&#109;&#111;&#x74;&#x69;&#x76;&#x65;&#46;c&#111;&#109;<\/a>\n\t<p>\u2190 <a href=\"https:\/\/www.acps-automotive.com\/hu\/vallalatok\/sajto\/\">vissza az \u00e1ttekint\u00e9shez<\/a><\/p>\n\n<\/div><!-- .vgblk-rw-wrapper -->","protected":false},"excerpt":{"rendered":"<p>2018.12.03.| \u00daj vezet\u0151i poz\u00edci\u00f3k az ACPS Automotive-n\u00e1l Gerhard B\u00f6hm vez\u00e9rigazgat\u00f3 \u00e9s eln\u00f6k teljes m\u00e9rt\u00e9kben \u00e1t\u00e1ll a tan\u00e1csad\u00f3 test\u00fcletbe &#8211; a k\u00f6z\u00e9pv\u00e1llalat operat\u00edv \u00fcgyeit Caspar Baumhauer vezeti. A TowerBrook Capital Partners (TCP) \u00e1ltal felv\u00e1s\u00e1rolt ACPS Automotive csoport \u00faj strat\u00e9giai \u00e9s operat\u00edv vezet\u00e9st nevezett ki a v\u00e1llalat j\u00f6v\u0151beli n\u00f6veked\u00e9s\u00e9nek biztos\u00edt\u00e1sa \u00e9rdek\u00e9ben. Gerhard B\u00f6hm (61), aki 2018 m\u00e1jus\u00e1t\u00f3l&#8230;<\/p>\n","protected":false},"author":1,"featured_media":0,"parent":27201,"menu_order":1,"comment_status":"closed","ping_status":"closed","template":"","meta":{"inline_featured_image":false,"_price":"","_stock":"","_tribe_ticket_header":"","_tribe_default_ticket_provider":"","_tribe_ticket_capacity":"0","_ticket_start_date":"","_ticket_end_date":"","_tribe_ticket_show_description":"","_tribe_ticket_show_not_going":false,"_tribe_ticket_use_global_stock":"","_tribe_ticket_global_stock_level":"","_global_stock_mode":"","_global_stock_cap":"","_tribe_rsvp_for_event":"","_tribe_ticket_going_count":"","_tribe_ticket_not_going_count":"","_tribe_tickets_list":"[]","_tribe_ticket_has_attendee_info_fields":false,"footnotes":""},"class_list":["post-29170","page","type-page","status-publish","hentry"],"yoast_head":"<!-- This site is optimized with the Yoast SEO plugin v27.2 - https:\/\/yoast.com\/product\/yoast-seo-wordpress\/ -->\n<title>Sajt\u00f3 | ACPS Automotive<\/title>\n<meta name=\"description\" content=\"Itt tal\u00e1lja az ACPS Automotive legfrissebb sajt\u00f3k\u00f6zlem\u00e9nyeit. \u25baRengeteg hasznos inform\u00e1ci\u00f3 az \u00d6n sz\u00e1m\u00e1ra.\" \/>\n<meta name=\"robots\" content=\"index, follow, max-snippet:-1, max-image-preview:large, max-video-preview:-1\" \/>\n<link rel=\"canonical\" href=\"https:\/\/www.acps-automotive.com\/hu\/vallalatok\/sajto\/uj-vezetoi-funkciok\/\" \/>\n<meta property=\"og:locale\" content=\"hu_HU\" \/>\n<meta property=\"og:type\" content=\"article\" \/>\n<meta property=\"og:title\" content=\"Sajt\u00f3 | ACPS Automotive\" \/>\n<meta property=\"og:description\" content=\"Itt tal\u00e1lja az ACPS Automotive legfrissebb sajt\u00f3k\u00f6zlem\u00e9nyeit. \u25baRengeteg hasznos inform\u00e1ci\u00f3 az \u00d6n sz\u00e1m\u00e1ra.\" \/>\n<meta property=\"og:url\" content=\"https:\/\/www.acps-automotive.com\/hu\/vallalatok\/sajto\/uj-vezetoi-funkciok\/\" \/>\n<meta property=\"og:site_name\" content=\"ACPS Automotive GmbH\" \/>\n<meta property=\"article:modified_time\" content=\"2026-03-10T09:17:12+00:00\" \/>\n<meta property=\"og:image\" content=\"https:\/\/www.acps-automotive.com\/wp-content\/uploads\/_media\/unternehmen\/presse\/2018\/Caspar-Baumhauer-300x210.jpg\" \/>\n<meta name=\"twitter:card\" content=\"summary_large_image\" \/>\n<meta name=\"twitter:site\" content=\"@ACPS_Automotive\" \/>\n<meta name=\"twitter:label1\" content=\"Becs\u00fclt olvas\u00e1si id\u0151\" \/>\n\t<meta name=\"twitter:data1\" content=\"3 perc\" \/>\n<script type=\"application\/ld+json\" class=\"yoast-schema-graph\">{\"@context\":\"https:\/\/schema.org\",\"@graph\":[{\"@type\":\"WebPage\",\"@id\":\"https:\/\/www.acps-automotive.com\/hu\/vallalatok\/sajto\/uj-vezetoi-funkciok\/\",\"url\":\"https:\/\/www.acps-automotive.com\/hu\/vallalatok\/sajto\/uj-vezetoi-funkciok\/\",\"name\":\"Sajt\u00f3 | ACPS Automotive\",\"isPartOf\":{\"@id\":\"https:\/\/www.acps-automotive.com\/hu\/#website\"},\"primaryImageOfPage\":{\"@id\":\"https:\/\/www.acps-automotive.com\/hu\/vallalatok\/sajto\/uj-vezetoi-funkciok\/#primaryimage\"},\"image\":{\"@id\":\"https:\/\/www.acps-automotive.com\/hu\/vallalatok\/sajto\/uj-vezetoi-funkciok\/#primaryimage\"},\"thumbnailUrl\":\"https:\/\/www.acps-automotive.com\/wp-content\/uploads\/_media\/unternehmen\/presse\/2018\/Caspar-Baumhauer-300x210.jpg\",\"datePublished\":\"2026-03-10T08:56:38+00:00\",\"dateModified\":\"2026-03-10T09:17:12+00:00\",\"description\":\"Itt tal\u00e1lja az ACPS Automotive legfrissebb sajt\u00f3k\u00f6zlem\u00e9nyeit. \u25baRengeteg hasznos inform\u00e1ci\u00f3 az \u00d6n sz\u00e1m\u00e1ra.\",\"breadcrumb\":{\"@id\":\"https:\/\/www.acps-automotive.com\/hu\/vallalatok\/sajto\/uj-vezetoi-funkciok\/#breadcrumb\"},\"inLanguage\":\"hu\",\"potentialAction\":[{\"@type\":\"ReadAction\",\"target\":[\"https:\/\/www.acps-automotive.com\/hu\/vallalatok\/sajto\/uj-vezetoi-funkciok\/\"]}]},{\"@type\":\"ImageObject\",\"inLanguage\":\"hu\",\"@id\":\"https:\/\/www.acps-automotive.com\/hu\/vallalatok\/sajto\/uj-vezetoi-funkciok\/#primaryimage\",\"url\":\"https:\/\/www.acps-automotive.com\/wp-content\/uploads\/_media\/unternehmen\/presse\/2018\/Caspar-Baumhauer-300x210.jpg\",\"contentUrl\":\"https:\/\/www.acps-automotive.com\/wp-content\/uploads\/_media\/unternehmen\/presse\/2018\/Caspar-Baumhauer-300x210.jpg\"},{\"@type\":\"BreadcrumbList\",\"@id\":\"https:\/\/www.acps-automotive.com\/hu\/vallalatok\/sajto\/uj-vezetoi-funkciok\/#breadcrumb\",\"itemListElement\":[{\"@type\":\"ListItem\",\"position\":1,\"name\":\"Startseite\",\"item\":\"https:\/\/www.acps-automotive.com\/hu\/\"},{\"@type\":\"ListItem\",\"position\":2,\"name\":\"V\u00e1llalatok\",\"item\":\"https:\/\/www.acps-automotive.com\/hu\/vallalatok\/\"},{\"@type\":\"ListItem\",\"position\":3,\"name\":\"Sajt\u00f3\",\"item\":\"https:\/\/www.acps-automotive.com\/hu\/vallalatok\/sajto\/\"},{\"@type\":\"ListItem\",\"position\":4,\"name\":\"\u00daj vezet\u0151i poz\u00edci\u00f3k az ACPS Automotive-n\u00e1l\"}]},{\"@type\":\"WebSite\",\"@id\":\"https:\/\/www.acps-automotive.com\/hu\/#website\",\"url\":\"https:\/\/www.acps-automotive.com\/hu\/\",\"name\":\"ACPS Automotive GmbH\",\"description\":\"Innovative Anh\u00e4ngekupplungen\",\"publisher\":{\"@id\":\"https:\/\/www.acps-automotive.com\/hu\/#organization\"},\"potentialAction\":[{\"@type\":\"SearchAction\",\"target\":{\"@type\":\"EntryPoint\",\"urlTemplate\":\"https:\/\/www.acps-automotive.com\/hu\/?s={search_term_string}\"},\"query-input\":{\"@type\":\"PropertyValueSpecification\",\"valueRequired\":true,\"valueName\":\"search_term_string\"}}],\"inLanguage\":\"hu\"},{\"@type\":\"Organization\",\"@id\":\"https:\/\/www.acps-automotive.com\/hu\/#organization\",\"name\":\"ACPS Automotive GmbH\",\"url\":\"https:\/\/www.acps-automotive.com\/hu\/\",\"logo\":{\"@type\":\"ImageObject\",\"inLanguage\":\"hu\",\"@id\":\"https:\/\/www.acps-automotive.com\/hu\/#\/schema\/logo\/image\/\",\"url\":\"https:\/\/www.acps-automotive.com\/wp-content\/uploads\/_media\/_allgemein\/Logo-Footer-ACPS-Automotive.png\",\"contentUrl\":\"https:\/\/www.acps-automotive.com\/wp-content\/uploads\/_media\/_allgemein\/Logo-Footer-ACPS-Automotive.png\",\"width\":239,\"height\":32,\"caption\":\"ACPS Automotive GmbH\"},\"image\":{\"@id\":\"https:\/\/www.acps-automotive.com\/hu\/#\/schema\/logo\/image\/\"},\"sameAs\":[\"https:\/\/x.com\/ACPS_Automotive\",\"https:\/\/www.linkedin.com\/company\/acps-automotive-gmbh\/\",\"https:\/\/www.instagram.com\/acps_ausbildung\/\",\"https:\/\/www.youtube.com\/channel\/UC2jxrgWwpxpkay2aHWV5SaQ\"]}]}<\/script>\n<!-- \/ Yoast SEO plugin. -->","yoast_head_json":{"title":"Sajt\u00f3 | ACPS Automotive","description":"Itt tal\u00e1lja az ACPS Automotive legfrissebb sajt\u00f3k\u00f6zlem\u00e9nyeit. \u25baRengeteg hasznos inform\u00e1ci\u00f3 az \u00d6n sz\u00e1m\u00e1ra.","robots":{"index":"index","follow":"follow","max-snippet":"max-snippet:-1","max-image-preview":"max-image-preview:large","max-video-preview":"max-video-preview:-1"},"canonical":"https:\/\/www.acps-automotive.com\/hu\/vallalatok\/sajto\/uj-vezetoi-funkciok\/","og_locale":"hu_HU","og_type":"article","og_title":"Sajt\u00f3 | ACPS Automotive","og_description":"Itt tal\u00e1lja az ACPS Automotive legfrissebb sajt\u00f3k\u00f6zlem\u00e9nyeit. \u25baRengeteg hasznos inform\u00e1ci\u00f3 az \u00d6n sz\u00e1m\u00e1ra.","og_url":"https:\/\/www.acps-automotive.com\/hu\/vallalatok\/sajto\/uj-vezetoi-funkciok\/","og_site_name":"ACPS Automotive GmbH","article_modified_time":"2026-03-10T09:17:12+00:00","og_image":[{"url":"https:\/\/www.acps-automotive.com\/wp-content\/uploads\/_media\/unternehmen\/presse\/2018\/Caspar-Baumhauer-300x210.jpg","type":"","width":"","height":""}],"twitter_card":"summary_large_image","twitter_site":"@ACPS_Automotive","twitter_misc":{"Becs\u00fclt olvas\u00e1si id\u0151":"3 perc"},"schema":{"@context":"https:\/\/schema.org","@graph":[{"@type":"WebPage","@id":"https:\/\/www.acps-automotive.com\/hu\/vallalatok\/sajto\/uj-vezetoi-funkciok\/","url":"https:\/\/www.acps-automotive.com\/hu\/vallalatok\/sajto\/uj-vezetoi-funkciok\/","name":"Sajt\u00f3 | ACPS Automotive","isPartOf":{"@id":"https:\/\/www.acps-automotive.com\/hu\/#website"},"primaryImageOfPage":{"@id":"https:\/\/www.acps-automotive.com\/hu\/vallalatok\/sajto\/uj-vezetoi-funkciok\/#primaryimage"},"image":{"@id":"https:\/\/www.acps-automotive.com\/hu\/vallalatok\/sajto\/uj-vezetoi-funkciok\/#primaryimage"},"thumbnailUrl":"https:\/\/www.acps-automotive.com\/wp-content\/uploads\/_media\/unternehmen\/presse\/2018\/Caspar-Baumhauer-300x210.jpg","datePublished":"2026-03-10T08:56:38+00:00","dateModified":"2026-03-10T09:17:12+00:00","description":"Itt tal\u00e1lja az ACPS Automotive legfrissebb sajt\u00f3k\u00f6zlem\u00e9nyeit. \u25baRengeteg hasznos inform\u00e1ci\u00f3 az \u00d6n sz\u00e1m\u00e1ra.","breadcrumb":{"@id":"https:\/\/www.acps-automotive.com\/hu\/vallalatok\/sajto\/uj-vezetoi-funkciok\/#breadcrumb"},"inLanguage":"hu","potentialAction":[{"@type":"ReadAction","target":["https:\/\/www.acps-automotive.com\/hu\/vallalatok\/sajto\/uj-vezetoi-funkciok\/"]}]},{"@type":"ImageObject","inLanguage":"hu","@id":"https:\/\/www.acps-automotive.com\/hu\/vallalatok\/sajto\/uj-vezetoi-funkciok\/#primaryimage","url":"https:\/\/www.acps-automotive.com\/wp-content\/uploads\/_media\/unternehmen\/presse\/2018\/Caspar-Baumhauer-300x210.jpg","contentUrl":"https:\/\/www.acps-automotive.com\/wp-content\/uploads\/_media\/unternehmen\/presse\/2018\/Caspar-Baumhauer-300x210.jpg"},{"@type":"BreadcrumbList","@id":"https:\/\/www.acps-automotive.com\/hu\/vallalatok\/sajto\/uj-vezetoi-funkciok\/#breadcrumb","itemListElement":[{"@type":"ListItem","position":1,"name":"Startseite","item":"https:\/\/www.acps-automotive.com\/hu\/"},{"@type":"ListItem","position":2,"name":"V\u00e1llalatok","item":"https:\/\/www.acps-automotive.com\/hu\/vallalatok\/"},{"@type":"ListItem","position":3,"name":"Sajt\u00f3","item":"https:\/\/www.acps-automotive.com\/hu\/vallalatok\/sajto\/"},{"@type":"ListItem","position":4,"name":"\u00daj vezet\u0151i poz\u00edci\u00f3k az ACPS Automotive-n\u00e1l"}]},{"@type":"WebSite","@id":"https:\/\/www.acps-automotive.com\/hu\/#website","url":"https:\/\/www.acps-automotive.com\/hu\/","name":"ACPS Automotive GmbH","description":"Innovative Anh\u00e4ngekupplungen","publisher":{"@id":"https:\/\/www.acps-automotive.com\/hu\/#organization"},"potentialAction":[{"@type":"SearchAction","target":{"@type":"EntryPoint","urlTemplate":"https:\/\/www.acps-automotive.com\/hu\/?s={search_term_string}"},"query-input":{"@type":"PropertyValueSpecification","valueRequired":true,"valueName":"search_term_string"}}],"inLanguage":"hu"},{"@type":"Organization","@id":"https:\/\/www.acps-automotive.com\/hu\/#organization","name":"ACPS Automotive GmbH","url":"https:\/\/www.acps-automotive.com\/hu\/","logo":{"@type":"ImageObject","inLanguage":"hu","@id":"https:\/\/www.acps-automotive.com\/hu\/#\/schema\/logo\/image\/","url":"https:\/\/www.acps-automotive.com\/wp-content\/uploads\/_media\/_allgemein\/Logo-Footer-ACPS-Automotive.png","contentUrl":"https:\/\/www.acps-automotive.com\/wp-content\/uploads\/_media\/_allgemein\/Logo-Footer-ACPS-Automotive.png","width":239,"height":32,"caption":"ACPS Automotive GmbH"},"image":{"@id":"https:\/\/www.acps-automotive.com\/hu\/#\/schema\/logo\/image\/"},"sameAs":["https:\/\/x.com\/ACPS_Automotive","https:\/\/www.linkedin.com\/company\/acps-automotive-gmbh\/","https:\/\/www.instagram.com\/acps_ausbildung\/","https:\/\/www.youtube.com\/channel\/UC2jxrgWwpxpkay2aHWV5SaQ"]}]}},"_links":{"self":[{"href":"https:\/\/www.acps-automotive.com\/hu\/wp-json\/wp\/v2\/pages\/29170","targetHints":{"allow":["GET"]}}],"collection":[{"href":"https:\/\/www.acps-automotive.com\/hu\/wp-json\/wp\/v2\/pages"}],"about":[{"href":"https:\/\/www.acps-automotive.com\/hu\/wp-json\/wp\/v2\/types\/page"}],"author":[{"embeddable":true,"href":"https:\/\/www.acps-automotive.com\/hu\/wp-json\/wp\/v2\/users\/1"}],"replies":[{"embeddable":true,"href":"https:\/\/www.acps-automotive.com\/hu\/wp-json\/wp\/v2\/comments?post=29170"}],"version-history":[{"count":4,"href":"https:\/\/www.acps-automotive.com\/hu\/wp-json\/wp\/v2\/pages\/29170\/revisions"}],"predecessor-version":[{"id":29185,"href":"https:\/\/www.acps-automotive.com\/hu\/wp-json\/wp\/v2\/pages\/29170\/revisions\/29185"}],"up":[{"embeddable":true,"href":"https:\/\/www.acps-automotive.com\/hu\/wp-json\/wp\/v2\/pages\/27201"}],"wp:attachment":[{"href":"https:\/\/www.acps-automotive.com\/hu\/wp-json\/wp\/v2\/media?parent=29170"}],"curies":[{"name":"wp","href":"https:\/\/api.w.org\/{rel}","templated":true}]}}