{"id":29163,"date":"2026-03-10T09:44:26","date_gmt":"2026-03-10T08:44:26","guid":{"rendered":"https:\/\/www.acps-automotive.com\/?page_id=29163"},"modified":"2026-03-10T09:50:59","modified_gmt":"2026-03-10T08:50:59","slug":"uj-markastrategia","status":"publish","type":"page","link":"https:\/\/www.acps-automotive.com\/hu\/vallalatok\/sajto\/uj-markastrategia\/","title":{"rendered":"Az ACPS Automotive sikeres tulajdonosv\u00e1lt\u00e1s ut\u00e1n \u00faj m\u00e1rkastrat\u00e9gi\u00e1val \u00e9s er\u0151teljesebb nemzetk\u00f6zi orient\u00e1ci\u00f3val"},"content":{"rendered":"<div class=\"vgblk-rw-wrapper limit-wrapper\">\n\n\t<h3><strong>2018. m\u00e1jus 2.<\/strong> | Az ACPS Automotive sikeres tulajdonosv\u00e1lt\u00e1s ut\u00e1n \u00faj m\u00e1rkastrat\u00e9gi\u00e1val \u00e9s er\u0151teljesebb nemzetk\u00f6zi orient\u00e1ci\u00f3val<\/h3>\n<p><strong>Az ACPS Automotive (kor\u00e1bban Bosal Automotive Carrier and Protection Systems GmbH) a TowerBrook Capital Partners L.P. (TowerBrook) sikeres befektet\u00e9se ut\u00e1n a j\u00f6v\u0151ben nemzetk\u00f6zi orient\u00e1ci\u00f3j\u00fav\u00e1 v\u00e1lik, \u00e9s er\u0151s\u00edti a v\u00e1llalat jelenl\u00e9t\u00e9t a fontos n\u00f6veked\u00e9si piacokon.<\/strong><\/p>\n<p>A n\u00e9vv\u00e1ltoztat\u00e1s keret\u00e9ben a v\u00e1llalat bevezeti az \u00faj Oris_acps term\u00e9km\u00e1rk\u00e1t, amely alatt a j\u00f6v\u0151ben az aut\u00f3gy\u00e1rt\u00f3knak sz\u00e1nt eredeti berendez\u00e9sek \u00e9s a f\u00fcggetlen ut\u00e1ngy\u00e1rtott alkatr\u00e9szek \u00fczlet\u00e1g\u00e1t fogj\u00e1k \u00f6ssze. Ez al\u00e1h\u00fazza az ACPS Automotive elk\u00f6telezetts\u00e9g\u00e9t a j\u00f3l ismert ORIS m\u00e1rka \u00e9s a v\u00e1llalat stuttgarti gy\u00f6kerei ir\u00e1nt.<\/p>\n<p>Gerhard B\u00f6hm, a hagyom\u00e1nyos v\u00e1llalat \u00faj \u00fcgyvezet\u0151je: \u201eAz ACPS Automotive a technol\u00f3giai vezet\u0151 szerepet, az er\u0151s innov\u00e1ci\u00f3s kult\u00far\u00e1t \u00e9s a magas term\u00e9kmin\u0151s\u00e9get k\u00e9pviseli, amelyet a vil\u00e1gszerte m\u0171k\u00f6d\u0151 \u00fcgyfelek \u00e9vtizedek \u00f3ta nagyra \u00e9rt\u00e9kelnek. Nagyon \u00f6r\u00fcl\u00f6k, hogy a TowerBrook-kal egy\u00fctt folytathatom ezt a munk\u00e1t, \u00e9s a j\u00f6v\u0151ben tov\u00e1bb b\u0151v\u00edthetem az ACPS Automotive nemzetk\u00f6zi jelenl\u00e9t\u00e9t.&#8221;<\/p>\n<p>Ramez Sousou, a TowerBrook t\u00e1rsalap\u00edt\u00f3ja \u00e9s t\u00e1r-vez\u00e9rigazgat\u00f3ja hozz\u00e1teszi: \u201eNagyon \u00f6r\u00fcl\u00fcnk a Gerhard B\u00f6hmmal \u00e9s csapat\u00e1val val\u00f3 hossz\u00fa t\u00e1v\u00fa egy\u00fcttm\u0171k\u00f6d\u00e9snek. Transzatlanti h\u00e1l\u00f3zatunk \u00e9s az aut\u00f3iparban ki\u00e9p\u00edtett hossz\u00fa t\u00e1v\u00fa kapcsolataink optim\u00e1lisan kieg\u00e9sz\u00edtik az ACPS Automotive sok\u00e9ves szak\u00e9rtelm\u00e9t, hogy tov\u00e1bbi n\u00f6veked\u00e9si potenci\u00e1lt &#8211; els\u0151sorban \u00c9szak-Amerik\u00e1ban &#8211; tudjunk tart\u00f3san kiakn\u00e1zni.&#8221;<\/p>\n<p>2017-ben a v\u00e1llalat mintegy 2000 alkalmazottal k\u00f6r\u00fclbel\u00fcl 250 milli\u00f3 eur\u00f3 bev\u00e9telt \u00e9rt el. Az ACPS Automotive tov\u00e1bbra is glob\u00e1lis szinten fog m\u0171k\u00f6dni, fejleszt\u00e9si \u00e9s gy\u00e1rt\u00e1si telephelyekkel Eur\u00f3p\u00e1ban \u00e9s \u00c9szak-Amerik\u00e1ban. A sz\u00e9khely \u00e9s a fejleszt\u00e9si k\u00f6zpont tov\u00e1bbra is Ingersheimben, N\u00e9metorsz\u00e1gban marad.<\/p>\n<p>A Bosal Csoport 2018. janu\u00e1r 5-\u00e9n jelentette be, hogy meg\u00e1llapod\u00e1st \u00edrt al\u00e1 a TowerBrook Capital Partners-szel a Bosal ACPS-be t\u00f6rt\u00e9n\u0151 befektet\u00e9sr\u0151l. Az \u00f6sszes illet\u00e9kes ellen\u0151rz\u0151 hat\u00f3s\u00e1g j\u00f3v\u00e1hagy\u00e1s\u00e1t k\u00f6vet\u0151en a tranzakci\u00f3 most sikeresen lez\u00e1rult. Ennek eredm\u00e9nyek\u00e9nt a Bosal ACPS hamarosan ACPS Automotive n\u00e9vre v\u00e1ltozik.<\/p>\n<strong>A v\u00e1llalat<\/strong><br \/>\nAz ACPS Automotive piacvezet\u0151 a szem\u00e9lyg\u00e9pkocsik, SUV-k \u00e9s kisteheraut\u00f3k p\u00f3tkocsik\u00f6t\u0151 berendez\u00e9seinek ter\u00fclet\u00e9n. A v\u00e1llalat a technol\u00f3giai vezet\u0151 szerepet t\u00f6lti be, \u00e9s \u00faj\u00edt\u00e1sokkal k\u00edv\u00e1nja alak\u00edtani a piacokat. T\u00f6bb mint 140 szabadalom tan\u00faskodik a kiemelked\u0151 innov\u00e1ci\u00f3s kult\u00far\u00e1r\u00f3l.<br \/>\nAz ACPS Automotive fejleszt\u0151k\u00e9nt \u00e9s gy\u00e1rt\u00f3k\u00e9nt a sz\u00e1ll\u00edt\u00e1si megold\u00e1sainak technol\u00f3gi\u00e1j\u00e1val m\u00e9rc\u00e9t \u00e1ll\u00edt fel sz\u00e9khely\u00e9n, Ingersheimben, valamint vil\u00e1gszerte t\u00edz telephely\u00e9n. Ez el\u0151ny\u00f6s \u00fcgyfeleink sz\u00e1m\u00e1ra &#8211; az els\u0151 felszerel\u00e9st gy\u00e1rt\u00f3 nemzetk\u00f6zi aut\u00f3ipar \u00e9s az ut\u00f3lagos felszerel\u00e9st gy\u00e1rt\u00f3 c\u00e9gek sz\u00e1m\u00e1ra.<br \/>\nAz ACPS Automotive k\u00f6r\u00fclbel\u00fcl 2000 alkalmazottat foglalkoztat, 1955-ben alap\u00edtott\u00e1k M\u00f6glingenben, Stuttgart k\u00f6zel\u00e9ben, \u00e9s ORIS m\u00e1rkan\u00e9v alatt v\u00e1lt ismertt\u00e9. Sz\u00e1mos \u00fajdons\u00e1g kifejleszt\u00e9s\u00e9vel v\u00e1llalatunk meghat\u00e1rozta a p\u00f3tkocsi-csatlakoz\u00f3k piac\u00e1t, \u00e9s azz\u00e1 tette, ami ma. M\u00e1r az 1970-es \u00e9vekben kifejlesztett\u00fck a vil\u00e1g els\u0151 leszerelhet\u0151 von\u00f3szerkezet\u00e9t, amely sz\u00e1mos el\u0151nnyel rendelkezett az addig kiz\u00e1r\u00f3lag r\u00f6gz\u00edtett v\u00e1ltozatokkal szemben. A 2000-es \u00e9vek elej\u00e9n a v\u00e1llalat \u00faj szabv\u00e1nyt teremtett az els\u0151 mechanikusan forgathat\u00f3 von\u00f3horoggal. 2010-ben \u00fajabb innov\u00e1ci\u00f3 k\u00f6vetkezett: az els\u0151 teljesen elektromosan forgathat\u00f3 von\u00f3horog a maxim\u00e1lis k\u00e9nyelem \u00e9s biztons\u00e1g \u00e9rdek\u00e9ben.\n<p><a href=\"https:\/\/www.acps-automotive.com\/wp-content\/uploads\/_media\/unternehmen\/presse\/PR_Closing_EN_20180502.pdf\" target=\"_blank\" rel=\"noopener\">Download [PDF]<\/a>\u00a0<a href=\"https:\/\/www.acps-automotive.com\/wp-content\/uploads\/_media\/unternehmen\/presse\/PR_Closing_EN_20180502.zip\" target=\"_blank\" rel=\"noopener\">Download [Zip]<\/a><\/p>\n\t<h2><strong>Sajt\u00f3kapcsolat<br \/>\n<\/strong><\/h2>\n<strong>ACPS Automotive GmbH<\/strong><br \/>\nDagmar Hinz |\u00a0Kommunik\u00e1ci\u00f3s \u00e9s marketing menedzser<br \/>\nBertha-Benz-Str. 2, 74379 Ingersheim, N\u00e9metorsz\u00e1g\nTel: +49 (0) 7142 9930-124<br \/>\nE-Mail: <a href=\"m&#97;&#x69;&#x6c;t&#111;&#x3a;&#x64;a&#103;&#109;&#x61;&#x72;&#46;&#104;&#x69;&#x6e;z&#64;&#x61;&#x63;p&#115;&#45;&#x61;&#x75;t&#111;&#x6d;&#x6f;t&#105;&#x76;&#x65;&#46;&#99;&#111;&#x6d;\">&#x64;a&#x67;&#109;a&#x72;&#46;&#x68;&#x69;n&#x7a;&#64;a&#x63;&#112;&#x73;&#45;a&#x75;&#116;o&#x6d;&#111;&#x74;&#105;v&#x65;&#46;&#x63;&#x6f;m<\/a>\n\t<p><a href=\"https:\/\/www.acps-automotive.com\/hu\/vallalatok\/sajto\/\">\u2190 vissza az \u00e1ttekint\u00e9shez<\/a><\/p>\n\n<\/div><!-- .vgblk-rw-wrapper -->","protected":false},"excerpt":{"rendered":"<p>2018. m\u00e1jus 2. | Az ACPS Automotive sikeres tulajdonosv\u00e1lt\u00e1s ut\u00e1n \u00faj m\u00e1rkastrat\u00e9gi\u00e1val \u00e9s er\u0151teljesebb nemzetk\u00f6zi orient\u00e1ci\u00f3val Az ACPS Automotive (kor\u00e1bban Bosal Automotive Carrier and Protection Systems GmbH) a TowerBrook Capital Partners L.P. (TowerBrook) sikeres befektet\u00e9se ut\u00e1n a j\u00f6v\u0151ben nemzetk\u00f6zi orient\u00e1ci\u00f3j\u00fav\u00e1 v\u00e1lik, \u00e9s er\u0151s\u00edti a v\u00e1llalat jelenl\u00e9t\u00e9t a fontos n\u00f6veked\u00e9si piacokon. A n\u00e9vv\u00e1ltoztat\u00e1s keret\u00e9ben a v\u00e1llalat&#8230;<\/p>\n","protected":false},"author":1,"featured_media":0,"parent":27201,"menu_order":1,"comment_status":"closed","ping_status":"closed","template":"","meta":{"inline_featured_image":false,"_price":"","_stock":"","_tribe_ticket_header":"","_tribe_default_ticket_provider":"","_tribe_ticket_capacity":"0","_ticket_start_date":"","_ticket_end_date":"","_tribe_ticket_show_description":"","_tribe_ticket_show_not_going":false,"_tribe_ticket_use_global_stock":"","_tribe_ticket_global_stock_level":"","_global_stock_mode":"","_global_stock_cap":"","_tribe_rsvp_for_event":"","_tribe_ticket_going_count":"","_tribe_ticket_not_going_count":"","_tribe_tickets_list":"[]","_tribe_ticket_has_attendee_info_fields":false,"footnotes":""},"class_list":["post-29163","page","type-page","status-publish","hentry"],"yoast_head":"<!-- This site is optimized with the Yoast SEO plugin v27.2 - https:\/\/yoast.com\/product\/yoast-seo-wordpress\/ -->\n<title>Sajt\u00f3 | ACPS Automotive<\/title>\n<meta name=\"description\" content=\"Itt tal\u00e1lja az ACPS Automotive legfrissebb sajt\u00f3k\u00f6zlem\u00e9nyeit. \u25baRengeteg hasznos inform\u00e1ci\u00f3 az \u00d6n sz\u00e1m\u00e1ra.\" \/>\n<meta name=\"robots\" content=\"index, follow, max-snippet:-1, max-image-preview:large, max-video-preview:-1\" \/>\n<link rel=\"canonical\" href=\"https:\/\/www.acps-automotive.com\/hu\/vallalatok\/sajto\/uj-markastrategia\/\" \/>\n<meta property=\"og:locale\" content=\"hu_HU\" \/>\n<meta property=\"og:type\" content=\"article\" \/>\n<meta property=\"og:title\" content=\"Sajt\u00f3 | ACPS Automotive\" \/>\n<meta property=\"og:description\" content=\"Itt tal\u00e1lja az ACPS Automotive legfrissebb sajt\u00f3k\u00f6zlem\u00e9nyeit. \u25baRengeteg hasznos inform\u00e1ci\u00f3 az \u00d6n sz\u00e1m\u00e1ra.\" \/>\n<meta property=\"og:url\" content=\"https:\/\/www.acps-automotive.com\/hu\/vallalatok\/sajto\/uj-markastrategia\/\" \/>\n<meta property=\"og:site_name\" content=\"ACPS Automotive GmbH\" \/>\n<meta property=\"article:modified_time\" content=\"2026-03-10T08:50:59+00:00\" \/>\n<meta name=\"twitter:card\" content=\"summary_large_image\" \/>\n<meta name=\"twitter:site\" content=\"@ACPS_Automotive\" \/>\n<meta name=\"twitter:label1\" content=\"Becs\u00fclt olvas\u00e1si id\u0151\" \/>\n\t<meta name=\"twitter:data1\" content=\"3 perc\" \/>\n<script type=\"application\/ld+json\" class=\"yoast-schema-graph\">{\"@context\":\"https:\/\/schema.org\",\"@graph\":[{\"@type\":\"WebPage\",\"@id\":\"https:\/\/www.acps-automotive.com\/hu\/vallalatok\/sajto\/uj-markastrategia\/\",\"url\":\"https:\/\/www.acps-automotive.com\/hu\/vallalatok\/sajto\/uj-markastrategia\/\",\"name\":\"Sajt\u00f3 | ACPS Automotive\",\"isPartOf\":{\"@id\":\"https:\/\/www.acps-automotive.com\/hu\/#website\"},\"datePublished\":\"2026-03-10T08:44:26+00:00\",\"dateModified\":\"2026-03-10T08:50:59+00:00\",\"description\":\"Itt tal\u00e1lja az ACPS Automotive legfrissebb sajt\u00f3k\u00f6zlem\u00e9nyeit. \u25baRengeteg hasznos inform\u00e1ci\u00f3 az \u00d6n sz\u00e1m\u00e1ra.\",\"breadcrumb\":{\"@id\":\"https:\/\/www.acps-automotive.com\/hu\/vallalatok\/sajto\/uj-markastrategia\/#breadcrumb\"},\"inLanguage\":\"hu\",\"potentialAction\":[{\"@type\":\"ReadAction\",\"target\":[\"https:\/\/www.acps-automotive.com\/hu\/vallalatok\/sajto\/uj-markastrategia\/\"]}]},{\"@type\":\"BreadcrumbList\",\"@id\":\"https:\/\/www.acps-automotive.com\/hu\/vallalatok\/sajto\/uj-markastrategia\/#breadcrumb\",\"itemListElement\":[{\"@type\":\"ListItem\",\"position\":1,\"name\":\"Startseite\",\"item\":\"https:\/\/www.acps-automotive.com\/hu\/\"},{\"@type\":\"ListItem\",\"position\":2,\"name\":\"V\u00e1llalatok\",\"item\":\"https:\/\/www.acps-automotive.com\/hu\/vallalatok\/\"},{\"@type\":\"ListItem\",\"position\":3,\"name\":\"Sajt\u00f3\",\"item\":\"https:\/\/www.acps-automotive.com\/hu\/vallalatok\/sajto\/\"},{\"@type\":\"ListItem\",\"position\":4,\"name\":\"Az ACPS Automotive sikeres tulajdonosv\u00e1lt\u00e1s ut\u00e1n \u00faj m\u00e1rkastrat\u00e9gi\u00e1val \u00e9s er\u0151teljesebb nemzetk\u00f6zi orient\u00e1ci\u00f3val\"}]},{\"@type\":\"WebSite\",\"@id\":\"https:\/\/www.acps-automotive.com\/hu\/#website\",\"url\":\"https:\/\/www.acps-automotive.com\/hu\/\",\"name\":\"ACPS Automotive GmbH\",\"description\":\"Innovative Anh\u00e4ngekupplungen\",\"publisher\":{\"@id\":\"https:\/\/www.acps-automotive.com\/hu\/#organization\"},\"potentialAction\":[{\"@type\":\"SearchAction\",\"target\":{\"@type\":\"EntryPoint\",\"urlTemplate\":\"https:\/\/www.acps-automotive.com\/hu\/?s={search_term_string}\"},\"query-input\":{\"@type\":\"PropertyValueSpecification\",\"valueRequired\":true,\"valueName\":\"search_term_string\"}}],\"inLanguage\":\"hu\"},{\"@type\":\"Organization\",\"@id\":\"https:\/\/www.acps-automotive.com\/hu\/#organization\",\"name\":\"ACPS Automotive GmbH\",\"url\":\"https:\/\/www.acps-automotive.com\/hu\/\",\"logo\":{\"@type\":\"ImageObject\",\"inLanguage\":\"hu\",\"@id\":\"https:\/\/www.acps-automotive.com\/hu\/#\/schema\/logo\/image\/\",\"url\":\"https:\/\/www.acps-automotive.com\/wp-content\/uploads\/_media\/_allgemein\/Logo-Footer-ACPS-Automotive.png\",\"contentUrl\":\"https:\/\/www.acps-automotive.com\/wp-content\/uploads\/_media\/_allgemein\/Logo-Footer-ACPS-Automotive.png\",\"width\":239,\"height\":32,\"caption\":\"ACPS Automotive GmbH\"},\"image\":{\"@id\":\"https:\/\/www.acps-automotive.com\/hu\/#\/schema\/logo\/image\/\"},\"sameAs\":[\"https:\/\/x.com\/ACPS_Automotive\",\"https:\/\/www.linkedin.com\/company\/acps-automotive-gmbh\/\",\"https:\/\/www.instagram.com\/acps_ausbildung\/\",\"https:\/\/www.youtube.com\/channel\/UC2jxrgWwpxpkay2aHWV5SaQ\"]}]}<\/script>\n<!-- \/ Yoast SEO plugin. -->","yoast_head_json":{"title":"Sajt\u00f3 | ACPS Automotive","description":"Itt tal\u00e1lja az ACPS Automotive legfrissebb sajt\u00f3k\u00f6zlem\u00e9nyeit. \u25baRengeteg hasznos inform\u00e1ci\u00f3 az \u00d6n sz\u00e1m\u00e1ra.","robots":{"index":"index","follow":"follow","max-snippet":"max-snippet:-1","max-image-preview":"max-image-preview:large","max-video-preview":"max-video-preview:-1"},"canonical":"https:\/\/www.acps-automotive.com\/hu\/vallalatok\/sajto\/uj-markastrategia\/","og_locale":"hu_HU","og_type":"article","og_title":"Sajt\u00f3 | ACPS Automotive","og_description":"Itt tal\u00e1lja az ACPS Automotive legfrissebb sajt\u00f3k\u00f6zlem\u00e9nyeit. \u25baRengeteg hasznos inform\u00e1ci\u00f3 az \u00d6n sz\u00e1m\u00e1ra.","og_url":"https:\/\/www.acps-automotive.com\/hu\/vallalatok\/sajto\/uj-markastrategia\/","og_site_name":"ACPS Automotive GmbH","article_modified_time":"2026-03-10T08:50:59+00:00","twitter_card":"summary_large_image","twitter_site":"@ACPS_Automotive","twitter_misc":{"Becs\u00fclt olvas\u00e1si id\u0151":"3 perc"},"schema":{"@context":"https:\/\/schema.org","@graph":[{"@type":"WebPage","@id":"https:\/\/www.acps-automotive.com\/hu\/vallalatok\/sajto\/uj-markastrategia\/","url":"https:\/\/www.acps-automotive.com\/hu\/vallalatok\/sajto\/uj-markastrategia\/","name":"Sajt\u00f3 | ACPS Automotive","isPartOf":{"@id":"https:\/\/www.acps-automotive.com\/hu\/#website"},"datePublished":"2026-03-10T08:44:26+00:00","dateModified":"2026-03-10T08:50:59+00:00","description":"Itt tal\u00e1lja az ACPS Automotive legfrissebb sajt\u00f3k\u00f6zlem\u00e9nyeit. \u25baRengeteg hasznos inform\u00e1ci\u00f3 az \u00d6n sz\u00e1m\u00e1ra.","breadcrumb":{"@id":"https:\/\/www.acps-automotive.com\/hu\/vallalatok\/sajto\/uj-markastrategia\/#breadcrumb"},"inLanguage":"hu","potentialAction":[{"@type":"ReadAction","target":["https:\/\/www.acps-automotive.com\/hu\/vallalatok\/sajto\/uj-markastrategia\/"]}]},{"@type":"BreadcrumbList","@id":"https:\/\/www.acps-automotive.com\/hu\/vallalatok\/sajto\/uj-markastrategia\/#breadcrumb","itemListElement":[{"@type":"ListItem","position":1,"name":"Startseite","item":"https:\/\/www.acps-automotive.com\/hu\/"},{"@type":"ListItem","position":2,"name":"V\u00e1llalatok","item":"https:\/\/www.acps-automotive.com\/hu\/vallalatok\/"},{"@type":"ListItem","position":3,"name":"Sajt\u00f3","item":"https:\/\/www.acps-automotive.com\/hu\/vallalatok\/sajto\/"},{"@type":"ListItem","position":4,"name":"Az ACPS Automotive sikeres tulajdonosv\u00e1lt\u00e1s ut\u00e1n \u00faj m\u00e1rkastrat\u00e9gi\u00e1val \u00e9s er\u0151teljesebb nemzetk\u00f6zi orient\u00e1ci\u00f3val"}]},{"@type":"WebSite","@id":"https:\/\/www.acps-automotive.com\/hu\/#website","url":"https:\/\/www.acps-automotive.com\/hu\/","name":"ACPS Automotive GmbH","description":"Innovative Anh\u00e4ngekupplungen","publisher":{"@id":"https:\/\/www.acps-automotive.com\/hu\/#organization"},"potentialAction":[{"@type":"SearchAction","target":{"@type":"EntryPoint","urlTemplate":"https:\/\/www.acps-automotive.com\/hu\/?s={search_term_string}"},"query-input":{"@type":"PropertyValueSpecification","valueRequired":true,"valueName":"search_term_string"}}],"inLanguage":"hu"},{"@type":"Organization","@id":"https:\/\/www.acps-automotive.com\/hu\/#organization","name":"ACPS Automotive GmbH","url":"https:\/\/www.acps-automotive.com\/hu\/","logo":{"@type":"ImageObject","inLanguage":"hu","@id":"https:\/\/www.acps-automotive.com\/hu\/#\/schema\/logo\/image\/","url":"https:\/\/www.acps-automotive.com\/wp-content\/uploads\/_media\/_allgemein\/Logo-Footer-ACPS-Automotive.png","contentUrl":"https:\/\/www.acps-automotive.com\/wp-content\/uploads\/_media\/_allgemein\/Logo-Footer-ACPS-Automotive.png","width":239,"height":32,"caption":"ACPS Automotive GmbH"},"image":{"@id":"https:\/\/www.acps-automotive.com\/hu\/#\/schema\/logo\/image\/"},"sameAs":["https:\/\/x.com\/ACPS_Automotive","https:\/\/www.linkedin.com\/company\/acps-automotive-gmbh\/","https:\/\/www.instagram.com\/acps_ausbildung\/","https:\/\/www.youtube.com\/channel\/UC2jxrgWwpxpkay2aHWV5SaQ"]}]}},"_links":{"self":[{"href":"https:\/\/www.acps-automotive.com\/hu\/wp-json\/wp\/v2\/pages\/29163","targetHints":{"allow":["GET"]}}],"collection":[{"href":"https:\/\/www.acps-automotive.com\/hu\/wp-json\/wp\/v2\/pages"}],"about":[{"href":"https:\/\/www.acps-automotive.com\/hu\/wp-json\/wp\/v2\/types\/page"}],"author":[{"embeddable":true,"href":"https:\/\/www.acps-automotive.com\/hu\/wp-json\/wp\/v2\/users\/1"}],"replies":[{"embeddable":true,"href":"https:\/\/www.acps-automotive.com\/hu\/wp-json\/wp\/v2\/comments?post=29163"}],"version-history":[{"count":5,"href":"https:\/\/www.acps-automotive.com\/hu\/wp-json\/wp\/v2\/pages\/29163\/revisions"}],"predecessor-version":[{"id":29169,"href":"https:\/\/www.acps-automotive.com\/hu\/wp-json\/wp\/v2\/pages\/29163\/revisions\/29169"}],"up":[{"embeddable":true,"href":"https:\/\/www.acps-automotive.com\/hu\/wp-json\/wp\/v2\/pages\/27201"}],"wp:attachment":[{"href":"https:\/\/www.acps-automotive.com\/hu\/wp-json\/wp\/v2\/media?parent=29163"}],"curies":[{"name":"wp","href":"https:\/\/api.w.org\/{rel}","templated":true}]}}