{"id":28992,"date":"2026-03-09T14:27:49","date_gmt":"2026-03-09T13:27:49","guid":{"rendered":"https:\/\/www.acps-automotive.com\/?page_id=28992"},"modified":"2026-03-09T14:54:15","modified_gmt":"2026-03-09T13:54:15","slug":"a-demokracia-jelkepe","status":"publish","type":"page","link":"https:\/\/www.acps-automotive.com\/hu\/a-demokracia-jelkepe\/","title":{"rendered":"A demokr\u00e1cia jelk\u00e9pe"},"content":{"rendered":"<div class=\"vgblk-rw-wrapper limit-wrapper\">\n\n\t<h1>A demokr\u00e1cia<br \/>\njelk\u00e9pe a<br \/>\n<strong>demokr\u00e1cia<\/strong><\/h1>\n\t<img loading=\"lazy\" decoding=\"async\" src=\"https:\/\/www.acps-automotive.com\/wp-content\/uploads\/_media\/_allgemein\/pfeil-text-einleitung.png\" alt=\"Pfeil Text Einleitung\" width=\"46\" height=\"69\" \/><br \/>\nAz <strong>ACPS Automotive<\/strong> munkat\u00e1rsainak soksz\u00edn\u0171s\u00e9ge az er\u0151ss\u00e9g\u00fcnk \u00e9s a demokratikus t\u00e1rsadalom ir\u00e1nti elk\u00f6telezetts\u00e9g\u00fcnk kifejez\u00e9se.\n\t<p>A S\u00fcdwestmetall munkaad\u00f3i sz\u00f6vets\u00e9g \u00e9s az IG Metall Baden-W\u00fcrttemberg szakszervezet hat\u00e1rozottan fell\u00e9pett az extremizmus ellen. Az esem\u00e9nyen a gazdas\u00e1g \u00e9s a politika magas rang\u00fa k\u00e9pvisel\u0151i al\u00e1\u00edrt\u00e1k a \u201e<a href=\"https:\/\/www.suedwestmetall.de\/SWM\/medien.nsf\/gfx\/E9D511845AF8AEBCC1258ACF00683BC0\/$file\/24-02-26%20B\u00fcndnis%20Erkl\u00e4rung.pdf\" target=\"_blank\" rel=\"noopener\">Gazdas\u00e1g a demokr\u00e1ci\u00e1\u00e9rt<\/a>&#8221; nyilatkozatot.<\/p>\n<p>Az ACPS Automotive teljes m\u00e9rt\u00e9kben egyet\u00e9rt a nyilatkozat tartalm\u00e1val, \u00e9s elk\u00f6telezi mag\u00e1t a szabad \u00e9s demokratikus alaprend mellett. A demokratikus \u00e9rt\u00e9kek, mint a szabads\u00e1g, a tisztelet \u00e9s a tolerancia, ugyanis k\u00f6zponti mot\u00edvumok sz\u00e1munkra, amelyek meghat\u00e1rozz\u00e1k mindennapi munk\u00e1nkat, \u00e9s azokk\u00e1 tesznek minket, amik vagyunk: egy nyitott, nemzetk\u00f6zi technol\u00f3giai vezet\u0151 v\u00e1llalatt\u00e1.<\/p>\n<p>Az ACPS Automotive sz\u00e9khely\u00e9n, Ingersheimben, a stuttgarti nagyv\u00e1rosi r\u00e9gi\u00f3ban p\u00e9ld\u00e1ul t\u00f6bb mint 20 nemzetis\u00e9g\u0171 emberek dolgoznak. Nagyra \u00e9rt\u00e9kelj\u00fck ezt a multikultur\u00e1lis strukt\u00far\u00e1t, mert \u00f6szt\u00f6nz\u0151leg hat \u00e9s hajt\u00f3er\u0151k\u00e9nt szolg\u00e1l \u00f6tleteink gazdags\u00e1g\u00e1hoz \u00e9s kreativit\u00e1sunkhoz. A k\u00f6z\u00f6ss\u00e9gi egy\u00fctt\u00e9l\u00e9s szempontj\u00e1b\u00f3l az ember sz\u00e1rmaz\u00e1sa nem relev\u00e1ns. A soksz\u00edn\u0171s\u00e9g \u00e9s a \u00f6sszetart\u00e1s ugyanis nem ismer hat\u00e1rokat.<\/p>\n<p>Egy olyan orsz\u00e1gban \u00e9l\u00fcnk \u00e9s dolgozunk, amely a demokratikus \u00e9rt\u00e9krendet k\u00e9pviseli. A rasszizmus, a vall\u00e1si diszkrimin\u00e1ci\u00f3, az antiszemitizmus \u00e9s m\u00e1s form\u00e1kban megnyilv\u00e1nul\u00f3 sz\u00e9ls\u0151s\u00e9gess\u00e9gnek nincs helye n\u00e1lunk, \u00e9s azokat hat\u00e1rozottan elutas\u00edtjuk. Mert n\u00e1lunk minden ember egyenl\u0151. V\u00e1llalatunkban tov\u00e1bbra is a liber\u00e1lis-demokratikus alaprendet fogjuk k\u00f6vetni \u00e9s tov\u00e1bbvinni, hogy minden embernek biztons\u00e1got \u00e9s bizalmat ny\u00fajtsunk. Ezzel a hozz\u00e1\u00e1ll\u00e1ssal bizakodva tekint\u00fcnk a sikeres j\u00f6v\u0151be.<\/p>\n<p><a href=\"https:\/\/www.suedwestmetall.de\/presse\/pressemitteilungen\/2024\/02\/suedwestmetall-und-ig-metall-baden-wuerttemberg-setzen-zeichen-gegen-extremismus-und-unterzeichnen-im-beisein-von-bundespraesident-frank-walter-steinmeier-erklaerung-wirtschaft-fuer-demokratie\" target=\"_blank\" rel=\"noopener\">Itt tal\u00e1lhat\u00f3 az \u201eGazdas\u00e1g a demokr\u00e1ci\u00e1\u00e9rt&#8221; rendezv\u00e9ny hivatalos sajt\u00f3k\u00f6zlem\u00e9nye.<\/a><\/p>\n\n<\/div><!-- .vgblk-rw-wrapper -->","protected":false},"excerpt":{"rendered":"<p>A demokr\u00e1cia jelk\u00e9pe a demokr\u00e1cia Az ACPS Automotive munkat\u00e1rsainak soksz\u00edn\u0171s\u00e9ge az er\u0151ss\u00e9g\u00fcnk \u00e9s a demokratikus t\u00e1rsadalom ir\u00e1nti elk\u00f6telezetts\u00e9g\u00fcnk kifejez\u00e9se. A S\u00fcdwestmetall munkaad\u00f3i sz\u00f6vets\u00e9g \u00e9s az IG Metall Baden-W\u00fcrttemberg szakszervezet hat\u00e1rozottan fell\u00e9pett az extremizmus ellen. Az esem\u00e9nyen a gazdas\u00e1g \u00e9s a politika magas rang\u00fa k\u00e9pvisel\u0151i al\u00e1\u00edrt\u00e1k a \u201eGazdas\u00e1g a demokr\u00e1ci\u00e1\u00e9rt&#8221; nyilatkozatot. Az ACPS Automotive teljes m\u00e9rt\u00e9kben&#8230;<\/p>\n","protected":false},"author":1,"featured_media":0,"parent":0,"menu_order":3,"comment_status":"closed","ping_status":"closed","template":"","meta":{"inline_featured_image":false,"_price":"","_stock":"","_tribe_ticket_header":"","_tribe_default_ticket_provider":"","_tribe_ticket_capacity":"0","_ticket_start_date":"","_ticket_end_date":"","_tribe_ticket_show_description":"","_tribe_ticket_show_not_going":false,"_tribe_ticket_use_global_stock":"","_tribe_ticket_global_stock_level":"","_global_stock_mode":"","_global_stock_cap":"","_tribe_rsvp_for_event":"","_tribe_ticket_going_count":"","_tribe_ticket_not_going_count":"","_tribe_tickets_list":"[]","_tribe_ticket_has_attendee_info_fields":false,"footnotes":""},"class_list":["post-28992","page","type-page","status-publish","hentry"],"yoast_head":"<!-- This site is optimized with the Yoast SEO plugin v27.2 - https:\/\/yoast.com\/product\/yoast-seo-wordpress\/ -->\n<title>A demokr\u00e1cia jelk\u00e9pe | ACPS Automotive<\/title>\n<meta name=\"description\" content=\"Szolg\u00e1ltat\u00e1si forr\u00f3dr\u00f3tunkon sz\u00edvesen v\u00e1laszolunk k\u00e9rd\u00e9seire. \u260eH\u00edvjon minket!\" \/>\n<meta name=\"robots\" content=\"index, follow, max-snippet:-1, max-image-preview:large, max-video-preview:-1\" \/>\n<link rel=\"canonical\" href=\"https:\/\/www.acps-automotive.com\/hu\/a-demokracia-jelkepe\/\" \/>\n<meta property=\"og:locale\" content=\"hu_HU\" \/>\n<meta property=\"og:type\" content=\"article\" \/>\n<meta property=\"og:title\" content=\"A demokr\u00e1cia jelk\u00e9pe | ACPS Automotive\" \/>\n<meta property=\"og:description\" content=\"Szolg\u00e1ltat\u00e1si forr\u00f3dr\u00f3tunkon sz\u00edvesen v\u00e1laszolunk k\u00e9rd\u00e9seire. \u260eH\u00edvjon minket!\" \/>\n<meta property=\"og:url\" content=\"https:\/\/www.acps-automotive.com\/hu\/a-demokracia-jelkepe\/\" \/>\n<meta property=\"og:site_name\" content=\"ACPS Automotive GmbH\" \/>\n<meta property=\"article:modified_time\" content=\"2026-03-09T13:54:15+00:00\" \/>\n<meta property=\"og:image\" content=\"https:\/\/www.acps-automotive.com\/wp-content\/uploads\/_media\/_allgemein\/pfeil-text-einleitung.png\" \/>\n<meta name=\"twitter:card\" content=\"summary_large_image\" \/>\n<meta name=\"twitter:site\" content=\"@ACPS_Automotive\" \/>\n<meta name=\"twitter:label1\" content=\"Becs\u00fclt olvas\u00e1si id\u0151\" \/>\n\t<meta name=\"twitter:data1\" content=\"2 perc\" \/>\n<script type=\"application\/ld+json\" class=\"yoast-schema-graph\">{\"@context\":\"https:\/\/schema.org\",\"@graph\":[{\"@type\":\"WebPage\",\"@id\":\"https:\/\/www.acps-automotive.com\/hu\/a-demokracia-jelkepe\/\",\"url\":\"https:\/\/www.acps-automotive.com\/hu\/a-demokracia-jelkepe\/\",\"name\":\"A demokr\u00e1cia jelk\u00e9pe | ACPS Automotive\",\"isPartOf\":{\"@id\":\"https:\/\/www.acps-automotive.com\/hu\/#website\"},\"primaryImageOfPage\":{\"@id\":\"https:\/\/www.acps-automotive.com\/hu\/a-demokracia-jelkepe\/#primaryimage\"},\"image\":{\"@id\":\"https:\/\/www.acps-automotive.com\/hu\/a-demokracia-jelkepe\/#primaryimage\"},\"thumbnailUrl\":\"https:\/\/www.acps-automotive.com\/wp-content\/uploads\/_media\/_allgemein\/pfeil-text-einleitung.png\",\"datePublished\":\"2026-03-09T13:27:49+00:00\",\"dateModified\":\"2026-03-09T13:54:15+00:00\",\"description\":\"Szolg\u00e1ltat\u00e1si forr\u00f3dr\u00f3tunkon sz\u00edvesen v\u00e1laszolunk k\u00e9rd\u00e9seire. \u260eH\u00edvjon minket!\",\"breadcrumb\":{\"@id\":\"https:\/\/www.acps-automotive.com\/hu\/a-demokracia-jelkepe\/#breadcrumb\"},\"inLanguage\":\"hu\",\"potentialAction\":[{\"@type\":\"ReadAction\",\"target\":[\"https:\/\/www.acps-automotive.com\/hu\/a-demokracia-jelkepe\/\"]}]},{\"@type\":\"ImageObject\",\"inLanguage\":\"hu\",\"@id\":\"https:\/\/www.acps-automotive.com\/hu\/a-demokracia-jelkepe\/#primaryimage\",\"url\":\"https:\/\/www.acps-automotive.com\/wp-content\/uploads\/_media\/_allgemein\/pfeil-text-einleitung.png\",\"contentUrl\":\"https:\/\/www.acps-automotive.com\/wp-content\/uploads\/_media\/_allgemein\/pfeil-text-einleitung.png\"},{\"@type\":\"BreadcrumbList\",\"@id\":\"https:\/\/www.acps-automotive.com\/hu\/a-demokracia-jelkepe\/#breadcrumb\",\"itemListElement\":[{\"@type\":\"ListItem\",\"position\":1,\"name\":\"Startseite\",\"item\":\"https:\/\/www.acps-automotive.com\/hu\/\"},{\"@type\":\"ListItem\",\"position\":2,\"name\":\"A demokr\u00e1cia jelk\u00e9pe\"}]},{\"@type\":\"WebSite\",\"@id\":\"https:\/\/www.acps-automotive.com\/hu\/#website\",\"url\":\"https:\/\/www.acps-automotive.com\/hu\/\",\"name\":\"ACPS Automotive GmbH\",\"description\":\"Innovative Anh\u00e4ngekupplungen\",\"publisher\":{\"@id\":\"https:\/\/www.acps-automotive.com\/hu\/#organization\"},\"potentialAction\":[{\"@type\":\"SearchAction\",\"target\":{\"@type\":\"EntryPoint\",\"urlTemplate\":\"https:\/\/www.acps-automotive.com\/hu\/?s={search_term_string}\"},\"query-input\":{\"@type\":\"PropertyValueSpecification\",\"valueRequired\":true,\"valueName\":\"search_term_string\"}}],\"inLanguage\":\"hu\"},{\"@type\":\"Organization\",\"@id\":\"https:\/\/www.acps-automotive.com\/hu\/#organization\",\"name\":\"ACPS Automotive GmbH\",\"url\":\"https:\/\/www.acps-automotive.com\/hu\/\",\"logo\":{\"@type\":\"ImageObject\",\"inLanguage\":\"hu\",\"@id\":\"https:\/\/www.acps-automotive.com\/hu\/#\/schema\/logo\/image\/\",\"url\":\"https:\/\/www.acps-automotive.com\/wp-content\/uploads\/_media\/_allgemein\/Logo-Footer-ACPS-Automotive.png\",\"contentUrl\":\"https:\/\/www.acps-automotive.com\/wp-content\/uploads\/_media\/_allgemein\/Logo-Footer-ACPS-Automotive.png\",\"width\":239,\"height\":32,\"caption\":\"ACPS Automotive GmbH\"},\"image\":{\"@id\":\"https:\/\/www.acps-automotive.com\/hu\/#\/schema\/logo\/image\/\"},\"sameAs\":[\"https:\/\/x.com\/ACPS_Automotive\",\"https:\/\/www.linkedin.com\/company\/acps-automotive-gmbh\/\",\"https:\/\/www.instagram.com\/acps_ausbildung\/\",\"https:\/\/www.youtube.com\/channel\/UC2jxrgWwpxpkay2aHWV5SaQ\"]}]}<\/script>\n<!-- \/ Yoast SEO plugin. -->","yoast_head_json":{"title":"A demokr\u00e1cia jelk\u00e9pe | ACPS Automotive","description":"Szolg\u00e1ltat\u00e1si forr\u00f3dr\u00f3tunkon sz\u00edvesen v\u00e1laszolunk k\u00e9rd\u00e9seire. \u260eH\u00edvjon minket!","robots":{"index":"index","follow":"follow","max-snippet":"max-snippet:-1","max-image-preview":"max-image-preview:large","max-video-preview":"max-video-preview:-1"},"canonical":"https:\/\/www.acps-automotive.com\/hu\/a-demokracia-jelkepe\/","og_locale":"hu_HU","og_type":"article","og_title":"A demokr\u00e1cia jelk\u00e9pe | ACPS Automotive","og_description":"Szolg\u00e1ltat\u00e1si forr\u00f3dr\u00f3tunkon sz\u00edvesen v\u00e1laszolunk k\u00e9rd\u00e9seire. \u260eH\u00edvjon minket!","og_url":"https:\/\/www.acps-automotive.com\/hu\/a-demokracia-jelkepe\/","og_site_name":"ACPS Automotive GmbH","article_modified_time":"2026-03-09T13:54:15+00:00","og_image":[{"url":"https:\/\/www.acps-automotive.com\/wp-content\/uploads\/_media\/_allgemein\/pfeil-text-einleitung.png","type":"","width":"","height":""}],"twitter_card":"summary_large_image","twitter_site":"@ACPS_Automotive","twitter_misc":{"Becs\u00fclt olvas\u00e1si id\u0151":"2 perc"},"schema":{"@context":"https:\/\/schema.org","@graph":[{"@type":"WebPage","@id":"https:\/\/www.acps-automotive.com\/hu\/a-demokracia-jelkepe\/","url":"https:\/\/www.acps-automotive.com\/hu\/a-demokracia-jelkepe\/","name":"A demokr\u00e1cia jelk\u00e9pe | ACPS Automotive","isPartOf":{"@id":"https:\/\/www.acps-automotive.com\/hu\/#website"},"primaryImageOfPage":{"@id":"https:\/\/www.acps-automotive.com\/hu\/a-demokracia-jelkepe\/#primaryimage"},"image":{"@id":"https:\/\/www.acps-automotive.com\/hu\/a-demokracia-jelkepe\/#primaryimage"},"thumbnailUrl":"https:\/\/www.acps-automotive.com\/wp-content\/uploads\/_media\/_allgemein\/pfeil-text-einleitung.png","datePublished":"2026-03-09T13:27:49+00:00","dateModified":"2026-03-09T13:54:15+00:00","description":"Szolg\u00e1ltat\u00e1si forr\u00f3dr\u00f3tunkon sz\u00edvesen v\u00e1laszolunk k\u00e9rd\u00e9seire. \u260eH\u00edvjon minket!","breadcrumb":{"@id":"https:\/\/www.acps-automotive.com\/hu\/a-demokracia-jelkepe\/#breadcrumb"},"inLanguage":"hu","potentialAction":[{"@type":"ReadAction","target":["https:\/\/www.acps-automotive.com\/hu\/a-demokracia-jelkepe\/"]}]},{"@type":"ImageObject","inLanguage":"hu","@id":"https:\/\/www.acps-automotive.com\/hu\/a-demokracia-jelkepe\/#primaryimage","url":"https:\/\/www.acps-automotive.com\/wp-content\/uploads\/_media\/_allgemein\/pfeil-text-einleitung.png","contentUrl":"https:\/\/www.acps-automotive.com\/wp-content\/uploads\/_media\/_allgemein\/pfeil-text-einleitung.png"},{"@type":"BreadcrumbList","@id":"https:\/\/www.acps-automotive.com\/hu\/a-demokracia-jelkepe\/#breadcrumb","itemListElement":[{"@type":"ListItem","position":1,"name":"Startseite","item":"https:\/\/www.acps-automotive.com\/hu\/"},{"@type":"ListItem","position":2,"name":"A demokr\u00e1cia jelk\u00e9pe"}]},{"@type":"WebSite","@id":"https:\/\/www.acps-automotive.com\/hu\/#website","url":"https:\/\/www.acps-automotive.com\/hu\/","name":"ACPS Automotive GmbH","description":"Innovative Anh\u00e4ngekupplungen","publisher":{"@id":"https:\/\/www.acps-automotive.com\/hu\/#organization"},"potentialAction":[{"@type":"SearchAction","target":{"@type":"EntryPoint","urlTemplate":"https:\/\/www.acps-automotive.com\/hu\/?s={search_term_string}"},"query-input":{"@type":"PropertyValueSpecification","valueRequired":true,"valueName":"search_term_string"}}],"inLanguage":"hu"},{"@type":"Organization","@id":"https:\/\/www.acps-automotive.com\/hu\/#organization","name":"ACPS Automotive GmbH","url":"https:\/\/www.acps-automotive.com\/hu\/","logo":{"@type":"ImageObject","inLanguage":"hu","@id":"https:\/\/www.acps-automotive.com\/hu\/#\/schema\/logo\/image\/","url":"https:\/\/www.acps-automotive.com\/wp-content\/uploads\/_media\/_allgemein\/Logo-Footer-ACPS-Automotive.png","contentUrl":"https:\/\/www.acps-automotive.com\/wp-content\/uploads\/_media\/_allgemein\/Logo-Footer-ACPS-Automotive.png","width":239,"height":32,"caption":"ACPS Automotive GmbH"},"image":{"@id":"https:\/\/www.acps-automotive.com\/hu\/#\/schema\/logo\/image\/"},"sameAs":["https:\/\/x.com\/ACPS_Automotive","https:\/\/www.linkedin.com\/company\/acps-automotive-gmbh\/","https:\/\/www.instagram.com\/acps_ausbildung\/","https:\/\/www.youtube.com\/channel\/UC2jxrgWwpxpkay2aHWV5SaQ"]}]}},"_links":{"self":[{"href":"https:\/\/www.acps-automotive.com\/hu\/wp-json\/wp\/v2\/pages\/28992","targetHints":{"allow":["GET"]}}],"collection":[{"href":"https:\/\/www.acps-automotive.com\/hu\/wp-json\/wp\/v2\/pages"}],"about":[{"href":"https:\/\/www.acps-automotive.com\/hu\/wp-json\/wp\/v2\/types\/page"}],"author":[{"embeddable":true,"href":"https:\/\/www.acps-automotive.com\/hu\/wp-json\/wp\/v2\/users\/1"}],"replies":[{"embeddable":true,"href":"https:\/\/www.acps-automotive.com\/hu\/wp-json\/wp\/v2\/comments?post=28992"}],"version-history":[{"count":2,"href":"https:\/\/www.acps-automotive.com\/hu\/wp-json\/wp\/v2\/pages\/28992\/revisions"}],"predecessor-version":[{"id":28996,"href":"https:\/\/www.acps-automotive.com\/hu\/wp-json\/wp\/v2\/pages\/28992\/revisions\/28996"}],"wp:attachment":[{"href":"https:\/\/www.acps-automotive.com\/hu\/wp-json\/wp\/v2\/media?parent=28992"}],"curies":[{"name":"wp","href":"https:\/\/api.w.org\/{rel}","templated":true}]}}