{"id":27952,"date":"2025-12-19T15:34:00","date_gmt":"2025-12-19T14:34:00","guid":{"rendered":"https:\/\/www.acps-automotive.com\/?page_id=27952"},"modified":"2026-03-10T09:07:13","modified_gmt":"2026-03-10T08:07:13","slug":"rogzitett-receiver","status":"publish","type":"page","link":"https:\/\/www.acps-automotive.com\/hu\/termekek\/rendszerek-az-egyesult-allamok-szamara\/rogzitett-receiver\/","title":{"rendered":"R\u00f6gz\u00edtett Receiver"},"content":{"rendered":"<div class=\"vgblk-rw-wrapper limit-wrapper\">\n\n\t<h1><strong>R\u00f6gz\u00edtett<\/strong><br \/>\nReceiver<\/h1>\n\t\t\tR\u00f6gz\u00edtett\t\t\n\t\t\t\t<p><strong>R\u00f6gz\u00edtett Receiver<br \/>&#8211; a klasszikus<\/strong>A merev von\u00f3szerkezetekn\u00e9l a vev\u0151egys\u00e9g a keresztmerev\u00edt\u0151h\u00f6z van hegesztve. Ezek a j\u00e1rm\u0171 h\u00e1ts\u00f3 r\u00e9sz\u00e9hez vannak r\u00f6gz\u00edtve, olcs\u00f3k \u00e9s funkcion\u00e1lisak.<\/p><img loading=\"lazy\" decoding=\"async\" src=\"https:\/\/www.acps-automotive.com\/wp-content\/uploads\/_media\/produkte\/usa\/starre-av\/starre-av.jpg\" alt=\"Starre Anh\u00e4negevorrichtungen\" width=\"730\" height=\"720\" \/>\t\t\t\n\t<h4>M\u0171szaki adatok<\/h4>\n<table border=\"0\" width=\"100%\">\n<tbody>\n<tr>\n<td>1 \u00bc&#8221; m\u00e9ret<\/td>\n<td>I &#8211; II oszt\u00e1ly<\/td>\n<\/tr>\n<tr>\n<td>2&#8243; m\u00e9ret<\/td>\n<td>III &#8211; IV oszt\u00e1ly<\/td>\n<\/tr>\n<\/tbody>\n<\/table>\n<p>&nbsp;<\/p>\n<strong>Az itt megadott adatok nem felelnek meg j\u00e1rm\u0171v\u00e9nek specifikus k\u00f6vetelm\u00e9nyeinek?<\/strong><br \/>\nAkkor <a href=\"https:\/\/www.acps-automotive.com\/hu\/kapcsolatfelvetel\/kapcsolatfelveteli-urlap\/\">vegye fel vel\u00fcnk a kapcsolatot<\/a>, mert egyedi alkatr\u00e9szeket \u00e9s megold\u00e1sokat is fejleszt\u00fcnk.\n\t<h2>\u00dcgyf\u00e9lig\u00e9nyekhez igaz\u00edtott<br \/>\n<strong>elektromos k\u00e9szletek<\/strong><\/h2>\n<p>A p\u00f3tkocsikhoz illeszked\u0151 elektromos k\u00e9szleteket a neves vezet\u00e9kk\u00e9szlet-gy\u00e1rt\u00f3kkal egy\u00fcttm\u0171k\u00f6dve, az \u00fcgyfelek ig\u00e9nyeinek megfelel\u0151en fejlesztj\u00fck ki. Rendszereinket az aut\u00f3gy\u00e1rt\u00f3k \u00e9s azok hivatalos keresked\u0151i sz\u00e1m\u00e1ra k\u00edn\u00e1ljuk gy\u00e1rt\u00f3sori felszerel\u00e9sre vagy ut\u00f3lagos felszerel\u00e9sre. Ezenk\u00edv\u00fcl mindk\u00e9t ter\u00fclethez p\u00f3talkatr\u00e9szek is rendelkez\u00e9sre \u00e1llnak.<\/p>\n\t<h4><strong>Tov\u00e1bbi von\u00f3szerelv\u00e9nyek<\/strong><br \/>\naz amerikai piacra<\/h4>\n\t<p><a href=\"https:\/\/www.acps-automotive.com\/hu\/termekek\/rendszerek-az-egyesult-allamok-szamara\/forgathato-receiver\/\">Forgathat\u00f3 Receiver<\/a><\/p>\n<p><a href=\"https:\/\/www.acps-automotive.com\/hu\/termekek\/rendszerek-az-egyesult-allamok-szamara\/forgathato-receiver\/\"><img loading=\"lazy\" decoding=\"async\" src=\"\/wp-content\/uploads\/_media\/produkte\/usa\/uebersicht\/schwenkbare-anhanegevorrichtungen-300x250.jpg\" alt=\"Schwenkreceiver \" width=\"300\" height=\"250\" \/><\/a><\/p>\n\t<p><a href=\"https:\/\/www.acps-automotive.com\/hu\/termekek\/rendszerek-az-egyesult-allamok-szamara\/leszerelheto-receiver\/\">Leszerelhet\u0151 Receiver<\/a><\/p>\n<p><a href=\"https:\/\/www.acps-automotive.com\/hu\/termekek\/rendszerek-az-egyesult-allamok-szamara\/leszerelheto-receiver\/\"><img loading=\"lazy\" decoding=\"async\" src=\"\/wp-content\/uploads\/_media\/produkte\/usa\/uebersicht\/abnehmbare-anhanegevorrichtungen-300x250.jpg\" alt=\"Abnehmbarer Receiver \" width=\"300\" height=\"250\" \/><\/a><\/p>\n\t<p><a href=\"https:\/\/www.acps-automotive.com\/hu\/termekek\/rendszerek-az-egyesult-allamok-szamara\/rogzitett-receiver\/\">R\u00f6gz\u00edtett Receiver<\/a><\/p>\n<p><a href=\"https:\/\/www.acps-automotive.com\/hu\/termekek\/rendszerek-az-egyesult-allamok-szamara\/rogzitett-receiver\/\"><img loading=\"lazy\" decoding=\"async\" src=\"\/wp-content\/uploads\/_media\/produkte\/usa\/uebersicht\/starre-anhanegevorrichtungen-300x250.jpg\" alt=\"Starre Receiver\" width=\"300\" height=\"250\" \/><\/a><\/p>\n\t<h2>K\u00e9rd\u00e9se van?<br \/>\n<strong>Tan\u00e1csot adunk<br \/>\n<\/strong><\/h2>\n<p>Ha k\u00e9rd\u00e9se van a von\u00f3szerkezeteinkkel kapcsolatban, k\u00e9rj\u00fck, vegye fel vel\u00fcnk a kapcsolatot.<\/p>\n<p><a href=\"https:\/\/www.acps-automotive.com\/hu\/kapcsolatfelvetel\/kapcsolatfelveteli-urlap\/\"><img loading=\"lazy\" decoding=\"async\" src=\"https:\/\/www.acps-automotive.com\/wp-content\/uploads\/_media\/_allgemein\/pfeil-gross-dunkelblau.png\" alt=\"Pfeil gross dunkelblau\" width=\"67\" height=\"45\" \/>Kapcsolat<\/a><\/p>\n<p>&nbsp;<\/p>\n\n<\/div><!-- .vgblk-rw-wrapper -->","protected":false},"excerpt":{"rendered":"<p>R\u00f6gz\u00edtett Receiver R\u00f6gz\u00edtett R\u00f6gz\u00edtett Receiver&#8211; a klasszikusA merev von\u00f3szerkezetekn\u00e9l a vev\u0151egys\u00e9g a keresztmerev\u00edt\u0151h\u00f6z van hegesztve. Ezek a j\u00e1rm\u0171 h\u00e1ts\u00f3 r\u00e9sz\u00e9hez vannak r\u00f6gz\u00edtve, olcs\u00f3k \u00e9s funkcion\u00e1lisak. M\u0171szaki adatok 1 \u00bc&#8221; m\u00e9ret I &#8211; II oszt\u00e1ly 2&#8243; m\u00e9ret III &#8211; IV oszt\u00e1ly &nbsp; Az itt megadott adatok nem felelnek meg j\u00e1rm\u0171v\u00e9nek specifikus k\u00f6vetelm\u00e9nyeinek? Akkor vegye fel vel\u00fcnk&#8230;<\/p>\n","protected":false},"author":8,"featured_media":0,"parent":27572,"menu_order":2,"comment_status":"closed","ping_status":"closed","template":"","meta":{"inline_featured_image":false,"_price":"","_stock":"","_tribe_ticket_header":"","_tribe_default_ticket_provider":"","_tribe_ticket_capacity":"0","_ticket_start_date":"","_ticket_end_date":"","_tribe_ticket_show_description":"","_tribe_ticket_show_not_going":false,"_tribe_ticket_use_global_stock":"","_tribe_ticket_global_stock_level":"","_global_stock_mode":"","_global_stock_cap":"","_tribe_rsvp_for_event":"","_tribe_ticket_going_count":"","_tribe_ticket_not_going_count":"","_tribe_tickets_list":"[]","_tribe_ticket_has_attendee_info_fields":false,"footnotes":""},"class_list":["post-27952","page","type-page","status-publish","hentry"],"yoast_head":"<!-- This site is optimized with the Yoast SEO plugin v27.2 - https:\/\/yoast.com\/product\/yoast-seo-wordpress\/ -->\n<title>R\u00f6gz\u00edtett Receiver | ACPS Automotive<\/title>\n<meta name=\"description\" content=\"R\u00f6gz\u00edtett Receiver \u2013 p\u00f3tkocsi rendszer az amerikai piacra \u2713k\u00f6lts\u00e9ghat\u00e9kony \u00e9s \u2713funkcion\u00e1lis. \u25ba Ez a rendszer meg fog gy\u0151zni!\" \/>\n<meta name=\"robots\" content=\"index, follow, max-snippet:-1, max-image-preview:large, max-video-preview:-1\" \/>\n<link rel=\"canonical\" href=\"https:\/\/www.acps-automotive.com\/hu\/termekek\/rendszerek-az-egyesult-allamok-szamara\/rogzitett-receiver\/\" \/>\n<meta property=\"og:locale\" content=\"hu_HU\" \/>\n<meta property=\"og:type\" content=\"article\" \/>\n<meta property=\"og:title\" content=\"R\u00f6gz\u00edtett Receiver | ACPS Automotive\" \/>\n<meta property=\"og:description\" content=\"R\u00f6gz\u00edtett Receiver \u2013 p\u00f3tkocsi rendszer az amerikai piacra \u2713k\u00f6lts\u00e9ghat\u00e9kony \u00e9s \u2713funkcion\u00e1lis. \u25ba Ez a rendszer meg fog gy\u0151zni!\" \/>\n<meta property=\"og:url\" content=\"https:\/\/www.acps-automotive.com\/hu\/termekek\/rendszerek-az-egyesult-allamok-szamara\/rogzitett-receiver\/\" \/>\n<meta property=\"og:site_name\" content=\"ACPS Automotive GmbH\" \/>\n<meta property=\"article:modified_time\" content=\"2026-03-10T08:07:13+00:00\" \/>\n<meta property=\"og:image\" content=\"https:\/\/www.acps-automotive.com\/wp-content\/uploads\/_media\/produkte\/usa\/starre-av\/starre-av.jpg\" \/>\n<meta name=\"twitter:card\" content=\"summary_large_image\" \/>\n<meta name=\"twitter:site\" content=\"@ACPS_Automotive\" \/>\n<meta name=\"twitter:label1\" content=\"Becs\u00fclt olvas\u00e1si id\u0151\" \/>\n\t<meta name=\"twitter:data1\" content=\"2 perc\" \/>\n<script type=\"application\/ld+json\" class=\"yoast-schema-graph\">{\"@context\":\"https:\/\/schema.org\",\"@graph\":[{\"@type\":\"WebPage\",\"@id\":\"https:\/\/www.acps-automotive.com\/hu\/termekek\/rendszerek-az-egyesult-allamok-szamara\/rogzitett-receiver\/\",\"url\":\"https:\/\/www.acps-automotive.com\/hu\/termekek\/rendszerek-az-egyesult-allamok-szamara\/rogzitett-receiver\/\",\"name\":\"R\u00f6gz\u00edtett Receiver | ACPS Automotive\",\"isPartOf\":{\"@id\":\"https:\/\/www.acps-automotive.com\/hu\/#website\"},\"primaryImageOfPage\":{\"@id\":\"https:\/\/www.acps-automotive.com\/hu\/termekek\/rendszerek-az-egyesult-allamok-szamara\/rogzitett-receiver\/#primaryimage\"},\"image\":{\"@id\":\"https:\/\/www.acps-automotive.com\/hu\/termekek\/rendszerek-az-egyesult-allamok-szamara\/rogzitett-receiver\/#primaryimage\"},\"thumbnailUrl\":\"https:\/\/www.acps-automotive.com\/wp-content\/uploads\/_media\/produkte\/usa\/starre-av\/starre-av.jpg\",\"datePublished\":\"2025-12-19T14:34:00+00:00\",\"dateModified\":\"2026-03-10T08:07:13+00:00\",\"description\":\"R\u00f6gz\u00edtett Receiver \u2013 p\u00f3tkocsi rendszer az amerikai piacra \u2713k\u00f6lts\u00e9ghat\u00e9kony \u00e9s \u2713funkcion\u00e1lis. \u25ba Ez a rendszer meg fog gy\u0151zni!\",\"breadcrumb\":{\"@id\":\"https:\/\/www.acps-automotive.com\/hu\/termekek\/rendszerek-az-egyesult-allamok-szamara\/rogzitett-receiver\/#breadcrumb\"},\"inLanguage\":\"hu\",\"potentialAction\":[{\"@type\":\"ReadAction\",\"target\":[\"https:\/\/www.acps-automotive.com\/hu\/termekek\/rendszerek-az-egyesult-allamok-szamara\/rogzitett-receiver\/\"]}]},{\"@type\":\"ImageObject\",\"inLanguage\":\"hu\",\"@id\":\"https:\/\/www.acps-automotive.com\/hu\/termekek\/rendszerek-az-egyesult-allamok-szamara\/rogzitett-receiver\/#primaryimage\",\"url\":\"https:\/\/www.acps-automotive.com\/wp-content\/uploads\/_media\/produkte\/usa\/starre-av\/starre-av.jpg\",\"contentUrl\":\"https:\/\/www.acps-automotive.com\/wp-content\/uploads\/_media\/produkte\/usa\/starre-av\/starre-av.jpg\"},{\"@type\":\"BreadcrumbList\",\"@id\":\"https:\/\/www.acps-automotive.com\/hu\/termekek\/rendszerek-az-egyesult-allamok-szamara\/rogzitett-receiver\/#breadcrumb\",\"itemListElement\":[{\"@type\":\"ListItem\",\"position\":1,\"name\":\"Startseite\",\"item\":\"https:\/\/www.acps-automotive.com\/hu\/\"},{\"@type\":\"ListItem\",\"position\":2,\"name\":\"Term\u00e9kek\",\"item\":\"https:\/\/www.acps-automotive.com\/hu\/termekek\/\"},{\"@type\":\"ListItem\",\"position\":3,\"name\":\"Von\u00f3szerelv\u00e9nyek az amerikai piacra\",\"item\":\"https:\/\/www.acps-automotive.com\/hu\/termekek\/rendszerek-az-egyesult-allamok-szamara\/\"},{\"@type\":\"ListItem\",\"position\":4,\"name\":\"R\u00f6gz\u00edtett Receiver\"}]},{\"@type\":\"WebSite\",\"@id\":\"https:\/\/www.acps-automotive.com\/hu\/#website\",\"url\":\"https:\/\/www.acps-automotive.com\/hu\/\",\"name\":\"ACPS Automotive GmbH\",\"description\":\"Innovative Anh\u00e4ngekupplungen\",\"publisher\":{\"@id\":\"https:\/\/www.acps-automotive.com\/hu\/#organization\"},\"potentialAction\":[{\"@type\":\"SearchAction\",\"target\":{\"@type\":\"EntryPoint\",\"urlTemplate\":\"https:\/\/www.acps-automotive.com\/hu\/?s={search_term_string}\"},\"query-input\":{\"@type\":\"PropertyValueSpecification\",\"valueRequired\":true,\"valueName\":\"search_term_string\"}}],\"inLanguage\":\"hu\"},{\"@type\":\"Organization\",\"@id\":\"https:\/\/www.acps-automotive.com\/hu\/#organization\",\"name\":\"ACPS Automotive GmbH\",\"url\":\"https:\/\/www.acps-automotive.com\/hu\/\",\"logo\":{\"@type\":\"ImageObject\",\"inLanguage\":\"hu\",\"@id\":\"https:\/\/www.acps-automotive.com\/hu\/#\/schema\/logo\/image\/\",\"url\":\"https:\/\/www.acps-automotive.com\/wp-content\/uploads\/_media\/_allgemein\/Logo-Footer-ACPS-Automotive.png\",\"contentUrl\":\"https:\/\/www.acps-automotive.com\/wp-content\/uploads\/_media\/_allgemein\/Logo-Footer-ACPS-Automotive.png\",\"width\":239,\"height\":32,\"caption\":\"ACPS Automotive GmbH\"},\"image\":{\"@id\":\"https:\/\/www.acps-automotive.com\/hu\/#\/schema\/logo\/image\/\"},\"sameAs\":[\"https:\/\/x.com\/ACPS_Automotive\",\"https:\/\/www.linkedin.com\/company\/acps-automotive-gmbh\/\",\"https:\/\/www.instagram.com\/acps_ausbildung\/\",\"https:\/\/www.youtube.com\/channel\/UC2jxrgWwpxpkay2aHWV5SaQ\"]}]}<\/script>\n<!-- \/ Yoast SEO plugin. -->","yoast_head_json":{"title":"R\u00f6gz\u00edtett Receiver | ACPS Automotive","description":"R\u00f6gz\u00edtett Receiver \u2013 p\u00f3tkocsi rendszer az amerikai piacra \u2713k\u00f6lts\u00e9ghat\u00e9kony \u00e9s \u2713funkcion\u00e1lis. \u25ba Ez a rendszer meg fog gy\u0151zni!","robots":{"index":"index","follow":"follow","max-snippet":"max-snippet:-1","max-image-preview":"max-image-preview:large","max-video-preview":"max-video-preview:-1"},"canonical":"https:\/\/www.acps-automotive.com\/hu\/termekek\/rendszerek-az-egyesult-allamok-szamara\/rogzitett-receiver\/","og_locale":"hu_HU","og_type":"article","og_title":"R\u00f6gz\u00edtett Receiver | ACPS Automotive","og_description":"R\u00f6gz\u00edtett Receiver \u2013 p\u00f3tkocsi rendszer az amerikai piacra \u2713k\u00f6lts\u00e9ghat\u00e9kony \u00e9s \u2713funkcion\u00e1lis. \u25ba Ez a rendszer meg fog gy\u0151zni!","og_url":"https:\/\/www.acps-automotive.com\/hu\/termekek\/rendszerek-az-egyesult-allamok-szamara\/rogzitett-receiver\/","og_site_name":"ACPS Automotive GmbH","article_modified_time":"2026-03-10T08:07:13+00:00","og_image":[{"url":"https:\/\/www.acps-automotive.com\/wp-content\/uploads\/_media\/produkte\/usa\/starre-av\/starre-av.jpg","type":"","width":"","height":""}],"twitter_card":"summary_large_image","twitter_site":"@ACPS_Automotive","twitter_misc":{"Becs\u00fclt olvas\u00e1si id\u0151":"2 perc"},"schema":{"@context":"https:\/\/schema.org","@graph":[{"@type":"WebPage","@id":"https:\/\/www.acps-automotive.com\/hu\/termekek\/rendszerek-az-egyesult-allamok-szamara\/rogzitett-receiver\/","url":"https:\/\/www.acps-automotive.com\/hu\/termekek\/rendszerek-az-egyesult-allamok-szamara\/rogzitett-receiver\/","name":"R\u00f6gz\u00edtett Receiver | ACPS Automotive","isPartOf":{"@id":"https:\/\/www.acps-automotive.com\/hu\/#website"},"primaryImageOfPage":{"@id":"https:\/\/www.acps-automotive.com\/hu\/termekek\/rendszerek-az-egyesult-allamok-szamara\/rogzitett-receiver\/#primaryimage"},"image":{"@id":"https:\/\/www.acps-automotive.com\/hu\/termekek\/rendszerek-az-egyesult-allamok-szamara\/rogzitett-receiver\/#primaryimage"},"thumbnailUrl":"https:\/\/www.acps-automotive.com\/wp-content\/uploads\/_media\/produkte\/usa\/starre-av\/starre-av.jpg","datePublished":"2025-12-19T14:34:00+00:00","dateModified":"2026-03-10T08:07:13+00:00","description":"R\u00f6gz\u00edtett Receiver \u2013 p\u00f3tkocsi rendszer az amerikai piacra \u2713k\u00f6lts\u00e9ghat\u00e9kony \u00e9s \u2713funkcion\u00e1lis. \u25ba Ez a rendszer meg fog gy\u0151zni!","breadcrumb":{"@id":"https:\/\/www.acps-automotive.com\/hu\/termekek\/rendszerek-az-egyesult-allamok-szamara\/rogzitett-receiver\/#breadcrumb"},"inLanguage":"hu","potentialAction":[{"@type":"ReadAction","target":["https:\/\/www.acps-automotive.com\/hu\/termekek\/rendszerek-az-egyesult-allamok-szamara\/rogzitett-receiver\/"]}]},{"@type":"ImageObject","inLanguage":"hu","@id":"https:\/\/www.acps-automotive.com\/hu\/termekek\/rendszerek-az-egyesult-allamok-szamara\/rogzitett-receiver\/#primaryimage","url":"https:\/\/www.acps-automotive.com\/wp-content\/uploads\/_media\/produkte\/usa\/starre-av\/starre-av.jpg","contentUrl":"https:\/\/www.acps-automotive.com\/wp-content\/uploads\/_media\/produkte\/usa\/starre-av\/starre-av.jpg"},{"@type":"BreadcrumbList","@id":"https:\/\/www.acps-automotive.com\/hu\/termekek\/rendszerek-az-egyesult-allamok-szamara\/rogzitett-receiver\/#breadcrumb","itemListElement":[{"@type":"ListItem","position":1,"name":"Startseite","item":"https:\/\/www.acps-automotive.com\/hu\/"},{"@type":"ListItem","position":2,"name":"Term\u00e9kek","item":"https:\/\/www.acps-automotive.com\/hu\/termekek\/"},{"@type":"ListItem","position":3,"name":"Von\u00f3szerelv\u00e9nyek az amerikai piacra","item":"https:\/\/www.acps-automotive.com\/hu\/termekek\/rendszerek-az-egyesult-allamok-szamara\/"},{"@type":"ListItem","position":4,"name":"R\u00f6gz\u00edtett Receiver"}]},{"@type":"WebSite","@id":"https:\/\/www.acps-automotive.com\/hu\/#website","url":"https:\/\/www.acps-automotive.com\/hu\/","name":"ACPS Automotive GmbH","description":"Innovative Anh\u00e4ngekupplungen","publisher":{"@id":"https:\/\/www.acps-automotive.com\/hu\/#organization"},"potentialAction":[{"@type":"SearchAction","target":{"@type":"EntryPoint","urlTemplate":"https:\/\/www.acps-automotive.com\/hu\/?s={search_term_string}"},"query-input":{"@type":"PropertyValueSpecification","valueRequired":true,"valueName":"search_term_string"}}],"inLanguage":"hu"},{"@type":"Organization","@id":"https:\/\/www.acps-automotive.com\/hu\/#organization","name":"ACPS Automotive GmbH","url":"https:\/\/www.acps-automotive.com\/hu\/","logo":{"@type":"ImageObject","inLanguage":"hu","@id":"https:\/\/www.acps-automotive.com\/hu\/#\/schema\/logo\/image\/","url":"https:\/\/www.acps-automotive.com\/wp-content\/uploads\/_media\/_allgemein\/Logo-Footer-ACPS-Automotive.png","contentUrl":"https:\/\/www.acps-automotive.com\/wp-content\/uploads\/_media\/_allgemein\/Logo-Footer-ACPS-Automotive.png","width":239,"height":32,"caption":"ACPS Automotive GmbH"},"image":{"@id":"https:\/\/www.acps-automotive.com\/hu\/#\/schema\/logo\/image\/"},"sameAs":["https:\/\/x.com\/ACPS_Automotive","https:\/\/www.linkedin.com\/company\/acps-automotive-gmbh\/","https:\/\/www.instagram.com\/acps_ausbildung\/","https:\/\/www.youtube.com\/channel\/UC2jxrgWwpxpkay2aHWV5SaQ"]}]}},"_links":{"self":[{"href":"https:\/\/www.acps-automotive.com\/hu\/wp-json\/wp\/v2\/pages\/27952","targetHints":{"allow":["GET"]}}],"collection":[{"href":"https:\/\/www.acps-automotive.com\/hu\/wp-json\/wp\/v2\/pages"}],"about":[{"href":"https:\/\/www.acps-automotive.com\/hu\/wp-json\/wp\/v2\/types\/page"}],"author":[{"embeddable":true,"href":"https:\/\/www.acps-automotive.com\/hu\/wp-json\/wp\/v2\/users\/8"}],"replies":[{"embeddable":true,"href":"https:\/\/www.acps-automotive.com\/hu\/wp-json\/wp\/v2\/comments?post=27952"}],"version-history":[{"count":7,"href":"https:\/\/www.acps-automotive.com\/hu\/wp-json\/wp\/v2\/pages\/27952\/revisions"}],"predecessor-version":[{"id":29153,"href":"https:\/\/www.acps-automotive.com\/hu\/wp-json\/wp\/v2\/pages\/27952\/revisions\/29153"}],"up":[{"embeddable":true,"href":"https:\/\/www.acps-automotive.com\/hu\/wp-json\/wp\/v2\/pages\/27572"}],"wp:attachment":[{"href":"https:\/\/www.acps-automotive.com\/hu\/wp-json\/wp\/v2\/media?parent=27952"}],"curies":[{"name":"wp","href":"https:\/\/api.w.org\/{rel}","templated":true}]}}