{"id":27924,"date":"2025-12-17T13:33:32","date_gmt":"2025-12-17T12:33:32","guid":{"rendered":"https:\/\/www.acps-automotive.com\/?page_id=27924"},"modified":"2026-03-10T09:04:22","modified_gmt":"2026-03-10T08:04:22","slug":"leszerelheto-receiver","status":"publish","type":"page","link":"https:\/\/www.acps-automotive.com\/hu\/termekek\/rendszerek-az-egyesult-allamok-szamara\/leszerelheto-receiver\/","title":{"rendered":"Leszerelhet\u0151 Receiver"},"content":{"rendered":"<div class=\"vgblk-rw-wrapper limit-wrapper\">\n\n\t<h1><strong>Leszerelhet\u0151<\/strong><br \/>\nReceiver<\/h1>\n\t\t\tVertikal abnehmbar\t\t\n\t\t\t\t<p><strong>Leszerelhet\u0151 Receiver <br \/>&#8211; a funkcion\u00e1lis plusz<\/strong>A f\u00fcgg\u0151legesen leszerelhet\u0151 von\u00f3horog kezel\u00e9se \u00e9s m\u0171k\u00f6d\u00e9se egyszer\u0171: ha a rendszerre nincs sz\u00fcks\u00e9g, a g\u00f6mbcsatlakoz\u00f3 vagy a nyak egyszer\u0171en elt\u00e1vol\u00edthat\u00f3 &#8211; an\u00e9lk\u00fcl, hogy ez rontan\u00e1 a j\u00e1rm\u0171 eszt\u00e9tik\u00e1j\u00e1t. Az ACPS Automotive leszerelhet\u0151 von\u00f3horogjai teljesen automatikusan reteszel\u0151dnek &#8211; ez plusz k\u00e9nyelmet \u00e9s biztons\u00e1got jelent.<\/p><img loading=\"lazy\" decoding=\"async\" src=\"https:\/\/www.acps-automotive.com\/wp-content\/uploads\/_media\/produkte\/usa\/abnehmbare-av\/abnehmbare-av.jpg\" alt=\"USA Abnehmbare Anh\u00e4ngevorrichtungen\" width=\"730\" height=\"720\" \/>\t\t\t\n\t<h4>M\u0171szaki adatok<\/h4>\n<table border=\"0\" width=\"100%\">\n<tbody>\n<tr>\n<td>2&#8243; m\u00e9ret<\/td>\n<td>III oszt\u00e1ly<\/td>\n<\/tr>\n<\/tbody>\n<\/table>\n<p>&nbsp;<\/p>\n<strong>Az itt megadott adatok nem felelnek meg j\u00e1rm\u0171ve specifikus k\u00f6vetelm\u00e9nyeinek?<\/strong><br \/>\nAkkor <a href=\"https:\/\/www.acps-automotive.com\/hu\/kapcsolatfelvetel\/kapcsolatfelveteli-urlap\/\">vegye fel vel\u00fcnk a kapcsolatot<\/a>, mert egyedi alkatr\u00e9szeket \u00e9s megold\u00e1sokat is fejleszt\u00fcnk.\n\t<p><img loading=\"lazy\" decoding=\"async\" src=\"https:\/\/www.acps-automotive.com\/wp-content\/uploads\/_media\/produkte\/usa\/abnehmbare-av\/bild01.jpg\" alt=\"USA Abnehmbare Anh\u00e4ngevorrichtungen\" width=\"410\" height=\"600\" \/><\/p>\n\t<p><img loading=\"lazy\" decoding=\"async\" src=\"https:\/\/www.acps-automotive.com\/wp-content\/uploads\/_media\/produkte\/usa\/abnehmbare-av\/bild02.jpg\" alt=\"USA Abnehmbare Anh\u00e4ngevorrichtungen\" width=\"855\" height=\"440\" \/><\/p>\n\t<p><img loading=\"lazy\" decoding=\"async\" src=\"https:\/\/www.acps-automotive.com\/wp-content\/uploads\/_media\/produkte\/usa\/abnehmbare-av\/bild03.jpg\" alt=\"USA Abnehmbare Anh\u00e4ngevorrichtungen\" width=\"410\" height=\"300\" \/><\/p>\n\t<p><img loading=\"lazy\" decoding=\"async\" src=\"https:\/\/www.acps-automotive.com\/wp-content\/uploads\/_media\/produkte\/usa\/abnehmbare-av\/bild04.jpg\" alt=\"USA Abnehmbare Anh\u00e4ngevorrichtungen\" width=\"410\" height=\"300\" \/><\/p>\n\t<h2>\u00dcgyf\u00e9lig\u00e9nyekhez igaz\u00edtott<br \/>\n<strong>elektromos k\u00e9szletek<\/strong><\/h2>\n<p>A p\u00f3tkocsikhoz illeszked\u0151 elektromos k\u00e9szleteket a neves vezet\u00e9kk\u00e9szlet-gy\u00e1rt\u00f3kkal egy\u00fcttm\u0171k\u00f6dve, az \u00fcgyfelek ig\u00e9nyeinek megfelel\u0151en fejlesztj\u00fck ki. Rendszereinket az aut\u00f3gy\u00e1rt\u00f3k \u00e9s azok hivatalos keresked\u0151i sz\u00e1m\u00e1ra k\u00edn\u00e1ljuk gy\u00e1rt\u00f3sori felszerel\u00e9sre vagy ut\u00f3lagos felszerel\u00e9sre. Ezenk\u00edv\u00fcl mindk\u00e9t ter\u00fclethez p\u00f3talkatr\u00e9szek is rendelkez\u00e9sre \u00e1llnak.<\/p>\n\t<h4><strong>Tov\u00e1bbi von\u00f3szerelv\u00e9nyek<\/strong><br \/>\naz amerikai piacra<\/h4>\n\t<p><a href=\"https:\/\/www.acps-automotive.com\/hu\/termekek\/rendszerek-az-egyesult-allamok-szamara\/rogzitett-receiver\/\">R\u00f6gz\u00edtett Receiver<\/a><\/p>\n<p><a href=\"https:\/\/www.acps-automotive.com\/hu\/termekek\/rendszerek-az-egyesult-allamok-szamara\/rogzitett-receiver\/\"><img loading=\"lazy\" decoding=\"async\" src=\"\/wp-content\/uploads\/_media\/produkte\/usa\/uebersicht\/starre-anhanegevorrichtungen-300x250.jpg\" alt=\"Starre Receiver\" width=\"300\" height=\"250\" \/><\/a><\/p>\n\t<p><a href=\"https:\/\/www.acps-automotive.com\/hu\/termekek\/rendszerek-az-egyesult-allamok-szamara\/forgathato-receiver\/\">Forgathat\u00f3 Receiver<\/a><\/p>\n<p><a href=\"https:\/\/www.acps-automotive.com\/hu\/termekek\/rendszerek-az-egyesult-allamok-szamara\/forgathato-receiver\/\"><img loading=\"lazy\" decoding=\"async\" src=\"\/wp-content\/uploads\/_media\/produkte\/usa\/uebersicht\/schwenkbare-anhanegevorrichtungen-300x250.jpg\" alt=\"Schwenkreceiver \" width=\"300\" height=\"250\" \/><\/a><\/p>\n\t<p><a href=\"https:\/\/www.acps-automotive.com\/hu\/termekek\/rendszerek-az-egyesult-allamok-szamara\/leszerelheto-receiver\/\">Leszerelhet\u0151 Receiver<\/a><\/p>\n<p><a href=\"https:\/\/www.acps-automotive.com\/hu\/termekek\/rendszerek-az-egyesult-allamok-szamara\/leszerelheto-receiver\/\"><img loading=\"lazy\" decoding=\"async\" src=\"\/wp-content\/uploads\/_media\/produkte\/usa\/uebersicht\/abnehmbare-anhanegevorrichtungen-300x250.jpg\" alt=\"Abnehmbarer Receiver \" width=\"300\" height=\"250\" \/><\/a><\/p>\n\t<h2>K\u00e9rd\u00e9se van?<br \/>\n<strong>Tan\u00e1csot adunk<br \/>\n<\/strong><\/h2>\n<p>Ha k\u00e9rd\u00e9se van a von\u00f3szerkezeteinkkel kapcsolatban, k\u00e9rj\u00fck, vegye fel vel\u00fcnk a kapcsolatot.<\/p>\n<p><a href=\"https:\/\/www.acps-automotive.com\/hu\/kapcsolatfelvetel\/kapcsolatfelveteli-urlap\/\"><img loading=\"lazy\" decoding=\"async\" src=\"https:\/\/www.acps-automotive.com\/wp-content\/uploads\/_media\/_allgemein\/pfeil-gross-dunkelblau.png\" alt=\"Pfeil gross dunkelblau\" width=\"67\" height=\"45\" \/>Kapcsolat<\/a><\/p>\n<p>&nbsp;<\/p>\n\n<\/div><!-- .vgblk-rw-wrapper -->","protected":false},"excerpt":{"rendered":"<p>Leszerelhet\u0151 Receiver Vertikal abnehmbar Leszerelhet\u0151 Receiver &#8211; a funkcion\u00e1lis pluszA f\u00fcgg\u0151legesen leszerelhet\u0151 von\u00f3horog kezel\u00e9se \u00e9s m\u0171k\u00f6d\u00e9se egyszer\u0171: ha a rendszerre nincs sz\u00fcks\u00e9g, a g\u00f6mbcsatlakoz\u00f3 vagy a nyak egyszer\u0171en elt\u00e1vol\u00edthat\u00f3 &#8211; an\u00e9lk\u00fcl, hogy ez rontan\u00e1 a j\u00e1rm\u0171 eszt\u00e9tik\u00e1j\u00e1t. Az ACPS Automotive leszerelhet\u0151 von\u00f3horogjai teljesen automatikusan reteszel\u0151dnek &#8211; ez plusz k\u00e9nyelmet \u00e9s biztons\u00e1got jelent. M\u0171szaki adatok 2&#8243;&#8230;<\/p>\n","protected":false},"author":8,"featured_media":0,"parent":27572,"menu_order":1,"comment_status":"closed","ping_status":"closed","template":"","meta":{"inline_featured_image":false,"_price":"","_stock":"","_tribe_ticket_header":"","_tribe_default_ticket_provider":"","_tribe_ticket_capacity":"0","_ticket_start_date":"","_ticket_end_date":"","_tribe_ticket_show_description":"","_tribe_ticket_show_not_going":false,"_tribe_ticket_use_global_stock":"","_tribe_ticket_global_stock_level":"","_global_stock_mode":"","_global_stock_cap":"","_tribe_rsvp_for_event":"","_tribe_ticket_going_count":"","_tribe_ticket_not_going_count":"","_tribe_tickets_list":"[]","_tribe_ticket_has_attendee_info_fields":false,"footnotes":""},"class_list":["post-27924","page","type-page","status-publish","hentry"],"yoast_head":"<!-- This site is optimized with the Yoast SEO plugin v27.4 - https:\/\/yoast.com\/product\/yoast-seo-wordpress\/ -->\n<title>Leszerelhet\u0151 Receiver | ACPS Automotive<\/title>\n<meta name=\"description\" content=\"Leszerelhet\u0151 vev\u0151egys\u00e9g \u2713f\u00fcgg\u0151legesen leszerelhet\u0151 \u2713teljesen automatikus reteszel\u00e9s \u2713gyors \u00e9s egyszer\u0171 \u25ba Ez a megold\u00e1s meg fog gy\u0151zni!\" \/>\n<meta name=\"robots\" content=\"index, follow, max-snippet:-1, max-image-preview:large, max-video-preview:-1\" \/>\n<link rel=\"canonical\" href=\"https:\/\/www.acps-automotive.com\/hu\/termekek\/rendszerek-az-egyesult-allamok-szamara\/leszerelheto-receiver\/\" \/>\n<meta property=\"og:locale\" content=\"hu_HU\" \/>\n<meta property=\"og:type\" content=\"article\" \/>\n<meta property=\"og:title\" content=\"Leszerelhet\u0151 Receiver | ACPS Automotive\" \/>\n<meta property=\"og:description\" content=\"Leszerelhet\u0151 vev\u0151egys\u00e9g \u2713f\u00fcgg\u0151legesen leszerelhet\u0151 \u2713teljesen automatikus reteszel\u00e9s \u2713gyors \u00e9s egyszer\u0171 \u25ba Ez a megold\u00e1s meg fog gy\u0151zni!\" \/>\n<meta property=\"og:url\" content=\"https:\/\/www.acps-automotive.com\/hu\/termekek\/rendszerek-az-egyesult-allamok-szamara\/leszerelheto-receiver\/\" \/>\n<meta property=\"og:site_name\" content=\"ACPS Automotive GmbH\" \/>\n<meta property=\"article:modified_time\" content=\"2026-03-10T08:04:22+00:00\" \/>\n<meta property=\"og:image\" content=\"https:\/\/www.acps-automotive.com\/wp-content\/uploads\/_media\/produkte\/usa\/abnehmbare-av\/abnehmbare-av.jpg\" \/>\n<meta name=\"twitter:card\" content=\"summary_large_image\" \/>\n<meta name=\"twitter:site\" content=\"@ACPS_Automotive\" \/>\n<meta name=\"twitter:label1\" content=\"Becs\u00fclt olvas\u00e1si id\u0151\" \/>\n\t<meta name=\"twitter:data1\" content=\"3 perc\" \/>\n<script type=\"application\/ld+json\" class=\"yoast-schema-graph\">{\"@context\":\"https:\\\/\\\/schema.org\",\"@graph\":[{\"@type\":\"WebPage\",\"@id\":\"https:\\\/\\\/www.acps-automotive.com\\\/hu\\\/termekek\\\/rendszerek-az-egyesult-allamok-szamara\\\/leszerelheto-receiver\\\/\",\"url\":\"https:\\\/\\\/www.acps-automotive.com\\\/hu\\\/termekek\\\/rendszerek-az-egyesult-allamok-szamara\\\/leszerelheto-receiver\\\/\",\"name\":\"Leszerelhet\u0151 Receiver | ACPS Automotive\",\"isPartOf\":{\"@id\":\"https:\\\/\\\/www.acps-automotive.com\\\/hu\\\/#website\"},\"primaryImageOfPage\":{\"@id\":\"https:\\\/\\\/www.acps-automotive.com\\\/hu\\\/termekek\\\/rendszerek-az-egyesult-allamok-szamara\\\/leszerelheto-receiver\\\/#primaryimage\"},\"image\":{\"@id\":\"https:\\\/\\\/www.acps-automotive.com\\\/hu\\\/termekek\\\/rendszerek-az-egyesult-allamok-szamara\\\/leszerelheto-receiver\\\/#primaryimage\"},\"thumbnailUrl\":\"https:\\\/\\\/www.acps-automotive.com\\\/wp-content\\\/uploads\\\/_media\\\/produkte\\\/usa\\\/abnehmbare-av\\\/abnehmbare-av.jpg\",\"datePublished\":\"2025-12-17T12:33:32+00:00\",\"dateModified\":\"2026-03-10T08:04:22+00:00\",\"description\":\"Leszerelhet\u0151 vev\u0151egys\u00e9g \u2713f\u00fcgg\u0151legesen leszerelhet\u0151 \u2713teljesen automatikus reteszel\u00e9s \u2713gyors \u00e9s egyszer\u0171 \u25ba Ez a megold\u00e1s meg fog gy\u0151zni!\",\"breadcrumb\":{\"@id\":\"https:\\\/\\\/www.acps-automotive.com\\\/hu\\\/termekek\\\/rendszerek-az-egyesult-allamok-szamara\\\/leszerelheto-receiver\\\/#breadcrumb\"},\"inLanguage\":\"hu\",\"potentialAction\":[{\"@type\":\"ReadAction\",\"target\":[\"https:\\\/\\\/www.acps-automotive.com\\\/hu\\\/termekek\\\/rendszerek-az-egyesult-allamok-szamara\\\/leszerelheto-receiver\\\/\"]}]},{\"@type\":\"ImageObject\",\"inLanguage\":\"hu\",\"@id\":\"https:\\\/\\\/www.acps-automotive.com\\\/hu\\\/termekek\\\/rendszerek-az-egyesult-allamok-szamara\\\/leszerelheto-receiver\\\/#primaryimage\",\"url\":\"https:\\\/\\\/www.acps-automotive.com\\\/wp-content\\\/uploads\\\/_media\\\/produkte\\\/usa\\\/abnehmbare-av\\\/abnehmbare-av.jpg\",\"contentUrl\":\"https:\\\/\\\/www.acps-automotive.com\\\/wp-content\\\/uploads\\\/_media\\\/produkte\\\/usa\\\/abnehmbare-av\\\/abnehmbare-av.jpg\"},{\"@type\":\"BreadcrumbList\",\"@id\":\"https:\\\/\\\/www.acps-automotive.com\\\/hu\\\/termekek\\\/rendszerek-az-egyesult-allamok-szamara\\\/leszerelheto-receiver\\\/#breadcrumb\",\"itemListElement\":[{\"@type\":\"ListItem\",\"position\":1,\"name\":\"Startseite\",\"item\":\"https:\\\/\\\/www.acps-automotive.com\\\/hu\\\/\"},{\"@type\":\"ListItem\",\"position\":2,\"name\":\"Term\u00e9kek\",\"item\":\"https:\\\/\\\/www.acps-automotive.com\\\/hu\\\/termekek\\\/\"},{\"@type\":\"ListItem\",\"position\":3,\"name\":\"Von\u00f3szerelv\u00e9nyek az amerikai piacra\",\"item\":\"https:\\\/\\\/www.acps-automotive.com\\\/hu\\\/termekek\\\/rendszerek-az-egyesult-allamok-szamara\\\/\"},{\"@type\":\"ListItem\",\"position\":4,\"name\":\"Leszerelhet\u0151 Receiver\"}]},{\"@type\":\"WebSite\",\"@id\":\"https:\\\/\\\/www.acps-automotive.com\\\/hu\\\/#website\",\"url\":\"https:\\\/\\\/www.acps-automotive.com\\\/hu\\\/\",\"name\":\"ACPS Automotive GmbH\",\"description\":\"Innovative Anh\u00e4ngekupplungen\",\"publisher\":{\"@id\":\"https:\\\/\\\/www.acps-automotive.com\\\/hu\\\/#organization\"},\"potentialAction\":[{\"@type\":\"SearchAction\",\"target\":{\"@type\":\"EntryPoint\",\"urlTemplate\":\"https:\\\/\\\/www.acps-automotive.com\\\/hu\\\/?s={search_term_string}\"},\"query-input\":{\"@type\":\"PropertyValueSpecification\",\"valueRequired\":true,\"valueName\":\"search_term_string\"}}],\"inLanguage\":\"hu\"},{\"@type\":\"Organization\",\"@id\":\"https:\\\/\\\/www.acps-automotive.com\\\/hu\\\/#organization\",\"name\":\"ACPS Automotive GmbH\",\"url\":\"https:\\\/\\\/www.acps-automotive.com\\\/hu\\\/\",\"logo\":{\"@type\":\"ImageObject\",\"inLanguage\":\"hu\",\"@id\":\"https:\\\/\\\/www.acps-automotive.com\\\/hu\\\/#\\\/schema\\\/logo\\\/image\\\/\",\"url\":\"https:\\\/\\\/www.acps-automotive.com\\\/wp-content\\\/uploads\\\/_media\\\/_allgemein\\\/Logo-Footer-ACPS-Automotive.png\",\"contentUrl\":\"https:\\\/\\\/www.acps-automotive.com\\\/wp-content\\\/uploads\\\/_media\\\/_allgemein\\\/Logo-Footer-ACPS-Automotive.png\",\"width\":239,\"height\":32,\"caption\":\"ACPS Automotive GmbH\"},\"image\":{\"@id\":\"https:\\\/\\\/www.acps-automotive.com\\\/hu\\\/#\\\/schema\\\/logo\\\/image\\\/\"},\"sameAs\":[\"https:\\\/\\\/x.com\\\/ACPS_Automotive\",\"https:\\\/\\\/www.linkedin.com\\\/company\\\/acps-automotive-gmbh\\\/\",\"https:\\\/\\\/www.instagram.com\\\/acps_ausbildung\\\/\",\"https:\\\/\\\/www.youtube.com\\\/channel\\\/UC2jxrgWwpxpkay2aHWV5SaQ\"]}]}<\/script>\n<!-- \/ Yoast SEO plugin. -->","yoast_head_json":{"title":"Leszerelhet\u0151 Receiver | ACPS Automotive","description":"Leszerelhet\u0151 vev\u0151egys\u00e9g \u2713f\u00fcgg\u0151legesen leszerelhet\u0151 \u2713teljesen automatikus reteszel\u00e9s \u2713gyors \u00e9s egyszer\u0171 \u25ba Ez a megold\u00e1s meg fog gy\u0151zni!","robots":{"index":"index","follow":"follow","max-snippet":"max-snippet:-1","max-image-preview":"max-image-preview:large","max-video-preview":"max-video-preview:-1"},"canonical":"https:\/\/www.acps-automotive.com\/hu\/termekek\/rendszerek-az-egyesult-allamok-szamara\/leszerelheto-receiver\/","og_locale":"hu_HU","og_type":"article","og_title":"Leszerelhet\u0151 Receiver | ACPS Automotive","og_description":"Leszerelhet\u0151 vev\u0151egys\u00e9g \u2713f\u00fcgg\u0151legesen leszerelhet\u0151 \u2713teljesen automatikus reteszel\u00e9s \u2713gyors \u00e9s egyszer\u0171 \u25ba Ez a megold\u00e1s meg fog gy\u0151zni!","og_url":"https:\/\/www.acps-automotive.com\/hu\/termekek\/rendszerek-az-egyesult-allamok-szamara\/leszerelheto-receiver\/","og_site_name":"ACPS Automotive GmbH","article_modified_time":"2026-03-10T08:04:22+00:00","og_image":[{"url":"https:\/\/www.acps-automotive.com\/wp-content\/uploads\/_media\/produkte\/usa\/abnehmbare-av\/abnehmbare-av.jpg","type":"","width":"","height":""}],"twitter_card":"summary_large_image","twitter_site":"@ACPS_Automotive","twitter_misc":{"Becs\u00fclt olvas\u00e1si id\u0151":"3 perc"},"schema":{"@context":"https:\/\/schema.org","@graph":[{"@type":"WebPage","@id":"https:\/\/www.acps-automotive.com\/hu\/termekek\/rendszerek-az-egyesult-allamok-szamara\/leszerelheto-receiver\/","url":"https:\/\/www.acps-automotive.com\/hu\/termekek\/rendszerek-az-egyesult-allamok-szamara\/leszerelheto-receiver\/","name":"Leszerelhet\u0151 Receiver | ACPS Automotive","isPartOf":{"@id":"https:\/\/www.acps-automotive.com\/hu\/#website"},"primaryImageOfPage":{"@id":"https:\/\/www.acps-automotive.com\/hu\/termekek\/rendszerek-az-egyesult-allamok-szamara\/leszerelheto-receiver\/#primaryimage"},"image":{"@id":"https:\/\/www.acps-automotive.com\/hu\/termekek\/rendszerek-az-egyesult-allamok-szamara\/leszerelheto-receiver\/#primaryimage"},"thumbnailUrl":"https:\/\/www.acps-automotive.com\/wp-content\/uploads\/_media\/produkte\/usa\/abnehmbare-av\/abnehmbare-av.jpg","datePublished":"2025-12-17T12:33:32+00:00","dateModified":"2026-03-10T08:04:22+00:00","description":"Leszerelhet\u0151 vev\u0151egys\u00e9g \u2713f\u00fcgg\u0151legesen leszerelhet\u0151 \u2713teljesen automatikus reteszel\u00e9s \u2713gyors \u00e9s egyszer\u0171 \u25ba Ez a megold\u00e1s meg fog gy\u0151zni!","breadcrumb":{"@id":"https:\/\/www.acps-automotive.com\/hu\/termekek\/rendszerek-az-egyesult-allamok-szamara\/leszerelheto-receiver\/#breadcrumb"},"inLanguage":"hu","potentialAction":[{"@type":"ReadAction","target":["https:\/\/www.acps-automotive.com\/hu\/termekek\/rendszerek-az-egyesult-allamok-szamara\/leszerelheto-receiver\/"]}]},{"@type":"ImageObject","inLanguage":"hu","@id":"https:\/\/www.acps-automotive.com\/hu\/termekek\/rendszerek-az-egyesult-allamok-szamara\/leszerelheto-receiver\/#primaryimage","url":"https:\/\/www.acps-automotive.com\/wp-content\/uploads\/_media\/produkte\/usa\/abnehmbare-av\/abnehmbare-av.jpg","contentUrl":"https:\/\/www.acps-automotive.com\/wp-content\/uploads\/_media\/produkte\/usa\/abnehmbare-av\/abnehmbare-av.jpg"},{"@type":"BreadcrumbList","@id":"https:\/\/www.acps-automotive.com\/hu\/termekek\/rendszerek-az-egyesult-allamok-szamara\/leszerelheto-receiver\/#breadcrumb","itemListElement":[{"@type":"ListItem","position":1,"name":"Startseite","item":"https:\/\/www.acps-automotive.com\/hu\/"},{"@type":"ListItem","position":2,"name":"Term\u00e9kek","item":"https:\/\/www.acps-automotive.com\/hu\/termekek\/"},{"@type":"ListItem","position":3,"name":"Von\u00f3szerelv\u00e9nyek az amerikai piacra","item":"https:\/\/www.acps-automotive.com\/hu\/termekek\/rendszerek-az-egyesult-allamok-szamara\/"},{"@type":"ListItem","position":4,"name":"Leszerelhet\u0151 Receiver"}]},{"@type":"WebSite","@id":"https:\/\/www.acps-automotive.com\/hu\/#website","url":"https:\/\/www.acps-automotive.com\/hu\/","name":"ACPS Automotive GmbH","description":"Innovative Anh\u00e4ngekupplungen","publisher":{"@id":"https:\/\/www.acps-automotive.com\/hu\/#organization"},"potentialAction":[{"@type":"SearchAction","target":{"@type":"EntryPoint","urlTemplate":"https:\/\/www.acps-automotive.com\/hu\/?s={search_term_string}"},"query-input":{"@type":"PropertyValueSpecification","valueRequired":true,"valueName":"search_term_string"}}],"inLanguage":"hu"},{"@type":"Organization","@id":"https:\/\/www.acps-automotive.com\/hu\/#organization","name":"ACPS Automotive GmbH","url":"https:\/\/www.acps-automotive.com\/hu\/","logo":{"@type":"ImageObject","inLanguage":"hu","@id":"https:\/\/www.acps-automotive.com\/hu\/#\/schema\/logo\/image\/","url":"https:\/\/www.acps-automotive.com\/wp-content\/uploads\/_media\/_allgemein\/Logo-Footer-ACPS-Automotive.png","contentUrl":"https:\/\/www.acps-automotive.com\/wp-content\/uploads\/_media\/_allgemein\/Logo-Footer-ACPS-Automotive.png","width":239,"height":32,"caption":"ACPS Automotive GmbH"},"image":{"@id":"https:\/\/www.acps-automotive.com\/hu\/#\/schema\/logo\/image\/"},"sameAs":["https:\/\/x.com\/ACPS_Automotive","https:\/\/www.linkedin.com\/company\/acps-automotive-gmbh\/","https:\/\/www.instagram.com\/acps_ausbildung\/","https:\/\/www.youtube.com\/channel\/UC2jxrgWwpxpkay2aHWV5SaQ"]}]}},"_links":{"self":[{"href":"https:\/\/www.acps-automotive.com\/hu\/wp-json\/wp\/v2\/pages\/27924","targetHints":{"allow":["GET"]}}],"collection":[{"href":"https:\/\/www.acps-automotive.com\/hu\/wp-json\/wp\/v2\/pages"}],"about":[{"href":"https:\/\/www.acps-automotive.com\/hu\/wp-json\/wp\/v2\/types\/page"}],"author":[{"embeddable":true,"href":"https:\/\/www.acps-automotive.com\/hu\/wp-json\/wp\/v2\/users\/8"}],"replies":[{"embeddable":true,"href":"https:\/\/www.acps-automotive.com\/hu\/wp-json\/wp\/v2\/comments?post=27924"}],"version-history":[{"count":5,"href":"https:\/\/www.acps-automotive.com\/hu\/wp-json\/wp\/v2\/pages\/27924\/revisions"}],"predecessor-version":[{"id":29151,"href":"https:\/\/www.acps-automotive.com\/hu\/wp-json\/wp\/v2\/pages\/27924\/revisions\/29151"}],"up":[{"embeddable":true,"href":"https:\/\/www.acps-automotive.com\/hu\/wp-json\/wp\/v2\/pages\/27572"}],"wp:attachment":[{"href":"https:\/\/www.acps-automotive.com\/hu\/wp-json\/wp\/v2\/media?parent=27924"}],"curies":[{"name":"wp","href":"https:\/\/api.w.org\/{rel}","templated":true}]}}