{"id":27916,"date":"2025-12-17T13:07:54","date_gmt":"2025-12-17T12:07:54","guid":{"rendered":"https:\/\/www.acps-automotive.com\/?page_id=27916"},"modified":"2026-03-10T09:05:30","modified_gmt":"2026-03-10T08:05:30","slug":"forgathato-receiver","status":"publish","type":"page","link":"https:\/\/www.acps-automotive.com\/hu\/termekek\/rendszerek-az-egyesult-allamok-szamara\/forgathato-receiver\/","title":{"rendered":"Forgathat\u00f3 receiver"},"content":{"rendered":"<div class=\"vgblk-rw-wrapper limit-wrapper\">\n\n\t<h1><strong>Forgathat\u00f3<\/strong><br \/>\nReceiver<\/h1>\n\t\t\tF\u00e9lig elektromos forgathat\u00f3 receiver\t\t\n\t\t\tK\u00e9zi forgathat\u00f3 receiver\t\t\n\t\t\t\t<p><strong>F\u00e9lig elektromos forgathat\u00f3 receiver<\/strong><h5>El\u0151ny\u00f6k<\/h5><ul><li>Karbantart\u00e1smentes<\/li><li>Nagyon gyorsan \u00fczemk\u00e9sz<\/li><li>K\u00e9nyelmes<\/li><li>Sz\u00fcks\u00e9g eset\u00e9n rendelkez\u00e9sre \u00e1ll\u00f3 vev\u0151egys\u00e9g optikai kialak\u00edt\u00e1s\u00e1nak korl\u00e1toz\u00e1sa n\u00e9lk\u00fcl &#8211; nincs sz\u00fcks\u00e9g burkolatra vagy kiv\u00e1g\u00e1sra a l\u00f6kh\u00e1r\u00edt\u00f3ban<\/li><li>Nyugalmi helyzetben a vev\u0151 \u00e9s a csatlakoz\u00f3 nem l\u00e1that\u00f3<\/li><li>Rendszerellen\u0151rz\u00e9s LED-kijelz\u0151vel \u00e9s\/vagy hangjelz\u00e9ssel<\/li><li>V\u00edz\u00e1ll\u00f3 rendszer, \u00edgy v\u00edz\u00e1ll\u00f3<\/li><li>A csatlakoz\u00f3 a vev\u0151vel egy\u00fctt kiny\u00edlik, \u00e9s ergon\u00f3miailag kedvez\u0151 helyen van elhelyezve<\/li><li>Bev\u00e1lt technol\u00f3gi\u00e1n alapul\u00f3 forg\u00f3 rendszer, amelyet az EU-ban \u00e9vek \u00f3ta haszn\u00e1lnak<\/li><\/ul><img loading=\"lazy\" decoding=\"async\" src=\"https:\/\/www.acps-automotive.com\/wp-content\/uploads\/_media\/produkte\/usa\/schwenkbare-av\/schwenkbare-av.jpg\" alt=\"USA Schwenkbare Anh\u00e4ngevorrichtungen\" width=\"730\" height=\"720\" \/><h5>M\u0171szaki adatok<\/h5><table border=\"0\" width=\"40%\"><tbody><tr><td><strong>1 \u00bc&#8221; m\u00e9ret<\/strong><\/td><td>I &#8211; II oszt\u00e1ly<\/td><\/tr><tr><td><strong>2&#8243; m\u00e9ret<\/strong><\/td><td>III oszt\u00e1ly<\/td><\/tr><\/tbody><\/table><strong>Az itt megadott adatok nem felelnek meg j\u00e1rm\u0171ve specifikus k\u00f6vetelm\u00e9nyeinek?<\/strong><br \/>Akkor <a href=\"https:\/\/www.acps-automotive.com\/hu\/kapcsolatfelvetel\/kapcsolatfelveteli-urlap\/\">vegye fel vel\u00fcnk a kapcsolatot<\/a>, mert egyedi alkatr\u00e9szeket \u00e9s megold\u00e1sokat is fejleszt\u00fcnk.<h5>Kezel\u00e9s &#8211; gyors, ergon\u00f3mikus, kompakt<\/h5>A gomb megnyom\u00e1s\u00e1val a f\u00e9lig elektromos, forgathat\u00f3 von\u00f3szerkezet b\u00e1rmikor k\u00e9szen \u00e1ll a haszn\u00e1latra. Nyugalmi helyzetben nem l\u00e1that\u00f3, \u00edgy biztos\u00edtva a t\u00f6k\u00e9letes diz\u00e1jnt. A piacon egyed\u00fcl\u00e1ll\u00f3 a forg\u00f3 vev\u0151egys\u00e9g, amely optim\u00e1lisan el\u00e9rhet\u0151 a felhaszn\u00e1l\u00f3 sz\u00e1m\u00e1ra, \u00edgy biztos\u00edtva a legmagasabb szint\u0171 ergon\u00f3mi\u00e1t. A ferde tengelyes forg\u00f3rendszer \u00e9s a vev\u0151cs\u0151 kombin\u00e1ci\u00f3ja szabadalmaztatott, \u00e9s csak az ACPS Automotive haszn\u00e1lhatja.<h5>Haszn\u00e1lati utas\u00edt\u00e1s<\/h5>A csomagtart\u00f3ban tal\u00e1lhat\u00f3 gomb megnyom\u00e1s\u00e1val a vev\u0151egys\u00e9g m\u0171k\u00f6d\u00e9si helyzetbe forgathat\u00f3.<br \/>A villog\u00f3 piros LED-kijelz\u0151 \u00e9s\/vagy a hangjelz\u00e9s jelzi, hogy a reteszel\u00e9s felold\u00f3dott. Egy k\u00f6nny\u0171 mozdulattal a vev\u0151 \u00fczembe helyezhet\u0151 \u00e9s automatikusan reteszel\u0151dik.<br \/>A biztons\u00e1gos reteszel\u00e9s ut\u00e1n a jelz\u0151f\u00e9ny kialszik \u00e9s\/vagy a hangjelz\u00e9s le\u00e1ll.<br \/>K\u00e9nyelmes, k\u00f6nny\u0171 hozz\u00e1f\u00e9r\u00e9s a csatlakoz\u00f3aljzathoz, mivel az a vev\u0151h\u00f6z van r\u00f6gz\u00edtve.<\/p>\t\t\t\n\t\t\t\t<p><strong>K\u00e9zi forgathat\u00f3 receiver<\/strong><h5>El\u0151ny\u00f6k<\/h5><ul><li>Karbantart\u00e1smentes<\/li><li>Gyorsan \u00fczembe helyezhet\u0151<\/li><li>Kompakt<\/li><li>K\u00e9nyelmes<\/li><li>Robusztus<\/li><li>Sz\u00fcks\u00e9g eset\u00e9n rendelkez\u00e9sre \u00e1ll\u00f3 vev\u0151egys\u00e9g optikai kialak\u00edt\u00e1sbeli korl\u00e1toz\u00e1sok n\u00e9lk\u00fcl &#8211; nincs sz\u00fcks\u00e9g a l\u00f6kh\u00e1r\u00edt\u00f3 kiv\u00e1g\u00e1s\u00e1ra<\/li><li>A reteszel\u00e9s a behelyezett tartoz\u00e9kokkal (g\u00f6mbfej \/ ker\u00e9kp\u00e1rtart\u00f3) t\u00f6rt\u00e9nik, kieg\u00e9sz\u00edt\u0151 m\u00e1sodlagos reteszel\u00e9s opci\u00f3val<\/li><li>V\u00edz\u00e1ll\u00f3 rendszer, \u00edgy v\u00edz\u00e1ll\u00f3<\/li><li>A csatlakoz\u00f3aljzat a vev\u0151vel egy\u00fctt kiny\u00edlik, \u00e9s ergon\u00f3miailag kedvez\u0151 helyen van elhelyezve<\/li><\/ul><img loading=\"lazy\" decoding=\"async\" src=\"https:\/\/www.acps-automotive.com\/wp-content\/uploads\/_media\/produkte\/usa\/schwenkbare-av\/manuell-schwenkbare-av.jpg\" alt=\"\" width=\"730\" height=\"720\" \/><h5>M\u0171szaki adatok<\/h5><table border=\"0\" width=\"40%\"><tbody><tr><td><strong>2&#8243; m\u00e9ret<\/strong><\/td><td>III oszt\u00e1ly<\/td><\/tr><\/tbody><\/table><strong>Az itt megadott adatok nem felelnek meg j\u00e1rm\u0171ve specifikus k\u00f6vetelm\u00e9nyeinek?<\/strong><br \/>Akkor <a href=\"https:\/\/www.acps-automotive.com\/hu\/kapcsolatfelvetel\/kapcsolatfelveteli-urlap\/\">vegye fel vel\u00fcnk a kapcsolatot<\/a>, mert egyedi alkatr\u00e9szeket \u00e9s megold\u00e1sokat is fejleszt\u00fcnk.<h5>Gyorsan haszn\u00e1latra k\u00e9sz<\/h5>A j\u00e1rm\u0171 alatt tal\u00e1lhat\u00f3 kar megnyom\u00e1s\u00e1val a nem l\u00e1that\u00f3 szerel\u00e9si t\u00e9rben elhelyezett forg\u00f3 vev\u0151nk kiold a reteszel\u00e9sb\u0151l. A kar teljes kih\u00faz\u00e1s\u00e1val a rendszer v\u00e9gpoz\u00edci\u00f3ba ker\u00fcl, \u00e9s a kar elenged\u00e9se ut\u00e1n automatikusan reteszel\u0151dik.<h5>Ergon\u00f3mikusan kialak\u00edtott<\/h5>Az ACPS Automotive k\u00e9zi forgathat\u00f3 rendszere nemcsak egyszer\u0171 \u00e9s ergon\u00f3mikus kezelhet\u0151s\u00e9g\u00e9vel t\u0171nik ki, hanem a forg\u00f3modul mellett elhelyezett aljzattal is. Ez sz\u00fcks\u00e9ges a j\u00e1rm\u0171 \u00e9s a p\u00f3tkocsi vagy a hordoz\u00f3 rendszer elektromos csatlakoz\u00e1s\u00e1hoz. Ezzel a elhelyez\u00e9ssel a legnagyobb ergon\u00f3miai k\u00e9nyelmet biztos\u00edtja, \u00e9s egyed\u00fcl\u00e1ll\u00f3an k\u00f6nnyen el\u00e9rhet\u0151.<h5>Kompakt be\u00e9p\u00edt\u00e9s<\/h5>A manu\u00e1lis forgathat\u00f3 vev\u0151egys\u00e9g a forgat\u00e1si folyamat speci\u00e1lis geometri\u00e1ja miatt.<\/p>\t\t\t\n\t<h2><strong>\u00dcgyf\u00e9lig\u00e9nyekhez igaz\u00edtott<\/strong><br \/>\nelektromos k\u00e9szletek<\/h2>\n<p>A p\u00f3tkocsikhoz illeszked\u0151 elektromos k\u00e9szleteket a neves vezet\u00e9kk\u00e9szlet-gy\u00e1rt\u00f3kkal egy\u00fcttm\u0171k\u00f6dve, az \u00fcgyfelek ig\u00e9nyeinek megfelel\u0151en fejlesztj\u00fck ki. Rendszereinket az aut\u00f3gy\u00e1rt\u00f3k \u00e9s azok hivatalos keresked\u0151i sz\u00e1m\u00e1ra k\u00edn\u00e1ljuk gy\u00e1ri felszerelts\u00e9gk\u00e9nt vagy ut\u00f3lagos felszerelts\u00e9gk\u00e9nt. Ezenk\u00edv\u00fcl mindk\u00e9t ter\u00fclethez p\u00f3talkatr\u00e9szek is rendelkez\u00e9sre \u00e1llnak.<\/p>\n\t<h4><strong>Tov\u00e1bbi von\u00f3szerelv\u00e9nyek<\/strong><br \/>\naz amerikai piacra<\/h4>\n\t<p><a href=\"https:\/\/www.acps-automotive.com\/hu\/termekek\/rendszerek-az-egyesult-allamok-szamara\/rogzitett-receiver\/\">R\u00f6gz\u00edtett Receiver<\/a><\/p>\n<p><a href=\"https:\/\/www.acps-automotive.com\/hu\/termekek\/rendszerek-az-egyesult-allamok-szamara\/rogzitett-receiver\/\"><img loading=\"lazy\" decoding=\"async\" src=\"\/wp-content\/uploads\/_media\/produkte\/usa\/uebersicht\/abnehmbare-anhanegevorrichtungen-300x250.jpg\" alt=\"Abnehmbarer Receiver \" width=\"300\" height=\"250\" \/><\/a><\/p>\n\t<p><a href=\"https:\/\/www.acps-automotive.com\/hu\/termekek\/rendszerek-az-egyesult-allamok-szamara\/leszerelheto-receiver\/\">Leszerelhet\u0151 Receiver<\/a><\/p>\n<p><a href=\"https:\/\/www.acps-automotive.com\/hu\/termekek\/rendszerek-az-egyesult-allamok-szamara\/leszerelheto-receiver\/\"><img loading=\"lazy\" decoding=\"async\" src=\"\/wp-content\/uploads\/_media\/produkte\/usa\/uebersicht\/starre-anhanegevorrichtungen-300x250.jpg\" alt=\"Starre Receiver\" width=\"300\" height=\"250\" \/><\/a><\/p>\n\t<p><a href=\"https:\/\/www.acps-automotive.com\/hu\/termekek\/rendszerek-az-egyesult-allamok-szamara\/forgathato-receiver\/\">Forgathat\u00f3 Receiver<\/a><\/p>\n<p><a href=\"https:\/\/www.acps-automotive.com\/hu\/termekek\/rendszerek-az-egyesult-allamok-szamara\/forgathato-receiver\/\"><img loading=\"lazy\" decoding=\"async\" src=\"\/wp-content\/uploads\/_media\/produkte\/usa\/uebersicht\/schwenkbare-anhanegevorrichtungen-300x250.jpg\" alt=\"Schwenkreceiver \" width=\"300\" height=\"250\" \/><\/a><\/p>\n\t<h2>K\u00e9rd\u00e9se van?<br \/>\n<strong>Tan\u00e1csot adunk<br \/>\n<\/strong><\/h2>\n<p>Ha k\u00e9rd\u00e9se van a von\u00f3szerkezeteinkkel kapcsolatban, k\u00e9rj\u00fck, vegye fel vel\u00fcnk a kapcsolatot.<\/p>\n<p><a href=\"https:\/\/www.acps-automotive.com\/hu\/kapcsolatfelvetel\/kapcsolatfelveteli-urlap\/\"><img loading=\"lazy\" decoding=\"async\" src=\"https:\/\/www.acps-automotive.com\/wp-content\/uploads\/_media\/_allgemein\/pfeil-gross-dunkelblau.png\" alt=\"Pfeil gross dunkelblau\" width=\"67\" height=\"45\" \/>Kapcsolat<\/a><\/p>\n<p>&nbsp;<\/p>\n\n<\/div><!-- .vgblk-rw-wrapper -->","protected":false},"excerpt":{"rendered":"<p>Forgathat\u00f3 Receiver F\u00e9lig elektromos forgathat\u00f3 receiver K\u00e9zi forgathat\u00f3 receiver F\u00e9lig elektromos forgathat\u00f3 receiver El\u0151ny\u00f6k Karbantart\u00e1smentes Nagyon gyorsan \u00fczemk\u00e9sz K\u00e9nyelmes Sz\u00fcks\u00e9g eset\u00e9n rendelkez\u00e9sre \u00e1ll\u00f3 vev\u0151egys\u00e9g optikai kialak\u00edt\u00e1s\u00e1nak korl\u00e1toz\u00e1sa n\u00e9lk\u00fcl &#8211; nincs sz\u00fcks\u00e9g burkolatra vagy kiv\u00e1g\u00e1sra a l\u00f6kh\u00e1r\u00edt\u00f3ban Nyugalmi helyzetben a vev\u0151 \u00e9s a csatlakoz\u00f3 nem l\u00e1that\u00f3 Rendszerellen\u0151rz\u00e9s LED-kijelz\u0151vel \u00e9s\/vagy hangjelz\u00e9ssel V\u00edz\u00e1ll\u00f3 rendszer, \u00edgy v\u00edz\u00e1ll\u00f3 A csatlakoz\u00f3&#8230;<\/p>\n","protected":false},"author":8,"featured_media":0,"parent":27572,"menu_order":0,"comment_status":"closed","ping_status":"closed","template":"","meta":{"inline_featured_image":false,"_price":"","_stock":"","_tribe_ticket_header":"","_tribe_default_ticket_provider":"","_tribe_ticket_capacity":"0","_ticket_start_date":"","_ticket_end_date":"","_tribe_ticket_show_description":"","_tribe_ticket_show_not_going":false,"_tribe_ticket_use_global_stock":"","_tribe_ticket_global_stock_level":"","_global_stock_mode":"","_global_stock_cap":"","_tribe_rsvp_for_event":"","_tribe_ticket_going_count":"","_tribe_ticket_not_going_count":"","_tribe_tickets_list":"[]","_tribe_ticket_has_attendee_info_fields":false,"footnotes":""},"class_list":["post-27916","page","type-page","status-publish","hentry"],"yoast_head":"<!-- This site is optimized with the Yoast SEO plugin v27.2 - https:\/\/yoast.com\/product\/yoast-seo-wordpress\/ -->\n<title>Forgathat\u00f3 receiver | ACPS Automotive<\/title>\n<meta name=\"description\" content=\"F\u00e9lig elektromos forg\u00f3 vev\u0151egys\u00e9g \u2713k\u00fcl\u00f6n\u00f6sen innovat\u00edv \u00e9s felhaszn\u00e1l\u00f3bar\u00e1t \u2713nagyon gyorsan \u00fczembe helyezhet\u0151 \u25ba Ezek az el\u0151ny\u00f6k meggy\u0151z\u0151ek\" \/>\n<meta name=\"robots\" content=\"index, follow, max-snippet:-1, max-image-preview:large, max-video-preview:-1\" \/>\n<link rel=\"canonical\" href=\"https:\/\/www.acps-automotive.com\/hu\/termekek\/rendszerek-az-egyesult-allamok-szamara\/forgathato-receiver\/\" \/>\n<meta property=\"og:locale\" content=\"hu_HU\" \/>\n<meta property=\"og:type\" content=\"article\" \/>\n<meta property=\"og:title\" content=\"Forgathat\u00f3 receiver | ACPS Automotive\" \/>\n<meta property=\"og:description\" content=\"F\u00e9lig elektromos forg\u00f3 vev\u0151egys\u00e9g \u2713k\u00fcl\u00f6n\u00f6sen innovat\u00edv \u00e9s felhaszn\u00e1l\u00f3bar\u00e1t \u2713nagyon gyorsan \u00fczembe helyezhet\u0151 \u25ba Ezek az el\u0151ny\u00f6k meggy\u0151z\u0151ek\" \/>\n<meta property=\"og:url\" content=\"https:\/\/www.acps-automotive.com\/hu\/termekek\/rendszerek-az-egyesult-allamok-szamara\/forgathato-receiver\/\" \/>\n<meta property=\"og:site_name\" content=\"ACPS Automotive GmbH\" \/>\n<meta property=\"article:modified_time\" content=\"2026-03-10T08:05:30+00:00\" \/>\n<meta property=\"og:image\" content=\"https:\/\/www.acps-automotive.com\/wp-content\/uploads\/_media\/produkte\/usa\/schwenkbare-av\/schwenkbare-av.jpg\" \/>\n<meta name=\"twitter:card\" content=\"summary_large_image\" \/>\n<meta name=\"twitter:site\" content=\"@ACPS_Automotive\" \/>\n<meta name=\"twitter:label1\" content=\"Becs\u00fclt olvas\u00e1si id\u0151\" \/>\n\t<meta name=\"twitter:data1\" content=\"4 perc\" \/>\n<script type=\"application\/ld+json\" class=\"yoast-schema-graph\">{\"@context\":\"https:\/\/schema.org\",\"@graph\":[{\"@type\":\"WebPage\",\"@id\":\"https:\/\/www.acps-automotive.com\/hu\/termekek\/rendszerek-az-egyesult-allamok-szamara\/forgathato-receiver\/\",\"url\":\"https:\/\/www.acps-automotive.com\/hu\/termekek\/rendszerek-az-egyesult-allamok-szamara\/forgathato-receiver\/\",\"name\":\"Forgathat\u00f3 receiver | ACPS Automotive\",\"isPartOf\":{\"@id\":\"https:\/\/www.acps-automotive.com\/hu\/#website\"},\"primaryImageOfPage\":{\"@id\":\"https:\/\/www.acps-automotive.com\/hu\/termekek\/rendszerek-az-egyesult-allamok-szamara\/forgathato-receiver\/#primaryimage\"},\"image\":{\"@id\":\"https:\/\/www.acps-automotive.com\/hu\/termekek\/rendszerek-az-egyesult-allamok-szamara\/forgathato-receiver\/#primaryimage\"},\"thumbnailUrl\":\"https:\/\/www.acps-automotive.com\/wp-content\/uploads\/_media\/produkte\/usa\/schwenkbare-av\/schwenkbare-av.jpg\",\"datePublished\":\"2025-12-17T12:07:54+00:00\",\"dateModified\":\"2026-03-10T08:05:30+00:00\",\"description\":\"F\u00e9lig elektromos forg\u00f3 vev\u0151egys\u00e9g \u2713k\u00fcl\u00f6n\u00f6sen innovat\u00edv \u00e9s felhaszn\u00e1l\u00f3bar\u00e1t \u2713nagyon gyorsan \u00fczembe helyezhet\u0151 \u25ba Ezek az el\u0151ny\u00f6k meggy\u0151z\u0151ek\",\"breadcrumb\":{\"@id\":\"https:\/\/www.acps-automotive.com\/hu\/termekek\/rendszerek-az-egyesult-allamok-szamara\/forgathato-receiver\/#breadcrumb\"},\"inLanguage\":\"hu\",\"potentialAction\":[{\"@type\":\"ReadAction\",\"target\":[\"https:\/\/www.acps-automotive.com\/hu\/termekek\/rendszerek-az-egyesult-allamok-szamara\/forgathato-receiver\/\"]}]},{\"@type\":\"ImageObject\",\"inLanguage\":\"hu\",\"@id\":\"https:\/\/www.acps-automotive.com\/hu\/termekek\/rendszerek-az-egyesult-allamok-szamara\/forgathato-receiver\/#primaryimage\",\"url\":\"https:\/\/www.acps-automotive.com\/wp-content\/uploads\/_media\/produkte\/usa\/schwenkbare-av\/schwenkbare-av.jpg\",\"contentUrl\":\"https:\/\/www.acps-automotive.com\/wp-content\/uploads\/_media\/produkte\/usa\/schwenkbare-av\/schwenkbare-av.jpg\"},{\"@type\":\"BreadcrumbList\",\"@id\":\"https:\/\/www.acps-automotive.com\/hu\/termekek\/rendszerek-az-egyesult-allamok-szamara\/forgathato-receiver\/#breadcrumb\",\"itemListElement\":[{\"@type\":\"ListItem\",\"position\":1,\"name\":\"Startseite\",\"item\":\"https:\/\/www.acps-automotive.com\/hu\/\"},{\"@type\":\"ListItem\",\"position\":2,\"name\":\"Term\u00e9kek\",\"item\":\"https:\/\/www.acps-automotive.com\/hu\/termekek\/\"},{\"@type\":\"ListItem\",\"position\":3,\"name\":\"Von\u00f3szerelv\u00e9nyek az amerikai piacra\",\"item\":\"https:\/\/www.acps-automotive.com\/hu\/termekek\/rendszerek-az-egyesult-allamok-szamara\/\"},{\"@type\":\"ListItem\",\"position\":4,\"name\":\"Forgathat\u00f3 receiver\"}]},{\"@type\":\"WebSite\",\"@id\":\"https:\/\/www.acps-automotive.com\/hu\/#website\",\"url\":\"https:\/\/www.acps-automotive.com\/hu\/\",\"name\":\"ACPS Automotive GmbH\",\"description\":\"Innovative Anh\u00e4ngekupplungen\",\"publisher\":{\"@id\":\"https:\/\/www.acps-automotive.com\/hu\/#organization\"},\"potentialAction\":[{\"@type\":\"SearchAction\",\"target\":{\"@type\":\"EntryPoint\",\"urlTemplate\":\"https:\/\/www.acps-automotive.com\/hu\/?s={search_term_string}\"},\"query-input\":{\"@type\":\"PropertyValueSpecification\",\"valueRequired\":true,\"valueName\":\"search_term_string\"}}],\"inLanguage\":\"hu\"},{\"@type\":\"Organization\",\"@id\":\"https:\/\/www.acps-automotive.com\/hu\/#organization\",\"name\":\"ACPS Automotive GmbH\",\"url\":\"https:\/\/www.acps-automotive.com\/hu\/\",\"logo\":{\"@type\":\"ImageObject\",\"inLanguage\":\"hu\",\"@id\":\"https:\/\/www.acps-automotive.com\/hu\/#\/schema\/logo\/image\/\",\"url\":\"https:\/\/www.acps-automotive.com\/wp-content\/uploads\/_media\/_allgemein\/Logo-Footer-ACPS-Automotive.png\",\"contentUrl\":\"https:\/\/www.acps-automotive.com\/wp-content\/uploads\/_media\/_allgemein\/Logo-Footer-ACPS-Automotive.png\",\"width\":239,\"height\":32,\"caption\":\"ACPS Automotive GmbH\"},\"image\":{\"@id\":\"https:\/\/www.acps-automotive.com\/hu\/#\/schema\/logo\/image\/\"},\"sameAs\":[\"https:\/\/x.com\/ACPS_Automotive\",\"https:\/\/www.linkedin.com\/company\/acps-automotive-gmbh\/\",\"https:\/\/www.instagram.com\/acps_ausbildung\/\",\"https:\/\/www.youtube.com\/channel\/UC2jxrgWwpxpkay2aHWV5SaQ\"]}]}<\/script>\n<!-- \/ Yoast SEO plugin. -->","yoast_head_json":{"title":"Forgathat\u00f3 receiver | ACPS Automotive","description":"F\u00e9lig elektromos forg\u00f3 vev\u0151egys\u00e9g \u2713k\u00fcl\u00f6n\u00f6sen innovat\u00edv \u00e9s felhaszn\u00e1l\u00f3bar\u00e1t \u2713nagyon gyorsan \u00fczembe helyezhet\u0151 \u25ba Ezek az el\u0151ny\u00f6k meggy\u0151z\u0151ek","robots":{"index":"index","follow":"follow","max-snippet":"max-snippet:-1","max-image-preview":"max-image-preview:large","max-video-preview":"max-video-preview:-1"},"canonical":"https:\/\/www.acps-automotive.com\/hu\/termekek\/rendszerek-az-egyesult-allamok-szamara\/forgathato-receiver\/","og_locale":"hu_HU","og_type":"article","og_title":"Forgathat\u00f3 receiver | ACPS Automotive","og_description":"F\u00e9lig elektromos forg\u00f3 vev\u0151egys\u00e9g \u2713k\u00fcl\u00f6n\u00f6sen innovat\u00edv \u00e9s felhaszn\u00e1l\u00f3bar\u00e1t \u2713nagyon gyorsan \u00fczembe helyezhet\u0151 \u25ba Ezek az el\u0151ny\u00f6k meggy\u0151z\u0151ek","og_url":"https:\/\/www.acps-automotive.com\/hu\/termekek\/rendszerek-az-egyesult-allamok-szamara\/forgathato-receiver\/","og_site_name":"ACPS Automotive GmbH","article_modified_time":"2026-03-10T08:05:30+00:00","og_image":[{"url":"https:\/\/www.acps-automotive.com\/wp-content\/uploads\/_media\/produkte\/usa\/schwenkbare-av\/schwenkbare-av.jpg","type":"","width":"","height":""}],"twitter_card":"summary_large_image","twitter_site":"@ACPS_Automotive","twitter_misc":{"Becs\u00fclt olvas\u00e1si id\u0151":"4 perc"},"schema":{"@context":"https:\/\/schema.org","@graph":[{"@type":"WebPage","@id":"https:\/\/www.acps-automotive.com\/hu\/termekek\/rendszerek-az-egyesult-allamok-szamara\/forgathato-receiver\/","url":"https:\/\/www.acps-automotive.com\/hu\/termekek\/rendszerek-az-egyesult-allamok-szamara\/forgathato-receiver\/","name":"Forgathat\u00f3 receiver | ACPS Automotive","isPartOf":{"@id":"https:\/\/www.acps-automotive.com\/hu\/#website"},"primaryImageOfPage":{"@id":"https:\/\/www.acps-automotive.com\/hu\/termekek\/rendszerek-az-egyesult-allamok-szamara\/forgathato-receiver\/#primaryimage"},"image":{"@id":"https:\/\/www.acps-automotive.com\/hu\/termekek\/rendszerek-az-egyesult-allamok-szamara\/forgathato-receiver\/#primaryimage"},"thumbnailUrl":"https:\/\/www.acps-automotive.com\/wp-content\/uploads\/_media\/produkte\/usa\/schwenkbare-av\/schwenkbare-av.jpg","datePublished":"2025-12-17T12:07:54+00:00","dateModified":"2026-03-10T08:05:30+00:00","description":"F\u00e9lig elektromos forg\u00f3 vev\u0151egys\u00e9g \u2713k\u00fcl\u00f6n\u00f6sen innovat\u00edv \u00e9s felhaszn\u00e1l\u00f3bar\u00e1t \u2713nagyon gyorsan \u00fczembe helyezhet\u0151 \u25ba Ezek az el\u0151ny\u00f6k meggy\u0151z\u0151ek","breadcrumb":{"@id":"https:\/\/www.acps-automotive.com\/hu\/termekek\/rendszerek-az-egyesult-allamok-szamara\/forgathato-receiver\/#breadcrumb"},"inLanguage":"hu","potentialAction":[{"@type":"ReadAction","target":["https:\/\/www.acps-automotive.com\/hu\/termekek\/rendszerek-az-egyesult-allamok-szamara\/forgathato-receiver\/"]}]},{"@type":"ImageObject","inLanguage":"hu","@id":"https:\/\/www.acps-automotive.com\/hu\/termekek\/rendszerek-az-egyesult-allamok-szamara\/forgathato-receiver\/#primaryimage","url":"https:\/\/www.acps-automotive.com\/wp-content\/uploads\/_media\/produkte\/usa\/schwenkbare-av\/schwenkbare-av.jpg","contentUrl":"https:\/\/www.acps-automotive.com\/wp-content\/uploads\/_media\/produkte\/usa\/schwenkbare-av\/schwenkbare-av.jpg"},{"@type":"BreadcrumbList","@id":"https:\/\/www.acps-automotive.com\/hu\/termekek\/rendszerek-az-egyesult-allamok-szamara\/forgathato-receiver\/#breadcrumb","itemListElement":[{"@type":"ListItem","position":1,"name":"Startseite","item":"https:\/\/www.acps-automotive.com\/hu\/"},{"@type":"ListItem","position":2,"name":"Term\u00e9kek","item":"https:\/\/www.acps-automotive.com\/hu\/termekek\/"},{"@type":"ListItem","position":3,"name":"Von\u00f3szerelv\u00e9nyek az amerikai piacra","item":"https:\/\/www.acps-automotive.com\/hu\/termekek\/rendszerek-az-egyesult-allamok-szamara\/"},{"@type":"ListItem","position":4,"name":"Forgathat\u00f3 receiver"}]},{"@type":"WebSite","@id":"https:\/\/www.acps-automotive.com\/hu\/#website","url":"https:\/\/www.acps-automotive.com\/hu\/","name":"ACPS Automotive GmbH","description":"Innovative Anh\u00e4ngekupplungen","publisher":{"@id":"https:\/\/www.acps-automotive.com\/hu\/#organization"},"potentialAction":[{"@type":"SearchAction","target":{"@type":"EntryPoint","urlTemplate":"https:\/\/www.acps-automotive.com\/hu\/?s={search_term_string}"},"query-input":{"@type":"PropertyValueSpecification","valueRequired":true,"valueName":"search_term_string"}}],"inLanguage":"hu"},{"@type":"Organization","@id":"https:\/\/www.acps-automotive.com\/hu\/#organization","name":"ACPS Automotive GmbH","url":"https:\/\/www.acps-automotive.com\/hu\/","logo":{"@type":"ImageObject","inLanguage":"hu","@id":"https:\/\/www.acps-automotive.com\/hu\/#\/schema\/logo\/image\/","url":"https:\/\/www.acps-automotive.com\/wp-content\/uploads\/_media\/_allgemein\/Logo-Footer-ACPS-Automotive.png","contentUrl":"https:\/\/www.acps-automotive.com\/wp-content\/uploads\/_media\/_allgemein\/Logo-Footer-ACPS-Automotive.png","width":239,"height":32,"caption":"ACPS Automotive GmbH"},"image":{"@id":"https:\/\/www.acps-automotive.com\/hu\/#\/schema\/logo\/image\/"},"sameAs":["https:\/\/x.com\/ACPS_Automotive","https:\/\/www.linkedin.com\/company\/acps-automotive-gmbh\/","https:\/\/www.instagram.com\/acps_ausbildung\/","https:\/\/www.youtube.com\/channel\/UC2jxrgWwpxpkay2aHWV5SaQ"]}]}},"_links":{"self":[{"href":"https:\/\/www.acps-automotive.com\/hu\/wp-json\/wp\/v2\/pages\/27916","targetHints":{"allow":["GET"]}}],"collection":[{"href":"https:\/\/www.acps-automotive.com\/hu\/wp-json\/wp\/v2\/pages"}],"about":[{"href":"https:\/\/www.acps-automotive.com\/hu\/wp-json\/wp\/v2\/types\/page"}],"author":[{"embeddable":true,"href":"https:\/\/www.acps-automotive.com\/hu\/wp-json\/wp\/v2\/users\/8"}],"replies":[{"embeddable":true,"href":"https:\/\/www.acps-automotive.com\/hu\/wp-json\/wp\/v2\/comments?post=27916"}],"version-history":[{"count":9,"href":"https:\/\/www.acps-automotive.com\/hu\/wp-json\/wp\/v2\/pages\/27916\/revisions"}],"predecessor-version":[{"id":29152,"href":"https:\/\/www.acps-automotive.com\/hu\/wp-json\/wp\/v2\/pages\/27916\/revisions\/29152"}],"up":[{"embeddable":true,"href":"https:\/\/www.acps-automotive.com\/hu\/wp-json\/wp\/v2\/pages\/27572"}],"wp:attachment":[{"href":"https:\/\/www.acps-automotive.com\/hu\/wp-json\/wp\/v2\/media?parent=27916"}],"curies":[{"name":"wp","href":"https:\/\/api.w.org\/{rel}","templated":true}]}}