{"id":27668,"date":"2025-12-17T10:56:52","date_gmt":"2025-12-17T09:56:52","guid":{"rendered":"https:\/\/www.acps-automotive.com\/?page_id=27668"},"modified":"2026-03-09T16:23:19","modified_gmt":"2026-03-09T15:23:19","slug":"politikai-nyilatkozatok","status":"publish","type":"page","link":"https:\/\/www.acps-automotive.com\/hu\/mediatar\/politikai-nyilatkozatok\/","title":{"rendered":"Politikai nyilatkozatok"},"content":{"rendered":"<div class=\"vgblk-rw-wrapper limit-wrapper\">\n\n\t<h1><strong>Politikai nyilatkozatok<\/strong><br \/>\nLet\u00f6lt\u00e9s<\/h1>\n\t<img loading=\"lazy\" decoding=\"async\" src=\"https:\/\/www.acps-automotive.com\/wp-content\/uploads\/_media\/_allgemein\/pfeil-text-einleitung.png\" alt=\"Pfeil Text Einleitung\" width=\"46\" height=\"69\" \/><br \/>\nEbben a r\u00e9szben bemutatjuk \u00d6nnek a szab\u00e1lyzatunkat.\n\t\n<p><img loading=\"lazy\" decoding=\"async\" src=\"https:\/\/www.acps-automotive.com\/wp-content\/uploads\/_media\/_allgemein\/pdf-icon.gif\" alt=\"PDF Icon\" width=\"30\" height=\"22\" \/><a href=\"\/wp-content\/uploads\/_media\/mediathek\/grundsatzdokumente\/Policy-Statement-on-Compliance-with-Human-rights-and-environmental-due-diligence-obligations.pdf\" target=\"_blank\" rel=\"noopener\">ACPS Automotive&#8217;s Politikai nyilatkozat az emberi jogok \u00e9s a k\u00f6rnyezetv\u00e9delmi \u00e1tvil\u00e1g\u00edt\u00e1si k\u00f6telezetts\u00e9gek betart\u00e1s\u00e1r\u00f3l\u00a0| PDF<\/a><\/p>\n\n<\/div><!-- .vgblk-rw-wrapper -->","protected":false},"excerpt":{"rendered":"<p>Politikai nyilatkozatok Let\u00f6lt\u00e9s Ebben a r\u00e9szben bemutatjuk \u00d6nnek a szab\u00e1lyzatunkat. ACPS Automotive&#8217;s Politikai nyilatkozat az emberi jogok \u00e9s a k\u00f6rnyezetv\u00e9delmi \u00e1tvil\u00e1g\u00edt\u00e1si k\u00f6telezetts\u00e9gek betart\u00e1s\u00e1r\u00f3l\u00a0| PDF<\/p>\n","protected":false},"author":8,"featured_media":0,"parent":28077,"menu_order":0,"comment_status":"closed","ping_status":"closed","template":"","meta":{"inline_featured_image":false,"_price":"","_stock":"","_tribe_ticket_header":"","_tribe_default_ticket_provider":"","_tribe_ticket_capacity":"0","_ticket_start_date":"","_ticket_end_date":"","_tribe_ticket_show_description":"","_tribe_ticket_show_not_going":false,"_tribe_ticket_use_global_stock":"","_tribe_ticket_global_stock_level":"","_global_stock_mode":"","_global_stock_cap":"","_tribe_rsvp_for_event":"","_tribe_ticket_going_count":"","_tribe_ticket_not_going_count":"","_tribe_tickets_list":"[]","_tribe_ticket_has_attendee_info_fields":false,"footnotes":""},"class_list":["post-27668","page","type-page","status-publish","hentry"],"yoast_head":"<!-- This site is optimized with the Yoast SEO plugin v27.2 - https:\/\/yoast.com\/product\/yoast-seo-wordpress\/ -->\n<title>Politikai nyilatkozatok - ACPS Automotive GmbH<\/title>\n<meta name=\"description\" content=\"Desarrollamos y fabricamos sistemas de remolque y transporte innovadores y seguros para los fabricantes de autom\u00f3viles en el sector de los equipos originales bajo la marca ORIS.\" \/>\n<meta name=\"robots\" content=\"index, follow, max-snippet:-1, max-image-preview:large, max-video-preview:-1\" \/>\n<link rel=\"canonical\" href=\"https:\/\/www.acps-automotive.com\/hu\/mediatar\/politikai-nyilatkozatok\/\" \/>\n<meta property=\"og:locale\" content=\"hu_HU\" \/>\n<meta property=\"og:type\" content=\"article\" \/>\n<meta property=\"og:title\" content=\"Politikai nyilatkozatok - ACPS Automotive GmbH\" \/>\n<meta property=\"og:description\" content=\"Desarrollamos y fabricamos sistemas de remolque y transporte innovadores y seguros para los fabricantes de autom\u00f3viles en el sector de los equipos originales bajo la marca ORIS.\" \/>\n<meta property=\"og:url\" content=\"https:\/\/www.acps-automotive.com\/hu\/mediatar\/politikai-nyilatkozatok\/\" \/>\n<meta property=\"og:site_name\" content=\"ACPS Automotive GmbH\" \/>\n<meta property=\"article:modified_time\" content=\"2026-03-09T15:23:19+00:00\" \/>\n<meta property=\"og:image\" content=\"https:\/\/www.acps-automotive.com\/wp-content\/uploads\/_media\/_allgemein\/pfeil-text-einleitung.png\" \/>\n<meta name=\"twitter:card\" content=\"summary_large_image\" \/>\n<meta name=\"twitter:site\" content=\"@ACPS_Automotive\" \/>\n<meta name=\"twitter:label1\" content=\"Becs\u00fclt olvas\u00e1si id\u0151\" \/>\n\t<meta name=\"twitter:data1\" content=\"1 perc\" \/>\n<script type=\"application\/ld+json\" class=\"yoast-schema-graph\">{\"@context\":\"https:\/\/schema.org\",\"@graph\":[{\"@type\":\"WebPage\",\"@id\":\"https:\/\/www.acps-automotive.com\/hu\/mediatar\/politikai-nyilatkozatok\/\",\"url\":\"https:\/\/www.acps-automotive.com\/hu\/mediatar\/politikai-nyilatkozatok\/\",\"name\":\"Politikai nyilatkozatok - ACPS Automotive GmbH\",\"isPartOf\":{\"@id\":\"https:\/\/www.acps-automotive.com\/hu\/#website\"},\"primaryImageOfPage\":{\"@id\":\"https:\/\/www.acps-automotive.com\/hu\/mediatar\/politikai-nyilatkozatok\/#primaryimage\"},\"image\":{\"@id\":\"https:\/\/www.acps-automotive.com\/hu\/mediatar\/politikai-nyilatkozatok\/#primaryimage\"},\"thumbnailUrl\":\"https:\/\/www.acps-automotive.com\/wp-content\/uploads\/_media\/_allgemein\/pfeil-text-einleitung.png\",\"datePublished\":\"2025-12-17T09:56:52+00:00\",\"dateModified\":\"2026-03-09T15:23:19+00:00\",\"description\":\"Desarrollamos y fabricamos sistemas de remolque y transporte innovadores y seguros para los fabricantes de autom\u00f3viles en el sector de los equipos originales bajo la marca ORIS.\",\"breadcrumb\":{\"@id\":\"https:\/\/www.acps-automotive.com\/hu\/mediatar\/politikai-nyilatkozatok\/#breadcrumb\"},\"inLanguage\":\"hu\",\"potentialAction\":[{\"@type\":\"ReadAction\",\"target\":[\"https:\/\/www.acps-automotive.com\/hu\/mediatar\/politikai-nyilatkozatok\/\"]}]},{\"@type\":\"ImageObject\",\"inLanguage\":\"hu\",\"@id\":\"https:\/\/www.acps-automotive.com\/hu\/mediatar\/politikai-nyilatkozatok\/#primaryimage\",\"url\":\"https:\/\/www.acps-automotive.com\/wp-content\/uploads\/_media\/_allgemein\/pfeil-text-einleitung.png\",\"contentUrl\":\"https:\/\/www.acps-automotive.com\/wp-content\/uploads\/_media\/_allgemein\/pfeil-text-einleitung.png\"},{\"@type\":\"BreadcrumbList\",\"@id\":\"https:\/\/www.acps-automotive.com\/hu\/mediatar\/politikai-nyilatkozatok\/#breadcrumb\",\"itemListElement\":[{\"@type\":\"ListItem\",\"position\":1,\"name\":\"Startseite\",\"item\":\"https:\/\/www.acps-automotive.com\/hu\/\"},{\"@type\":\"ListItem\",\"position\":2,\"name\":\"M\u00e9diat\u00e1r\",\"item\":\"https:\/\/www.acps-automotive.com\/hu\/mediatar\/\"},{\"@type\":\"ListItem\",\"position\":3,\"name\":\"Politikai nyilatkozatok\"}]},{\"@type\":\"WebSite\",\"@id\":\"https:\/\/www.acps-automotive.com\/hu\/#website\",\"url\":\"https:\/\/www.acps-automotive.com\/hu\/\",\"name\":\"ACPS Automotive GmbH\",\"description\":\"Innovative Anh\u00e4ngekupplungen\",\"publisher\":{\"@id\":\"https:\/\/www.acps-automotive.com\/hu\/#organization\"},\"potentialAction\":[{\"@type\":\"SearchAction\",\"target\":{\"@type\":\"EntryPoint\",\"urlTemplate\":\"https:\/\/www.acps-automotive.com\/hu\/?s={search_term_string}\"},\"query-input\":{\"@type\":\"PropertyValueSpecification\",\"valueRequired\":true,\"valueName\":\"search_term_string\"}}],\"inLanguage\":\"hu\"},{\"@type\":\"Organization\",\"@id\":\"https:\/\/www.acps-automotive.com\/hu\/#organization\",\"name\":\"ACPS Automotive GmbH\",\"url\":\"https:\/\/www.acps-automotive.com\/hu\/\",\"logo\":{\"@type\":\"ImageObject\",\"inLanguage\":\"hu\",\"@id\":\"https:\/\/www.acps-automotive.com\/hu\/#\/schema\/logo\/image\/\",\"url\":\"https:\/\/www.acps-automotive.com\/wp-content\/uploads\/_media\/_allgemein\/Logo-Footer-ACPS-Automotive.png\",\"contentUrl\":\"https:\/\/www.acps-automotive.com\/wp-content\/uploads\/_media\/_allgemein\/Logo-Footer-ACPS-Automotive.png\",\"width\":239,\"height\":32,\"caption\":\"ACPS Automotive GmbH\"},\"image\":{\"@id\":\"https:\/\/www.acps-automotive.com\/hu\/#\/schema\/logo\/image\/\"},\"sameAs\":[\"https:\/\/x.com\/ACPS_Automotive\",\"https:\/\/www.linkedin.com\/company\/acps-automotive-gmbh\/\",\"https:\/\/www.instagram.com\/acps_ausbildung\/\",\"https:\/\/www.youtube.com\/channel\/UC2jxrgWwpxpkay2aHWV5SaQ\"]}]}<\/script>\n<!-- \/ Yoast SEO plugin. -->","yoast_head_json":{"title":"Politikai nyilatkozatok - ACPS Automotive GmbH","description":"Desarrollamos y fabricamos sistemas de remolque y transporte innovadores y seguros para los fabricantes de autom\u00f3viles en el sector de los equipos originales bajo la marca ORIS.","robots":{"index":"index","follow":"follow","max-snippet":"max-snippet:-1","max-image-preview":"max-image-preview:large","max-video-preview":"max-video-preview:-1"},"canonical":"https:\/\/www.acps-automotive.com\/hu\/mediatar\/politikai-nyilatkozatok\/","og_locale":"hu_HU","og_type":"article","og_title":"Politikai nyilatkozatok - ACPS Automotive GmbH","og_description":"Desarrollamos y fabricamos sistemas de remolque y transporte innovadores y seguros para los fabricantes de autom\u00f3viles en el sector de los equipos originales bajo la marca ORIS.","og_url":"https:\/\/www.acps-automotive.com\/hu\/mediatar\/politikai-nyilatkozatok\/","og_site_name":"ACPS Automotive GmbH","article_modified_time":"2026-03-09T15:23:19+00:00","og_image":[{"url":"https:\/\/www.acps-automotive.com\/wp-content\/uploads\/_media\/_allgemein\/pfeil-text-einleitung.png","type":"","width":"","height":""}],"twitter_card":"summary_large_image","twitter_site":"@ACPS_Automotive","twitter_misc":{"Becs\u00fclt olvas\u00e1si id\u0151":"1 perc"},"schema":{"@context":"https:\/\/schema.org","@graph":[{"@type":"WebPage","@id":"https:\/\/www.acps-automotive.com\/hu\/mediatar\/politikai-nyilatkozatok\/","url":"https:\/\/www.acps-automotive.com\/hu\/mediatar\/politikai-nyilatkozatok\/","name":"Politikai nyilatkozatok - ACPS Automotive GmbH","isPartOf":{"@id":"https:\/\/www.acps-automotive.com\/hu\/#website"},"primaryImageOfPage":{"@id":"https:\/\/www.acps-automotive.com\/hu\/mediatar\/politikai-nyilatkozatok\/#primaryimage"},"image":{"@id":"https:\/\/www.acps-automotive.com\/hu\/mediatar\/politikai-nyilatkozatok\/#primaryimage"},"thumbnailUrl":"https:\/\/www.acps-automotive.com\/wp-content\/uploads\/_media\/_allgemein\/pfeil-text-einleitung.png","datePublished":"2025-12-17T09:56:52+00:00","dateModified":"2026-03-09T15:23:19+00:00","description":"Desarrollamos y fabricamos sistemas de remolque y transporte innovadores y seguros para los fabricantes de autom\u00f3viles en el sector de los equipos originales bajo la marca ORIS.","breadcrumb":{"@id":"https:\/\/www.acps-automotive.com\/hu\/mediatar\/politikai-nyilatkozatok\/#breadcrumb"},"inLanguage":"hu","potentialAction":[{"@type":"ReadAction","target":["https:\/\/www.acps-automotive.com\/hu\/mediatar\/politikai-nyilatkozatok\/"]}]},{"@type":"ImageObject","inLanguage":"hu","@id":"https:\/\/www.acps-automotive.com\/hu\/mediatar\/politikai-nyilatkozatok\/#primaryimage","url":"https:\/\/www.acps-automotive.com\/wp-content\/uploads\/_media\/_allgemein\/pfeil-text-einleitung.png","contentUrl":"https:\/\/www.acps-automotive.com\/wp-content\/uploads\/_media\/_allgemein\/pfeil-text-einleitung.png"},{"@type":"BreadcrumbList","@id":"https:\/\/www.acps-automotive.com\/hu\/mediatar\/politikai-nyilatkozatok\/#breadcrumb","itemListElement":[{"@type":"ListItem","position":1,"name":"Startseite","item":"https:\/\/www.acps-automotive.com\/hu\/"},{"@type":"ListItem","position":2,"name":"M\u00e9diat\u00e1r","item":"https:\/\/www.acps-automotive.com\/hu\/mediatar\/"},{"@type":"ListItem","position":3,"name":"Politikai nyilatkozatok"}]},{"@type":"WebSite","@id":"https:\/\/www.acps-automotive.com\/hu\/#website","url":"https:\/\/www.acps-automotive.com\/hu\/","name":"ACPS Automotive GmbH","description":"Innovative Anh\u00e4ngekupplungen","publisher":{"@id":"https:\/\/www.acps-automotive.com\/hu\/#organization"},"potentialAction":[{"@type":"SearchAction","target":{"@type":"EntryPoint","urlTemplate":"https:\/\/www.acps-automotive.com\/hu\/?s={search_term_string}"},"query-input":{"@type":"PropertyValueSpecification","valueRequired":true,"valueName":"search_term_string"}}],"inLanguage":"hu"},{"@type":"Organization","@id":"https:\/\/www.acps-automotive.com\/hu\/#organization","name":"ACPS Automotive GmbH","url":"https:\/\/www.acps-automotive.com\/hu\/","logo":{"@type":"ImageObject","inLanguage":"hu","@id":"https:\/\/www.acps-automotive.com\/hu\/#\/schema\/logo\/image\/","url":"https:\/\/www.acps-automotive.com\/wp-content\/uploads\/_media\/_allgemein\/Logo-Footer-ACPS-Automotive.png","contentUrl":"https:\/\/www.acps-automotive.com\/wp-content\/uploads\/_media\/_allgemein\/Logo-Footer-ACPS-Automotive.png","width":239,"height":32,"caption":"ACPS Automotive GmbH"},"image":{"@id":"https:\/\/www.acps-automotive.com\/hu\/#\/schema\/logo\/image\/"},"sameAs":["https:\/\/x.com\/ACPS_Automotive","https:\/\/www.linkedin.com\/company\/acps-automotive-gmbh\/","https:\/\/www.instagram.com\/acps_ausbildung\/","https:\/\/www.youtube.com\/channel\/UC2jxrgWwpxpkay2aHWV5SaQ"]}]}},"_links":{"self":[{"href":"https:\/\/www.acps-automotive.com\/hu\/wp-json\/wp\/v2\/pages\/27668","targetHints":{"allow":["GET"]}}],"collection":[{"href":"https:\/\/www.acps-automotive.com\/hu\/wp-json\/wp\/v2\/pages"}],"about":[{"href":"https:\/\/www.acps-automotive.com\/hu\/wp-json\/wp\/v2\/types\/page"}],"author":[{"embeddable":true,"href":"https:\/\/www.acps-automotive.com\/hu\/wp-json\/wp\/v2\/users\/8"}],"replies":[{"embeddable":true,"href":"https:\/\/www.acps-automotive.com\/hu\/wp-json\/wp\/v2\/comments?post=27668"}],"version-history":[{"count":4,"href":"https:\/\/www.acps-automotive.com\/hu\/wp-json\/wp\/v2\/pages\/27668\/revisions"}],"predecessor-version":[{"id":27904,"href":"https:\/\/www.acps-automotive.com\/hu\/wp-json\/wp\/v2\/pages\/27668\/revisions\/27904"}],"up":[{"embeddable":true,"href":"https:\/\/www.acps-automotive.com\/hu\/wp-json\/wp\/v2\/pages\/28077"}],"wp:attachment":[{"href":"https:\/\/www.acps-automotive.com\/hu\/wp-json\/wp\/v2\/media?parent=27668"}],"curies":[{"name":"wp","href":"https:\/\/api.w.org\/{rel}","templated":true}]}}