{"id":27655,"date":"2025-12-17T09:36:58","date_gmt":"2025-12-17T08:36:58","guid":{"rendered":"https:\/\/www.acps-automotive.com\/?page_id=27655"},"modified":"2026-03-10T08:18:21","modified_gmt":"2026-03-10T07:18:21","slug":"home","status":"publish","type":"page","link":"https:\/\/www.acps-automotive.com\/hu\/","title":{"rendered":"Home"},"content":{"rendered":"<div class=\"vgblk-rw-wrapper limit-wrapper\">\n\n\t<h2>ACPS Automotive<br \/>\n<strong>Vezet\u0151s\u00e9gi v\u00e1ltoz\u00e1s<br \/>\n<\/strong><\/h2>\n<p>Caspar Baumhauer vez\u00e9rigazgat\u00f3 \u00e1tadja a staf\u00e9tabotot Michael Weissnek.<\/p>\n<p><a href=\"https:\/\/www.acps-automotive.com\/hu\/unternehmen\/presse\/uj-vezerigazgato-az-acps-automotive-potkocsi-vontato-berendezesek-piac-es-technologiai-vezetojenel\/\"><img loading=\"lazy\" decoding=\"async\" src=\"https:\/\/www.acps-automotive.com\/wp-content\/uploads\/_media\/_allgemein\/pfeil-gross-hellblau.png\" alt=\"Pfeil gross hellblau\" width=\"68\" height=\"45\" \/>Sajt\u00f3k\u00f6zlem\u00e9nyhez<\/a><\/p>\n\t<h2>EZEK AZ<br \/>\nAUT\u00d3GY\u00c1RT\u00d3K<br \/>\n<strong>B\u00cdZNAK BENN\u00dcNK<\/strong><\/h2>\n<p>Itt tal\u00e1lhat r\u00e9szletes \u00fcgyf\u00e9l\u00e1ttekint\u00e9st.<\/p>\n<p><a href=\"https:\/\/www.acps-automotive.com\/hu\/vallalatok\/ugyfel-referencia-lista\/\"><img loading=\"lazy\" decoding=\"async\" src=\"https:\/\/www.acps-automotive.com\/wp-content\/uploads\/_media\/_allgemein\/pfeil-gross-hellblau.png\" alt=\"Pfeil gross hellblau\" width=\"68\" height=\"45\" \/><\/a><\/p>\n<p>&nbsp;<\/p>\n\t<h2>A piacvezet\u0151 megold\u00e1sai<br \/>\n<strong>Mi k\u00fcl\u00f6nb\u00f6zteti meg term\u00e9keinket?<\/strong><\/h2>\n\t<p><img loading=\"lazy\" decoding=\"async\" src=\"https:\/\/www.acps-automotive.com\/wp-content\/uploads\/_media\/home\/icon-innovation.png\" alt=\"Icon Innovation\" width=\"115\" height=\"115\" \/><\/p>\n<p><a href=\"https:\/\/www.acps-automotive.com\/hu\/vallalatok\/innovacio-technologia-es-biztonsag\/\">Innov\u00e1ci\u00f3, technol\u00f3gia \u00e9s biztons\u00e1g<\/a><\/p>\n\t<p><img loading=\"lazy\" decoding=\"async\" src=\"https:\/\/www.acps-automotive.com\/wp-content\/uploads\/_media\/home\/icon-kunde-im-fokus.png\" alt=\"Icon Kunde im Fokus\" width=\"115\" height=\"115\" \/><\/p>\n<p><a href=\"https:\/\/www.acps-automotive.com\/hu\/vallalatok\/projektmenedzsment\/\">Projektmenedzsment<\/a><\/p>\n\t<p><img loading=\"lazy\" decoding=\"async\" src=\"https:\/\/www.acps-automotive.com\/wp-content\/uploads\/_media\/home\/icon-fertigung.png\" alt=\"Icon Fertigung\" width=\"115\" height=\"115\" \/><\/p>\n<p><a href=\"https:\/\/www.acps-automotive.com\/hu\/vallalatok\/gyartas\/\">Gy\u00e1rt\u00e1s<\/a><\/p>\n\t<h2>Min\u0151s\u00e9g a<br \/>\n<strong>legapr\u00f3bb<br \/>\nr\u00e9szletekig<br \/>\n<\/strong><\/h2>\n<p>\u00dcgyfeleink sz\u00e1m\u00e1ra a legjobb min\u0151s\u00e9get tartjuk szem el\u0151tt.<\/p>\n<p><a href=\"https:\/\/www.acps-automotive.com\/hu\/vallalatok\/minoseg\/\"><img loading=\"lazy\" decoding=\"async\" src=\"https:\/\/www.acps-automotive.com\/wp-content\/uploads\/_media\/_allgemein\/pfeil-gross-dunkelblau.png\" alt=\"Pfeil gross dunkelblau\" width=\"67\" height=\"45\" \/><\/a><\/p>\n<p>&nbsp;<\/p>\n\t<h2>ORIS &#8211; Hozz\u00e1adott \u00e9rt\u00e9k<br \/>\n<strong>az aut\u00f3j\u00e1hoz<br \/>\n<\/strong><\/h2>\n<p>Tal\u00e1ljon p\u00f3tkocsikupplungokat \u00e9s ker\u00e9kp\u00e1rtart\u00f3kat ut\u00f3lagos felszerel\u00e9shez.<\/p>\n<p><img loading=\"lazy\" decoding=\"async\" src=\"https:\/\/www.acps-automotive.com\/wp-content\/uploads\/_media\/_allgemein\/Logo-oris-neg.png\" alt=\"Logo ORIS negativ\" width=\"156\" height=\"54\" \/><a href=\"https:\/\/www.oris-automotive.com\/en\/\" target=\"_blank\" rel=\"noopener\"><img loading=\"lazy\" decoding=\"async\" src=\"https:\/\/www.acps-automotive.com\/wp-content\/uploads\/_media\/_allgemein\/pfeil-gross-hellblau.png\" alt=\"Pfeil gross hellblau\" width=\"68\" height=\"45\" \/><\/a><\/p>\n<p>&nbsp;<\/p>\n\n<\/div><!-- .vgblk-rw-wrapper -->","protected":false},"excerpt":{"rendered":"<p>ACPS Automotive Vezet\u0151s\u00e9gi v\u00e1ltoz\u00e1s Caspar Baumhauer vez\u00e9rigazgat\u00f3 \u00e1tadja a staf\u00e9tabotot Michael Weissnek. Sajt\u00f3k\u00f6zlem\u00e9nyhez EZEK AZ AUT\u00d3GY\u00c1RT\u00d3K B\u00cdZNAK BENN\u00dcNK Itt tal\u00e1lhat r\u00e9szletes \u00fcgyf\u00e9l\u00e1ttekint\u00e9st. &nbsp; A piacvezet\u0151 megold\u00e1sai Mi k\u00fcl\u00f6nb\u00f6zteti meg term\u00e9keinket? Innov\u00e1ci\u00f3, technol\u00f3gia \u00e9s biztons\u00e1g Projektmenedzsment Gy\u00e1rt\u00e1s Min\u0151s\u00e9g a legapr\u00f3bb r\u00e9szletekig \u00dcgyfeleink sz\u00e1m\u00e1ra a legjobb min\u0151s\u00e9get tartjuk szem el\u0151tt. &nbsp; ORIS &#8211; Hozz\u00e1adott \u00e9rt\u00e9k az aut\u00f3j\u00e1hoz&#8230;<\/p>\n","protected":false},"author":8,"featured_media":0,"parent":0,"menu_order":0,"comment_status":"closed","ping_status":"closed","template":"","meta":{"inline_featured_image":false,"_price":"","_stock":"","_tribe_ticket_header":"","_tribe_default_ticket_provider":"","_tribe_ticket_capacity":"0","_ticket_start_date":"","_ticket_end_date":"","_tribe_ticket_show_description":"","_tribe_ticket_show_not_going":false,"_tribe_ticket_use_global_stock":"","_tribe_ticket_global_stock_level":"","_global_stock_mode":"","_global_stock_cap":"","_tribe_rsvp_for_event":"","_tribe_ticket_going_count":"","_tribe_ticket_not_going_count":"","_tribe_tickets_list":"[]","_tribe_ticket_has_attendee_info_fields":false,"footnotes":""},"class_list":["post-27655","page","type-page","status-publish","hentry"],"yoast_head":"<!-- This site is optimized with the Yoast SEO plugin v27.2 - https:\/\/yoast.com\/product\/yoast-seo-wordpress\/ -->\n<title>ORIS von\u00f3szerkezetek | ACPS Automotive<\/title>\n<meta name=\"description\" content=\"Az ACPS Automotive piacvezet\u0151k\u00e9nt fejleszt, gy\u00e1rt \u00e9s forgalmaz p\u00f3tkocsi- \u00e9s tet\u0151csomagtart\u00f3 rendszereket az ORIS m\u00e1rkan\u00e9v alatt. \u25ba Gy\u0151z\u0151dj\u00f6n meg r\u00f3la saj\u00e1t maga!\" \/>\n<meta name=\"robots\" content=\"index, follow, max-snippet:-1, max-image-preview:large, max-video-preview:-1\" \/>\n<link rel=\"canonical\" href=\"https:\/\/www.acps-automotive.com\/hu\/\" \/>\n<meta property=\"og:locale\" content=\"hu_HU\" \/>\n<meta property=\"og:type\" content=\"article\" \/>\n<meta property=\"og:title\" content=\"ORIS von\u00f3szerkezetek | ACPS Automotive\" \/>\n<meta property=\"og:description\" content=\"Az ACPS Automotive piacvezet\u0151k\u00e9nt fejleszt, gy\u00e1rt \u00e9s forgalmaz p\u00f3tkocsi- \u00e9s tet\u0151csomagtart\u00f3 rendszereket az ORIS m\u00e1rkan\u00e9v alatt. \u25ba Gy\u0151z\u0151dj\u00f6n meg r\u00f3la saj\u00e1t maga!\" \/>\n<meta property=\"og:url\" content=\"https:\/\/www.acps-automotive.com\/hu\/\" \/>\n<meta property=\"og:site_name\" content=\"ACPS Automotive GmbH\" \/>\n<meta property=\"article:modified_time\" content=\"2026-03-10T07:18:21+00:00\" \/>\n<meta property=\"og:image\" content=\"https:\/\/www.acps-automotive.com\/wp-content\/uploads\/_media\/_allgemein\/pfeil-gross-hellblau.png\" \/>\n<meta name=\"twitter:card\" content=\"summary_large_image\" \/>\n<meta name=\"twitter:site\" content=\"@ACPS_Automotive\" \/>\n<meta name=\"twitter:label1\" content=\"Becs\u00fclt olvas\u00e1si id\u0151\" \/>\n\t<meta name=\"twitter:data1\" content=\"3 perc\" \/>\n<script type=\"application\/ld+json\" class=\"yoast-schema-graph\">{\"@context\":\"https:\/\/schema.org\",\"@graph\":[{\"@type\":\"WebPage\",\"@id\":\"https:\/\/www.acps-automotive.com\/hu\/\",\"url\":\"https:\/\/www.acps-automotive.com\/hu\/\",\"name\":\"ORIS von\u00f3szerkezetek | ACPS Automotive\",\"isPartOf\":{\"@id\":\"https:\/\/www.acps-automotive.com\/hu\/#website\"},\"primaryImageOfPage\":{\"@id\":\"https:\/\/www.acps-automotive.com\/hu\/#primaryimage\"},\"image\":{\"@id\":\"https:\/\/www.acps-automotive.com\/hu\/#primaryimage\"},\"thumbnailUrl\":\"https:\/\/www.acps-automotive.com\/wp-content\/uploads\/_media\/_allgemein\/pfeil-gross-hellblau.png\",\"datePublished\":\"2025-12-17T08:36:58+00:00\",\"dateModified\":\"2026-03-10T07:18:21+00:00\",\"description\":\"Az ACPS Automotive piacvezet\u0151k\u00e9nt fejleszt, gy\u00e1rt \u00e9s forgalmaz p\u00f3tkocsi- \u00e9s tet\u0151csomagtart\u00f3 rendszereket az ORIS m\u00e1rkan\u00e9v alatt. \u25ba Gy\u0151z\u0151dj\u00f6n meg r\u00f3la saj\u00e1t maga!\",\"breadcrumb\":{\"@id\":\"https:\/\/www.acps-automotive.com\/hu\/#breadcrumb\"},\"inLanguage\":\"hu\",\"potentialAction\":[{\"@type\":\"ReadAction\",\"target\":[\"https:\/\/www.acps-automotive.com\/hu\/\"]}]},{\"@type\":\"ImageObject\",\"inLanguage\":\"hu\",\"@id\":\"https:\/\/www.acps-automotive.com\/hu\/#primaryimage\",\"url\":\"https:\/\/www.acps-automotive.com\/wp-content\/uploads\/_media\/_allgemein\/pfeil-gross-hellblau.png\",\"contentUrl\":\"https:\/\/www.acps-automotive.com\/wp-content\/uploads\/_media\/_allgemein\/pfeil-gross-hellblau.png\"},{\"@type\":\"BreadcrumbList\",\"@id\":\"https:\/\/www.acps-automotive.com\/hu\/#breadcrumb\",\"itemListElement\":[{\"@type\":\"ListItem\",\"position\":1,\"name\":\"Startseite\",\"item\":\"https:\/\/www.acps-automotive.com\/hu\/\"},{\"@type\":\"ListItem\",\"position\":2,\"name\":\"Home\"}]},{\"@type\":\"WebSite\",\"@id\":\"https:\/\/www.acps-automotive.com\/hu\/#website\",\"url\":\"https:\/\/www.acps-automotive.com\/hu\/\",\"name\":\"ACPS Automotive GmbH\",\"description\":\"Innovative Anh\u00e4ngekupplungen\",\"publisher\":{\"@id\":\"https:\/\/www.acps-automotive.com\/hu\/#organization\"},\"potentialAction\":[{\"@type\":\"SearchAction\",\"target\":{\"@type\":\"EntryPoint\",\"urlTemplate\":\"https:\/\/www.acps-automotive.com\/hu\/?s={search_term_string}\"},\"query-input\":{\"@type\":\"PropertyValueSpecification\",\"valueRequired\":true,\"valueName\":\"search_term_string\"}}],\"inLanguage\":\"hu\"},{\"@type\":\"Organization\",\"@id\":\"https:\/\/www.acps-automotive.com\/hu\/#organization\",\"name\":\"ACPS Automotive GmbH\",\"url\":\"https:\/\/www.acps-automotive.com\/hu\/\",\"logo\":{\"@type\":\"ImageObject\",\"inLanguage\":\"hu\",\"@id\":\"https:\/\/www.acps-automotive.com\/hu\/#\/schema\/logo\/image\/\",\"url\":\"https:\/\/www.acps-automotive.com\/wp-content\/uploads\/_media\/_allgemein\/Logo-Footer-ACPS-Automotive.png\",\"contentUrl\":\"https:\/\/www.acps-automotive.com\/wp-content\/uploads\/_media\/_allgemein\/Logo-Footer-ACPS-Automotive.png\",\"width\":239,\"height\":32,\"caption\":\"ACPS Automotive GmbH\"},\"image\":{\"@id\":\"https:\/\/www.acps-automotive.com\/hu\/#\/schema\/logo\/image\/\"},\"sameAs\":[\"https:\/\/x.com\/ACPS_Automotive\",\"https:\/\/www.linkedin.com\/company\/acps-automotive-gmbh\/\",\"https:\/\/www.instagram.com\/acps_ausbildung\/\",\"https:\/\/www.youtube.com\/channel\/UC2jxrgWwpxpkay2aHWV5SaQ\"]}]}<\/script>\n<!-- \/ Yoast SEO plugin. -->","yoast_head_json":{"title":"ORIS von\u00f3szerkezetek | ACPS Automotive","description":"Az ACPS Automotive piacvezet\u0151k\u00e9nt fejleszt, gy\u00e1rt \u00e9s forgalmaz p\u00f3tkocsi- \u00e9s tet\u0151csomagtart\u00f3 rendszereket az ORIS m\u00e1rkan\u00e9v alatt. \u25ba Gy\u0151z\u0151dj\u00f6n meg r\u00f3la saj\u00e1t maga!","robots":{"index":"index","follow":"follow","max-snippet":"max-snippet:-1","max-image-preview":"max-image-preview:large","max-video-preview":"max-video-preview:-1"},"canonical":"https:\/\/www.acps-automotive.com\/hu\/","og_locale":"hu_HU","og_type":"article","og_title":"ORIS von\u00f3szerkezetek | ACPS Automotive","og_description":"Az ACPS Automotive piacvezet\u0151k\u00e9nt fejleszt, gy\u00e1rt \u00e9s forgalmaz p\u00f3tkocsi- \u00e9s tet\u0151csomagtart\u00f3 rendszereket az ORIS m\u00e1rkan\u00e9v alatt. \u25ba Gy\u0151z\u0151dj\u00f6n meg r\u00f3la saj\u00e1t maga!","og_url":"https:\/\/www.acps-automotive.com\/hu\/","og_site_name":"ACPS Automotive GmbH","article_modified_time":"2026-03-10T07:18:21+00:00","og_image":[{"url":"https:\/\/www.acps-automotive.com\/wp-content\/uploads\/_media\/_allgemein\/pfeil-gross-hellblau.png","type":"","width":"","height":""}],"twitter_card":"summary_large_image","twitter_site":"@ACPS_Automotive","twitter_misc":{"Becs\u00fclt olvas\u00e1si id\u0151":"3 perc"},"schema":{"@context":"https:\/\/schema.org","@graph":[{"@type":"WebPage","@id":"https:\/\/www.acps-automotive.com\/hu\/","url":"https:\/\/www.acps-automotive.com\/hu\/","name":"ORIS von\u00f3szerkezetek | ACPS Automotive","isPartOf":{"@id":"https:\/\/www.acps-automotive.com\/hu\/#website"},"primaryImageOfPage":{"@id":"https:\/\/www.acps-automotive.com\/hu\/#primaryimage"},"image":{"@id":"https:\/\/www.acps-automotive.com\/hu\/#primaryimage"},"thumbnailUrl":"https:\/\/www.acps-automotive.com\/wp-content\/uploads\/_media\/_allgemein\/pfeil-gross-hellblau.png","datePublished":"2025-12-17T08:36:58+00:00","dateModified":"2026-03-10T07:18:21+00:00","description":"Az ACPS Automotive piacvezet\u0151k\u00e9nt fejleszt, gy\u00e1rt \u00e9s forgalmaz p\u00f3tkocsi- \u00e9s tet\u0151csomagtart\u00f3 rendszereket az ORIS m\u00e1rkan\u00e9v alatt. \u25ba Gy\u0151z\u0151dj\u00f6n meg r\u00f3la saj\u00e1t maga!","breadcrumb":{"@id":"https:\/\/www.acps-automotive.com\/hu\/#breadcrumb"},"inLanguage":"hu","potentialAction":[{"@type":"ReadAction","target":["https:\/\/www.acps-automotive.com\/hu\/"]}]},{"@type":"ImageObject","inLanguage":"hu","@id":"https:\/\/www.acps-automotive.com\/hu\/#primaryimage","url":"https:\/\/www.acps-automotive.com\/wp-content\/uploads\/_media\/_allgemein\/pfeil-gross-hellblau.png","contentUrl":"https:\/\/www.acps-automotive.com\/wp-content\/uploads\/_media\/_allgemein\/pfeil-gross-hellblau.png"},{"@type":"BreadcrumbList","@id":"https:\/\/www.acps-automotive.com\/hu\/#breadcrumb","itemListElement":[{"@type":"ListItem","position":1,"name":"Startseite","item":"https:\/\/www.acps-automotive.com\/hu\/"},{"@type":"ListItem","position":2,"name":"Home"}]},{"@type":"WebSite","@id":"https:\/\/www.acps-automotive.com\/hu\/#website","url":"https:\/\/www.acps-automotive.com\/hu\/","name":"ACPS Automotive GmbH","description":"Innovative Anh\u00e4ngekupplungen","publisher":{"@id":"https:\/\/www.acps-automotive.com\/hu\/#organization"},"potentialAction":[{"@type":"SearchAction","target":{"@type":"EntryPoint","urlTemplate":"https:\/\/www.acps-automotive.com\/hu\/?s={search_term_string}"},"query-input":{"@type":"PropertyValueSpecification","valueRequired":true,"valueName":"search_term_string"}}],"inLanguage":"hu"},{"@type":"Organization","@id":"https:\/\/www.acps-automotive.com\/hu\/#organization","name":"ACPS Automotive GmbH","url":"https:\/\/www.acps-automotive.com\/hu\/","logo":{"@type":"ImageObject","inLanguage":"hu","@id":"https:\/\/www.acps-automotive.com\/hu\/#\/schema\/logo\/image\/","url":"https:\/\/www.acps-automotive.com\/wp-content\/uploads\/_media\/_allgemein\/Logo-Footer-ACPS-Automotive.png","contentUrl":"https:\/\/www.acps-automotive.com\/wp-content\/uploads\/_media\/_allgemein\/Logo-Footer-ACPS-Automotive.png","width":239,"height":32,"caption":"ACPS Automotive GmbH"},"image":{"@id":"https:\/\/www.acps-automotive.com\/hu\/#\/schema\/logo\/image\/"},"sameAs":["https:\/\/x.com\/ACPS_Automotive","https:\/\/www.linkedin.com\/company\/acps-automotive-gmbh\/","https:\/\/www.instagram.com\/acps_ausbildung\/","https:\/\/www.youtube.com\/channel\/UC2jxrgWwpxpkay2aHWV5SaQ"]}]}},"_links":{"self":[{"href":"https:\/\/www.acps-automotive.com\/hu\/wp-json\/wp\/v2\/pages\/27655","targetHints":{"allow":["GET"]}}],"collection":[{"href":"https:\/\/www.acps-automotive.com\/hu\/wp-json\/wp\/v2\/pages"}],"about":[{"href":"https:\/\/www.acps-automotive.com\/hu\/wp-json\/wp\/v2\/types\/page"}],"author":[{"embeddable":true,"href":"https:\/\/www.acps-automotive.com\/hu\/wp-json\/wp\/v2\/users\/8"}],"replies":[{"embeddable":true,"href":"https:\/\/www.acps-automotive.com\/hu\/wp-json\/wp\/v2\/comments?post=27655"}],"version-history":[{"count":11,"href":"https:\/\/www.acps-automotive.com\/hu\/wp-json\/wp\/v2\/pages\/27655\/revisions"}],"predecessor-version":[{"id":29139,"href":"https:\/\/www.acps-automotive.com\/hu\/wp-json\/wp\/v2\/pages\/27655\/revisions\/29139"}],"wp:attachment":[{"href":"https:\/\/www.acps-automotive.com\/hu\/wp-json\/wp\/v2\/media?parent=27655"}],"curies":[{"name":"wp","href":"https:\/\/api.w.org\/{rel}","templated":true}]}}