{"id":27638,"date":"2025-12-17T11:28:38","date_gmt":"2025-12-17T10:28:38","guid":{"rendered":"https:\/\/www.acps-automotive.com\/?page_id=27638"},"modified":"2026-03-09T16:28:39","modified_gmt":"2026-03-09T15:28:39","slug":"tipuslemez-megrendelese","status":"publish","type":"page","link":"https:\/\/www.acps-automotive.com\/hu\/szolgaltatas\/tipuslemez-megrendelese\/","title":{"rendered":"T\u00edpuslemez megrendel\u00e9se"},"content":{"rendered":"<div class=\"vgblk-rw-wrapper limit-wrapper\">\n\n\t<h1><strong>T\u00edpuslemez<\/strong><br \/>\nmegrendel\u00e9se<\/h1>\n\t<img loading=\"lazy\" decoding=\"async\" src=\"https:\/\/www.acps-automotive.com\/wp-content\/uploads\/_media\/_allgemein\/pfeil-text-einleitung.png\" alt=\"Pfeil Text Einleitung\" width=\"46\" height=\"69\" \/><br \/>\nRendeljen itt p\u00f3talkatr\u00e9szt az ACPS Automotive von\u00f3horoghoz.\n\t<p>Felh\u00edvjuk figyelm\u00e9t, hogy a N\u00e9met Sz\u00f6vets\u00e9gi K\u00f6zleked\u00e9si Hat\u00f3s\u00e1g (KBA) ir\u00e1nyelve tiltja a t\u00edpusjel\u00f6l\u0151 t\u00e1bl\u00e1k k\u00f6zvetlen elk\u00fcld\u00e9s\u00e9t a j\u00e1rm\u0171tulajdonosoknak. \u00d6r\u00f6mmel elk\u00fcldj\u00fck \u00d6nnek a t\u00edpusjel\u00f6l\u0151 t\u00e1bl\u00e1t, ha megk\u00fcldi nek\u00fcnk egy aut\u00f3szerel\u0151 m\u0171hely \u00e1ltal ki\u00e1ll\u00edtott, esk\u00fc alatt tett nyilatkozatot, amely tartalmazza a von\u00f3horog pontos azonos\u00edt\u00e1s\u00e1hoz sz\u00fcks\u00e9ges inform\u00e1ci\u00f3kat, valamint a t\u00f6bbi k\u00e9rt adatot.<\/p>\nHogy megk\u00f6nny\u00edts\u00fck \u00d6nnek ezt a folyamatot, elk\u00e9sz\u00edtett\u00fcnk egy nyilatkozatot az \u00d6n j\u00e1rm\u0171jav\u00edt\u00f3 m\u0171helye sz\u00e1m\u00e1ra. K\u00e9rj\u00fck, t\u00f6ltse ki az \u0171rlapot, \u00e9s k\u00fcldje el a k\u00f6vetkez\u0151 c\u00edmre: <a href=\"m&#97;&#105;&#x6c;&#x74;o&#58;&#105;&#x6e;&#x66;&#x6f;&#64;&#97;&#99;&#x70;&#x73;-a&#117;&#x74;&#x6f;&#x6d;o&#116;&#105;&#x76;&#x65;&#46;c&#111;&#x6d;\">&#105;&#x6e;f&#111;&#x40;a&#x63;&#x70;&#115;&#x2d;a&#117;&#x74;o&#109;&#x6f;&#116;&#x69;v&#101;&#x2e;c&#111;&#x6d;<\/a><br \/>\n\n<p>Amint megkapjuk a kit\u00f6lt\u00f6tt \u0171rlapot jogilag k\u00f6telez\u0151 \u00e9rv\u00e9ny\u0171 al\u00e1\u00edr\u00e1ssal, e-mailben elk\u00fcldj\u00fck \u00d6nnek a sz\u00e1ml\u00e1t. A t\u00edpust\u00e1bla a fizet\u00e9s be\u00e9rkez\u00e9se ut\u00e1n ker\u00fcl kisz\u00e1ll\u00edt\u00e1sra az \u00d6n j\u00e1rm\u0171jav\u00edt\u00f3m\u0171hely\u00e9be.<\/p>\n<p>A szolg\u00e1ltat\u00e1s feldolgoz\u00e1si k\u00f6lts\u00e9ge 18,10 \u20ac, \u00e9s csak el\u0151re fizet\u00e9ssel vehet\u0151 ig\u00e9nybe.<\/p>\n\t<p><a href=\"\/wp-content\/uploads\/_media\/service\/typenschildbestellung\/ordering-type-plate-EN.pdf\" target=\"_blank\" rel=\"noopener\">T\u00edpuslemez megrendel\u0151lap<\/a><\/p>\n\n<\/div><!-- .vgblk-rw-wrapper -->","protected":false},"excerpt":{"rendered":"<p>T\u00edpuslemez megrendel\u00e9se Rendeljen itt p\u00f3talkatr\u00e9szt az ACPS Automotive von\u00f3horoghoz. Felh\u00edvjuk figyelm\u00e9t, hogy a N\u00e9met Sz\u00f6vets\u00e9gi K\u00f6zleked\u00e9si Hat\u00f3s\u00e1g (KBA) ir\u00e1nyelve tiltja a t\u00edpusjel\u00f6l\u0151 t\u00e1bl\u00e1k k\u00f6zvetlen elk\u00fcld\u00e9s\u00e9t a j\u00e1rm\u0171tulajdonosoknak. \u00d6r\u00f6mmel elk\u00fcldj\u00fck \u00d6nnek a t\u00edpusjel\u00f6l\u0151 t\u00e1bl\u00e1t, ha megk\u00fcldi nek\u00fcnk egy aut\u00f3szerel\u0151 m\u0171hely \u00e1ltal ki\u00e1ll\u00edtott, esk\u00fc alatt tett nyilatkozatot, amely tartalmazza a von\u00f3horog pontos azonos\u00edt\u00e1s\u00e1hoz sz\u00fcks\u00e9ges inform\u00e1ci\u00f3kat, valamint a&#8230;<\/p>\n","protected":false},"author":8,"featured_media":0,"parent":28079,"menu_order":3,"comment_status":"closed","ping_status":"closed","template":"","meta":{"inline_featured_image":false,"_price":"","_stock":"","_tribe_ticket_header":"","_tribe_default_ticket_provider":"","_tribe_ticket_capacity":"0","_ticket_start_date":"","_ticket_end_date":"","_tribe_ticket_show_description":"","_tribe_ticket_show_not_going":false,"_tribe_ticket_use_global_stock":"","_tribe_ticket_global_stock_level":"","_global_stock_mode":"","_global_stock_cap":"","_tribe_rsvp_for_event":"","_tribe_ticket_going_count":"","_tribe_ticket_not_going_count":"","_tribe_tickets_list":"[]","_tribe_ticket_has_attendee_info_fields":false,"footnotes":""},"class_list":["post-27638","page","type-page","status-publish","hentry"],"yoast_head":"<!-- This site is optimized with the Yoast SEO plugin v27.2 - https:\/\/yoast.com\/product\/yoast-seo-wordpress\/ -->\n<title>T\u00edpuslemez megrendel\u00e9se - ACPS Automotive GmbH<\/title>\n<meta name=\"description\" content=\"Desarrollamos y fabricamos sistemas de remolque y transporte innovadores y seguros para fabricantes de equipos originales de automoci\u00f3n bajo la marca ORIS.\" \/>\n<meta name=\"robots\" content=\"index, follow, max-snippet:-1, max-image-preview:large, max-video-preview:-1\" \/>\n<link rel=\"canonical\" href=\"https:\/\/www.acps-automotive.com\/hu\/szolgaltatas\/tipuslemez-megrendelese\/\" \/>\n<meta property=\"og:locale\" content=\"hu_HU\" \/>\n<meta property=\"og:type\" content=\"article\" \/>\n<meta property=\"og:title\" content=\"T\u00edpuslemez megrendel\u00e9se - ACPS Automotive GmbH\" \/>\n<meta property=\"og:description\" content=\"Desarrollamos y fabricamos sistemas de remolque y transporte innovadores y seguros para fabricantes de equipos originales de automoci\u00f3n bajo la marca ORIS.\" \/>\n<meta property=\"og:url\" content=\"https:\/\/www.acps-automotive.com\/hu\/szolgaltatas\/tipuslemez-megrendelese\/\" \/>\n<meta property=\"og:site_name\" content=\"ACPS Automotive GmbH\" \/>\n<meta property=\"article:modified_time\" content=\"2026-03-09T15:28:39+00:00\" \/>\n<meta property=\"og:image\" content=\"https:\/\/www.acps-automotive.com\/wp-content\/uploads\/_media\/_allgemein\/pfeil-text-einleitung.png\" \/>\n<meta name=\"twitter:card\" content=\"summary_large_image\" \/>\n<meta name=\"twitter:site\" content=\"@ACPS_Automotive\" \/>\n<meta name=\"twitter:label1\" content=\"Becs\u00fclt olvas\u00e1si id\u0151\" \/>\n\t<meta name=\"twitter:data1\" content=\"1 perc\" \/>\n<script type=\"application\/ld+json\" class=\"yoast-schema-graph\">{\"@context\":\"https:\/\/schema.org\",\"@graph\":[{\"@type\":\"WebPage\",\"@id\":\"https:\/\/www.acps-automotive.com\/hu\/szolgaltatas\/tipuslemez-megrendelese\/\",\"url\":\"https:\/\/www.acps-automotive.com\/hu\/szolgaltatas\/tipuslemez-megrendelese\/\",\"name\":\"T\u00edpuslemez megrendel\u00e9se - ACPS Automotive GmbH\",\"isPartOf\":{\"@id\":\"https:\/\/www.acps-automotive.com\/hu\/#website\"},\"primaryImageOfPage\":{\"@id\":\"https:\/\/www.acps-automotive.com\/hu\/szolgaltatas\/tipuslemez-megrendelese\/#primaryimage\"},\"image\":{\"@id\":\"https:\/\/www.acps-automotive.com\/hu\/szolgaltatas\/tipuslemez-megrendelese\/#primaryimage\"},\"thumbnailUrl\":\"https:\/\/www.acps-automotive.com\/wp-content\/uploads\/_media\/_allgemein\/pfeil-text-einleitung.png\",\"datePublished\":\"2025-12-17T10:28:38+00:00\",\"dateModified\":\"2026-03-09T15:28:39+00:00\",\"description\":\"Desarrollamos y fabricamos sistemas de remolque y transporte innovadores y seguros para fabricantes de equipos originales de automoci\u00f3n bajo la marca ORIS.\",\"breadcrumb\":{\"@id\":\"https:\/\/www.acps-automotive.com\/hu\/szolgaltatas\/tipuslemez-megrendelese\/#breadcrumb\"},\"inLanguage\":\"hu\",\"potentialAction\":[{\"@type\":\"ReadAction\",\"target\":[\"https:\/\/www.acps-automotive.com\/hu\/szolgaltatas\/tipuslemez-megrendelese\/\"]}]},{\"@type\":\"ImageObject\",\"inLanguage\":\"hu\",\"@id\":\"https:\/\/www.acps-automotive.com\/hu\/szolgaltatas\/tipuslemez-megrendelese\/#primaryimage\",\"url\":\"https:\/\/www.acps-automotive.com\/wp-content\/uploads\/_media\/_allgemein\/pfeil-text-einleitung.png\",\"contentUrl\":\"https:\/\/www.acps-automotive.com\/wp-content\/uploads\/_media\/_allgemein\/pfeil-text-einleitung.png\"},{\"@type\":\"BreadcrumbList\",\"@id\":\"https:\/\/www.acps-automotive.com\/hu\/szolgaltatas\/tipuslemez-megrendelese\/#breadcrumb\",\"itemListElement\":[{\"@type\":\"ListItem\",\"position\":1,\"name\":\"Startseite\",\"item\":\"https:\/\/www.acps-automotive.com\/hu\/\"},{\"@type\":\"ListItem\",\"position\":2,\"name\":\"Szolg\u00e1ltat\u00e1s\",\"item\":\"https:\/\/www.acps-automotive.com\/hu\/szolgaltatas\/\"},{\"@type\":\"ListItem\",\"position\":3,\"name\":\"T\u00edpuslemez megrendel\u00e9se\"}]},{\"@type\":\"WebSite\",\"@id\":\"https:\/\/www.acps-automotive.com\/hu\/#website\",\"url\":\"https:\/\/www.acps-automotive.com\/hu\/\",\"name\":\"ACPS Automotive GmbH\",\"description\":\"Innovative Anh\u00e4ngekupplungen\",\"publisher\":{\"@id\":\"https:\/\/www.acps-automotive.com\/hu\/#organization\"},\"potentialAction\":[{\"@type\":\"SearchAction\",\"target\":{\"@type\":\"EntryPoint\",\"urlTemplate\":\"https:\/\/www.acps-automotive.com\/hu\/?s={search_term_string}\"},\"query-input\":{\"@type\":\"PropertyValueSpecification\",\"valueRequired\":true,\"valueName\":\"search_term_string\"}}],\"inLanguage\":\"hu\"},{\"@type\":\"Organization\",\"@id\":\"https:\/\/www.acps-automotive.com\/hu\/#organization\",\"name\":\"ACPS Automotive GmbH\",\"url\":\"https:\/\/www.acps-automotive.com\/hu\/\",\"logo\":{\"@type\":\"ImageObject\",\"inLanguage\":\"hu\",\"@id\":\"https:\/\/www.acps-automotive.com\/hu\/#\/schema\/logo\/image\/\",\"url\":\"https:\/\/www.acps-automotive.com\/wp-content\/uploads\/_media\/_allgemein\/Logo-Footer-ACPS-Automotive.png\",\"contentUrl\":\"https:\/\/www.acps-automotive.com\/wp-content\/uploads\/_media\/_allgemein\/Logo-Footer-ACPS-Automotive.png\",\"width\":239,\"height\":32,\"caption\":\"ACPS Automotive GmbH\"},\"image\":{\"@id\":\"https:\/\/www.acps-automotive.com\/hu\/#\/schema\/logo\/image\/\"},\"sameAs\":[\"https:\/\/x.com\/ACPS_Automotive\",\"https:\/\/www.linkedin.com\/company\/acps-automotive-gmbh\/\",\"https:\/\/www.instagram.com\/acps_ausbildung\/\",\"https:\/\/www.youtube.com\/channel\/UC2jxrgWwpxpkay2aHWV5SaQ\"]}]}<\/script>\n<!-- \/ Yoast SEO plugin. -->","yoast_head_json":{"title":"T\u00edpuslemez megrendel\u00e9se - ACPS Automotive GmbH","description":"Desarrollamos y fabricamos sistemas de remolque y transporte innovadores y seguros para fabricantes de equipos originales de automoci\u00f3n bajo la marca ORIS.","robots":{"index":"index","follow":"follow","max-snippet":"max-snippet:-1","max-image-preview":"max-image-preview:large","max-video-preview":"max-video-preview:-1"},"canonical":"https:\/\/www.acps-automotive.com\/hu\/szolgaltatas\/tipuslemez-megrendelese\/","og_locale":"hu_HU","og_type":"article","og_title":"T\u00edpuslemez megrendel\u00e9se - ACPS Automotive GmbH","og_description":"Desarrollamos y fabricamos sistemas de remolque y transporte innovadores y seguros para fabricantes de equipos originales de automoci\u00f3n bajo la marca ORIS.","og_url":"https:\/\/www.acps-automotive.com\/hu\/szolgaltatas\/tipuslemez-megrendelese\/","og_site_name":"ACPS Automotive GmbH","article_modified_time":"2026-03-09T15:28:39+00:00","og_image":[{"url":"https:\/\/www.acps-automotive.com\/wp-content\/uploads\/_media\/_allgemein\/pfeil-text-einleitung.png","type":"","width":"","height":""}],"twitter_card":"summary_large_image","twitter_site":"@ACPS_Automotive","twitter_misc":{"Becs\u00fclt olvas\u00e1si id\u0151":"1 perc"},"schema":{"@context":"https:\/\/schema.org","@graph":[{"@type":"WebPage","@id":"https:\/\/www.acps-automotive.com\/hu\/szolgaltatas\/tipuslemez-megrendelese\/","url":"https:\/\/www.acps-automotive.com\/hu\/szolgaltatas\/tipuslemez-megrendelese\/","name":"T\u00edpuslemez megrendel\u00e9se - ACPS Automotive GmbH","isPartOf":{"@id":"https:\/\/www.acps-automotive.com\/hu\/#website"},"primaryImageOfPage":{"@id":"https:\/\/www.acps-automotive.com\/hu\/szolgaltatas\/tipuslemez-megrendelese\/#primaryimage"},"image":{"@id":"https:\/\/www.acps-automotive.com\/hu\/szolgaltatas\/tipuslemez-megrendelese\/#primaryimage"},"thumbnailUrl":"https:\/\/www.acps-automotive.com\/wp-content\/uploads\/_media\/_allgemein\/pfeil-text-einleitung.png","datePublished":"2025-12-17T10:28:38+00:00","dateModified":"2026-03-09T15:28:39+00:00","description":"Desarrollamos y fabricamos sistemas de remolque y transporte innovadores y seguros para fabricantes de equipos originales de automoci\u00f3n bajo la marca ORIS.","breadcrumb":{"@id":"https:\/\/www.acps-automotive.com\/hu\/szolgaltatas\/tipuslemez-megrendelese\/#breadcrumb"},"inLanguage":"hu","potentialAction":[{"@type":"ReadAction","target":["https:\/\/www.acps-automotive.com\/hu\/szolgaltatas\/tipuslemez-megrendelese\/"]}]},{"@type":"ImageObject","inLanguage":"hu","@id":"https:\/\/www.acps-automotive.com\/hu\/szolgaltatas\/tipuslemez-megrendelese\/#primaryimage","url":"https:\/\/www.acps-automotive.com\/wp-content\/uploads\/_media\/_allgemein\/pfeil-text-einleitung.png","contentUrl":"https:\/\/www.acps-automotive.com\/wp-content\/uploads\/_media\/_allgemein\/pfeil-text-einleitung.png"},{"@type":"BreadcrumbList","@id":"https:\/\/www.acps-automotive.com\/hu\/szolgaltatas\/tipuslemez-megrendelese\/#breadcrumb","itemListElement":[{"@type":"ListItem","position":1,"name":"Startseite","item":"https:\/\/www.acps-automotive.com\/hu\/"},{"@type":"ListItem","position":2,"name":"Szolg\u00e1ltat\u00e1s","item":"https:\/\/www.acps-automotive.com\/hu\/szolgaltatas\/"},{"@type":"ListItem","position":3,"name":"T\u00edpuslemez megrendel\u00e9se"}]},{"@type":"WebSite","@id":"https:\/\/www.acps-automotive.com\/hu\/#website","url":"https:\/\/www.acps-automotive.com\/hu\/","name":"ACPS Automotive GmbH","description":"Innovative Anh\u00e4ngekupplungen","publisher":{"@id":"https:\/\/www.acps-automotive.com\/hu\/#organization"},"potentialAction":[{"@type":"SearchAction","target":{"@type":"EntryPoint","urlTemplate":"https:\/\/www.acps-automotive.com\/hu\/?s={search_term_string}"},"query-input":{"@type":"PropertyValueSpecification","valueRequired":true,"valueName":"search_term_string"}}],"inLanguage":"hu"},{"@type":"Organization","@id":"https:\/\/www.acps-automotive.com\/hu\/#organization","name":"ACPS Automotive GmbH","url":"https:\/\/www.acps-automotive.com\/hu\/","logo":{"@type":"ImageObject","inLanguage":"hu","@id":"https:\/\/www.acps-automotive.com\/hu\/#\/schema\/logo\/image\/","url":"https:\/\/www.acps-automotive.com\/wp-content\/uploads\/_media\/_allgemein\/Logo-Footer-ACPS-Automotive.png","contentUrl":"https:\/\/www.acps-automotive.com\/wp-content\/uploads\/_media\/_allgemein\/Logo-Footer-ACPS-Automotive.png","width":239,"height":32,"caption":"ACPS Automotive GmbH"},"image":{"@id":"https:\/\/www.acps-automotive.com\/hu\/#\/schema\/logo\/image\/"},"sameAs":["https:\/\/x.com\/ACPS_Automotive","https:\/\/www.linkedin.com\/company\/acps-automotive-gmbh\/","https:\/\/www.instagram.com\/acps_ausbildung\/","https:\/\/www.youtube.com\/channel\/UC2jxrgWwpxpkay2aHWV5SaQ"]}]}},"_links":{"self":[{"href":"https:\/\/www.acps-automotive.com\/hu\/wp-json\/wp\/v2\/pages\/27638","targetHints":{"allow":["GET"]}}],"collection":[{"href":"https:\/\/www.acps-automotive.com\/hu\/wp-json\/wp\/v2\/pages"}],"about":[{"href":"https:\/\/www.acps-automotive.com\/hu\/wp-json\/wp\/v2\/types\/page"}],"author":[{"embeddable":true,"href":"https:\/\/www.acps-automotive.com\/hu\/wp-json\/wp\/v2\/users\/8"}],"replies":[{"embeddable":true,"href":"https:\/\/www.acps-automotive.com\/hu\/wp-json\/wp\/v2\/comments?post=27638"}],"version-history":[{"count":2,"href":"https:\/\/www.acps-automotive.com\/hu\/wp-json\/wp\/v2\/pages\/27638\/revisions"}],"predecessor-version":[{"id":27641,"href":"https:\/\/www.acps-automotive.com\/hu\/wp-json\/wp\/v2\/pages\/27638\/revisions\/27641"}],"up":[{"embeddable":true,"href":"https:\/\/www.acps-automotive.com\/hu\/wp-json\/wp\/v2\/pages\/28079"}],"wp:attachment":[{"href":"https:\/\/www.acps-automotive.com\/hu\/wp-json\/wp\/v2\/media?parent=27638"}],"curies":[{"name":"wp","href":"https:\/\/api.w.org\/{rel}","templated":true}]}}