{"id":27626,"date":"2025-12-17T10:51:39","date_gmt":"2025-12-17T09:51:39","guid":{"rendered":"https:\/\/www.acps-automotive.com\/?page_id=27626"},"modified":"2026-03-09T16:27:22","modified_gmt":"2026-03-09T15:27:22","slug":"szallitova-valas-iranti-kerelem","status":"publish","type":"page","link":"https:\/\/www.acps-automotive.com\/hu\/szallitok\/szallitova-valas-iranti-kerelem\/","title":{"rendered":"Sz\u00e1ll\u00edt\u00f3v\u00e1 v\u00e1l\u00e1s ir\u00e1nti k\u00e9relem"},"content":{"rendered":"<div class=\"vgblk-rw-wrapper limit-wrapper\">\n\n\t<h1><strong>Sz\u00e1ll\u00edt\u00f3v\u00e1<\/strong><br \/>\nv\u00e1l\u00e1s ir\u00e1nti k\u00e9relem<\/h1>\n\t<img loading=\"lazy\" decoding=\"async\" src=\"https:\/\/www.acps-automotive.com\/wp-content\/uploads\/_media\/_allgemein\/pfeil-text-einleitung.png\" alt=\"Pfeil Text Einleitung\" width=\"46\" height=\"69\" \/><br \/>\nSzeretne az ACPS Automotive besz\u00e1ll\u00edt\u00f3ja lenni? K\u00e9rj\u00fck, haszn\u00e1lja az al\u00e1bbi linket, hogy regisztr\u00e1ljon besz\u00e1ll\u00edt\u00f3i port\u00e1lunkon. Itt gyorsan \u00e9s egyszer\u0171en elk\u00fcldheti nek\u00fcnk az \u00d6n szolg\u00e1ltat\u00e1sair\u00f3l \u00e9s c\u00e9g\u00e9r\u0151l sz\u00f3l\u00f3 \u00f6sszes inform\u00e1ci\u00f3t. Jelentkez\u00e9s\u00e9t ezut\u00e1n \u00e1rucikk-menedzsereink ellen\u0151rzik, \u00e9s sikeres elb\u00edr\u00e1l\u00e1s ut\u00e1n felveszik besz\u00e1ll\u00edt\u00f3i adatb\u00e1zisunkba &#8211; ezut\u00e1n tov\u00e1bbi inform\u00e1ci\u00f3kat k\u00e9rhet\u00fcnk \u00d6nt\u0151l. Sz\u00fcks\u00e9g eset\u00e9n k\u00f6zvetlen\u00fcl felvessz\u00fck \u00d6nnel a kapcsolatot besz\u00e1ll\u00edt\u00f3i port\u00e1lunkon kereszt\u00fcl.\n\t<strong>Jelentkezzen az ACPS Automotive besz\u00e1ll\u00edt\u00f3j\u00e1nak!<\/strong><br \/>\nEgyszer\u0171en haszn\u00e1lja a Jaggaer besz\u00e1ll\u00edt\u00f3i port\u00e1lunkra mutat\u00f3 linket.\n\t<p>K\u00e9zik\u00f6nyveink let\u00f6lthet\u0151k, hogy seg\u00edtsenek \u00d6nnek.<\/p>\n\t<p><a href=\"https:\/\/app11.jaggaer.com\/portals\/acps\/register#register\" target=\"_blank\" rel=\"noopener\">Jaggaer port\u00e1l<\/a><\/p>\n\t<p><a href=\"https:\/\/www.acps-automotive.com\/wp-content\/uploads\/_media\/lieferanten\/Manual Jaggaer_for Suppliers_EN.pdf\" target=\"_blank\" rel=\"noopener\">K\u00e9zik\u00f6nyv<\/a><\/p>\n\n<\/div><!-- .vgblk-rw-wrapper -->","protected":false},"excerpt":{"rendered":"<p>Sz\u00e1ll\u00edt\u00f3v\u00e1 v\u00e1l\u00e1s ir\u00e1nti k\u00e9relem Szeretne az ACPS Automotive besz\u00e1ll\u00edt\u00f3ja lenni? K\u00e9rj\u00fck, haszn\u00e1lja az al\u00e1bbi linket, hogy regisztr\u00e1ljon besz\u00e1ll\u00edt\u00f3i port\u00e1lunkon. Itt gyorsan \u00e9s egyszer\u0171en elk\u00fcldheti nek\u00fcnk az \u00d6n szolg\u00e1ltat\u00e1sair\u00f3l \u00e9s c\u00e9g\u00e9r\u0151l sz\u00f3l\u00f3 \u00f6sszes inform\u00e1ci\u00f3t. Jelentkez\u00e9s\u00e9t ezut\u00e1n \u00e1rucikk-menedzsereink ellen\u0151rzik, \u00e9s sikeres elb\u00edr\u00e1l\u00e1s ut\u00e1n felveszik besz\u00e1ll\u00edt\u00f3i adatb\u00e1zisunkba &#8211; ezut\u00e1n tov\u00e1bbi inform\u00e1ci\u00f3kat k\u00e9rhet\u00fcnk \u00d6nt\u0151l. Sz\u00fcks\u00e9g eset\u00e9n k\u00f6zvetlen\u00fcl felvessz\u00fck \u00d6nnel&#8230;<\/p>\n","protected":false},"author":8,"featured_media":0,"parent":28074,"menu_order":3,"comment_status":"closed","ping_status":"closed","template":"","meta":{"inline_featured_image":false,"_price":"","_stock":"","_tribe_ticket_header":"","_tribe_default_ticket_provider":"","_tribe_ticket_capacity":"0","_ticket_start_date":"","_ticket_end_date":"","_tribe_ticket_show_description":"","_tribe_ticket_show_not_going":false,"_tribe_ticket_use_global_stock":"","_tribe_ticket_global_stock_level":"","_global_stock_mode":"","_global_stock_cap":"","_tribe_rsvp_for_event":"","_tribe_ticket_going_count":"","_tribe_ticket_not_going_count":"","_tribe_tickets_list":"[]","_tribe_ticket_has_attendee_info_fields":false,"footnotes":""},"class_list":["post-27626","page","type-page","status-publish","hentry"],"yoast_head":"<!-- This site is optimized with the Yoast SEO plugin v27.2 - https:\/\/yoast.com\/product\/yoast-seo-wordpress\/ -->\n<title>Sz\u00e1ll\u00edt\u00f3v\u00e1 v\u00e1l\u00e1s ir\u00e1nti k\u00e9relem - ACPS Automotive GmbH<\/title>\n<meta name=\"description\" content=\"Desarrollamos y fabricamos sistemas innovadores y seguros de enganches para remolques y portabicicletas para fabricantes de equipos originales del sector automovil\u00edstico bajo la marca ORIS.\" \/>\n<meta name=\"robots\" content=\"index, follow, max-snippet:-1, max-image-preview:large, max-video-preview:-1\" \/>\n<link rel=\"canonical\" href=\"https:\/\/www.acps-automotive.com\/hu\/szallitok\/szallitova-valas-iranti-kerelem\/\" \/>\n<meta property=\"og:locale\" content=\"hu_HU\" \/>\n<meta property=\"og:type\" content=\"article\" \/>\n<meta property=\"og:title\" content=\"Sz\u00e1ll\u00edt\u00f3v\u00e1 v\u00e1l\u00e1s ir\u00e1nti k\u00e9relem - ACPS Automotive GmbH\" \/>\n<meta property=\"og:description\" content=\"Desarrollamos y fabricamos sistemas innovadores y seguros de enganches para remolques y portabicicletas para fabricantes de equipos originales del sector automovil\u00edstico bajo la marca ORIS.\" \/>\n<meta property=\"og:url\" content=\"https:\/\/www.acps-automotive.com\/hu\/szallitok\/szallitova-valas-iranti-kerelem\/\" \/>\n<meta property=\"og:site_name\" content=\"ACPS Automotive GmbH\" \/>\n<meta property=\"article:modified_time\" content=\"2026-03-09T15:27:22+00:00\" \/>\n<meta property=\"og:image\" content=\"https:\/\/www.acps-automotive.com\/wp-content\/uploads\/_media\/_allgemein\/pfeil-text-einleitung.png\" \/>\n<meta name=\"twitter:card\" content=\"summary_large_image\" \/>\n<meta name=\"twitter:site\" content=\"@ACPS_Automotive\" \/>\n<meta name=\"twitter:label1\" content=\"Becs\u00fclt olvas\u00e1si id\u0151\" \/>\n\t<meta name=\"twitter:data1\" content=\"1 perc\" \/>\n<script type=\"application\/ld+json\" class=\"yoast-schema-graph\">{\"@context\":\"https:\/\/schema.org\",\"@graph\":[{\"@type\":\"WebPage\",\"@id\":\"https:\/\/www.acps-automotive.com\/hu\/szallitok\/szallitova-valas-iranti-kerelem\/\",\"url\":\"https:\/\/www.acps-automotive.com\/hu\/szallitok\/szallitova-valas-iranti-kerelem\/\",\"name\":\"Sz\u00e1ll\u00edt\u00f3v\u00e1 v\u00e1l\u00e1s ir\u00e1nti k\u00e9relem - ACPS Automotive GmbH\",\"isPartOf\":{\"@id\":\"https:\/\/www.acps-automotive.com\/hu\/#website\"},\"primaryImageOfPage\":{\"@id\":\"https:\/\/www.acps-automotive.com\/hu\/szallitok\/szallitova-valas-iranti-kerelem\/#primaryimage\"},\"image\":{\"@id\":\"https:\/\/www.acps-automotive.com\/hu\/szallitok\/szallitova-valas-iranti-kerelem\/#primaryimage\"},\"thumbnailUrl\":\"https:\/\/www.acps-automotive.com\/wp-content\/uploads\/_media\/_allgemein\/pfeil-text-einleitung.png\",\"datePublished\":\"2025-12-17T09:51:39+00:00\",\"dateModified\":\"2026-03-09T15:27:22+00:00\",\"description\":\"Desarrollamos y fabricamos sistemas innovadores y seguros de enganches para remolques y portabicicletas para fabricantes de equipos originales del sector automovil\u00edstico bajo la marca ORIS.\",\"breadcrumb\":{\"@id\":\"https:\/\/www.acps-automotive.com\/hu\/szallitok\/szallitova-valas-iranti-kerelem\/#breadcrumb\"},\"inLanguage\":\"hu\",\"potentialAction\":[{\"@type\":\"ReadAction\",\"target\":[\"https:\/\/www.acps-automotive.com\/hu\/szallitok\/szallitova-valas-iranti-kerelem\/\"]}]},{\"@type\":\"ImageObject\",\"inLanguage\":\"hu\",\"@id\":\"https:\/\/www.acps-automotive.com\/hu\/szallitok\/szallitova-valas-iranti-kerelem\/#primaryimage\",\"url\":\"https:\/\/www.acps-automotive.com\/wp-content\/uploads\/_media\/_allgemein\/pfeil-text-einleitung.png\",\"contentUrl\":\"https:\/\/www.acps-automotive.com\/wp-content\/uploads\/_media\/_allgemein\/pfeil-text-einleitung.png\"},{\"@type\":\"BreadcrumbList\",\"@id\":\"https:\/\/www.acps-automotive.com\/hu\/szallitok\/szallitova-valas-iranti-kerelem\/#breadcrumb\",\"itemListElement\":[{\"@type\":\"ListItem\",\"position\":1,\"name\":\"Startseite\",\"item\":\"https:\/\/www.acps-automotive.com\/hu\/\"},{\"@type\":\"ListItem\",\"position\":2,\"name\":\"Sz\u00e1ll\u00edt\u00f3k\",\"item\":\"https:\/\/www.acps-automotive.com\/hu\/szallitok\/\"},{\"@type\":\"ListItem\",\"position\":3,\"name\":\"Sz\u00e1ll\u00edt\u00f3v\u00e1 v\u00e1l\u00e1s ir\u00e1nti k\u00e9relem\"}]},{\"@type\":\"WebSite\",\"@id\":\"https:\/\/www.acps-automotive.com\/hu\/#website\",\"url\":\"https:\/\/www.acps-automotive.com\/hu\/\",\"name\":\"ACPS Automotive GmbH\",\"description\":\"Innovative Anh\u00e4ngekupplungen\",\"publisher\":{\"@id\":\"https:\/\/www.acps-automotive.com\/hu\/#organization\"},\"potentialAction\":[{\"@type\":\"SearchAction\",\"target\":{\"@type\":\"EntryPoint\",\"urlTemplate\":\"https:\/\/www.acps-automotive.com\/hu\/?s={search_term_string}\"},\"query-input\":{\"@type\":\"PropertyValueSpecification\",\"valueRequired\":true,\"valueName\":\"search_term_string\"}}],\"inLanguage\":\"hu\"},{\"@type\":\"Organization\",\"@id\":\"https:\/\/www.acps-automotive.com\/hu\/#organization\",\"name\":\"ACPS Automotive GmbH\",\"url\":\"https:\/\/www.acps-automotive.com\/hu\/\",\"logo\":{\"@type\":\"ImageObject\",\"inLanguage\":\"hu\",\"@id\":\"https:\/\/www.acps-automotive.com\/hu\/#\/schema\/logo\/image\/\",\"url\":\"https:\/\/www.acps-automotive.com\/wp-content\/uploads\/_media\/_allgemein\/Logo-Footer-ACPS-Automotive.png\",\"contentUrl\":\"https:\/\/www.acps-automotive.com\/wp-content\/uploads\/_media\/_allgemein\/Logo-Footer-ACPS-Automotive.png\",\"width\":239,\"height\":32,\"caption\":\"ACPS Automotive GmbH\"},\"image\":{\"@id\":\"https:\/\/www.acps-automotive.com\/hu\/#\/schema\/logo\/image\/\"},\"sameAs\":[\"https:\/\/x.com\/ACPS_Automotive\",\"https:\/\/www.linkedin.com\/company\/acps-automotive-gmbh\/\",\"https:\/\/www.instagram.com\/acps_ausbildung\/\",\"https:\/\/www.youtube.com\/channel\/UC2jxrgWwpxpkay2aHWV5SaQ\"]}]}<\/script>\n<!-- \/ Yoast SEO plugin. -->","yoast_head_json":{"title":"Sz\u00e1ll\u00edt\u00f3v\u00e1 v\u00e1l\u00e1s ir\u00e1nti k\u00e9relem - ACPS Automotive GmbH","description":"Desarrollamos y fabricamos sistemas innovadores y seguros de enganches para remolques y portabicicletas para fabricantes de equipos originales del sector automovil\u00edstico bajo la marca ORIS.","robots":{"index":"index","follow":"follow","max-snippet":"max-snippet:-1","max-image-preview":"max-image-preview:large","max-video-preview":"max-video-preview:-1"},"canonical":"https:\/\/www.acps-automotive.com\/hu\/szallitok\/szallitova-valas-iranti-kerelem\/","og_locale":"hu_HU","og_type":"article","og_title":"Sz\u00e1ll\u00edt\u00f3v\u00e1 v\u00e1l\u00e1s ir\u00e1nti k\u00e9relem - ACPS Automotive GmbH","og_description":"Desarrollamos y fabricamos sistemas innovadores y seguros de enganches para remolques y portabicicletas para fabricantes de equipos originales del sector automovil\u00edstico bajo la marca ORIS.","og_url":"https:\/\/www.acps-automotive.com\/hu\/szallitok\/szallitova-valas-iranti-kerelem\/","og_site_name":"ACPS Automotive GmbH","article_modified_time":"2026-03-09T15:27:22+00:00","og_image":[{"url":"https:\/\/www.acps-automotive.com\/wp-content\/uploads\/_media\/_allgemein\/pfeil-text-einleitung.png","type":"","width":"","height":""}],"twitter_card":"summary_large_image","twitter_site":"@ACPS_Automotive","twitter_misc":{"Becs\u00fclt olvas\u00e1si id\u0151":"1 perc"},"schema":{"@context":"https:\/\/schema.org","@graph":[{"@type":"WebPage","@id":"https:\/\/www.acps-automotive.com\/hu\/szallitok\/szallitova-valas-iranti-kerelem\/","url":"https:\/\/www.acps-automotive.com\/hu\/szallitok\/szallitova-valas-iranti-kerelem\/","name":"Sz\u00e1ll\u00edt\u00f3v\u00e1 v\u00e1l\u00e1s ir\u00e1nti k\u00e9relem - ACPS Automotive GmbH","isPartOf":{"@id":"https:\/\/www.acps-automotive.com\/hu\/#website"},"primaryImageOfPage":{"@id":"https:\/\/www.acps-automotive.com\/hu\/szallitok\/szallitova-valas-iranti-kerelem\/#primaryimage"},"image":{"@id":"https:\/\/www.acps-automotive.com\/hu\/szallitok\/szallitova-valas-iranti-kerelem\/#primaryimage"},"thumbnailUrl":"https:\/\/www.acps-automotive.com\/wp-content\/uploads\/_media\/_allgemein\/pfeil-text-einleitung.png","datePublished":"2025-12-17T09:51:39+00:00","dateModified":"2026-03-09T15:27:22+00:00","description":"Desarrollamos y fabricamos sistemas innovadores y seguros de enganches para remolques y portabicicletas para fabricantes de equipos originales del sector automovil\u00edstico bajo la marca ORIS.","breadcrumb":{"@id":"https:\/\/www.acps-automotive.com\/hu\/szallitok\/szallitova-valas-iranti-kerelem\/#breadcrumb"},"inLanguage":"hu","potentialAction":[{"@type":"ReadAction","target":["https:\/\/www.acps-automotive.com\/hu\/szallitok\/szallitova-valas-iranti-kerelem\/"]}]},{"@type":"ImageObject","inLanguage":"hu","@id":"https:\/\/www.acps-automotive.com\/hu\/szallitok\/szallitova-valas-iranti-kerelem\/#primaryimage","url":"https:\/\/www.acps-automotive.com\/wp-content\/uploads\/_media\/_allgemein\/pfeil-text-einleitung.png","contentUrl":"https:\/\/www.acps-automotive.com\/wp-content\/uploads\/_media\/_allgemein\/pfeil-text-einleitung.png"},{"@type":"BreadcrumbList","@id":"https:\/\/www.acps-automotive.com\/hu\/szallitok\/szallitova-valas-iranti-kerelem\/#breadcrumb","itemListElement":[{"@type":"ListItem","position":1,"name":"Startseite","item":"https:\/\/www.acps-automotive.com\/hu\/"},{"@type":"ListItem","position":2,"name":"Sz\u00e1ll\u00edt\u00f3k","item":"https:\/\/www.acps-automotive.com\/hu\/szallitok\/"},{"@type":"ListItem","position":3,"name":"Sz\u00e1ll\u00edt\u00f3v\u00e1 v\u00e1l\u00e1s ir\u00e1nti k\u00e9relem"}]},{"@type":"WebSite","@id":"https:\/\/www.acps-automotive.com\/hu\/#website","url":"https:\/\/www.acps-automotive.com\/hu\/","name":"ACPS Automotive GmbH","description":"Innovative Anh\u00e4ngekupplungen","publisher":{"@id":"https:\/\/www.acps-automotive.com\/hu\/#organization"},"potentialAction":[{"@type":"SearchAction","target":{"@type":"EntryPoint","urlTemplate":"https:\/\/www.acps-automotive.com\/hu\/?s={search_term_string}"},"query-input":{"@type":"PropertyValueSpecification","valueRequired":true,"valueName":"search_term_string"}}],"inLanguage":"hu"},{"@type":"Organization","@id":"https:\/\/www.acps-automotive.com\/hu\/#organization","name":"ACPS Automotive GmbH","url":"https:\/\/www.acps-automotive.com\/hu\/","logo":{"@type":"ImageObject","inLanguage":"hu","@id":"https:\/\/www.acps-automotive.com\/hu\/#\/schema\/logo\/image\/","url":"https:\/\/www.acps-automotive.com\/wp-content\/uploads\/_media\/_allgemein\/Logo-Footer-ACPS-Automotive.png","contentUrl":"https:\/\/www.acps-automotive.com\/wp-content\/uploads\/_media\/_allgemein\/Logo-Footer-ACPS-Automotive.png","width":239,"height":32,"caption":"ACPS Automotive GmbH"},"image":{"@id":"https:\/\/www.acps-automotive.com\/hu\/#\/schema\/logo\/image\/"},"sameAs":["https:\/\/x.com\/ACPS_Automotive","https:\/\/www.linkedin.com\/company\/acps-automotive-gmbh\/","https:\/\/www.instagram.com\/acps_ausbildung\/","https:\/\/www.youtube.com\/channel\/UC2jxrgWwpxpkay2aHWV5SaQ"]}]}},"_links":{"self":[{"href":"https:\/\/www.acps-automotive.com\/hu\/wp-json\/wp\/v2\/pages\/27626","targetHints":{"allow":["GET"]}}],"collection":[{"href":"https:\/\/www.acps-automotive.com\/hu\/wp-json\/wp\/v2\/pages"}],"about":[{"href":"https:\/\/www.acps-automotive.com\/hu\/wp-json\/wp\/v2\/types\/page"}],"author":[{"embeddable":true,"href":"https:\/\/www.acps-automotive.com\/hu\/wp-json\/wp\/v2\/users\/8"}],"replies":[{"embeddable":true,"href":"https:\/\/www.acps-automotive.com\/hu\/wp-json\/wp\/v2\/comments?post=27626"}],"version-history":[{"count":2,"href":"https:\/\/www.acps-automotive.com\/hu\/wp-json\/wp\/v2\/pages\/27626\/revisions"}],"predecessor-version":[{"id":27629,"href":"https:\/\/www.acps-automotive.com\/hu\/wp-json\/wp\/v2\/pages\/27626\/revisions\/27629"}],"up":[{"embeddable":true,"href":"https:\/\/www.acps-automotive.com\/hu\/wp-json\/wp\/v2\/pages\/28074"}],"wp:attachment":[{"href":"https:\/\/www.acps-automotive.com\/hu\/wp-json\/wp\/v2\/media?parent=27626"}],"curies":[{"name":"wp","href":"https:\/\/api.w.org\/{rel}","templated":true}]}}