{"id":27617,"date":"2025-12-17T10:45:28","date_gmt":"2025-12-17T09:45:28","guid":{"rendered":"https:\/\/www.acps-automotive.com\/?page_id=27617"},"modified":"2026-03-09T16:25:47","modified_gmt":"2026-03-09T15:25:47","slug":"kovetelmenyek","status":"publish","type":"page","link":"https:\/\/www.acps-automotive.com\/hu\/szallitok\/kovetelmenyek\/","title":{"rendered":"K\u00f6vetelm\u00e9nyek"},"content":{"rendered":"<div class=\"vgblk-rw-wrapper limit-wrapper\">\n\n\t<h1><strong>Sz\u00e1ll\u00edt\u00f3k<\/strong><br \/>\nLegyen partner\u00fcnk<\/h1>\n\t<img loading=\"lazy\" decoding=\"async\" src=\"https:\/\/www.acps-automotive.com\/wp-content\/uploads\/_media\/_allgemein\/pfeil-text-einleitung.png\" alt=\"Pfeil Text Einleitung\" width=\"46\" height=\"69\" \/><br \/>\n\u00daj term\u00e9keinkhez mindig a megfelel\u0151 alkatr\u00e9szekre van sz\u00fcks\u00e9g\u00fcnk. Ha ismeri valamelyik gy\u00e1rt\u00e1si technol\u00f3gi\u00e1nkat, k\u00e9rj\u00fck, jelentkezzen besz\u00e1ll\u00edt\u00f3k\u00e9nt egy\u00fcttm\u0171k\u00f6d\u00e9sre.\n\t<h4><strong>Az ACPS Automotive-n\u00e1l\u00a0<\/strong><br \/>\nval\u00f3 munkav\u00e9gz\u00e9s el\u0151nyei<\/h4>\n\t<h3>Mechanikus megmunk\u00e1l\u00e1s<\/h3>\n<ul>\n<li>eszterg\u00e1l\u00e1s<\/li>\n<li>mar\u00e1s<\/li>\n<\/ul>\n\t<h3>Kov\u00e1csol\u00e1s<\/h3>\n<ul>\n<li>\u00f6tv\u00f6z\u00f6tt ac\u00e9lb\u00f3l<\/li>\n<\/ul>\n\t<h3>\u00d6nt\u00f6tt alkatr\u00e9szek<\/h3>\n<ul>\n<li>nemvasf\u00e9m \u00f6tv\u00f6zetekb\u0151l<\/li>\n<li>nemvasf\u00e9m \u00f6tv\u00f6zetek \u00e9s ac\u00e9l \u00f6ntv\u00e9nyek, valamint prec\u00edzi\u00f3s \u00f6ntv\u00e9nyek<\/li>\n<\/ul>\n\t<h3>\u00d6nt\u00f6tt alkatr\u00e9szek<\/h3>\n<ul>\n<li>alum\u00edniumb\u00f3l<\/li>\n<\/ul>\n\t<h3>Extrud\u00e1lt profilok<\/h3>\n<ul>\n<li>alum\u00edniumb\u00f3l gy\u00e1rt\u00e1si hossz\u00fas\u00e1gokban \u00e9s r\u00f6gz\u00edtett hossz\u00fas\u00e1gokban, megmunk\u00e1latlanul \u00e9s mechanikusan megmunk\u00e1lva \u00e9s hajl\u00edtva<\/li>\n<\/ul>\n\t<h3>Pr\u00e9selt \u00e9s hajl\u00edtott alkatr\u00e9szek<\/h3>\n<ul>\n<li>6 mm-t\u0151l 15 mm-ig terjed\u0151 lemezvastags\u00e1gok<\/li>\n<li>f\u00e9mlemez v\u00e1g\u00e1s<\/li>\n<\/ul>\n\t<h3>L\u00e9zerrel v\u00e1gott \u00e9s l\u00e1nggal v\u00e1gott alkatr\u00e9szek<\/h3>\n<ul>\n<li>6 mm-t\u0151l 15 mm-ig terjed\u0151 lemezvastags\u00e1gok<\/li>\n<\/ul>\n\t<h3>Cs\u00edkok, lemezek, profilok \u00e9s cs\u00f6vek<\/h3>\n<ul>\n<li>ac\u00e9lb\u00f3l, sz\u00ednesf\u00e9mekb\u0151l \u00e9s m\u0171anyagokb\u00f3l<\/li>\n<\/ul>\n\t<h3>M\u0171anyag fr\u00f6ccs\u00f6nt\u00e9s<\/h3>\n<ul>\n<li>extrud\u00e1l\u00e1s, f\u00fav\u00e1sos fr\u00f6ccs\u00f6nt\u00e9s \u00e9s vulkaniz\u00e1l\u00e1s alkatr\u00e9szek<\/li>\n<\/ul>\n\t<h3>Fel\u00fcletkezel\u00e9sek<\/h3>\n<ul>\n<li>porfest\u00e9s<\/li>\n<li>nyomtat\u00e1s<\/li>\n<li>l\u00e9zeres felirat<\/li>\n<li>nedves lakkoz\u00e1s<\/li>\n<li>galvanikus fel\u00fcletek ac\u00e9lon, m\u0171anyagon \u00e9s alum\u00edniumon<\/li>\n<\/ul>\n\t<h3>Egy\u00e9b<\/h3>\n<ul>\n<li>b\u0151r<\/li>\n<li>M\u0171b\u0151r \u00e9s textil<\/li>\n<li>elektronikus berendez\u00e9sek \u00e9s k\u00e1belek<\/li>\n<li>csomagol\u00e1s \u00e9s csomagol\u00f3anyagok<\/li>\n<\/ul>\n\n<\/div><!-- .vgblk-rw-wrapper -->","protected":false},"excerpt":{"rendered":"<p>Sz\u00e1ll\u00edt\u00f3k Legyen partner\u00fcnk \u00daj term\u00e9keinkhez mindig a megfelel\u0151 alkatr\u00e9szekre van sz\u00fcks\u00e9g\u00fcnk. Ha ismeri valamelyik gy\u00e1rt\u00e1si technol\u00f3gi\u00e1nkat, k\u00e9rj\u00fck, jelentkezzen besz\u00e1ll\u00edt\u00f3k\u00e9nt egy\u00fcttm\u0171k\u00f6d\u00e9sre. Az ACPS Automotive-n\u00e1l\u00a0 val\u00f3 munkav\u00e9gz\u00e9s el\u0151nyei Mechanikus megmunk\u00e1l\u00e1s eszterg\u00e1l\u00e1s mar\u00e1s Kov\u00e1csol\u00e1s \u00f6tv\u00f6z\u00f6tt ac\u00e9lb\u00f3l \u00d6nt\u00f6tt alkatr\u00e9szek nemvasf\u00e9m \u00f6tv\u00f6zetekb\u0151l nemvasf\u00e9m \u00f6tv\u00f6zetek \u00e9s ac\u00e9l \u00f6ntv\u00e9nyek, valamint prec\u00edzi\u00f3s \u00f6ntv\u00e9nyek \u00d6nt\u00f6tt alkatr\u00e9szek alum\u00edniumb\u00f3l Extrud\u00e1lt profilok alum\u00edniumb\u00f3l gy\u00e1rt\u00e1si hossz\u00fas\u00e1gokban \u00e9s r\u00f6gz\u00edtett&#8230;<\/p>\n","protected":false},"author":8,"featured_media":0,"parent":28074,"menu_order":0,"comment_status":"closed","ping_status":"closed","template":"","meta":{"inline_featured_image":false,"_price":"","_stock":"","_tribe_ticket_header":"","_tribe_default_ticket_provider":"","_tribe_ticket_capacity":"0","_ticket_start_date":"","_ticket_end_date":"","_tribe_ticket_show_description":"","_tribe_ticket_show_not_going":false,"_tribe_ticket_use_global_stock":"","_tribe_ticket_global_stock_level":"","_global_stock_mode":"","_global_stock_cap":"","_tribe_rsvp_for_event":"","_tribe_ticket_going_count":"","_tribe_ticket_not_going_count":"","_tribe_tickets_list":"[]","_tribe_ticket_has_attendee_info_fields":false,"footnotes":""},"class_list":["post-27617","page","type-page","status-publish","hentry"],"yoast_head":"<!-- This site is optimized with the Yoast SEO plugin v27.2 - https:\/\/yoast.com\/product\/yoast-seo-wordpress\/ -->\n<title>K\u00f6vetelm\u00e9nyek - ACPS Automotive GmbH<\/title>\n<meta name=\"description\" content=\"Desarrollamos y fabricamos sistemas de remolque y transporte innovadores y seguros para fabricantes de equipos originales de automoci\u00f3n bajo la marca ORIS.\" \/>\n<meta name=\"robots\" content=\"index, follow, max-snippet:-1, max-image-preview:large, max-video-preview:-1\" \/>\n<link rel=\"canonical\" href=\"https:\/\/www.acps-automotive.com\/hu\/szallitok\/kovetelmenyek\/\" \/>\n<meta property=\"og:locale\" content=\"hu_HU\" \/>\n<meta property=\"og:type\" content=\"article\" \/>\n<meta property=\"og:title\" content=\"K\u00f6vetelm\u00e9nyek - ACPS Automotive GmbH\" \/>\n<meta property=\"og:description\" content=\"Desarrollamos y fabricamos sistemas de remolque y transporte innovadores y seguros para fabricantes de equipos originales de automoci\u00f3n bajo la marca ORIS.\" \/>\n<meta property=\"og:url\" content=\"https:\/\/www.acps-automotive.com\/hu\/szallitok\/kovetelmenyek\/\" \/>\n<meta property=\"og:site_name\" content=\"ACPS Automotive GmbH\" \/>\n<meta property=\"article:modified_time\" content=\"2026-03-09T15:25:47+00:00\" \/>\n<meta property=\"og:image\" content=\"https:\/\/www.acps-automotive.com\/wp-content\/uploads\/_media\/_allgemein\/pfeil-text-einleitung.png\" \/>\n<meta name=\"twitter:card\" content=\"summary_large_image\" \/>\n<meta name=\"twitter:site\" content=\"@ACPS_Automotive\" \/>\n<meta name=\"twitter:label1\" content=\"Becs\u00fclt olvas\u00e1si id\u0151\" \/>\n\t<meta name=\"twitter:data1\" content=\"1 perc\" \/>\n<script type=\"application\/ld+json\" class=\"yoast-schema-graph\">{\"@context\":\"https:\/\/schema.org\",\"@graph\":[{\"@type\":\"WebPage\",\"@id\":\"https:\/\/www.acps-automotive.com\/hu\/szallitok\/kovetelmenyek\/\",\"url\":\"https:\/\/www.acps-automotive.com\/hu\/szallitok\/kovetelmenyek\/\",\"name\":\"K\u00f6vetelm\u00e9nyek - ACPS Automotive GmbH\",\"isPartOf\":{\"@id\":\"https:\/\/www.acps-automotive.com\/hu\/#website\"},\"primaryImageOfPage\":{\"@id\":\"https:\/\/www.acps-automotive.com\/hu\/szallitok\/kovetelmenyek\/#primaryimage\"},\"image\":{\"@id\":\"https:\/\/www.acps-automotive.com\/hu\/szallitok\/kovetelmenyek\/#primaryimage\"},\"thumbnailUrl\":\"https:\/\/www.acps-automotive.com\/wp-content\/uploads\/_media\/_allgemein\/pfeil-text-einleitung.png\",\"datePublished\":\"2025-12-17T09:45:28+00:00\",\"dateModified\":\"2026-03-09T15:25:47+00:00\",\"description\":\"Desarrollamos y fabricamos sistemas de remolque y transporte innovadores y seguros para fabricantes de equipos originales de automoci\u00f3n bajo la marca ORIS.\",\"breadcrumb\":{\"@id\":\"https:\/\/www.acps-automotive.com\/hu\/szallitok\/kovetelmenyek\/#breadcrumb\"},\"inLanguage\":\"hu\",\"potentialAction\":[{\"@type\":\"ReadAction\",\"target\":[\"https:\/\/www.acps-automotive.com\/hu\/szallitok\/kovetelmenyek\/\"]}]},{\"@type\":\"ImageObject\",\"inLanguage\":\"hu\",\"@id\":\"https:\/\/www.acps-automotive.com\/hu\/szallitok\/kovetelmenyek\/#primaryimage\",\"url\":\"https:\/\/www.acps-automotive.com\/wp-content\/uploads\/_media\/_allgemein\/pfeil-text-einleitung.png\",\"contentUrl\":\"https:\/\/www.acps-automotive.com\/wp-content\/uploads\/_media\/_allgemein\/pfeil-text-einleitung.png\"},{\"@type\":\"BreadcrumbList\",\"@id\":\"https:\/\/www.acps-automotive.com\/hu\/szallitok\/kovetelmenyek\/#breadcrumb\",\"itemListElement\":[{\"@type\":\"ListItem\",\"position\":1,\"name\":\"Startseite\",\"item\":\"https:\/\/www.acps-automotive.com\/hu\/\"},{\"@type\":\"ListItem\",\"position\":2,\"name\":\"Sz\u00e1ll\u00edt\u00f3k\",\"item\":\"https:\/\/www.acps-automotive.com\/hu\/szallitok\/\"},{\"@type\":\"ListItem\",\"position\":3,\"name\":\"K\u00f6vetelm\u00e9nyek\"}]},{\"@type\":\"WebSite\",\"@id\":\"https:\/\/www.acps-automotive.com\/hu\/#website\",\"url\":\"https:\/\/www.acps-automotive.com\/hu\/\",\"name\":\"ACPS Automotive GmbH\",\"description\":\"Innovative Anh\u00e4ngekupplungen\",\"publisher\":{\"@id\":\"https:\/\/www.acps-automotive.com\/hu\/#organization\"},\"potentialAction\":[{\"@type\":\"SearchAction\",\"target\":{\"@type\":\"EntryPoint\",\"urlTemplate\":\"https:\/\/www.acps-automotive.com\/hu\/?s={search_term_string}\"},\"query-input\":{\"@type\":\"PropertyValueSpecification\",\"valueRequired\":true,\"valueName\":\"search_term_string\"}}],\"inLanguage\":\"hu\"},{\"@type\":\"Organization\",\"@id\":\"https:\/\/www.acps-automotive.com\/hu\/#organization\",\"name\":\"ACPS Automotive GmbH\",\"url\":\"https:\/\/www.acps-automotive.com\/hu\/\",\"logo\":{\"@type\":\"ImageObject\",\"inLanguage\":\"hu\",\"@id\":\"https:\/\/www.acps-automotive.com\/hu\/#\/schema\/logo\/image\/\",\"url\":\"https:\/\/www.acps-automotive.com\/wp-content\/uploads\/_media\/_allgemein\/Logo-Footer-ACPS-Automotive.png\",\"contentUrl\":\"https:\/\/www.acps-automotive.com\/wp-content\/uploads\/_media\/_allgemein\/Logo-Footer-ACPS-Automotive.png\",\"width\":239,\"height\":32,\"caption\":\"ACPS Automotive GmbH\"},\"image\":{\"@id\":\"https:\/\/www.acps-automotive.com\/hu\/#\/schema\/logo\/image\/\"},\"sameAs\":[\"https:\/\/x.com\/ACPS_Automotive\",\"https:\/\/www.linkedin.com\/company\/acps-automotive-gmbh\/\",\"https:\/\/www.instagram.com\/acps_ausbildung\/\",\"https:\/\/www.youtube.com\/channel\/UC2jxrgWwpxpkay2aHWV5SaQ\"]}]}<\/script>\n<!-- \/ Yoast SEO plugin. -->","yoast_head_json":{"title":"K\u00f6vetelm\u00e9nyek - ACPS Automotive GmbH","description":"Desarrollamos y fabricamos sistemas de remolque y transporte innovadores y seguros para fabricantes de equipos originales de automoci\u00f3n bajo la marca ORIS.","robots":{"index":"index","follow":"follow","max-snippet":"max-snippet:-1","max-image-preview":"max-image-preview:large","max-video-preview":"max-video-preview:-1"},"canonical":"https:\/\/www.acps-automotive.com\/hu\/szallitok\/kovetelmenyek\/","og_locale":"hu_HU","og_type":"article","og_title":"K\u00f6vetelm\u00e9nyek - ACPS Automotive GmbH","og_description":"Desarrollamos y fabricamos sistemas de remolque y transporte innovadores y seguros para fabricantes de equipos originales de automoci\u00f3n bajo la marca ORIS.","og_url":"https:\/\/www.acps-automotive.com\/hu\/szallitok\/kovetelmenyek\/","og_site_name":"ACPS Automotive GmbH","article_modified_time":"2026-03-09T15:25:47+00:00","og_image":[{"url":"https:\/\/www.acps-automotive.com\/wp-content\/uploads\/_media\/_allgemein\/pfeil-text-einleitung.png","type":"","width":"","height":""}],"twitter_card":"summary_large_image","twitter_site":"@ACPS_Automotive","twitter_misc":{"Becs\u00fclt olvas\u00e1si id\u0151":"1 perc"},"schema":{"@context":"https:\/\/schema.org","@graph":[{"@type":"WebPage","@id":"https:\/\/www.acps-automotive.com\/hu\/szallitok\/kovetelmenyek\/","url":"https:\/\/www.acps-automotive.com\/hu\/szallitok\/kovetelmenyek\/","name":"K\u00f6vetelm\u00e9nyek - ACPS Automotive GmbH","isPartOf":{"@id":"https:\/\/www.acps-automotive.com\/hu\/#website"},"primaryImageOfPage":{"@id":"https:\/\/www.acps-automotive.com\/hu\/szallitok\/kovetelmenyek\/#primaryimage"},"image":{"@id":"https:\/\/www.acps-automotive.com\/hu\/szallitok\/kovetelmenyek\/#primaryimage"},"thumbnailUrl":"https:\/\/www.acps-automotive.com\/wp-content\/uploads\/_media\/_allgemein\/pfeil-text-einleitung.png","datePublished":"2025-12-17T09:45:28+00:00","dateModified":"2026-03-09T15:25:47+00:00","description":"Desarrollamos y fabricamos sistemas de remolque y transporte innovadores y seguros para fabricantes de equipos originales de automoci\u00f3n bajo la marca ORIS.","breadcrumb":{"@id":"https:\/\/www.acps-automotive.com\/hu\/szallitok\/kovetelmenyek\/#breadcrumb"},"inLanguage":"hu","potentialAction":[{"@type":"ReadAction","target":["https:\/\/www.acps-automotive.com\/hu\/szallitok\/kovetelmenyek\/"]}]},{"@type":"ImageObject","inLanguage":"hu","@id":"https:\/\/www.acps-automotive.com\/hu\/szallitok\/kovetelmenyek\/#primaryimage","url":"https:\/\/www.acps-automotive.com\/wp-content\/uploads\/_media\/_allgemein\/pfeil-text-einleitung.png","contentUrl":"https:\/\/www.acps-automotive.com\/wp-content\/uploads\/_media\/_allgemein\/pfeil-text-einleitung.png"},{"@type":"BreadcrumbList","@id":"https:\/\/www.acps-automotive.com\/hu\/szallitok\/kovetelmenyek\/#breadcrumb","itemListElement":[{"@type":"ListItem","position":1,"name":"Startseite","item":"https:\/\/www.acps-automotive.com\/hu\/"},{"@type":"ListItem","position":2,"name":"Sz\u00e1ll\u00edt\u00f3k","item":"https:\/\/www.acps-automotive.com\/hu\/szallitok\/"},{"@type":"ListItem","position":3,"name":"K\u00f6vetelm\u00e9nyek"}]},{"@type":"WebSite","@id":"https:\/\/www.acps-automotive.com\/hu\/#website","url":"https:\/\/www.acps-automotive.com\/hu\/","name":"ACPS Automotive GmbH","description":"Innovative Anh\u00e4ngekupplungen","publisher":{"@id":"https:\/\/www.acps-automotive.com\/hu\/#organization"},"potentialAction":[{"@type":"SearchAction","target":{"@type":"EntryPoint","urlTemplate":"https:\/\/www.acps-automotive.com\/hu\/?s={search_term_string}"},"query-input":{"@type":"PropertyValueSpecification","valueRequired":true,"valueName":"search_term_string"}}],"inLanguage":"hu"},{"@type":"Organization","@id":"https:\/\/www.acps-automotive.com\/hu\/#organization","name":"ACPS Automotive GmbH","url":"https:\/\/www.acps-automotive.com\/hu\/","logo":{"@type":"ImageObject","inLanguage":"hu","@id":"https:\/\/www.acps-automotive.com\/hu\/#\/schema\/logo\/image\/","url":"https:\/\/www.acps-automotive.com\/wp-content\/uploads\/_media\/_allgemein\/Logo-Footer-ACPS-Automotive.png","contentUrl":"https:\/\/www.acps-automotive.com\/wp-content\/uploads\/_media\/_allgemein\/Logo-Footer-ACPS-Automotive.png","width":239,"height":32,"caption":"ACPS Automotive GmbH"},"image":{"@id":"https:\/\/www.acps-automotive.com\/hu\/#\/schema\/logo\/image\/"},"sameAs":["https:\/\/x.com\/ACPS_Automotive","https:\/\/www.linkedin.com\/company\/acps-automotive-gmbh\/","https:\/\/www.instagram.com\/acps_ausbildung\/","https:\/\/www.youtube.com\/channel\/UC2jxrgWwpxpkay2aHWV5SaQ"]}]}},"_links":{"self":[{"href":"https:\/\/www.acps-automotive.com\/hu\/wp-json\/wp\/v2\/pages\/27617","targetHints":{"allow":["GET"]}}],"collection":[{"href":"https:\/\/www.acps-automotive.com\/hu\/wp-json\/wp\/v2\/pages"}],"about":[{"href":"https:\/\/www.acps-automotive.com\/hu\/wp-json\/wp\/v2\/types\/page"}],"author":[{"embeddable":true,"href":"https:\/\/www.acps-automotive.com\/hu\/wp-json\/wp\/v2\/users\/8"}],"replies":[{"embeddable":true,"href":"https:\/\/www.acps-automotive.com\/hu\/wp-json\/wp\/v2\/comments?post=27617"}],"version-history":[{"count":2,"href":"https:\/\/www.acps-automotive.com\/hu\/wp-json\/wp\/v2\/pages\/27617\/revisions"}],"predecessor-version":[{"id":27625,"href":"https:\/\/www.acps-automotive.com\/hu\/wp-json\/wp\/v2\/pages\/27617\/revisions\/27625"}],"up":[{"embeddable":true,"href":"https:\/\/www.acps-automotive.com\/hu\/wp-json\/wp\/v2\/pages\/28074"}],"wp:attachment":[{"href":"https:\/\/www.acps-automotive.com\/hu\/wp-json\/wp\/v2\/media?parent=27617"}],"curies":[{"name":"wp","href":"https:\/\/api.w.org\/{rel}","templated":true}]}}