{"id":27613,"date":"2025-12-17T09:43:03","date_gmt":"2025-12-17T08:43:03","guid":{"rendered":"https:\/\/www.acps-automotive.com\/?page_id=27613"},"modified":"2026-03-10T13:05:15","modified_gmt":"2026-03-10T12:05:15","slug":"kapcsolatfelveteli-urlap","status":"publish","type":"page","link":"https:\/\/www.acps-automotive.com\/hu\/kapcsolatfelvetel\/kapcsolatfelveteli-urlap\/","title":{"rendered":"Kapcsolatfelv\u00e9teli \u0171rlap"},"content":{"rendered":"<div class=\"vgblk-rw-wrapper limit-wrapper\">\n\n\t<h1>K\u00e9rj\u00fck, vegye fel vel\u00fcnk a kapcsolatot!<\/h1>\n<h2>\u00d6r\u00f6mmel seg\u00edt\u00fcnk \u00d6nnek<\/h2>\n\t<h3><strong>Minden k\u00e9rd\u00e9ssel vagy k\u00e9r\u00e9ssel forduljon hozz\u00e1nk bizalommal.<\/strong><\/h3>\n<p>Annak \u00e9rdek\u00e9ben, hogy k\u00e9r\u00e9sed r\u00f6vid id\u0151n bel\u00fcl eljusson a megfelel\u0151 kapcsolattart\u00f3hoz, k\u00e9rj\u00fck, k\u00fcldd el nek\u00fcnk e-mailben vagy a kapcsolatfelv\u00e9teli \u0171rlapon kereszt\u00fcl.<\/p>\n<p>Ha b\u00e1rmilyen k\u00e9rd\u00e9sed van az ACPS Automotive megfelel\u0151s\u00e9gi el\u0151\u00edr\u00e1saival kapcsolatban, vagy megfelel\u0151s\u00e9gi bejelent\u00e9st szeretn\u00e9l tenni, k\u00fcldd el azokat a <a href=\"&#109;&#x61;&#105;&#x6c;t&#x6f;:&#99;&#x6f;&#109;&#x70;&#108;&#x69;a&#x6e;c&#101;&#x40;&#97;&#x63;p&#x73;-&#x61;&#x75;&#116;&#x6f;&#109;&#x6f;t&#x69;v&#101;&#x2e;&#99;&#x6f;&#109;\">&#x63;&#111;&#109;&#x70;&#x6c;&#105;&#97;&#x6e;&#x63;&#101;&#64;&#x61;&#x63;&#112;&#115;&#x2d;&#x61;&#117;&#116;&#x6f;&#x6d;&#111;&#116;&#x69;&#x76;&#101;&#46;&#x63;&#x6f;&#109;<\/a> c\u00edmre. Emellett n\u00e9vtelen bejelent\u00e9si csatorna is rendelkez\u00e9sedre \u00e1ll a <a href=\"https:\/\/www.safecall.co.uk\/en\/\" target=\"_blank\" rel=\"noopener\">https:\/\/www.safecall.co.uk\/<\/a> c\u00edmen tal\u00e1lhat\u00f3 Safecall bejelent\u0151 port\u00e1lon kereszt\u00fcl.<\/p>\n<h4>\n\tTelefon\n\t<\/h4>\n\t<p>+49 (0) 7142 9930-0<\/p>\n<h4>\n\tE-MAIL C\u00cdM\n\t<\/h4>\n\t<p><a href=\"mai&#108;&#116;&#111;&#x3a;&#x69;&#x6e;&#x66;&#x6f;&#x40;acp&#115;&#45;&#97;&#117;&#x74;&#x6f;&#x6d;&#x6f;&#x74;&#x69;ve&#46;&#99;&#111;&#109;\">&#x69;&#110;&#102;o&#x40;&#x61;&#99;p&#x73;&#x2d;&#97;u&#x74;&#x6f;&#109;o&#x74;&#x69;&#118;e&#x2e;&#x63;&#111;m<\/a><\/p>\n<h4>\n\tH\u00e9tf\u0151t\u0151l cs\u00fct\u00f6rt\u00f6kig\n\t<\/h4>\n\t<p>Nyitva: 08:00-16:00<\/p>\n<h4>\n\tp\u00e9ntek\n\t<\/h4>\n\t<p>Nyitva: 08:00-15:00<\/p>\n\t<h3><strong>Megjegyz\u00e9s<\/strong><\/h3>\n<p>Von\u00f3horog-gy\u00e1rt\u00f3k\u00e9nt term\u00e9keink biztons\u00e1ga sz\u00e1munkra kiemelten fontos. Ha b\u00e1rmilyen szokatlan piaci jelens\u00e9get \u00e9szlel, vagy b\u00e1rmilyen potenci\u00e1lis hib\u00e1t, biztons\u00e1gi kock\u00e1zatot vagy egy\u00e9b relev\u00e1ns esem\u00e9nyt \u00e9szlel von\u00f3horogjainkkal kapcsolatban, k\u00e9rj\u00fck, halad\u00e9ktalanul \u00e9rtes\u00edtsen minket. Jelent\u00e9sei \u00e9rt\u00e9kes seg\u00edts\u00e9get ny\u00fajtanak term\u00e9keink min\u0151s\u00e9g\u00e9nek tov\u00e1bbi jav\u00edt\u00e1s\u00e1hoz \u00e9s hozz\u00e1j\u00e1rulnak a k\u00f6z\u00fati biztons\u00e1ghoz. K\u00f6sz\u00f6nj\u00fck t\u00e1mogat\u00e1s\u00e1t.<\/p>\n\t\n<div class=\"wpcf7 no-js\" id=\"wpcf7-f29640-o1\" lang=\"hu-HU\" dir=\"ltr\" data-wpcf7-id=\"29640\">\n<div class=\"screen-reader-response\"><p role=\"status\" aria-live=\"polite\" aria-atomic=\"true\"><\/p> <ul><\/ul><\/div>\n<form action=\"\/hu\/wp-json\/wp\/v2\/pages\/27613#wpcf7-f29640-o1\" method=\"post\" class=\"wpcf7-form init wpcf7-acceptance-as-validation\" aria-label=\"Kapcsolatfelv\u00e9teli \u0171rlap\" novalidate=\"novalidate\" data-status=\"init\">\n<fieldset class=\"hidden-fields-container\"><input type=\"hidden\" name=\"_wpcf7\" value=\"29640\" \/><input type=\"hidden\" name=\"_wpcf7_version\" value=\"6.1.5\" \/><input type=\"hidden\" name=\"_wpcf7_locale\" value=\"hu_HU\" \/><input type=\"hidden\" name=\"_wpcf7_unit_tag\" value=\"wpcf7-f29640-o1\" \/><input type=\"hidden\" name=\"_wpcf7_container_post\" value=\"0\" \/><input type=\"hidden\" name=\"_wpcf7_posted_data_hash\" value=\"\" \/>\n<\/fieldset>\n<div class=\"col-md-12\">\n\t<p><span class=\"wpcf7-form-control-wrap\" data-name=\"Anrede\"><span class=\"wpcf7-form-control wpcf7-radio\"><span class=\"wpcf7-list-item first\"><input type=\"radio\" name=\"Anrede\" value=\"\u00dar\" checked=\"checked\" \/><span class=\"wpcf7-list-item-label\">\u00dar<\/span><\/span><span class=\"wpcf7-list-item last\"><input type=\"radio\" name=\"Anrede\" value=\"Asszony\" \/><span class=\"wpcf7-list-item-label\">Asszony<\/span><\/span><\/span><\/span>\n\t<\/p>\n<\/div>\n<div class=\"col-md-6 halb\">\n\t<p><label> <span class=\"wpcf7-form-control-wrap\" data-name=\"firma\"><input size=\"40\" maxlength=\"400\" class=\"wpcf7-form-control wpcf7-text\" aria-invalid=\"false\" placeholder=\"C\u00e9g\" value=\"\" type=\"text\" name=\"firma\" \/><\/span> <\/label>\n\t<\/p>\n<\/div>\n<div class=\"col-md-6 halb\">\n\t<p><label> <span class=\"wpcf7-form-control-wrap\" data-name=\"titel\"><input size=\"40\" maxlength=\"400\" class=\"wpcf7-form-control wpcf7-text\" aria-invalid=\"false\" placeholder=\"C\u00edm\" value=\"\" type=\"text\" name=\"titel\" \/><\/span> <\/label>\n\t<\/p>\n<\/div>\n<div class=\"col-md-6 halb\">\n\t<p><label> <span class=\"wpcf7-form-control-wrap\" data-name=\"your-name\"><input size=\"40\" maxlength=\"400\" class=\"wpcf7-form-control wpcf7-text\" aria-invalid=\"false\" placeholder=\"Keresztn\u00e9v\" value=\"\" type=\"text\" name=\"your-name\" \/><\/span> <\/label>\n\t<\/p>\n<\/div>\n<div class=\"col-md-6 halb\">\n\t<p><label> <span class=\"wpcf7-form-control-wrap\" data-name=\"your-lastname\"><input size=\"40\" maxlength=\"400\" class=\"wpcf7-form-control wpcf7-text\" aria-invalid=\"false\" placeholder=\"Vezet\u00e9kn\u00e9v\" value=\"\" type=\"text\" name=\"your-lastname\" \/><\/span> <\/label>\n\t<\/p>\n<\/div>\n<div class=\"col-md-6 halb\">\n\t<p><label> <span class=\"wpcf7-form-control-wrap\" data-name=\"strasse\"><input size=\"40\" maxlength=\"400\" class=\"wpcf7-form-control wpcf7-text\" aria-invalid=\"false\" placeholder=\"Utca + h\u00e1zsz\u00e1m\" value=\"\" type=\"text\" name=\"strasse\" \/><\/span> <\/label>\n\t<\/p>\n<\/div>\n<div class=\"col-md-6 halb\">\n\t<p><label> <span class=\"wpcf7-form-control-wrap\" data-name=\"ort\"><input size=\"40\" maxlength=\"400\" class=\"wpcf7-form-control wpcf7-text\" aria-invalid=\"false\" placeholder=\"Ir\u00e1ny\u00edt\u00f3sz\u00e1m + v\u00e1ros\" value=\"\" type=\"text\" name=\"ort\" \/><\/span> <\/label>\n\t<\/p>\n<\/div>\n<div class=\"col-md-6 halb halb-margin-schmal\">\n\t<p><label> <span class=\"wpcf7-form-control-wrap\" data-name=\"your-email\"><input size=\"40\" maxlength=\"400\" class=\"wpcf7-form-control wpcf7-email wpcf7-validates-as-required wpcf7-text wpcf7-validates-as-email\" aria-required=\"true\" aria-invalid=\"false\" placeholder=\"E-Mail*\" value=\"\" type=\"email\" name=\"your-email\" \/><\/span> <\/label>\n\t<\/p>\n<\/div>\n<div class=\"col-md-6 halb halb-margin-schmal\">\n\t<p><label> <span class=\"wpcf7-form-control-wrap\" data-name=\"your-phone\"><input size=\"40\" maxlength=\"400\" class=\"wpcf7-form-control wpcf7-text\" aria-invalid=\"false\" placeholder=\"Telefon\" value=\"\" type=\"text\" name=\"your-phone\" \/><\/span> <\/label>\n\t<\/p>\n<\/div>\n<div class=\"col-md-12 ganz erreichen-radio\">\n\t<p>legk\u00f6nnyebben el\u00e9rhet engem <span class=\"wpcf7-form-control-wrap\" data-name=\"erreichen\"><span class=\"wpcf7-form-control wpcf7-radio\"><span class=\"wpcf7-list-item first\"><input type=\"radio\" name=\"erreichen\" value=\"Telefonon\" checked=\"checked\" \/><span class=\"wpcf7-list-item-label\">Telefonon<\/span><\/span><span class=\"wpcf7-list-item last\"><input type=\"radio\" name=\"erreichen\" value=\"E-mailben\" \/><span class=\"wpcf7-list-item-label\">E-mailben<\/span><\/span><\/span><\/span>\n\t<\/p>\n<\/div>\n<div class=\"col-md-12 ganz\">\n\t<p><span class=\"wpcf7-form-control-wrap\" data-name=\"Thema\"><select class=\"wpcf7-form-control wpcf7-select\" aria-invalid=\"false\" name=\"Thema\"><option value=\"\">K\u00e9rj\u00fck, v\u00e1lasszon t\u00e9m\u00e1t...<\/option><option value=\"\u00c1ltal\u00e1nos\">\u00c1ltal\u00e1nos<\/option><option value=\"Term\u00e9kek\">Term\u00e9kek<\/option><option value=\"Szolg\u00e1ltat\u00e1sok\">Szolg\u00e1ltat\u00e1sok<\/option><option value=\"V\u00e1llalat\">V\u00e1llalat<\/option><\/select><\/span>\n\t<\/p>\n<\/div>\n<div class=\"col-md-12 ganz\">\n\t<p><label> <span class=\"wpcf7-form-control-wrap\" data-name=\"your-message\"><textarea cols=\"40\" rows=\"10\" maxlength=\"2000\" class=\"wpcf7-form-control wpcf7-textarea\" aria-invalid=\"false\" placeholder=\"K\u00edv\u00e1ns\u00e1gok \u00e9s k\u00e9rd\u00e9sek\" name=\"your-message\"><\/textarea><\/span> <\/label><br \/>\n<span id=\"wpcf7-69e457f7a947b-wrapper\" class=\"wpcf7-form-control-wrap honeypot-66-wrap\" style=\"display:none !important; visibility:hidden !important;\"><label for=\"wpcf7-69e457f7a947b-field\" class=\"hp-message\">Please leave this field empty.<\/label><input id=\"wpcf7-69e457f7a947b-field\"  class=\"wpcf7-form-control wpcf7-text\" type=\"text\" name=\"honeypot-66\" value=\"\" size=\"40\" tabindex=\"-1\" autocomplete=\"new-password\" \/><\/span>\n\t<\/p>\n<\/div>\n<div class=\"datenschutz\" >\n\t<p><span class=\"wpcf7-form-control-wrap\" data-name=\"checkbox-861\"><span class=\"wpcf7-form-control wpcf7-checkbox wpcf7-validates-as-required\"><span class=\"wpcf7-list-item first last\"><input type=\"checkbox\" name=\"checkbox-861[]\" value=\"*Igen, elolvastam \u00e9s tudom\u00e1sul vettem az\" \/><span class=\"wpcf7-list-item-label\">*Igen, elolvastam \u00e9s tudom\u00e1sul vettem az<\/span><\/span><\/span><\/span>&nbsp;<a href=\"https:\/\/www.acps-automotive.com\/hu\/kapcsolatfelvetel\/adatvedelem\/\" target=\"_blank\">adatv\u00e9delmi nyilatkozatot<\/a>, \u00e9s egyet\u00e9rtek azzal, hogy az \u00e1ltalam megadott adatokat elektronikusan r\u00f6gz\u00edts\u00e9k \u00e9s t\u00e1rolj\u00e1k. Az adataimat kiz\u00e1r\u00f3lag szigor\u00faan c\u00e9lhoz k\u00f6t\u00f6tten, a megkeres\u00e9sem feldolgoz\u00e1s\u00e1ra \u00e9s megv\u00e1laszol\u00e1s\u00e1ra haszn\u00e1lj\u00e1k fel. A kapcsolatfelv\u00e9teli \u0171rlap elk\u00fcld\u00e9s\u00e9vel hozz\u00e1j\u00e1rulok az adataim kezel\u00e9s\u00e9hez.\n\t<\/p>\n<\/div>\n<p><input class=\"wpcf7-form-control wpcf7-submit has-spinner\" type=\"submit\" value=\"K\u00fcld\u00e9s &#8594;\" \/>\n<\/p><div class=\"wpcf7-response-output\" aria-hidden=\"true\"><\/div>\n<\/form>\n<\/div>\n\n\n<\/div><!-- .vgblk-rw-wrapper -->","protected":false},"excerpt":{"rendered":"<p>K\u00e9rj\u00fck, vegye fel vel\u00fcnk a kapcsolatot! \u00d6r\u00f6mmel seg\u00edt\u00fcnk \u00d6nnek Minden k\u00e9rd\u00e9ssel vagy k\u00e9r\u00e9ssel forduljon hozz\u00e1nk bizalommal. Annak \u00e9rdek\u00e9ben, hogy k\u00e9r\u00e9sed r\u00f6vid id\u0151n bel\u00fcl eljusson a megfelel\u0151 kapcsolattart\u00f3hoz, k\u00e9rj\u00fck, k\u00fcldd el nek\u00fcnk e-mailben vagy a kapcsolatfelv\u00e9teli \u0171rlapon kereszt\u00fcl. Ha b\u00e1rmilyen k\u00e9rd\u00e9sed van az ACPS Automotive megfelel\u0151s\u00e9gi el\u0151\u00edr\u00e1saival kapcsolatban, vagy megfelel\u0151s\u00e9gi bejelent\u00e9st szeretn\u00e9l tenni, k\u00fcldd el azokat&#8230;<\/p>\n","protected":false},"author":8,"featured_media":0,"parent":28071,"menu_order":0,"comment_status":"closed","ping_status":"closed","template":"","meta":{"inline_featured_image":false,"_price":"","_stock":"","_tribe_ticket_header":"","_tribe_default_ticket_provider":"","_tribe_ticket_capacity":"0","_ticket_start_date":"","_ticket_end_date":"","_tribe_ticket_show_description":"","_tribe_ticket_show_not_going":false,"_tribe_ticket_use_global_stock":"","_tribe_ticket_global_stock_level":"","_global_stock_mode":"","_global_stock_cap":"","_tribe_rsvp_for_event":"","_tribe_ticket_going_count":"","_tribe_ticket_not_going_count":"","_tribe_tickets_list":"[]","_tribe_ticket_has_attendee_info_fields":false,"footnotes":""},"class_list":["post-27613","page","type-page","status-publish","hentry"],"yoast_head":"<!-- This site is optimized with the Yoast SEO plugin v27.2 - https:\/\/yoast.com\/product\/yoast-seo-wordpress\/ -->\n<title>Kapcsolatfelv\u00e9teli \u0171rlap - ACPS Automotive GmbH<\/title>\n<meta name=\"description\" content=\"Az ORIS m\u00e1rkan\u00e9v alatt innovat\u00edv \u00e9s biztons\u00e1gorient\u00e1lt von\u00f3horog- \u00e9s ker\u00e9kp\u00e1rtart\u00f3 rendszereket fejleszt\u00fcnk \u00e9s gy\u00e1rtunk aut\u00f3ipari OEM-gy\u00e1rt\u00f3k sz\u00e1m\u00e1ra.\" \/>\n<meta name=\"robots\" content=\"index, follow, max-snippet:-1, max-image-preview:large, max-video-preview:-1\" \/>\n<link rel=\"canonical\" href=\"https:\/\/www.acps-automotive.com\/hu\/kapcsolatfelvetel\/kapcsolatfelveteli-urlap\/\" \/>\n<meta property=\"og:locale\" content=\"hu_HU\" \/>\n<meta property=\"og:type\" content=\"article\" \/>\n<meta property=\"og:title\" content=\"Kapcsolatfelv\u00e9teli \u0171rlap - ACPS Automotive GmbH\" \/>\n<meta property=\"og:description\" content=\"Az ORIS m\u00e1rkan\u00e9v alatt innovat\u00edv \u00e9s biztons\u00e1gorient\u00e1lt von\u00f3horog- \u00e9s ker\u00e9kp\u00e1rtart\u00f3 rendszereket fejleszt\u00fcnk \u00e9s gy\u00e1rtunk aut\u00f3ipari OEM-gy\u00e1rt\u00f3k sz\u00e1m\u00e1ra.\" \/>\n<meta property=\"og:url\" content=\"https:\/\/www.acps-automotive.com\/hu\/kapcsolatfelvetel\/kapcsolatfelveteli-urlap\/\" \/>\n<meta property=\"og:site_name\" content=\"ACPS Automotive GmbH\" \/>\n<meta property=\"article:modified_time\" content=\"2026-03-10T12:05:15+00:00\" \/>\n<meta name=\"twitter:card\" content=\"summary_large_image\" \/>\n<meta name=\"twitter:site\" content=\"@ACPS_Automotive\" \/>\n<meta name=\"twitter:label1\" content=\"Becs\u00fclt olvas\u00e1si id\u0151\" \/>\n\t<meta name=\"twitter:data1\" content=\"2 perc\" \/>\n<script type=\"application\/ld+json\" class=\"yoast-schema-graph\">{\"@context\":\"https:\/\/schema.org\",\"@graph\":[{\"@type\":\"WebPage\",\"@id\":\"https:\/\/www.acps-automotive.com\/hu\/kapcsolatfelvetel\/kapcsolatfelveteli-urlap\/\",\"url\":\"https:\/\/www.acps-automotive.com\/hu\/kapcsolatfelvetel\/kapcsolatfelveteli-urlap\/\",\"name\":\"Kapcsolatfelv\u00e9teli \u0171rlap - ACPS Automotive GmbH\",\"isPartOf\":{\"@id\":\"https:\/\/www.acps-automotive.com\/hu\/#website\"},\"datePublished\":\"2025-12-17T08:43:03+00:00\",\"dateModified\":\"2026-03-10T12:05:15+00:00\",\"description\":\"Az ORIS m\u00e1rkan\u00e9v alatt innovat\u00edv \u00e9s biztons\u00e1gorient\u00e1lt von\u00f3horog- \u00e9s ker\u00e9kp\u00e1rtart\u00f3 rendszereket fejleszt\u00fcnk \u00e9s gy\u00e1rtunk aut\u00f3ipari OEM-gy\u00e1rt\u00f3k sz\u00e1m\u00e1ra.\",\"breadcrumb\":{\"@id\":\"https:\/\/www.acps-automotive.com\/hu\/kapcsolatfelvetel\/kapcsolatfelveteli-urlap\/#breadcrumb\"},\"inLanguage\":\"hu\",\"potentialAction\":[{\"@type\":\"ReadAction\",\"target\":[\"https:\/\/www.acps-automotive.com\/hu\/kapcsolatfelvetel\/kapcsolatfelveteli-urlap\/\"]}]},{\"@type\":\"BreadcrumbList\",\"@id\":\"https:\/\/www.acps-automotive.com\/hu\/kapcsolatfelvetel\/kapcsolatfelveteli-urlap\/#breadcrumb\",\"itemListElement\":[{\"@type\":\"ListItem\",\"position\":1,\"name\":\"Startseite\",\"item\":\"https:\/\/www.acps-automotive.com\/hu\/\"},{\"@type\":\"ListItem\",\"position\":2,\"name\":\"Kapcsolatfelv\u00e9tel\",\"item\":\"https:\/\/www.acps-automotive.com\/hu\/kapcsolatfelvetel\/\"},{\"@type\":\"ListItem\",\"position\":3,\"name\":\"Kapcsolatfelv\u00e9teli \u0171rlap\"}]},{\"@type\":\"WebSite\",\"@id\":\"https:\/\/www.acps-automotive.com\/hu\/#website\",\"url\":\"https:\/\/www.acps-automotive.com\/hu\/\",\"name\":\"ACPS Automotive GmbH\",\"description\":\"Innovative Anh\u00e4ngekupplungen\",\"publisher\":{\"@id\":\"https:\/\/www.acps-automotive.com\/hu\/#organization\"},\"potentialAction\":[{\"@type\":\"SearchAction\",\"target\":{\"@type\":\"EntryPoint\",\"urlTemplate\":\"https:\/\/www.acps-automotive.com\/hu\/?s={search_term_string}\"},\"query-input\":{\"@type\":\"PropertyValueSpecification\",\"valueRequired\":true,\"valueName\":\"search_term_string\"}}],\"inLanguage\":\"hu\"},{\"@type\":\"Organization\",\"@id\":\"https:\/\/www.acps-automotive.com\/hu\/#organization\",\"name\":\"ACPS Automotive GmbH\",\"url\":\"https:\/\/www.acps-automotive.com\/hu\/\",\"logo\":{\"@type\":\"ImageObject\",\"inLanguage\":\"hu\",\"@id\":\"https:\/\/www.acps-automotive.com\/hu\/#\/schema\/logo\/image\/\",\"url\":\"https:\/\/www.acps-automotive.com\/wp-content\/uploads\/_media\/_allgemein\/Logo-Footer-ACPS-Automotive.png\",\"contentUrl\":\"https:\/\/www.acps-automotive.com\/wp-content\/uploads\/_media\/_allgemein\/Logo-Footer-ACPS-Automotive.png\",\"width\":239,\"height\":32,\"caption\":\"ACPS Automotive GmbH\"},\"image\":{\"@id\":\"https:\/\/www.acps-automotive.com\/hu\/#\/schema\/logo\/image\/\"},\"sameAs\":[\"https:\/\/x.com\/ACPS_Automotive\",\"https:\/\/www.linkedin.com\/company\/acps-automotive-gmbh\/\",\"https:\/\/www.instagram.com\/acps_ausbildung\/\",\"https:\/\/www.youtube.com\/channel\/UC2jxrgWwpxpkay2aHWV5SaQ\"]}]}<\/script>\n<!-- \/ Yoast SEO plugin. -->","yoast_head_json":{"title":"Kapcsolatfelv\u00e9teli \u0171rlap - ACPS Automotive GmbH","description":"Az ORIS m\u00e1rkan\u00e9v alatt innovat\u00edv \u00e9s biztons\u00e1gorient\u00e1lt von\u00f3horog- \u00e9s ker\u00e9kp\u00e1rtart\u00f3 rendszereket fejleszt\u00fcnk \u00e9s gy\u00e1rtunk aut\u00f3ipari OEM-gy\u00e1rt\u00f3k sz\u00e1m\u00e1ra.","robots":{"index":"index","follow":"follow","max-snippet":"max-snippet:-1","max-image-preview":"max-image-preview:large","max-video-preview":"max-video-preview:-1"},"canonical":"https:\/\/www.acps-automotive.com\/hu\/kapcsolatfelvetel\/kapcsolatfelveteli-urlap\/","og_locale":"hu_HU","og_type":"article","og_title":"Kapcsolatfelv\u00e9teli \u0171rlap - ACPS Automotive GmbH","og_description":"Az ORIS m\u00e1rkan\u00e9v alatt innovat\u00edv \u00e9s biztons\u00e1gorient\u00e1lt von\u00f3horog- \u00e9s ker\u00e9kp\u00e1rtart\u00f3 rendszereket fejleszt\u00fcnk \u00e9s gy\u00e1rtunk aut\u00f3ipari OEM-gy\u00e1rt\u00f3k sz\u00e1m\u00e1ra.","og_url":"https:\/\/www.acps-automotive.com\/hu\/kapcsolatfelvetel\/kapcsolatfelveteli-urlap\/","og_site_name":"ACPS Automotive GmbH","article_modified_time":"2026-03-10T12:05:15+00:00","twitter_card":"summary_large_image","twitter_site":"@ACPS_Automotive","twitter_misc":{"Becs\u00fclt olvas\u00e1si id\u0151":"2 perc"},"schema":{"@context":"https:\/\/schema.org","@graph":[{"@type":"WebPage","@id":"https:\/\/www.acps-automotive.com\/hu\/kapcsolatfelvetel\/kapcsolatfelveteli-urlap\/","url":"https:\/\/www.acps-automotive.com\/hu\/kapcsolatfelvetel\/kapcsolatfelveteli-urlap\/","name":"Kapcsolatfelv\u00e9teli \u0171rlap - ACPS Automotive GmbH","isPartOf":{"@id":"https:\/\/www.acps-automotive.com\/hu\/#website"},"datePublished":"2025-12-17T08:43:03+00:00","dateModified":"2026-03-10T12:05:15+00:00","description":"Az ORIS m\u00e1rkan\u00e9v alatt innovat\u00edv \u00e9s biztons\u00e1gorient\u00e1lt von\u00f3horog- \u00e9s ker\u00e9kp\u00e1rtart\u00f3 rendszereket fejleszt\u00fcnk \u00e9s gy\u00e1rtunk aut\u00f3ipari OEM-gy\u00e1rt\u00f3k sz\u00e1m\u00e1ra.","breadcrumb":{"@id":"https:\/\/www.acps-automotive.com\/hu\/kapcsolatfelvetel\/kapcsolatfelveteli-urlap\/#breadcrumb"},"inLanguage":"hu","potentialAction":[{"@type":"ReadAction","target":["https:\/\/www.acps-automotive.com\/hu\/kapcsolatfelvetel\/kapcsolatfelveteli-urlap\/"]}]},{"@type":"BreadcrumbList","@id":"https:\/\/www.acps-automotive.com\/hu\/kapcsolatfelvetel\/kapcsolatfelveteli-urlap\/#breadcrumb","itemListElement":[{"@type":"ListItem","position":1,"name":"Startseite","item":"https:\/\/www.acps-automotive.com\/hu\/"},{"@type":"ListItem","position":2,"name":"Kapcsolatfelv\u00e9tel","item":"https:\/\/www.acps-automotive.com\/hu\/kapcsolatfelvetel\/"},{"@type":"ListItem","position":3,"name":"Kapcsolatfelv\u00e9teli \u0171rlap"}]},{"@type":"WebSite","@id":"https:\/\/www.acps-automotive.com\/hu\/#website","url":"https:\/\/www.acps-automotive.com\/hu\/","name":"ACPS Automotive GmbH","description":"Innovative Anh\u00e4ngekupplungen","publisher":{"@id":"https:\/\/www.acps-automotive.com\/hu\/#organization"},"potentialAction":[{"@type":"SearchAction","target":{"@type":"EntryPoint","urlTemplate":"https:\/\/www.acps-automotive.com\/hu\/?s={search_term_string}"},"query-input":{"@type":"PropertyValueSpecification","valueRequired":true,"valueName":"search_term_string"}}],"inLanguage":"hu"},{"@type":"Organization","@id":"https:\/\/www.acps-automotive.com\/hu\/#organization","name":"ACPS Automotive GmbH","url":"https:\/\/www.acps-automotive.com\/hu\/","logo":{"@type":"ImageObject","inLanguage":"hu","@id":"https:\/\/www.acps-automotive.com\/hu\/#\/schema\/logo\/image\/","url":"https:\/\/www.acps-automotive.com\/wp-content\/uploads\/_media\/_allgemein\/Logo-Footer-ACPS-Automotive.png","contentUrl":"https:\/\/www.acps-automotive.com\/wp-content\/uploads\/_media\/_allgemein\/Logo-Footer-ACPS-Automotive.png","width":239,"height":32,"caption":"ACPS Automotive GmbH"},"image":{"@id":"https:\/\/www.acps-automotive.com\/hu\/#\/schema\/logo\/image\/"},"sameAs":["https:\/\/x.com\/ACPS_Automotive","https:\/\/www.linkedin.com\/company\/acps-automotive-gmbh\/","https:\/\/www.instagram.com\/acps_ausbildung\/","https:\/\/www.youtube.com\/channel\/UC2jxrgWwpxpkay2aHWV5SaQ"]}]}},"_links":{"self":[{"href":"https:\/\/www.acps-automotive.com\/hu\/wp-json\/wp\/v2\/pages\/27613","targetHints":{"allow":["GET"]}}],"collection":[{"href":"https:\/\/www.acps-automotive.com\/hu\/wp-json\/wp\/v2\/pages"}],"about":[{"href":"https:\/\/www.acps-automotive.com\/hu\/wp-json\/wp\/v2\/types\/page"}],"author":[{"embeddable":true,"href":"https:\/\/www.acps-automotive.com\/hu\/wp-json\/wp\/v2\/users\/8"}],"replies":[{"embeddable":true,"href":"https:\/\/www.acps-automotive.com\/hu\/wp-json\/wp\/v2\/comments?post=27613"}],"version-history":[{"count":3,"href":"https:\/\/www.acps-automotive.com\/hu\/wp-json\/wp\/v2\/pages\/27613\/revisions"}],"predecessor-version":[{"id":29641,"href":"https:\/\/www.acps-automotive.com\/hu\/wp-json\/wp\/v2\/pages\/27613\/revisions\/29641"}],"up":[{"embeddable":true,"href":"https:\/\/www.acps-automotive.com\/hu\/wp-json\/wp\/v2\/pages\/28071"}],"wp:attachment":[{"href":"https:\/\/www.acps-automotive.com\/hu\/wp-json\/wp\/v2\/media?parent=27613"}],"curies":[{"name":"wp","href":"https:\/\/api.w.org\/{rel}","templated":true}]}}