{"id":27609,"date":"2025-12-17T09:39:50","date_gmt":"2025-12-17T08:39:50","guid":{"rendered":"https:\/\/www.acps-automotive.com\/?page_id=27609"},"modified":"2026-03-09T16:16:06","modified_gmt":"2026-03-09T15:16:06","slug":"acps-automotive-nemetorszag","status":"publish","type":"page","link":"https:\/\/www.acps-automotive.com\/hu\/kapcsolatfelvetel\/acps-automotive-nemetorszag\/","title":{"rendered":"ACPS Automotive N\u00e9metorsz\u00e1g"},"content":{"rendered":"<div class=\"vgblk-rw-wrapper limit-wrapper\">\n\n\t<h1>ACPS Automotive N\u00e9metorsz\u00e1g<\/h1>\n<h2>Vegye fel vel\u00fcnk a kapcsolatot<\/h2>\n\t<h4>K\u00f6zvetlen el\u00e9rhet\u0151s\u00e9g<\/h4>\n\t<iframe loading=\"lazy\" src=\"https:\/\/www.google.com\/maps\/embed?pb=!1m18!1m12!1m3!1d2619.7650700742433!2d9.167891015677892!3d48.95795907929734!2m3!1f0!2f0!3f0!3m2!1i1024!2i768!4f13.1!3m3!1m2!1s0x4799d6c08fd297e5%3A0x8cf53d5c46f00e6a!2sACPS%20Automotive%20GmbH!5e0!3m2!1sde!2sde!4v1603089532765!5m2!1sde!2sde\" width=\"100%\" height=\"400\" frameborder=\"0\" allowfullscreen=\"\" aria-hidden=\"false\" tabindex=\"0\"><\/iframe>\n\t<h3>ACPS Automotive GmbH<\/h3>\n<strong>Advanced Carrier &amp; Protection Systems<br \/>\nV\u00e1llalat sz\u00e9khelye \u00e9s fejleszt\u00e9si k\u00f6zpontja Ingersheimben, N\u00e9metorsz\u00e1gban<br \/>\n<\/strong>\n<a href=\"https:\/\/www.acps-automotive.com\/en\"><img decoding=\"async\" src=\"https:\/\/www.acps-automotive.com\/wp-content\/uploads\/_media\/_allgemein\/Logo-Footer-ACPS-Automotive.png\" \/><\/a><br \/>\nBertha-Benz-Str. 2<br \/>\n74379 Ingersheim\nTelefon: +49 (0) 7142 9930-0<br \/>\nE-mail: <a href=\"m&#97;&#105;&#x6c;&#x74;&#x6f;:&#105;&#110;&#x66;&#x6f;&#x40;ac&#112;&#x73;&#x2d;&#x61;ut&#111;&#109;&#x6f;&#x74;&#x69;v&#101;&#46;&#x63;&#x6f;&#x6d;\">info&#64;a&#99;&#112;&#115;&#45;&#97;&#117;&#116;&#x6f;&#x6d;&#x6f;&#x74;&#x69;&#x76;&#x65;&#x2e;&#x63;&#x6f;&#x6d;<\/a><br \/>\n<a href=\"http:\/\/www.acps-automotive.com\/en\">www.acps-automotive.com<\/a>\n\t<iframe loading=\"lazy\" src=\"https:\/\/www.google.com\/maps\/embed?pb=!1m18!1m12!1m3!1d20037.815306678604!2d6.422426141001829!3d51.11349850844!2m3!1f0!2f0!3f0!3m2!1i1024!2i768!4f13.1!3m3!1m2!1s0x47bf535cab32e6c7%3A0xcb0fb1c2fe3ede0!2sACPS%20Automotive!5e0!3m2!1sde!2sde!4v1572341956397!5m2!1sde!2sde\" width=\"100%\" height=\"400\" frameborder=\"0\" allowfullscreen=\"\"><\/iframe>\n\t<h3>ACPS Automotive Services GmbH<\/h3>\n<strong>Advanced Carrier &amp; Protection Systems<br \/>\nAftermarket k\u00f6zpont M\u00f6nchengladbachban, N\u00e9metorsz\u00e1gban<\/strong>\n<a href=\"https:\/\/www.oris-automotive.com\/en\" target=\"_blank\" rel=\"noopener\"><img decoding=\"async\" src=\"https:\/\/www.acps-automotive.com\/wp-content\/uploads\/_media\/_allgemein\/Logo-Footer-oris.png\" \/><\/a><br \/>\nRegioparkring 1<br \/>\n41199 M\u00f6nchengladbach\nTelefon: +49 (0) 2166 943 980-0<br \/>\nFax: +49 (0) 2166 943 980-100<br \/>\nE-mail: <a href=\"&#x6d;&#97;&#x69;&#x6c;t&#x6f;&#58;i&#x6e;&#102;o&#x40;&#97;&#x63;&#x70;s&#x2d;&#97;u&#x74;&#111;m&#x6f;&#116;&#x69;&#x76;&#101;&#x2e;&#x63;o&#x6d;\">&#105;&#x6e;&#x66;o&#64;&#x61;&#x63;p&#115;&#x2d;a&#117;&#x74;&#x6f;m&#111;&#x74;i&#118;&#x65;&#x2e;c&#111;&#x6d;<\/a><br \/>\n<a href=\"https:\/\/www.oris-automotive.com\/en\" target=\"_blank\" rel=\"noopener\">www.oris-automotive.com<\/a>\n\t<iframe loading=\"lazy\" src=\"https:\/\/www.google.com\/maps\/embed?pb=!1m18!1m12!1m3!1d10088.284468447815!2d12.61765119590905!3d50.79279058180468!2m3!1f0!2f0!3f0!3m2!1i1024!2i768!4f13.1!3m3!1m2!1s0x47a73049508e2f3b%3A0x31eb5068e4bd91d4!2sACPS%20Automotive%20GmbH!5e0!3m2!1sde!2sde!4v1572341916019!5m2!1sde!2sde\" width=\"100%\" height=\"400\" frameborder=\"0\" allowfullscreen=\"\"><\/iframe>\n\t<h3>ACPS Automotive GmbH<\/h3>\n<strong>Advanced Carrier &amp; Protection Systems<br \/>\nGy\u00e1rt\u00f3\u00fczem<\/strong><br \/>\n<strong>in St. Egidien, N\u00e9metorsz\u00e1g<br \/>\n<\/strong>\n<a href=\"https:\/\/www.acps-automotive.com\/en\"><img decoding=\"async\" src=\"https:\/\/www.acps-automotive.com\/wp-content\/uploads\/_media\/_allgemein\/Logo-Footer-ACPS-Automotive.png\" \/><\/a><br \/>\nAchatstr. 2-4<br \/>\n09356 St. Egidien\nTelefon: +49 (0) 37 204 70-0<br \/>\nE-mail: <a href=\"&#x6d;&#x61;&#x69;&#108;&#116;o:&#x69;&#x6e;&#x66;&#111;&#64;ac&#x70;&#x73;&#x2d;&#97;&#117;to&#x6d;&#x6f;&#x74;&#105;&#118;e&#46;&#x63;&#x6f;&#x6d;\">&#105;&#x6e;&#102;&#x6f;&#64;&#x61;&#99;&#x70;&#115;&#x2d;&#97;&#x75;&#116;&#x6f;&#109;&#x6f;&#116;&#x69;&#118;&#x65;&#46;&#x63;&#111;&#x6d;<\/a><br \/>\n<a href=\"http:\/\/www.acps-automotive.com\/en\">www.acps-automotive.com<\/a>\n\n<\/div><!-- .vgblk-rw-wrapper -->","protected":false},"excerpt":{"rendered":"<p>ACPS Automotive N\u00e9metorsz\u00e1g Vegye fel vel\u00fcnk a kapcsolatot K\u00f6zvetlen el\u00e9rhet\u0151s\u00e9g ACPS Automotive GmbH Advanced Carrier &amp; Protection Systems V\u00e1llalat sz\u00e9khelye \u00e9s fejleszt\u00e9si k\u00f6zpontja Ingersheimben, N\u00e9metorsz\u00e1gban Bertha-Benz-Str. 2 74379 Ingersheim Telefon: +49 (0) 7142 9930-0 E-mail: in&#102;&#111;&#64;&#97;&#x63;&#x70;&#x73;&#x2d;&#x61;ut&#111;&#109;&#111;&#116;&#x69;&#x76;&#x65;&#x2e;&#x63;om www.acps-automotive.com ACPS Automotive Services GmbH Advanced Carrier &amp; Protection Systems Aftermarket k\u00f6zpont M\u00f6nchengladbachban, N\u00e9metorsz\u00e1gban Regioparkring 1 41199 M\u00f6nchengladbach Telefon:&#8230;<\/p>\n","protected":false},"author":8,"featured_media":0,"parent":28071,"menu_order":0,"comment_status":"closed","ping_status":"closed","template":"","meta":{"inline_featured_image":false,"_price":"","_stock":"","_tribe_ticket_header":"","_tribe_default_ticket_provider":"","_tribe_ticket_capacity":"0","_ticket_start_date":"","_ticket_end_date":"","_tribe_ticket_show_description":"","_tribe_ticket_show_not_going":false,"_tribe_ticket_use_global_stock":"","_tribe_ticket_global_stock_level":"","_global_stock_mode":"","_global_stock_cap":"","_tribe_rsvp_for_event":"","_tribe_ticket_going_count":"","_tribe_ticket_not_going_count":"","_tribe_tickets_list":"[]","_tribe_ticket_has_attendee_info_fields":false,"footnotes":""},"class_list":["post-27609","page","type-page","status-publish","hentry"],"yoast_head":"<!-- This site is optimized with the Yoast SEO plugin v27.2 - https:\/\/yoast.com\/product\/yoast-seo-wordpress\/ -->\n<title>ACPS Automotive N\u00e9metorsz\u00e1g - ACPS Automotive GmbH<\/title>\n<meta name=\"description\" content=\"Az ORIS m\u00e1rkan\u00e9v alatt innovat\u00edv \u00e9s biztons\u00e1gorient\u00e1lt von\u00f3horog- \u00e9s ker\u00e9kp\u00e1rtart\u00f3 rendszereket fejleszt\u00fcnk \u00e9s gy\u00e1rtunk aut\u00f3ipari OEM-gy\u00e1rt\u00f3k sz\u00e1m\u00e1ra.\" \/>\n<meta name=\"robots\" content=\"index, follow, max-snippet:-1, max-image-preview:large, max-video-preview:-1\" \/>\n<link rel=\"canonical\" href=\"https:\/\/www.acps-automotive.com\/hu\/kapcsolatfelvetel\/acps-automotive-nemetorszag\/\" \/>\n<meta property=\"og:locale\" content=\"hu_HU\" \/>\n<meta property=\"og:type\" content=\"article\" \/>\n<meta property=\"og:title\" content=\"ACPS Automotive N\u00e9metorsz\u00e1g - ACPS Automotive GmbH\" \/>\n<meta property=\"og:description\" content=\"Az ORIS m\u00e1rkan\u00e9v alatt innovat\u00edv \u00e9s biztons\u00e1gorient\u00e1lt von\u00f3horog- \u00e9s ker\u00e9kp\u00e1rtart\u00f3 rendszereket fejleszt\u00fcnk \u00e9s gy\u00e1rtunk aut\u00f3ipari OEM-gy\u00e1rt\u00f3k sz\u00e1m\u00e1ra.\" \/>\n<meta property=\"og:url\" content=\"https:\/\/www.acps-automotive.com\/hu\/kapcsolatfelvetel\/acps-automotive-nemetorszag\/\" \/>\n<meta property=\"og:site_name\" content=\"ACPS Automotive GmbH\" \/>\n<meta property=\"article:modified_time\" content=\"2026-03-09T15:16:06+00:00\" \/>\n<meta property=\"og:image\" content=\"https:\/\/www.acps-automotive.com\/wp-content\/uploads\/_media\/_allgemein\/Logo-Footer-ACPS-Automotive.png\" \/>\n<meta name=\"twitter:card\" content=\"summary_large_image\" \/>\n<meta name=\"twitter:site\" content=\"@ACPS_Automotive\" \/>\n<meta name=\"twitter:label1\" content=\"Becs\u00fclt olvas\u00e1si id\u0151\" \/>\n\t<meta name=\"twitter:data1\" content=\"2 perc\" \/>\n<script type=\"application\/ld+json\" class=\"yoast-schema-graph\">{\"@context\":\"https:\/\/schema.org\",\"@graph\":[{\"@type\":\"WebPage\",\"@id\":\"https:\/\/www.acps-automotive.com\/hu\/kapcsolatfelvetel\/acps-automotive-nemetorszag\/\",\"url\":\"https:\/\/www.acps-automotive.com\/hu\/kapcsolatfelvetel\/acps-automotive-nemetorszag\/\",\"name\":\"ACPS Automotive N\u00e9metorsz\u00e1g - ACPS Automotive GmbH\",\"isPartOf\":{\"@id\":\"https:\/\/www.acps-automotive.com\/hu\/#website\"},\"primaryImageOfPage\":{\"@id\":\"https:\/\/www.acps-automotive.com\/hu\/kapcsolatfelvetel\/acps-automotive-nemetorszag\/#primaryimage\"},\"image\":{\"@id\":\"https:\/\/www.acps-automotive.com\/hu\/kapcsolatfelvetel\/acps-automotive-nemetorszag\/#primaryimage\"},\"thumbnailUrl\":\"https:\/\/www.acps-automotive.com\/wp-content\/uploads\/_media\/_allgemein\/Logo-Footer-ACPS-Automotive.png\",\"datePublished\":\"2025-12-17T08:39:50+00:00\",\"dateModified\":\"2026-03-09T15:16:06+00:00\",\"description\":\"Az ORIS m\u00e1rkan\u00e9v alatt innovat\u00edv \u00e9s biztons\u00e1gorient\u00e1lt von\u00f3horog- \u00e9s ker\u00e9kp\u00e1rtart\u00f3 rendszereket fejleszt\u00fcnk \u00e9s gy\u00e1rtunk aut\u00f3ipari OEM-gy\u00e1rt\u00f3k sz\u00e1m\u00e1ra.\",\"breadcrumb\":{\"@id\":\"https:\/\/www.acps-automotive.com\/hu\/kapcsolatfelvetel\/acps-automotive-nemetorszag\/#breadcrumb\"},\"inLanguage\":\"hu\",\"potentialAction\":[{\"@type\":\"ReadAction\",\"target\":[\"https:\/\/www.acps-automotive.com\/hu\/kapcsolatfelvetel\/acps-automotive-nemetorszag\/\"]}]},{\"@type\":\"ImageObject\",\"inLanguage\":\"hu\",\"@id\":\"https:\/\/www.acps-automotive.com\/hu\/kapcsolatfelvetel\/acps-automotive-nemetorszag\/#primaryimage\",\"url\":\"https:\/\/www.acps-automotive.com\/wp-content\/uploads\/_media\/_allgemein\/Logo-Footer-ACPS-Automotive.png\",\"contentUrl\":\"https:\/\/www.acps-automotive.com\/wp-content\/uploads\/_media\/_allgemein\/Logo-Footer-ACPS-Automotive.png\"},{\"@type\":\"BreadcrumbList\",\"@id\":\"https:\/\/www.acps-automotive.com\/hu\/kapcsolatfelvetel\/acps-automotive-nemetorszag\/#breadcrumb\",\"itemListElement\":[{\"@type\":\"ListItem\",\"position\":1,\"name\":\"Startseite\",\"item\":\"https:\/\/www.acps-automotive.com\/hu\/\"},{\"@type\":\"ListItem\",\"position\":2,\"name\":\"Kapcsolatfelv\u00e9tel\",\"item\":\"https:\/\/www.acps-automotive.com\/hu\/kapcsolatfelvetel\/\"},{\"@type\":\"ListItem\",\"position\":3,\"name\":\"ACPS Automotive N\u00e9metorsz\u00e1g\"}]},{\"@type\":\"WebSite\",\"@id\":\"https:\/\/www.acps-automotive.com\/hu\/#website\",\"url\":\"https:\/\/www.acps-automotive.com\/hu\/\",\"name\":\"ACPS Automotive GmbH\",\"description\":\"Innovative Anh\u00e4ngekupplungen\",\"publisher\":{\"@id\":\"https:\/\/www.acps-automotive.com\/hu\/#organization\"},\"potentialAction\":[{\"@type\":\"SearchAction\",\"target\":{\"@type\":\"EntryPoint\",\"urlTemplate\":\"https:\/\/www.acps-automotive.com\/hu\/?s={search_term_string}\"},\"query-input\":{\"@type\":\"PropertyValueSpecification\",\"valueRequired\":true,\"valueName\":\"search_term_string\"}}],\"inLanguage\":\"hu\"},{\"@type\":\"Organization\",\"@id\":\"https:\/\/www.acps-automotive.com\/hu\/#organization\",\"name\":\"ACPS Automotive GmbH\",\"url\":\"https:\/\/www.acps-automotive.com\/hu\/\",\"logo\":{\"@type\":\"ImageObject\",\"inLanguage\":\"hu\",\"@id\":\"https:\/\/www.acps-automotive.com\/hu\/#\/schema\/logo\/image\/\",\"url\":\"https:\/\/www.acps-automotive.com\/wp-content\/uploads\/_media\/_allgemein\/Logo-Footer-ACPS-Automotive.png\",\"contentUrl\":\"https:\/\/www.acps-automotive.com\/wp-content\/uploads\/_media\/_allgemein\/Logo-Footer-ACPS-Automotive.png\",\"width\":239,\"height\":32,\"caption\":\"ACPS Automotive GmbH\"},\"image\":{\"@id\":\"https:\/\/www.acps-automotive.com\/hu\/#\/schema\/logo\/image\/\"},\"sameAs\":[\"https:\/\/x.com\/ACPS_Automotive\",\"https:\/\/www.linkedin.com\/company\/acps-automotive-gmbh\/\",\"https:\/\/www.instagram.com\/acps_ausbildung\/\",\"https:\/\/www.youtube.com\/channel\/UC2jxrgWwpxpkay2aHWV5SaQ\"]}]}<\/script>\n<!-- \/ Yoast SEO plugin. -->","yoast_head_json":{"title":"ACPS Automotive N\u00e9metorsz\u00e1g - ACPS Automotive GmbH","description":"Az ORIS m\u00e1rkan\u00e9v alatt innovat\u00edv \u00e9s biztons\u00e1gorient\u00e1lt von\u00f3horog- \u00e9s ker\u00e9kp\u00e1rtart\u00f3 rendszereket fejleszt\u00fcnk \u00e9s gy\u00e1rtunk aut\u00f3ipari OEM-gy\u00e1rt\u00f3k sz\u00e1m\u00e1ra.","robots":{"index":"index","follow":"follow","max-snippet":"max-snippet:-1","max-image-preview":"max-image-preview:large","max-video-preview":"max-video-preview:-1"},"canonical":"https:\/\/www.acps-automotive.com\/hu\/kapcsolatfelvetel\/acps-automotive-nemetorszag\/","og_locale":"hu_HU","og_type":"article","og_title":"ACPS Automotive N\u00e9metorsz\u00e1g - ACPS Automotive GmbH","og_description":"Az ORIS m\u00e1rkan\u00e9v alatt innovat\u00edv \u00e9s biztons\u00e1gorient\u00e1lt von\u00f3horog- \u00e9s ker\u00e9kp\u00e1rtart\u00f3 rendszereket fejleszt\u00fcnk \u00e9s gy\u00e1rtunk aut\u00f3ipari OEM-gy\u00e1rt\u00f3k sz\u00e1m\u00e1ra.","og_url":"https:\/\/www.acps-automotive.com\/hu\/kapcsolatfelvetel\/acps-automotive-nemetorszag\/","og_site_name":"ACPS Automotive GmbH","article_modified_time":"2026-03-09T15:16:06+00:00","og_image":[{"url":"https:\/\/www.acps-automotive.com\/wp-content\/uploads\/_media\/_allgemein\/Logo-Footer-ACPS-Automotive.png","type":"","width":"","height":""}],"twitter_card":"summary_large_image","twitter_site":"@ACPS_Automotive","twitter_misc":{"Becs\u00fclt olvas\u00e1si id\u0151":"2 perc"},"schema":{"@context":"https:\/\/schema.org","@graph":[{"@type":"WebPage","@id":"https:\/\/www.acps-automotive.com\/hu\/kapcsolatfelvetel\/acps-automotive-nemetorszag\/","url":"https:\/\/www.acps-automotive.com\/hu\/kapcsolatfelvetel\/acps-automotive-nemetorszag\/","name":"ACPS Automotive N\u00e9metorsz\u00e1g - ACPS Automotive GmbH","isPartOf":{"@id":"https:\/\/www.acps-automotive.com\/hu\/#website"},"primaryImageOfPage":{"@id":"https:\/\/www.acps-automotive.com\/hu\/kapcsolatfelvetel\/acps-automotive-nemetorszag\/#primaryimage"},"image":{"@id":"https:\/\/www.acps-automotive.com\/hu\/kapcsolatfelvetel\/acps-automotive-nemetorszag\/#primaryimage"},"thumbnailUrl":"https:\/\/www.acps-automotive.com\/wp-content\/uploads\/_media\/_allgemein\/Logo-Footer-ACPS-Automotive.png","datePublished":"2025-12-17T08:39:50+00:00","dateModified":"2026-03-09T15:16:06+00:00","description":"Az ORIS m\u00e1rkan\u00e9v alatt innovat\u00edv \u00e9s biztons\u00e1gorient\u00e1lt von\u00f3horog- \u00e9s ker\u00e9kp\u00e1rtart\u00f3 rendszereket fejleszt\u00fcnk \u00e9s gy\u00e1rtunk aut\u00f3ipari OEM-gy\u00e1rt\u00f3k sz\u00e1m\u00e1ra.","breadcrumb":{"@id":"https:\/\/www.acps-automotive.com\/hu\/kapcsolatfelvetel\/acps-automotive-nemetorszag\/#breadcrumb"},"inLanguage":"hu","potentialAction":[{"@type":"ReadAction","target":["https:\/\/www.acps-automotive.com\/hu\/kapcsolatfelvetel\/acps-automotive-nemetorszag\/"]}]},{"@type":"ImageObject","inLanguage":"hu","@id":"https:\/\/www.acps-automotive.com\/hu\/kapcsolatfelvetel\/acps-automotive-nemetorszag\/#primaryimage","url":"https:\/\/www.acps-automotive.com\/wp-content\/uploads\/_media\/_allgemein\/Logo-Footer-ACPS-Automotive.png","contentUrl":"https:\/\/www.acps-automotive.com\/wp-content\/uploads\/_media\/_allgemein\/Logo-Footer-ACPS-Automotive.png"},{"@type":"BreadcrumbList","@id":"https:\/\/www.acps-automotive.com\/hu\/kapcsolatfelvetel\/acps-automotive-nemetorszag\/#breadcrumb","itemListElement":[{"@type":"ListItem","position":1,"name":"Startseite","item":"https:\/\/www.acps-automotive.com\/hu\/"},{"@type":"ListItem","position":2,"name":"Kapcsolatfelv\u00e9tel","item":"https:\/\/www.acps-automotive.com\/hu\/kapcsolatfelvetel\/"},{"@type":"ListItem","position":3,"name":"ACPS Automotive N\u00e9metorsz\u00e1g"}]},{"@type":"WebSite","@id":"https:\/\/www.acps-automotive.com\/hu\/#website","url":"https:\/\/www.acps-automotive.com\/hu\/","name":"ACPS Automotive GmbH","description":"Innovative Anh\u00e4ngekupplungen","publisher":{"@id":"https:\/\/www.acps-automotive.com\/hu\/#organization"},"potentialAction":[{"@type":"SearchAction","target":{"@type":"EntryPoint","urlTemplate":"https:\/\/www.acps-automotive.com\/hu\/?s={search_term_string}"},"query-input":{"@type":"PropertyValueSpecification","valueRequired":true,"valueName":"search_term_string"}}],"inLanguage":"hu"},{"@type":"Organization","@id":"https:\/\/www.acps-automotive.com\/hu\/#organization","name":"ACPS Automotive GmbH","url":"https:\/\/www.acps-automotive.com\/hu\/","logo":{"@type":"ImageObject","inLanguage":"hu","@id":"https:\/\/www.acps-automotive.com\/hu\/#\/schema\/logo\/image\/","url":"https:\/\/www.acps-automotive.com\/wp-content\/uploads\/_media\/_allgemein\/Logo-Footer-ACPS-Automotive.png","contentUrl":"https:\/\/www.acps-automotive.com\/wp-content\/uploads\/_media\/_allgemein\/Logo-Footer-ACPS-Automotive.png","width":239,"height":32,"caption":"ACPS Automotive GmbH"},"image":{"@id":"https:\/\/www.acps-automotive.com\/hu\/#\/schema\/logo\/image\/"},"sameAs":["https:\/\/x.com\/ACPS_Automotive","https:\/\/www.linkedin.com\/company\/acps-automotive-gmbh\/","https:\/\/www.instagram.com\/acps_ausbildung\/","https:\/\/www.youtube.com\/channel\/UC2jxrgWwpxpkay2aHWV5SaQ"]}]}},"_links":{"self":[{"href":"https:\/\/www.acps-automotive.com\/hu\/wp-json\/wp\/v2\/pages\/27609","targetHints":{"allow":["GET"]}}],"collection":[{"href":"https:\/\/www.acps-automotive.com\/hu\/wp-json\/wp\/v2\/pages"}],"about":[{"href":"https:\/\/www.acps-automotive.com\/hu\/wp-json\/wp\/v2\/types\/page"}],"author":[{"embeddable":true,"href":"https:\/\/www.acps-automotive.com\/hu\/wp-json\/wp\/v2\/users\/8"}],"replies":[{"embeddable":true,"href":"https:\/\/www.acps-automotive.com\/hu\/wp-json\/wp\/v2\/comments?post=27609"}],"version-history":[{"count":2,"href":"https:\/\/www.acps-automotive.com\/hu\/wp-json\/wp\/v2\/pages\/27609\/revisions"}],"predecessor-version":[{"id":27612,"href":"https:\/\/www.acps-automotive.com\/hu\/wp-json\/wp\/v2\/pages\/27609\/revisions\/27612"}],"up":[{"embeddable":true,"href":"https:\/\/www.acps-automotive.com\/hu\/wp-json\/wp\/v2\/pages\/28071"}],"wp:attachment":[{"href":"https:\/\/www.acps-automotive.com\/hu\/wp-json\/wp\/v2\/media?parent=27609"}],"curies":[{"name":"wp","href":"https:\/\/api.w.org\/{rel}","templated":true}]}}