{"id":27593,"date":"2025-12-17T09:49:26","date_gmt":"2025-12-17T08:49:26","guid":{"rendered":"https:\/\/www.acps-automotive.com\/?page_id=27593"},"modified":"2026-03-09T16:17:03","modified_gmt":"2026-03-09T15:17:03","slug":"jogi-nyilatkozat","status":"publish","type":"page","link":"https:\/\/www.acps-automotive.com\/hu\/kapcsolatfelvetel\/jogi-nyilatkozat\/","title":{"rendered":"Jogi nyilatkozat"},"content":{"rendered":"<div class=\"vgblk-rw-wrapper limit-wrapper\">\n\n\t<h1>Jogi nyilatkozat<\/h1>\n<h2>ACPS Automotive GmbH<\/h2>\n\t<strong>ACPS Automotive GmbH<br \/>\nAdvanced Carrier &amp; Protection Systems<\/strong><br \/>\nBertha-Benz-Str. 2<br \/>\n74379 Ingersheim<br \/>\nTelefon: +49 (0) 7142 9930-0<br \/>\n<a href=\"&#x6d;&#97;&#x69;&#x6c;&#116;&#x6f;&#x3a;&#105;&#x6e;&#x66;&#111;&#x40;&#x61;c&#x70;&#x73;-&#x61;&#117;t&#x6f;&#109;o&#x74;&#105;v&#x65;&#46;c&#x6f;&#109;\">i&#110;&#x66;&#x6f;&#x40;a&#99;&#x70;&#x73;&#x2d;a&#117;&#x74;&#x6f;&#x6d;o&#116;&#x69;&#x76;&#x65;&#46;&#99;&#x6f;&#x6d;<\/a><br \/>\n<a href=\"http:\/\/www.acps-automotive.com\">www.acps-automotive.com<\/a>\n<h3>K\u00e9pviseli<\/h3>\n\u00dcgyvezet\u0151 igazgat\u00f3: Michael Weiss, Volker Butz<br \/>\nBejegyz\u0151 b\u00edr\u00f3s\u00e1g: Stuttgart<br \/>\nBejegyz\u00e9si sz\u00e1m: HRB 204182<br \/>\n\u00c1FA-azonos\u00edt\u00f3 sz\u00e1m: DE 159 673 833\n<p>&nbsp;<\/p>\n<h3>Az ACPS Automotive GmbH bejegyzett v\u00e9djegyei<\/h3>\n<p><img loading=\"lazy\" decoding=\"async\" src=\"https:\/\/www.acps-automotive.com\/wp-content\/uploads\/_media\/kontakt\/markenlogos.jpg\" alt=\"Eingetragene Warenzeichen der ACPS Automotive GmbH\" width=\"1920\" height=\"600\" \/><\/p>\n<h3>Felel\u0151ss\u00e9g a tartalom\u00e9rt<\/h3>\n<p>Weboldalunk tartalm\u00e1t a legnagyobb gondoss\u00e1ggal \u00e1ll\u00edtottuk \u00f6ssze. A tartalom pontoss\u00e1g\u00e1\u00e9rt, teljess\u00e9g\u00e9\u00e9rt \u00e9s aktualit\u00e1s\u00e1\u00e9rt azonban nem v\u00e1llalunk felel\u0151ss\u00e9get. Szolg\u00e1ltat\u00f3k\u00e9nt az \u00e1ltal\u00e1nos t\u00f6rv\u00e9nyek szerint felel\u0151sek vagyunk a weboldalunkon tal\u00e1lhat\u00f3 saj\u00e1t tartalom\u00e9rt. Szolg\u00e1ltat\u00f3k\u00e9nt azonban nem vagyunk k\u00f6telesek a tov\u00e1bb\u00edtott vagy t\u00e1rolt idegen inform\u00e1ci\u00f3kat ellen\u0151rizni vagy olyan k\u00f6r\u00fclm\u00e9nyeket kutatni, amelyek jogellenes tev\u00e9kenys\u00e9gre utalnak. Az inform\u00e1ci\u00f3k elt\u00e1vol\u00edt\u00e1s\u00e1ra vagy haszn\u00e1latuk letilt\u00e1s\u00e1ra vonatkoz\u00f3 \u00e1ltal\u00e1nos t\u00f6rv\u00e9nyek szerinti k\u00f6telezetts\u00e9gek ez\u00e1ltal nem \u00e9rintettek. Az ezzel kapcsolatos felel\u0151ss\u00e9g azonban csak a konkr\u00e9t jogs\u00e9rt\u00e9sr\u0151l val\u00f3 tudom\u00e1sszerz\u00e9s id\u0151pontj\u00e1t\u00f3l lehets\u00e9ges. A jogs\u00e9rt\u00e9sek tudom\u00e1s\u00e1ra jut\u00e1sa eset\u00e9n az ilyen tartalmakat halad\u00e9ktalanul elt\u00e1vol\u00edtjuk.<\/p>\n<h3>Szerz\u0151i jog<\/h3>\n<p>Minden jog fenntartva. A sz\u00f6veg, k\u00e9pek, grafik\u00e1k, hangok, anim\u00e1ci\u00f3k \u00e9s vide\u00f3k, valamint azok elrendez\u00e9se az ACPS Automotive weboldalon szerz\u0151i jogi \u00e9s egy\u00e9b v\u00e9delmi t\u00f6rv\u00e9nyek v\u00e9delme alatt \u00e1llnak. A weboldal tartalma nem m\u00e1solhat\u00f3, terjeszthet\u0151, m\u00f3dos\u00edthat\u00f3 vagy harmadik felek sz\u00e1m\u00e1ra hozz\u00e1f\u00e9rhet\u0151v\u00e9 tehet\u0151 kereskedelmi c\u00e9lokra. Az ACPS Automotive weboldal emellett olyan k\u00e9peket is tartalmaz, amelyek harmadik felek szerz\u0151i jogi v\u00e9delme alatt \u00e1llnak.<\/p>\n<h3>Koncepci\u00f3 \u00e9s tervez\u00e9s<\/h3>\n<p><a href=\"https:\/\/www.hela.com\" target=\"_blank\" rel=\"noopener\">Hela Werbung Werbeagentur Heilbronn<\/a><\/p>\n\n<\/div><!-- .vgblk-rw-wrapper -->","protected":false},"excerpt":{"rendered":"<p>Jogi nyilatkozat ACPS Automotive GmbH ACPS Automotive GmbH Advanced Carrier &amp; Protection Systems Bertha-Benz-Str. 2 74379 Ingersheim Telefon: +49 (0) 7142 9930-0 &#x69;&#110;f&#x6f;&#64;a&#x63;&#112;s&#x2d;&#x61;&#117;&#x74;&#x6f;&#109;o&#x74;&#105;v&#x65;&#46;c&#x6f;&#x6d; www.acps-automotive.com K\u00e9pviseli \u00dcgyvezet\u0151 igazgat\u00f3: Michael Weiss, Volker Butz Bejegyz\u0151 b\u00edr\u00f3s\u00e1g: Stuttgart Bejegyz\u00e9si sz\u00e1m: HRB 204182 \u00c1FA-azonos\u00edt\u00f3 sz\u00e1m: DE 159 673 833 &nbsp; Az ACPS Automotive GmbH bejegyzett v\u00e9djegyei Felel\u0151ss\u00e9g a tartalom\u00e9rt Weboldalunk&#8230;<\/p>\n","protected":false},"author":8,"featured_media":0,"parent":28071,"menu_order":0,"comment_status":"closed","ping_status":"closed","template":"","meta":{"inline_featured_image":false,"_price":"","_stock":"","_tribe_ticket_header":"","_tribe_default_ticket_provider":"","_tribe_ticket_capacity":"0","_ticket_start_date":"","_ticket_end_date":"","_tribe_ticket_show_description":"","_tribe_ticket_show_not_going":false,"_tribe_ticket_use_global_stock":"","_tribe_ticket_global_stock_level":"","_global_stock_mode":"","_global_stock_cap":"","_tribe_rsvp_for_event":"","_tribe_ticket_going_count":"","_tribe_ticket_not_going_count":"","_tribe_tickets_list":"[]","_tribe_ticket_has_attendee_info_fields":false,"footnotes":""},"class_list":["post-27593","page","type-page","status-publish","hentry"],"yoast_head":"<!-- This site is optimized with the Yoast SEO plugin v27.2 - https:\/\/yoast.com\/product\/yoast-seo-wordpress\/ -->\n<title>Jogi nyilatkozat - ACPS Automotive GmbH<\/title>\n<meta name=\"description\" content=\"Az ORIS m\u00e1rkan\u00e9v alatt innovat\u00edv \u00e9s biztons\u00e1gos p\u00f3tkocsi- \u00e9s hordoz\u00f3 rendszereket fejleszt\u00fcnk \u00e9s gy\u00e1rtunk az aut\u00f3gy\u00e1rt\u00f3k sz\u00e1m\u00e1ra az els\u0151 felszerel\u00e9shez.\" \/>\n<meta name=\"robots\" content=\"index, follow, max-snippet:-1, max-image-preview:large, max-video-preview:-1\" \/>\n<link rel=\"canonical\" href=\"https:\/\/www.acps-automotive.com\/hu\/kapcsolatfelvetel\/jogi-nyilatkozat\/\" \/>\n<meta property=\"og:locale\" content=\"hu_HU\" \/>\n<meta property=\"og:type\" content=\"article\" \/>\n<meta property=\"og:title\" content=\"Jogi nyilatkozat - ACPS Automotive GmbH\" \/>\n<meta property=\"og:description\" content=\"Az ORIS m\u00e1rkan\u00e9v alatt innovat\u00edv \u00e9s biztons\u00e1gos p\u00f3tkocsi- \u00e9s hordoz\u00f3 rendszereket fejleszt\u00fcnk \u00e9s gy\u00e1rtunk az aut\u00f3gy\u00e1rt\u00f3k sz\u00e1m\u00e1ra az els\u0151 felszerel\u00e9shez.\" \/>\n<meta property=\"og:url\" content=\"https:\/\/www.acps-automotive.com\/hu\/kapcsolatfelvetel\/jogi-nyilatkozat\/\" \/>\n<meta property=\"og:site_name\" content=\"ACPS Automotive GmbH\" \/>\n<meta property=\"article:modified_time\" content=\"2026-03-09T15:17:03+00:00\" \/>\n<meta property=\"og:image\" content=\"https:\/\/www.acps-automotive.com\/wp-content\/uploads\/_media\/kontakt\/markenlogos.jpg\" \/>\n<meta name=\"twitter:card\" content=\"summary_large_image\" \/>\n<meta name=\"twitter:site\" content=\"@ACPS_Automotive\" \/>\n<meta name=\"twitter:label1\" content=\"Becs\u00fclt olvas\u00e1si id\u0151\" \/>\n\t<meta name=\"twitter:data1\" content=\"2 perc\" \/>\n<script type=\"application\/ld+json\" class=\"yoast-schema-graph\">{\"@context\":\"https:\/\/schema.org\",\"@graph\":[{\"@type\":\"WebPage\",\"@id\":\"https:\/\/www.acps-automotive.com\/hu\/kapcsolatfelvetel\/jogi-nyilatkozat\/\",\"url\":\"https:\/\/www.acps-automotive.com\/hu\/kapcsolatfelvetel\/jogi-nyilatkozat\/\",\"name\":\"Jogi nyilatkozat - ACPS Automotive GmbH\",\"isPartOf\":{\"@id\":\"https:\/\/www.acps-automotive.com\/hu\/#website\"},\"primaryImageOfPage\":{\"@id\":\"https:\/\/www.acps-automotive.com\/hu\/kapcsolatfelvetel\/jogi-nyilatkozat\/#primaryimage\"},\"image\":{\"@id\":\"https:\/\/www.acps-automotive.com\/hu\/kapcsolatfelvetel\/jogi-nyilatkozat\/#primaryimage\"},\"thumbnailUrl\":\"https:\/\/www.acps-automotive.com\/wp-content\/uploads\/_media\/kontakt\/markenlogos.jpg\",\"datePublished\":\"2025-12-17T08:49:26+00:00\",\"dateModified\":\"2026-03-09T15:17:03+00:00\",\"description\":\"Az ORIS m\u00e1rkan\u00e9v alatt innovat\u00edv \u00e9s biztons\u00e1gos p\u00f3tkocsi- \u00e9s hordoz\u00f3 rendszereket fejleszt\u00fcnk \u00e9s gy\u00e1rtunk az aut\u00f3gy\u00e1rt\u00f3k sz\u00e1m\u00e1ra az els\u0151 felszerel\u00e9shez.\",\"breadcrumb\":{\"@id\":\"https:\/\/www.acps-automotive.com\/hu\/kapcsolatfelvetel\/jogi-nyilatkozat\/#breadcrumb\"},\"inLanguage\":\"hu\",\"potentialAction\":[{\"@type\":\"ReadAction\",\"target\":[\"https:\/\/www.acps-automotive.com\/hu\/kapcsolatfelvetel\/jogi-nyilatkozat\/\"]}]},{\"@type\":\"ImageObject\",\"inLanguage\":\"hu\",\"@id\":\"https:\/\/www.acps-automotive.com\/hu\/kapcsolatfelvetel\/jogi-nyilatkozat\/#primaryimage\",\"url\":\"https:\/\/www.acps-automotive.com\/wp-content\/uploads\/_media\/kontakt\/markenlogos.jpg\",\"contentUrl\":\"https:\/\/www.acps-automotive.com\/wp-content\/uploads\/_media\/kontakt\/markenlogos.jpg\"},{\"@type\":\"BreadcrumbList\",\"@id\":\"https:\/\/www.acps-automotive.com\/hu\/kapcsolatfelvetel\/jogi-nyilatkozat\/#breadcrumb\",\"itemListElement\":[{\"@type\":\"ListItem\",\"position\":1,\"name\":\"Startseite\",\"item\":\"https:\/\/www.acps-automotive.com\/hu\/\"},{\"@type\":\"ListItem\",\"position\":2,\"name\":\"Kapcsolatfelv\u00e9tel\",\"item\":\"https:\/\/www.acps-automotive.com\/hu\/kapcsolatfelvetel\/\"},{\"@type\":\"ListItem\",\"position\":3,\"name\":\"Jogi nyilatkozat\"}]},{\"@type\":\"WebSite\",\"@id\":\"https:\/\/www.acps-automotive.com\/hu\/#website\",\"url\":\"https:\/\/www.acps-automotive.com\/hu\/\",\"name\":\"ACPS Automotive GmbH\",\"description\":\"Innovative Anh\u00e4ngekupplungen\",\"publisher\":{\"@id\":\"https:\/\/www.acps-automotive.com\/hu\/#organization\"},\"potentialAction\":[{\"@type\":\"SearchAction\",\"target\":{\"@type\":\"EntryPoint\",\"urlTemplate\":\"https:\/\/www.acps-automotive.com\/hu\/?s={search_term_string}\"},\"query-input\":{\"@type\":\"PropertyValueSpecification\",\"valueRequired\":true,\"valueName\":\"search_term_string\"}}],\"inLanguage\":\"hu\"},{\"@type\":\"Organization\",\"@id\":\"https:\/\/www.acps-automotive.com\/hu\/#organization\",\"name\":\"ACPS Automotive GmbH\",\"url\":\"https:\/\/www.acps-automotive.com\/hu\/\",\"logo\":{\"@type\":\"ImageObject\",\"inLanguage\":\"hu\",\"@id\":\"https:\/\/www.acps-automotive.com\/hu\/#\/schema\/logo\/image\/\",\"url\":\"https:\/\/www.acps-automotive.com\/wp-content\/uploads\/_media\/_allgemein\/Logo-Footer-ACPS-Automotive.png\",\"contentUrl\":\"https:\/\/www.acps-automotive.com\/wp-content\/uploads\/_media\/_allgemein\/Logo-Footer-ACPS-Automotive.png\",\"width\":239,\"height\":32,\"caption\":\"ACPS Automotive GmbH\"},\"image\":{\"@id\":\"https:\/\/www.acps-automotive.com\/hu\/#\/schema\/logo\/image\/\"},\"sameAs\":[\"https:\/\/x.com\/ACPS_Automotive\",\"https:\/\/www.linkedin.com\/company\/acps-automotive-gmbh\/\",\"https:\/\/www.instagram.com\/acps_ausbildung\/\",\"https:\/\/www.youtube.com\/channel\/UC2jxrgWwpxpkay2aHWV5SaQ\"]}]}<\/script>\n<!-- \/ Yoast SEO plugin. -->","yoast_head_json":{"title":"Jogi nyilatkozat - ACPS Automotive GmbH","description":"Az ORIS m\u00e1rkan\u00e9v alatt innovat\u00edv \u00e9s biztons\u00e1gos p\u00f3tkocsi- \u00e9s hordoz\u00f3 rendszereket fejleszt\u00fcnk \u00e9s gy\u00e1rtunk az aut\u00f3gy\u00e1rt\u00f3k sz\u00e1m\u00e1ra az els\u0151 felszerel\u00e9shez.","robots":{"index":"index","follow":"follow","max-snippet":"max-snippet:-1","max-image-preview":"max-image-preview:large","max-video-preview":"max-video-preview:-1"},"canonical":"https:\/\/www.acps-automotive.com\/hu\/kapcsolatfelvetel\/jogi-nyilatkozat\/","og_locale":"hu_HU","og_type":"article","og_title":"Jogi nyilatkozat - ACPS Automotive GmbH","og_description":"Az ORIS m\u00e1rkan\u00e9v alatt innovat\u00edv \u00e9s biztons\u00e1gos p\u00f3tkocsi- \u00e9s hordoz\u00f3 rendszereket fejleszt\u00fcnk \u00e9s gy\u00e1rtunk az aut\u00f3gy\u00e1rt\u00f3k sz\u00e1m\u00e1ra az els\u0151 felszerel\u00e9shez.","og_url":"https:\/\/www.acps-automotive.com\/hu\/kapcsolatfelvetel\/jogi-nyilatkozat\/","og_site_name":"ACPS Automotive GmbH","article_modified_time":"2026-03-09T15:17:03+00:00","og_image":[{"url":"https:\/\/www.acps-automotive.com\/wp-content\/uploads\/_media\/kontakt\/markenlogos.jpg","type":"","width":"","height":""}],"twitter_card":"summary_large_image","twitter_site":"@ACPS_Automotive","twitter_misc":{"Becs\u00fclt olvas\u00e1si id\u0151":"2 perc"},"schema":{"@context":"https:\/\/schema.org","@graph":[{"@type":"WebPage","@id":"https:\/\/www.acps-automotive.com\/hu\/kapcsolatfelvetel\/jogi-nyilatkozat\/","url":"https:\/\/www.acps-automotive.com\/hu\/kapcsolatfelvetel\/jogi-nyilatkozat\/","name":"Jogi nyilatkozat - ACPS Automotive GmbH","isPartOf":{"@id":"https:\/\/www.acps-automotive.com\/hu\/#website"},"primaryImageOfPage":{"@id":"https:\/\/www.acps-automotive.com\/hu\/kapcsolatfelvetel\/jogi-nyilatkozat\/#primaryimage"},"image":{"@id":"https:\/\/www.acps-automotive.com\/hu\/kapcsolatfelvetel\/jogi-nyilatkozat\/#primaryimage"},"thumbnailUrl":"https:\/\/www.acps-automotive.com\/wp-content\/uploads\/_media\/kontakt\/markenlogos.jpg","datePublished":"2025-12-17T08:49:26+00:00","dateModified":"2026-03-09T15:17:03+00:00","description":"Az ORIS m\u00e1rkan\u00e9v alatt innovat\u00edv \u00e9s biztons\u00e1gos p\u00f3tkocsi- \u00e9s hordoz\u00f3 rendszereket fejleszt\u00fcnk \u00e9s gy\u00e1rtunk az aut\u00f3gy\u00e1rt\u00f3k sz\u00e1m\u00e1ra az els\u0151 felszerel\u00e9shez.","breadcrumb":{"@id":"https:\/\/www.acps-automotive.com\/hu\/kapcsolatfelvetel\/jogi-nyilatkozat\/#breadcrumb"},"inLanguage":"hu","potentialAction":[{"@type":"ReadAction","target":["https:\/\/www.acps-automotive.com\/hu\/kapcsolatfelvetel\/jogi-nyilatkozat\/"]}]},{"@type":"ImageObject","inLanguage":"hu","@id":"https:\/\/www.acps-automotive.com\/hu\/kapcsolatfelvetel\/jogi-nyilatkozat\/#primaryimage","url":"https:\/\/www.acps-automotive.com\/wp-content\/uploads\/_media\/kontakt\/markenlogos.jpg","contentUrl":"https:\/\/www.acps-automotive.com\/wp-content\/uploads\/_media\/kontakt\/markenlogos.jpg"},{"@type":"BreadcrumbList","@id":"https:\/\/www.acps-automotive.com\/hu\/kapcsolatfelvetel\/jogi-nyilatkozat\/#breadcrumb","itemListElement":[{"@type":"ListItem","position":1,"name":"Startseite","item":"https:\/\/www.acps-automotive.com\/hu\/"},{"@type":"ListItem","position":2,"name":"Kapcsolatfelv\u00e9tel","item":"https:\/\/www.acps-automotive.com\/hu\/kapcsolatfelvetel\/"},{"@type":"ListItem","position":3,"name":"Jogi nyilatkozat"}]},{"@type":"WebSite","@id":"https:\/\/www.acps-automotive.com\/hu\/#website","url":"https:\/\/www.acps-automotive.com\/hu\/","name":"ACPS Automotive GmbH","description":"Innovative Anh\u00e4ngekupplungen","publisher":{"@id":"https:\/\/www.acps-automotive.com\/hu\/#organization"},"potentialAction":[{"@type":"SearchAction","target":{"@type":"EntryPoint","urlTemplate":"https:\/\/www.acps-automotive.com\/hu\/?s={search_term_string}"},"query-input":{"@type":"PropertyValueSpecification","valueRequired":true,"valueName":"search_term_string"}}],"inLanguage":"hu"},{"@type":"Organization","@id":"https:\/\/www.acps-automotive.com\/hu\/#organization","name":"ACPS Automotive GmbH","url":"https:\/\/www.acps-automotive.com\/hu\/","logo":{"@type":"ImageObject","inLanguage":"hu","@id":"https:\/\/www.acps-automotive.com\/hu\/#\/schema\/logo\/image\/","url":"https:\/\/www.acps-automotive.com\/wp-content\/uploads\/_media\/_allgemein\/Logo-Footer-ACPS-Automotive.png","contentUrl":"https:\/\/www.acps-automotive.com\/wp-content\/uploads\/_media\/_allgemein\/Logo-Footer-ACPS-Automotive.png","width":239,"height":32,"caption":"ACPS Automotive GmbH"},"image":{"@id":"https:\/\/www.acps-automotive.com\/hu\/#\/schema\/logo\/image\/"},"sameAs":["https:\/\/x.com\/ACPS_Automotive","https:\/\/www.linkedin.com\/company\/acps-automotive-gmbh\/","https:\/\/www.instagram.com\/acps_ausbildung\/","https:\/\/www.youtube.com\/channel\/UC2jxrgWwpxpkay2aHWV5SaQ"]}]}},"_links":{"self":[{"href":"https:\/\/www.acps-automotive.com\/hu\/wp-json\/wp\/v2\/pages\/27593","targetHints":{"allow":["GET"]}}],"collection":[{"href":"https:\/\/www.acps-automotive.com\/hu\/wp-json\/wp\/v2\/pages"}],"about":[{"href":"https:\/\/www.acps-automotive.com\/hu\/wp-json\/wp\/v2\/types\/page"}],"author":[{"embeddable":true,"href":"https:\/\/www.acps-automotive.com\/hu\/wp-json\/wp\/v2\/users\/8"}],"replies":[{"embeddable":true,"href":"https:\/\/www.acps-automotive.com\/hu\/wp-json\/wp\/v2\/comments?post=27593"}],"version-history":[{"count":3,"href":"https:\/\/www.acps-automotive.com\/hu\/wp-json\/wp\/v2\/pages\/27593\/revisions"}],"predecessor-version":[{"id":27597,"href":"https:\/\/www.acps-automotive.com\/hu\/wp-json\/wp\/v2\/pages\/27593\/revisions\/27597"}],"up":[{"embeddable":true,"href":"https:\/\/www.acps-automotive.com\/hu\/wp-json\/wp\/v2\/pages\/28071"}],"wp:attachment":[{"href":"https:\/\/www.acps-automotive.com\/hu\/wp-json\/wp\/v2\/media?parent=27593"}],"curies":[{"name":"wp","href":"https:\/\/api.w.org\/{rel}","templated":true}]}}