{"id":27565,"date":"2025-12-17T10:26:28","date_gmt":"2025-12-17T09:26:28","guid":{"rendered":"https:\/\/www.acps-automotive.com\/?page_id=27565"},"modified":"2026-03-10T08:55:26","modified_gmt":"2026-03-10T07:55:26","slug":"tovabbi-berendezesek","status":"publish","type":"page","link":"https:\/\/www.acps-automotive.com\/hu\/termekek\/rendszerek-europanak\/tovabbi-berendezesek\/","title":{"rendered":"Tov\u00e1bbi berendez\u00e9sek"},"content":{"rendered":"<div class=\"vgblk-rw-wrapper limit-wrapper\">\n\n\t<h1><strong>Tov\u00e1bbi<\/strong><br \/>\nberendez\u00e9sek<\/h1>\n\t\t\tV\u00edzszintesen elt\u00e1vol\u00edthat\u00f3\t\t\n\t\t\t\t<p><strong>V\u00edzszintesen leszerelhet\u0151 ker\u00e9kp\u00e1rtart\u00f3 szerkezet<\/strong>A ker\u00e9kp\u00e1rtart\u00f3 szerelv\u00e9ny egy levehet\u0151 rendszer, amely kiz\u00e1r\u00f3lag ker\u00e9kp\u00e1rtart\u00f3khoz haszn\u00e1lhat\u00f3. A v\u00edzszintesen elhelyezhet\u0151 g\u00f6mbcsukl\u00f3 haszn\u00e1lat k\u00f6zben l\u00e1that\u00f3, de ha nem haszn\u00e1lj\u00e1k, a rendszer alig \u00e9szrevehet\u0151 a j\u00e1rm\u0171v\u00f6n.El\u0151ny\u00f6k<\/p><ul><li>A g\u00f6mbfej kiz\u00e1r\u00f3lag haszn\u00e1latkor ker\u00fcl alkalmaz\u00e1sra. Maga a rendszer, g\u00f6mbfej n\u00e9lk\u00fcl, alig l\u00e1that\u00f3. Ez\u00e1ltal szinte semmi sem zavarja a j\u00e1rm\u0171 megjelen\u00e9s\u00e9t.<\/li><li>Az ACPS Automotive levehet\u0151 von\u00f3horogjai teljesen automatikusan reteszel\u0151dnek &#8211; ez nagyfok\u00fa megb\u00edzhat\u00f3s\u00e1got \u00e9s egyszer\u0171 kezelhet\u0151s\u00e9get biztos\u00edt.<\/li><li>A g\u00f6mbfej lop\u00e1sg\u00e1tl\u00f3 z\u00e1rral van ell\u00e1tva.<\/li><\/ul><img loading=\"lazy\" decoding=\"async\" src=\"https:\/\/www.acps-automotive.com\/wp-content\/uploads\/_media\/produkte\/europa\/weitere-av\/weitere-av.jpg\" alt=\"Horizontal abnehmbare Fahrradtr\u00e4gervorrichtung\" width=\"730\" height=\"720\" \/>\t\t\t\n\t<h4>Technische Daten<\/h4>\n<table border=\"0\" width=\"100%\">\n<tbody>\n<tr>\n\n<td>Vertikal abnehmbar<\/td>\n<td>Horizontal abnehmbar<\/td>\n<\/tr>\n<tr>\n<td>D-Wert*<\/td>\n<td>bis zu 16,8 kN<\/td>\n<td>bis zu 13 kN<\/td>\n<\/tr>\n<tr>\n<td>St\u00fctzlast<\/td>\n<td>bis zu 220 kg<\/td>\n<td>bis zu 150 kg<\/td>\n<\/tr>\n<tr>\n<td>Anh\u00e4ngelast<\/td>\n<td>bis zu 3.500 kg<\/td>\n<td>bis zu 2.500 kg<\/td>\n<\/tr>\n<\/tbody>\n<\/table>\n<p>* Beim D-Wert handelt es sich um einen festgelegten Kraftwert, der das zul\u00e4ssige Gesamtgewicht des Zugfahrzeuges und das maximal zul\u00e4ssige Gesamtgewicht des Anh\u00e4ngers beinhaltet.<\/p>\n<p>&nbsp;<\/p>\n<strong>Die hier angegebenen Daten passen nicht zu Ihren fahrzeugspezifischen Anforderungen?<\/strong><br \/>\nDann <a href=\"https:\/\/www.acps-automotive.com\/kontakt\/kontaktformular\/\">nehmen Sie gern Kontakt zu uns auf<\/a>, denn wir entwickeln auch ma\u00dfgeschneiderte Komponenten und L\u00f6sungen.\n\t<h4>M\u0171szaki adatok<\/h4>\n<p>Ha k\u00e9rd\u00e9se van a j\u00e1rm\u0171v\u00e9vel kapcsolatos k\u00f6vetelm\u00e9nyekkel kapcsolatban &#8211; teherb\u00edr\u00e1s \u00e9s a sz\u00e1ll\u00edtand\u00f3 ker\u00e9kp\u00e1rok sz\u00e1ma &#8211; <a href=\"https:\/\/www.acps-automotive.com\/hu\/kapcsolatfelvetel\/kapcsolatfelveteli-urlap\/\">k\u00e9rj\u00fck, vegye fel vel\u00fcnk a kapcsolatot.<\/a><\/p>\n\t<h2>\u00dcgyf\u00e9lig\u00e9nyekhez igaz\u00edtott<br \/>\n<strong>elektromos k\u00e9szletek<\/strong><\/h2>\n<p>A p\u00f3tkocsikhoz illeszked\u0151 elektromos k\u00e9szleteket a neves vezet\u00e9kk\u00e9szlet-gy\u00e1rt\u00f3kkal egy\u00fcttm\u0171k\u00f6dve, az \u00fcgyfelek ig\u00e9nyeinek megfelel\u0151en fejlesztj\u00fck ki. Rendszereinket az aut\u00f3gy\u00e1rt\u00f3k \u00e9s azok hivatalos keresked\u0151i sz\u00e1m\u00e1ra k\u00edn\u00e1ljuk gy\u00e1rt\u00f3sori felszerel\u00e9sre vagy ut\u00f3lagos felszerel\u00e9sre. Ezenk\u00edv\u00fcl mindk\u00e9t ter\u00fclethez p\u00f3talkatr\u00e9szek is rendelkez\u00e9sre \u00e1llnak.<\/p>\n\t<h4><strong>Tov\u00e1bbi von\u00f3szerelv\u00e9nyek<\/strong><br \/>\naz eur\u00f3pai piacra<\/h4>\n\t<a href=\"https:\/\/www.acps-automotive.com\/hu\/termekek\/rendszerek-europanak\/forgathato-vonoszerelvenyek\/\">Forgathat\u00f3<br \/>\nvon\u00f3szerelv\u00e9nyek<\/a>\n<p><a href=\"https:\/\/www.acps-automotive.com\/hu\/termekek\/rendszerek-europanak\/forgathato-vonoszerelvenyek\/\"><img loading=\"lazy\" decoding=\"async\" src=\"\/wp-content\/uploads\/_media\/produkte\/europa\/uebersicht\/schwenkbare-anhanegevorrichtungen-300x250.jpg\" alt=\"Schwenkbare Anh\u00e4ngevorrichtungen\" width=\"300\" height=\"250\" \/><\/a><\/p>\n\t<a href=\"https:\/\/www.acps-automotive.com\/hu\/termekek\/rendszerek-europanak\/leszerelheto-vonoszerelvenyek\/\">Leszerelhet\u0151<br \/>\nvon\u00f3szerelv\u00e9nyek<\/a>\n<p><a href=\"https:\/\/www.acps-automotive.com\/hu\/termekek\/rendszerek-europanak\/leszerelheto-vonoszerelvenyek\/\"><img loading=\"lazy\" decoding=\"async\" src=\"\/wp-content\/uploads\/_media\/produkte\/europa\/uebersicht\/abnehmbare-anhanegevorrichtungen-300x250.jpg\" alt=\"Abnehmbare Anh\u00e4ngevorrichtungen\" width=\"300\" height=\"250\" \/><\/a><\/p>\n\t<a href=\"https:\/\/www.acps-automotive.com\/hu\/termekek\/rendszerek-europanak\/rogzitett-vonoszerelvenyek\/\">R\u00f6gz\u00edtett<br \/>\nvon\u00f3szerelv\u00e9nyek<\/a>\n<p><a href=\"https:\/\/www.acps-automotive.com\/hu\/termekek\/rendszerek-europanak\/rogzitett-vonoszerelvenyek\/\"><img loading=\"lazy\" decoding=\"async\" src=\"\/wp-content\/uploads\/_media\/produkte\/europa\/uebersicht\/fixe-anhanegevorrichtungen-300x250.jpg\" alt=\"Starre Anh\u00e4ngevorrichtungen\" width=\"300\" height=\"250\" \/><\/a><\/p>\n\t<h2>K\u00e9rd\u00e9se van?<br \/>\n<strong>Tan\u00e1csot adunk<br \/>\n<\/strong><\/h2>\n<p>Ha k\u00e9rd\u00e9se van a von\u00f3szerkezeteinkkel kapcsolatban, k\u00e9rj\u00fck, vegye fel vel\u00fcnk a kapcsolatot.<\/p>\n<p><a href=\"https:\/\/www.acps-automotive.com\/hu\/kapcsolatfelvetel\/kapcsolatfelveteli-urlap\/\"><img loading=\"lazy\" decoding=\"async\" src=\"https:\/\/www.acps-automotive.com\/wp-content\/uploads\/_media\/_allgemein\/pfeil-gross-dunkelblau.png\" alt=\"Pfeil gross dunkelblau\" width=\"67\" height=\"45\" \/>Kapcsolat<\/a><\/p>\n<p>&nbsp;<\/p>\n\n<\/div><!-- .vgblk-rw-wrapper -->","protected":false},"excerpt":{"rendered":"<p>Tov\u00e1bbi berendez\u00e9sek V\u00edzszintesen elt\u00e1vol\u00edthat\u00f3 V\u00edzszintesen leszerelhet\u0151 ker\u00e9kp\u00e1rtart\u00f3 szerkezetA ker\u00e9kp\u00e1rtart\u00f3 szerelv\u00e9ny egy levehet\u0151 rendszer, amely kiz\u00e1r\u00f3lag ker\u00e9kp\u00e1rtart\u00f3khoz haszn\u00e1lhat\u00f3. A v\u00edzszintesen elhelyezhet\u0151 g\u00f6mbcsukl\u00f3 haszn\u00e1lat k\u00f6zben l\u00e1that\u00f3, de ha nem haszn\u00e1lj\u00e1k, a rendszer alig \u00e9szrevehet\u0151 a j\u00e1rm\u0171v\u00f6n.El\u0151ny\u00f6k A g\u00f6mbfej kiz\u00e1r\u00f3lag haszn\u00e1latkor ker\u00fcl alkalmaz\u00e1sra. Maga a rendszer, g\u00f6mbfej n\u00e9lk\u00fcl, alig l\u00e1that\u00f3. Ez\u00e1ltal szinte semmi sem zavarja a j\u00e1rm\u0171 megjelen\u00e9s\u00e9t&#8230;.<\/p>\n","protected":false},"author":8,"featured_media":0,"parent":27527,"menu_order":2,"comment_status":"closed","ping_status":"closed","template":"","meta":{"inline_featured_image":false,"_price":"","_stock":"","_tribe_ticket_header":"","_tribe_default_ticket_provider":"","_tribe_ticket_capacity":"0","_ticket_start_date":"","_ticket_end_date":"","_tribe_ticket_show_description":"","_tribe_ticket_show_not_going":false,"_tribe_ticket_use_global_stock":"","_tribe_ticket_global_stock_level":"","_global_stock_mode":"","_global_stock_cap":"","_tribe_rsvp_for_event":"","_tribe_ticket_going_count":"","_tribe_ticket_not_going_count":"","_tribe_tickets_list":"[]","_tribe_ticket_has_attendee_info_fields":false,"footnotes":""},"class_list":["post-27565","page","type-page","status-publish","hentry"],"yoast_head":"<!-- This site is optimized with the Yoast SEO plugin v27.2 - https:\/\/yoast.com\/product\/yoast-seo-wordpress\/ -->\n<title>Tov\u00e1bbi berendez\u00e9sek | ACPS Automotive<\/title>\n<meta name=\"description\" content=\"V\u00edzszintesen leszerelhet\u0151 ker\u00e9kp\u00e1rtart\u00f3 szerkezet \u2713Kifejezetten ker\u00e9kp\u00e1rtart\u00f3 haszn\u00e1latra kifejlesztve \u2713Egyszer\u0171 kezel\u00e9s \u2713Lop\u00e1sg\u00e1tl\u00f3 \u25ba A t\u00f6k\u00e9letes megold\u00e1s!\" \/>\n<meta name=\"robots\" content=\"index, follow, max-snippet:-1, max-image-preview:large, max-video-preview:-1\" \/>\n<link rel=\"canonical\" href=\"https:\/\/www.acps-automotive.com\/hu\/termekek\/rendszerek-europanak\/tovabbi-berendezesek\/\" \/>\n<meta property=\"og:locale\" content=\"hu_HU\" \/>\n<meta property=\"og:type\" content=\"article\" \/>\n<meta property=\"og:title\" content=\"Tov\u00e1bbi berendez\u00e9sek | ACPS Automotive\" \/>\n<meta property=\"og:description\" content=\"V\u00edzszintesen leszerelhet\u0151 ker\u00e9kp\u00e1rtart\u00f3 szerkezet \u2713Kifejezetten ker\u00e9kp\u00e1rtart\u00f3 haszn\u00e1latra kifejlesztve \u2713Egyszer\u0171 kezel\u00e9s \u2713Lop\u00e1sg\u00e1tl\u00f3 \u25ba A t\u00f6k\u00e9letes megold\u00e1s!\" \/>\n<meta property=\"og:url\" content=\"https:\/\/www.acps-automotive.com\/hu\/termekek\/rendszerek-europanak\/tovabbi-berendezesek\/\" \/>\n<meta property=\"og:site_name\" content=\"ACPS Automotive GmbH\" \/>\n<meta property=\"article:modified_time\" content=\"2026-03-10T07:55:26+00:00\" \/>\n<meta property=\"og:image\" content=\"https:\/\/www.acps-automotive.com\/wp-content\/uploads\/_media\/produkte\/europa\/weitere-av\/weitere-av.jpg\" \/>\n<meta name=\"twitter:card\" content=\"summary_large_image\" \/>\n<meta name=\"twitter:site\" content=\"@ACPS_Automotive\" \/>\n<meta name=\"twitter:label1\" content=\"Becs\u00fclt olvas\u00e1si id\u0151\" \/>\n\t<meta name=\"twitter:data1\" content=\"3 perc\" \/>\n<script type=\"application\/ld+json\" class=\"yoast-schema-graph\">{\"@context\":\"https:\/\/schema.org\",\"@graph\":[{\"@type\":\"WebPage\",\"@id\":\"https:\/\/www.acps-automotive.com\/hu\/termekek\/rendszerek-europanak\/tovabbi-berendezesek\/\",\"url\":\"https:\/\/www.acps-automotive.com\/hu\/termekek\/rendszerek-europanak\/tovabbi-berendezesek\/\",\"name\":\"Tov\u00e1bbi berendez\u00e9sek | ACPS Automotive\",\"isPartOf\":{\"@id\":\"https:\/\/www.acps-automotive.com\/hu\/#website\"},\"primaryImageOfPage\":{\"@id\":\"https:\/\/www.acps-automotive.com\/hu\/termekek\/rendszerek-europanak\/tovabbi-berendezesek\/#primaryimage\"},\"image\":{\"@id\":\"https:\/\/www.acps-automotive.com\/hu\/termekek\/rendszerek-europanak\/tovabbi-berendezesek\/#primaryimage\"},\"thumbnailUrl\":\"https:\/\/www.acps-automotive.com\/wp-content\/uploads\/_media\/produkte\/europa\/weitere-av\/weitere-av.jpg\",\"datePublished\":\"2025-12-17T09:26:28+00:00\",\"dateModified\":\"2026-03-10T07:55:26+00:00\",\"description\":\"V\u00edzszintesen leszerelhet\u0151 ker\u00e9kp\u00e1rtart\u00f3 szerkezet \u2713Kifejezetten ker\u00e9kp\u00e1rtart\u00f3 haszn\u00e1latra kifejlesztve \u2713Egyszer\u0171 kezel\u00e9s \u2713Lop\u00e1sg\u00e1tl\u00f3 \u25ba A t\u00f6k\u00e9letes megold\u00e1s!\",\"breadcrumb\":{\"@id\":\"https:\/\/www.acps-automotive.com\/hu\/termekek\/rendszerek-europanak\/tovabbi-berendezesek\/#breadcrumb\"},\"inLanguage\":\"hu\",\"potentialAction\":[{\"@type\":\"ReadAction\",\"target\":[\"https:\/\/www.acps-automotive.com\/hu\/termekek\/rendszerek-europanak\/tovabbi-berendezesek\/\"]}]},{\"@type\":\"ImageObject\",\"inLanguage\":\"hu\",\"@id\":\"https:\/\/www.acps-automotive.com\/hu\/termekek\/rendszerek-europanak\/tovabbi-berendezesek\/#primaryimage\",\"url\":\"https:\/\/www.acps-automotive.com\/wp-content\/uploads\/_media\/produkte\/europa\/weitere-av\/weitere-av.jpg\",\"contentUrl\":\"https:\/\/www.acps-automotive.com\/wp-content\/uploads\/_media\/produkte\/europa\/weitere-av\/weitere-av.jpg\"},{\"@type\":\"BreadcrumbList\",\"@id\":\"https:\/\/www.acps-automotive.com\/hu\/termekek\/rendszerek-europanak\/tovabbi-berendezesek\/#breadcrumb\",\"itemListElement\":[{\"@type\":\"ListItem\",\"position\":1,\"name\":\"Startseite\",\"item\":\"https:\/\/www.acps-automotive.com\/hu\/\"},{\"@type\":\"ListItem\",\"position\":2,\"name\":\"Term\u00e9kek\",\"item\":\"https:\/\/www.acps-automotive.com\/hu\/termekek\/\"},{\"@type\":\"ListItem\",\"position\":3,\"name\":\"Von\u00f3szerelv\u00e9nyek az eur\u00f3pai piacra\",\"item\":\"https:\/\/www.acps-automotive.com\/hu\/termekek\/rendszerek-europanak\/\"},{\"@type\":\"ListItem\",\"position\":4,\"name\":\"Tov\u00e1bbi berendez\u00e9sek\"}]},{\"@type\":\"WebSite\",\"@id\":\"https:\/\/www.acps-automotive.com\/hu\/#website\",\"url\":\"https:\/\/www.acps-automotive.com\/hu\/\",\"name\":\"ACPS Automotive GmbH\",\"description\":\"Innovative Anh\u00e4ngekupplungen\",\"publisher\":{\"@id\":\"https:\/\/www.acps-automotive.com\/hu\/#organization\"},\"potentialAction\":[{\"@type\":\"SearchAction\",\"target\":{\"@type\":\"EntryPoint\",\"urlTemplate\":\"https:\/\/www.acps-automotive.com\/hu\/?s={search_term_string}\"},\"query-input\":{\"@type\":\"PropertyValueSpecification\",\"valueRequired\":true,\"valueName\":\"search_term_string\"}}],\"inLanguage\":\"hu\"},{\"@type\":\"Organization\",\"@id\":\"https:\/\/www.acps-automotive.com\/hu\/#organization\",\"name\":\"ACPS Automotive GmbH\",\"url\":\"https:\/\/www.acps-automotive.com\/hu\/\",\"logo\":{\"@type\":\"ImageObject\",\"inLanguage\":\"hu\",\"@id\":\"https:\/\/www.acps-automotive.com\/hu\/#\/schema\/logo\/image\/\",\"url\":\"https:\/\/www.acps-automotive.com\/wp-content\/uploads\/_media\/_allgemein\/Logo-Footer-ACPS-Automotive.png\",\"contentUrl\":\"https:\/\/www.acps-automotive.com\/wp-content\/uploads\/_media\/_allgemein\/Logo-Footer-ACPS-Automotive.png\",\"width\":239,\"height\":32,\"caption\":\"ACPS Automotive GmbH\"},\"image\":{\"@id\":\"https:\/\/www.acps-automotive.com\/hu\/#\/schema\/logo\/image\/\"},\"sameAs\":[\"https:\/\/x.com\/ACPS_Automotive\",\"https:\/\/www.linkedin.com\/company\/acps-automotive-gmbh\/\",\"https:\/\/www.instagram.com\/acps_ausbildung\/\",\"https:\/\/www.youtube.com\/channel\/UC2jxrgWwpxpkay2aHWV5SaQ\"]}]}<\/script>\n<!-- \/ Yoast SEO plugin. -->","yoast_head_json":{"title":"Tov\u00e1bbi berendez\u00e9sek | ACPS Automotive","description":"V\u00edzszintesen leszerelhet\u0151 ker\u00e9kp\u00e1rtart\u00f3 szerkezet \u2713Kifejezetten ker\u00e9kp\u00e1rtart\u00f3 haszn\u00e1latra kifejlesztve \u2713Egyszer\u0171 kezel\u00e9s \u2713Lop\u00e1sg\u00e1tl\u00f3 \u25ba A t\u00f6k\u00e9letes megold\u00e1s!","robots":{"index":"index","follow":"follow","max-snippet":"max-snippet:-1","max-image-preview":"max-image-preview:large","max-video-preview":"max-video-preview:-1"},"canonical":"https:\/\/www.acps-automotive.com\/hu\/termekek\/rendszerek-europanak\/tovabbi-berendezesek\/","og_locale":"hu_HU","og_type":"article","og_title":"Tov\u00e1bbi berendez\u00e9sek | ACPS Automotive","og_description":"V\u00edzszintesen leszerelhet\u0151 ker\u00e9kp\u00e1rtart\u00f3 szerkezet \u2713Kifejezetten ker\u00e9kp\u00e1rtart\u00f3 haszn\u00e1latra kifejlesztve \u2713Egyszer\u0171 kezel\u00e9s \u2713Lop\u00e1sg\u00e1tl\u00f3 \u25ba A t\u00f6k\u00e9letes megold\u00e1s!","og_url":"https:\/\/www.acps-automotive.com\/hu\/termekek\/rendszerek-europanak\/tovabbi-berendezesek\/","og_site_name":"ACPS Automotive GmbH","article_modified_time":"2026-03-10T07:55:26+00:00","og_image":[{"url":"https:\/\/www.acps-automotive.com\/wp-content\/uploads\/_media\/produkte\/europa\/weitere-av\/weitere-av.jpg","type":"","width":"","height":""}],"twitter_card":"summary_large_image","twitter_site":"@ACPS_Automotive","twitter_misc":{"Becs\u00fclt olvas\u00e1si id\u0151":"3 perc"},"schema":{"@context":"https:\/\/schema.org","@graph":[{"@type":"WebPage","@id":"https:\/\/www.acps-automotive.com\/hu\/termekek\/rendszerek-europanak\/tovabbi-berendezesek\/","url":"https:\/\/www.acps-automotive.com\/hu\/termekek\/rendszerek-europanak\/tovabbi-berendezesek\/","name":"Tov\u00e1bbi berendez\u00e9sek | ACPS Automotive","isPartOf":{"@id":"https:\/\/www.acps-automotive.com\/hu\/#website"},"primaryImageOfPage":{"@id":"https:\/\/www.acps-automotive.com\/hu\/termekek\/rendszerek-europanak\/tovabbi-berendezesek\/#primaryimage"},"image":{"@id":"https:\/\/www.acps-automotive.com\/hu\/termekek\/rendszerek-europanak\/tovabbi-berendezesek\/#primaryimage"},"thumbnailUrl":"https:\/\/www.acps-automotive.com\/wp-content\/uploads\/_media\/produkte\/europa\/weitere-av\/weitere-av.jpg","datePublished":"2025-12-17T09:26:28+00:00","dateModified":"2026-03-10T07:55:26+00:00","description":"V\u00edzszintesen leszerelhet\u0151 ker\u00e9kp\u00e1rtart\u00f3 szerkezet \u2713Kifejezetten ker\u00e9kp\u00e1rtart\u00f3 haszn\u00e1latra kifejlesztve \u2713Egyszer\u0171 kezel\u00e9s \u2713Lop\u00e1sg\u00e1tl\u00f3 \u25ba A t\u00f6k\u00e9letes megold\u00e1s!","breadcrumb":{"@id":"https:\/\/www.acps-automotive.com\/hu\/termekek\/rendszerek-europanak\/tovabbi-berendezesek\/#breadcrumb"},"inLanguage":"hu","potentialAction":[{"@type":"ReadAction","target":["https:\/\/www.acps-automotive.com\/hu\/termekek\/rendszerek-europanak\/tovabbi-berendezesek\/"]}]},{"@type":"ImageObject","inLanguage":"hu","@id":"https:\/\/www.acps-automotive.com\/hu\/termekek\/rendszerek-europanak\/tovabbi-berendezesek\/#primaryimage","url":"https:\/\/www.acps-automotive.com\/wp-content\/uploads\/_media\/produkte\/europa\/weitere-av\/weitere-av.jpg","contentUrl":"https:\/\/www.acps-automotive.com\/wp-content\/uploads\/_media\/produkte\/europa\/weitere-av\/weitere-av.jpg"},{"@type":"BreadcrumbList","@id":"https:\/\/www.acps-automotive.com\/hu\/termekek\/rendszerek-europanak\/tovabbi-berendezesek\/#breadcrumb","itemListElement":[{"@type":"ListItem","position":1,"name":"Startseite","item":"https:\/\/www.acps-automotive.com\/hu\/"},{"@type":"ListItem","position":2,"name":"Term\u00e9kek","item":"https:\/\/www.acps-automotive.com\/hu\/termekek\/"},{"@type":"ListItem","position":3,"name":"Von\u00f3szerelv\u00e9nyek az eur\u00f3pai piacra","item":"https:\/\/www.acps-automotive.com\/hu\/termekek\/rendszerek-europanak\/"},{"@type":"ListItem","position":4,"name":"Tov\u00e1bbi berendez\u00e9sek"}]},{"@type":"WebSite","@id":"https:\/\/www.acps-automotive.com\/hu\/#website","url":"https:\/\/www.acps-automotive.com\/hu\/","name":"ACPS Automotive GmbH","description":"Innovative Anh\u00e4ngekupplungen","publisher":{"@id":"https:\/\/www.acps-automotive.com\/hu\/#organization"},"potentialAction":[{"@type":"SearchAction","target":{"@type":"EntryPoint","urlTemplate":"https:\/\/www.acps-automotive.com\/hu\/?s={search_term_string}"},"query-input":{"@type":"PropertyValueSpecification","valueRequired":true,"valueName":"search_term_string"}}],"inLanguage":"hu"},{"@type":"Organization","@id":"https:\/\/www.acps-automotive.com\/hu\/#organization","name":"ACPS Automotive GmbH","url":"https:\/\/www.acps-automotive.com\/hu\/","logo":{"@type":"ImageObject","inLanguage":"hu","@id":"https:\/\/www.acps-automotive.com\/hu\/#\/schema\/logo\/image\/","url":"https:\/\/www.acps-automotive.com\/wp-content\/uploads\/_media\/_allgemein\/Logo-Footer-ACPS-Automotive.png","contentUrl":"https:\/\/www.acps-automotive.com\/wp-content\/uploads\/_media\/_allgemein\/Logo-Footer-ACPS-Automotive.png","width":239,"height":32,"caption":"ACPS Automotive GmbH"},"image":{"@id":"https:\/\/www.acps-automotive.com\/hu\/#\/schema\/logo\/image\/"},"sameAs":["https:\/\/x.com\/ACPS_Automotive","https:\/\/www.linkedin.com\/company\/acps-automotive-gmbh\/","https:\/\/www.instagram.com\/acps_ausbildung\/","https:\/\/www.youtube.com\/channel\/UC2jxrgWwpxpkay2aHWV5SaQ"]}]}},"_links":{"self":[{"href":"https:\/\/www.acps-automotive.com\/hu\/wp-json\/wp\/v2\/pages\/27565","targetHints":{"allow":["GET"]}}],"collection":[{"href":"https:\/\/www.acps-automotive.com\/hu\/wp-json\/wp\/v2\/pages"}],"about":[{"href":"https:\/\/www.acps-automotive.com\/hu\/wp-json\/wp\/v2\/types\/page"}],"author":[{"embeddable":true,"href":"https:\/\/www.acps-automotive.com\/hu\/wp-json\/wp\/v2\/users\/8"}],"replies":[{"embeddable":true,"href":"https:\/\/www.acps-automotive.com\/hu\/wp-json\/wp\/v2\/comments?post=27565"}],"version-history":[{"count":10,"href":"https:\/\/www.acps-automotive.com\/hu\/wp-json\/wp\/v2\/pages\/27565\/revisions"}],"predecessor-version":[{"id":29148,"href":"https:\/\/www.acps-automotive.com\/hu\/wp-json\/wp\/v2\/pages\/27565\/revisions\/29148"}],"up":[{"embeddable":true,"href":"https:\/\/www.acps-automotive.com\/hu\/wp-json\/wp\/v2\/pages\/27527"}],"wp:attachment":[{"href":"https:\/\/www.acps-automotive.com\/hu\/wp-json\/wp\/v2\/media?parent=27565"}],"curies":[{"name":"wp","href":"https:\/\/api.w.org\/{rel}","templated":true}]}}