{"id":27560,"date":"2025-12-17T10:23:59","date_gmt":"2025-12-17T09:23:59","guid":{"rendered":"https:\/\/www.acps-automotive.com\/?page_id=27560"},"modified":"2026-03-10T08:51:10","modified_gmt":"2026-03-10T07:51:10","slug":"rogzitett-vonoszerelvenyek","status":"publish","type":"page","link":"https:\/\/www.acps-automotive.com\/hu\/termekek\/rendszerek-europanak\/rogzitett-vonoszerelvenyek\/","title":{"rendered":"R\u00f6gz\u00edtett von\u00f3szerelv\u00e9nyek"},"content":{"rendered":"<div class=\"vgblk-rw-wrapper limit-wrapper\">\n\n\t<h1><strong>R\u00f6gz\u00edtett<\/strong><br \/>\nVon\u00f3szerelv\u00e9nyek<\/h1>\n\t\t\tR\u00f6gz\u00edtett\t\t\n\t\t\t\t<p><strong>R\u00f6gz\u00edtett von\u00f3szerkezetek &#8211;<br \/>a klasszikus<\/strong>Az ACPS Automotive a r\u00f6gz\u00edtett von\u00f3szerkezetekkel n\u0151tt fel \u00e9s v\u00e1lt piacvezet\u0151v\u00e9. A r\u00f6gz\u00edtett von\u00f3szerkezetekn\u00e9l a g\u00f6mbcsukl\u00f3 a keresztgerend\u00e1hoz van hegesztve. A r\u00f6gz\u00edtett von\u00f3szerkezetek k\u00f6lts\u00e9ghat\u00e9konyak \u00e9s funkcion\u00e1lisak.<\/p><img loading=\"lazy\" decoding=\"async\" src=\"https:\/\/www.acps-automotive.com\/wp-content\/uploads\/_media\/produkte\/europa\/starre-av\/starre-av.jpg\" alt=\"Starre Anh\u00e4ngevorrichtungen\" width=\"730\" height=\"720\" \/>\t\t\t\n\t<h4>M\u0171szaki adatok<\/h4>\n<table border=\"0\" width=\"100%\">\n<tbody>\n<tr>\n<td>D-\u00e9rt\u00e9k*<\/td>\n<td>ak\u00e1r 16,8 kN<\/td>\n<\/tr>\n<tr>\n<td>Tart\u00f3terhel\u00e9s<\/td>\n<td>ak\u00e1r 250 kg<\/td>\n<\/tr>\n<tr>\n<td>Csatlakoz\u00f3 terhel\u00e9s<\/td>\n<td>ak\u00e1r 3.500 kg<\/td>\n<\/tr>\n<\/tbody>\n<\/table>\n<p>* A D-\u00e9rt\u00e9k egy meghat\u00e1rozott er\u0151\u00e9rt\u00e9k, amely mag\u00e1ban foglalja a vontat\u00f3 j\u00e1rm\u0171 megengedett \u00f6sszt\u00f6meg\u00e9t \u00e9s a p\u00f3tkocsi maxim\u00e1lis megengedett \u00f6sszt\u00f6meg\u00e9t.<\/p>\n<p>&nbsp;<\/p>\n<strong>Az itt megadott adatok nem felelnek meg j\u00e1rm\u0171ve specifikus k\u00f6vetelm\u00e9nyeinek?<\/strong><br \/>\nAkkor <a href=\"https:\/\/www.acps-automotive.com\/hu\/kapcsolatfelvetel\/kapcsolatfelveteli-urlap\/\">vegye fel vel\u00fcnk a kapcsolatot<\/a>, mert egyedi alkatr\u00e9szeket \u00e9s megold\u00e1sokat is fejleszt\u00fcnk.\n\t<p><img loading=\"lazy\" decoding=\"async\" src=\"https:\/\/www.acps-automotive.com\/wp-content\/uploads\/_media\/produkte\/europa\/starre-av\/bild01.jpg\" alt=\"Starre Anh\u00e4ngevorrichtungen Bild01\" width=\"410\" height=\"600\" \/><\/p>\n\t<p><img loading=\"lazy\" decoding=\"async\" src=\"https:\/\/www.acps-automotive.com\/wp-content\/uploads\/_media\/produkte\/europa\/starre-av\/bild02.jpg\" alt=\"Starre Anh\u00e4ngevorrichtungen Bild02\" width=\"855\" height=\"440\" \/><\/p>\n\t<p><img loading=\"lazy\" decoding=\"async\" src=\"https:\/\/www.acps-automotive.com\/wp-content\/uploads\/_media\/produkte\/europa\/starre-av\/bild03.jpg\" alt=\"Starre Anh\u00e4ngevorrichtungen Bild03\" width=\"410\" height=\"300\" \/><\/p>\n\t<p><img loading=\"lazy\" decoding=\"async\" src=\"https:\/\/www.acps-automotive.com\/wp-content\/uploads\/_media\/produkte\/europa\/starre-av\/bild04.jpg\" alt=\"Starre Anh\u00e4ngevorrichtungen Bild04\" width=\"410\" height=\"300\" \/><\/p>\n\t<h2>\u00dcgyf\u00e9lig\u00e9nyekhez igaz\u00edtott<br \/>\n<strong>elektromos k\u00e9szletek<\/strong><\/h2>\n<p>A p\u00f3tkocsikhoz illeszked\u0151 elektromos k\u00e9szleteket a neves vezet\u00e9kk\u00e9szlet-gy\u00e1rt\u00f3kkal egy\u00fcttm\u0171k\u00f6dve, az \u00fcgyfelek ig\u00e9nyeinek megfelel\u0151en fejlesztj\u00fck ki. Rendszereinket az aut\u00f3gy\u00e1rt\u00f3k \u00e9s azok hivatalos keresked\u0151i sz\u00e1m\u00e1ra k\u00edn\u00e1ljuk gy\u00e1rt\u00f3sori felszerel\u00e9sre vagy ut\u00f3lagos felszerel\u00e9sre. Ezenk\u00edv\u00fcl mindk\u00e9t ter\u00fclethez p\u00f3talkatr\u00e9szek is rendelkez\u00e9sre \u00e1llnak.<\/p>\n\t<h4><strong>Tov\u00e1bbi von\u00f3szerelv\u00e9nyek<\/strong><br \/>\naz eur\u00f3pai piacra<\/h4>\n\t<a href=\"https:\/\/www.acps-automotive.com\/hu\/termekek\/rendszerek-europanak\/fix4bike\/\">FIX4BIKE<sup>\u00ae<\/sup><br \/>\na rendszer<br \/>\n<\/a>\n<p><a href=\"https:\/\/www.acps-automotive.com\/hu\/termekek\/rendszerek-europanak\/fix4bike\/\"><img loading=\"lazy\" decoding=\"async\" src=\"https:\/\/www.acps-automotive.com\/wp-content\/uploads\/_media\/produkte\/europa\/uebersicht\/fix4bike-300x250.jpg\" alt=\"FIX4BIKE\" width=\"300\" height=\"250\" \/><\/a><\/p>\n\t<a href=\"https:\/\/www.acps-automotive.com\/hu\/termekek\/rendszerek-europanak\/tovabbi-berendezesek\/\">Tov\u00e1bbi<br \/>\nberendez\u00e9sek<\/a>\n<p><a href=\"https:\/\/www.acps-automotive.com\/hu\/termekek\/rendszerek-europanak\/tovabbi-berendezesek\/\"><img loading=\"lazy\" decoding=\"async\" src=\"https:\/\/www.acps-automotive.com\/wp-content\/uploads\/_media\/produkte\/europa\/uebersicht\/weitere-vorrichtungen-300x250.jpg\" alt=\"Weitere Vorrichtungen\" width=\"300\" height=\"250\" \/><\/a><\/p>\n\t<a href=\"https:\/\/www.acps-automotive.com\/hu\/termekek\/rendszerek-europanak\/forgathato-vonoszerelvenyek\/\">Forgathat\u00f3<br \/>\nvon\u00f3szerelv\u00e9nyek<\/a>\n<p><a href=\"https:\/\/www.acps-automotive.com\/hu\/termekek\/rendszerek-europanak\/forgathato-vonoszerelvenyek\/\"><img loading=\"lazy\" decoding=\"async\" src=\"\/wp-content\/uploads\/_media\/produkte\/europa\/uebersicht\/schwenkbare-anhanegevorrichtungen-300x250.jpg\" alt=\"Schwenkbare Anh\u00e4ngevorrichtungen\" width=\"300\" height=\"250\" \/><\/a><\/p>\n\t<h2>K\u00e9rd\u00e9se van?<br \/>\n<strong>Tan\u00e1csot adunk<br \/>\n<\/strong><\/h2>\n<p>Ha k\u00e9rd\u00e9se van a von\u00f3szerkezeteinkkel kapcsolatban, k\u00e9rj\u00fck, vegye fel vel\u00fcnk a kapcsolatot.<\/p>\n<p><a href=\"https:\/\/www.acps-automotive.com\/hu\/kapcsolatfelvetel\/kapcsolatfelveteli-urlap\/\"><img loading=\"lazy\" decoding=\"async\" src=\"https:\/\/www.acps-automotive.com\/wp-content\/uploads\/_media\/_allgemein\/pfeil-gross-dunkelblau.png\" alt=\"Pfeil gross dunkelblau\" width=\"67\" height=\"45\" \/>Kapcsolat<\/a><\/p>\n\n<\/div><!-- .vgblk-rw-wrapper -->","protected":false},"excerpt":{"rendered":"<p>R\u00f6gz\u00edtett Von\u00f3szerelv\u00e9nyek R\u00f6gz\u00edtett R\u00f6gz\u00edtett von\u00f3szerkezetek &#8211;a klasszikusAz ACPS Automotive a r\u00f6gz\u00edtett von\u00f3szerkezetekkel n\u0151tt fel \u00e9s v\u00e1lt piacvezet\u0151v\u00e9. A r\u00f6gz\u00edtett von\u00f3szerkezetekn\u00e9l a g\u00f6mbcsukl\u00f3 a keresztgerend\u00e1hoz van hegesztve. A r\u00f6gz\u00edtett von\u00f3szerkezetek k\u00f6lts\u00e9ghat\u00e9konyak \u00e9s funkcion\u00e1lisak. M\u0171szaki adatok D-\u00e9rt\u00e9k* ak\u00e1r 16,8 kN Tart\u00f3terhel\u00e9s ak\u00e1r 250 kg Csatlakoz\u00f3 terhel\u00e9s ak\u00e1r 3.500 kg * A D-\u00e9rt\u00e9k egy meghat\u00e1rozott er\u0151\u00e9rt\u00e9k, amely mag\u00e1ban&#8230;<\/p>\n","protected":false},"author":8,"featured_media":0,"parent":27527,"menu_order":1,"comment_status":"closed","ping_status":"closed","template":"","meta":{"inline_featured_image":false,"_price":"","_stock":"","_tribe_ticket_header":"","_tribe_default_ticket_provider":"","_tribe_ticket_capacity":"0","_ticket_start_date":"","_ticket_end_date":"","_tribe_ticket_show_description":"","_tribe_ticket_show_not_going":false,"_tribe_ticket_use_global_stock":"","_tribe_ticket_global_stock_level":"","_global_stock_mode":"","_global_stock_cap":"","_tribe_rsvp_for_event":"","_tribe_ticket_going_count":"","_tribe_ticket_not_going_count":"","_tribe_tickets_list":"[]","_tribe_ticket_has_attendee_info_fields":false,"footnotes":""},"class_list":["post-27560","page","type-page","status-publish","hentry"],"yoast_head":"<!-- This site is optimized with the Yoast SEO plugin v27.2 - https:\/\/yoast.com\/product\/yoast-seo-wordpress\/ -->\n<title>R\u00f6gz\u00edtett von\u00f3szerelv\u00e9nyek | ACPS Automotive<\/title>\n<meta name=\"description\" content=\"ORIS \u2013 R\u00f6gz\u00edtett von\u00f3szerkezetek \u2713k\u00f6lts\u00e9ghat\u00e9konyak \u00e9s \u2713funkcion\u00e1lisak. \u25ba Az ide\u00e1lis megold\u00e1s az \u00d6n sz\u00e1m\u00e1ra!\" \/>\n<meta name=\"robots\" content=\"index, follow, max-snippet:-1, max-image-preview:large, max-video-preview:-1\" \/>\n<link rel=\"canonical\" href=\"https:\/\/www.acps-automotive.com\/hu\/termekek\/rendszerek-europanak\/rogzitett-vonoszerelvenyek\/\" \/>\n<meta property=\"og:locale\" content=\"hu_HU\" \/>\n<meta property=\"og:type\" content=\"article\" \/>\n<meta property=\"og:title\" content=\"R\u00f6gz\u00edtett von\u00f3szerelv\u00e9nyek | ACPS Automotive\" \/>\n<meta property=\"og:description\" content=\"ORIS \u2013 R\u00f6gz\u00edtett von\u00f3szerkezetek \u2713k\u00f6lts\u00e9ghat\u00e9konyak \u00e9s \u2713funkcion\u00e1lisak. \u25ba Az ide\u00e1lis megold\u00e1s az \u00d6n sz\u00e1m\u00e1ra!\" \/>\n<meta property=\"og:url\" content=\"https:\/\/www.acps-automotive.com\/hu\/termekek\/rendszerek-europanak\/rogzitett-vonoszerelvenyek\/\" \/>\n<meta property=\"og:site_name\" content=\"ACPS Automotive GmbH\" \/>\n<meta property=\"article:modified_time\" content=\"2026-03-10T07:51:10+00:00\" \/>\n<meta property=\"og:image\" content=\"https:\/\/www.acps-automotive.com\/wp-content\/uploads\/_media\/produkte\/europa\/starre-av\/starre-av.jpg\" \/>\n<meta name=\"twitter:card\" content=\"summary_large_image\" \/>\n<meta name=\"twitter:site\" content=\"@ACPS_Automotive\" \/>\n<meta name=\"twitter:label1\" content=\"Becs\u00fclt olvas\u00e1si id\u0151\" \/>\n\t<meta name=\"twitter:data1\" content=\"3 perc\" \/>\n<script type=\"application\/ld+json\" class=\"yoast-schema-graph\">{\"@context\":\"https:\/\/schema.org\",\"@graph\":[{\"@type\":\"WebPage\",\"@id\":\"https:\/\/www.acps-automotive.com\/hu\/termekek\/rendszerek-europanak\/rogzitett-vonoszerelvenyek\/\",\"url\":\"https:\/\/www.acps-automotive.com\/hu\/termekek\/rendszerek-europanak\/rogzitett-vonoszerelvenyek\/\",\"name\":\"R\u00f6gz\u00edtett von\u00f3szerelv\u00e9nyek | ACPS Automotive\",\"isPartOf\":{\"@id\":\"https:\/\/www.acps-automotive.com\/hu\/#website\"},\"primaryImageOfPage\":{\"@id\":\"https:\/\/www.acps-automotive.com\/hu\/termekek\/rendszerek-europanak\/rogzitett-vonoszerelvenyek\/#primaryimage\"},\"image\":{\"@id\":\"https:\/\/www.acps-automotive.com\/hu\/termekek\/rendszerek-europanak\/rogzitett-vonoszerelvenyek\/#primaryimage\"},\"thumbnailUrl\":\"https:\/\/www.acps-automotive.com\/wp-content\/uploads\/_media\/produkte\/europa\/starre-av\/starre-av.jpg\",\"datePublished\":\"2025-12-17T09:23:59+00:00\",\"dateModified\":\"2026-03-10T07:51:10+00:00\",\"description\":\"ORIS \u2013 R\u00f6gz\u00edtett von\u00f3szerkezetek \u2713k\u00f6lts\u00e9ghat\u00e9konyak \u00e9s \u2713funkcion\u00e1lisak. \u25ba Az ide\u00e1lis megold\u00e1s az \u00d6n sz\u00e1m\u00e1ra!\",\"breadcrumb\":{\"@id\":\"https:\/\/www.acps-automotive.com\/hu\/termekek\/rendszerek-europanak\/rogzitett-vonoszerelvenyek\/#breadcrumb\"},\"inLanguage\":\"hu\",\"potentialAction\":[{\"@type\":\"ReadAction\",\"target\":[\"https:\/\/www.acps-automotive.com\/hu\/termekek\/rendszerek-europanak\/rogzitett-vonoszerelvenyek\/\"]}]},{\"@type\":\"ImageObject\",\"inLanguage\":\"hu\",\"@id\":\"https:\/\/www.acps-automotive.com\/hu\/termekek\/rendszerek-europanak\/rogzitett-vonoszerelvenyek\/#primaryimage\",\"url\":\"https:\/\/www.acps-automotive.com\/wp-content\/uploads\/_media\/produkte\/europa\/starre-av\/starre-av.jpg\",\"contentUrl\":\"https:\/\/www.acps-automotive.com\/wp-content\/uploads\/_media\/produkte\/europa\/starre-av\/starre-av.jpg\"},{\"@type\":\"BreadcrumbList\",\"@id\":\"https:\/\/www.acps-automotive.com\/hu\/termekek\/rendszerek-europanak\/rogzitett-vonoszerelvenyek\/#breadcrumb\",\"itemListElement\":[{\"@type\":\"ListItem\",\"position\":1,\"name\":\"Startseite\",\"item\":\"https:\/\/www.acps-automotive.com\/hu\/\"},{\"@type\":\"ListItem\",\"position\":2,\"name\":\"Term\u00e9kek\",\"item\":\"https:\/\/www.acps-automotive.com\/hu\/termekek\/\"},{\"@type\":\"ListItem\",\"position\":3,\"name\":\"Von\u00f3szerelv\u00e9nyek az eur\u00f3pai piacra\",\"item\":\"https:\/\/www.acps-automotive.com\/hu\/termekek\/rendszerek-europanak\/\"},{\"@type\":\"ListItem\",\"position\":4,\"name\":\"R\u00f6gz\u00edtett von\u00f3szerelv\u00e9nyek\"}]},{\"@type\":\"WebSite\",\"@id\":\"https:\/\/www.acps-automotive.com\/hu\/#website\",\"url\":\"https:\/\/www.acps-automotive.com\/hu\/\",\"name\":\"ACPS Automotive GmbH\",\"description\":\"Innovative Anh\u00e4ngekupplungen\",\"publisher\":{\"@id\":\"https:\/\/www.acps-automotive.com\/hu\/#organization\"},\"potentialAction\":[{\"@type\":\"SearchAction\",\"target\":{\"@type\":\"EntryPoint\",\"urlTemplate\":\"https:\/\/www.acps-automotive.com\/hu\/?s={search_term_string}\"},\"query-input\":{\"@type\":\"PropertyValueSpecification\",\"valueRequired\":true,\"valueName\":\"search_term_string\"}}],\"inLanguage\":\"hu\"},{\"@type\":\"Organization\",\"@id\":\"https:\/\/www.acps-automotive.com\/hu\/#organization\",\"name\":\"ACPS Automotive GmbH\",\"url\":\"https:\/\/www.acps-automotive.com\/hu\/\",\"logo\":{\"@type\":\"ImageObject\",\"inLanguage\":\"hu\",\"@id\":\"https:\/\/www.acps-automotive.com\/hu\/#\/schema\/logo\/image\/\",\"url\":\"https:\/\/www.acps-automotive.com\/wp-content\/uploads\/_media\/_allgemein\/Logo-Footer-ACPS-Automotive.png\",\"contentUrl\":\"https:\/\/www.acps-automotive.com\/wp-content\/uploads\/_media\/_allgemein\/Logo-Footer-ACPS-Automotive.png\",\"width\":239,\"height\":32,\"caption\":\"ACPS Automotive GmbH\"},\"image\":{\"@id\":\"https:\/\/www.acps-automotive.com\/hu\/#\/schema\/logo\/image\/\"},\"sameAs\":[\"https:\/\/x.com\/ACPS_Automotive\",\"https:\/\/www.linkedin.com\/company\/acps-automotive-gmbh\/\",\"https:\/\/www.instagram.com\/acps_ausbildung\/\",\"https:\/\/www.youtube.com\/channel\/UC2jxrgWwpxpkay2aHWV5SaQ\"]}]}<\/script>\n<!-- \/ Yoast SEO plugin. -->","yoast_head_json":{"title":"R\u00f6gz\u00edtett von\u00f3szerelv\u00e9nyek | ACPS Automotive","description":"ORIS \u2013 R\u00f6gz\u00edtett von\u00f3szerkezetek \u2713k\u00f6lts\u00e9ghat\u00e9konyak \u00e9s \u2713funkcion\u00e1lisak. \u25ba Az ide\u00e1lis megold\u00e1s az \u00d6n sz\u00e1m\u00e1ra!","robots":{"index":"index","follow":"follow","max-snippet":"max-snippet:-1","max-image-preview":"max-image-preview:large","max-video-preview":"max-video-preview:-1"},"canonical":"https:\/\/www.acps-automotive.com\/hu\/termekek\/rendszerek-europanak\/rogzitett-vonoszerelvenyek\/","og_locale":"hu_HU","og_type":"article","og_title":"R\u00f6gz\u00edtett von\u00f3szerelv\u00e9nyek | ACPS Automotive","og_description":"ORIS \u2013 R\u00f6gz\u00edtett von\u00f3szerkezetek \u2713k\u00f6lts\u00e9ghat\u00e9konyak \u00e9s \u2713funkcion\u00e1lisak. \u25ba Az ide\u00e1lis megold\u00e1s az \u00d6n sz\u00e1m\u00e1ra!","og_url":"https:\/\/www.acps-automotive.com\/hu\/termekek\/rendszerek-europanak\/rogzitett-vonoszerelvenyek\/","og_site_name":"ACPS Automotive GmbH","article_modified_time":"2026-03-10T07:51:10+00:00","og_image":[{"url":"https:\/\/www.acps-automotive.com\/wp-content\/uploads\/_media\/produkte\/europa\/starre-av\/starre-av.jpg","type":"","width":"","height":""}],"twitter_card":"summary_large_image","twitter_site":"@ACPS_Automotive","twitter_misc":{"Becs\u00fclt olvas\u00e1si id\u0151":"3 perc"},"schema":{"@context":"https:\/\/schema.org","@graph":[{"@type":"WebPage","@id":"https:\/\/www.acps-automotive.com\/hu\/termekek\/rendszerek-europanak\/rogzitett-vonoszerelvenyek\/","url":"https:\/\/www.acps-automotive.com\/hu\/termekek\/rendszerek-europanak\/rogzitett-vonoszerelvenyek\/","name":"R\u00f6gz\u00edtett von\u00f3szerelv\u00e9nyek | ACPS Automotive","isPartOf":{"@id":"https:\/\/www.acps-automotive.com\/hu\/#website"},"primaryImageOfPage":{"@id":"https:\/\/www.acps-automotive.com\/hu\/termekek\/rendszerek-europanak\/rogzitett-vonoszerelvenyek\/#primaryimage"},"image":{"@id":"https:\/\/www.acps-automotive.com\/hu\/termekek\/rendszerek-europanak\/rogzitett-vonoszerelvenyek\/#primaryimage"},"thumbnailUrl":"https:\/\/www.acps-automotive.com\/wp-content\/uploads\/_media\/produkte\/europa\/starre-av\/starre-av.jpg","datePublished":"2025-12-17T09:23:59+00:00","dateModified":"2026-03-10T07:51:10+00:00","description":"ORIS \u2013 R\u00f6gz\u00edtett von\u00f3szerkezetek \u2713k\u00f6lts\u00e9ghat\u00e9konyak \u00e9s \u2713funkcion\u00e1lisak. \u25ba Az ide\u00e1lis megold\u00e1s az \u00d6n sz\u00e1m\u00e1ra!","breadcrumb":{"@id":"https:\/\/www.acps-automotive.com\/hu\/termekek\/rendszerek-europanak\/rogzitett-vonoszerelvenyek\/#breadcrumb"},"inLanguage":"hu","potentialAction":[{"@type":"ReadAction","target":["https:\/\/www.acps-automotive.com\/hu\/termekek\/rendszerek-europanak\/rogzitett-vonoszerelvenyek\/"]}]},{"@type":"ImageObject","inLanguage":"hu","@id":"https:\/\/www.acps-automotive.com\/hu\/termekek\/rendszerek-europanak\/rogzitett-vonoszerelvenyek\/#primaryimage","url":"https:\/\/www.acps-automotive.com\/wp-content\/uploads\/_media\/produkte\/europa\/starre-av\/starre-av.jpg","contentUrl":"https:\/\/www.acps-automotive.com\/wp-content\/uploads\/_media\/produkte\/europa\/starre-av\/starre-av.jpg"},{"@type":"BreadcrumbList","@id":"https:\/\/www.acps-automotive.com\/hu\/termekek\/rendszerek-europanak\/rogzitett-vonoszerelvenyek\/#breadcrumb","itemListElement":[{"@type":"ListItem","position":1,"name":"Startseite","item":"https:\/\/www.acps-automotive.com\/hu\/"},{"@type":"ListItem","position":2,"name":"Term\u00e9kek","item":"https:\/\/www.acps-automotive.com\/hu\/termekek\/"},{"@type":"ListItem","position":3,"name":"Von\u00f3szerelv\u00e9nyek az eur\u00f3pai piacra","item":"https:\/\/www.acps-automotive.com\/hu\/termekek\/rendszerek-europanak\/"},{"@type":"ListItem","position":4,"name":"R\u00f6gz\u00edtett von\u00f3szerelv\u00e9nyek"}]},{"@type":"WebSite","@id":"https:\/\/www.acps-automotive.com\/hu\/#website","url":"https:\/\/www.acps-automotive.com\/hu\/","name":"ACPS Automotive GmbH","description":"Innovative Anh\u00e4ngekupplungen","publisher":{"@id":"https:\/\/www.acps-automotive.com\/hu\/#organization"},"potentialAction":[{"@type":"SearchAction","target":{"@type":"EntryPoint","urlTemplate":"https:\/\/www.acps-automotive.com\/hu\/?s={search_term_string}"},"query-input":{"@type":"PropertyValueSpecification","valueRequired":true,"valueName":"search_term_string"}}],"inLanguage":"hu"},{"@type":"Organization","@id":"https:\/\/www.acps-automotive.com\/hu\/#organization","name":"ACPS Automotive GmbH","url":"https:\/\/www.acps-automotive.com\/hu\/","logo":{"@type":"ImageObject","inLanguage":"hu","@id":"https:\/\/www.acps-automotive.com\/hu\/#\/schema\/logo\/image\/","url":"https:\/\/www.acps-automotive.com\/wp-content\/uploads\/_media\/_allgemein\/Logo-Footer-ACPS-Automotive.png","contentUrl":"https:\/\/www.acps-automotive.com\/wp-content\/uploads\/_media\/_allgemein\/Logo-Footer-ACPS-Automotive.png","width":239,"height":32,"caption":"ACPS Automotive GmbH"},"image":{"@id":"https:\/\/www.acps-automotive.com\/hu\/#\/schema\/logo\/image\/"},"sameAs":["https:\/\/x.com\/ACPS_Automotive","https:\/\/www.linkedin.com\/company\/acps-automotive-gmbh\/","https:\/\/www.instagram.com\/acps_ausbildung\/","https:\/\/www.youtube.com\/channel\/UC2jxrgWwpxpkay2aHWV5SaQ"]}]}},"_links":{"self":[{"href":"https:\/\/www.acps-automotive.com\/hu\/wp-json\/wp\/v2\/pages\/27560","targetHints":{"allow":["GET"]}}],"collection":[{"href":"https:\/\/www.acps-automotive.com\/hu\/wp-json\/wp\/v2\/pages"}],"about":[{"href":"https:\/\/www.acps-automotive.com\/hu\/wp-json\/wp\/v2\/types\/page"}],"author":[{"embeddable":true,"href":"https:\/\/www.acps-automotive.com\/hu\/wp-json\/wp\/v2\/users\/8"}],"replies":[{"embeddable":true,"href":"https:\/\/www.acps-automotive.com\/hu\/wp-json\/wp\/v2\/comments?post=27560"}],"version-history":[{"count":8,"href":"https:\/\/www.acps-automotive.com\/hu\/wp-json\/wp\/v2\/pages\/27560\/revisions"}],"predecessor-version":[{"id":29147,"href":"https:\/\/www.acps-automotive.com\/hu\/wp-json\/wp\/v2\/pages\/27560\/revisions\/29147"}],"up":[{"embeddable":true,"href":"https:\/\/www.acps-automotive.com\/hu\/wp-json\/wp\/v2\/pages\/27527"}],"wp:attachment":[{"href":"https:\/\/www.acps-automotive.com\/hu\/wp-json\/wp\/v2\/media?parent=27560"}],"curies":[{"name":"wp","href":"https:\/\/api.w.org\/{rel}","templated":true}]}}