{"id":27539,"date":"2025-12-17T10:18:27","date_gmt":"2025-12-17T09:18:27","guid":{"rendered":"https:\/\/www.acps-automotive.com\/?page_id=27539"},"modified":"2026-03-10T08:47:40","modified_gmt":"2026-03-10T07:47:40","slug":"fix4bike","status":"publish","type":"page","link":"https:\/\/www.acps-automotive.com\/hu\/termekek\/rendszerek-europanak\/fix4bike\/","title":{"rendered":"FIX4BIKE"},"content":{"rendered":"<div class=\"vgblk-rw-wrapper limit-wrapper\">\n\n\t<h1><strong>FIX4BIKE<sup>\u00ae<\/sup><\/strong><br \/>\nA rendszer<\/h1>\n\t\t\tFIX4BIKE<sup>\u00ae<\/sup> von\u00f3szerelv\u00e9nyek\t\t\n\t\t\tFIX4BIKE<sup>\u00ae<\/sup> ker\u00e9kp\u00e1rtart\u00f3\t\t\n\t\t\t\t<p><strong>FIX4BIKE<sup>\u00ae <\/sup>von\u00f3szerelv\u00e9nyek<\/strong>A FIX4BIKE<sup>\u00ae<\/sup> von\u00f3horog \u00e9s a FIX4BIKE<sup>\u00ae<\/sup> ker\u00e9kp\u00e1rtart\u00f3 megjelen\u00e9se \u00f3ta m\u00e9g soha nem volt ilyen egyszer\u0171 ker\u00e9kp\u00e1rtart\u00f3t r\u00f6gz\u00edteni egy von\u00f3horogra.El\u0151ny\u00f6k<\/p><ul><li>Optim\u00e1lis kezelhet\u0151s\u00e9g<\/li><li>Gyors szerel\u00e9s<\/li><li>\u00d6nbe\u00e1ll\u00f3, stabil poz\u00edci\u00f3 &#8211; nincs sz\u00fcks\u00e9g k\u00f6r\u00fclm\u00e9nyes \u201ekiegyens\u00falyoz\u00e1sra&#8221;<\/li><li>Egykattint\u00e1sos rendszer automatikus \u00e9s akusztikus reteszel\u00e9ssel<\/li><li>Formaz\u00e1r\u00e1s alap\u00fa reteszel\u00e9s a szok\u00e1sos szor\u00edt\u00e1s (s\u00farl\u00f3d\u00e1sos z\u00e1r\u00e1s) helyett<\/li><li>Biztons\u00e1gos \u00e9s tart\u00f3s r\u00f6gz\u00edt\u00e9s extr\u00e9m helyzetekben is (teljes f\u00e9kez\u00e9s \u00e9s kit\u00e9r\u0151 man\u0151ver)<\/li><li>Maxim\u00e1lis terhel\u00e9s: ak\u00e1r 100 kg a szok\u00e1sos 75 kg helyett<\/li><li>A hagyom\u00e1nyos p\u00f3tkocsik \u00e9s hordoz\u00f3 rendszerek tov\u00e1bbra is korl\u00e1toz\u00e1s n\u00e9lk\u00fcl haszn\u00e1lhat\u00f3k<\/li><li>A vezet\u0151 aut\u00f3gy\u00e1rt\u00f3k a FIX4BIKE<sup>\u00ae<\/sup>-ra t\u00e1maszkodnak, \u00e9s bevezett\u00e9k ezt a funkci\u00f3t<\/li><\/ul><img loading=\"lazy\" decoding=\"async\" src=\"https:\/\/www.acps-automotive.com\/wp-content\/uploads\/_media\/produkte\/europa\/fix4bike\/fix4bike.jpg\" alt=\"FIX4BIKE\" width=\"730\" height=\"720\" \/>\t\t\t\n\t\t\t\t<p><strong>FIX4BIKE<sup>\u00ae<\/sup> ker\u00e9kp\u00e1rtart\u00f3<\/strong><br \/>A FIX4BIKE<sup>\u00ae<\/sup> ker\u00e9kp\u00e1rtart\u00f3 ugyanilyen gyorsan, egyetlen mozdulattal leszerelhet\u0151 a FIX4BIKE<sup>\u00ae<\/sup> von\u00f3horogr\u00f3l.El\u0151ny\u00f6k<\/p><ul><li>A formak\u00f6vet\u0151 r\u00f6gz\u00edt\u00e9snek k\u00f6sz\u00f6nhet\u0151en a tart\u00f3 nem cs\u00faszhat el \u00e9s nem d\u0151lhet meg<\/li><li>Felhelyez\u00e9skor mag\u00e1t\u00f3l r\u00f6gz\u00fcl, \u00e9s a FIX4BIKE<sup>\u00ae<\/sup> von\u00f3szerkezetnek k\u00f6sz\u00f6nhet\u0151en mindig v\u00edzszintes helyzetben marad<\/li><li>A FIX4BIKE<sup>\u00ae<\/sup> ker\u00e9kp\u00e1rtart\u00f3 egy mozdulattal leszerelhet\u0151 &#8211; a foganty\u00fat megh\u00fazva k\u00f6nnyed\u00e9n kioldhat\u00f3 a r\u00f6gz\u00edt\u00e9s, \u00edgy a tart\u00f3 k\u00f6nnyen elt\u00e1vol\u00edthat\u00f3<\/li><\/ul><img loading=\"lazy\" decoding=\"async\" src=\"https:\/\/www.acps-automotive.com\/wp-content\/uploads\/_media\/produkte\/europa\/fix4bike\/fix4bike-fahrradtraeger.jpg\" alt=\"FIXMATIC\" width=\"730\" height=\"720\" \/>\t\t\t\n\t<p><img loading=\"lazy\" decoding=\"async\" src=\"https:\/\/www.acps-automotive.com\/wp-content\/uploads\/_media\/produkte\/europa\/fix4bike\/bild01.jpg\" alt=\"FIX4BIKE Bild01\" width=\"410\" height=\"600\" \/><\/p>\n\t<p><img loading=\"lazy\" decoding=\"async\" src=\"https:\/\/www.acps-automotive.com\/wp-content\/uploads\/_media\/produkte\/europa\/fix4bike\/bild02.jpg\" alt=\"FIX4BIKE Bild02\" width=\"855\" height=\"440\" \/><\/p>\n\t<p><img loading=\"lazy\" decoding=\"async\" src=\"https:\/\/www.acps-automotive.com\/wp-content\/uploads\/_media\/produkte\/europa\/fix4bike\/bild03.jpg\" alt=\"FIX4BIKE Bild03\" width=\"410\" height=\"300\" \/><\/p>\n\t<p><img loading=\"lazy\" decoding=\"async\" src=\"https:\/\/www.acps-automotive.com\/wp-content\/uploads\/_media\/produkte\/europa\/fix4bike\/bild04.jpg\" alt=\"FIX4BIKE Bild04\" width=\"410\" height=\"300\" \/><\/p>\n\t<h2>Innovat\u00edv<br \/>\n<strong>\u00f6sszek\u00f6ttet\u00e9s<\/strong><\/h2>\nAz ORIS innovat\u00edv FIX4BIKE<sup>\u00ae<\/sup> von\u00f3szerelv\u00e9ny\u00e9vel biztons\u00e1gos \u00e9s stabil kapcsolatot biztos\u00edt a ker\u00e9khordoz\u00f3 \u00e9s a von\u00f3horog k\u00f6z\u00f6tt.<br \/>\nA szok\u00e1sos r\u00f6gz\u00edt\u00e9s helyett, amikor a tart\u00f3 a g\u00f6mb\u00f6n van r\u00f6gz\u00edtve, a FIX4BIKE<sup>\u00ae<\/sup> eset\u00e9ben a ker\u00e9kp\u00e1rtart\u00f3 formak\u00f6vet\u0151 m\u00f3don \u00e9s egy\u00e9rtelm\u0171en meghat\u00e1rozott poz\u00edci\u00f3ban kapcsol\u00f3dik a von\u00f3horoghoz. Ez k\u00e9t tov\u00e1bbi csap seg\u00edts\u00e9g\u00e9vel t\u00f6rt\u00e9nik a g\u00f6mb alatt. Ez a kapcsolat nemcsak biztons\u00e1gos, hanem a ker\u00e9kp\u00e1rtart\u00f3 nagyon egyszer\u0171 felszerel\u00e9s\u00e9t \u00e9s leszerel\u00e9s\u00e9t is lehet\u0151v\u00e9 teszi. A megfelel\u0151 ker\u00e9khordoz\u00f3 automatikusan, hallhat\u00f3 kattan\u00e1ssal reteszel\u0151dik, \u00edgy a felszerel\u00e9s gyors, gyerekj\u00e1t\u00e9k \u00e9s biztons\u00e1gos. Az egyszer\u0171 kezel\u00e9s mellett a FIX4BIKE<sup>\u00ae<\/sup> nagyobb teherb\u00edr\u00e1st is biztos\u00edt, mint a r\u00f6gz\u00edt\u0151 rendszer.<br \/>\n\u00d6sszess\u00e9g\u00e9ben a FIX4BIKE<sup>\u00ae<\/sup> rendszer jelent\u0151s el\u0151nyt jelent azoknak a felhaszn\u00e1l\u00f3knak, akik fontosnak tartj\u00e1k az egyszer\u0171 kezelhet\u0151s\u00e9get, a nagy biztons\u00e1got \u00e9s a magas teherb\u00edr\u00e1st.\n\t<h4><strong>Tov\u00e1bbi von\u00f3szerelv\u00e9nyek<\/strong><br \/>\naz eur\u00f3pai piacra<\/h4>\n\t<a href=\"https:\/\/www.acps-automotive.com\/hu\/termekek\/rendszerek-europanak\/tovabbi-berendezesek\/\">Tov\u00e1bbi<br \/>\nberendez\u00e9sek<\/a>\n<p><a href=\"https:\/\/www.acps-automotive.com\/hu\/termekek\/rendszerek-europanak\/tovabbi-berendezesek\/\"><img loading=\"lazy\" decoding=\"async\" src=\"https:\/\/www.acps-automotive.com\/wp-content\/uploads\/_media\/produkte\/europa\/uebersicht\/weitere-vorrichtungen-300x250.jpg\" alt=\"Weitere Vorrichtungen\" width=\"300\" height=\"250\" \/><\/a><\/p>\n\t<a href=\"https:\/\/www.acps-automotive.com\/hu\/termekek\/rendszerek-europanak\/forgathato-vonoszerelvenyek\/\">Forgathat\u00f3<br \/>\nvon\u00f3szerelv\u00e9nyek<\/a>\n<p><a href=\"https:\/\/www.acps-automotive.com\/hu\/termekek\/rendszerek-europanak\/forgathato-vonoszerelvenyek\/\"><img loading=\"lazy\" decoding=\"async\" src=\"\/wp-content\/uploads\/_media\/produkte\/europa\/uebersicht\/schwenkbare-anhanegevorrichtungen-300x250.jpg\" alt=\"Schwenkbare Anh\u00e4ngevorrichtungen\" width=\"300\" height=\"250\" \/><\/a><\/p>\n\t<a href=\"https:\/\/www.acps-automotive.com\/hu\/termekek\/rendszerek-europanak\/leszerelheto-vonoszerelvenyek\/\">Leszerelhet\u0151<br \/>\nvon\u00f3szerelv\u00e9nyek<\/a>\n<p><a href=\"https:\/\/www.acps-automotive.com\/hu\/termekek\/rendszerek-europanak\/leszerelheto-vonoszerelvenyek\/\"><img loading=\"lazy\" decoding=\"async\" src=\"\/wp-content\/uploads\/_media\/produkte\/europa\/uebersicht\/abnehmbare-anhanegevorrichtungen-300x250.jpg\" alt=\"Abnehmbare Anh\u00e4ngevorrichtungen\" width=\"300\" height=\"250\" \/><\/a><\/p>\n\t<h2>K\u00e9rd\u00e9se van?<br \/>\n<strong>Tan\u00e1csot adunk<br \/>\n<\/strong><\/h2>\n<p>Ha k\u00e9rd\u00e9se van a von\u00f3szerkezeteinkkel kapcsolatban, k\u00e9rj\u00fck, vegye fel vel\u00fcnk a kapcsolatot.<\/p>\n<p><a href=\"https:\/\/www.acps-automotive.com\/hu\/kapcsolatfelvetel\/kapcsolatfelveteli-urlap\/\"><img loading=\"lazy\" decoding=\"async\" src=\"https:\/\/www.acps-automotive.com\/wp-content\/uploads\/_media\/_allgemein\/pfeil-gross-dunkelblau.png\" alt=\"Pfeil gross dunkelblau\" width=\"67\" height=\"45\" \/>Kapcsolat<\/a><\/p>\n<p>&nbsp;<\/p>\n\n<\/div><!-- .vgblk-rw-wrapper -->","protected":false},"excerpt":{"rendered":"<p>FIX4BIKE\u00ae A rendszer FIX4BIKE\u00ae von\u00f3szerelv\u00e9nyek FIX4BIKE\u00ae ker\u00e9kp\u00e1rtart\u00f3 FIX4BIKE\u00ae von\u00f3szerelv\u00e9nyekA FIX4BIKE\u00ae von\u00f3horog \u00e9s a FIX4BIKE\u00ae ker\u00e9kp\u00e1rtart\u00f3 megjelen\u00e9se \u00f3ta m\u00e9g soha nem volt ilyen egyszer\u0171 ker\u00e9kp\u00e1rtart\u00f3t r\u00f6gz\u00edteni egy von\u00f3horogra.El\u0151ny\u00f6k Optim\u00e1lis kezelhet\u0151s\u00e9g Gyors szerel\u00e9s \u00d6nbe\u00e1ll\u00f3, stabil poz\u00edci\u00f3 &#8211; nincs sz\u00fcks\u00e9g k\u00f6r\u00fclm\u00e9nyes \u201ekiegyens\u00falyoz\u00e1sra&#8221; Egykattint\u00e1sos rendszer automatikus \u00e9s akusztikus reteszel\u00e9ssel Formaz\u00e1r\u00e1s alap\u00fa reteszel\u00e9s a szok\u00e1sos szor\u00edt\u00e1s (s\u00farl\u00f3d\u00e1sos z\u00e1r\u00e1s) helyett Biztons\u00e1gos&#8230;<\/p>\n","protected":false},"author":8,"featured_media":0,"parent":27527,"menu_order":0,"comment_status":"closed","ping_status":"closed","template":"","meta":{"inline_featured_image":false,"_price":"","_stock":"","_tribe_ticket_header":"","_tribe_default_ticket_provider":"","_tribe_ticket_capacity":"0","_ticket_start_date":"","_ticket_end_date":"","_tribe_ticket_show_description":"","_tribe_ticket_show_not_going":false,"_tribe_ticket_use_global_stock":"","_tribe_ticket_global_stock_level":"","_global_stock_mode":"","_global_stock_cap":"","_tribe_rsvp_for_event":"","_tribe_ticket_going_count":"","_tribe_ticket_not_going_count":"","_tribe_tickets_list":"[]","_tribe_ticket_has_attendee_info_fields":false,"footnotes":""},"class_list":["post-27539","page","type-page","status-publish","hentry"],"yoast_head":"<!-- This site is optimized with the Yoast SEO plugin v27.2 - https:\/\/yoast.com\/product\/yoast-seo-wordpress\/ -->\n<title>FIX4BIKE | ACPS Automotive<\/title>\n<meta name=\"description\" content=\"Vil\u00e1gszint\u0171 innov\u00e1ci\u00f3 FIX4BIKE: A legjobb h\u00e1ts\u00f3 csomagtart\u00f3 megold\u00e1s a k\u00fcl\u00f6n\u00f6sen biztons\u00e1gos r\u00f6gz\u00edt\u00e9shez. \u25ba N\u00e9zze meg most az el\u0151ny\u00f6ket!\" \/>\n<meta name=\"robots\" content=\"index, follow, max-snippet:-1, max-image-preview:large, max-video-preview:-1\" \/>\n<link rel=\"canonical\" href=\"https:\/\/www.acps-automotive.com\/hu\/termekek\/rendszerek-europanak\/fix4bike\/\" \/>\n<meta property=\"og:locale\" content=\"hu_HU\" \/>\n<meta property=\"og:type\" content=\"article\" \/>\n<meta property=\"og:title\" content=\"FIX4BIKE | ACPS Automotive\" \/>\n<meta property=\"og:description\" content=\"Vil\u00e1gszint\u0171 innov\u00e1ci\u00f3 FIX4BIKE: A legjobb h\u00e1ts\u00f3 csomagtart\u00f3 megold\u00e1s a k\u00fcl\u00f6n\u00f6sen biztons\u00e1gos r\u00f6gz\u00edt\u00e9shez. \u25ba N\u00e9zze meg most az el\u0151ny\u00f6ket!\" \/>\n<meta property=\"og:url\" content=\"https:\/\/www.acps-automotive.com\/hu\/termekek\/rendszerek-europanak\/fix4bike\/\" \/>\n<meta property=\"og:site_name\" content=\"ACPS Automotive GmbH\" \/>\n<meta property=\"article:modified_time\" content=\"2026-03-10T07:47:40+00:00\" \/>\n<meta property=\"og:image\" content=\"https:\/\/www.acps-automotive.com\/wp-content\/uploads\/_media\/produkte\/europa\/fix4bike\/fix4bike.jpg\" \/>\n<meta name=\"twitter:card\" content=\"summary_large_image\" \/>\n<meta name=\"twitter:site\" content=\"@ACPS_Automotive\" \/>\n<meta name=\"twitter:label1\" content=\"Becs\u00fclt olvas\u00e1si id\u0151\" \/>\n\t<meta name=\"twitter:data1\" content=\"4 perc\" \/>\n<script type=\"application\/ld+json\" class=\"yoast-schema-graph\">{\"@context\":\"https:\/\/schema.org\",\"@graph\":[{\"@type\":\"WebPage\",\"@id\":\"https:\/\/www.acps-automotive.com\/hu\/termekek\/rendszerek-europanak\/fix4bike\/\",\"url\":\"https:\/\/www.acps-automotive.com\/hu\/termekek\/rendszerek-europanak\/fix4bike\/\",\"name\":\"FIX4BIKE | ACPS Automotive\",\"isPartOf\":{\"@id\":\"https:\/\/www.acps-automotive.com\/hu\/#website\"},\"primaryImageOfPage\":{\"@id\":\"https:\/\/www.acps-automotive.com\/hu\/termekek\/rendszerek-europanak\/fix4bike\/#primaryimage\"},\"image\":{\"@id\":\"https:\/\/www.acps-automotive.com\/hu\/termekek\/rendszerek-europanak\/fix4bike\/#primaryimage\"},\"thumbnailUrl\":\"https:\/\/www.acps-automotive.com\/wp-content\/uploads\/_media\/produkte\/europa\/fix4bike\/fix4bike.jpg\",\"datePublished\":\"2025-12-17T09:18:27+00:00\",\"dateModified\":\"2026-03-10T07:47:40+00:00\",\"description\":\"Vil\u00e1gszint\u0171 innov\u00e1ci\u00f3 FIX4BIKE: A legjobb h\u00e1ts\u00f3 csomagtart\u00f3 megold\u00e1s a k\u00fcl\u00f6n\u00f6sen biztons\u00e1gos r\u00f6gz\u00edt\u00e9shez. \u25ba N\u00e9zze meg most az el\u0151ny\u00f6ket!\",\"breadcrumb\":{\"@id\":\"https:\/\/www.acps-automotive.com\/hu\/termekek\/rendszerek-europanak\/fix4bike\/#breadcrumb\"},\"inLanguage\":\"hu\",\"potentialAction\":[{\"@type\":\"ReadAction\",\"target\":[\"https:\/\/www.acps-automotive.com\/hu\/termekek\/rendszerek-europanak\/fix4bike\/\"]}]},{\"@type\":\"ImageObject\",\"inLanguage\":\"hu\",\"@id\":\"https:\/\/www.acps-automotive.com\/hu\/termekek\/rendszerek-europanak\/fix4bike\/#primaryimage\",\"url\":\"https:\/\/www.acps-automotive.com\/wp-content\/uploads\/_media\/produkte\/europa\/fix4bike\/fix4bike.jpg\",\"contentUrl\":\"https:\/\/www.acps-automotive.com\/wp-content\/uploads\/_media\/produkte\/europa\/fix4bike\/fix4bike.jpg\"},{\"@type\":\"BreadcrumbList\",\"@id\":\"https:\/\/www.acps-automotive.com\/hu\/termekek\/rendszerek-europanak\/fix4bike\/#breadcrumb\",\"itemListElement\":[{\"@type\":\"ListItem\",\"position\":1,\"name\":\"Startseite\",\"item\":\"https:\/\/www.acps-automotive.com\/hu\/\"},{\"@type\":\"ListItem\",\"position\":2,\"name\":\"Term\u00e9kek\",\"item\":\"https:\/\/www.acps-automotive.com\/hu\/termekek\/\"},{\"@type\":\"ListItem\",\"position\":3,\"name\":\"Von\u00f3szerelv\u00e9nyek az eur\u00f3pai piacra\",\"item\":\"https:\/\/www.acps-automotive.com\/hu\/termekek\/rendszerek-europanak\/\"},{\"@type\":\"ListItem\",\"position\":4,\"name\":\"FIX4BIKE\"}]},{\"@type\":\"WebSite\",\"@id\":\"https:\/\/www.acps-automotive.com\/hu\/#website\",\"url\":\"https:\/\/www.acps-automotive.com\/hu\/\",\"name\":\"ACPS Automotive GmbH\",\"description\":\"Innovative Anh\u00e4ngekupplungen\",\"publisher\":{\"@id\":\"https:\/\/www.acps-automotive.com\/hu\/#organization\"},\"potentialAction\":[{\"@type\":\"SearchAction\",\"target\":{\"@type\":\"EntryPoint\",\"urlTemplate\":\"https:\/\/www.acps-automotive.com\/hu\/?s={search_term_string}\"},\"query-input\":{\"@type\":\"PropertyValueSpecification\",\"valueRequired\":true,\"valueName\":\"search_term_string\"}}],\"inLanguage\":\"hu\"},{\"@type\":\"Organization\",\"@id\":\"https:\/\/www.acps-automotive.com\/hu\/#organization\",\"name\":\"ACPS Automotive GmbH\",\"url\":\"https:\/\/www.acps-automotive.com\/hu\/\",\"logo\":{\"@type\":\"ImageObject\",\"inLanguage\":\"hu\",\"@id\":\"https:\/\/www.acps-automotive.com\/hu\/#\/schema\/logo\/image\/\",\"url\":\"https:\/\/www.acps-automotive.com\/wp-content\/uploads\/_media\/_allgemein\/Logo-Footer-ACPS-Automotive.png\",\"contentUrl\":\"https:\/\/www.acps-automotive.com\/wp-content\/uploads\/_media\/_allgemein\/Logo-Footer-ACPS-Automotive.png\",\"width\":239,\"height\":32,\"caption\":\"ACPS Automotive GmbH\"},\"image\":{\"@id\":\"https:\/\/www.acps-automotive.com\/hu\/#\/schema\/logo\/image\/\"},\"sameAs\":[\"https:\/\/x.com\/ACPS_Automotive\",\"https:\/\/www.linkedin.com\/company\/acps-automotive-gmbh\/\",\"https:\/\/www.instagram.com\/acps_ausbildung\/\",\"https:\/\/www.youtube.com\/channel\/UC2jxrgWwpxpkay2aHWV5SaQ\"]}]}<\/script>\n<!-- \/ Yoast SEO plugin. -->","yoast_head_json":{"title":"FIX4BIKE | ACPS Automotive","description":"Vil\u00e1gszint\u0171 innov\u00e1ci\u00f3 FIX4BIKE: A legjobb h\u00e1ts\u00f3 csomagtart\u00f3 megold\u00e1s a k\u00fcl\u00f6n\u00f6sen biztons\u00e1gos r\u00f6gz\u00edt\u00e9shez. \u25ba N\u00e9zze meg most az el\u0151ny\u00f6ket!","robots":{"index":"index","follow":"follow","max-snippet":"max-snippet:-1","max-image-preview":"max-image-preview:large","max-video-preview":"max-video-preview:-1"},"canonical":"https:\/\/www.acps-automotive.com\/hu\/termekek\/rendszerek-europanak\/fix4bike\/","og_locale":"hu_HU","og_type":"article","og_title":"FIX4BIKE | ACPS Automotive","og_description":"Vil\u00e1gszint\u0171 innov\u00e1ci\u00f3 FIX4BIKE: A legjobb h\u00e1ts\u00f3 csomagtart\u00f3 megold\u00e1s a k\u00fcl\u00f6n\u00f6sen biztons\u00e1gos r\u00f6gz\u00edt\u00e9shez. \u25ba N\u00e9zze meg most az el\u0151ny\u00f6ket!","og_url":"https:\/\/www.acps-automotive.com\/hu\/termekek\/rendszerek-europanak\/fix4bike\/","og_site_name":"ACPS Automotive GmbH","article_modified_time":"2026-03-10T07:47:40+00:00","og_image":[{"url":"https:\/\/www.acps-automotive.com\/wp-content\/uploads\/_media\/produkte\/europa\/fix4bike\/fix4bike.jpg","type":"","width":"","height":""}],"twitter_card":"summary_large_image","twitter_site":"@ACPS_Automotive","twitter_misc":{"Becs\u00fclt olvas\u00e1si id\u0151":"4 perc"},"schema":{"@context":"https:\/\/schema.org","@graph":[{"@type":"WebPage","@id":"https:\/\/www.acps-automotive.com\/hu\/termekek\/rendszerek-europanak\/fix4bike\/","url":"https:\/\/www.acps-automotive.com\/hu\/termekek\/rendszerek-europanak\/fix4bike\/","name":"FIX4BIKE | ACPS Automotive","isPartOf":{"@id":"https:\/\/www.acps-automotive.com\/hu\/#website"},"primaryImageOfPage":{"@id":"https:\/\/www.acps-automotive.com\/hu\/termekek\/rendszerek-europanak\/fix4bike\/#primaryimage"},"image":{"@id":"https:\/\/www.acps-automotive.com\/hu\/termekek\/rendszerek-europanak\/fix4bike\/#primaryimage"},"thumbnailUrl":"https:\/\/www.acps-automotive.com\/wp-content\/uploads\/_media\/produkte\/europa\/fix4bike\/fix4bike.jpg","datePublished":"2025-12-17T09:18:27+00:00","dateModified":"2026-03-10T07:47:40+00:00","description":"Vil\u00e1gszint\u0171 innov\u00e1ci\u00f3 FIX4BIKE: A legjobb h\u00e1ts\u00f3 csomagtart\u00f3 megold\u00e1s a k\u00fcl\u00f6n\u00f6sen biztons\u00e1gos r\u00f6gz\u00edt\u00e9shez. \u25ba N\u00e9zze meg most az el\u0151ny\u00f6ket!","breadcrumb":{"@id":"https:\/\/www.acps-automotive.com\/hu\/termekek\/rendszerek-europanak\/fix4bike\/#breadcrumb"},"inLanguage":"hu","potentialAction":[{"@type":"ReadAction","target":["https:\/\/www.acps-automotive.com\/hu\/termekek\/rendszerek-europanak\/fix4bike\/"]}]},{"@type":"ImageObject","inLanguage":"hu","@id":"https:\/\/www.acps-automotive.com\/hu\/termekek\/rendszerek-europanak\/fix4bike\/#primaryimage","url":"https:\/\/www.acps-automotive.com\/wp-content\/uploads\/_media\/produkte\/europa\/fix4bike\/fix4bike.jpg","contentUrl":"https:\/\/www.acps-automotive.com\/wp-content\/uploads\/_media\/produkte\/europa\/fix4bike\/fix4bike.jpg"},{"@type":"BreadcrumbList","@id":"https:\/\/www.acps-automotive.com\/hu\/termekek\/rendszerek-europanak\/fix4bike\/#breadcrumb","itemListElement":[{"@type":"ListItem","position":1,"name":"Startseite","item":"https:\/\/www.acps-automotive.com\/hu\/"},{"@type":"ListItem","position":2,"name":"Term\u00e9kek","item":"https:\/\/www.acps-automotive.com\/hu\/termekek\/"},{"@type":"ListItem","position":3,"name":"Von\u00f3szerelv\u00e9nyek az eur\u00f3pai piacra","item":"https:\/\/www.acps-automotive.com\/hu\/termekek\/rendszerek-europanak\/"},{"@type":"ListItem","position":4,"name":"FIX4BIKE"}]},{"@type":"WebSite","@id":"https:\/\/www.acps-automotive.com\/hu\/#website","url":"https:\/\/www.acps-automotive.com\/hu\/","name":"ACPS Automotive GmbH","description":"Innovative Anh\u00e4ngekupplungen","publisher":{"@id":"https:\/\/www.acps-automotive.com\/hu\/#organization"},"potentialAction":[{"@type":"SearchAction","target":{"@type":"EntryPoint","urlTemplate":"https:\/\/www.acps-automotive.com\/hu\/?s={search_term_string}"},"query-input":{"@type":"PropertyValueSpecification","valueRequired":true,"valueName":"search_term_string"}}],"inLanguage":"hu"},{"@type":"Organization","@id":"https:\/\/www.acps-automotive.com\/hu\/#organization","name":"ACPS Automotive GmbH","url":"https:\/\/www.acps-automotive.com\/hu\/","logo":{"@type":"ImageObject","inLanguage":"hu","@id":"https:\/\/www.acps-automotive.com\/hu\/#\/schema\/logo\/image\/","url":"https:\/\/www.acps-automotive.com\/wp-content\/uploads\/_media\/_allgemein\/Logo-Footer-ACPS-Automotive.png","contentUrl":"https:\/\/www.acps-automotive.com\/wp-content\/uploads\/_media\/_allgemein\/Logo-Footer-ACPS-Automotive.png","width":239,"height":32,"caption":"ACPS Automotive GmbH"},"image":{"@id":"https:\/\/www.acps-automotive.com\/hu\/#\/schema\/logo\/image\/"},"sameAs":["https:\/\/x.com\/ACPS_Automotive","https:\/\/www.linkedin.com\/company\/acps-automotive-gmbh\/","https:\/\/www.instagram.com\/acps_ausbildung\/","https:\/\/www.youtube.com\/channel\/UC2jxrgWwpxpkay2aHWV5SaQ"]}]}},"_links":{"self":[{"href":"https:\/\/www.acps-automotive.com\/hu\/wp-json\/wp\/v2\/pages\/27539","targetHints":{"allow":["GET"]}}],"collection":[{"href":"https:\/\/www.acps-automotive.com\/hu\/wp-json\/wp\/v2\/pages"}],"about":[{"href":"https:\/\/www.acps-automotive.com\/hu\/wp-json\/wp\/v2\/types\/page"}],"author":[{"embeddable":true,"href":"https:\/\/www.acps-automotive.com\/hu\/wp-json\/wp\/v2\/users\/8"}],"replies":[{"embeddable":true,"href":"https:\/\/www.acps-automotive.com\/hu\/wp-json\/wp\/v2\/comments?post=27539"}],"version-history":[{"count":9,"href":"https:\/\/www.acps-automotive.com\/hu\/wp-json\/wp\/v2\/pages\/27539\/revisions"}],"predecessor-version":[{"id":29146,"href":"https:\/\/www.acps-automotive.com\/hu\/wp-json\/wp\/v2\/pages\/27539\/revisions\/29146"}],"up":[{"embeddable":true,"href":"https:\/\/www.acps-automotive.com\/hu\/wp-json\/wp\/v2\/pages\/27527"}],"wp:attachment":[{"href":"https:\/\/www.acps-automotive.com\/hu\/wp-json\/wp\/v2\/media?parent=27539"}],"curies":[{"name":"wp","href":"https:\/\/api.w.org\/{rel}","templated":true}]}}