{"id":27533,"date":"2025-12-17T10:21:42","date_gmt":"2025-12-17T09:21:42","guid":{"rendered":"https:\/\/www.acps-automotive.com\/?page_id=27533"},"modified":"2026-03-10T08:37:10","modified_gmt":"2026-03-10T07:37:10","slug":"leszerelheto-vonoszerelvenyek","status":"publish","type":"page","link":"https:\/\/www.acps-automotive.com\/hu\/termekek\/rendszerek-europanak\/leszerelheto-vonoszerelvenyek\/","title":{"rendered":"Leszerelhet\u0151 von\u00f3szerelv\u00e9nyek"},"content":{"rendered":"<div class=\"vgblk-rw-wrapper limit-wrapper\">\n\n\t<h1><strong>Leszerelhet\u0151<\/strong><br \/>\nVon\u00f3szerelv\u00e9nyek<\/h1>\n\t\t\tF\u00fcgg\u0151legesen elt\u00e1vol\u00edthat\u00f3\t\t\n\t\t\tV\u00edzszintesen elt\u00e1vol\u00edthat\u00f3\t\t\n\t\t\t\t<p><strong>F\u00fcgg\u0151legesen leszerelhet\u0151 von\u00f3szerelv\u00e9nyek<\/strong>Az ACPS Automotive m\u00e1r a 70-es \u00e9vekben piacra dobta az els\u0151 \u201eleszerelhet\u0151 von\u00f3horogokat&#8221;. A kezel\u00e9s\u00fck \u00e9s m\u0171k\u00f6d\u00e9s\u00fck egyszer\u0171: ha a rendszerre nincs sz\u00fcks\u00e9g, a g\u00f6mbfejet egyszer\u0171en le lehet szerelni.<h5>El\u0151ny\u00f6k<\/h5><ul><li>A g\u00f6mbcsatlakoz\u00f3 csak haszn\u00e1latkor ker\u00fcl felszerel\u00e9sre. Semmi sem zavarja a j\u00e1rm\u0171 megjelen\u00e9s\u00e9t.<\/li><li>A g\u00f6mbcsatlakoz\u00f3 a rendszerhez alulr\u00f3l, f\u00fcgg\u0151legesen ker\u00fcl felszerel\u00e9sre.<\/li><li>Az ACPS Automotive levehet\u0151 von\u00f3horogjai teljesen automatikusan reteszel\u0151dnek &#8211; ez plusz k\u00e9nyelmet \u00e9s biztons\u00e1got jelent.<\/li><li>A g\u00f6mbcsatlakoz\u00f3 lop\u00e1sg\u00e1tl\u00f3 z\u00e1rral van ell\u00e1tva.<\/li><li>FIX4BIKE<sup>\u00ae<\/sup> funkci\u00f3val.<\/li><\/ul><img loading=\"lazy\" decoding=\"async\" src=\"https:\/\/www.acps-automotive.com\/wp-content\/uploads\/_media\/produkte\/europa\/abnehmbare-av\/abnehmbare-av-vertikal.jpg\" alt=\"Abnehmbare Anh\u00e4ngevorrichtung Vertikal\" width=\"730\" height=\"720\" \/><h5>\u00a0<\/h5><h5>M\u0171szaki adatok<\/h5><table border=\"0\" width=\"100%\"><tbody><tr><td>D-\u00e9rt\u00e9k*<\/td><td>ak\u00e1r 16,8 kN<\/td><\/tr><tr><td>Tart\u00f3terhel\u00e9s<\/td><td>ak\u00e1r 220 kg<\/td><\/tr><tr><td>Csatlakoz\u00f3 terhel\u00e9s<\/td><td>ak\u00e1r 3.500 kg<\/td><\/tr><\/tbody><\/table>* A D-\u00e9rt\u00e9k egy meghat\u00e1rozott er\u0151\u00e9rt\u00e9k, amely mag\u00e1ban foglalja a vontat\u00f3 j\u00e1rm\u0171 megengedett \u00f6sszt\u00f6meg\u00e9t \u00e9s a p\u00f3tkocsi maxim\u00e1lis megengedett \u00f6sszt\u00f6meg\u00e9t.<strong>Az itt megadott adatok nem felelnek meg j\u00e1rm\u0171ve specifikus k\u00f6vetelm\u00e9nyeinek?\u00a0<\/strong><br \/>Akkor <a href=\"https:\/\/www.acps-automotive.com\/hu\/kapcsolatfelvetel\/kapcsolatfelveteli-urlap\/\">vegye fel vel\u00fcnk a kapcsolatot<\/a>, mert egyedi alkatr\u00e9szeket \u00e9s megold\u00e1sokat is fejleszt\u00fcnk.<\/p>\t\t\t\n\t\t\t\t<p><strong>V\u00edzszintesen leszerelhet\u0151 von\u00f3szerelv\u00e9nyek<br \/><\/strong><br \/>A v\u00edzszintesen elt\u00e1vol\u00edthat\u00f3 g\u00f6mbfej a f\u00fcgg\u0151legesen felszerelt rendszer alternat\u00edv\u00e1ja. Az egy\u00e9ni be\u00e9p\u00edt\u00e9si hely \u00e9s a speci\u00e1lis k\u00f6vetelm\u00e9nyek f\u00fcggv\u00e9ny\u00e9ben \u00fcgyfeleink az egyik vagy a m\u00e1sik rendszer mellett d\u00f6ntenek. A v\u00edzszintesen felszerelt g\u00f6mbfej is gyorsan \u00e9s egyszer\u0171en felszerelhet\u0151 \u00e9s elt\u00e1vol\u00edthat\u00f3. A g\u00f6mbfej elt\u00e1vol\u00edt\u00e1sa ut\u00e1n a rendszer k\u00f6nnyen l\u00e1that\u00f3. Alig vannak optikai tervez\u00e9si korl\u00e1toz\u00e1sok.<h5>El\u0151ny\u00f6k<\/h5><ul><li>A g\u00f6mbfej kiz\u00e1r\u00f3lag haszn\u00e1latkor ker\u00fcl alkalmaz\u00e1sra. A rendszer maga a leszerelt g\u00f6mbfejjel is alig l\u00e1that\u00f3. Ez\u00e1ltal alig zavarja a j\u00e1rm\u0171 megjelen\u00e9s\u00e9t.<\/li><li>A g\u00f6mbfej v\u00edzszintesen ker\u00fcl felszerel\u00e9sre a rendszerre.<\/li><li>Az ACPS Automotive levehet\u0151 von\u00f3horogjai teljesen automatikusan reteszel\u0151dnek, ami nagy megb\u00edzhat\u00f3s\u00e1got \u00e9s egyszer\u0171 kezelhet\u0151s\u00e9get biztos\u00edt.<\/li><li>A g\u00f6mbfej lop\u00e1sg\u00e1tl\u00f3 z\u00e1rral van ell\u00e1tva.<\/li><\/ul><img loading=\"lazy\" decoding=\"async\" src=\"https:\/\/www.acps-automotive.com\/wp-content\/uploads\/_media\/produkte\/europa\/abnehmbare-av\/abnehmbare-av-horizontal.jpg\" alt=\"Abnehmbare Anh\u00e4ngevorrichtung Horizontal\" width=\"730\" height=\"720\" \/><h5>\u00a0<\/h5><h5>M\u0171szaki adatok<\/h5><table border=\"0\" width=\"100%\"><tbody><tr><td>D-\u00e9rt\u00e9k*<\/td><td>ak\u00e1r 13 kN<\/td><\/tr><tr><td>T\u00e1maszterhel\u00e9s<\/td><td>ak\u00e1r 150 kg<\/td><\/tr><tr><td>Csatlakoz\u00f3 terhel\u00e9s<\/td><td>ak\u00e1r 2.500 kg<\/td><\/tr><\/tbody><\/table>* A D-\u00e9rt\u00e9k egy meghat\u00e1rozott er\u0151\u00e9rt\u00e9k, amely mag\u00e1ban foglalja a vontat\u00f3 j\u00e1rm\u0171 megengedett \u00f6sszt\u00f6meg\u00e9t \u00e9s a p\u00f3tkocsi maxim\u00e1lis megengedett \u00f6sszt\u00f6meg\u00e9t.<strong>Az itt megadott adatok nem felelnek meg j\u00e1rm\u0171v\u00e9nek specifikus k\u00f6vetelm\u00e9nyeinek?<\/strong><br \/>Akkor <a href=\"https:\/\/www.acps-automotive.com\/hu\/kapcsolatfelvetel\/kapcsolatfelveteli-urlap\/\">vegye fel vel\u00fcnk a kapcsolatot<\/a>, mert egyedi alkatr\u00e9szeket \u00e9s megold\u00e1sokat is fejleszt\u00fcnk.<\/p>\t\t\t\n\t<p><img loading=\"lazy\" decoding=\"async\" src=\"https:\/\/www.acps-automotive.com\/wp-content\/uploads\/_media\/produkte\/europa\/abnehmbare-av\/bild01.jpg\" alt=\"Abnehmbare Anh\u00e4ngevorrichtungen Bild01\" width=\"410\" height=\"600\" \/><\/p>\n\t<p><img loading=\"lazy\" decoding=\"async\" src=\"https:\/\/www.acps-automotive.com\/wp-content\/uploads\/_media\/produkte\/europa\/abnehmbare-av\/bild02.jpg\" alt=\"Abnehmbare Anh\u00e4ngevorrichtungen Bild02\" width=\"855\" height=\"440\" \/><\/p>\n\t<p><img loading=\"lazy\" decoding=\"async\" src=\"https:\/\/www.acps-automotive.com\/wp-content\/uploads\/_media\/produkte\/europa\/abnehmbare-av\/bild03.jpg\" alt=\"Abnehmbare Anh\u00e4ngevorrichtungen Bild03\" width=\"410\" height=\"300\" \/><\/p>\n\t<p><img loading=\"lazy\" decoding=\"async\" src=\"https:\/\/www.acps-automotive.com\/wp-content\/uploads\/_media\/produkte\/europa\/abnehmbare-av\/bild04.jpg\" alt=\"Abnehmbare Anh\u00e4ngevorrichtungen Bild04\" width=\"410\" height=\"300\" \/><\/p>\n\t<h2><strong>\u00dcgyf\u00e9lig\u00e9nyekhez igaz\u00edtott<\/strong><br \/>\nelektromos k\u00e9szletek<\/h2>\n<p>A p\u00f3tkocsikhoz illeszked\u0151 elektromos k\u00e9szleteket a neves vezet\u00e9kk\u00e9szlet-gy\u00e1rt\u00f3kkal egy\u00fcttm\u0171k\u00f6dve, az \u00fcgyfelek ig\u00e9nyeinek megfelel\u0151en fejlesztj\u00fck ki. Rendszereinket az aut\u00f3gy\u00e1rt\u00f3k \u00e9s azok hivatalos keresked\u0151i sz\u00e1m\u00e1ra k\u00edn\u00e1ljuk gy\u00e1rt\u00f3sori felszerel\u00e9sre vagy ut\u00f3lagos felszerel\u00e9sre. Ezenk\u00edv\u00fcl mindk\u00e9t ter\u00fclethez p\u00f3talkatr\u00e9szek is rendelkez\u00e9sre \u00e1llnak.<\/p>\n\t<h4><strong>Tov\u00e1bbi von\u00f3szerelv\u00e9nyek\u00a0<\/strong><br \/>\naz eur\u00f3pai piacra<\/h4>\n\t<a href=\"https:\/\/www.acps-automotive.com\/hu\/termekek\/rendszerek-europanak\/rogzitett-vonoszerelvenyek\/\">R\u00f6gz\u00edtett<br \/>\nvon\u00f3szerelv\u00e9nyek<\/a>\n<p><a href=\"https:\/\/www.acps-automotive.com\/hu\/termekek\/rendszerek-europanak\/rogzitett-vonoszerelvenyek\/\"><img loading=\"lazy\" decoding=\"async\" src=\"\/wp-content\/uploads\/_media\/produkte\/europa\/uebersicht\/fixe-anhanegevorrichtungen-300x250.jpg\" alt=\"Starre Anh\u00e4ngevorrichtungen\" width=\"300\" height=\"250\" \/><\/a><\/p>\n\t<a href=\"https:\/\/www.acps-automotive.com\/hu\/termekek\/rendszerek-europanak\/fix4bike\/\">FIX4BIKE<sup>\u00ae<\/sup><br \/>\na rendszer<br \/>\n<\/a>\n<p><a href=\"https:\/\/www.acps-automotive.com\/hu\/termekek\/rendszerek-europanak\/fix4bike\/\"><img loading=\"lazy\" decoding=\"async\" src=\"https:\/\/www.acps-automotive.com\/wp-content\/uploads\/_media\/produkte\/europa\/uebersicht\/fix4bike-300x250.jpg\" alt=\"FIX4BIKE\" width=\"300\" height=\"250\" \/><\/a><\/p>\n\t<a href=\"https:\/\/www.acps-automotive.com\/hu\/termekek\/rendszerek-europanak\/tovabbi-berendezesek\/\"> Tov\u00e1bbi<br \/>\nberendez\u00e9sek<br \/>\n<\/a>\n<p><a href=\"https:\/\/www.acps-automotive.com\/hu\/termekek\/rendszerek-europanak\/tovabbi-berendezesek\/\"><img loading=\"lazy\" decoding=\"async\" src=\"https:\/\/www.acps-automotive.com\/wp-content\/uploads\/_media\/produkte\/europa\/uebersicht\/weitere-vorrichtungen-300x250.jpg\" alt=\"Weitere Vorrichtungen\" width=\"300\" height=\"250\" \/><\/a><\/p>\n\t<h2>K\u00e9rd\u00e9se van?<br \/>\n<strong>Tan\u00e1csot adunk<br \/>\n<\/strong><\/h2>\n<p>Ha k\u00e9rd\u00e9se van a von\u00f3szerkezeteinkkel kapcsolatban, k\u00e9rj\u00fck, vegye fel vel\u00fcnk a kapcsolatot.<\/p>\n<p><a href=\"https:\/\/www.acps-automotive.com\/hu\/kapcsolatfelvetel\/kapcsolatfelveteli-urlap\/\"><img loading=\"lazy\" decoding=\"async\" src=\"https:\/\/www.acps-automotive.com\/wp-content\/uploads\/_media\/_allgemein\/pfeil-gross-dunkelblau.png\" alt=\"Pfeil gross dunkelblau\" width=\"67\" height=\"45\" \/>Kapcsolat<\/a><\/p>\n<p>&nbsp;<\/p>\n\n<\/div><!-- .vgblk-rw-wrapper -->","protected":false},"excerpt":{"rendered":"<p>Leszerelhet\u0151 Von\u00f3szerelv\u00e9nyek F\u00fcgg\u0151legesen elt\u00e1vol\u00edthat\u00f3 V\u00edzszintesen elt\u00e1vol\u00edthat\u00f3 F\u00fcgg\u0151legesen leszerelhet\u0151 von\u00f3szerelv\u00e9nyekAz ACPS Automotive m\u00e1r a 70-es \u00e9vekben piacra dobta az els\u0151 \u201eleszerelhet\u0151 von\u00f3horogokat&#8221;. A kezel\u00e9s\u00fck \u00e9s m\u0171k\u00f6d\u00e9s\u00fck egyszer\u0171: ha a rendszerre nincs sz\u00fcks\u00e9g, a g\u00f6mbfejet egyszer\u0171en le lehet szerelni. El\u0151ny\u00f6k A g\u00f6mbcsatlakoz\u00f3 csak haszn\u00e1latkor ker\u00fcl felszerel\u00e9sre. Semmi sem zavarja a j\u00e1rm\u0171 megjelen\u00e9s\u00e9t. A g\u00f6mbcsatlakoz\u00f3 a rendszerhez alulr\u00f3l,&#8230;<\/p>\n","protected":false},"author":8,"featured_media":0,"parent":27527,"menu_order":0,"comment_status":"closed","ping_status":"closed","template":"","meta":{"inline_featured_image":false,"_price":"","_stock":"","_tribe_ticket_header":"","_tribe_default_ticket_provider":"","_tribe_ticket_capacity":"0","_ticket_start_date":"","_ticket_end_date":"","_tribe_ticket_show_description":"","_tribe_ticket_show_not_going":false,"_tribe_ticket_use_global_stock":"","_tribe_ticket_global_stock_level":"","_global_stock_mode":"","_global_stock_cap":"","_tribe_rsvp_for_event":"","_tribe_ticket_going_count":"","_tribe_ticket_not_going_count":"","_tribe_tickets_list":"[]","_tribe_ticket_has_attendee_info_fields":false,"footnotes":""},"class_list":["post-27533","page","type-page","status-publish","hentry"],"yoast_head":"<!-- This site is optimized with the Yoast SEO plugin v27.2 - https:\/\/yoast.com\/product\/yoast-seo-wordpress\/ -->\n<title>Leszerelhet\u0151 von\u00f3szerelv\u00e9nyek | ACPS Automotive<\/title>\n<meta name=\"description\" content=\"Leszerelhet\u0151 von\u00f3horog \u2713f\u00fcgg\u0151legesen leszerelhet\u0151 \u2713v\u00edzszintesen leszerelhet\u0151 \u25ba Tov\u00e1bbi k\u00e9nyelem \u00e9s biztons\u00e1g!\" \/>\n<meta name=\"robots\" content=\"index, follow, max-snippet:-1, max-image-preview:large, max-video-preview:-1\" \/>\n<link rel=\"canonical\" href=\"https:\/\/www.acps-automotive.com\/hu\/termekek\/rendszerek-europanak\/leszerelheto-vonoszerelvenyek\/\" \/>\n<meta property=\"og:locale\" content=\"hu_HU\" \/>\n<meta property=\"og:type\" content=\"article\" \/>\n<meta property=\"og:title\" content=\"Leszerelhet\u0151 von\u00f3szerelv\u00e9nyek | ACPS Automotive\" \/>\n<meta property=\"og:description\" content=\"Leszerelhet\u0151 von\u00f3horog \u2713f\u00fcgg\u0151legesen leszerelhet\u0151 \u2713v\u00edzszintesen leszerelhet\u0151 \u25ba Tov\u00e1bbi k\u00e9nyelem \u00e9s biztons\u00e1g!\" \/>\n<meta property=\"og:url\" content=\"https:\/\/www.acps-automotive.com\/hu\/termekek\/rendszerek-europanak\/leszerelheto-vonoszerelvenyek\/\" \/>\n<meta property=\"og:site_name\" content=\"ACPS Automotive GmbH\" \/>\n<meta property=\"article:modified_time\" content=\"2026-03-10T07:37:10+00:00\" \/>\n<meta property=\"og:image\" content=\"https:\/\/www.acps-automotive.com\/wp-content\/uploads\/_media\/produkte\/europa\/abnehmbare-av\/abnehmbare-av-vertikal.jpg\" \/>\n<meta name=\"twitter:card\" content=\"summary_large_image\" \/>\n<meta name=\"twitter:site\" content=\"@ACPS_Automotive\" \/>\n<meta name=\"twitter:label1\" content=\"Becs\u00fclt olvas\u00e1si id\u0151\" \/>\n\t<meta name=\"twitter:data1\" content=\"5 perc\" \/>\n<script type=\"application\/ld+json\" class=\"yoast-schema-graph\">{\"@context\":\"https:\/\/schema.org\",\"@graph\":[{\"@type\":\"WebPage\",\"@id\":\"https:\/\/www.acps-automotive.com\/hu\/termekek\/rendszerek-europanak\/leszerelheto-vonoszerelvenyek\/\",\"url\":\"https:\/\/www.acps-automotive.com\/hu\/termekek\/rendszerek-europanak\/leszerelheto-vonoszerelvenyek\/\",\"name\":\"Leszerelhet\u0151 von\u00f3szerelv\u00e9nyek | ACPS Automotive\",\"isPartOf\":{\"@id\":\"https:\/\/www.acps-automotive.com\/hu\/#website\"},\"primaryImageOfPage\":{\"@id\":\"https:\/\/www.acps-automotive.com\/hu\/termekek\/rendszerek-europanak\/leszerelheto-vonoszerelvenyek\/#primaryimage\"},\"image\":{\"@id\":\"https:\/\/www.acps-automotive.com\/hu\/termekek\/rendszerek-europanak\/leszerelheto-vonoszerelvenyek\/#primaryimage\"},\"thumbnailUrl\":\"https:\/\/www.acps-automotive.com\/wp-content\/uploads\/_media\/produkte\/europa\/abnehmbare-av\/abnehmbare-av-vertikal.jpg\",\"datePublished\":\"2025-12-17T09:21:42+00:00\",\"dateModified\":\"2026-03-10T07:37:10+00:00\",\"description\":\"Leszerelhet\u0151 von\u00f3horog \u2713f\u00fcgg\u0151legesen leszerelhet\u0151 \u2713v\u00edzszintesen leszerelhet\u0151 \u25ba Tov\u00e1bbi k\u00e9nyelem \u00e9s biztons\u00e1g!\",\"breadcrumb\":{\"@id\":\"https:\/\/www.acps-automotive.com\/hu\/termekek\/rendszerek-europanak\/leszerelheto-vonoszerelvenyek\/#breadcrumb\"},\"inLanguage\":\"hu\",\"potentialAction\":[{\"@type\":\"ReadAction\",\"target\":[\"https:\/\/www.acps-automotive.com\/hu\/termekek\/rendszerek-europanak\/leszerelheto-vonoszerelvenyek\/\"]}]},{\"@type\":\"ImageObject\",\"inLanguage\":\"hu\",\"@id\":\"https:\/\/www.acps-automotive.com\/hu\/termekek\/rendszerek-europanak\/leszerelheto-vonoszerelvenyek\/#primaryimage\",\"url\":\"https:\/\/www.acps-automotive.com\/wp-content\/uploads\/_media\/produkte\/europa\/abnehmbare-av\/abnehmbare-av-vertikal.jpg\",\"contentUrl\":\"https:\/\/www.acps-automotive.com\/wp-content\/uploads\/_media\/produkte\/europa\/abnehmbare-av\/abnehmbare-av-vertikal.jpg\"},{\"@type\":\"BreadcrumbList\",\"@id\":\"https:\/\/www.acps-automotive.com\/hu\/termekek\/rendszerek-europanak\/leszerelheto-vonoszerelvenyek\/#breadcrumb\",\"itemListElement\":[{\"@type\":\"ListItem\",\"position\":1,\"name\":\"Startseite\",\"item\":\"https:\/\/www.acps-automotive.com\/hu\/\"},{\"@type\":\"ListItem\",\"position\":2,\"name\":\"Term\u00e9kek\",\"item\":\"https:\/\/www.acps-automotive.com\/hu\/termekek\/\"},{\"@type\":\"ListItem\",\"position\":3,\"name\":\"Von\u00f3szerelv\u00e9nyek az eur\u00f3pai piacra\",\"item\":\"https:\/\/www.acps-automotive.com\/hu\/termekek\/rendszerek-europanak\/\"},{\"@type\":\"ListItem\",\"position\":4,\"name\":\"Leszerelhet\u0151 von\u00f3szerelv\u00e9nyek\"}]},{\"@type\":\"WebSite\",\"@id\":\"https:\/\/www.acps-automotive.com\/hu\/#website\",\"url\":\"https:\/\/www.acps-automotive.com\/hu\/\",\"name\":\"ACPS Automotive GmbH\",\"description\":\"Innovative Anh\u00e4ngekupplungen\",\"publisher\":{\"@id\":\"https:\/\/www.acps-automotive.com\/hu\/#organization\"},\"potentialAction\":[{\"@type\":\"SearchAction\",\"target\":{\"@type\":\"EntryPoint\",\"urlTemplate\":\"https:\/\/www.acps-automotive.com\/hu\/?s={search_term_string}\"},\"query-input\":{\"@type\":\"PropertyValueSpecification\",\"valueRequired\":true,\"valueName\":\"search_term_string\"}}],\"inLanguage\":\"hu\"},{\"@type\":\"Organization\",\"@id\":\"https:\/\/www.acps-automotive.com\/hu\/#organization\",\"name\":\"ACPS Automotive GmbH\",\"url\":\"https:\/\/www.acps-automotive.com\/hu\/\",\"logo\":{\"@type\":\"ImageObject\",\"inLanguage\":\"hu\",\"@id\":\"https:\/\/www.acps-automotive.com\/hu\/#\/schema\/logo\/image\/\",\"url\":\"https:\/\/www.acps-automotive.com\/wp-content\/uploads\/_media\/_allgemein\/Logo-Footer-ACPS-Automotive.png\",\"contentUrl\":\"https:\/\/www.acps-automotive.com\/wp-content\/uploads\/_media\/_allgemein\/Logo-Footer-ACPS-Automotive.png\",\"width\":239,\"height\":32,\"caption\":\"ACPS Automotive GmbH\"},\"image\":{\"@id\":\"https:\/\/www.acps-automotive.com\/hu\/#\/schema\/logo\/image\/\"},\"sameAs\":[\"https:\/\/x.com\/ACPS_Automotive\",\"https:\/\/www.linkedin.com\/company\/acps-automotive-gmbh\/\",\"https:\/\/www.instagram.com\/acps_ausbildung\/\",\"https:\/\/www.youtube.com\/channel\/UC2jxrgWwpxpkay2aHWV5SaQ\"]}]}<\/script>\n<!-- \/ Yoast SEO plugin. -->","yoast_head_json":{"title":"Leszerelhet\u0151 von\u00f3szerelv\u00e9nyek | ACPS Automotive","description":"Leszerelhet\u0151 von\u00f3horog \u2713f\u00fcgg\u0151legesen leszerelhet\u0151 \u2713v\u00edzszintesen leszerelhet\u0151 \u25ba Tov\u00e1bbi k\u00e9nyelem \u00e9s biztons\u00e1g!","robots":{"index":"index","follow":"follow","max-snippet":"max-snippet:-1","max-image-preview":"max-image-preview:large","max-video-preview":"max-video-preview:-1"},"canonical":"https:\/\/www.acps-automotive.com\/hu\/termekek\/rendszerek-europanak\/leszerelheto-vonoszerelvenyek\/","og_locale":"hu_HU","og_type":"article","og_title":"Leszerelhet\u0151 von\u00f3szerelv\u00e9nyek | ACPS Automotive","og_description":"Leszerelhet\u0151 von\u00f3horog \u2713f\u00fcgg\u0151legesen leszerelhet\u0151 \u2713v\u00edzszintesen leszerelhet\u0151 \u25ba Tov\u00e1bbi k\u00e9nyelem \u00e9s biztons\u00e1g!","og_url":"https:\/\/www.acps-automotive.com\/hu\/termekek\/rendszerek-europanak\/leszerelheto-vonoszerelvenyek\/","og_site_name":"ACPS Automotive GmbH","article_modified_time":"2026-03-10T07:37:10+00:00","og_image":[{"url":"https:\/\/www.acps-automotive.com\/wp-content\/uploads\/_media\/produkte\/europa\/abnehmbare-av\/abnehmbare-av-vertikal.jpg","type":"","width":"","height":""}],"twitter_card":"summary_large_image","twitter_site":"@ACPS_Automotive","twitter_misc":{"Becs\u00fclt olvas\u00e1si id\u0151":"5 perc"},"schema":{"@context":"https:\/\/schema.org","@graph":[{"@type":"WebPage","@id":"https:\/\/www.acps-automotive.com\/hu\/termekek\/rendszerek-europanak\/leszerelheto-vonoszerelvenyek\/","url":"https:\/\/www.acps-automotive.com\/hu\/termekek\/rendszerek-europanak\/leszerelheto-vonoszerelvenyek\/","name":"Leszerelhet\u0151 von\u00f3szerelv\u00e9nyek | ACPS Automotive","isPartOf":{"@id":"https:\/\/www.acps-automotive.com\/hu\/#website"},"primaryImageOfPage":{"@id":"https:\/\/www.acps-automotive.com\/hu\/termekek\/rendszerek-europanak\/leszerelheto-vonoszerelvenyek\/#primaryimage"},"image":{"@id":"https:\/\/www.acps-automotive.com\/hu\/termekek\/rendszerek-europanak\/leszerelheto-vonoszerelvenyek\/#primaryimage"},"thumbnailUrl":"https:\/\/www.acps-automotive.com\/wp-content\/uploads\/_media\/produkte\/europa\/abnehmbare-av\/abnehmbare-av-vertikal.jpg","datePublished":"2025-12-17T09:21:42+00:00","dateModified":"2026-03-10T07:37:10+00:00","description":"Leszerelhet\u0151 von\u00f3horog \u2713f\u00fcgg\u0151legesen leszerelhet\u0151 \u2713v\u00edzszintesen leszerelhet\u0151 \u25ba Tov\u00e1bbi k\u00e9nyelem \u00e9s biztons\u00e1g!","breadcrumb":{"@id":"https:\/\/www.acps-automotive.com\/hu\/termekek\/rendszerek-europanak\/leszerelheto-vonoszerelvenyek\/#breadcrumb"},"inLanguage":"hu","potentialAction":[{"@type":"ReadAction","target":["https:\/\/www.acps-automotive.com\/hu\/termekek\/rendszerek-europanak\/leszerelheto-vonoszerelvenyek\/"]}]},{"@type":"ImageObject","inLanguage":"hu","@id":"https:\/\/www.acps-automotive.com\/hu\/termekek\/rendszerek-europanak\/leszerelheto-vonoszerelvenyek\/#primaryimage","url":"https:\/\/www.acps-automotive.com\/wp-content\/uploads\/_media\/produkte\/europa\/abnehmbare-av\/abnehmbare-av-vertikal.jpg","contentUrl":"https:\/\/www.acps-automotive.com\/wp-content\/uploads\/_media\/produkte\/europa\/abnehmbare-av\/abnehmbare-av-vertikal.jpg"},{"@type":"BreadcrumbList","@id":"https:\/\/www.acps-automotive.com\/hu\/termekek\/rendszerek-europanak\/leszerelheto-vonoszerelvenyek\/#breadcrumb","itemListElement":[{"@type":"ListItem","position":1,"name":"Startseite","item":"https:\/\/www.acps-automotive.com\/hu\/"},{"@type":"ListItem","position":2,"name":"Term\u00e9kek","item":"https:\/\/www.acps-automotive.com\/hu\/termekek\/"},{"@type":"ListItem","position":3,"name":"Von\u00f3szerelv\u00e9nyek az eur\u00f3pai piacra","item":"https:\/\/www.acps-automotive.com\/hu\/termekek\/rendszerek-europanak\/"},{"@type":"ListItem","position":4,"name":"Leszerelhet\u0151 von\u00f3szerelv\u00e9nyek"}]},{"@type":"WebSite","@id":"https:\/\/www.acps-automotive.com\/hu\/#website","url":"https:\/\/www.acps-automotive.com\/hu\/","name":"ACPS Automotive GmbH","description":"Innovative Anh\u00e4ngekupplungen","publisher":{"@id":"https:\/\/www.acps-automotive.com\/hu\/#organization"},"potentialAction":[{"@type":"SearchAction","target":{"@type":"EntryPoint","urlTemplate":"https:\/\/www.acps-automotive.com\/hu\/?s={search_term_string}"},"query-input":{"@type":"PropertyValueSpecification","valueRequired":true,"valueName":"search_term_string"}}],"inLanguage":"hu"},{"@type":"Organization","@id":"https:\/\/www.acps-automotive.com\/hu\/#organization","name":"ACPS Automotive GmbH","url":"https:\/\/www.acps-automotive.com\/hu\/","logo":{"@type":"ImageObject","inLanguage":"hu","@id":"https:\/\/www.acps-automotive.com\/hu\/#\/schema\/logo\/image\/","url":"https:\/\/www.acps-automotive.com\/wp-content\/uploads\/_media\/_allgemein\/Logo-Footer-ACPS-Automotive.png","contentUrl":"https:\/\/www.acps-automotive.com\/wp-content\/uploads\/_media\/_allgemein\/Logo-Footer-ACPS-Automotive.png","width":239,"height":32,"caption":"ACPS Automotive GmbH"},"image":{"@id":"https:\/\/www.acps-automotive.com\/hu\/#\/schema\/logo\/image\/"},"sameAs":["https:\/\/x.com\/ACPS_Automotive","https:\/\/www.linkedin.com\/company\/acps-automotive-gmbh\/","https:\/\/www.instagram.com\/acps_ausbildung\/","https:\/\/www.youtube.com\/channel\/UC2jxrgWwpxpkay2aHWV5SaQ"]}]}},"_links":{"self":[{"href":"https:\/\/www.acps-automotive.com\/hu\/wp-json\/wp\/v2\/pages\/27533","targetHints":{"allow":["GET"]}}],"collection":[{"href":"https:\/\/www.acps-automotive.com\/hu\/wp-json\/wp\/v2\/pages"}],"about":[{"href":"https:\/\/www.acps-automotive.com\/hu\/wp-json\/wp\/v2\/types\/page"}],"author":[{"embeddable":true,"href":"https:\/\/www.acps-automotive.com\/hu\/wp-json\/wp\/v2\/users\/8"}],"replies":[{"embeddable":true,"href":"https:\/\/www.acps-automotive.com\/hu\/wp-json\/wp\/v2\/comments?post=27533"}],"version-history":[{"count":11,"href":"https:\/\/www.acps-automotive.com\/hu\/wp-json\/wp\/v2\/pages\/27533\/revisions"}],"predecessor-version":[{"id":29144,"href":"https:\/\/www.acps-automotive.com\/hu\/wp-json\/wp\/v2\/pages\/27533\/revisions\/29144"}],"up":[{"embeddable":true,"href":"https:\/\/www.acps-automotive.com\/hu\/wp-json\/wp\/v2\/pages\/27527"}],"wp:attachment":[{"href":"https:\/\/www.acps-automotive.com\/hu\/wp-json\/wp\/v2\/media?parent=27533"}],"curies":[{"name":"wp","href":"https:\/\/api.w.org\/{rel}","templated":true}]}}