{"id":27509,"date":"2025-12-17T11:08:52","date_gmt":"2025-12-17T10:08:52","guid":{"rendered":"https:\/\/www.acps-automotive.com\/?page_id=27509"},"modified":"2026-03-09T13:28:51","modified_gmt":"2026-03-09T12:28:51","slug":"ugyfel-referencia-lista","status":"publish","type":"page","link":"https:\/\/www.acps-automotive.com\/hu\/vallalatok\/ugyfel-referencia-lista\/","title":{"rendered":"\u00dcgyf\u00e9l-\/referencia lista"},"content":{"rendered":"<div class=\"vgblk-rw-wrapper limit-wrapper\">\n\n\t<h1><strong>Referenci\u00e1k<\/strong><br \/>\nSikeres egy\u00fcttm\u0171k\u00f6d\u00e9s<\/h1>\n\t<img loading=\"lazy\" decoding=\"async\" src=\"https:\/\/www.acps-automotive.com\/wp-content\/uploads\/_media\/_allgemein\/pfeil-text-einleitung.png\" alt=\"Pfeil Text Einleitung\" width=\"46\" height=\"69\" \/><br \/>\nA nagy aut\u00f3gy\u00e1rt\u00f3k \u00fcgyfeleink, \u00e9s sz\u00e1munkra a legjobb elismer\u00e9s, hogy hozz\u00e1j\u00e1rulhatunk ezeknek a v\u00e1llalatoknak a siker\u00e9hez. Sz\u00e1mukra innovat\u00edv \u00e9s biztons\u00e1gos megold\u00e1sokat fejleszt\u00fcnk, amelyek pontosan megfelelnek az ig\u00e9nyeiknek.\n\t<h2><strong>A<\/strong><\/h2>\n\t<p>Audi<\/p>\n\t<h2><strong>B<\/strong><\/h2>\n\t<p>BMW<\/p>\n\t<h2><strong>C<\/strong><\/h2>\n\t<p>Citro\u00ebn<\/p>\n<p>Cupra<\/p>\n\t<h2><strong>D<\/strong><\/h2>\n\t<p>DS Automobiles<\/p>\n\t<h2><strong>F<\/strong><\/h2>\n\t<p>Ford<\/p>\n\t<h2><strong>G<\/strong><\/h2>\n\t<p>Geely<\/p>\n<p>General Motors<\/p>\n<p>Great Wall Motors<\/p>\n\t<h2><strong>H<\/strong><\/h2>\n\t<p>Honda<\/p>\n<p>Hyundai<\/p>\n\t<h2><strong>L<\/strong><\/h2>\n\t<p>Lexus<\/p>\n<p>Lotus<\/p>\n<p>Lucid Motors<\/p>\n\t<h2><strong>M<\/strong><\/h2>\n\t<p>MAN<\/p>\n<p>Mazda<\/p>\n<p>Mercedes-Benz<\/p>\n<p>Mini<\/p>\n<p>Mitsubishi<\/p>\n\t<h2><strong>N<\/strong><\/h2>\n\t<p>Nissan<\/p>\n\t<h2><strong>O<\/strong><\/h2>\n\t<p>Opel<\/p>\n\t<h2><strong>P<\/strong><\/h2>\n\t<p>Peugeot<\/p>\n<p>Polestar<\/p>\n<p>Porsche<\/p>\n\t<h2><strong>R<\/strong><\/h2>\n\t<p>Renault<\/p>\n<p>Rivian<\/p>\n<p>Rolls Royce<\/p>\n\t<h2><strong>S<\/strong><\/h2>\n\t<p>SAL<\/p>\n<p>Seat<\/p>\n<p>Skoda<\/p>\n<p>Smart<\/p>\n<p>Stellantis<\/p>\n<p>Subaru<\/p>\n<p>Suzuki<\/p>\n\t<h2><strong>T<\/strong><\/h2>\n\t<p>Tesla<\/p>\n<p>Toyota<\/p>\n\t<h2><strong>V<\/strong><\/h2>\n\t<p>Volkswagen<\/p>\n<p>Volvo<\/p>\n\t<h2><strong>X<\/strong><\/h2>\n\t<p>Xpeng<\/p>\n\n<\/div><!-- .vgblk-rw-wrapper -->","protected":false},"excerpt":{"rendered":"<p>Referenci\u00e1k Sikeres egy\u00fcttm\u0171k\u00f6d\u00e9s A nagy aut\u00f3gy\u00e1rt\u00f3k \u00fcgyfeleink, \u00e9s sz\u00e1munkra a legjobb elismer\u00e9s, hogy hozz\u00e1j\u00e1rulhatunk ezeknek a v\u00e1llalatoknak a siker\u00e9hez. Sz\u00e1mukra innovat\u00edv \u00e9s biztons\u00e1gos megold\u00e1sokat fejleszt\u00fcnk, amelyek pontosan megfelelnek az ig\u00e9nyeiknek. A Audi B BMW C Citro\u00ebn Cupra D DS Automobiles F Ford G Geely General Motors Great Wall Motors H Honda Hyundai L Lexus Lotus&#8230;<\/p>\n","protected":false},"author":8,"featured_media":0,"parent":28081,"menu_order":6,"comment_status":"closed","ping_status":"closed","template":"","meta":{"inline_featured_image":false,"_price":"","_stock":"","_tribe_ticket_header":"","_tribe_default_ticket_provider":"","_tribe_ticket_capacity":"0","_ticket_start_date":"","_ticket_end_date":"","_tribe_ticket_show_description":"","_tribe_ticket_show_not_going":false,"_tribe_ticket_use_global_stock":"","_tribe_ticket_global_stock_level":"","_global_stock_mode":"","_global_stock_cap":"","_tribe_rsvp_for_event":"","_tribe_ticket_going_count":"","_tribe_ticket_not_going_count":"","_tribe_tickets_list":"[]","_tribe_ticket_has_attendee_info_fields":false,"footnotes":""},"class_list":["post-27509","page","type-page","status-publish","hentry"],"yoast_head":"<!-- This site is optimized with the Yoast SEO plugin v27.2 - https:\/\/yoast.com\/product\/yoast-seo-wordpress\/ -->\n<title>\u00dcgyf\u00e9l-\/referencia lista | ACPS Automotive<\/title>\n<meta name=\"description\" content=\"P\u00f3tkocsi- \u00e9s hordoz\u00f3 rendszereinkkel megold\u00e1sokat k\u00edn\u00e1lunk az aut\u00f3gy\u00e1rt\u00f3knak. \u25baVessen egy pillant\u00e1st referenci\u00e1inkra.\" \/>\n<meta name=\"robots\" content=\"index, follow, max-snippet:-1, max-image-preview:large, max-video-preview:-1\" \/>\n<link rel=\"canonical\" href=\"https:\/\/www.acps-automotive.com\/hu\/vallalatok\/ugyfel-referencia-lista\/\" \/>\n<meta property=\"og:locale\" content=\"hu_HU\" \/>\n<meta property=\"og:type\" content=\"article\" \/>\n<meta property=\"og:title\" content=\"\u00dcgyf\u00e9l-\/referencia lista | ACPS Automotive\" \/>\n<meta property=\"og:description\" content=\"P\u00f3tkocsi- \u00e9s hordoz\u00f3 rendszereinkkel megold\u00e1sokat k\u00edn\u00e1lunk az aut\u00f3gy\u00e1rt\u00f3knak. \u25baVessen egy pillant\u00e1st referenci\u00e1inkra.\" \/>\n<meta property=\"og:url\" content=\"https:\/\/www.acps-automotive.com\/hu\/vallalatok\/ugyfel-referencia-lista\/\" \/>\n<meta property=\"og:site_name\" content=\"ACPS Automotive GmbH\" \/>\n<meta property=\"article:modified_time\" content=\"2026-03-09T12:28:51+00:00\" \/>\n<meta property=\"og:image\" content=\"https:\/\/www.acps-automotive.com\/wp-content\/uploads\/_media\/_allgemein\/pfeil-text-einleitung.png\" \/>\n<meta name=\"twitter:card\" content=\"summary_large_image\" \/>\n<meta name=\"twitter:site\" content=\"@ACPS_Automotive\" \/>\n<meta name=\"twitter:label1\" content=\"Becs\u00fclt olvas\u00e1si id\u0151\" \/>\n\t<meta name=\"twitter:data1\" content=\"1 perc\" \/>\n<script type=\"application\/ld+json\" class=\"yoast-schema-graph\">{\"@context\":\"https:\/\/schema.org\",\"@graph\":[{\"@type\":\"WebPage\",\"@id\":\"https:\/\/www.acps-automotive.com\/hu\/vallalatok\/ugyfel-referencia-lista\/\",\"url\":\"https:\/\/www.acps-automotive.com\/hu\/vallalatok\/ugyfel-referencia-lista\/\",\"name\":\"\u00dcgyf\u00e9l-\/referencia lista | ACPS Automotive\",\"isPartOf\":{\"@id\":\"https:\/\/www.acps-automotive.com\/hu\/#website\"},\"primaryImageOfPage\":{\"@id\":\"https:\/\/www.acps-automotive.com\/hu\/vallalatok\/ugyfel-referencia-lista\/#primaryimage\"},\"image\":{\"@id\":\"https:\/\/www.acps-automotive.com\/hu\/vallalatok\/ugyfel-referencia-lista\/#primaryimage\"},\"thumbnailUrl\":\"https:\/\/www.acps-automotive.com\/wp-content\/uploads\/_media\/_allgemein\/pfeil-text-einleitung.png\",\"datePublished\":\"2025-12-17T10:08:52+00:00\",\"dateModified\":\"2026-03-09T12:28:51+00:00\",\"description\":\"P\u00f3tkocsi- \u00e9s hordoz\u00f3 rendszereinkkel megold\u00e1sokat k\u00edn\u00e1lunk az aut\u00f3gy\u00e1rt\u00f3knak. \u25baVessen egy pillant\u00e1st referenci\u00e1inkra.\",\"breadcrumb\":{\"@id\":\"https:\/\/www.acps-automotive.com\/hu\/vallalatok\/ugyfel-referencia-lista\/#breadcrumb\"},\"inLanguage\":\"hu\",\"potentialAction\":[{\"@type\":\"ReadAction\",\"target\":[\"https:\/\/www.acps-automotive.com\/hu\/vallalatok\/ugyfel-referencia-lista\/\"]}]},{\"@type\":\"ImageObject\",\"inLanguage\":\"hu\",\"@id\":\"https:\/\/www.acps-automotive.com\/hu\/vallalatok\/ugyfel-referencia-lista\/#primaryimage\",\"url\":\"https:\/\/www.acps-automotive.com\/wp-content\/uploads\/_media\/_allgemein\/pfeil-text-einleitung.png\",\"contentUrl\":\"https:\/\/www.acps-automotive.com\/wp-content\/uploads\/_media\/_allgemein\/pfeil-text-einleitung.png\"},{\"@type\":\"BreadcrumbList\",\"@id\":\"https:\/\/www.acps-automotive.com\/hu\/vallalatok\/ugyfel-referencia-lista\/#breadcrumb\",\"itemListElement\":[{\"@type\":\"ListItem\",\"position\":1,\"name\":\"Startseite\",\"item\":\"https:\/\/www.acps-automotive.com\/hu\/\"},{\"@type\":\"ListItem\",\"position\":2,\"name\":\"V\u00e1llalatok\",\"item\":\"https:\/\/www.acps-automotive.com\/hu\/vallalatok\/\"},{\"@type\":\"ListItem\",\"position\":3,\"name\":\"\u00dcgyf\u00e9l-\/referencia lista\"}]},{\"@type\":\"WebSite\",\"@id\":\"https:\/\/www.acps-automotive.com\/hu\/#website\",\"url\":\"https:\/\/www.acps-automotive.com\/hu\/\",\"name\":\"ACPS Automotive GmbH\",\"description\":\"Innovative Anh\u00e4ngekupplungen\",\"publisher\":{\"@id\":\"https:\/\/www.acps-automotive.com\/hu\/#organization\"},\"potentialAction\":[{\"@type\":\"SearchAction\",\"target\":{\"@type\":\"EntryPoint\",\"urlTemplate\":\"https:\/\/www.acps-automotive.com\/hu\/?s={search_term_string}\"},\"query-input\":{\"@type\":\"PropertyValueSpecification\",\"valueRequired\":true,\"valueName\":\"search_term_string\"}}],\"inLanguage\":\"hu\"},{\"@type\":\"Organization\",\"@id\":\"https:\/\/www.acps-automotive.com\/hu\/#organization\",\"name\":\"ACPS Automotive GmbH\",\"url\":\"https:\/\/www.acps-automotive.com\/hu\/\",\"logo\":{\"@type\":\"ImageObject\",\"inLanguage\":\"hu\",\"@id\":\"https:\/\/www.acps-automotive.com\/hu\/#\/schema\/logo\/image\/\",\"url\":\"https:\/\/www.acps-automotive.com\/wp-content\/uploads\/_media\/_allgemein\/Logo-Footer-ACPS-Automotive.png\",\"contentUrl\":\"https:\/\/www.acps-automotive.com\/wp-content\/uploads\/_media\/_allgemein\/Logo-Footer-ACPS-Automotive.png\",\"width\":239,\"height\":32,\"caption\":\"ACPS Automotive GmbH\"},\"image\":{\"@id\":\"https:\/\/www.acps-automotive.com\/hu\/#\/schema\/logo\/image\/\"},\"sameAs\":[\"https:\/\/x.com\/ACPS_Automotive\",\"https:\/\/www.linkedin.com\/company\/acps-automotive-gmbh\/\",\"https:\/\/www.instagram.com\/acps_ausbildung\/\",\"https:\/\/www.youtube.com\/channel\/UC2jxrgWwpxpkay2aHWV5SaQ\"]}]}<\/script>\n<!-- \/ Yoast SEO plugin. -->","yoast_head_json":{"title":"\u00dcgyf\u00e9l-\/referencia lista | ACPS Automotive","description":"P\u00f3tkocsi- \u00e9s hordoz\u00f3 rendszereinkkel megold\u00e1sokat k\u00edn\u00e1lunk az aut\u00f3gy\u00e1rt\u00f3knak. \u25baVessen egy pillant\u00e1st referenci\u00e1inkra.","robots":{"index":"index","follow":"follow","max-snippet":"max-snippet:-1","max-image-preview":"max-image-preview:large","max-video-preview":"max-video-preview:-1"},"canonical":"https:\/\/www.acps-automotive.com\/hu\/vallalatok\/ugyfel-referencia-lista\/","og_locale":"hu_HU","og_type":"article","og_title":"\u00dcgyf\u00e9l-\/referencia lista | ACPS Automotive","og_description":"P\u00f3tkocsi- \u00e9s hordoz\u00f3 rendszereinkkel megold\u00e1sokat k\u00edn\u00e1lunk az aut\u00f3gy\u00e1rt\u00f3knak. \u25baVessen egy pillant\u00e1st referenci\u00e1inkra.","og_url":"https:\/\/www.acps-automotive.com\/hu\/vallalatok\/ugyfel-referencia-lista\/","og_site_name":"ACPS Automotive GmbH","article_modified_time":"2026-03-09T12:28:51+00:00","og_image":[{"url":"https:\/\/www.acps-automotive.com\/wp-content\/uploads\/_media\/_allgemein\/pfeil-text-einleitung.png","type":"","width":"","height":""}],"twitter_card":"summary_large_image","twitter_site":"@ACPS_Automotive","twitter_misc":{"Becs\u00fclt olvas\u00e1si id\u0151":"1 perc"},"schema":{"@context":"https:\/\/schema.org","@graph":[{"@type":"WebPage","@id":"https:\/\/www.acps-automotive.com\/hu\/vallalatok\/ugyfel-referencia-lista\/","url":"https:\/\/www.acps-automotive.com\/hu\/vallalatok\/ugyfel-referencia-lista\/","name":"\u00dcgyf\u00e9l-\/referencia lista | ACPS Automotive","isPartOf":{"@id":"https:\/\/www.acps-automotive.com\/hu\/#website"},"primaryImageOfPage":{"@id":"https:\/\/www.acps-automotive.com\/hu\/vallalatok\/ugyfel-referencia-lista\/#primaryimage"},"image":{"@id":"https:\/\/www.acps-automotive.com\/hu\/vallalatok\/ugyfel-referencia-lista\/#primaryimage"},"thumbnailUrl":"https:\/\/www.acps-automotive.com\/wp-content\/uploads\/_media\/_allgemein\/pfeil-text-einleitung.png","datePublished":"2025-12-17T10:08:52+00:00","dateModified":"2026-03-09T12:28:51+00:00","description":"P\u00f3tkocsi- \u00e9s hordoz\u00f3 rendszereinkkel megold\u00e1sokat k\u00edn\u00e1lunk az aut\u00f3gy\u00e1rt\u00f3knak. \u25baVessen egy pillant\u00e1st referenci\u00e1inkra.","breadcrumb":{"@id":"https:\/\/www.acps-automotive.com\/hu\/vallalatok\/ugyfel-referencia-lista\/#breadcrumb"},"inLanguage":"hu","potentialAction":[{"@type":"ReadAction","target":["https:\/\/www.acps-automotive.com\/hu\/vallalatok\/ugyfel-referencia-lista\/"]}]},{"@type":"ImageObject","inLanguage":"hu","@id":"https:\/\/www.acps-automotive.com\/hu\/vallalatok\/ugyfel-referencia-lista\/#primaryimage","url":"https:\/\/www.acps-automotive.com\/wp-content\/uploads\/_media\/_allgemein\/pfeil-text-einleitung.png","contentUrl":"https:\/\/www.acps-automotive.com\/wp-content\/uploads\/_media\/_allgemein\/pfeil-text-einleitung.png"},{"@type":"BreadcrumbList","@id":"https:\/\/www.acps-automotive.com\/hu\/vallalatok\/ugyfel-referencia-lista\/#breadcrumb","itemListElement":[{"@type":"ListItem","position":1,"name":"Startseite","item":"https:\/\/www.acps-automotive.com\/hu\/"},{"@type":"ListItem","position":2,"name":"V\u00e1llalatok","item":"https:\/\/www.acps-automotive.com\/hu\/vallalatok\/"},{"@type":"ListItem","position":3,"name":"\u00dcgyf\u00e9l-\/referencia lista"}]},{"@type":"WebSite","@id":"https:\/\/www.acps-automotive.com\/hu\/#website","url":"https:\/\/www.acps-automotive.com\/hu\/","name":"ACPS Automotive GmbH","description":"Innovative Anh\u00e4ngekupplungen","publisher":{"@id":"https:\/\/www.acps-automotive.com\/hu\/#organization"},"potentialAction":[{"@type":"SearchAction","target":{"@type":"EntryPoint","urlTemplate":"https:\/\/www.acps-automotive.com\/hu\/?s={search_term_string}"},"query-input":{"@type":"PropertyValueSpecification","valueRequired":true,"valueName":"search_term_string"}}],"inLanguage":"hu"},{"@type":"Organization","@id":"https:\/\/www.acps-automotive.com\/hu\/#organization","name":"ACPS Automotive GmbH","url":"https:\/\/www.acps-automotive.com\/hu\/","logo":{"@type":"ImageObject","inLanguage":"hu","@id":"https:\/\/www.acps-automotive.com\/hu\/#\/schema\/logo\/image\/","url":"https:\/\/www.acps-automotive.com\/wp-content\/uploads\/_media\/_allgemein\/Logo-Footer-ACPS-Automotive.png","contentUrl":"https:\/\/www.acps-automotive.com\/wp-content\/uploads\/_media\/_allgemein\/Logo-Footer-ACPS-Automotive.png","width":239,"height":32,"caption":"ACPS Automotive GmbH"},"image":{"@id":"https:\/\/www.acps-automotive.com\/hu\/#\/schema\/logo\/image\/"},"sameAs":["https:\/\/x.com\/ACPS_Automotive","https:\/\/www.linkedin.com\/company\/acps-automotive-gmbh\/","https:\/\/www.instagram.com\/acps_ausbildung\/","https:\/\/www.youtube.com\/channel\/UC2jxrgWwpxpkay2aHWV5SaQ"]}]}},"_links":{"self":[{"href":"https:\/\/www.acps-automotive.com\/hu\/wp-json\/wp\/v2\/pages\/27509","targetHints":{"allow":["GET"]}}],"collection":[{"href":"https:\/\/www.acps-automotive.com\/hu\/wp-json\/wp\/v2\/pages"}],"about":[{"href":"https:\/\/www.acps-automotive.com\/hu\/wp-json\/wp\/v2\/types\/page"}],"author":[{"embeddable":true,"href":"https:\/\/www.acps-automotive.com\/hu\/wp-json\/wp\/v2\/users\/8"}],"replies":[{"embeddable":true,"href":"https:\/\/www.acps-automotive.com\/hu\/wp-json\/wp\/v2\/comments?post=27509"}],"version-history":[{"count":2,"href":"https:\/\/www.acps-automotive.com\/hu\/wp-json\/wp\/v2\/pages\/27509\/revisions"}],"predecessor-version":[{"id":27512,"href":"https:\/\/www.acps-automotive.com\/hu\/wp-json\/wp\/v2\/pages\/27509\/revisions\/27512"}],"up":[{"embeddable":true,"href":"https:\/\/www.acps-automotive.com\/hu\/wp-json\/wp\/v2\/pages\/28081"}],"wp:attachment":[{"href":"https:\/\/www.acps-automotive.com\/hu\/wp-json\/wp\/v2\/media?parent=27509"}],"curies":[{"name":"wp","href":"https:\/\/api.w.org\/{rel}","templated":true}]}}