{"id":27505,"date":"2025-12-17T11:07:17","date_gmt":"2025-12-17T10:07:17","guid":{"rendered":"https:\/\/www.acps-automotive.com\/?page_id=27505"},"modified":"2026-03-09T13:37:46","modified_gmt":"2026-03-09T12:37:46","slug":"projektmenedzsment","status":"publish","type":"page","link":"https:\/\/www.acps-automotive.com\/hu\/vallalatok\/projektmenedzsment\/","title":{"rendered":"Projektmenedzsment"},"content":{"rendered":"<div class=\"vgblk-rw-wrapper limit-wrapper\">\n\n\t<h1><strong>Az<br \/>\n\u00fcgyfelek<\/strong><br \/>\na k\u00f6z\u00e9ppontban<\/h1>\n\t<img loading=\"lazy\" decoding=\"async\" src=\"https:\/\/www.acps-automotive.com\/wp-content\/uploads\/_media\/_allgemein\/pfeil-text-einleitung.png\" alt=\"Pfeil Text Einleitung\" width=\"46\" height=\"69\" \/><br \/>\n\u00c9vek \u00f3ta t\u00e1mogatjuk, tan\u00e1csad\u00e1ssal l\u00e1tjuk el \u00e9s ell\u00e1tjuk a nagy aut\u00f3ipari konszerneket. C\u00e9lunk, hogy olyan term\u00e9keket fejlessz\u00fcnk, amelyek maxim\u00e1lis hasznot hoznak \u00fcgyfeleinknek. Meggy\u0151z\u0151d\u00e9s\u00fcnk, hogy ezt a feladatot legjobban k\u00f6z\u00f6sen tudjuk megval\u00f3s\u00edtani. A siker kulcs\u00e1t a vev\u0151inkkel val\u00f3 szoros egy\u00fcttm\u0171k\u00f6d\u00e9sben \u00e9s a testreszabott megold\u00e1sok fejleszt\u00e9s\u00e9ben l\u00e1tjuk. Gyorsas\u00e1gunkkal \u00e9s rugalmass\u00e1gunkkal gy\u0151zz\u00fck meg \u00fcgyfeleinket, amikor \u00f6tleteinket technol\u00f3giailag vezet\u0151 \u00e9s piack\u00e9pes term\u00e9kekk\u00e9 alak\u00edtjuk. Ezen t\u00falmen\u0151en az ACPS Automotive teljes projektmenedzsment-folyamata az IATF 16949 szabv\u00e1ny szerint tan\u00fas\u00edtott.\n\t<p><img loading=\"lazy\" decoding=\"async\" src=\"https:\/\/www.acps-automotive.com\/wp-content\/uploads\/_media\/unternehmen\/kundenfokus\/fokus-02.jpg\" alt=\"Den Kunden im Fokus\" width=\"650\" height=\"400\" \/><\/p>\n\t<p><img loading=\"lazy\" decoding=\"async\" src=\"https:\/\/www.acps-automotive.com\/wp-content\/uploads\/_media\/unternehmen\/kundenfokus\/fokus-01.jpg\" alt=\"Den Kunden im Fokus\" width=\"650\" height=\"400\" \/><\/p>\n\t\u201eA projektmenedzsment alapgondolata: optim\u00e1lis \u00fcgyf\u00e9lszolg\u00e1lat &#8211; t\u00f6k\u00e9letes t\u00e1mogat\u00e1s, amikor \u00faj term\u00e9ket, innov\u00e1ci\u00f3t kell integr\u00e1lni a folyamatokba \u00e9s a sorozatgy\u00e1rt\u00e1sba.&#8221;<br \/>\nDaniel Sommer, Group Director Project Management, ACPS Automotive<br \/>\n\n\t<h2>Az aj\u00e1nlatt\u00f3l a gy\u00e1rt\u00e1s befejez\u00e9s\u00e9ig<br \/>\n<strong>Projektmenedzsment\u00fcnk 10 f\u00e1zisa<\/strong><\/h2>\n\t<p>1<\/p>\n<p>Aj\u00e1nlatt\u00e9teli szakasz<\/p>\n\t<p>2<\/p>\n<p>A projekt elind\u00edt\u00e1sa a jel\u00f6l\u00e9s ut\u00e1n<\/p>\n\t<p>3<\/p>\nKoncepci\u00f3 \u00e9s<br \/>\ntervez\u00e9si f\u00e1zis\n\t<p>4<\/p>\n<p>Fejleszt\u00e9si tesztek \u00e9s tesztel\u00e9si f\u00e1zis<\/p>\n\t<p>5<\/p>\nIparos\u00edt\u00e1s<br \/>\nenged\u00e9lyez\u00e9se\n\t<p>6<\/p>\nGy\u00e1rt\u00e1s<br \/>\naz ESWFT-n\u00e9l\n\t<p>7<\/p>\n<p>Sorozatgy\u00e1rt\u00e1s \u00e9s tesztel\u00e9si f\u00e1zis<\/p>\n\t<p>8<\/p>\nRun &amp; Rate<br \/>\nGy\u00e1rt\u00e1s j\u00f3v\u00e1hagy\u00e1sa\n\t<p>9<\/p>\n<p>Ramp-up &amp; Start Sorozatgy\u00e1rt\u00e1s<\/p>\n\t<p>10<\/p>\n<p>Sorozatgy\u00e1rt\u00e1s v\u00e9ge \u00e9s vez\u00e9rl\u00e9s Term\u00e9k kivezet\u00e9se<\/p>\n\t<h4><strong>Optim\u00e1lis folyamatok<\/strong><br \/>\n\u00fcgyfeleink sz\u00e1m\u00e1ra<\/h4>\n\t<p>Az ACPS Automotive 2013-ban l\u00e9trehozott egy \u00fcgyf\u00e9lorient\u00e1lt projektstrukt\u00far\u00e1t. Az\u00f3ta kilenc alapcsapat dolgozik egy\u00fctt a v\u00e1llalaton bel\u00fcl, amelyek a relev\u00e1ns szakfunkci\u00f3kb\u00f3l \u00e1llnak, mint p\u00e9ld\u00e1ul a projekt- \u00e9s kulcsfontoss\u00e1g\u00fa \u00fcgyf\u00e9lkezel\u00e9s, a fejleszt\u00e9s, a k\u00f6lts\u00e9gsz\u00e1m\u00edt\u00e1s, a projektbeszerz\u00e9s, a min\u0151s\u00e9g \u00e9s a gy\u00e1rt\u00e1s szak\u00e9rt\u0151i.<\/p>\n<h5>Hossz\u00fa \u00e9vek tapasztalat\u00e1nak eredm\u00e9nye<\/h5>\n<p>A vev\u0151i ig\u00e9nyekre szabott term\u00e9kek \u00e9s rendszerek, valamint projektek kompetens, professzion\u00e1lis \u00e9s hat\u00e1rid\u0151re t\u00f6rt\u00e9n\u0151 megval\u00f3s\u00edt\u00e1s\u00e1ban szerzett szak\u00e9rtelem a v\u00e1llalat szakembereinek hossz\u00fa \u00e9vek tapasztalat\u00e1nak eredm\u00e9nye. \u0150k a von\u00f3berendez\u00e9sek ter\u00fclet\u00e9n j\u00e1rtas szakemberek, \u00e9s sz\u00e9les k\u00f6r\u0171 ismeretekkel rendelkeznek a k\u00fcl\u00f6nb\u00f6z\u0151 aut\u00f3gy\u00e1rt\u00f3kr\u00f3l, azok ig\u00e9nyeir\u0151l \u00e9s gy\u00e1rt\u00e1si elj\u00e1r\u00e1sair\u00f3l. Ezenk\u00edv\u00fcl minden projektmenedzser\u00fcnk T\u00dcV-tan\u00fas\u00edtv\u00e1nnyal rendelkez\u0151 k\u00e9pes\u00edt\u00e9st szerez, amely kifejezetten erre a fontos feladatra \u00e9s az optim\u00e1lis \u00fcgyf\u00e9lszolg\u00e1latra vonatkozik.<\/p>\n<h5>Tov\u00e1bbfejleszt\u00e9s a legk\u00fcl\u00f6nb\u00f6z\u0151bb megold\u00e1sokban<\/h5>\n<p>\u00cdgy folyamatosan innovat\u00edv, magas sz\u00ednvonal\u00fa \u00e9s nagy teljes\u00edtm\u00e9ny\u0171 megold\u00e1sokat fejleszt\u00fcnk. Nem utols\u00f3sorban ez a szervezeti egy\u00fcttm\u0171k\u00f6d\u00e9s bizonyult sikeres koncepci\u00f3nak, mert a csapat tagjai egy oszt\u00e1lyon bel\u00fcl k\u00f6zvetlen\u00fcl \u00e9s szorosan egy\u00fcttm\u0171k\u00f6dnek a funkci\u00f3k k\u00f6z\u00f6tt.<\/p>\n\n<\/div><!-- .vgblk-rw-wrapper -->","protected":false},"excerpt":{"rendered":"<p>Az \u00fcgyfelek a k\u00f6z\u00e9ppontban \u00c9vek \u00f3ta t\u00e1mogatjuk, tan\u00e1csad\u00e1ssal l\u00e1tjuk el \u00e9s ell\u00e1tjuk a nagy aut\u00f3ipari konszerneket. C\u00e9lunk, hogy olyan term\u00e9keket fejlessz\u00fcnk, amelyek maxim\u00e1lis hasznot hoznak \u00fcgyfeleinknek. Meggy\u0151z\u0151d\u00e9s\u00fcnk, hogy ezt a feladatot legjobban k\u00f6z\u00f6sen tudjuk megval\u00f3s\u00edtani. A siker kulcs\u00e1t a vev\u0151inkkel val\u00f3 szoros egy\u00fcttm\u0171k\u00f6d\u00e9sben \u00e9s a testreszabott megold\u00e1sok fejleszt\u00e9s\u00e9ben l\u00e1tjuk. Gyorsas\u00e1gunkkal \u00e9s rugalmass\u00e1gunkkal gy\u0151zz\u00fck meg \u00fcgyfeleinket,&#8230;<\/p>\n","protected":false},"author":8,"featured_media":0,"parent":28081,"menu_order":5,"comment_status":"closed","ping_status":"closed","template":"","meta":{"inline_featured_image":false,"_price":"","_stock":"","_tribe_ticket_header":"","_tribe_default_ticket_provider":"","_tribe_ticket_capacity":"0","_ticket_start_date":"","_ticket_end_date":"","_tribe_ticket_show_description":"","_tribe_ticket_show_not_going":false,"_tribe_ticket_use_global_stock":"","_tribe_ticket_global_stock_level":"","_global_stock_mode":"","_global_stock_cap":"","_tribe_rsvp_for_event":"","_tribe_ticket_going_count":"","_tribe_ticket_not_going_count":"","_tribe_tickets_list":"[]","_tribe_ticket_has_attendee_info_fields":false,"footnotes":""},"class_list":["post-27505","page","type-page","status-publish","hentry"],"yoast_head":"<!-- This site is optimized with the Yoast SEO plugin v27.2 - https:\/\/yoast.com\/product\/yoast-seo-wordpress\/ -->\n<title>Projektmenedzsment ACPS Automotive<\/title>\n<meta name=\"description\" content=\"\u2713pontosan illeszked\u0151 megold\u00e1sok \u2713az \u00fcgyf\u00e9l ig\u00e9nyeire szabva \u2713\u00fcgyf\u00e9lorient\u00e1lt projektstrukt\u00fara \u25baVessen egy pillant\u00e1st projektmenedzsment\u00fcnkre.\" \/>\n<meta name=\"robots\" content=\"index, follow, max-snippet:-1, max-image-preview:large, max-video-preview:-1\" \/>\n<link rel=\"canonical\" href=\"https:\/\/www.acps-automotive.com\/hu\/vallalatok\/projektmenedzsment\/\" \/>\n<meta property=\"og:locale\" content=\"hu_HU\" \/>\n<meta property=\"og:type\" content=\"article\" \/>\n<meta property=\"og:title\" content=\"Projektmenedzsment ACPS Automotive\" \/>\n<meta property=\"og:description\" content=\"\u2713pontosan illeszked\u0151 megold\u00e1sok \u2713az \u00fcgyf\u00e9l ig\u00e9nyeire szabva \u2713\u00fcgyf\u00e9lorient\u00e1lt projektstrukt\u00fara \u25baVessen egy pillant\u00e1st projektmenedzsment\u00fcnkre.\" \/>\n<meta property=\"og:url\" content=\"https:\/\/www.acps-automotive.com\/hu\/vallalatok\/projektmenedzsment\/\" \/>\n<meta property=\"og:site_name\" content=\"ACPS Automotive GmbH\" \/>\n<meta property=\"article:modified_time\" content=\"2026-03-09T12:37:46+00:00\" \/>\n<meta property=\"og:image\" content=\"https:\/\/www.acps-automotive.com\/wp-content\/uploads\/_media\/_allgemein\/pfeil-text-einleitung.png\" \/>\n<meta name=\"twitter:card\" content=\"summary_large_image\" \/>\n<meta name=\"twitter:site\" content=\"@ACPS_Automotive\" \/>\n<meta name=\"twitter:label1\" content=\"Becs\u00fclt olvas\u00e1si id\u0151\" \/>\n\t<meta name=\"twitter:data1\" content=\"3 perc\" \/>\n<script type=\"application\/ld+json\" class=\"yoast-schema-graph\">{\"@context\":\"https:\/\/schema.org\",\"@graph\":[{\"@type\":\"WebPage\",\"@id\":\"https:\/\/www.acps-automotive.com\/hu\/vallalatok\/projektmenedzsment\/\",\"url\":\"https:\/\/www.acps-automotive.com\/hu\/vallalatok\/projektmenedzsment\/\",\"name\":\"Projektmenedzsment ACPS Automotive\",\"isPartOf\":{\"@id\":\"https:\/\/www.acps-automotive.com\/hu\/#website\"},\"primaryImageOfPage\":{\"@id\":\"https:\/\/www.acps-automotive.com\/hu\/vallalatok\/projektmenedzsment\/#primaryimage\"},\"image\":{\"@id\":\"https:\/\/www.acps-automotive.com\/hu\/vallalatok\/projektmenedzsment\/#primaryimage\"},\"thumbnailUrl\":\"https:\/\/www.acps-automotive.com\/wp-content\/uploads\/_media\/_allgemein\/pfeil-text-einleitung.png\",\"datePublished\":\"2025-12-17T10:07:17+00:00\",\"dateModified\":\"2026-03-09T12:37:46+00:00\",\"description\":\"\u2713pontosan illeszked\u0151 megold\u00e1sok \u2713az \u00fcgyf\u00e9l ig\u00e9nyeire szabva \u2713\u00fcgyf\u00e9lorient\u00e1lt projektstrukt\u00fara \u25baVessen egy pillant\u00e1st projektmenedzsment\u00fcnkre.\",\"breadcrumb\":{\"@id\":\"https:\/\/www.acps-automotive.com\/hu\/vallalatok\/projektmenedzsment\/#breadcrumb\"},\"inLanguage\":\"hu\",\"potentialAction\":[{\"@type\":\"ReadAction\",\"target\":[\"https:\/\/www.acps-automotive.com\/hu\/vallalatok\/projektmenedzsment\/\"]}]},{\"@type\":\"ImageObject\",\"inLanguage\":\"hu\",\"@id\":\"https:\/\/www.acps-automotive.com\/hu\/vallalatok\/projektmenedzsment\/#primaryimage\",\"url\":\"https:\/\/www.acps-automotive.com\/wp-content\/uploads\/_media\/_allgemein\/pfeil-text-einleitung.png\",\"contentUrl\":\"https:\/\/www.acps-automotive.com\/wp-content\/uploads\/_media\/_allgemein\/pfeil-text-einleitung.png\"},{\"@type\":\"BreadcrumbList\",\"@id\":\"https:\/\/www.acps-automotive.com\/hu\/vallalatok\/projektmenedzsment\/#breadcrumb\",\"itemListElement\":[{\"@type\":\"ListItem\",\"position\":1,\"name\":\"Startseite\",\"item\":\"https:\/\/www.acps-automotive.com\/hu\/\"},{\"@type\":\"ListItem\",\"position\":2,\"name\":\"V\u00e1llalatok\",\"item\":\"https:\/\/www.acps-automotive.com\/hu\/vallalatok\/\"},{\"@type\":\"ListItem\",\"position\":3,\"name\":\"Projektmenedzsment\"}]},{\"@type\":\"WebSite\",\"@id\":\"https:\/\/www.acps-automotive.com\/hu\/#website\",\"url\":\"https:\/\/www.acps-automotive.com\/hu\/\",\"name\":\"ACPS Automotive GmbH\",\"description\":\"Innovative Anh\u00e4ngekupplungen\",\"publisher\":{\"@id\":\"https:\/\/www.acps-automotive.com\/hu\/#organization\"},\"potentialAction\":[{\"@type\":\"SearchAction\",\"target\":{\"@type\":\"EntryPoint\",\"urlTemplate\":\"https:\/\/www.acps-automotive.com\/hu\/?s={search_term_string}\"},\"query-input\":{\"@type\":\"PropertyValueSpecification\",\"valueRequired\":true,\"valueName\":\"search_term_string\"}}],\"inLanguage\":\"hu\"},{\"@type\":\"Organization\",\"@id\":\"https:\/\/www.acps-automotive.com\/hu\/#organization\",\"name\":\"ACPS Automotive GmbH\",\"url\":\"https:\/\/www.acps-automotive.com\/hu\/\",\"logo\":{\"@type\":\"ImageObject\",\"inLanguage\":\"hu\",\"@id\":\"https:\/\/www.acps-automotive.com\/hu\/#\/schema\/logo\/image\/\",\"url\":\"https:\/\/www.acps-automotive.com\/wp-content\/uploads\/_media\/_allgemein\/Logo-Footer-ACPS-Automotive.png\",\"contentUrl\":\"https:\/\/www.acps-automotive.com\/wp-content\/uploads\/_media\/_allgemein\/Logo-Footer-ACPS-Automotive.png\",\"width\":239,\"height\":32,\"caption\":\"ACPS Automotive GmbH\"},\"image\":{\"@id\":\"https:\/\/www.acps-automotive.com\/hu\/#\/schema\/logo\/image\/\"},\"sameAs\":[\"https:\/\/x.com\/ACPS_Automotive\",\"https:\/\/www.linkedin.com\/company\/acps-automotive-gmbh\/\",\"https:\/\/www.instagram.com\/acps_ausbildung\/\",\"https:\/\/www.youtube.com\/channel\/UC2jxrgWwpxpkay2aHWV5SaQ\"]}]}<\/script>\n<!-- \/ Yoast SEO plugin. -->","yoast_head_json":{"title":"Projektmenedzsment ACPS Automotive","description":"\u2713pontosan illeszked\u0151 megold\u00e1sok \u2713az \u00fcgyf\u00e9l ig\u00e9nyeire szabva \u2713\u00fcgyf\u00e9lorient\u00e1lt projektstrukt\u00fara \u25baVessen egy pillant\u00e1st projektmenedzsment\u00fcnkre.","robots":{"index":"index","follow":"follow","max-snippet":"max-snippet:-1","max-image-preview":"max-image-preview:large","max-video-preview":"max-video-preview:-1"},"canonical":"https:\/\/www.acps-automotive.com\/hu\/vallalatok\/projektmenedzsment\/","og_locale":"hu_HU","og_type":"article","og_title":"Projektmenedzsment ACPS Automotive","og_description":"\u2713pontosan illeszked\u0151 megold\u00e1sok \u2713az \u00fcgyf\u00e9l ig\u00e9nyeire szabva \u2713\u00fcgyf\u00e9lorient\u00e1lt projektstrukt\u00fara \u25baVessen egy pillant\u00e1st projektmenedzsment\u00fcnkre.","og_url":"https:\/\/www.acps-automotive.com\/hu\/vallalatok\/projektmenedzsment\/","og_site_name":"ACPS Automotive GmbH","article_modified_time":"2026-03-09T12:37:46+00:00","og_image":[{"url":"https:\/\/www.acps-automotive.com\/wp-content\/uploads\/_media\/_allgemein\/pfeil-text-einleitung.png","type":"","width":"","height":""}],"twitter_card":"summary_large_image","twitter_site":"@ACPS_Automotive","twitter_misc":{"Becs\u00fclt olvas\u00e1si id\u0151":"3 perc"},"schema":{"@context":"https:\/\/schema.org","@graph":[{"@type":"WebPage","@id":"https:\/\/www.acps-automotive.com\/hu\/vallalatok\/projektmenedzsment\/","url":"https:\/\/www.acps-automotive.com\/hu\/vallalatok\/projektmenedzsment\/","name":"Projektmenedzsment ACPS Automotive","isPartOf":{"@id":"https:\/\/www.acps-automotive.com\/hu\/#website"},"primaryImageOfPage":{"@id":"https:\/\/www.acps-automotive.com\/hu\/vallalatok\/projektmenedzsment\/#primaryimage"},"image":{"@id":"https:\/\/www.acps-automotive.com\/hu\/vallalatok\/projektmenedzsment\/#primaryimage"},"thumbnailUrl":"https:\/\/www.acps-automotive.com\/wp-content\/uploads\/_media\/_allgemein\/pfeil-text-einleitung.png","datePublished":"2025-12-17T10:07:17+00:00","dateModified":"2026-03-09T12:37:46+00:00","description":"\u2713pontosan illeszked\u0151 megold\u00e1sok \u2713az \u00fcgyf\u00e9l ig\u00e9nyeire szabva \u2713\u00fcgyf\u00e9lorient\u00e1lt projektstrukt\u00fara \u25baVessen egy pillant\u00e1st projektmenedzsment\u00fcnkre.","breadcrumb":{"@id":"https:\/\/www.acps-automotive.com\/hu\/vallalatok\/projektmenedzsment\/#breadcrumb"},"inLanguage":"hu","potentialAction":[{"@type":"ReadAction","target":["https:\/\/www.acps-automotive.com\/hu\/vallalatok\/projektmenedzsment\/"]}]},{"@type":"ImageObject","inLanguage":"hu","@id":"https:\/\/www.acps-automotive.com\/hu\/vallalatok\/projektmenedzsment\/#primaryimage","url":"https:\/\/www.acps-automotive.com\/wp-content\/uploads\/_media\/_allgemein\/pfeil-text-einleitung.png","contentUrl":"https:\/\/www.acps-automotive.com\/wp-content\/uploads\/_media\/_allgemein\/pfeil-text-einleitung.png"},{"@type":"BreadcrumbList","@id":"https:\/\/www.acps-automotive.com\/hu\/vallalatok\/projektmenedzsment\/#breadcrumb","itemListElement":[{"@type":"ListItem","position":1,"name":"Startseite","item":"https:\/\/www.acps-automotive.com\/hu\/"},{"@type":"ListItem","position":2,"name":"V\u00e1llalatok","item":"https:\/\/www.acps-automotive.com\/hu\/vallalatok\/"},{"@type":"ListItem","position":3,"name":"Projektmenedzsment"}]},{"@type":"WebSite","@id":"https:\/\/www.acps-automotive.com\/hu\/#website","url":"https:\/\/www.acps-automotive.com\/hu\/","name":"ACPS Automotive GmbH","description":"Innovative Anh\u00e4ngekupplungen","publisher":{"@id":"https:\/\/www.acps-automotive.com\/hu\/#organization"},"potentialAction":[{"@type":"SearchAction","target":{"@type":"EntryPoint","urlTemplate":"https:\/\/www.acps-automotive.com\/hu\/?s={search_term_string}"},"query-input":{"@type":"PropertyValueSpecification","valueRequired":true,"valueName":"search_term_string"}}],"inLanguage":"hu"},{"@type":"Organization","@id":"https:\/\/www.acps-automotive.com\/hu\/#organization","name":"ACPS Automotive GmbH","url":"https:\/\/www.acps-automotive.com\/hu\/","logo":{"@type":"ImageObject","inLanguage":"hu","@id":"https:\/\/www.acps-automotive.com\/hu\/#\/schema\/logo\/image\/","url":"https:\/\/www.acps-automotive.com\/wp-content\/uploads\/_media\/_allgemein\/Logo-Footer-ACPS-Automotive.png","contentUrl":"https:\/\/www.acps-automotive.com\/wp-content\/uploads\/_media\/_allgemein\/Logo-Footer-ACPS-Automotive.png","width":239,"height":32,"caption":"ACPS Automotive GmbH"},"image":{"@id":"https:\/\/www.acps-automotive.com\/hu\/#\/schema\/logo\/image\/"},"sameAs":["https:\/\/x.com\/ACPS_Automotive","https:\/\/www.linkedin.com\/company\/acps-automotive-gmbh\/","https:\/\/www.instagram.com\/acps_ausbildung\/","https:\/\/www.youtube.com\/channel\/UC2jxrgWwpxpkay2aHWV5SaQ"]}]}},"_links":{"self":[{"href":"https:\/\/www.acps-automotive.com\/hu\/wp-json\/wp\/v2\/pages\/27505","targetHints":{"allow":["GET"]}}],"collection":[{"href":"https:\/\/www.acps-automotive.com\/hu\/wp-json\/wp\/v2\/pages"}],"about":[{"href":"https:\/\/www.acps-automotive.com\/hu\/wp-json\/wp\/v2\/types\/page"}],"author":[{"embeddable":true,"href":"https:\/\/www.acps-automotive.com\/hu\/wp-json\/wp\/v2\/users\/8"}],"replies":[{"embeddable":true,"href":"https:\/\/www.acps-automotive.com\/hu\/wp-json\/wp\/v2\/comments?post=27505"}],"version-history":[{"count":2,"href":"https:\/\/www.acps-automotive.com\/hu\/wp-json\/wp\/v2\/pages\/27505\/revisions"}],"predecessor-version":[{"id":27508,"href":"https:\/\/www.acps-automotive.com\/hu\/wp-json\/wp\/v2\/pages\/27505\/revisions\/27508"}],"up":[{"embeddable":true,"href":"https:\/\/www.acps-automotive.com\/hu\/wp-json\/wp\/v2\/pages\/28081"}],"wp:attachment":[{"href":"https:\/\/www.acps-automotive.com\/hu\/wp-json\/wp\/v2\/media?parent=27505"}],"curies":[{"name":"wp","href":"https:\/\/api.w.org\/{rel}","templated":true}]}}