{"id":27501,"date":"2025-12-17T11:05:36","date_gmt":"2025-12-17T10:05:36","guid":{"rendered":"https:\/\/www.acps-automotive.com\/?page_id=27501"},"modified":"2026-03-10T09:19:46","modified_gmt":"2026-03-10T08:19:46","slug":"minoseg","status":"publish","type":"page","link":"https:\/\/www.acps-automotive.com\/hu\/vallalatok\/minoseg\/","title":{"rendered":"Min\u0151s\u00e9g"},"content":{"rendered":"<div class=\"vgblk-rw-wrapper limit-wrapper\">\n\n\t<h1><strong>Min\u0151s\u00e9g<\/strong><br \/>\nminden alapja<\/h1>\n\t<img loading=\"lazy\" decoding=\"async\" src=\"https:\/\/www.acps-automotive.com\/wp-content\/uploads\/_media\/_allgemein\/pfeil-text-einleitung.png\" alt=\"Pfeil Text Einleitung\" width=\"46\" height=\"69\" \/><br \/>\nAz ACPS Automotive sikeres min\u0151s\u00e9gir\u00e1ny\u00edt\u00e1s\u00e1nak alapja a vev\u0151i el\u00e9gedetts\u00e9g. Az ACPS Automotive minden egyes munkat\u00e1rsa &#8211; legyen az a fejleszt\u00e9si oszt\u00e1lyon, a gy\u00e1rt\u00e1sban vagy az adminisztr\u00e1ci\u00f3ban &#8211; hozz\u00e1j\u00e1rul a min\u0151s\u00e9gbiztos\u00edt\u00e1shoz. Szorosan egy\u00fcttm\u0171k\u00f6d\u00fcnk vev\u0151inkkel, partnereinkkel \u00e9s besz\u00e1ll\u00edt\u00f3inkkal. Az ACPS Automotive min\u0151s\u00e9gi szabv\u00e1nyai r\u00e9v\u00e9n biztos\u00edtjuk megold\u00e1saink, folyamataink \u00e9s szolg\u00e1ltat\u00e1saink min\u0151s\u00e9g\u00e9nek folyamatos jav\u00edt\u00e1s\u00e1t.\n\t<p><img loading=\"lazy\" decoding=\"async\" src=\"https:\/\/www.acps-automotive.com\/wp-content\/uploads\/_media\/unternehmen\/qualitaet\/thorsten-settelmeier.jpg\" alt=\"Qualit\u00e4t\" width=\"650\" height=\"400\" \/><\/p>\n\t<p><img loading=\"lazy\" decoding=\"async\" src=\"https:\/\/www.acps-automotive.com\/wp-content\/uploads\/_media\/unternehmen\/qualitaet\/acps-anhaengevorrichtungen-hu.jpg\" alt=\"Qualit\u00e4t\" width=\"650\" height=\"400\" \/><\/p>\n\t\u201eAz ACPS Automotive min\u0151s\u00e9gir\u00e1ny\u00edt\u00e1si rendszere szabv\u00e1nyos\u00edtott folyamatokat hat\u00e1roz meg minden v\u00e1llalati ter\u00fcletre. Ezek a folyamatok biztos\u00edtj\u00e1k, hogy a v\u00e1llalat \u00f6sszes strukt\u00far\u00e1j\u00e1t \u00e9s folyamat\u00e1t folyamatosan elemezz\u00e9k \u00e9s fejlessz\u00e9k. Ez\u00e1ltal garant\u00e1ljuk, hogy term\u00e9keink mindig a legmagasabb min\u0151s\u00e9gi \u00e9s biztons\u00e1gi szabv\u00e1nyoknak megfeleljenek.&#8221;<br \/>\nThorsten Settelmeier, Director Quality, ACPS Automotive<br \/>\n\n\t<h4><strong>K\u00f6zponti min\u0151s\u00e9gir\u00e1ny\u00edt\u00e1s<\/strong><br \/>\naz ACPS Automotive-n\u00e1l<\/h4>\n\t<p>Az ACPS Automotive term\u00e9kei \u00e9s szolg\u00e1ltat\u00e1sai kiemelked\u0151 min\u0151s\u00e9g\u00fckkel t\u0171nnek ki, \u00e9s alapj\u00e1t k\u00e9pezik v\u00e1llalatunk hossz\u00fa t\u00e1v\u00fa sikeres \u00fczleti tev\u00e9kenys\u00e9g\u00e9nek. A k\u00f6zponti min\u0151s\u00e9gir\u00e1ny\u00edt\u00e1s biztos\u00edtja, hogy term\u00e9keink a legmagasabb k\u00f6vetelm\u00e9nyeknek is megfeleljenek &#8211; k\u00fcl\u00f6n\u00f6sen a biztons\u00e1g ter\u00e9n. Mivel az ACPS Automotive kiz\u00e1r\u00f3lag biztons\u00e1gi szempontb\u00f3l relev\u00e1ns alkatr\u00e9szeket fejleszt \u00e9s gy\u00e1rt, term\u00e9keinkre is a legmagasabb szint\u0171 biztons\u00e1gi \u00e9s min\u0151s\u00e9gi k\u00f6vetelm\u00e9nyeket alkalmazzuk.<\/p>\n<h5>Az \u00fcgyfelek elv\u00e1r\u00e1sainak t\u00falteljes\u00edt\u00e9se<\/h5>\n<p>A min\u0151s\u00e9g sz\u00e1munkra azt is jelenti, hogy teljes\u00edtj\u00fck \u00e9s lehet\u0151s\u00e9g szerint t\u00falteljes\u00edtj\u00fck az \u00fcgyfelek kimondott \u00e9s kimondatlan elv\u00e1r\u00e1sait. Ebben az \u00e9rtelemben a min\u0151s\u00e9g\u00fcnk fontos krit\u00e9rium az \u00fcgyfelek sz\u00e1m\u00e1ra, amikor \u00faj term\u00e9kekkel b\u00edzz\u00e1k meg v\u00e1llalatunkat, \u00e9s hossz\u00fa t\u00e1v\u00fa \u00fcgyf\u00e9lkapcsolatot \u00e9p\u00edtenek ki vel\u00fcnk.<\/p>\n<p>Ennek alapvet\u0151 eleme az ACPS Automotive k\u00f6zponti min\u0151s\u00e9gir\u00e1ny\u00edt\u00e1si rendszere, amely v\u00e1llalatunk minden ter\u00fclet\u00e9t lefedi. Ez egy bels\u0151 elj\u00e1r\u00e1s, amely rendszeresen ellen\u0151rzi, fel\u00fclvizsg\u00e1lja \u00e9s jav\u00edtja v\u00e1llalatunk folyamat\u00e1t \u00e9s m\u0171k\u00f6d\u00e9s\u00e9t. Ezen t\u00falmen\u0151en k\u00fcls\u0151 \u00e9s f\u00fcggetlen tan\u00fas\u00edt\u00f3 szervezetek is meger\u0151s\u00edtik, hogy az ACPS Automotive megfelel a nemzetk\u00f6zi szabv\u00e1nyoknak.<\/p>\n<h5>A tan\u00fas\u00edtv\u00e1nyok igazolj\u00e1k ig\u00e9nyeinket<\/h5>\n<p>Az IATF 16949 tan\u00fas\u00edtv\u00e1nnyal igazoljuk min\u0151s\u00e9gir\u00e1ny\u00edt\u00e1si rendszer\u00fcnket az aut\u00f3ipar sz\u00e1m\u00e1ra. Ezenk\u00edv\u00fcl rendelkez\u00fcnk az ISO 9001, ISO 14001, ISO 45001 \u00e9s ISO 50001 tan\u00fas\u00edtv\u00e1nyokkal is.<\/p>\n\t<h4><strong>A tan\u00fas\u00edtv\u00e1nyok\u00a0<\/strong><br \/>\nigazolj\u00e1k ig\u00e9nyeinket<\/h4>\n<ul>\n<li><strong>A k\u00f6zponti min\u0151s\u00e9gir\u00e1ny\u00edt\u00e1s<\/strong> az ACPS Automotive minden ter\u00fclet\u00e9t lefedi<\/li>\n<li><strong>Rendszeres ellen\u0151rz\u00e9s<\/strong> a v\u00e1llalat folyamatainak \u00e9s elj\u00e1r\u00e1sainak<\/li>\n<li><strong>IATF 16949<\/strong> tan\u00fas\u00edtja min\u0151s\u00e9gir\u00e1ny\u00edt\u00e1si rendszer\u00fcnket az aut\u00f3ipar sz\u00e1m\u00e1ra<\/li>\n<li>Az ACPS Automotive rendelkezik az al\u00e1bbi tan\u00fas\u00edtv\u00e1nyokkal<br \/>\n<strong>ISO 9001, ISO 14001, ISO 45001 \u00e9s ISO 50001<\/strong><\/li>\n<\/ul>\n\t<h4><strong>Min\u0151s\u00e9gpolitika<\/strong><br \/>\nFolyamatos fejleszt\u00e9s minden ter\u00fcleten<\/h4>\n\t<p><img loading=\"lazy\" decoding=\"async\" src=\"https:\/\/www.acps-automotive.com\/wp-content\/uploads\/_media\/unternehmen\/qualitaet\/qualitaet04.jpg\" alt=\"Qualit\u00e4t\" width=\"650\" height=\"400\" \/><\/p>\n\t<p><img loading=\"lazy\" decoding=\"async\" src=\"https:\/\/www.acps-automotive.com\/wp-content\/uploads\/_media\/unternehmen\/qualitaet\/qualitaet05.jpg\" alt=\"Qualit\u00e4t\" width=\"640\" height=\"394\" \/><\/p>\n\t<p>Szolg\u00e1ltat\u00f3inkkal, besz\u00e1ll\u00edt\u00f3inkkal partneri viszonyt \u00e1polunk. \u0150k elengedhetetlen r\u00e9sz\u00e9t k\u00e9pezik annak, hogy term\u00e9k- \u00e9s szolg\u00e1ltat\u00e1sportf\u00f3li\u00f3nk min\u0151s\u00e9gi c\u00e9ljait el\u00e9rj\u00fck.<\/p>\n<h5>A min\u0151s\u00e9gi c\u00e9lok k\u00f6vetkezetes megval\u00f3s\u00edt\u00e1sa<\/h5>\n<p>Az ACPS Automotive folyamatosan dolgozik min\u0151s\u00e9gi strat\u00e9gi\u00e1j\u00e1nak finom\u00edt\u00e1s\u00e1n, amelynek c\u00e9lja az \u00f6sszes \u00fczleti ter\u00fclet min\u0151s\u00e9g\u00e9nek folyamatos jav\u00edt\u00e1sa. A min\u0151s\u00e9gi strat\u00e9gi\u00e1b\u00f3l kiindulva kidolgozzuk min\u0151s\u00e9gi c\u00e9ljainkat, amelyek az ACPS Automotive \u00f6sszes folyamat\u00e1ban visszat\u00fckr\u00f6z\u0151dnek. Minden min\u0151s\u00e9gi c\u00e9lhoz r\u00f6gz\u00edtj\u00fck a hozz\u00e1 tartoz\u00f3 min\u0151s\u00e9gi mutat\u00f3kat, amelyekkel m\u00e9rj\u00fck a kit\u0171z\u00f6tt c\u00e9lok el\u00e9r\u00e9s\u00e9t. A min\u0151s\u00e9gi mutat\u00f3k rendszeresen m\u00f3dos\u00edtott c\u00e9l\u00e9rt\u00e9keivel biztos\u00edtjuk min\u0151s\u00e9gi elk\u00e9pzel\u00e9s\u00fcnk folyamatos tov\u00e1bbfejleszt\u00e9s\u00e9t \u00e9s megval\u00f3s\u00edt\u00e1s\u00e1t.<\/p>\n<h5>Csapatmunk\u00e1val a siker fel\u00e9<\/h5>\n<p>Vezet\u0151s\u00e9g\u00fcnk feladata, hogy az ACPS Automotive-ot \u00e9s munkat\u00e1rsait mindig optim\u00e1lisan ir\u00e1ny\u00edtsa, k\u00f6vetkezetesen alkalmazza \u00e9s folyamatosan fejlessze a min\u0151s\u00e9gir\u00e1ny\u00edt\u00e1si rendszert, hogy tov\u00e1bbra is els\u0151 sz\u00e1m\u00fa partnerk\u00e9nt szolg\u00e1lhassuk ki \u00fcgyfeleinket.<\/p>\n\t<p>Kiv\u00e1l\u00f3 munka<\/p>\n<h4><strong>Min\u0151s\u00e9gi d\u00edjak<\/strong><\/h4>\n\t\t\t\t\t\t\t<img loading=\"lazy\" decoding=\"async\" src=\"https:\/\/www.acps-automotive.com\/wp-content\/uploads\/_media\/unternehmen\/qualitaet\/pokale.png\" alt=\"Qualit\u00e4t Pokale\" itemprop=\"image\" height=\"78\" width=\"399\" title=\"Qualit\u00e4t Pokale\" onerror=\"this.style.display='none'\"  sizes=\"auto, (max-width: 768px) 100vw, 100vw\" srcset=\"https:\/\/www.acps-automotive.com\/wp-content\/uploads\/_media\/unternehmen\/qualitaet\/pokale.png 399w, https:\/\/www.acps-automotive.com\/wp-content\/uploads\/_media\/unternehmen\/qualitaet\/pokale-300x59.png 300w, https:\/\/www.acps-automotive.com\/wp-content\/uploads\/_media\/unternehmen\/qualitaet\/pokale-315x62.png 315w\" \/>\t\t\t\t\t\t\t\n\t<p>Az ACPS Automotive rendszeresen kiemelked\u0151 teljes\u00edtm\u00e9nyt ny\u00fajt a min\u0151s\u00e9gi k\u00e9rd\u00e9sekben. \u00dcgyfeleink ez\u00e9rt folyamatosan min\u0151s\u00e9gi d\u00edjakkal jutalmaznak minket.<\/p>\n\n<\/div><!-- .vgblk-rw-wrapper -->","protected":false},"excerpt":{"rendered":"<p>Min\u0151s\u00e9g minden alapja Az ACPS Automotive sikeres min\u0151s\u00e9gir\u00e1ny\u00edt\u00e1s\u00e1nak alapja a vev\u0151i el\u00e9gedetts\u00e9g. Az ACPS Automotive minden egyes munkat\u00e1rsa &#8211; legyen az a fejleszt\u00e9si oszt\u00e1lyon, a gy\u00e1rt\u00e1sban vagy az adminisztr\u00e1ci\u00f3ban &#8211; hozz\u00e1j\u00e1rul a min\u0151s\u00e9gbiztos\u00edt\u00e1shoz. Szorosan egy\u00fcttm\u0171k\u00f6d\u00fcnk vev\u0151inkkel, partnereinkkel \u00e9s besz\u00e1ll\u00edt\u00f3inkkal. Az ACPS Automotive min\u0151s\u00e9gi szabv\u00e1nyai r\u00e9v\u00e9n biztos\u00edtjuk megold\u00e1saink, folyamataink \u00e9s szolg\u00e1ltat\u00e1saink min\u0151s\u00e9g\u00e9nek folyamatos jav\u00edt\u00e1s\u00e1t. \u201eAz ACPS&#8230;<\/p>\n","protected":false},"author":8,"featured_media":0,"parent":28081,"menu_order":4,"comment_status":"closed","ping_status":"closed","template":"","meta":{"inline_featured_image":false,"_price":"","_stock":"","_tribe_ticket_header":"","_tribe_default_ticket_provider":"","_tribe_ticket_capacity":"0","_ticket_start_date":"","_ticket_end_date":"","_tribe_ticket_show_description":"","_tribe_ticket_show_not_going":false,"_tribe_ticket_use_global_stock":"","_tribe_ticket_global_stock_level":"","_global_stock_mode":"","_global_stock_cap":"","_tribe_rsvp_for_event":"","_tribe_ticket_going_count":"","_tribe_ticket_not_going_count":"","_tribe_tickets_list":"[]","_tribe_ticket_has_attendee_info_fields":false,"footnotes":""},"class_list":["post-27501","page","type-page","status-publish","hentry"],"yoast_head":"<!-- This site is optimized with the Yoast SEO plugin v27.2 - https:\/\/yoast.com\/product\/yoast-seo-wordpress\/ -->\n<title>Kiv\u00e1l\u00f3 min\u0151s\u00e9g | ACPS Automotive<\/title>\n<meta name=\"description\" content=\"\u2713K\u00f6zponti min\u0151s\u00e9gir\u00e1ny\u00edt\u00e1s \u2713Legmagasabb szint\u0171 biztons\u00e1g \u00e9s min\u0151s\u00e9g \u2713Nemzetk\u00f6zi szabv\u00e1nyok szerint tan\u00fas\u00edtott \u25baGy\u0151z\u0151dj\u00f6n meg r\u00f3la saj\u00e1t maga!\" \/>\n<meta name=\"robots\" content=\"index, follow, max-snippet:-1, max-image-preview:large, max-video-preview:-1\" \/>\n<link rel=\"canonical\" href=\"https:\/\/www.acps-automotive.com\/hu\/vallalatok\/minoseg\/\" \/>\n<meta property=\"og:locale\" content=\"hu_HU\" \/>\n<meta property=\"og:type\" content=\"article\" \/>\n<meta property=\"og:title\" content=\"Kiv\u00e1l\u00f3 min\u0151s\u00e9g | ACPS Automotive\" \/>\n<meta property=\"og:description\" content=\"\u2713K\u00f6zponti min\u0151s\u00e9gir\u00e1ny\u00edt\u00e1s \u2713Legmagasabb szint\u0171 biztons\u00e1g \u00e9s min\u0151s\u00e9g \u2713Nemzetk\u00f6zi szabv\u00e1nyok szerint tan\u00fas\u00edtott \u25baGy\u0151z\u0151dj\u00f6n meg r\u00f3la saj\u00e1t maga!\" \/>\n<meta property=\"og:url\" content=\"https:\/\/www.acps-automotive.com\/hu\/vallalatok\/minoseg\/\" \/>\n<meta property=\"og:site_name\" content=\"ACPS Automotive GmbH\" \/>\n<meta property=\"article:modified_time\" content=\"2026-03-10T08:19:46+00:00\" \/>\n<meta property=\"og:image\" content=\"https:\/\/www.acps-automotive.com\/wp-content\/uploads\/_media\/_allgemein\/pfeil-text-einleitung.png\" \/>\n<meta name=\"twitter:card\" content=\"summary_large_image\" \/>\n<meta name=\"twitter:site\" content=\"@ACPS_Automotive\" \/>\n<meta name=\"twitter:label1\" content=\"Becs\u00fclt olvas\u00e1si id\u0151\" \/>\n\t<meta name=\"twitter:data1\" content=\"4 perc\" \/>\n<script type=\"application\/ld+json\" class=\"yoast-schema-graph\">{\"@context\":\"https:\/\/schema.org\",\"@graph\":[{\"@type\":\"WebPage\",\"@id\":\"https:\/\/www.acps-automotive.com\/hu\/vallalatok\/minoseg\/\",\"url\":\"https:\/\/www.acps-automotive.com\/hu\/vallalatok\/minoseg\/\",\"name\":\"Kiv\u00e1l\u00f3 min\u0151s\u00e9g | ACPS Automotive\",\"isPartOf\":{\"@id\":\"https:\/\/www.acps-automotive.com\/hu\/#website\"},\"primaryImageOfPage\":{\"@id\":\"https:\/\/www.acps-automotive.com\/hu\/vallalatok\/minoseg\/#primaryimage\"},\"image\":{\"@id\":\"https:\/\/www.acps-automotive.com\/hu\/vallalatok\/minoseg\/#primaryimage\"},\"thumbnailUrl\":\"https:\/\/www.acps-automotive.com\/wp-content\/uploads\/_media\/_allgemein\/pfeil-text-einleitung.png\",\"datePublished\":\"2025-12-17T10:05:36+00:00\",\"dateModified\":\"2026-03-10T08:19:46+00:00\",\"description\":\"\u2713K\u00f6zponti min\u0151s\u00e9gir\u00e1ny\u00edt\u00e1s \u2713Legmagasabb szint\u0171 biztons\u00e1g \u00e9s min\u0151s\u00e9g \u2713Nemzetk\u00f6zi szabv\u00e1nyok szerint tan\u00fas\u00edtott \u25baGy\u0151z\u0151dj\u00f6n meg r\u00f3la saj\u00e1t maga!\",\"breadcrumb\":{\"@id\":\"https:\/\/www.acps-automotive.com\/hu\/vallalatok\/minoseg\/#breadcrumb\"},\"inLanguage\":\"hu\",\"potentialAction\":[{\"@type\":\"ReadAction\",\"target\":[\"https:\/\/www.acps-automotive.com\/hu\/vallalatok\/minoseg\/\"]}]},{\"@type\":\"ImageObject\",\"inLanguage\":\"hu\",\"@id\":\"https:\/\/www.acps-automotive.com\/hu\/vallalatok\/minoseg\/#primaryimage\",\"url\":\"https:\/\/www.acps-automotive.com\/wp-content\/uploads\/_media\/_allgemein\/pfeil-text-einleitung.png\",\"contentUrl\":\"https:\/\/www.acps-automotive.com\/wp-content\/uploads\/_media\/_allgemein\/pfeil-text-einleitung.png\"},{\"@type\":\"BreadcrumbList\",\"@id\":\"https:\/\/www.acps-automotive.com\/hu\/vallalatok\/minoseg\/#breadcrumb\",\"itemListElement\":[{\"@type\":\"ListItem\",\"position\":1,\"name\":\"Startseite\",\"item\":\"https:\/\/www.acps-automotive.com\/hu\/\"},{\"@type\":\"ListItem\",\"position\":2,\"name\":\"V\u00e1llalatok\",\"item\":\"https:\/\/www.acps-automotive.com\/hu\/vallalatok\/\"},{\"@type\":\"ListItem\",\"position\":3,\"name\":\"Min\u0151s\u00e9g\"}]},{\"@type\":\"WebSite\",\"@id\":\"https:\/\/www.acps-automotive.com\/hu\/#website\",\"url\":\"https:\/\/www.acps-automotive.com\/hu\/\",\"name\":\"ACPS Automotive GmbH\",\"description\":\"Innovative Anh\u00e4ngekupplungen\",\"publisher\":{\"@id\":\"https:\/\/www.acps-automotive.com\/hu\/#organization\"},\"potentialAction\":[{\"@type\":\"SearchAction\",\"target\":{\"@type\":\"EntryPoint\",\"urlTemplate\":\"https:\/\/www.acps-automotive.com\/hu\/?s={search_term_string}\"},\"query-input\":{\"@type\":\"PropertyValueSpecification\",\"valueRequired\":true,\"valueName\":\"search_term_string\"}}],\"inLanguage\":\"hu\"},{\"@type\":\"Organization\",\"@id\":\"https:\/\/www.acps-automotive.com\/hu\/#organization\",\"name\":\"ACPS Automotive GmbH\",\"url\":\"https:\/\/www.acps-automotive.com\/hu\/\",\"logo\":{\"@type\":\"ImageObject\",\"inLanguage\":\"hu\",\"@id\":\"https:\/\/www.acps-automotive.com\/hu\/#\/schema\/logo\/image\/\",\"url\":\"https:\/\/www.acps-automotive.com\/wp-content\/uploads\/_media\/_allgemein\/Logo-Footer-ACPS-Automotive.png\",\"contentUrl\":\"https:\/\/www.acps-automotive.com\/wp-content\/uploads\/_media\/_allgemein\/Logo-Footer-ACPS-Automotive.png\",\"width\":239,\"height\":32,\"caption\":\"ACPS Automotive GmbH\"},\"image\":{\"@id\":\"https:\/\/www.acps-automotive.com\/hu\/#\/schema\/logo\/image\/\"},\"sameAs\":[\"https:\/\/x.com\/ACPS_Automotive\",\"https:\/\/www.linkedin.com\/company\/acps-automotive-gmbh\/\",\"https:\/\/www.instagram.com\/acps_ausbildung\/\",\"https:\/\/www.youtube.com\/channel\/UC2jxrgWwpxpkay2aHWV5SaQ\"]}]}<\/script>\n<!-- \/ Yoast SEO plugin. -->","yoast_head_json":{"title":"Kiv\u00e1l\u00f3 min\u0151s\u00e9g | ACPS Automotive","description":"\u2713K\u00f6zponti min\u0151s\u00e9gir\u00e1ny\u00edt\u00e1s \u2713Legmagasabb szint\u0171 biztons\u00e1g \u00e9s min\u0151s\u00e9g \u2713Nemzetk\u00f6zi szabv\u00e1nyok szerint tan\u00fas\u00edtott \u25baGy\u0151z\u0151dj\u00f6n meg r\u00f3la saj\u00e1t maga!","robots":{"index":"index","follow":"follow","max-snippet":"max-snippet:-1","max-image-preview":"max-image-preview:large","max-video-preview":"max-video-preview:-1"},"canonical":"https:\/\/www.acps-automotive.com\/hu\/vallalatok\/minoseg\/","og_locale":"hu_HU","og_type":"article","og_title":"Kiv\u00e1l\u00f3 min\u0151s\u00e9g | ACPS Automotive","og_description":"\u2713K\u00f6zponti min\u0151s\u00e9gir\u00e1ny\u00edt\u00e1s \u2713Legmagasabb szint\u0171 biztons\u00e1g \u00e9s min\u0151s\u00e9g \u2713Nemzetk\u00f6zi szabv\u00e1nyok szerint tan\u00fas\u00edtott \u25baGy\u0151z\u0151dj\u00f6n meg r\u00f3la saj\u00e1t maga!","og_url":"https:\/\/www.acps-automotive.com\/hu\/vallalatok\/minoseg\/","og_site_name":"ACPS Automotive GmbH","article_modified_time":"2026-03-10T08:19:46+00:00","og_image":[{"url":"https:\/\/www.acps-automotive.com\/wp-content\/uploads\/_media\/_allgemein\/pfeil-text-einleitung.png","type":"","width":"","height":""}],"twitter_card":"summary_large_image","twitter_site":"@ACPS_Automotive","twitter_misc":{"Becs\u00fclt olvas\u00e1si id\u0151":"4 perc"},"schema":{"@context":"https:\/\/schema.org","@graph":[{"@type":"WebPage","@id":"https:\/\/www.acps-automotive.com\/hu\/vallalatok\/minoseg\/","url":"https:\/\/www.acps-automotive.com\/hu\/vallalatok\/minoseg\/","name":"Kiv\u00e1l\u00f3 min\u0151s\u00e9g | ACPS Automotive","isPartOf":{"@id":"https:\/\/www.acps-automotive.com\/hu\/#website"},"primaryImageOfPage":{"@id":"https:\/\/www.acps-automotive.com\/hu\/vallalatok\/minoseg\/#primaryimage"},"image":{"@id":"https:\/\/www.acps-automotive.com\/hu\/vallalatok\/minoseg\/#primaryimage"},"thumbnailUrl":"https:\/\/www.acps-automotive.com\/wp-content\/uploads\/_media\/_allgemein\/pfeil-text-einleitung.png","datePublished":"2025-12-17T10:05:36+00:00","dateModified":"2026-03-10T08:19:46+00:00","description":"\u2713K\u00f6zponti min\u0151s\u00e9gir\u00e1ny\u00edt\u00e1s \u2713Legmagasabb szint\u0171 biztons\u00e1g \u00e9s min\u0151s\u00e9g \u2713Nemzetk\u00f6zi szabv\u00e1nyok szerint tan\u00fas\u00edtott \u25baGy\u0151z\u0151dj\u00f6n meg r\u00f3la saj\u00e1t maga!","breadcrumb":{"@id":"https:\/\/www.acps-automotive.com\/hu\/vallalatok\/minoseg\/#breadcrumb"},"inLanguage":"hu","potentialAction":[{"@type":"ReadAction","target":["https:\/\/www.acps-automotive.com\/hu\/vallalatok\/minoseg\/"]}]},{"@type":"ImageObject","inLanguage":"hu","@id":"https:\/\/www.acps-automotive.com\/hu\/vallalatok\/minoseg\/#primaryimage","url":"https:\/\/www.acps-automotive.com\/wp-content\/uploads\/_media\/_allgemein\/pfeil-text-einleitung.png","contentUrl":"https:\/\/www.acps-automotive.com\/wp-content\/uploads\/_media\/_allgemein\/pfeil-text-einleitung.png"},{"@type":"BreadcrumbList","@id":"https:\/\/www.acps-automotive.com\/hu\/vallalatok\/minoseg\/#breadcrumb","itemListElement":[{"@type":"ListItem","position":1,"name":"Startseite","item":"https:\/\/www.acps-automotive.com\/hu\/"},{"@type":"ListItem","position":2,"name":"V\u00e1llalatok","item":"https:\/\/www.acps-automotive.com\/hu\/vallalatok\/"},{"@type":"ListItem","position":3,"name":"Min\u0151s\u00e9g"}]},{"@type":"WebSite","@id":"https:\/\/www.acps-automotive.com\/hu\/#website","url":"https:\/\/www.acps-automotive.com\/hu\/","name":"ACPS Automotive GmbH","description":"Innovative Anh\u00e4ngekupplungen","publisher":{"@id":"https:\/\/www.acps-automotive.com\/hu\/#organization"},"potentialAction":[{"@type":"SearchAction","target":{"@type":"EntryPoint","urlTemplate":"https:\/\/www.acps-automotive.com\/hu\/?s={search_term_string}"},"query-input":{"@type":"PropertyValueSpecification","valueRequired":true,"valueName":"search_term_string"}}],"inLanguage":"hu"},{"@type":"Organization","@id":"https:\/\/www.acps-automotive.com\/hu\/#organization","name":"ACPS Automotive GmbH","url":"https:\/\/www.acps-automotive.com\/hu\/","logo":{"@type":"ImageObject","inLanguage":"hu","@id":"https:\/\/www.acps-automotive.com\/hu\/#\/schema\/logo\/image\/","url":"https:\/\/www.acps-automotive.com\/wp-content\/uploads\/_media\/_allgemein\/Logo-Footer-ACPS-Automotive.png","contentUrl":"https:\/\/www.acps-automotive.com\/wp-content\/uploads\/_media\/_allgemein\/Logo-Footer-ACPS-Automotive.png","width":239,"height":32,"caption":"ACPS Automotive GmbH"},"image":{"@id":"https:\/\/www.acps-automotive.com\/hu\/#\/schema\/logo\/image\/"},"sameAs":["https:\/\/x.com\/ACPS_Automotive","https:\/\/www.linkedin.com\/company\/acps-automotive-gmbh\/","https:\/\/www.instagram.com\/acps_ausbildung\/","https:\/\/www.youtube.com\/channel\/UC2jxrgWwpxpkay2aHWV5SaQ"]}]}},"_links":{"self":[{"href":"https:\/\/www.acps-automotive.com\/hu\/wp-json\/wp\/v2\/pages\/27501","targetHints":{"allow":["GET"]}}],"collection":[{"href":"https:\/\/www.acps-automotive.com\/hu\/wp-json\/wp\/v2\/pages"}],"about":[{"href":"https:\/\/www.acps-automotive.com\/hu\/wp-json\/wp\/v2\/types\/page"}],"author":[{"embeddable":true,"href":"https:\/\/www.acps-automotive.com\/hu\/wp-json\/wp\/v2\/users\/8"}],"replies":[{"embeddable":true,"href":"https:\/\/www.acps-automotive.com\/hu\/wp-json\/wp\/v2\/comments?post=27501"}],"version-history":[{"count":3,"href":"https:\/\/www.acps-automotive.com\/hu\/wp-json\/wp\/v2\/pages\/27501\/revisions"}],"predecessor-version":[{"id":29160,"href":"https:\/\/www.acps-automotive.com\/hu\/wp-json\/wp\/v2\/pages\/27501\/revisions\/29160"}],"up":[{"embeddable":true,"href":"https:\/\/www.acps-automotive.com\/hu\/wp-json\/wp\/v2\/pages\/28081"}],"wp:attachment":[{"href":"https:\/\/www.acps-automotive.com\/hu\/wp-json\/wp\/v2\/media?parent=27501"}],"curies":[{"name":"wp","href":"https:\/\/api.w.org\/{rel}","templated":true}]}}