{"id":27497,"date":"2025-12-17T11:03:57","date_gmt":"2025-12-17T10:03:57","guid":{"rendered":"https:\/\/www.acps-automotive.com\/?page_id=27497"},"modified":"2026-03-09T13:39:26","modified_gmt":"2026-03-09T12:39:26","slug":"gyartas","status":"publish","type":"page","link":"https:\/\/www.acps-automotive.com\/hu\/vallalatok\/gyartas\/","title":{"rendered":"Gy\u00e1rt\u00e1s"},"content":{"rendered":"<div class=\"vgblk-rw-wrapper limit-wrapper\">\n\n\t<h1><strong>K\u00f6zel az \u00fcgyfelekhez,<\/strong><br \/>\na piacokhoz \u00e9s az innov\u00e1ci\u00f3khoz<\/h1>\n\t<img loading=\"lazy\" decoding=\"async\" src=\"https:\/\/www.acps-automotive.com\/wp-content\/uploads\/_media\/_allgemein\/pfeil-text-einleitung.png\" alt=\"Pfeil Text Einleitung\" width=\"46\" height=\"69\" \/><br \/>\nGlob\u00e1lis fejleszt\u00e9si k\u00f6zpontjaink \u00e9s gy\u00e1rt\u00e1si telephelyeink r\u00e9v\u00e9n k\u00f6zel vagyunk \u00fcgyfeleinkhez, a piacokhoz \u00e9s az innov\u00e1ci\u00f3khoz. Er\u0151ss\u00e9geink k\u00f6z\u00e9 tartoznak a legmodernebb technol\u00f3gi\u00e1k a term\u00e9kfejleszt\u00e9s \u00e9s -gy\u00e1rt\u00e1s ter\u00e9n. Nap mint nap mintegy 1600 k\u00e9pzett \u00e9s tapasztalt munkat\u00e1rsunk bizony\u00edtja szak\u00e9rtelm\u00e9t a gy\u00e1rt\u00e1sban, \u00e9s gondoskodik arr\u00f3l, hogy \u00fcgyfeleink Eur\u00f3p\u00e1ban, \u00c9szak-Amerik\u00e1ban \u00e9s \u00c1zsi\u00e1ban pontosan \u00e9s megb\u00edzhat\u00f3an megkapj\u00e1k sz\u00e1ll\u00edtm\u00e1nyukat. Szak\u00e9rtelm\u00fck \u00e9s elk\u00f6telezetts\u00e9g\u00fck k\u00e9pezi az alapj\u00e1t az ACPS Automotive kiv\u00e1l\u00f3 min\u0151s\u00e9g\u00e9nek. T\u00f6bb \u00e9vtizedes tapasztalatunkkal \u00e9s a magas term\u00e9kig\u00e9nyek teljes\u00edt\u00e9s\u00e9re val\u00f3 k\u00e9pess\u00e9g\u00fcnkkel lelkes\u00edtj\u00fck \u00fcgyfeleinket. Munkat\u00e1rsaink sz\u00e9les k\u00f6r\u0171 speci\u00e1lis folyamatokat saj\u00e1t\u00edtottak el, a CNC-hajl\u00edt\u00e1st\u00f3l, alak\u00edt\u00e1st\u00f3l, forg\u00e1csol\u00e1st\u00f3l, fest\u00e9st\u0151l \u00e9s hegeszt\u00e9st\u0151l az \u00f6sszeszerel\u00e9sig, valamint az elektromos \u00e9s kinematikus vizsg\u00e1latokig. Szak\u00e9rtelm\u00fcnkkel meggy\u0151zz\u00fck az egym\u00e1ssal ellent\u00e9tes term\u00e9kig\u00e9nyeket: a nagy pontoss\u00e1g\u00fa mechatronikai rendszerek tal\u00e1lkoznak a szil\u00e1rd, er\u0151elnyel\u0151 kereszt- \u00e9s hosszanti tart\u00f3elemekkel az ac\u00e9lszerkezetekb\u0151l.\n\t<h4><strong>A mi Know-how-nk<\/strong><br \/>\na gy\u00e1rt\u00e1sban<\/h4>\n\t<h5>Szersz\u00e1mgy\u00e1rt\u00e1s<\/h5>\n<p>A gy\u00e1rt\u00e1si telephelyeinken tal\u00e1lhat\u00f3 szersz\u00e1mgy\u00e1rt\u00e1si r\u00e9szleg k\u00f6zponti szerepet j\u00e1tszik a m\u0171k\u00f6d\u00e9sben. Itt gy\u00e1rtj\u00e1k, tesztelik \u00e9s optimaliz\u00e1lj\u00e1k a tervez\u00e9si r\u00e9szlegben kor\u00e1bban kifejlesztett, a p\u00f3tkocsik gy\u00e1rt\u00e1s\u00e1hoz sz\u00fcks\u00e9ges szersz\u00e1mokat. A r\u00e9szleg munkat\u00e1rsai magasan k\u00e9pzett szakemberek, akik a legmodernebb szersz\u00e1mg\u00e9pekkel dolgoznak. Gondoskodnak arr\u00f3l, hogy a szersz\u00e1mok \u00e9s szerelv\u00e9nyek pontosan \u00e9s megb\u00edzhat\u00f3an m\u0171k\u00f6djenek, \u00edgy biztos\u00edtva a magas min\u0151s\u00e9g\u0171, ism\u00e9tl\u00e9si pontoss\u00e1g\u00fa gy\u00e1rt\u00e1st. Ezenk\u00edv\u00fcl felel\u0151sek a szersz\u00e1mok karbantart\u00e1s\u00e1\u00e9rt \u00e9s jav\u00edt\u00e1s\u00e1\u00e9rt is. A szersz\u00e1mgy\u00e1rt\u00e1si r\u00e9szleg d\u00f6nt\u0151 m\u00e9rt\u00e9kben hozz\u00e1j\u00e1rul a teljes gy\u00e1rt\u00e1si folyamat hat\u00e9konys\u00e1g\u00e1hoz \u00e9s min\u0151s\u00e9g\u00e9hez.<\/p>\n\t<p><img loading=\"lazy\" decoding=\"async\" src=\"https:\/\/www.acps-automotive.com\/wp-content\/uploads\/_media\/unternehmen\/fertigung-neu\/werkzeugbau.jpg\" alt=\"\" width=\"650\" height=\"400\" \/><\/p>\n\t<p><img loading=\"lazy\" decoding=\"async\" src=\"https:\/\/www.acps-automotive.com\/wp-content\/uploads\/_media\/unternehmen\/fertigung-neu\/vorfertigung-1.jpg\" alt=\"\" width=\"650\" height=\"400\" \/><\/p>\n\t<h5>El\u0151gy\u00e1rt\u00e1s I: L\u00e9zeres megmunk\u00e1l\u00e1s<\/h5>\n<p>A l\u00e9zerv\u00e1g\u00e1s d\u00f6nt\u0151 szerepet j\u00e1tszik a von\u00f3szerkezetek gy\u00e1rt\u00e1s\u00e1ban. Ebben a folyamatban a legt\u00f6bb sz\u00fcks\u00e9ges alkatr\u00e9sz k\u00f6zvetlen\u00fcl a helysz\u00ednen k\u00e9sz\u00fcl ac\u00e9llemezekb\u0151l. A legmodernebb l\u00e9zertechnol\u00f3gia alkalmaz\u00e1s\u00e1val a legk\u00fcl\u00f6nb\u00f6z\u0151bb form\u00e1j\u00fa \u00e9s anyagvastags\u00e1g\u00fa alkatr\u00e9szek gy\u00e1rthat\u00f3k. A l\u00e9zerv\u00e1g\u00e1s garant\u00e1lja a legmagasabb pontoss\u00e1got \u00e9s ism\u00e9telhet\u0151s\u00e9get, ami biztos\u00edtja a z\u00f6kken\u0151mentes gy\u00e1rt\u00e1st.<\/p>\n\t<h5>El\u0151gy\u00e1rt\u00e1s II: form\u00e1z\u00e1s, v\u00e1g\u00e1s, sajtol\u00e1s<\/h5>\n<p>A von\u00f3szerkezetek gy\u00e1rt\u00e1sa a k\u00f6vetkez\u0151 l\u00e9p\u00e9sben az el\u0151k\u00e9sz\u00edt\u00e9si ter\u00fcletre ker\u00fcl, ahol az alkatr\u00e9szeket hajl\u00edtj\u00e1k, sajtolj\u00e1k \u00e9s v\u00e1gj\u00e1k. Itt els\u0151sorban azokat az alkatr\u00e9szeket dolgozz\u00e1k tov\u00e1bb, amelyeket kor\u00e1bban a l\u00e9zeroszt\u00e1lyon l\u00e9zerrel v\u00e1gtak ki a f\u00e9mlemezekb\u0151l. De a beszerzett alkatr\u00e9szeket is tov\u00e1bb dolgozzuk a sz\u00e1munkra sz\u00fcks\u00e9ges geometri\u00e1ra.<\/p>\n\t<p><img loading=\"lazy\" decoding=\"async\" src=\"https:\/\/www.acps-automotive.com\/wp-content\/uploads\/_media\/unternehmen\/fertigung-neu\/vorfertigung-2.jpg\" alt=\"\" width=\"650\" height=\"400\" \/><\/p>\n\t<p><img loading=\"lazy\" decoding=\"async\" src=\"https:\/\/www.acps-automotive.com\/wp-content\/uploads\/_media\/unternehmen\/fertigung-neu\/vorfertigung-3.jpg\" alt=\"\" width=\"650\" height=\"400\" \/><\/p>\n\t<h5>El\u0151gy\u00e1rt\u00e1s III: CNC-megmunk\u00e1l\u00e1s<\/h5>\n<p>A p\u00f3tkocsi-csatlakoz\u00f3k gy\u00e1rt\u00f3\u00fczemeinkben v\u00e9gzett CNC-megmunk\u00e1l\u00e1s sor\u00e1n kov\u00e1csolt alkatr\u00e9szeket, p\u00e9ld\u00e1ul g\u00f6mbcsukl\u00f3kat \u00e9s kov\u00e1csolt k\u00f6z\u00e9pr\u00e9szeket, valamint karim\u00e1s lemezeket is megmunk\u00e1lunk. A nyers, kov\u00e1csolt vagy l\u00e9zerrel v\u00e1gott alkatr\u00e9szeket modern CNC-g\u00e9pekkel megmunk\u00e1ljuk, hogy el\u00e9rj\u00fck a v\u00e9gleges form\u00e1t. Forg\u00e1csol\u00e1ssal, mar\u00e1ssal \u00e9s f\u00far\u00e1ssal alak\u00edtjuk ki az alkatr\u00e9szeket gy\u00e1rt\u00f3\u00fczemeinkben, \u00e9s k\u00e9sz\u00edtj\u00fck el\u0151 \u0151ket a k\u00f6vetkez\u0151 munkafolyamatokra. A megmunk\u00e1lt alkatr\u00e9szeket ezut\u00e1n bels\u0151leg tov\u00e1bbfeldolgozzuk fest\u00e9s, h\u0151kezel\u00e9s \u00e9s egy\u00e9b fel\u00fcletkezel\u00e9sek c\u00e9lj\u00e1b\u00f3l, vagy k\u00fcls\u0151 szolg\u00e1ltat\u00f3knak k\u00fcldj\u00fck el, hogy optim\u00e1lis korr\u00f3zi\u00f3v\u00e9delmet biztos\u00edtsunk. A megmunk\u00e1lt karim\u00e1s lemezek viszont k\u00f6zvetlen\u00fcl a hegeszt\u0151m\u0171helybe ker\u00fclnek, ahol hegesztik \u0151ket.<\/p>\n\t<h5>Hegeszt\u00e9s<\/h5>\nVon\u00f3horogunk biztons\u00e1gi term\u00e9k, ez\u00e9rt rendk\u00edv\u00fcl fontos, hogy fejleszt\u00e9se \u00e9s gy\u00e1rt\u00e1sa megfeleljen a szab\u00e1lyoz\u00e1si, \u00fcgyf\u00e9lspecifikus \u00e9s magas ACPS Automotive k\u00f6vetelm\u00e9nyeknek. K\u00fcl\u00f6n\u00f6s figyelmet ford\u00edtunk a hegeszt\u00e9sre, amely kritikus folyamat, \u00e9s t\u00f6bb \u00e9vtizedes tapasztalatunkra \u00e9s szak\u00e9rtelm\u00fcnkre t\u00e1maszkodunk. A MAG hegeszt\u00e9s a von\u00f3horog standard elj\u00e1r\u00e1sak\u00e9nt v\u00e1lt elfogadott\u00e1, ehhez hegeszt\u0151robotokat haszn\u00e1lunk, amelyek garant\u00e1lj\u00e1k a legmagasabb reproduk\u00e1lhat\u00f3s\u00e1got \u00e9s min\u0151s\u00e9get, bele\u00e9rtve a gy\u00e1rt\u00e1si adatok dokument\u00e1l\u00e1s\u00e1t \u00e9s ki\u00e9rt\u00e9kel\u00e9s\u00e9t is.<br \/>\nEgy gy\u00e1rt\u00f3\u00fczemben hegeszt\u0151k\u00e9nt nagyon fontos a magas min\u0151s\u00e9gtudatoss\u00e1g \u00e9s az er\u0151s felel\u0151ss\u00e9g\u00e9rzet. A megb\u00edzhat\u00f3 munkav\u00e9gz\u00e9s szint\u00e9n elengedhetetlen, mivel minden hegeszt\u00e9si folyamat d\u00f6nt\u0151 m\u00e9rt\u00e9kben hozz\u00e1j\u00e1rul a v\u00e9gterm\u00e9k magas min\u0151s\u00e9g\u00e9hez \u00e9s biztons\u00e1g\u00e1hoz. A hegeszt\u0151 ez\u00e9rt nagy felel\u0151ss\u00e9get visel a teljes gy\u00e1rt\u00e1si folyamat min\u0151s\u00e9g\u00e9\u00e9rt \u00e9s siker\u00e9\u00e9rt.\n\t<p><img loading=\"lazy\" decoding=\"async\" src=\"https:\/\/www.acps-automotive.com\/wp-content\/uploads\/_media\/unternehmen\/fertigung-neu\/schweissen.jpg\" alt=\"\" width=\"650\" height=\"400\" \/><\/p>\n\t<p><img loading=\"lazy\" decoding=\"async\" src=\"https:\/\/www.acps-automotive.com\/wp-content\/uploads\/_media\/unternehmen\/fertigung-neu\/lackieren.jpg\" alt=\"\" width=\"650\" height=\"400\" \/><\/p>\n\t<h5>Lakkoz\u00e1s<\/h5>\n<p>Az alkatr\u00e9sz bevonata a hegeszt\u00e9s ut\u00e1n a k\u00f6vetkez\u0151 fontos l\u00e9p\u00e9s. A hossz\u00fa \u00e9lettartam \u00e9s a magas funkcionalit\u00e1s biztos\u00edt\u00e1sa \u00e9rdek\u00e9ben a KTL-elj\u00e1r\u00e1st (kat\u00f3dos mer\u00fcl\u0151fest\u00e9s) alkalmazzuk, amelyet szinte minden term\u00e9k\u00fcnkn\u00e9l haszn\u00e1lunk. Ez a m\u00f3dszer hat\u00e9kony korr\u00f3zi\u00f3v\u00e9delmet biztos\u00edt term\u00e9keinknek. A mer\u00fcl\u0151fest\u00e9snek k\u00f6sz\u00f6nhet\u0151en az alkatr\u00e9szek egyenletes fel\u00fcleti v\u00e9delmet kapnak.<\/p>\n\t<h5>G\u00f6mbcsukl\u00f3s szerel\u00e9s \/ el\u0151szerel\u00e9s<\/h5>\n<p>A g\u00f6mbcsukl\u00f3s szerel\u00e9s d\u00f6nt\u0151 szerepet j\u00e1tszik a von\u00f3szerkezetek gy\u00e1rt\u00e1s\u00e1ban, \u00e9s manu\u00e1lis, f\u00e9lautomata vagy teljesen automata elj\u00e1r\u00e1sokkal, robotcell\u00e1kban is elv\u00e9gezhet\u0151. Ez\u00e1ltal rugalmasan tudunk alkalmazkodni az \u00fcgyfelek ig\u00e9nyeihez, \u00e9s nagy- \u00e9s kis sorozatokat is gazdas\u00e1gosan tudunk gy\u00e1rtani a min\u0151s\u00e9gi k\u00f6vetelm\u00e9nyek betart\u00e1sa mellett.<\/p>\n\t<p><img loading=\"lazy\" decoding=\"async\" src=\"https:\/\/www.acps-automotive.com\/wp-content\/uploads\/_media\/unternehmen\/fertigung-neu\/kugelhalsmontage.jpg\" alt=\"\" width=\"650\" height=\"400\" \/><\/p>\n\t<p><img loading=\"lazy\" decoding=\"async\" src=\"https:\/\/www.acps-automotive.com\/wp-content\/uploads\/_media\/unternehmen\/fertigung-neu\/endmontage.jpg\" alt=\"\" width=\"650\" height=\"400\" \/><\/p>\n\t<h5>V\u00e9gs\u0151 \u00f6sszeszerel\u00e9s<\/h5>\n<p>A p\u00f3tkocsi-csatlakoz\u00f3k gy\u00e1rt\u00f3\u00fczem\u00fcnkben a v\u00e9gs\u0151 \u00f6sszeszerel\u00e9s k\u00f6zponti jelent\u0151s\u00e9g\u0171. Itt a forg\u00f3rendszert (E5, E3, H5D \u00e9s M5) &#8211; az el\u0151szerel\u00e9s v\u00e9gterm\u00e9k\u00e9t &#8211; a keresztgerend\u00e1ra &#8211; a hegeszt\u0151\u00fczem v\u00e9gterm\u00e9k\u00e9re &#8211; szerelik fel, \u00e9s tov\u00e1bbi szerel\u00e9si l\u00e9p\u00e9sekkel k\u00e9sz\u00edtik el a v\u00e9gterm\u00e9ket. A folyamat v\u00e9g\u00e9n az \u00f6sszes k\u00e9sz csatlakoz\u00f3t teszt\u00e1llv\u00e1nyokon ellen\u0151rzik, hogy megbizonyosodjanak azok hib\u00e1tlan m\u0171k\u00f6d\u00e9s\u00e9r\u0151l \u00e9s arr\u00f3l, hogy megfelelnek \u00fcgyfeleink magas k\u00f6vetelm\u00e9nyeinek.<\/p>\n\t<h4><strong>Optimaliz\u00e1lt logisztika<\/strong><br \/>\na z\u00f6kken\u0151mentes gy\u00e1rt\u00e1si folyamat \u00e9rdek\u00e9ben<\/h4>\n\t<p>A rakt\u00e1roz\u00e1s \u00e9s logisztika ter\u00fclet fontos r\u00e9sze gy\u00e1rt\u00f3\u00fczemeinknek. A folyamatos anyagell\u00e1t\u00e1s biztos\u00edt\u00e1sa rendk\u00edv\u00fcl fontos a gy\u00e1rt\u00e1si hat\u00e9konys\u00e1g garant\u00e1l\u00e1sa \u00e9s a k\u00f6zvetlen \u00fcgyf\u00e9lig\u00e9nyek kiel\u00e9g\u00edt\u00e9se \u00e9rdek\u00e9ben. Ennek el\u00e9r\u00e9se \u00e9rdek\u00e9ben a v\u00e1llalat rendelkezik elegend\u0151 rakt\u00e1rter\u00fclettel a nyersanyagok, f\u00e9lk\u00e9sz \u00e9s k\u00e9szterm\u00e9kek t\u00e1rol\u00e1s\u00e1hoz. A rakt\u00e1rk\u00e9szletek hat\u00e9kony kezel\u00e9s\u00e9t tapasztalt logisztikai szakemberek biztos\u00edtj\u00e1k modern berendez\u00e9sek \u00e9s ERP-rendszerek seg\u00edts\u00e9g\u00e9vel az \u00fczemi er\u0151forr\u00e1sok tervez\u00e9s\u00e9hez. Az els\u0151 oszt\u00e1ly\u00fa logisztikai felszerelts\u00e9g \u00e9s a szak\u00e9rtelem kombin\u00e1ci\u00f3ja megb\u00edzhat\u00f3 \u00e9s hat\u00e9kony anyagbeszerz\u00e9st \u00e9s gy\u00e1rt\u00e1sir\u00e1ny\u00edt\u00e1st tesz lehet\u0151v\u00e9.<\/p>\n\t<p><img loading=\"lazy\" decoding=\"async\" src=\"https:\/\/www.acps-automotive.com\/wp-content\/uploads\/_media\/unternehmen\/fertigung-neu\/logistik.jpg\" alt=\"\" width=\"650\" height=\"400\" \/><\/p>\n\t<h4><strong>Cs\u00facstechnol\u00f3gi\u00e1s kutat\u00e1s \u00e9s fejleszt\u00e9s<\/strong><br \/>\na gy\u00e1rt\u00e1si helysz\u00edneken<\/h4>\n\t<p>A kecskem\u00e9ti (Magyarorsz\u00e1g) \u00e9s a quer\u00e9tar\u00f3i (Mexik\u00f3) kutat\u00e1si \u00e9s fejleszt\u00e9si r\u00e9szlegek fontos szerepet t\u00f6ltenek be e k\u00e9t telephelyen. F\u0151 tev\u00e9kenys\u00e9g\u00fck a von\u00f3szerkezetek fejleszt\u00e9se, a tervez\u00e9st\u0151l a gy\u00e1rt\u00e1sba val\u00f3 integr\u00e1l\u00e1sig. Ez mag\u00e1ban foglalja az eredeti \u00e9s ut\u00f3lagosan felszerelhet\u0151 von\u00f3szerkezetek tervez\u00e9s\u00e9t, protot\u00edpusok gy\u00e1rt\u00e1s\u00e1t, azok j\u00e1rm\u0171vekbe t\u00f6rt\u00e9n\u0151 beszerel\u00e9s\u00e9t, tesztel\u00e9s\u00e9t \u00e9s a gy\u00e1rt\u00e1sba val\u00f3 be\u00e9p\u00edt\u00e9s\u00e9t. Tapasztalt m\u00e9rn\u00f6k\u00f6k modern CAx szoftverek seg\u00edts\u00e9g\u00e9vel innovat\u00edv \u00e9s kiv\u00e1l\u00f3 min\u0151s\u00e9g\u0171 von\u00f3szerkezeteket fejlesztenek, amelyeket gondosan tesztelnek az optim\u00e1lis m\u0171k\u00f6d\u00e9s biztos\u00edt\u00e1sa \u00e9rdek\u00e9ben.<\/p>\n\t<p><img loading=\"lazy\" decoding=\"async\" src=\"https:\/\/www.acps-automotive.com\/wp-content\/uploads\/_media\/unternehmen\/fertigung-neu\/forschung.jpg\" alt=\"\" width=\"650\" height=\"400\" \/><\/p>\n\n<\/div><!-- .vgblk-rw-wrapper -->","protected":false},"excerpt":{"rendered":"<p>K\u00f6zel az \u00fcgyfelekhez, a piacokhoz \u00e9s az innov\u00e1ci\u00f3khoz Glob\u00e1lis fejleszt\u00e9si k\u00f6zpontjaink \u00e9s gy\u00e1rt\u00e1si telephelyeink r\u00e9v\u00e9n k\u00f6zel vagyunk \u00fcgyfeleinkhez, a piacokhoz \u00e9s az innov\u00e1ci\u00f3khoz. Er\u0151ss\u00e9geink k\u00f6z\u00e9 tartoznak a legmodernebb technol\u00f3gi\u00e1k a term\u00e9kfejleszt\u00e9s \u00e9s -gy\u00e1rt\u00e1s ter\u00e9n. Nap mint nap mintegy 1600 k\u00e9pzett \u00e9s tapasztalt munkat\u00e1rsunk bizony\u00edtja szak\u00e9rtelm\u00e9t a gy\u00e1rt\u00e1sban, \u00e9s gondoskodik arr\u00f3l, hogy \u00fcgyfeleink Eur\u00f3p\u00e1ban, \u00c9szak-Amerik\u00e1ban \u00e9s&#8230;<\/p>\n","protected":false},"author":8,"featured_media":0,"parent":28081,"menu_order":3,"comment_status":"closed","ping_status":"closed","template":"","meta":{"inline_featured_image":false,"_price":"","_stock":"","_tribe_ticket_header":"","_tribe_default_ticket_provider":"","_tribe_ticket_capacity":"0","_ticket_start_date":"","_ticket_end_date":"","_tribe_ticket_show_description":"","_tribe_ticket_show_not_going":false,"_tribe_ticket_use_global_stock":"","_tribe_ticket_global_stock_level":"","_global_stock_mode":"","_global_stock_cap":"","_tribe_rsvp_for_event":"","_tribe_ticket_going_count":"","_tribe_ticket_not_going_count":"","_tribe_tickets_list":"[]","_tribe_ticket_has_attendee_info_fields":false,"footnotes":""},"class_list":["post-27497","page","type-page","status-publish","hentry"],"yoast_head":"<!-- This site is optimized with the Yoast SEO plugin v27.2 - https:\/\/yoast.com\/product\/yoast-seo-wordpress\/ -->\n<title>Innovat\u00edv gy\u00e1rt\u00e1s | ACPS Automotive<\/title>\n<meta name=\"description\" content=\"\u2713glob\u00e1lis \u00e9s \u00fcgyf\u00e9lk\u00f6zpont\u00fa \u2713nagy pontoss\u00e1g\u00fa gy\u00e1rt\u00e1s \u2713innovat\u00edv technol\u00f3gi\u00e1k \u25baGy\u0151z\u0151dj\u00f6n meg saj\u00e1t szem\u00e9vel szak\u00e9rtelm\u00fcnkr\u0151l!\" \/>\n<meta name=\"robots\" content=\"index, follow, max-snippet:-1, max-image-preview:large, max-video-preview:-1\" \/>\n<link rel=\"canonical\" href=\"https:\/\/www.acps-automotive.com\/hu\/vallalatok\/gyartas\/\" \/>\n<meta property=\"og:locale\" content=\"hu_HU\" \/>\n<meta property=\"og:type\" content=\"article\" \/>\n<meta property=\"og:title\" content=\"Innovat\u00edv gy\u00e1rt\u00e1s | ACPS Automotive\" \/>\n<meta property=\"og:description\" content=\"\u2713glob\u00e1lis \u00e9s \u00fcgyf\u00e9lk\u00f6zpont\u00fa \u2713nagy pontoss\u00e1g\u00fa gy\u00e1rt\u00e1s \u2713innovat\u00edv technol\u00f3gi\u00e1k \u25baGy\u0151z\u0151dj\u00f6n meg saj\u00e1t szem\u00e9vel szak\u00e9rtelm\u00fcnkr\u0151l!\" \/>\n<meta property=\"og:url\" content=\"https:\/\/www.acps-automotive.com\/hu\/vallalatok\/gyartas\/\" \/>\n<meta property=\"og:site_name\" content=\"ACPS Automotive GmbH\" \/>\n<meta property=\"article:modified_time\" content=\"2026-03-09T12:39:26+00:00\" \/>\n<meta property=\"og:image\" content=\"https:\/\/www.acps-automotive.com\/wp-content\/uploads\/_media\/_allgemein\/pfeil-text-einleitung.png\" \/>\n<meta name=\"twitter:card\" content=\"summary_large_image\" \/>\n<meta name=\"twitter:site\" content=\"@ACPS_Automotive\" \/>\n<meta name=\"twitter:label1\" content=\"Becs\u00fclt olvas\u00e1si id\u0151\" \/>\n\t<meta name=\"twitter:data1\" content=\"7 perc\" \/>\n<script type=\"application\/ld+json\" class=\"yoast-schema-graph\">{\"@context\":\"https:\/\/schema.org\",\"@graph\":[{\"@type\":\"WebPage\",\"@id\":\"https:\/\/www.acps-automotive.com\/hu\/vallalatok\/gyartas\/\",\"url\":\"https:\/\/www.acps-automotive.com\/hu\/vallalatok\/gyartas\/\",\"name\":\"Innovat\u00edv gy\u00e1rt\u00e1s | ACPS Automotive\",\"isPartOf\":{\"@id\":\"https:\/\/www.acps-automotive.com\/hu\/#website\"},\"primaryImageOfPage\":{\"@id\":\"https:\/\/www.acps-automotive.com\/hu\/vallalatok\/gyartas\/#primaryimage\"},\"image\":{\"@id\":\"https:\/\/www.acps-automotive.com\/hu\/vallalatok\/gyartas\/#primaryimage\"},\"thumbnailUrl\":\"https:\/\/www.acps-automotive.com\/wp-content\/uploads\/_media\/_allgemein\/pfeil-text-einleitung.png\",\"datePublished\":\"2025-12-17T10:03:57+00:00\",\"dateModified\":\"2026-03-09T12:39:26+00:00\",\"description\":\"\u2713glob\u00e1lis \u00e9s \u00fcgyf\u00e9lk\u00f6zpont\u00fa \u2713nagy pontoss\u00e1g\u00fa gy\u00e1rt\u00e1s \u2713innovat\u00edv technol\u00f3gi\u00e1k \u25baGy\u0151z\u0151dj\u00f6n meg saj\u00e1t szem\u00e9vel szak\u00e9rtelm\u00fcnkr\u0151l!\",\"breadcrumb\":{\"@id\":\"https:\/\/www.acps-automotive.com\/hu\/vallalatok\/gyartas\/#breadcrumb\"},\"inLanguage\":\"hu\",\"potentialAction\":[{\"@type\":\"ReadAction\",\"target\":[\"https:\/\/www.acps-automotive.com\/hu\/vallalatok\/gyartas\/\"]}]},{\"@type\":\"ImageObject\",\"inLanguage\":\"hu\",\"@id\":\"https:\/\/www.acps-automotive.com\/hu\/vallalatok\/gyartas\/#primaryimage\",\"url\":\"https:\/\/www.acps-automotive.com\/wp-content\/uploads\/_media\/_allgemein\/pfeil-text-einleitung.png\",\"contentUrl\":\"https:\/\/www.acps-automotive.com\/wp-content\/uploads\/_media\/_allgemein\/pfeil-text-einleitung.png\"},{\"@type\":\"BreadcrumbList\",\"@id\":\"https:\/\/www.acps-automotive.com\/hu\/vallalatok\/gyartas\/#breadcrumb\",\"itemListElement\":[{\"@type\":\"ListItem\",\"position\":1,\"name\":\"Startseite\",\"item\":\"https:\/\/www.acps-automotive.com\/hu\/\"},{\"@type\":\"ListItem\",\"position\":2,\"name\":\"V\u00e1llalatok\",\"item\":\"https:\/\/www.acps-automotive.com\/hu\/vallalatok\/\"},{\"@type\":\"ListItem\",\"position\":3,\"name\":\"Gy\u00e1rt\u00e1s\"}]},{\"@type\":\"WebSite\",\"@id\":\"https:\/\/www.acps-automotive.com\/hu\/#website\",\"url\":\"https:\/\/www.acps-automotive.com\/hu\/\",\"name\":\"ACPS Automotive GmbH\",\"description\":\"Innovative Anh\u00e4ngekupplungen\",\"publisher\":{\"@id\":\"https:\/\/www.acps-automotive.com\/hu\/#organization\"},\"potentialAction\":[{\"@type\":\"SearchAction\",\"target\":{\"@type\":\"EntryPoint\",\"urlTemplate\":\"https:\/\/www.acps-automotive.com\/hu\/?s={search_term_string}\"},\"query-input\":{\"@type\":\"PropertyValueSpecification\",\"valueRequired\":true,\"valueName\":\"search_term_string\"}}],\"inLanguage\":\"hu\"},{\"@type\":\"Organization\",\"@id\":\"https:\/\/www.acps-automotive.com\/hu\/#organization\",\"name\":\"ACPS Automotive GmbH\",\"url\":\"https:\/\/www.acps-automotive.com\/hu\/\",\"logo\":{\"@type\":\"ImageObject\",\"inLanguage\":\"hu\",\"@id\":\"https:\/\/www.acps-automotive.com\/hu\/#\/schema\/logo\/image\/\",\"url\":\"https:\/\/www.acps-automotive.com\/wp-content\/uploads\/_media\/_allgemein\/Logo-Footer-ACPS-Automotive.png\",\"contentUrl\":\"https:\/\/www.acps-automotive.com\/wp-content\/uploads\/_media\/_allgemein\/Logo-Footer-ACPS-Automotive.png\",\"width\":239,\"height\":32,\"caption\":\"ACPS Automotive GmbH\"},\"image\":{\"@id\":\"https:\/\/www.acps-automotive.com\/hu\/#\/schema\/logo\/image\/\"},\"sameAs\":[\"https:\/\/x.com\/ACPS_Automotive\",\"https:\/\/www.linkedin.com\/company\/acps-automotive-gmbh\/\",\"https:\/\/www.instagram.com\/acps_ausbildung\/\",\"https:\/\/www.youtube.com\/channel\/UC2jxrgWwpxpkay2aHWV5SaQ\"]}]}<\/script>\n<!-- \/ Yoast SEO plugin. -->","yoast_head_json":{"title":"Innovat\u00edv gy\u00e1rt\u00e1s | ACPS Automotive","description":"\u2713glob\u00e1lis \u00e9s \u00fcgyf\u00e9lk\u00f6zpont\u00fa \u2713nagy pontoss\u00e1g\u00fa gy\u00e1rt\u00e1s \u2713innovat\u00edv technol\u00f3gi\u00e1k \u25baGy\u0151z\u0151dj\u00f6n meg saj\u00e1t szem\u00e9vel szak\u00e9rtelm\u00fcnkr\u0151l!","robots":{"index":"index","follow":"follow","max-snippet":"max-snippet:-1","max-image-preview":"max-image-preview:large","max-video-preview":"max-video-preview:-1"},"canonical":"https:\/\/www.acps-automotive.com\/hu\/vallalatok\/gyartas\/","og_locale":"hu_HU","og_type":"article","og_title":"Innovat\u00edv gy\u00e1rt\u00e1s | ACPS Automotive","og_description":"\u2713glob\u00e1lis \u00e9s \u00fcgyf\u00e9lk\u00f6zpont\u00fa \u2713nagy pontoss\u00e1g\u00fa gy\u00e1rt\u00e1s \u2713innovat\u00edv technol\u00f3gi\u00e1k \u25baGy\u0151z\u0151dj\u00f6n meg saj\u00e1t szem\u00e9vel szak\u00e9rtelm\u00fcnkr\u0151l!","og_url":"https:\/\/www.acps-automotive.com\/hu\/vallalatok\/gyartas\/","og_site_name":"ACPS Automotive GmbH","article_modified_time":"2026-03-09T12:39:26+00:00","og_image":[{"url":"https:\/\/www.acps-automotive.com\/wp-content\/uploads\/_media\/_allgemein\/pfeil-text-einleitung.png","type":"","width":"","height":""}],"twitter_card":"summary_large_image","twitter_site":"@ACPS_Automotive","twitter_misc":{"Becs\u00fclt olvas\u00e1si id\u0151":"7 perc"},"schema":{"@context":"https:\/\/schema.org","@graph":[{"@type":"WebPage","@id":"https:\/\/www.acps-automotive.com\/hu\/vallalatok\/gyartas\/","url":"https:\/\/www.acps-automotive.com\/hu\/vallalatok\/gyartas\/","name":"Innovat\u00edv gy\u00e1rt\u00e1s | ACPS Automotive","isPartOf":{"@id":"https:\/\/www.acps-automotive.com\/hu\/#website"},"primaryImageOfPage":{"@id":"https:\/\/www.acps-automotive.com\/hu\/vallalatok\/gyartas\/#primaryimage"},"image":{"@id":"https:\/\/www.acps-automotive.com\/hu\/vallalatok\/gyartas\/#primaryimage"},"thumbnailUrl":"https:\/\/www.acps-automotive.com\/wp-content\/uploads\/_media\/_allgemein\/pfeil-text-einleitung.png","datePublished":"2025-12-17T10:03:57+00:00","dateModified":"2026-03-09T12:39:26+00:00","description":"\u2713glob\u00e1lis \u00e9s \u00fcgyf\u00e9lk\u00f6zpont\u00fa \u2713nagy pontoss\u00e1g\u00fa gy\u00e1rt\u00e1s \u2713innovat\u00edv technol\u00f3gi\u00e1k \u25baGy\u0151z\u0151dj\u00f6n meg saj\u00e1t szem\u00e9vel szak\u00e9rtelm\u00fcnkr\u0151l!","breadcrumb":{"@id":"https:\/\/www.acps-automotive.com\/hu\/vallalatok\/gyartas\/#breadcrumb"},"inLanguage":"hu","potentialAction":[{"@type":"ReadAction","target":["https:\/\/www.acps-automotive.com\/hu\/vallalatok\/gyartas\/"]}]},{"@type":"ImageObject","inLanguage":"hu","@id":"https:\/\/www.acps-automotive.com\/hu\/vallalatok\/gyartas\/#primaryimage","url":"https:\/\/www.acps-automotive.com\/wp-content\/uploads\/_media\/_allgemein\/pfeil-text-einleitung.png","contentUrl":"https:\/\/www.acps-automotive.com\/wp-content\/uploads\/_media\/_allgemein\/pfeil-text-einleitung.png"},{"@type":"BreadcrumbList","@id":"https:\/\/www.acps-automotive.com\/hu\/vallalatok\/gyartas\/#breadcrumb","itemListElement":[{"@type":"ListItem","position":1,"name":"Startseite","item":"https:\/\/www.acps-automotive.com\/hu\/"},{"@type":"ListItem","position":2,"name":"V\u00e1llalatok","item":"https:\/\/www.acps-automotive.com\/hu\/vallalatok\/"},{"@type":"ListItem","position":3,"name":"Gy\u00e1rt\u00e1s"}]},{"@type":"WebSite","@id":"https:\/\/www.acps-automotive.com\/hu\/#website","url":"https:\/\/www.acps-automotive.com\/hu\/","name":"ACPS Automotive GmbH","description":"Innovative Anh\u00e4ngekupplungen","publisher":{"@id":"https:\/\/www.acps-automotive.com\/hu\/#organization"},"potentialAction":[{"@type":"SearchAction","target":{"@type":"EntryPoint","urlTemplate":"https:\/\/www.acps-automotive.com\/hu\/?s={search_term_string}"},"query-input":{"@type":"PropertyValueSpecification","valueRequired":true,"valueName":"search_term_string"}}],"inLanguage":"hu"},{"@type":"Organization","@id":"https:\/\/www.acps-automotive.com\/hu\/#organization","name":"ACPS Automotive GmbH","url":"https:\/\/www.acps-automotive.com\/hu\/","logo":{"@type":"ImageObject","inLanguage":"hu","@id":"https:\/\/www.acps-automotive.com\/hu\/#\/schema\/logo\/image\/","url":"https:\/\/www.acps-automotive.com\/wp-content\/uploads\/_media\/_allgemein\/Logo-Footer-ACPS-Automotive.png","contentUrl":"https:\/\/www.acps-automotive.com\/wp-content\/uploads\/_media\/_allgemein\/Logo-Footer-ACPS-Automotive.png","width":239,"height":32,"caption":"ACPS Automotive GmbH"},"image":{"@id":"https:\/\/www.acps-automotive.com\/hu\/#\/schema\/logo\/image\/"},"sameAs":["https:\/\/x.com\/ACPS_Automotive","https:\/\/www.linkedin.com\/company\/acps-automotive-gmbh\/","https:\/\/www.instagram.com\/acps_ausbildung\/","https:\/\/www.youtube.com\/channel\/UC2jxrgWwpxpkay2aHWV5SaQ"]}]}},"_links":{"self":[{"href":"https:\/\/www.acps-automotive.com\/hu\/wp-json\/wp\/v2\/pages\/27497","targetHints":{"allow":["GET"]}}],"collection":[{"href":"https:\/\/www.acps-automotive.com\/hu\/wp-json\/wp\/v2\/pages"}],"about":[{"href":"https:\/\/www.acps-automotive.com\/hu\/wp-json\/wp\/v2\/types\/page"}],"author":[{"embeddable":true,"href":"https:\/\/www.acps-automotive.com\/hu\/wp-json\/wp\/v2\/users\/8"}],"replies":[{"embeddable":true,"href":"https:\/\/www.acps-automotive.com\/hu\/wp-json\/wp\/v2\/comments?post=27497"}],"version-history":[{"count":2,"href":"https:\/\/www.acps-automotive.com\/hu\/wp-json\/wp\/v2\/pages\/27497\/revisions"}],"predecessor-version":[{"id":27500,"href":"https:\/\/www.acps-automotive.com\/hu\/wp-json\/wp\/v2\/pages\/27497\/revisions\/27500"}],"up":[{"embeddable":true,"href":"https:\/\/www.acps-automotive.com\/hu\/wp-json\/wp\/v2\/pages\/28081"}],"wp:attachment":[{"href":"https:\/\/www.acps-automotive.com\/hu\/wp-json\/wp\/v2\/media?parent=27497"}],"curies":[{"name":"wp","href":"https:\/\/api.w.org\/{rel}","templated":true}]}}