{"id":27493,"date":"2025-12-17T11:02:22","date_gmt":"2025-12-17T10:02:22","guid":{"rendered":"https:\/\/www.acps-automotive.com\/?page_id=27493"},"modified":"2026-03-09T13:36:38","modified_gmt":"2026-03-09T12:36:38","slug":"innovacio-technologia-es-biztonsag","status":"publish","type":"page","link":"https:\/\/www.acps-automotive.com\/hu\/vallalatok\/innovacio-technologia-es-biztonsag\/","title":{"rendered":"Innov\u00e1ci\u00f3, technol\u00f3gia \u00e9s biztons\u00e1g"},"content":{"rendered":"<div class=\"vgblk-rw-wrapper limit-wrapper\">\n\n\t<h1><strong>Innov\u00e1ci\u00f3 \u00e9s technol\u00f3gia<\/strong><br \/>\naz ACPS Automotive-n\u00e1l<\/h1>\n\t<img loading=\"lazy\" decoding=\"async\" src=\"https:\/\/www.acps-automotive.com\/wp-content\/uploads\/_media\/_allgemein\/pfeil-text-einleitung.png\" alt=\"Pfeil Text Einleitung\" width=\"46\" height=\"69\" \/><br \/>\nAz ACPS Automotive vil\u00e1gszerte t\u00f6bb mint 140 szabadalommal rendelkezik, els\u0151sorban forg\u00f3rendszerei \u00e9s mechatronikai megold\u00e1sai ter\u00e9n, ez\u00e9rt a technol\u00f3giai \u00e9s innov\u00e1ci\u00f3s vezet\u0151 szerepet t\u00f6lt be. Ezzel v\u00e1llalatunk jelent\u0151sen befoly\u00e1solta a technol\u00f3giai fejl\u0151d\u00e9st a von\u00f3szerkezetek ter\u00fclet\u00e9n. Az ACPS Automotive t\u00f6bb mint 65 \u00e9ve folyamatos innov\u00e1ci\u00f3t k\u00e9pvisel sz\u00e9khely\u00e9n, a Stuttgart k\u00f6rny\u00e9k\u00e9n, valamint a vil\u00e1g m\u00e1s fejleszt\u00e9si \u00e9s gy\u00e1rt\u00e1si helysz\u00ednein.\n\t<p><img loading=\"lazy\" decoding=\"async\" src=\"https:\/\/www.acps-automotive.com\/wp-content\/uploads\/_media\/unternehmen\/innovation\/innovation-02.jpg\" alt=\"Innovation, Technolgy und Sicherheit\" width=\"650\" height=\"400\" \/><\/p>\n\t<p><img loading=\"lazy\" decoding=\"async\" src=\"https:\/\/www.acps-automotive.com\/wp-content\/uploads\/_media\/unternehmen\/innovation\/innovation-01.jpg\" alt=\"Innovation, Technolgy und Sicherheit\" width=\"650\" height=\"400\" \/><\/p>\n\t<h4><strong>Az innov\u00e1ci\u00f3,<\/strong><br \/>\namely szabv\u00e1nny\u00e1 v\u00e1lik<\/h4>\n\t<p>Az innov\u00e1ci\u00f3 nem csak a szabadalmakban t\u00fckr\u00f6z\u0151dik, hanem els\u0151sorban a forgathat\u00f3 von\u00f3szerkezetekben is, amelyek ma m\u00e1r szinte minden aut\u00f3gy\u00e1rt\u00f3n\u00e1l alapfelszerelts\u00e9gnek sz\u00e1m\u00edtanak. Ezek m\u00e9ret\u00fck, robusztuss\u00e1guk \u00e9s hat\u00e9konys\u00e1guk tekintet\u00e9ben piacvezet\u0151k. \u00datt\u00f6r\u0151 volt a csak egy ferde tengely k\u00f6r\u00fcl t\u00f6rt\u00e9n\u0151 forgat\u00e1s feltal\u00e1l\u00e1sa \u00e9s megval\u00f3s\u00edt\u00e1sa, amely ma is alapj\u00e1t k\u00e9pezi minden jelenlegi forg\u00f3rendszer\u00fcnknek.<\/p>\n<h5>Folyamatos fejleszt\u00e9sek optimaliz\u00e1l\u00e1sok \u00e9s \u00faj koncepci\u00f3k r\u00e9v\u00e9n<\/h5>\n<p>Munkat\u00e1rsaink t\u00f6bb mint h\u00e9t sz\u00e1zal\u00e9ka a term\u00e9kfejleszt\u00e9s ter\u00fclet\u00e9n dolgozik. Ez mag\u00e1ban foglalja az \u00faj \u00e9s tov\u00e1bbfejlesztett term\u00e9kek mellett a testreszabott megold\u00e1sok megval\u00f3s\u00edt\u00e1s\u00e1t is, amelyekben k\u00f6zvetlen\u00fcl r\u00e9szt vesz\u00fcnk \u00fcgyfeleink fejleszt\u00e9si folyamat\u00e1ban.<\/p>\n<p>Az \u00fcgyf\u00e9lspecifikus megold\u00e1sokhoz saj\u00e1t gy\u00e1rt\u00e1s\u00fa alkatr\u00e9szeket kombin\u00e1lunk szabv\u00e1nyos\u00edtott modulokkal, hogy cs\u00f6kkenteni tudjuk a tervez\u00e9si \u00e9s sz\u00e1ll\u00edt\u00e1si id\u0151t, valamint a k\u00f6lts\u00e9geket. \u00dcgyf\u00e9lorient\u00e1lt szak\u00e9rt\u0151i csapataink v\u00e9gigk\u00eds\u00e9rik a folyamatot az \u00f6tlet kidolgoz\u00e1s\u00e1t\u00f3l \u00e9s a tervez\u00e9st\u0151l a protot\u00edpusgy\u00e1rt\u00e1son \u00e1t az \u00f6sszeszerel\u00e9sig.<\/p>\n\t<h4><strong>Garant\u00e1lt biztons\u00e1g<\/strong><br \/>\naz alkatr\u00e9szek ellen\u0151rz\u00e9s\u00e9vel<\/h4>\n\t<p><img loading=\"lazy\" decoding=\"async\" src=\"https:\/\/www.acps-automotive.com\/wp-content\/uploads\/_media\/unternehmen\/innovation\/sicherheit-01.jpg\" alt=\"Gepr\u00fcfte Sicherheit\" width=\"650\" height=\"400\" \/><\/p>\n\t<p><img loading=\"lazy\" decoding=\"async\" src=\"https:\/\/www.acps-automotive.com\/wp-content\/uploads\/_media\/unternehmen\/innovation\/sicherheit-02.jpg\" alt=\"Gepr\u00fcfte Sicherheit\" width=\"650\" height=\"400\" \/><\/p>\n\t<p>Ma m\u00e1r t\u00f6bb milli\u00f3 aut\u00f3s haszn\u00e1lja az ACPS Automotive von\u00f3szerkezeteit, \u00e9s b\u00edzik az ORIS m\u00e1rk\u00e1ban, hogy p\u00f3tkocsikat, kerekeket \u00e9s egy\u00e9b sz\u00e1ll\u00edt\u00f3eszk\u00f6z\u00f6ket biztons\u00e1gosan sz\u00e1ll\u00edtson c\u00e9lj\u00e1hoz. Az ACPS Automotive biztons\u00e1g ir\u00e1nti elk\u00f6telezetts\u00e9ge az eg\u00e9sz v\u00e1llalatban t\u00fckr\u00f6z\u0151dik. A tervez\u00e9st\u0151l a gy\u00e1rt\u00e1son \u00e1t a szerel\u00e9sig az ACPS Automotive arra t\u00f6rekszik, hogy t\u00falteljes\u00edtse az ipar\u00e1gi biztons\u00e1gi szabv\u00e1nyokat, \u00e9s minden von\u00f3horogj\u00e1nak biztons\u00e1gos haszn\u00e1lat\u00e1t biztos\u00edtsa.<\/p>\n<h5>Tan\u00fas\u00edtott \u00e9s szabv\u00e1ny szerint ellen\u0151rz\u00f6tt<\/h5>\n<p>A biztons\u00e1g alapja a szabv\u00e1nyok \u00e9s norm\u00e1k betart\u00e1sa, amelyeket f\u00fcggetlen tan\u00fas\u00edt\u00f3 t\u00e1rsas\u00e1gok \u00e1ltal ellen\u0151riztet\u00fcnk. A potenci\u00e1lis biztons\u00e1gi probl\u00e9m\u00e1k meg\u00e9rt\u00e9se \u00e9s kezel\u00e9se \u00e9rdek\u00e9ben szorosan egy\u00fcttm\u0171k\u00f6d\u00fcnk \u00fcgyfeleinkkel is. Ezen k\u00f6vetelm\u00e9nyeken t\u00falmen\u0151en tov\u00e1bbi tev\u00e9kenys\u00e9geket is v\u00e9gz\u00fcnk a term\u00e9kek \u00e9s folyamatok biztons\u00e1g\u00e1nak m\u00f3dszertani jav\u00edt\u00e1sa \u00e9rdek\u00e9ben.<\/p>\n<h5>Saj\u00e1t k\u00f6vetelm\u00e9nyeink<\/h5>\n<p>A biztons\u00e1g az els\u0151dleges szempont, amikor az ACPS Automotive m\u00e9rn\u00f6kei p\u00f3tkocsi-csatlakoz\u00f3t terveznek. Mivel a p\u00f3tkocsi-csatlakoz\u00f3 biztons\u00e1gi term\u00e9k, meg kell felelnie a jogszab\u00e1lyi k\u00f6vetelm\u00e9nyeknek, \u00e9s t\u00edpusjel\u00f6l\u00e9st kell kapnia. Ezen t\u00falmen\u0151en az ACPS Automotive-n\u00e1l minden p\u00f3tkocsi-csatlakoz\u00f3nak meg kell felelnie a bev\u00e1lt v\u00e1llalati tervez\u00e9si \u00e9s kivitelez\u00e9si szabv\u00e1nyoknak, amelyek gyakran szigor\u00fabbak a jogszab\u00e1lyi k\u00f6vetelm\u00e9nyekn\u00e9l.<\/p>\n\n<\/div><!-- .vgblk-rw-wrapper -->","protected":false},"excerpt":{"rendered":"<p>Innov\u00e1ci\u00f3 \u00e9s technol\u00f3gia az ACPS Automotive-n\u00e1l Az ACPS Automotive vil\u00e1gszerte t\u00f6bb mint 140 szabadalommal rendelkezik, els\u0151sorban forg\u00f3rendszerei \u00e9s mechatronikai megold\u00e1sai ter\u00e9n, ez\u00e9rt a technol\u00f3giai \u00e9s innov\u00e1ci\u00f3s vezet\u0151 szerepet t\u00f6lt be. Ezzel v\u00e1llalatunk jelent\u0151sen befoly\u00e1solta a technol\u00f3giai fejl\u0151d\u00e9st a von\u00f3szerkezetek ter\u00fclet\u00e9n. Az ACPS Automotive t\u00f6bb mint 65 \u00e9ve folyamatos innov\u00e1ci\u00f3t k\u00e9pvisel sz\u00e9khely\u00e9n, a Stuttgart k\u00f6rny\u00e9k\u00e9n, valamint&#8230;<\/p>\n","protected":false},"author":8,"featured_media":0,"parent":28081,"menu_order":2,"comment_status":"closed","ping_status":"closed","template":"","meta":{"inline_featured_image":false,"_price":"","_stock":"","_tribe_ticket_header":"","_tribe_default_ticket_provider":"","_tribe_ticket_capacity":"0","_ticket_start_date":"","_ticket_end_date":"","_tribe_ticket_show_description":"","_tribe_ticket_show_not_going":false,"_tribe_ticket_use_global_stock":"","_tribe_ticket_global_stock_level":"","_global_stock_mode":"","_global_stock_cap":"","_tribe_rsvp_for_event":"","_tribe_ticket_going_count":"","_tribe_ticket_not_going_count":"","_tribe_tickets_list":"[]","_tribe_ticket_has_attendee_info_fields":false,"footnotes":""},"class_list":["post-27493","page","type-page","status-publish","hentry"],"yoast_head":"<!-- This site is optimized with the Yoast SEO plugin v27.2 - https:\/\/yoast.com\/product\/yoast-seo-wordpress\/ -->\n<title>Innov\u00e1ci\u00f3, technol\u00f3gia \u00e9s biztons\u00e1g | ACPS Automotive<\/title>\n<meta name=\"description\" content=\"\u2713Vil\u00e1gszerte t\u00f6bb mint 140 szabadalom \u2713Technol\u00f3giai \u00e9s innov\u00e1ci\u00f3s vezet\u0151 \u271365 \u00e9v innov\u00e1ci\u00f3 \u25baGy\u0151z\u0151dj\u00f6n meg saj\u00e1t szem\u00e9vel szak\u00e9rtelm\u00fcnkr\u0151l!\" \/>\n<meta name=\"robots\" content=\"index, follow, max-snippet:-1, max-image-preview:large, max-video-preview:-1\" \/>\n<link rel=\"canonical\" href=\"https:\/\/www.acps-automotive.com\/hu\/vallalatok\/innovacio-technologia-es-biztonsag\/\" \/>\n<meta property=\"og:locale\" content=\"hu_HU\" \/>\n<meta property=\"og:type\" content=\"article\" \/>\n<meta property=\"og:title\" content=\"Innov\u00e1ci\u00f3, technol\u00f3gia \u00e9s biztons\u00e1g | ACPS Automotive\" \/>\n<meta property=\"og:description\" content=\"\u2713Vil\u00e1gszerte t\u00f6bb mint 140 szabadalom \u2713Technol\u00f3giai \u00e9s innov\u00e1ci\u00f3s vezet\u0151 \u271365 \u00e9v innov\u00e1ci\u00f3 \u25baGy\u0151z\u0151dj\u00f6n meg saj\u00e1t szem\u00e9vel szak\u00e9rtelm\u00fcnkr\u0151l!\" \/>\n<meta property=\"og:url\" content=\"https:\/\/www.acps-automotive.com\/hu\/vallalatok\/innovacio-technologia-es-biztonsag\/\" \/>\n<meta property=\"og:site_name\" content=\"ACPS Automotive GmbH\" \/>\n<meta property=\"article:modified_time\" content=\"2026-03-09T12:36:38+00:00\" \/>\n<meta property=\"og:image\" content=\"https:\/\/www.acps-automotive.com\/wp-content\/uploads\/_media\/_allgemein\/pfeil-text-einleitung.png\" \/>\n<meta name=\"twitter:card\" content=\"summary_large_image\" \/>\n<meta name=\"twitter:site\" content=\"@ACPS_Automotive\" \/>\n<meta name=\"twitter:label1\" content=\"Becs\u00fclt olvas\u00e1si id\u0151\" \/>\n\t<meta name=\"twitter:data1\" content=\"3 perc\" \/>\n<script type=\"application\/ld+json\" class=\"yoast-schema-graph\">{\"@context\":\"https:\/\/schema.org\",\"@graph\":[{\"@type\":\"WebPage\",\"@id\":\"https:\/\/www.acps-automotive.com\/hu\/vallalatok\/innovacio-technologia-es-biztonsag\/\",\"url\":\"https:\/\/www.acps-automotive.com\/hu\/vallalatok\/innovacio-technologia-es-biztonsag\/\",\"name\":\"Innov\u00e1ci\u00f3, technol\u00f3gia \u00e9s biztons\u00e1g | ACPS Automotive\",\"isPartOf\":{\"@id\":\"https:\/\/www.acps-automotive.com\/hu\/#website\"},\"primaryImageOfPage\":{\"@id\":\"https:\/\/www.acps-automotive.com\/hu\/vallalatok\/innovacio-technologia-es-biztonsag\/#primaryimage\"},\"image\":{\"@id\":\"https:\/\/www.acps-automotive.com\/hu\/vallalatok\/innovacio-technologia-es-biztonsag\/#primaryimage\"},\"thumbnailUrl\":\"https:\/\/www.acps-automotive.com\/wp-content\/uploads\/_media\/_allgemein\/pfeil-text-einleitung.png\",\"datePublished\":\"2025-12-17T10:02:22+00:00\",\"dateModified\":\"2026-03-09T12:36:38+00:00\",\"description\":\"\u2713Vil\u00e1gszerte t\u00f6bb mint 140 szabadalom \u2713Technol\u00f3giai \u00e9s innov\u00e1ci\u00f3s vezet\u0151 \u271365 \u00e9v innov\u00e1ci\u00f3 \u25baGy\u0151z\u0151dj\u00f6n meg saj\u00e1t szem\u00e9vel szak\u00e9rtelm\u00fcnkr\u0151l!\",\"breadcrumb\":{\"@id\":\"https:\/\/www.acps-automotive.com\/hu\/vallalatok\/innovacio-technologia-es-biztonsag\/#breadcrumb\"},\"inLanguage\":\"hu\",\"potentialAction\":[{\"@type\":\"ReadAction\",\"target\":[\"https:\/\/www.acps-automotive.com\/hu\/vallalatok\/innovacio-technologia-es-biztonsag\/\"]}]},{\"@type\":\"ImageObject\",\"inLanguage\":\"hu\",\"@id\":\"https:\/\/www.acps-automotive.com\/hu\/vallalatok\/innovacio-technologia-es-biztonsag\/#primaryimage\",\"url\":\"https:\/\/www.acps-automotive.com\/wp-content\/uploads\/_media\/_allgemein\/pfeil-text-einleitung.png\",\"contentUrl\":\"https:\/\/www.acps-automotive.com\/wp-content\/uploads\/_media\/_allgemein\/pfeil-text-einleitung.png\"},{\"@type\":\"BreadcrumbList\",\"@id\":\"https:\/\/www.acps-automotive.com\/hu\/vallalatok\/innovacio-technologia-es-biztonsag\/#breadcrumb\",\"itemListElement\":[{\"@type\":\"ListItem\",\"position\":1,\"name\":\"Startseite\",\"item\":\"https:\/\/www.acps-automotive.com\/hu\/\"},{\"@type\":\"ListItem\",\"position\":2,\"name\":\"V\u00e1llalatok\",\"item\":\"https:\/\/www.acps-automotive.com\/hu\/vallalatok\/\"},{\"@type\":\"ListItem\",\"position\":3,\"name\":\"Innov\u00e1ci\u00f3, technol\u00f3gia \u00e9s biztons\u00e1g\"}]},{\"@type\":\"WebSite\",\"@id\":\"https:\/\/www.acps-automotive.com\/hu\/#website\",\"url\":\"https:\/\/www.acps-automotive.com\/hu\/\",\"name\":\"ACPS Automotive GmbH\",\"description\":\"Innovative Anh\u00e4ngekupplungen\",\"publisher\":{\"@id\":\"https:\/\/www.acps-automotive.com\/hu\/#organization\"},\"potentialAction\":[{\"@type\":\"SearchAction\",\"target\":{\"@type\":\"EntryPoint\",\"urlTemplate\":\"https:\/\/www.acps-automotive.com\/hu\/?s={search_term_string}\"},\"query-input\":{\"@type\":\"PropertyValueSpecification\",\"valueRequired\":true,\"valueName\":\"search_term_string\"}}],\"inLanguage\":\"hu\"},{\"@type\":\"Organization\",\"@id\":\"https:\/\/www.acps-automotive.com\/hu\/#organization\",\"name\":\"ACPS Automotive GmbH\",\"url\":\"https:\/\/www.acps-automotive.com\/hu\/\",\"logo\":{\"@type\":\"ImageObject\",\"inLanguage\":\"hu\",\"@id\":\"https:\/\/www.acps-automotive.com\/hu\/#\/schema\/logo\/image\/\",\"url\":\"https:\/\/www.acps-automotive.com\/wp-content\/uploads\/_media\/_allgemein\/Logo-Footer-ACPS-Automotive.png\",\"contentUrl\":\"https:\/\/www.acps-automotive.com\/wp-content\/uploads\/_media\/_allgemein\/Logo-Footer-ACPS-Automotive.png\",\"width\":239,\"height\":32,\"caption\":\"ACPS Automotive GmbH\"},\"image\":{\"@id\":\"https:\/\/www.acps-automotive.com\/hu\/#\/schema\/logo\/image\/\"},\"sameAs\":[\"https:\/\/x.com\/ACPS_Automotive\",\"https:\/\/www.linkedin.com\/company\/acps-automotive-gmbh\/\",\"https:\/\/www.instagram.com\/acps_ausbildung\/\",\"https:\/\/www.youtube.com\/channel\/UC2jxrgWwpxpkay2aHWV5SaQ\"]}]}<\/script>\n<!-- \/ Yoast SEO plugin. -->","yoast_head_json":{"title":"Innov\u00e1ci\u00f3, technol\u00f3gia \u00e9s biztons\u00e1g | ACPS Automotive","description":"\u2713Vil\u00e1gszerte t\u00f6bb mint 140 szabadalom \u2713Technol\u00f3giai \u00e9s innov\u00e1ci\u00f3s vezet\u0151 \u271365 \u00e9v innov\u00e1ci\u00f3 \u25baGy\u0151z\u0151dj\u00f6n meg saj\u00e1t szem\u00e9vel szak\u00e9rtelm\u00fcnkr\u0151l!","robots":{"index":"index","follow":"follow","max-snippet":"max-snippet:-1","max-image-preview":"max-image-preview:large","max-video-preview":"max-video-preview:-1"},"canonical":"https:\/\/www.acps-automotive.com\/hu\/vallalatok\/innovacio-technologia-es-biztonsag\/","og_locale":"hu_HU","og_type":"article","og_title":"Innov\u00e1ci\u00f3, technol\u00f3gia \u00e9s biztons\u00e1g | ACPS Automotive","og_description":"\u2713Vil\u00e1gszerte t\u00f6bb mint 140 szabadalom \u2713Technol\u00f3giai \u00e9s innov\u00e1ci\u00f3s vezet\u0151 \u271365 \u00e9v innov\u00e1ci\u00f3 \u25baGy\u0151z\u0151dj\u00f6n meg saj\u00e1t szem\u00e9vel szak\u00e9rtelm\u00fcnkr\u0151l!","og_url":"https:\/\/www.acps-automotive.com\/hu\/vallalatok\/innovacio-technologia-es-biztonsag\/","og_site_name":"ACPS Automotive GmbH","article_modified_time":"2026-03-09T12:36:38+00:00","og_image":[{"url":"https:\/\/www.acps-automotive.com\/wp-content\/uploads\/_media\/_allgemein\/pfeil-text-einleitung.png","type":"","width":"","height":""}],"twitter_card":"summary_large_image","twitter_site":"@ACPS_Automotive","twitter_misc":{"Becs\u00fclt olvas\u00e1si id\u0151":"3 perc"},"schema":{"@context":"https:\/\/schema.org","@graph":[{"@type":"WebPage","@id":"https:\/\/www.acps-automotive.com\/hu\/vallalatok\/innovacio-technologia-es-biztonsag\/","url":"https:\/\/www.acps-automotive.com\/hu\/vallalatok\/innovacio-technologia-es-biztonsag\/","name":"Innov\u00e1ci\u00f3, technol\u00f3gia \u00e9s biztons\u00e1g | ACPS Automotive","isPartOf":{"@id":"https:\/\/www.acps-automotive.com\/hu\/#website"},"primaryImageOfPage":{"@id":"https:\/\/www.acps-automotive.com\/hu\/vallalatok\/innovacio-technologia-es-biztonsag\/#primaryimage"},"image":{"@id":"https:\/\/www.acps-automotive.com\/hu\/vallalatok\/innovacio-technologia-es-biztonsag\/#primaryimage"},"thumbnailUrl":"https:\/\/www.acps-automotive.com\/wp-content\/uploads\/_media\/_allgemein\/pfeil-text-einleitung.png","datePublished":"2025-12-17T10:02:22+00:00","dateModified":"2026-03-09T12:36:38+00:00","description":"\u2713Vil\u00e1gszerte t\u00f6bb mint 140 szabadalom \u2713Technol\u00f3giai \u00e9s innov\u00e1ci\u00f3s vezet\u0151 \u271365 \u00e9v innov\u00e1ci\u00f3 \u25baGy\u0151z\u0151dj\u00f6n meg saj\u00e1t szem\u00e9vel szak\u00e9rtelm\u00fcnkr\u0151l!","breadcrumb":{"@id":"https:\/\/www.acps-automotive.com\/hu\/vallalatok\/innovacio-technologia-es-biztonsag\/#breadcrumb"},"inLanguage":"hu","potentialAction":[{"@type":"ReadAction","target":["https:\/\/www.acps-automotive.com\/hu\/vallalatok\/innovacio-technologia-es-biztonsag\/"]}]},{"@type":"ImageObject","inLanguage":"hu","@id":"https:\/\/www.acps-automotive.com\/hu\/vallalatok\/innovacio-technologia-es-biztonsag\/#primaryimage","url":"https:\/\/www.acps-automotive.com\/wp-content\/uploads\/_media\/_allgemein\/pfeil-text-einleitung.png","contentUrl":"https:\/\/www.acps-automotive.com\/wp-content\/uploads\/_media\/_allgemein\/pfeil-text-einleitung.png"},{"@type":"BreadcrumbList","@id":"https:\/\/www.acps-automotive.com\/hu\/vallalatok\/innovacio-technologia-es-biztonsag\/#breadcrumb","itemListElement":[{"@type":"ListItem","position":1,"name":"Startseite","item":"https:\/\/www.acps-automotive.com\/hu\/"},{"@type":"ListItem","position":2,"name":"V\u00e1llalatok","item":"https:\/\/www.acps-automotive.com\/hu\/vallalatok\/"},{"@type":"ListItem","position":3,"name":"Innov\u00e1ci\u00f3, technol\u00f3gia \u00e9s biztons\u00e1g"}]},{"@type":"WebSite","@id":"https:\/\/www.acps-automotive.com\/hu\/#website","url":"https:\/\/www.acps-automotive.com\/hu\/","name":"ACPS Automotive GmbH","description":"Innovative Anh\u00e4ngekupplungen","publisher":{"@id":"https:\/\/www.acps-automotive.com\/hu\/#organization"},"potentialAction":[{"@type":"SearchAction","target":{"@type":"EntryPoint","urlTemplate":"https:\/\/www.acps-automotive.com\/hu\/?s={search_term_string}"},"query-input":{"@type":"PropertyValueSpecification","valueRequired":true,"valueName":"search_term_string"}}],"inLanguage":"hu"},{"@type":"Organization","@id":"https:\/\/www.acps-automotive.com\/hu\/#organization","name":"ACPS Automotive GmbH","url":"https:\/\/www.acps-automotive.com\/hu\/","logo":{"@type":"ImageObject","inLanguage":"hu","@id":"https:\/\/www.acps-automotive.com\/hu\/#\/schema\/logo\/image\/","url":"https:\/\/www.acps-automotive.com\/wp-content\/uploads\/_media\/_allgemein\/Logo-Footer-ACPS-Automotive.png","contentUrl":"https:\/\/www.acps-automotive.com\/wp-content\/uploads\/_media\/_allgemein\/Logo-Footer-ACPS-Automotive.png","width":239,"height":32,"caption":"ACPS Automotive GmbH"},"image":{"@id":"https:\/\/www.acps-automotive.com\/hu\/#\/schema\/logo\/image\/"},"sameAs":["https:\/\/x.com\/ACPS_Automotive","https:\/\/www.linkedin.com\/company\/acps-automotive-gmbh\/","https:\/\/www.instagram.com\/acps_ausbildung\/","https:\/\/www.youtube.com\/channel\/UC2jxrgWwpxpkay2aHWV5SaQ"]}]}},"_links":{"self":[{"href":"https:\/\/www.acps-automotive.com\/hu\/wp-json\/wp\/v2\/pages\/27493","targetHints":{"allow":["GET"]}}],"collection":[{"href":"https:\/\/www.acps-automotive.com\/hu\/wp-json\/wp\/v2\/pages"}],"about":[{"href":"https:\/\/www.acps-automotive.com\/hu\/wp-json\/wp\/v2\/types\/page"}],"author":[{"embeddable":true,"href":"https:\/\/www.acps-automotive.com\/hu\/wp-json\/wp\/v2\/users\/8"}],"replies":[{"embeddable":true,"href":"https:\/\/www.acps-automotive.com\/hu\/wp-json\/wp\/v2\/comments?post=27493"}],"version-history":[{"count":2,"href":"https:\/\/www.acps-automotive.com\/hu\/wp-json\/wp\/v2\/pages\/27493\/revisions"}],"predecessor-version":[{"id":27496,"href":"https:\/\/www.acps-automotive.com\/hu\/wp-json\/wp\/v2\/pages\/27493\/revisions\/27496"}],"up":[{"embeddable":true,"href":"https:\/\/www.acps-automotive.com\/hu\/wp-json\/wp\/v2\/pages\/28081"}],"wp:attachment":[{"href":"https:\/\/www.acps-automotive.com\/hu\/wp-json\/wp\/v2\/media?parent=27493"}],"curies":[{"name":"wp","href":"https:\/\/api.w.org\/{rel}","templated":true}]}}