{"id":27489,"date":"2025-12-17T11:00:31","date_gmt":"2025-12-17T10:00:31","guid":{"rendered":"https:\/\/www.acps-automotive.com\/?page_id=27489"},"modified":"2026-03-10T09:13:46","modified_gmt":"2026-03-10T08:13:46","slug":"filozofia","status":"publish","type":"page","link":"https:\/\/www.acps-automotive.com\/hu\/vallalatok\/filozofia\/","title":{"rendered":"Filoz\u00f3fia"},"content":{"rendered":"<div class=\"vgblk-rw-wrapper limit-wrapper\">\n\n\t<h1><strong>Filoz\u00f3fia<\/strong><br \/>\nK\u00fcldet\u00e9s<\/h1>\n\t<img loading=\"lazy\" decoding=\"async\" src=\"https:\/\/www.acps-automotive.com\/wp-content\/uploads\/_media\/_allgemein\/pfeil-text-einleitung.png\" alt=\"Pfeil Text Einleitung\" width=\"46\" height=\"69\" \/><br \/>\n\u00d6tv\u00f6zz\u00fck a mobilit\u00e1st \u00e9s a szenved\u00e9lyt.\n\t<h4>Az \u00e1ltalunk k\u00e9pviselt \u00e9rt\u00e9kek<\/h4>\n<p><img decoding=\"async\" src=\"https:\/\/www.acps-automotive.com\/wp-content\/uploads\/_media\/unternehmen\/leitbild\/philosophie-hu.jpg\" alt=\"Phillosophie\" width=\"100%\" height=\"auto\" \/><\/p>\n\t<h4><strong>Mi \u00e1ll \u00e9rt\u00e9keink m\u00f6g\u00f6tt?<\/strong><\/h4>\n<p>Itt t\u00f6bbet megtudhat azokr\u00f3l az alapelvekr\u0151l, amelyek v\u00e1llalatunkat \u00e9s tev\u00e9kenys\u00e9g\u00fcnket ir\u00e1ny\u00edtj\u00e1k.<\/p>\n\t<h3>Innov\u00e1ci\u00f3<\/h3>\n<p>Kihaszn\u00e1ljuk az \u00faj \u00f6tletekben rejl\u0151 potenci\u00e1lt, \u00fatt\u00f6r\u0151 megk\u00f6zel\u00edt\u00e9seket kutatunk, amelyeket kreat\u00edv m\u00f3dszerekkel \u00e9s a leg\u00fajabb technol\u00f3gi\u00e1kkal fejlett term\u00e9kekk\u00e9 alak\u00edtunk.<\/p>\n\t<h3>Tisztelet<\/h3>\n<p>Udvariasan, tisztess\u00e9gesen \u00e9s egym\u00e1st \u00e9rt\u00e9kelve b\u00e1nunk egym\u00e1ssal.<\/p>\n\t<h3>Integrit\u00e1s<\/h3>\n<p>\u0150szint\u00e9n, igazs\u00e1gosan \u00e9s megb\u00edzhat\u00f3an j\u00e1runk el.<\/p>\n\t<h3>Csapat szellem<\/h3>\n<p>Egy\u00fctt er\u0151sek vagyunk \u00e9s egy\u00fctt \u00fcnnepelj\u00fck a sikereket.<\/p>\n\t<h3>\u00dcgyf\u00e9lk\u00f6zpont\u00fas\u00e1g<\/h3>\n<p>Val\u00f3di hozz\u00e1adott \u00e9rt\u00e9ket ny\u00fajtunk \u00fcgyfeleinknek, \u00e9s fenntarthat\u00f3 \u00fczleti sikert biztos\u00edtunk sz\u00e1mukra.<\/p>\n\t<h3>Kommunik\u00e1ci\u00f3<\/h3>\n<p>Ny\u00edltan \u00e9s egyenrang\u00fak\u00e9nt kommunik\u00e1lunk egym\u00e1ssal.<\/p>\n\t<h3>Emp\u00e1tia<\/h3>\n<p>C\u00e9lunk, hogy k\u00fcl\u00f6nb\u00f6z\u0151 helyzeteket figyelembe vegy\u00fcnk, miel\u0151tt cselekedn\u00e9nk.<\/p>\n\t<h3>Felel\u0151ss\u00e9g<\/h3>\n<p>Akt\u00edvan v\u00e1llaljuk a felel\u0151ss\u00e9get a v\u00e1llalat siker\u00e9\u00e9rt.<\/p>\n\t<h3>K\u00e9pess\u00e9gek<\/h3>\n<p>Olyan munkak\u00f6rnyezetet teremt\u00fcnk, amelyben az emberek teljes m\u00e9rt\u00e9kben kihaszn\u00e1lhatj\u00e1k k\u00e9pess\u00e9geiket \u00e9s kreat\u00edv megold\u00e1sokat dolgozhatnak ki.<\/p>\n\t<h3>Fenntarthat\u00f3s\u00e1g<\/h3>\n<p>Er\u0151forr\u00e1sainkkal felel\u0151ss\u00e9gteljesen b\u00e1nunk.<\/p>\n\n<\/div><!-- .vgblk-rw-wrapper -->","protected":false},"excerpt":{"rendered":"<p>Filoz\u00f3fia K\u00fcldet\u00e9s \u00d6tv\u00f6zz\u00fck a mobilit\u00e1st \u00e9s a szenved\u00e9lyt. Az \u00e1ltalunk k\u00e9pviselt \u00e9rt\u00e9kek Mi \u00e1ll \u00e9rt\u00e9keink m\u00f6g\u00f6tt? Itt t\u00f6bbet megtudhat azokr\u00f3l az alapelvekr\u0151l, amelyek v\u00e1llalatunkat \u00e9s tev\u00e9kenys\u00e9g\u00fcnket ir\u00e1ny\u00edtj\u00e1k. Innov\u00e1ci\u00f3 Kihaszn\u00e1ljuk az \u00faj \u00f6tletekben rejl\u0151 potenci\u00e1lt, \u00fatt\u00f6r\u0151 megk\u00f6zel\u00edt\u00e9seket kutatunk, amelyeket kreat\u00edv m\u00f3dszerekkel \u00e9s a leg\u00fajabb technol\u00f3gi\u00e1kkal fejlett term\u00e9kekk\u00e9 alak\u00edtunk. Tisztelet Udvariasan, tisztess\u00e9gesen \u00e9s egym\u00e1st \u00e9rt\u00e9kelve b\u00e1nunk egym\u00e1ssal&#8230;.<\/p>\n","protected":false},"author":8,"featured_media":0,"parent":28081,"menu_order":1,"comment_status":"closed","ping_status":"closed","template":"","meta":{"inline_featured_image":false,"_price":"","_stock":"","_tribe_ticket_header":"","_tribe_default_ticket_provider":"","_tribe_ticket_capacity":"0","_ticket_start_date":"","_ticket_end_date":"","_tribe_ticket_show_description":"","_tribe_ticket_show_not_going":false,"_tribe_ticket_use_global_stock":"","_tribe_ticket_global_stock_level":"","_global_stock_mode":"","_global_stock_cap":"","_tribe_rsvp_for_event":"","_tribe_ticket_going_count":"","_tribe_ticket_not_going_count":"","_tribe_tickets_list":"[]","_tribe_ticket_has_attendee_info_fields":false,"footnotes":""},"class_list":["post-27489","page","type-page","status-publish","hentry"],"yoast_head":"<!-- This site is optimized with the Yoast SEO plugin v27.2 - https:\/\/yoast.com\/product\/yoast-seo-wordpress\/ -->\n<title>Filoz\u00f3fia | ACPS Automotive<\/title>\n<meta name=\"description\" content=\"C\u00e9lunk, hogy az aut\u00f3ipari p\u00f3tkocsik \u00e9s sz\u00e1ll\u00edt\u00f3rendszerek vezet\u0151 gy\u00e1rt\u00f3j\u00e1v\u00e1 v\u00e1ljunk. \u25ba Tekintse meg v\u00e1llalati filoz\u00f3fi\u00e1nkat.\" \/>\n<meta name=\"robots\" content=\"index, follow, max-snippet:-1, max-image-preview:large, max-video-preview:-1\" \/>\n<link rel=\"canonical\" href=\"https:\/\/www.acps-automotive.com\/hu\/vallalatok\/filozofia\/\" \/>\n<meta property=\"og:locale\" content=\"hu_HU\" \/>\n<meta property=\"og:type\" content=\"article\" \/>\n<meta property=\"og:title\" content=\"Filoz\u00f3fia | ACPS Automotive\" \/>\n<meta property=\"og:description\" content=\"C\u00e9lunk, hogy az aut\u00f3ipari p\u00f3tkocsik \u00e9s sz\u00e1ll\u00edt\u00f3rendszerek vezet\u0151 gy\u00e1rt\u00f3j\u00e1v\u00e1 v\u00e1ljunk. \u25ba Tekintse meg v\u00e1llalati filoz\u00f3fi\u00e1nkat.\" \/>\n<meta property=\"og:url\" content=\"https:\/\/www.acps-automotive.com\/hu\/vallalatok\/filozofia\/\" \/>\n<meta property=\"og:site_name\" content=\"ACPS Automotive GmbH\" \/>\n<meta property=\"article:modified_time\" content=\"2026-03-10T08:13:46+00:00\" \/>\n<meta property=\"og:image\" content=\"https:\/\/www.acps-automotive.com\/wp-content\/uploads\/_media\/_allgemein\/pfeil-text-einleitung.png\" \/>\n<meta name=\"twitter:card\" content=\"summary_large_image\" \/>\n<meta name=\"twitter:site\" content=\"@ACPS_Automotive\" \/>\n<meta name=\"twitter:label1\" content=\"Becs\u00fclt olvas\u00e1si id\u0151\" \/>\n\t<meta name=\"twitter:data1\" content=\"2 perc\" \/>\n<script type=\"application\/ld+json\" class=\"yoast-schema-graph\">{\"@context\":\"https:\/\/schema.org\",\"@graph\":[{\"@type\":\"WebPage\",\"@id\":\"https:\/\/www.acps-automotive.com\/hu\/vallalatok\/filozofia\/\",\"url\":\"https:\/\/www.acps-automotive.com\/hu\/vallalatok\/filozofia\/\",\"name\":\"Filoz\u00f3fia | ACPS Automotive\",\"isPartOf\":{\"@id\":\"https:\/\/www.acps-automotive.com\/hu\/#website\"},\"primaryImageOfPage\":{\"@id\":\"https:\/\/www.acps-automotive.com\/hu\/vallalatok\/filozofia\/#primaryimage\"},\"image\":{\"@id\":\"https:\/\/www.acps-automotive.com\/hu\/vallalatok\/filozofia\/#primaryimage\"},\"thumbnailUrl\":\"https:\/\/www.acps-automotive.com\/wp-content\/uploads\/_media\/_allgemein\/pfeil-text-einleitung.png\",\"datePublished\":\"2025-12-17T10:00:31+00:00\",\"dateModified\":\"2026-03-10T08:13:46+00:00\",\"description\":\"C\u00e9lunk, hogy az aut\u00f3ipari p\u00f3tkocsik \u00e9s sz\u00e1ll\u00edt\u00f3rendszerek vezet\u0151 gy\u00e1rt\u00f3j\u00e1v\u00e1 v\u00e1ljunk. \u25ba Tekintse meg v\u00e1llalati filoz\u00f3fi\u00e1nkat.\",\"breadcrumb\":{\"@id\":\"https:\/\/www.acps-automotive.com\/hu\/vallalatok\/filozofia\/#breadcrumb\"},\"inLanguage\":\"hu\",\"potentialAction\":[{\"@type\":\"ReadAction\",\"target\":[\"https:\/\/www.acps-automotive.com\/hu\/vallalatok\/filozofia\/\"]}]},{\"@type\":\"ImageObject\",\"inLanguage\":\"hu\",\"@id\":\"https:\/\/www.acps-automotive.com\/hu\/vallalatok\/filozofia\/#primaryimage\",\"url\":\"https:\/\/www.acps-automotive.com\/wp-content\/uploads\/_media\/_allgemein\/pfeil-text-einleitung.png\",\"contentUrl\":\"https:\/\/www.acps-automotive.com\/wp-content\/uploads\/_media\/_allgemein\/pfeil-text-einleitung.png\"},{\"@type\":\"BreadcrumbList\",\"@id\":\"https:\/\/www.acps-automotive.com\/hu\/vallalatok\/filozofia\/#breadcrumb\",\"itemListElement\":[{\"@type\":\"ListItem\",\"position\":1,\"name\":\"Startseite\",\"item\":\"https:\/\/www.acps-automotive.com\/hu\/\"},{\"@type\":\"ListItem\",\"position\":2,\"name\":\"V\u00e1llalatok\",\"item\":\"https:\/\/www.acps-automotive.com\/hu\/vallalatok\/\"},{\"@type\":\"ListItem\",\"position\":3,\"name\":\"Filoz\u00f3fia\"}]},{\"@type\":\"WebSite\",\"@id\":\"https:\/\/www.acps-automotive.com\/hu\/#website\",\"url\":\"https:\/\/www.acps-automotive.com\/hu\/\",\"name\":\"ACPS Automotive GmbH\",\"description\":\"Innovative Anh\u00e4ngekupplungen\",\"publisher\":{\"@id\":\"https:\/\/www.acps-automotive.com\/hu\/#organization\"},\"potentialAction\":[{\"@type\":\"SearchAction\",\"target\":{\"@type\":\"EntryPoint\",\"urlTemplate\":\"https:\/\/www.acps-automotive.com\/hu\/?s={search_term_string}\"},\"query-input\":{\"@type\":\"PropertyValueSpecification\",\"valueRequired\":true,\"valueName\":\"search_term_string\"}}],\"inLanguage\":\"hu\"},{\"@type\":\"Organization\",\"@id\":\"https:\/\/www.acps-automotive.com\/hu\/#organization\",\"name\":\"ACPS Automotive GmbH\",\"url\":\"https:\/\/www.acps-automotive.com\/hu\/\",\"logo\":{\"@type\":\"ImageObject\",\"inLanguage\":\"hu\",\"@id\":\"https:\/\/www.acps-automotive.com\/hu\/#\/schema\/logo\/image\/\",\"url\":\"https:\/\/www.acps-automotive.com\/wp-content\/uploads\/_media\/_allgemein\/Logo-Footer-ACPS-Automotive.png\",\"contentUrl\":\"https:\/\/www.acps-automotive.com\/wp-content\/uploads\/_media\/_allgemein\/Logo-Footer-ACPS-Automotive.png\",\"width\":239,\"height\":32,\"caption\":\"ACPS Automotive GmbH\"},\"image\":{\"@id\":\"https:\/\/www.acps-automotive.com\/hu\/#\/schema\/logo\/image\/\"},\"sameAs\":[\"https:\/\/x.com\/ACPS_Automotive\",\"https:\/\/www.linkedin.com\/company\/acps-automotive-gmbh\/\",\"https:\/\/www.instagram.com\/acps_ausbildung\/\",\"https:\/\/www.youtube.com\/channel\/UC2jxrgWwpxpkay2aHWV5SaQ\"]}]}<\/script>\n<!-- \/ Yoast SEO plugin. -->","yoast_head_json":{"title":"Filoz\u00f3fia | ACPS Automotive","description":"C\u00e9lunk, hogy az aut\u00f3ipari p\u00f3tkocsik \u00e9s sz\u00e1ll\u00edt\u00f3rendszerek vezet\u0151 gy\u00e1rt\u00f3j\u00e1v\u00e1 v\u00e1ljunk. \u25ba Tekintse meg v\u00e1llalati filoz\u00f3fi\u00e1nkat.","robots":{"index":"index","follow":"follow","max-snippet":"max-snippet:-1","max-image-preview":"max-image-preview:large","max-video-preview":"max-video-preview:-1"},"canonical":"https:\/\/www.acps-automotive.com\/hu\/vallalatok\/filozofia\/","og_locale":"hu_HU","og_type":"article","og_title":"Filoz\u00f3fia | ACPS Automotive","og_description":"C\u00e9lunk, hogy az aut\u00f3ipari p\u00f3tkocsik \u00e9s sz\u00e1ll\u00edt\u00f3rendszerek vezet\u0151 gy\u00e1rt\u00f3j\u00e1v\u00e1 v\u00e1ljunk. \u25ba Tekintse meg v\u00e1llalati filoz\u00f3fi\u00e1nkat.","og_url":"https:\/\/www.acps-automotive.com\/hu\/vallalatok\/filozofia\/","og_site_name":"ACPS Automotive GmbH","article_modified_time":"2026-03-10T08:13:46+00:00","og_image":[{"url":"https:\/\/www.acps-automotive.com\/wp-content\/uploads\/_media\/_allgemein\/pfeil-text-einleitung.png","type":"","width":"","height":""}],"twitter_card":"summary_large_image","twitter_site":"@ACPS_Automotive","twitter_misc":{"Becs\u00fclt olvas\u00e1si id\u0151":"2 perc"},"schema":{"@context":"https:\/\/schema.org","@graph":[{"@type":"WebPage","@id":"https:\/\/www.acps-automotive.com\/hu\/vallalatok\/filozofia\/","url":"https:\/\/www.acps-automotive.com\/hu\/vallalatok\/filozofia\/","name":"Filoz\u00f3fia | ACPS Automotive","isPartOf":{"@id":"https:\/\/www.acps-automotive.com\/hu\/#website"},"primaryImageOfPage":{"@id":"https:\/\/www.acps-automotive.com\/hu\/vallalatok\/filozofia\/#primaryimage"},"image":{"@id":"https:\/\/www.acps-automotive.com\/hu\/vallalatok\/filozofia\/#primaryimage"},"thumbnailUrl":"https:\/\/www.acps-automotive.com\/wp-content\/uploads\/_media\/_allgemein\/pfeil-text-einleitung.png","datePublished":"2025-12-17T10:00:31+00:00","dateModified":"2026-03-10T08:13:46+00:00","description":"C\u00e9lunk, hogy az aut\u00f3ipari p\u00f3tkocsik \u00e9s sz\u00e1ll\u00edt\u00f3rendszerek vezet\u0151 gy\u00e1rt\u00f3j\u00e1v\u00e1 v\u00e1ljunk. \u25ba Tekintse meg v\u00e1llalati filoz\u00f3fi\u00e1nkat.","breadcrumb":{"@id":"https:\/\/www.acps-automotive.com\/hu\/vallalatok\/filozofia\/#breadcrumb"},"inLanguage":"hu","potentialAction":[{"@type":"ReadAction","target":["https:\/\/www.acps-automotive.com\/hu\/vallalatok\/filozofia\/"]}]},{"@type":"ImageObject","inLanguage":"hu","@id":"https:\/\/www.acps-automotive.com\/hu\/vallalatok\/filozofia\/#primaryimage","url":"https:\/\/www.acps-automotive.com\/wp-content\/uploads\/_media\/_allgemein\/pfeil-text-einleitung.png","contentUrl":"https:\/\/www.acps-automotive.com\/wp-content\/uploads\/_media\/_allgemein\/pfeil-text-einleitung.png"},{"@type":"BreadcrumbList","@id":"https:\/\/www.acps-automotive.com\/hu\/vallalatok\/filozofia\/#breadcrumb","itemListElement":[{"@type":"ListItem","position":1,"name":"Startseite","item":"https:\/\/www.acps-automotive.com\/hu\/"},{"@type":"ListItem","position":2,"name":"V\u00e1llalatok","item":"https:\/\/www.acps-automotive.com\/hu\/vallalatok\/"},{"@type":"ListItem","position":3,"name":"Filoz\u00f3fia"}]},{"@type":"WebSite","@id":"https:\/\/www.acps-automotive.com\/hu\/#website","url":"https:\/\/www.acps-automotive.com\/hu\/","name":"ACPS Automotive GmbH","description":"Innovative Anh\u00e4ngekupplungen","publisher":{"@id":"https:\/\/www.acps-automotive.com\/hu\/#organization"},"potentialAction":[{"@type":"SearchAction","target":{"@type":"EntryPoint","urlTemplate":"https:\/\/www.acps-automotive.com\/hu\/?s={search_term_string}"},"query-input":{"@type":"PropertyValueSpecification","valueRequired":true,"valueName":"search_term_string"}}],"inLanguage":"hu"},{"@type":"Organization","@id":"https:\/\/www.acps-automotive.com\/hu\/#organization","name":"ACPS Automotive GmbH","url":"https:\/\/www.acps-automotive.com\/hu\/","logo":{"@type":"ImageObject","inLanguage":"hu","@id":"https:\/\/www.acps-automotive.com\/hu\/#\/schema\/logo\/image\/","url":"https:\/\/www.acps-automotive.com\/wp-content\/uploads\/_media\/_allgemein\/Logo-Footer-ACPS-Automotive.png","contentUrl":"https:\/\/www.acps-automotive.com\/wp-content\/uploads\/_media\/_allgemein\/Logo-Footer-ACPS-Automotive.png","width":239,"height":32,"caption":"ACPS Automotive GmbH"},"image":{"@id":"https:\/\/www.acps-automotive.com\/hu\/#\/schema\/logo\/image\/"},"sameAs":["https:\/\/x.com\/ACPS_Automotive","https:\/\/www.linkedin.com\/company\/acps-automotive-gmbh\/","https:\/\/www.instagram.com\/acps_ausbildung\/","https:\/\/www.youtube.com\/channel\/UC2jxrgWwpxpkay2aHWV5SaQ"]}]}},"_links":{"self":[{"href":"https:\/\/www.acps-automotive.com\/hu\/wp-json\/wp\/v2\/pages\/27489","targetHints":{"allow":["GET"]}}],"collection":[{"href":"https:\/\/www.acps-automotive.com\/hu\/wp-json\/wp\/v2\/pages"}],"about":[{"href":"https:\/\/www.acps-automotive.com\/hu\/wp-json\/wp\/v2\/types\/page"}],"author":[{"embeddable":true,"href":"https:\/\/www.acps-automotive.com\/hu\/wp-json\/wp\/v2\/users\/8"}],"replies":[{"embeddable":true,"href":"https:\/\/www.acps-automotive.com\/hu\/wp-json\/wp\/v2\/comments?post=27489"}],"version-history":[{"count":3,"href":"https:\/\/www.acps-automotive.com\/hu\/wp-json\/wp\/v2\/pages\/27489\/revisions"}],"predecessor-version":[{"id":29159,"href":"https:\/\/www.acps-automotive.com\/hu\/wp-json\/wp\/v2\/pages\/27489\/revisions\/29159"}],"up":[{"embeddable":true,"href":"https:\/\/www.acps-automotive.com\/hu\/wp-json\/wp\/v2\/pages\/28081"}],"wp:attachment":[{"href":"https:\/\/www.acps-automotive.com\/hu\/wp-json\/wp\/v2\/media?parent=27489"}],"curies":[{"name":"wp","href":"https:\/\/api.w.org\/{rel}","templated":true}]}}