{"id":27485,"date":"2025-12-17T10:58:47","date_gmt":"2025-12-17T09:58:47","guid":{"rendered":"https:\/\/www.acps-automotive.com\/?page_id=27485"},"modified":"2026-03-10T09:10:29","modified_gmt":"2026-03-10T08:10:29","slug":"rolunk","status":"publish","type":"page","link":"https:\/\/www.acps-automotive.com\/hu\/vallalatok\/rolunk\/","title":{"rendered":"R\u00f3lunk"},"content":{"rendered":"<div class=\"vgblk-rw-wrapper limit-wrapper\">\n\n\t<h1><strong>R\u00f3lunk<\/strong><br \/>\nACPS Automotive<\/h1>\n\t<img loading=\"lazy\" decoding=\"async\" src=\"https:\/\/www.acps-automotive.com\/wp-content\/uploads\/_media\/_allgemein\/pfeil-text-einleitung.png\" alt=\"Pfeil Text Einleitung\" width=\"46\" height=\"69\" \/><br \/>\nAz ACPS Automotive piacvezet\u0151 \u00e9s technol\u00f3giai vezet\u0151 a szem\u00e9lyg\u00e9pkocsik, SUV-k \u00e9s kisteheraut\u00f3k p\u00f3tkocsik\u00f6t\u0151 berendez\u00e9seinek ter\u00fclet\u00e9n. A v\u00e1llalatot 1955-ben ORIS n\u00e9ven alap\u00edtott\u00e1k Stuttgartban, \u00e9s 2024-ben mintegy 2200 alkalmazottal k\u00f6r\u00fclbel\u00fcl 440 milli\u00f3 eur\u00f3 \u00e9ves forgalmat \u00e9rt el. Az ACPS Automotive innovat\u00edv \u00e9s biztons\u00e1gos von\u00f3- \u00e9s hordoz\u00f3 rendszereit t\u00edz telephelyen fejleszti, gy\u00e1rtja \u00e9s forgalmazza Eur\u00f3p\u00e1ban, \u00c9szak-Amerik\u00e1ban \u00e9s \u00c1zsi\u00e1ban az ORIS m\u00e1rkan\u00e9v alatt. C\u00e9lcsoportjai az aut\u00f3gy\u00e1rt\u00f3k az els\u0151 felszerel\u00e9s \u00e9s a v\u00e9gfelhaszn\u00e1l\u00f3k, valamint a kieg\u00e9sz\u00edt\u0151 piac v\u00e1llalatai, p\u00e9ld\u00e1ul m\u0171helyek \u00e9s keresked\u0151k. Az ACPS Automotive t\u00f6bb mint 140 szabadalommal rendelkezik, \u00e9s innov\u00e1ci\u00f3ival alak\u00edtja a piacokat. Licencad\u00e1ssal a v\u00e1llalat a technikai fejl\u0151d\u00e9st harmadik feleknek is tov\u00e1bbadja.\n\t<h3>\u00c9ves \u00e1rbev\u00e9tel 2024<\/h3>\n<p>k\u00f6r\u00fclbel\u00fcl 440 milli\u00f3 \u20ac<\/p>\n\t<h3>Munkat\u00e1rsak<\/h3>\n<p>kb. 2.200<\/p>\n\t<h3>Alap\u00edt\u00e1s<\/h3>\n<p>1955<\/p>\n\t<h3>Telephelyek<\/h3>\n<p>10 gy\u00e1rt\u00e1si, \u00e9rt\u00e9kes\u00edt\u00e9si \u00e9s fejleszt\u00e9si telephely Eur\u00f3p\u00e1ban, \u00c9szak-Amerik\u00e1ban \u00e9s \u00c1zsi\u00e1ban<\/p>\n\t<h3>Szabadalmak<\/h3>\n<p>t\u00f6bb mint 140<\/p>\n\t<h3>C\u00e9lcsoportok<\/h3>\n<ul>\n<li>Az aut\u00f3gy\u00e1rt\u00f3k az els\u0151 felszerel\u00e9s ter\u00fclet\u00e9n<\/li>\n<li>V\u00e9gfelhaszn\u00e1l\u00f3k \u00e9s a kieg\u00e9sz\u00edt\u0151 piac szerepl\u0151i, p\u00e9ld\u00e1ul m\u0171helyek \u00e9s keresked\u0151k<\/li>\n<\/ul>\n\t<p><img loading=\"lazy\" decoding=\"async\" src=\"https:\/\/www.acps-automotive.com\/wp-content\/uploads\/_media\/unternehmen\/ueber-uns\/erfolg.jpg\" alt=\"Erfolg aus eigener Kraft\" width=\"650\" height=\"400\" \/><\/p>\n\t<p><img loading=\"lazy\" decoding=\"async\" src=\"https:\/\/www.acps-automotive.com\/wp-content\/uploads\/_media\/unternehmen\/ueber-uns\/michael-weiss.jpg\" alt=\"Michael Weiss\" width=\"1168\" height=\"530\" \/><\/p>\n\t<p>Michael Weiss, Chief Executive Officer \u00e9s \u00fcgyvezet\u0151 igazgat\u00f3, ACPS Automotive<\/p>\n\t<p><img loading=\"lazy\" decoding=\"async\" src=\"https:\/\/www.acps-automotive.com\/wp-content\/uploads\/_media\/unternehmen\/ueber-uns\/finanzen.jpg\" alt=\"Erfolg aus eigener Kraft\" width=\"650\" height=\"400\" \/><\/p>\n\t<p><img loading=\"lazy\" decoding=\"async\" src=\"https:\/\/www.acps-automotive.com\/wp-content\/uploads\/_media\/unternehmen\/ueber-uns\/volker-butz.jpg\" alt=\"Caspar Baumhauer\" width=\"1168\" height=\"530\" \/><\/p>\n\t<p>\u201eA von\u00f3szerkezetek piacvezet\u0151jek\u00e9nt a nyeres\u00e9ges n\u00f6veked\u00e9sre koncentr\u00e1lunk. Ez a v\u00e1llalati c\u00e9l er\u0151s teljes\u00edtm\u00e9nyt ig\u00e9nyel. \u00datt\u00f6r\u0151nek kell lenn\u00fcnk, ugyanakkor a legjobb szolg\u00e1ltat\u00e1st \u00e9s \u00e9lm\u00e9nyt kell ny\u00fajtani &#8211; legyen sz\u00f3 innov\u00e1ci\u00f3ink fejleszt\u00e9s\u00e9r\u0151l, term\u00e9keink gy\u00e1rt\u00e1s\u00e1r\u00f3l \u00e9s \u00e9rt\u00e9kes\u00edt\u00e9s\u00e9r\u0151l vagy licencel\u00e9sr\u0151l. \u00cdgy az elk\u00f6vetkez\u0151 \u00e9vekben m\u00e9g hat\u00e9konyabbak \u00e9s sikeresebbek lesz\u00fcnk.&#8221;<\/p>\n<p>Volker Butz, Chief Financial Officer \u00e9s \u00fcgyvezet\u0151 igazgat\u00f3, ACPS Automotive<\/p>\n\n<\/div><!-- .vgblk-rw-wrapper -->","protected":false},"excerpt":{"rendered":"<p>R\u00f3lunk ACPS Automotive Az ACPS Automotive piacvezet\u0151 \u00e9s technol\u00f3giai vezet\u0151 a szem\u00e9lyg\u00e9pkocsik, SUV-k \u00e9s kisteheraut\u00f3k p\u00f3tkocsik\u00f6t\u0151 berendez\u00e9seinek ter\u00fclet\u00e9n. A v\u00e1llalatot 1955-ben ORIS n\u00e9ven alap\u00edtott\u00e1k Stuttgartban, \u00e9s 2024-ben mintegy 2200 alkalmazottal k\u00f6r\u00fclbel\u00fcl 440 milli\u00f3 eur\u00f3 \u00e9ves forgalmat \u00e9rt el. Az ACPS Automotive innovat\u00edv \u00e9s biztons\u00e1gos von\u00f3- \u00e9s hordoz\u00f3 rendszereit t\u00edz telephelyen fejleszti, gy\u00e1rtja \u00e9s forgalmazza Eur\u00f3p\u00e1ban,&#8230;<\/p>\n","protected":false},"author":8,"featured_media":0,"parent":28081,"menu_order":0,"comment_status":"closed","ping_status":"closed","template":"","meta":{"inline_featured_image":false,"_price":"","_stock":"","_tribe_ticket_header":"","_tribe_default_ticket_provider":"","_tribe_ticket_capacity":"0","_ticket_start_date":"","_ticket_end_date":"","_tribe_ticket_show_description":"","_tribe_ticket_show_not_going":false,"_tribe_ticket_use_global_stock":"","_tribe_ticket_global_stock_level":"","_global_stock_mode":"","_global_stock_cap":"","_tribe_rsvp_for_event":"","_tribe_ticket_going_count":"","_tribe_ticket_not_going_count":"","_tribe_tickets_list":"[]","_tribe_ticket_has_attendee_info_fields":false,"footnotes":""},"class_list":["post-27485","page","type-page","status-publish","hentry"],"yoast_head":"<!-- This site is optimized with the Yoast SEO plugin v27.2 - https:\/\/yoast.com\/product\/yoast-seo-wordpress\/ -->\n<title>R\u00f3lunk | ACPS Automotive<\/title>\n<meta name=\"description\" content=\"Az ACPS Automotive az \u2605ORIS\u2605 m\u00e1rk\u00e1val piac- \u00e9s technol\u00f3giai vezet\u0151 a szem\u00e9lyg\u00e9pkocsik, SUV-k \u00e9s kisteheraut\u00f3k p\u00f3tkocsik\u00f6t\u0151 berendez\u00e9seinek ter\u00fclet\u00e9n.\" \/>\n<meta name=\"robots\" content=\"index, follow, max-snippet:-1, max-image-preview:large, max-video-preview:-1\" \/>\n<link rel=\"canonical\" href=\"https:\/\/www.acps-automotive.com\/hu\/vallalatok\/rolunk\/\" \/>\n<meta property=\"og:locale\" content=\"hu_HU\" \/>\n<meta property=\"og:type\" content=\"article\" \/>\n<meta property=\"og:title\" content=\"R\u00f3lunk | ACPS Automotive\" \/>\n<meta property=\"og:description\" content=\"Az ACPS Automotive az \u2605ORIS\u2605 m\u00e1rk\u00e1val piac- \u00e9s technol\u00f3giai vezet\u0151 a szem\u00e9lyg\u00e9pkocsik, SUV-k \u00e9s kisteheraut\u00f3k p\u00f3tkocsik\u00f6t\u0151 berendez\u00e9seinek ter\u00fclet\u00e9n.\" \/>\n<meta property=\"og:url\" content=\"https:\/\/www.acps-automotive.com\/hu\/vallalatok\/rolunk\/\" \/>\n<meta property=\"og:site_name\" content=\"ACPS Automotive GmbH\" \/>\n<meta property=\"article:modified_time\" content=\"2026-03-10T08:10:29+00:00\" \/>\n<meta property=\"og:image\" content=\"https:\/\/www.acps-automotive.com\/wp-content\/uploads\/_media\/_allgemein\/pfeil-text-einleitung.png\" \/>\n<meta name=\"twitter:card\" content=\"summary_large_image\" \/>\n<meta name=\"twitter:site\" content=\"@ACPS_Automotive\" \/>\n<meta name=\"twitter:label1\" content=\"Becs\u00fclt olvas\u00e1si id\u0151\" \/>\n\t<meta name=\"twitter:data1\" content=\"3 perc\" \/>\n<script type=\"application\/ld+json\" class=\"yoast-schema-graph\">{\"@context\":\"https:\/\/schema.org\",\"@graph\":[{\"@type\":\"WebPage\",\"@id\":\"https:\/\/www.acps-automotive.com\/hu\/vallalatok\/rolunk\/\",\"url\":\"https:\/\/www.acps-automotive.com\/hu\/vallalatok\/rolunk\/\",\"name\":\"R\u00f3lunk | ACPS Automotive\",\"isPartOf\":{\"@id\":\"https:\/\/www.acps-automotive.com\/hu\/#website\"},\"primaryImageOfPage\":{\"@id\":\"https:\/\/www.acps-automotive.com\/hu\/vallalatok\/rolunk\/#primaryimage\"},\"image\":{\"@id\":\"https:\/\/www.acps-automotive.com\/hu\/vallalatok\/rolunk\/#primaryimage\"},\"thumbnailUrl\":\"https:\/\/www.acps-automotive.com\/wp-content\/uploads\/_media\/_allgemein\/pfeil-text-einleitung.png\",\"datePublished\":\"2025-12-17T09:58:47+00:00\",\"dateModified\":\"2026-03-10T08:10:29+00:00\",\"description\":\"Az ACPS Automotive az \u2605ORIS\u2605 m\u00e1rk\u00e1val piac- \u00e9s technol\u00f3giai vezet\u0151 a szem\u00e9lyg\u00e9pkocsik, SUV-k \u00e9s kisteheraut\u00f3k p\u00f3tkocsik\u00f6t\u0151 berendez\u00e9seinek ter\u00fclet\u00e9n.\",\"breadcrumb\":{\"@id\":\"https:\/\/www.acps-automotive.com\/hu\/vallalatok\/rolunk\/#breadcrumb\"},\"inLanguage\":\"hu\",\"potentialAction\":[{\"@type\":\"ReadAction\",\"target\":[\"https:\/\/www.acps-automotive.com\/hu\/vallalatok\/rolunk\/\"]}]},{\"@type\":\"ImageObject\",\"inLanguage\":\"hu\",\"@id\":\"https:\/\/www.acps-automotive.com\/hu\/vallalatok\/rolunk\/#primaryimage\",\"url\":\"https:\/\/www.acps-automotive.com\/wp-content\/uploads\/_media\/_allgemein\/pfeil-text-einleitung.png\",\"contentUrl\":\"https:\/\/www.acps-automotive.com\/wp-content\/uploads\/_media\/_allgemein\/pfeil-text-einleitung.png\"},{\"@type\":\"BreadcrumbList\",\"@id\":\"https:\/\/www.acps-automotive.com\/hu\/vallalatok\/rolunk\/#breadcrumb\",\"itemListElement\":[{\"@type\":\"ListItem\",\"position\":1,\"name\":\"Startseite\",\"item\":\"https:\/\/www.acps-automotive.com\/hu\/\"},{\"@type\":\"ListItem\",\"position\":2,\"name\":\"V\u00e1llalatok\",\"item\":\"https:\/\/www.acps-automotive.com\/hu\/vallalatok\/\"},{\"@type\":\"ListItem\",\"position\":3,\"name\":\"R\u00f3lunk\"}]},{\"@type\":\"WebSite\",\"@id\":\"https:\/\/www.acps-automotive.com\/hu\/#website\",\"url\":\"https:\/\/www.acps-automotive.com\/hu\/\",\"name\":\"ACPS Automotive GmbH\",\"description\":\"Innovative Anh\u00e4ngekupplungen\",\"publisher\":{\"@id\":\"https:\/\/www.acps-automotive.com\/hu\/#organization\"},\"potentialAction\":[{\"@type\":\"SearchAction\",\"target\":{\"@type\":\"EntryPoint\",\"urlTemplate\":\"https:\/\/www.acps-automotive.com\/hu\/?s={search_term_string}\"},\"query-input\":{\"@type\":\"PropertyValueSpecification\",\"valueRequired\":true,\"valueName\":\"search_term_string\"}}],\"inLanguage\":\"hu\"},{\"@type\":\"Organization\",\"@id\":\"https:\/\/www.acps-automotive.com\/hu\/#organization\",\"name\":\"ACPS Automotive GmbH\",\"url\":\"https:\/\/www.acps-automotive.com\/hu\/\",\"logo\":{\"@type\":\"ImageObject\",\"inLanguage\":\"hu\",\"@id\":\"https:\/\/www.acps-automotive.com\/hu\/#\/schema\/logo\/image\/\",\"url\":\"https:\/\/www.acps-automotive.com\/wp-content\/uploads\/_media\/_allgemein\/Logo-Footer-ACPS-Automotive.png\",\"contentUrl\":\"https:\/\/www.acps-automotive.com\/wp-content\/uploads\/_media\/_allgemein\/Logo-Footer-ACPS-Automotive.png\",\"width\":239,\"height\":32,\"caption\":\"ACPS Automotive GmbH\"},\"image\":{\"@id\":\"https:\/\/www.acps-automotive.com\/hu\/#\/schema\/logo\/image\/\"},\"sameAs\":[\"https:\/\/x.com\/ACPS_Automotive\",\"https:\/\/www.linkedin.com\/company\/acps-automotive-gmbh\/\",\"https:\/\/www.instagram.com\/acps_ausbildung\/\",\"https:\/\/www.youtube.com\/channel\/UC2jxrgWwpxpkay2aHWV5SaQ\"]}]}<\/script>\n<!-- \/ Yoast SEO plugin. -->","yoast_head_json":{"title":"R\u00f3lunk | ACPS Automotive","description":"Az ACPS Automotive az \u2605ORIS\u2605 m\u00e1rk\u00e1val piac- \u00e9s technol\u00f3giai vezet\u0151 a szem\u00e9lyg\u00e9pkocsik, SUV-k \u00e9s kisteheraut\u00f3k p\u00f3tkocsik\u00f6t\u0151 berendez\u00e9seinek ter\u00fclet\u00e9n.","robots":{"index":"index","follow":"follow","max-snippet":"max-snippet:-1","max-image-preview":"max-image-preview:large","max-video-preview":"max-video-preview:-1"},"canonical":"https:\/\/www.acps-automotive.com\/hu\/vallalatok\/rolunk\/","og_locale":"hu_HU","og_type":"article","og_title":"R\u00f3lunk | ACPS Automotive","og_description":"Az ACPS Automotive az \u2605ORIS\u2605 m\u00e1rk\u00e1val piac- \u00e9s technol\u00f3giai vezet\u0151 a szem\u00e9lyg\u00e9pkocsik, SUV-k \u00e9s kisteheraut\u00f3k p\u00f3tkocsik\u00f6t\u0151 berendez\u00e9seinek ter\u00fclet\u00e9n.","og_url":"https:\/\/www.acps-automotive.com\/hu\/vallalatok\/rolunk\/","og_site_name":"ACPS Automotive GmbH","article_modified_time":"2026-03-10T08:10:29+00:00","og_image":[{"url":"https:\/\/www.acps-automotive.com\/wp-content\/uploads\/_media\/_allgemein\/pfeil-text-einleitung.png","type":"","width":"","height":""}],"twitter_card":"summary_large_image","twitter_site":"@ACPS_Automotive","twitter_misc":{"Becs\u00fclt olvas\u00e1si id\u0151":"3 perc"},"schema":{"@context":"https:\/\/schema.org","@graph":[{"@type":"WebPage","@id":"https:\/\/www.acps-automotive.com\/hu\/vallalatok\/rolunk\/","url":"https:\/\/www.acps-automotive.com\/hu\/vallalatok\/rolunk\/","name":"R\u00f3lunk | ACPS Automotive","isPartOf":{"@id":"https:\/\/www.acps-automotive.com\/hu\/#website"},"primaryImageOfPage":{"@id":"https:\/\/www.acps-automotive.com\/hu\/vallalatok\/rolunk\/#primaryimage"},"image":{"@id":"https:\/\/www.acps-automotive.com\/hu\/vallalatok\/rolunk\/#primaryimage"},"thumbnailUrl":"https:\/\/www.acps-automotive.com\/wp-content\/uploads\/_media\/_allgemein\/pfeil-text-einleitung.png","datePublished":"2025-12-17T09:58:47+00:00","dateModified":"2026-03-10T08:10:29+00:00","description":"Az ACPS Automotive az \u2605ORIS\u2605 m\u00e1rk\u00e1val piac- \u00e9s technol\u00f3giai vezet\u0151 a szem\u00e9lyg\u00e9pkocsik, SUV-k \u00e9s kisteheraut\u00f3k p\u00f3tkocsik\u00f6t\u0151 berendez\u00e9seinek ter\u00fclet\u00e9n.","breadcrumb":{"@id":"https:\/\/www.acps-automotive.com\/hu\/vallalatok\/rolunk\/#breadcrumb"},"inLanguage":"hu","potentialAction":[{"@type":"ReadAction","target":["https:\/\/www.acps-automotive.com\/hu\/vallalatok\/rolunk\/"]}]},{"@type":"ImageObject","inLanguage":"hu","@id":"https:\/\/www.acps-automotive.com\/hu\/vallalatok\/rolunk\/#primaryimage","url":"https:\/\/www.acps-automotive.com\/wp-content\/uploads\/_media\/_allgemein\/pfeil-text-einleitung.png","contentUrl":"https:\/\/www.acps-automotive.com\/wp-content\/uploads\/_media\/_allgemein\/pfeil-text-einleitung.png"},{"@type":"BreadcrumbList","@id":"https:\/\/www.acps-automotive.com\/hu\/vallalatok\/rolunk\/#breadcrumb","itemListElement":[{"@type":"ListItem","position":1,"name":"Startseite","item":"https:\/\/www.acps-automotive.com\/hu\/"},{"@type":"ListItem","position":2,"name":"V\u00e1llalatok","item":"https:\/\/www.acps-automotive.com\/hu\/vallalatok\/"},{"@type":"ListItem","position":3,"name":"R\u00f3lunk"}]},{"@type":"WebSite","@id":"https:\/\/www.acps-automotive.com\/hu\/#website","url":"https:\/\/www.acps-automotive.com\/hu\/","name":"ACPS Automotive GmbH","description":"Innovative Anh\u00e4ngekupplungen","publisher":{"@id":"https:\/\/www.acps-automotive.com\/hu\/#organization"},"potentialAction":[{"@type":"SearchAction","target":{"@type":"EntryPoint","urlTemplate":"https:\/\/www.acps-automotive.com\/hu\/?s={search_term_string}"},"query-input":{"@type":"PropertyValueSpecification","valueRequired":true,"valueName":"search_term_string"}}],"inLanguage":"hu"},{"@type":"Organization","@id":"https:\/\/www.acps-automotive.com\/hu\/#organization","name":"ACPS Automotive GmbH","url":"https:\/\/www.acps-automotive.com\/hu\/","logo":{"@type":"ImageObject","inLanguage":"hu","@id":"https:\/\/www.acps-automotive.com\/hu\/#\/schema\/logo\/image\/","url":"https:\/\/www.acps-automotive.com\/wp-content\/uploads\/_media\/_allgemein\/Logo-Footer-ACPS-Automotive.png","contentUrl":"https:\/\/www.acps-automotive.com\/wp-content\/uploads\/_media\/_allgemein\/Logo-Footer-ACPS-Automotive.png","width":239,"height":32,"caption":"ACPS Automotive GmbH"},"image":{"@id":"https:\/\/www.acps-automotive.com\/hu\/#\/schema\/logo\/image\/"},"sameAs":["https:\/\/x.com\/ACPS_Automotive","https:\/\/www.linkedin.com\/company\/acps-automotive-gmbh\/","https:\/\/www.instagram.com\/acps_ausbildung\/","https:\/\/www.youtube.com\/channel\/UC2jxrgWwpxpkay2aHWV5SaQ"]}]}},"_links":{"self":[{"href":"https:\/\/www.acps-automotive.com\/hu\/wp-json\/wp\/v2\/pages\/27485","targetHints":{"allow":["GET"]}}],"collection":[{"href":"https:\/\/www.acps-automotive.com\/hu\/wp-json\/wp\/v2\/pages"}],"about":[{"href":"https:\/\/www.acps-automotive.com\/hu\/wp-json\/wp\/v2\/types\/page"}],"author":[{"embeddable":true,"href":"https:\/\/www.acps-automotive.com\/hu\/wp-json\/wp\/v2\/users\/8"}],"replies":[{"embeddable":true,"href":"https:\/\/www.acps-automotive.com\/hu\/wp-json\/wp\/v2\/comments?post=27485"}],"version-history":[{"count":4,"href":"https:\/\/www.acps-automotive.com\/hu\/wp-json\/wp\/v2\/pages\/27485\/revisions"}],"predecessor-version":[{"id":29155,"href":"https:\/\/www.acps-automotive.com\/hu\/wp-json\/wp\/v2\/pages\/27485\/revisions\/29155"}],"up":[{"embeddable":true,"href":"https:\/\/www.acps-automotive.com\/hu\/wp-json\/wp\/v2\/pages\/28081"}],"wp:attachment":[{"href":"https:\/\/www.acps-automotive.com\/hu\/wp-json\/wp\/v2\/media?parent=27485"}],"curies":[{"name":"wp","href":"https:\/\/api.w.org\/{rel}","templated":true}]}}