{"id":27480,"date":"2025-12-17T10:41:27","date_gmt":"2025-12-17T09:41:27","guid":{"rendered":"https:\/\/www.acps-automotive.com\/?page_id=27480"},"modified":"2026-03-09T16:13:17","modified_gmt":"2026-03-09T15:13:17","slug":"troy-usa","status":"publish","type":"page","link":"https:\/\/www.acps-automotive.com\/hu\/helyszinek\/troy-usa\/","title":{"rendered":"Troy \/ USA"},"content":{"rendered":"<div class=\"vgblk-rw-wrapper limit-wrapper\">\n\n\t<h1><strong>Troy<\/strong><br \/>\nUSA<\/h1>\n\t<img loading=\"lazy\" decoding=\"async\" src=\"https:\/\/www.acps-automotive.com\/wp-content\/uploads\/_media\/_allgemein\/pfeil-text-einleitung.png\" alt=\"Pfeil Text Einleitung\" width=\"46\" height=\"69\" \/><br \/>\nACPS Automotive Inc.<br \/>\n\u00c9rt\u00e9kes\u00edt\u00e9si \u00e9s m\u00e9rn\u00f6ki telephely\n\t<h3>ACPS Automotive a korl\u00e1tlan lehet\u0151s\u00e9gek orsz\u00e1g\u00e1ban<\/h3>\n<p>Az ACPS Automotive 2015 \u00f3ta van jelen az \u00e9szak-amerikai aut\u00f3ipari piacon, \u00e9s j\u00f3 poz\u00edci\u00f3t \u00e9p\u00edtett ki mag\u00e1nak. R\u00f6vid id\u0151 alatt megvetett\u00fck a l\u00e1bunkat az amerikai piacon \u00e9s leny\u0171g\u00f6z\u0151 technol\u00f3giai el\u0151nyt szerezt\u00fcnk. 2019-ben saj\u00e1t \u00e9rt\u00e9kes\u00edt\u00e9si \u00e9s m\u00e9rn\u00f6ki telephelyet hoztunk l\u00e9tre Troyban, Michiganben. Telephely\u00fcnk c\u00e9lzott elhelyezked\u00e9s\u00e9nek k\u00f6sz\u00f6nhet\u0151en, k\u00f6zvetlen\u00fcl az amerikai aut\u00f3ipari k\u00f6zpont, Detroit k\u00f6zel\u00e9ben, nemcsak a neves amerikai aut\u00f3gy\u00e1rt\u00f3kkal val\u00f3 egy\u00fcttm\u0171k\u00f6d\u00e9s\u00fcnk intenz\u00edvebb\u00e9 v\u00e1lt, hanem sikeresen b\u0151v\u00fclt \u00e9s megszil\u00e1rdult is.<\/p>\n\t<h4><strong>A mobilit\u00e1s n\u00f6vel\u00e9se<\/strong><br \/>\naz amerikai piacon<\/h4>\n<p>Az Egyes\u00fclt \u00c1llamokban az aut\u00f3ipar m\u00e9g nem haszn\u00e1lta ki teljes m\u00e9rt\u00e9kben az innovat\u00edv von\u00f3horog-rendszerekben rejl\u0151 lehet\u0151s\u00e9geket a szem\u00e9lyaut\u00f3k, SUV-k \u00e9s kisteheraut\u00f3k eset\u00e9ben. Technol\u00f3giai vezet\u0151k\u00e9nt az ACPS Automotive kiv\u00e1l\u00f3 helyzetben van ahhoz, hogy kihaszn\u00e1lja az amerikai piacon rejl\u0151 potenci\u00e1lt. Hiszen m\u00e9lyrehat\u00f3an ismerj\u00fck gy\u00e1rt\u00e1si folyamatainkat \u00e9s \u00fcgyfeleink ig\u00e9nyeit. Sz\u00e9les term\u00e9kpalett\u00e1nkkal, amely forgathat\u00f3, leszerelhet\u0151 \u00e9s merev rendszereket is mag\u00e1ban foglal, a mai k\u00f6nnyebb \u00e9s \u00fczemanyag-hat\u00e9konyabb j\u00e1rm\u0171parkokat is kiszolg\u00e1ljuk. Ez egy \u00e9rt\u00e9kes hozz\u00e1adott \u00e9rt\u00e9k, amelyb\u0151l az aut\u00f3gy\u00e1rt\u00f3k \u00e9s a v\u00e9gfelhaszn\u00e1l\u00f3k egyar\u00e1nt profit\u00e1lnak.<\/p>\n\t<h4><strong>Tov\u00e1bb az expanzi\u00f3 fel\u00e9<\/strong><br \/>\nPartners\u00e9g a TowSmart-tal<\/h4>\n<p>Az ORIS k\u00e9t innovat\u00edv von\u00f3horog-technol\u00f3gi\u00e1j\u00e1val az ACPS Automotive mostant\u00f3l az ut\u00e1ngy\u00e1rtott alkatr\u00e9szek piac\u00e1n is jelen van. Partners\u00e9gre l\u00e9pt\u00fcnk a j\u00f3l ismert amerikai TowSmart m\u00e1rk\u00e1val az ORIS ut\u00e1ngy\u00e1rtott alkatr\u00e9szek forgalmaz\u00e1sa \u00e9rdek\u00e9ben. Az \u00e9szak-amerikai ut\u00e1ngy\u00e1rtott alkatr\u00e9szek piac\u00e1ra sz\u00e1nt els\u0151 term\u00e9kek k\u00f6z\u00f6tt szerepel az ORIS DM-III disappearing hitch\u2122 \u00e9s az ORIS AK41, amelyek p\u00e9ld\u00e1ul Tesla, Ford, Cadillac, Toyota \u00e9s Volvo modellekhez alkalmasak. \u00daj term\u00e9kek tov\u00e1bbi j\u00e1rm\u0171modellekhez vannak fejleszt\u00e9s alatt, \u00e9s a keresletnek megfelel\u0151en hamarosan b\u0151v\u00edtik a term\u00e9kpalett\u00e1t.<\/p>\n<p>D\u00e1niel Csuta-Galisz, az ACPS Automotive \u00e9szak-amerikai \u00fczletfejleszt\u00e9si aleln\u00f6ke \u00e9s a troyi amerikai telephely vezet\u0151je tov\u00e1bbra is pozit\u00edvan tekint a j\u00f6v\u0151be.<\/p>\n\t<p><img loading=\"lazy\" decoding=\"async\" src=\"https:\/\/www.acps-automotive.com\/wp-content\/uploads\/_media\/standorte\/usa\/us-markt.jpg\" alt=\"US-Markt Oris\" width=\"650\" height=\"400\" \/><\/p>\n\t<p><img loading=\"lazy\" decoding=\"async\" src=\"https:\/\/www.acps-automotive.com\/wp-content\/uploads\/_media\/standorte\/usa\/daniel-csuta.jpg\" alt=\"D\u00e1niel Csuta\" width=\"650\" height=\"400\" \/><\/p>\n\t\u201eAz aut\u00f3ipar elismert partnerek\u00e9nt az amerikai piacon is k\u00edn\u00e1ljuk els\u0151 oszt\u00e1ly\u00fa megold\u00e1sainkat, amelyek pontosan az aut\u00f3ipar \u00e9s a v\u00e9gfelhaszn\u00e1l\u00f3k ig\u00e9nyeire vannak szabva.&#8221;<br \/>\nD\u00e1niel Csuta-Galisz, Vice President Business Development \u00c9szak-Amerik\u00e1ban, az amerikai Troy telephelyen\n\n<\/div><!-- .vgblk-rw-wrapper -->","protected":false},"excerpt":{"rendered":"<p>Troy USA ACPS Automotive Inc. \u00c9rt\u00e9kes\u00edt\u00e9si \u00e9s m\u00e9rn\u00f6ki telephely ACPS Automotive a korl\u00e1tlan lehet\u0151s\u00e9gek orsz\u00e1g\u00e1ban Az ACPS Automotive 2015 \u00f3ta van jelen az \u00e9szak-amerikai aut\u00f3ipari piacon, \u00e9s j\u00f3 poz\u00edci\u00f3t \u00e9p\u00edtett ki mag\u00e1nak. R\u00f6vid id\u0151 alatt megvetett\u00fck a l\u00e1bunkat az amerikai piacon \u00e9s leny\u0171g\u00f6z\u0151 technol\u00f3giai el\u0151nyt szerezt\u00fcnk. 2019-ben saj\u00e1t \u00e9rt\u00e9kes\u00edt\u00e9si \u00e9s m\u00e9rn\u00f6ki telephelyet hoztunk l\u00e9tre Troyban,&#8230;<\/p>\n","protected":false},"author":8,"featured_media":0,"parent":28080,"menu_order":0,"comment_status":"closed","ping_status":"closed","template":"","meta":{"inline_featured_image":false,"_price":"","_stock":"","_tribe_ticket_header":"","_tribe_default_ticket_provider":"","_tribe_ticket_capacity":"0","_ticket_start_date":"","_ticket_end_date":"","_tribe_ticket_show_description":"","_tribe_ticket_show_not_going":false,"_tribe_ticket_use_global_stock":"","_tribe_ticket_global_stock_level":"","_global_stock_mode":"","_global_stock_cap":"","_tribe_rsvp_for_event":"","_tribe_ticket_going_count":"","_tribe_ticket_not_going_count":"","_tribe_tickets_list":"[]","_tribe_ticket_has_attendee_info_fields":false,"footnotes":""},"class_list":["post-27480","page","type-page","status-publish","hentry"],"yoast_head":"<!-- This site is optimized with the Yoast SEO plugin v27.2 - https:\/\/yoast.com\/product\/yoast-seo-wordpress\/ -->\n<title>Troy \/ USA | ACPS Automotive<\/title>\n<meta name=\"description\" content=\"Az ACPS Automotive az \u2605ORIS\u2605 m\u00e1rk\u00e1val piac- \u00e9s technol\u00f3giai vezet\u0151 a szem\u00e9lyg\u00e9pkocsik, SUV-k \u00e9s kisteheraut\u00f3k p\u00f3tkocsik\u00f6t\u0151 berendez\u00e9seinek ter\u00fclet\u00e9n.\" \/>\n<meta name=\"robots\" content=\"index, follow, max-snippet:-1, max-image-preview:large, max-video-preview:-1\" \/>\n<link rel=\"canonical\" href=\"https:\/\/www.acps-automotive.com\/hu\/helyszinek\/troy-usa\/\" \/>\n<meta property=\"og:locale\" content=\"hu_HU\" \/>\n<meta property=\"og:type\" content=\"article\" \/>\n<meta property=\"og:title\" content=\"Troy \/ USA | ACPS Automotive\" \/>\n<meta property=\"og:description\" content=\"Az ACPS Automotive az \u2605ORIS\u2605 m\u00e1rk\u00e1val piac- \u00e9s technol\u00f3giai vezet\u0151 a szem\u00e9lyg\u00e9pkocsik, SUV-k \u00e9s kisteheraut\u00f3k p\u00f3tkocsik\u00f6t\u0151 berendez\u00e9seinek ter\u00fclet\u00e9n.\" \/>\n<meta property=\"og:url\" content=\"https:\/\/www.acps-automotive.com\/hu\/helyszinek\/troy-usa\/\" \/>\n<meta property=\"og:site_name\" content=\"ACPS Automotive GmbH\" \/>\n<meta property=\"article:modified_time\" content=\"2026-03-09T15:13:17+00:00\" \/>\n<meta property=\"og:image\" content=\"https:\/\/www.acps-automotive.com\/wp-content\/uploads\/_media\/_allgemein\/pfeil-text-einleitung.png\" \/>\n<meta name=\"twitter:card\" content=\"summary_large_image\" \/>\n<meta name=\"twitter:site\" content=\"@ACPS_Automotive\" \/>\n<meta name=\"twitter:label1\" content=\"Becs\u00fclt olvas\u00e1si id\u0151\" \/>\n\t<meta name=\"twitter:data1\" content=\"3 perc\" \/>\n<script type=\"application\/ld+json\" class=\"yoast-schema-graph\">{\"@context\":\"https:\/\/schema.org\",\"@graph\":[{\"@type\":\"WebPage\",\"@id\":\"https:\/\/www.acps-automotive.com\/hu\/helyszinek\/troy-usa\/\",\"url\":\"https:\/\/www.acps-automotive.com\/hu\/helyszinek\/troy-usa\/\",\"name\":\"Troy \/ USA | ACPS Automotive\",\"isPartOf\":{\"@id\":\"https:\/\/www.acps-automotive.com\/hu\/#website\"},\"primaryImageOfPage\":{\"@id\":\"https:\/\/www.acps-automotive.com\/hu\/helyszinek\/troy-usa\/#primaryimage\"},\"image\":{\"@id\":\"https:\/\/www.acps-automotive.com\/hu\/helyszinek\/troy-usa\/#primaryimage\"},\"thumbnailUrl\":\"https:\/\/www.acps-automotive.com\/wp-content\/uploads\/_media\/_allgemein\/pfeil-text-einleitung.png\",\"datePublished\":\"2025-12-17T09:41:27+00:00\",\"dateModified\":\"2026-03-09T15:13:17+00:00\",\"description\":\"Az ACPS Automotive az \u2605ORIS\u2605 m\u00e1rk\u00e1val piac- \u00e9s technol\u00f3giai vezet\u0151 a szem\u00e9lyg\u00e9pkocsik, SUV-k \u00e9s kisteheraut\u00f3k p\u00f3tkocsik\u00f6t\u0151 berendez\u00e9seinek ter\u00fclet\u00e9n.\",\"breadcrumb\":{\"@id\":\"https:\/\/www.acps-automotive.com\/hu\/helyszinek\/troy-usa\/#breadcrumb\"},\"inLanguage\":\"hu\",\"potentialAction\":[{\"@type\":\"ReadAction\",\"target\":[\"https:\/\/www.acps-automotive.com\/hu\/helyszinek\/troy-usa\/\"]}]},{\"@type\":\"ImageObject\",\"inLanguage\":\"hu\",\"@id\":\"https:\/\/www.acps-automotive.com\/hu\/helyszinek\/troy-usa\/#primaryimage\",\"url\":\"https:\/\/www.acps-automotive.com\/wp-content\/uploads\/_media\/_allgemein\/pfeil-text-einleitung.png\",\"contentUrl\":\"https:\/\/www.acps-automotive.com\/wp-content\/uploads\/_media\/_allgemein\/pfeil-text-einleitung.png\"},{\"@type\":\"BreadcrumbList\",\"@id\":\"https:\/\/www.acps-automotive.com\/hu\/helyszinek\/troy-usa\/#breadcrumb\",\"itemListElement\":[{\"@type\":\"ListItem\",\"position\":1,\"name\":\"Startseite\",\"item\":\"https:\/\/www.acps-automotive.com\/hu\/\"},{\"@type\":\"ListItem\",\"position\":2,\"name\":\"Helysz\u00ednek\",\"item\":\"https:\/\/www.acps-automotive.com\/hu\/helyszinek\/\"},{\"@type\":\"ListItem\",\"position\":3,\"name\":\"Troy \/ USA\"}]},{\"@type\":\"WebSite\",\"@id\":\"https:\/\/www.acps-automotive.com\/hu\/#website\",\"url\":\"https:\/\/www.acps-automotive.com\/hu\/\",\"name\":\"ACPS Automotive GmbH\",\"description\":\"Innovative Anh\u00e4ngekupplungen\",\"publisher\":{\"@id\":\"https:\/\/www.acps-automotive.com\/hu\/#organization\"},\"potentialAction\":[{\"@type\":\"SearchAction\",\"target\":{\"@type\":\"EntryPoint\",\"urlTemplate\":\"https:\/\/www.acps-automotive.com\/hu\/?s={search_term_string}\"},\"query-input\":{\"@type\":\"PropertyValueSpecification\",\"valueRequired\":true,\"valueName\":\"search_term_string\"}}],\"inLanguage\":\"hu\"},{\"@type\":\"Organization\",\"@id\":\"https:\/\/www.acps-automotive.com\/hu\/#organization\",\"name\":\"ACPS Automotive GmbH\",\"url\":\"https:\/\/www.acps-automotive.com\/hu\/\",\"logo\":{\"@type\":\"ImageObject\",\"inLanguage\":\"hu\",\"@id\":\"https:\/\/www.acps-automotive.com\/hu\/#\/schema\/logo\/image\/\",\"url\":\"https:\/\/www.acps-automotive.com\/wp-content\/uploads\/_media\/_allgemein\/Logo-Footer-ACPS-Automotive.png\",\"contentUrl\":\"https:\/\/www.acps-automotive.com\/wp-content\/uploads\/_media\/_allgemein\/Logo-Footer-ACPS-Automotive.png\",\"width\":239,\"height\":32,\"caption\":\"ACPS Automotive GmbH\"},\"image\":{\"@id\":\"https:\/\/www.acps-automotive.com\/hu\/#\/schema\/logo\/image\/\"},\"sameAs\":[\"https:\/\/x.com\/ACPS_Automotive\",\"https:\/\/www.linkedin.com\/company\/acps-automotive-gmbh\/\",\"https:\/\/www.instagram.com\/acps_ausbildung\/\",\"https:\/\/www.youtube.com\/channel\/UC2jxrgWwpxpkay2aHWV5SaQ\"]}]}<\/script>\n<!-- \/ Yoast SEO plugin. -->","yoast_head_json":{"title":"Troy \/ USA | ACPS Automotive","description":"Az ACPS Automotive az \u2605ORIS\u2605 m\u00e1rk\u00e1val piac- \u00e9s technol\u00f3giai vezet\u0151 a szem\u00e9lyg\u00e9pkocsik, SUV-k \u00e9s kisteheraut\u00f3k p\u00f3tkocsik\u00f6t\u0151 berendez\u00e9seinek ter\u00fclet\u00e9n.","robots":{"index":"index","follow":"follow","max-snippet":"max-snippet:-1","max-image-preview":"max-image-preview:large","max-video-preview":"max-video-preview:-1"},"canonical":"https:\/\/www.acps-automotive.com\/hu\/helyszinek\/troy-usa\/","og_locale":"hu_HU","og_type":"article","og_title":"Troy \/ USA | ACPS Automotive","og_description":"Az ACPS Automotive az \u2605ORIS\u2605 m\u00e1rk\u00e1val piac- \u00e9s technol\u00f3giai vezet\u0151 a szem\u00e9lyg\u00e9pkocsik, SUV-k \u00e9s kisteheraut\u00f3k p\u00f3tkocsik\u00f6t\u0151 berendez\u00e9seinek ter\u00fclet\u00e9n.","og_url":"https:\/\/www.acps-automotive.com\/hu\/helyszinek\/troy-usa\/","og_site_name":"ACPS Automotive GmbH","article_modified_time":"2026-03-09T15:13:17+00:00","og_image":[{"url":"https:\/\/www.acps-automotive.com\/wp-content\/uploads\/_media\/_allgemein\/pfeil-text-einleitung.png","type":"","width":"","height":""}],"twitter_card":"summary_large_image","twitter_site":"@ACPS_Automotive","twitter_misc":{"Becs\u00fclt olvas\u00e1si id\u0151":"3 perc"},"schema":{"@context":"https:\/\/schema.org","@graph":[{"@type":"WebPage","@id":"https:\/\/www.acps-automotive.com\/hu\/helyszinek\/troy-usa\/","url":"https:\/\/www.acps-automotive.com\/hu\/helyszinek\/troy-usa\/","name":"Troy \/ USA | ACPS Automotive","isPartOf":{"@id":"https:\/\/www.acps-automotive.com\/hu\/#website"},"primaryImageOfPage":{"@id":"https:\/\/www.acps-automotive.com\/hu\/helyszinek\/troy-usa\/#primaryimage"},"image":{"@id":"https:\/\/www.acps-automotive.com\/hu\/helyszinek\/troy-usa\/#primaryimage"},"thumbnailUrl":"https:\/\/www.acps-automotive.com\/wp-content\/uploads\/_media\/_allgemein\/pfeil-text-einleitung.png","datePublished":"2025-12-17T09:41:27+00:00","dateModified":"2026-03-09T15:13:17+00:00","description":"Az ACPS Automotive az \u2605ORIS\u2605 m\u00e1rk\u00e1val piac- \u00e9s technol\u00f3giai vezet\u0151 a szem\u00e9lyg\u00e9pkocsik, SUV-k \u00e9s kisteheraut\u00f3k p\u00f3tkocsik\u00f6t\u0151 berendez\u00e9seinek ter\u00fclet\u00e9n.","breadcrumb":{"@id":"https:\/\/www.acps-automotive.com\/hu\/helyszinek\/troy-usa\/#breadcrumb"},"inLanguage":"hu","potentialAction":[{"@type":"ReadAction","target":["https:\/\/www.acps-automotive.com\/hu\/helyszinek\/troy-usa\/"]}]},{"@type":"ImageObject","inLanguage":"hu","@id":"https:\/\/www.acps-automotive.com\/hu\/helyszinek\/troy-usa\/#primaryimage","url":"https:\/\/www.acps-automotive.com\/wp-content\/uploads\/_media\/_allgemein\/pfeil-text-einleitung.png","contentUrl":"https:\/\/www.acps-automotive.com\/wp-content\/uploads\/_media\/_allgemein\/pfeil-text-einleitung.png"},{"@type":"BreadcrumbList","@id":"https:\/\/www.acps-automotive.com\/hu\/helyszinek\/troy-usa\/#breadcrumb","itemListElement":[{"@type":"ListItem","position":1,"name":"Startseite","item":"https:\/\/www.acps-automotive.com\/hu\/"},{"@type":"ListItem","position":2,"name":"Helysz\u00ednek","item":"https:\/\/www.acps-automotive.com\/hu\/helyszinek\/"},{"@type":"ListItem","position":3,"name":"Troy \/ USA"}]},{"@type":"WebSite","@id":"https:\/\/www.acps-automotive.com\/hu\/#website","url":"https:\/\/www.acps-automotive.com\/hu\/","name":"ACPS Automotive GmbH","description":"Innovative Anh\u00e4ngekupplungen","publisher":{"@id":"https:\/\/www.acps-automotive.com\/hu\/#organization"},"potentialAction":[{"@type":"SearchAction","target":{"@type":"EntryPoint","urlTemplate":"https:\/\/www.acps-automotive.com\/hu\/?s={search_term_string}"},"query-input":{"@type":"PropertyValueSpecification","valueRequired":true,"valueName":"search_term_string"}}],"inLanguage":"hu"},{"@type":"Organization","@id":"https:\/\/www.acps-automotive.com\/hu\/#organization","name":"ACPS Automotive GmbH","url":"https:\/\/www.acps-automotive.com\/hu\/","logo":{"@type":"ImageObject","inLanguage":"hu","@id":"https:\/\/www.acps-automotive.com\/hu\/#\/schema\/logo\/image\/","url":"https:\/\/www.acps-automotive.com\/wp-content\/uploads\/_media\/_allgemein\/Logo-Footer-ACPS-Automotive.png","contentUrl":"https:\/\/www.acps-automotive.com\/wp-content\/uploads\/_media\/_allgemein\/Logo-Footer-ACPS-Automotive.png","width":239,"height":32,"caption":"ACPS Automotive GmbH"},"image":{"@id":"https:\/\/www.acps-automotive.com\/hu\/#\/schema\/logo\/image\/"},"sameAs":["https:\/\/x.com\/ACPS_Automotive","https:\/\/www.linkedin.com\/company\/acps-automotive-gmbh\/","https:\/\/www.instagram.com\/acps_ausbildung\/","https:\/\/www.youtube.com\/channel\/UC2jxrgWwpxpkay2aHWV5SaQ"]}]}},"_links":{"self":[{"href":"https:\/\/www.acps-automotive.com\/hu\/wp-json\/wp\/v2\/pages\/27480","targetHints":{"allow":["GET"]}}],"collection":[{"href":"https:\/\/www.acps-automotive.com\/hu\/wp-json\/wp\/v2\/pages"}],"about":[{"href":"https:\/\/www.acps-automotive.com\/hu\/wp-json\/wp\/v2\/types\/page"}],"author":[{"embeddable":true,"href":"https:\/\/www.acps-automotive.com\/hu\/wp-json\/wp\/v2\/users\/8"}],"replies":[{"embeddable":true,"href":"https:\/\/www.acps-automotive.com\/hu\/wp-json\/wp\/v2\/comments?post=27480"}],"version-history":[{"count":2,"href":"https:\/\/www.acps-automotive.com\/hu\/wp-json\/wp\/v2\/pages\/27480\/revisions"}],"predecessor-version":[{"id":27483,"href":"https:\/\/www.acps-automotive.com\/hu\/wp-json\/wp\/v2\/pages\/27480\/revisions\/27483"}],"up":[{"embeddable":true,"href":"https:\/\/www.acps-automotive.com\/hu\/wp-json\/wp\/v2\/pages\/28080"}],"wp:attachment":[{"href":"https:\/\/www.acps-automotive.com\/hu\/wp-json\/wp\/v2\/media?parent=27480"}],"curies":[{"name":"wp","href":"https:\/\/api.w.org\/{rel}","templated":true}]}}