{"id":27475,"date":"2025-12-17T10:39:51","date_gmt":"2025-12-17T09:39:51","guid":{"rendered":"https:\/\/www.acps-automotive.com\/?page_id=27475"},"modified":"2026-03-10T12:13:41","modified_gmt":"2026-03-10T11:13:41","slug":"st-egidien-nemetorszag","status":"publish","type":"page","link":"https:\/\/www.acps-automotive.com\/hu\/helyszinek\/st-egidien-nemetorszag\/","title":{"rendered":"St. Egidien \/ N\u00e9metorsz\u00e1g"},"content":{"rendered":"<div class=\"vgblk-rw-wrapper limit-wrapper\">\n\n\t<h1><strong>St. Egidien<\/strong><br \/>\nN\u00e9metorsz\u00e1g<\/h1>\n\t<img loading=\"lazy\" decoding=\"async\" src=\"https:\/\/www.acps-automotive.com\/wp-content\/uploads\/_media\/_allgemein\/pfeil-text-einleitung.png\" alt=\"Pfeil Text Einleitung\" width=\"46\" height=\"69\" \/><br \/>\nACPS Automotive GmbH<br \/>\nGy\u00e1rt\u00e1si helysz\u00edn\n\t<h4><strong>A siker egy pillanat alatt<\/strong><br \/>\nA legfontosabb adatok<\/h4>\n\t<p>Az ACPS Automotive GmbH a n\u00e9metorsz\u00e1gi St. Egidienben tal\u00e1lhat\u00f3, \u00e9s az ACPS Automotive gy\u00e1rt\u00e1si h\u00e1l\u00f3zat\u00e1nak r\u00e9sze, amely teljes m\u00e9rt\u00e9kben elektromos, forgathat\u00f3 von\u00f3horog-rendszereket gy\u00e1rt. Innovat\u00edv von\u00f3horogok gy\u00e1rt\u00f3jak\u00e9nt els\u0151dleges besz\u00e1ll\u00edt\u00f3ja (TIER-1) vagyunk szinte minden aut\u00f3gy\u00e1rt\u00f3nak. St. Egidienben tal\u00e1lhat\u00f3 gy\u00e1rt\u00f3\u00fczem\u00fcnk els\u0151dleges felszerel\u00e9ssel l\u00e1tja el az aut\u00f3gy\u00e1rt\u00f3kat Eur\u00f3p\u00e1ban, \u00c9szak-Amerik\u00e1ban \u00e9s \u00c1zsi\u00e1ban egyar\u00e1nt. Nemzeti \u00e9s nemzetk\u00f6zi gy\u00e1rt\u00e1si telephelyeinken \u00e9vente \u00f6sszesen t\u00f6bb mint 2 milli\u00f3 p\u00f3tkocsi-csatlakoz\u00f3 szerkezetet gy\u00e1rtunk.<\/p>\n\t<ul>\n<li>450 alkalmazott<\/li>\n<li>Alap\u00edtva 1992<\/li>\n<li>71.000 m<sup>2<\/sup>\u00a0telek<\/li>\n<li>15.000 m<sup>2<\/sup>\u00a0gy\u00e1rt\u00f3csarnok<\/li>\n<li>2.000 m<sup>2<\/sup>\u00a0rakt\u00e1r (nyersanyagok, f\u00e9lk\u00e9sz \u00e9s k\u00e9sz term\u00e9kek)<\/li>\n<li>300 m<sup>2<\/sup>\u00a0tesztlabor<\/li>\n<\/ul>\n\t<h4><strong>Gy\u00e1rt\u00e1si Know-how<\/strong><br \/>\nTev\u00e9kenys\u00e9gi ter\u00fcleteink \u00e1ttekint\u00e9se<\/h4>\n<ul>\n<li>L\u00e9zeres v\u00e1g\u00e1s<\/li>\n<li>Hajl\u00edt\u00e1s, v\u00e1g\u00e1s, pr\u00e9sel\u00e9s<\/li>\n<li>CNC-megmunk\u00e1l\u00e1s<\/li>\n<li>Robothegeszt\u00e9s<\/li>\n<li>KTL- \u00e9s porfest\u00e9s<\/li>\n<li>Forg\u00f3 rendszer el\u0151szerel\u00e9s<\/li>\n<li>V\u00e9gszerel\u00e9s<\/li>\n<\/ul>\n\t<h4><strong>Siker a vezet\u00e9s r\u00e9v\u00e9n<\/strong><br \/>\n\u00dczemigazgat\u00f3 Thomas Kunze<\/h4>\n<p>Thomas Kunze 2021 \u00f3ta \u00fczemigazgat\u00f3k\u00e9nt dolgozik n\u00e9metorsz\u00e1gi gy\u00e1rt\u00f3\u00fczem\u00fcnkben, a sz\u00e1szorsz\u00e1gi St. Egidienben. K\u00f6r\u00fclbel\u00fcl k\u00e9t \u00e9vtizedes tapasztalattal rendelkezik a nemzeti \u00e9s nemzetk\u00f6zi aut\u00f3ipari besz\u00e1ll\u00edt\u00f3iparban. Thomas Kunze jelenlegi munk\u00e1j\u00e1ban k\u00fcl\u00f6n\u00f6sen nagyra \u00e9rt\u00e9keli munkat\u00e1rsai gazdag tapasztalat\u00e1t \u00e9s a v\u00e1llalat dinamikus k\u00f6rnyezet\u00e9t.<\/p>\n\t<p><img loading=\"lazy\" decoding=\"async\" src=\"https:\/\/www.acps-automotive.com\/wp-content\/uploads\/_media\/standorte\/st-egidien\/schweissen.jpg\" alt=\"Schwei\u00dfen width=\"650\" height=\"400\" \/><\/p>\n\t<p><img loading=\"lazy\" decoding=\"async\" src=\"https:\/\/www.acps-automotive.com\/wp-content\/uploads\/_media\/standorte\/st-egidien\/thomas-kunze.jpg\" alt=\"Thomas Kunze\" width=\"650\" height=\"400\" \/><\/p>\n\n<\/div><!-- .vgblk-rw-wrapper -->","protected":false},"excerpt":{"rendered":"<p>St. Egidien N\u00e9metorsz\u00e1g ACPS Automotive GmbH Gy\u00e1rt\u00e1si helysz\u00edn A siker egy pillanat alatt A legfontosabb adatok Az ACPS Automotive GmbH a n\u00e9metorsz\u00e1gi St. Egidienben tal\u00e1lhat\u00f3, \u00e9s az ACPS Automotive gy\u00e1rt\u00e1si h\u00e1l\u00f3zat\u00e1nak r\u00e9sze, amely teljes m\u00e9rt\u00e9kben elektromos, forgathat\u00f3 von\u00f3horog-rendszereket gy\u00e1rt. Innovat\u00edv von\u00f3horogok gy\u00e1rt\u00f3jak\u00e9nt els\u0151dleges besz\u00e1ll\u00edt\u00f3ja (TIER-1) vagyunk szinte minden aut\u00f3gy\u00e1rt\u00f3nak. St. Egidienben tal\u00e1lhat\u00f3 gy\u00e1rt\u00f3\u00fczem\u00fcnk els\u0151dleges felszerel\u00e9ssel&#8230;<\/p>\n","protected":false},"author":8,"featured_media":0,"parent":28080,"menu_order":0,"comment_status":"closed","ping_status":"closed","template":"","meta":{"inline_featured_image":false,"_price":"","_stock":"","_tribe_ticket_header":"","_tribe_default_ticket_provider":"","_tribe_ticket_capacity":"0","_ticket_start_date":"","_ticket_end_date":"","_tribe_ticket_show_description":"","_tribe_ticket_show_not_going":false,"_tribe_ticket_use_global_stock":"","_tribe_ticket_global_stock_level":"","_global_stock_mode":"","_global_stock_cap":"","_tribe_rsvp_for_event":"","_tribe_ticket_going_count":"","_tribe_ticket_not_going_count":"","_tribe_tickets_list":"[]","_tribe_ticket_has_attendee_info_fields":false,"footnotes":""},"class_list":["post-27475","page","type-page","status-publish","hentry"],"yoast_head":"<!-- This site is optimized with the Yoast SEO plugin v27.2 - https:\/\/yoast.com\/product\/yoast-seo-wordpress\/ -->\n<title>St. Egidien \/ N\u00e9metorsz\u00e1g | ACPS Automotive<\/title>\n<meta name=\"description\" content=\"Az ACPS Automotive az \u2605ORIS\u2605 m\u00e1rk\u00e1val piac- \u00e9s technol\u00f3giai vezet\u0151 a szem\u00e9lyg\u00e9pkocsik, SUV-k \u00e9s kisteheraut\u00f3k p\u00f3tkocsik\u00f6t\u0151 berendez\u00e9seinek ter\u00fclet\u00e9n.\" \/>\n<meta name=\"robots\" content=\"index, follow, max-snippet:-1, max-image-preview:large, max-video-preview:-1\" \/>\n<link rel=\"canonical\" href=\"https:\/\/www.acps-automotive.com\/hu\/helyszinek\/st-egidien-nemetorszag\/\" \/>\n<meta property=\"og:locale\" content=\"hu_HU\" \/>\n<meta property=\"og:type\" content=\"article\" \/>\n<meta property=\"og:title\" content=\"St. Egidien \/ N\u00e9metorsz\u00e1g | ACPS Automotive\" \/>\n<meta property=\"og:description\" content=\"Az ACPS Automotive az \u2605ORIS\u2605 m\u00e1rk\u00e1val piac- \u00e9s technol\u00f3giai vezet\u0151 a szem\u00e9lyg\u00e9pkocsik, SUV-k \u00e9s kisteheraut\u00f3k p\u00f3tkocsik\u00f6t\u0151 berendez\u00e9seinek ter\u00fclet\u00e9n.\" \/>\n<meta property=\"og:url\" content=\"https:\/\/www.acps-automotive.com\/hu\/helyszinek\/st-egidien-nemetorszag\/\" \/>\n<meta property=\"og:site_name\" content=\"ACPS Automotive GmbH\" \/>\n<meta property=\"article:modified_time\" content=\"2026-03-10T11:13:41+00:00\" \/>\n<meta property=\"og:image\" content=\"https:\/\/www.acps-automotive.com\/wp-content\/uploads\/_media\/_allgemein\/pfeil-text-einleitung.png\" \/>\n<meta name=\"twitter:card\" content=\"summary_large_image\" \/>\n<meta name=\"twitter:site\" content=\"@ACPS_Automotive\" \/>\n<meta name=\"twitter:label1\" content=\"Becs\u00fclt olvas\u00e1si id\u0151\" \/>\n\t<meta name=\"twitter:data1\" content=\"2 perc\" \/>\n<script type=\"application\/ld+json\" class=\"yoast-schema-graph\">{\"@context\":\"https:\/\/schema.org\",\"@graph\":[{\"@type\":\"WebPage\",\"@id\":\"https:\/\/www.acps-automotive.com\/hu\/helyszinek\/st-egidien-nemetorszag\/\",\"url\":\"https:\/\/www.acps-automotive.com\/hu\/helyszinek\/st-egidien-nemetorszag\/\",\"name\":\"St. Egidien \/ N\u00e9metorsz\u00e1g | ACPS Automotive\",\"isPartOf\":{\"@id\":\"https:\/\/www.acps-automotive.com\/hu\/#website\"},\"primaryImageOfPage\":{\"@id\":\"https:\/\/www.acps-automotive.com\/hu\/helyszinek\/st-egidien-nemetorszag\/#primaryimage\"},\"image\":{\"@id\":\"https:\/\/www.acps-automotive.com\/hu\/helyszinek\/st-egidien-nemetorszag\/#primaryimage\"},\"thumbnailUrl\":\"https:\/\/www.acps-automotive.com\/wp-content\/uploads\/_media\/_allgemein\/pfeil-text-einleitung.png\",\"datePublished\":\"2025-12-17T09:39:51+00:00\",\"dateModified\":\"2026-03-10T11:13:41+00:00\",\"description\":\"Az ACPS Automotive az \u2605ORIS\u2605 m\u00e1rk\u00e1val piac- \u00e9s technol\u00f3giai vezet\u0151 a szem\u00e9lyg\u00e9pkocsik, SUV-k \u00e9s kisteheraut\u00f3k p\u00f3tkocsik\u00f6t\u0151 berendez\u00e9seinek ter\u00fclet\u00e9n.\",\"breadcrumb\":{\"@id\":\"https:\/\/www.acps-automotive.com\/hu\/helyszinek\/st-egidien-nemetorszag\/#breadcrumb\"},\"inLanguage\":\"hu\",\"potentialAction\":[{\"@type\":\"ReadAction\",\"target\":[\"https:\/\/www.acps-automotive.com\/hu\/helyszinek\/st-egidien-nemetorszag\/\"]}]},{\"@type\":\"ImageObject\",\"inLanguage\":\"hu\",\"@id\":\"https:\/\/www.acps-automotive.com\/hu\/helyszinek\/st-egidien-nemetorszag\/#primaryimage\",\"url\":\"https:\/\/www.acps-automotive.com\/wp-content\/uploads\/_media\/_allgemein\/pfeil-text-einleitung.png\",\"contentUrl\":\"https:\/\/www.acps-automotive.com\/wp-content\/uploads\/_media\/_allgemein\/pfeil-text-einleitung.png\"},{\"@type\":\"BreadcrumbList\",\"@id\":\"https:\/\/www.acps-automotive.com\/hu\/helyszinek\/st-egidien-nemetorszag\/#breadcrumb\",\"itemListElement\":[{\"@type\":\"ListItem\",\"position\":1,\"name\":\"Startseite\",\"item\":\"https:\/\/www.acps-automotive.com\/hu\/\"},{\"@type\":\"ListItem\",\"position\":2,\"name\":\"Helysz\u00ednek\",\"item\":\"https:\/\/www.acps-automotive.com\/hu\/helyszinek\/\"},{\"@type\":\"ListItem\",\"position\":3,\"name\":\"St. Egidien \/ N\u00e9metorsz\u00e1g\"}]},{\"@type\":\"WebSite\",\"@id\":\"https:\/\/www.acps-automotive.com\/hu\/#website\",\"url\":\"https:\/\/www.acps-automotive.com\/hu\/\",\"name\":\"ACPS Automotive GmbH\",\"description\":\"Innovative Anh\u00e4ngekupplungen\",\"publisher\":{\"@id\":\"https:\/\/www.acps-automotive.com\/hu\/#organization\"},\"potentialAction\":[{\"@type\":\"SearchAction\",\"target\":{\"@type\":\"EntryPoint\",\"urlTemplate\":\"https:\/\/www.acps-automotive.com\/hu\/?s={search_term_string}\"},\"query-input\":{\"@type\":\"PropertyValueSpecification\",\"valueRequired\":true,\"valueName\":\"search_term_string\"}}],\"inLanguage\":\"hu\"},{\"@type\":\"Organization\",\"@id\":\"https:\/\/www.acps-automotive.com\/hu\/#organization\",\"name\":\"ACPS Automotive GmbH\",\"url\":\"https:\/\/www.acps-automotive.com\/hu\/\",\"logo\":{\"@type\":\"ImageObject\",\"inLanguage\":\"hu\",\"@id\":\"https:\/\/www.acps-automotive.com\/hu\/#\/schema\/logo\/image\/\",\"url\":\"https:\/\/www.acps-automotive.com\/wp-content\/uploads\/_media\/_allgemein\/Logo-Footer-ACPS-Automotive.png\",\"contentUrl\":\"https:\/\/www.acps-automotive.com\/wp-content\/uploads\/_media\/_allgemein\/Logo-Footer-ACPS-Automotive.png\",\"width\":239,\"height\":32,\"caption\":\"ACPS Automotive GmbH\"},\"image\":{\"@id\":\"https:\/\/www.acps-automotive.com\/hu\/#\/schema\/logo\/image\/\"},\"sameAs\":[\"https:\/\/x.com\/ACPS_Automotive\",\"https:\/\/www.linkedin.com\/company\/acps-automotive-gmbh\/\",\"https:\/\/www.instagram.com\/acps_ausbildung\/\",\"https:\/\/www.youtube.com\/channel\/UC2jxrgWwpxpkay2aHWV5SaQ\"]}]}<\/script>\n<!-- \/ Yoast SEO plugin. -->","yoast_head_json":{"title":"St. Egidien \/ N\u00e9metorsz\u00e1g | ACPS Automotive","description":"Az ACPS Automotive az \u2605ORIS\u2605 m\u00e1rk\u00e1val piac- \u00e9s technol\u00f3giai vezet\u0151 a szem\u00e9lyg\u00e9pkocsik, SUV-k \u00e9s kisteheraut\u00f3k p\u00f3tkocsik\u00f6t\u0151 berendez\u00e9seinek ter\u00fclet\u00e9n.","robots":{"index":"index","follow":"follow","max-snippet":"max-snippet:-1","max-image-preview":"max-image-preview:large","max-video-preview":"max-video-preview:-1"},"canonical":"https:\/\/www.acps-automotive.com\/hu\/helyszinek\/st-egidien-nemetorszag\/","og_locale":"hu_HU","og_type":"article","og_title":"St. Egidien \/ N\u00e9metorsz\u00e1g | ACPS Automotive","og_description":"Az ACPS Automotive az \u2605ORIS\u2605 m\u00e1rk\u00e1val piac- \u00e9s technol\u00f3giai vezet\u0151 a szem\u00e9lyg\u00e9pkocsik, SUV-k \u00e9s kisteheraut\u00f3k p\u00f3tkocsik\u00f6t\u0151 berendez\u00e9seinek ter\u00fclet\u00e9n.","og_url":"https:\/\/www.acps-automotive.com\/hu\/helyszinek\/st-egidien-nemetorszag\/","og_site_name":"ACPS Automotive GmbH","article_modified_time":"2026-03-10T11:13:41+00:00","og_image":[{"url":"https:\/\/www.acps-automotive.com\/wp-content\/uploads\/_media\/_allgemein\/pfeil-text-einleitung.png","type":"","width":"","height":""}],"twitter_card":"summary_large_image","twitter_site":"@ACPS_Automotive","twitter_misc":{"Becs\u00fclt olvas\u00e1si id\u0151":"2 perc"},"schema":{"@context":"https:\/\/schema.org","@graph":[{"@type":"WebPage","@id":"https:\/\/www.acps-automotive.com\/hu\/helyszinek\/st-egidien-nemetorszag\/","url":"https:\/\/www.acps-automotive.com\/hu\/helyszinek\/st-egidien-nemetorszag\/","name":"St. Egidien \/ N\u00e9metorsz\u00e1g | ACPS Automotive","isPartOf":{"@id":"https:\/\/www.acps-automotive.com\/hu\/#website"},"primaryImageOfPage":{"@id":"https:\/\/www.acps-automotive.com\/hu\/helyszinek\/st-egidien-nemetorszag\/#primaryimage"},"image":{"@id":"https:\/\/www.acps-automotive.com\/hu\/helyszinek\/st-egidien-nemetorszag\/#primaryimage"},"thumbnailUrl":"https:\/\/www.acps-automotive.com\/wp-content\/uploads\/_media\/_allgemein\/pfeil-text-einleitung.png","datePublished":"2025-12-17T09:39:51+00:00","dateModified":"2026-03-10T11:13:41+00:00","description":"Az ACPS Automotive az \u2605ORIS\u2605 m\u00e1rk\u00e1val piac- \u00e9s technol\u00f3giai vezet\u0151 a szem\u00e9lyg\u00e9pkocsik, SUV-k \u00e9s kisteheraut\u00f3k p\u00f3tkocsik\u00f6t\u0151 berendez\u00e9seinek ter\u00fclet\u00e9n.","breadcrumb":{"@id":"https:\/\/www.acps-automotive.com\/hu\/helyszinek\/st-egidien-nemetorszag\/#breadcrumb"},"inLanguage":"hu","potentialAction":[{"@type":"ReadAction","target":["https:\/\/www.acps-automotive.com\/hu\/helyszinek\/st-egidien-nemetorszag\/"]}]},{"@type":"ImageObject","inLanguage":"hu","@id":"https:\/\/www.acps-automotive.com\/hu\/helyszinek\/st-egidien-nemetorszag\/#primaryimage","url":"https:\/\/www.acps-automotive.com\/wp-content\/uploads\/_media\/_allgemein\/pfeil-text-einleitung.png","contentUrl":"https:\/\/www.acps-automotive.com\/wp-content\/uploads\/_media\/_allgemein\/pfeil-text-einleitung.png"},{"@type":"BreadcrumbList","@id":"https:\/\/www.acps-automotive.com\/hu\/helyszinek\/st-egidien-nemetorszag\/#breadcrumb","itemListElement":[{"@type":"ListItem","position":1,"name":"Startseite","item":"https:\/\/www.acps-automotive.com\/hu\/"},{"@type":"ListItem","position":2,"name":"Helysz\u00ednek","item":"https:\/\/www.acps-automotive.com\/hu\/helyszinek\/"},{"@type":"ListItem","position":3,"name":"St. Egidien \/ N\u00e9metorsz\u00e1g"}]},{"@type":"WebSite","@id":"https:\/\/www.acps-automotive.com\/hu\/#website","url":"https:\/\/www.acps-automotive.com\/hu\/","name":"ACPS Automotive GmbH","description":"Innovative Anh\u00e4ngekupplungen","publisher":{"@id":"https:\/\/www.acps-automotive.com\/hu\/#organization"},"potentialAction":[{"@type":"SearchAction","target":{"@type":"EntryPoint","urlTemplate":"https:\/\/www.acps-automotive.com\/hu\/?s={search_term_string}"},"query-input":{"@type":"PropertyValueSpecification","valueRequired":true,"valueName":"search_term_string"}}],"inLanguage":"hu"},{"@type":"Organization","@id":"https:\/\/www.acps-automotive.com\/hu\/#organization","name":"ACPS Automotive GmbH","url":"https:\/\/www.acps-automotive.com\/hu\/","logo":{"@type":"ImageObject","inLanguage":"hu","@id":"https:\/\/www.acps-automotive.com\/hu\/#\/schema\/logo\/image\/","url":"https:\/\/www.acps-automotive.com\/wp-content\/uploads\/_media\/_allgemein\/Logo-Footer-ACPS-Automotive.png","contentUrl":"https:\/\/www.acps-automotive.com\/wp-content\/uploads\/_media\/_allgemein\/Logo-Footer-ACPS-Automotive.png","width":239,"height":32,"caption":"ACPS Automotive GmbH"},"image":{"@id":"https:\/\/www.acps-automotive.com\/hu\/#\/schema\/logo\/image\/"},"sameAs":["https:\/\/x.com\/ACPS_Automotive","https:\/\/www.linkedin.com\/company\/acps-automotive-gmbh\/","https:\/\/www.instagram.com\/acps_ausbildung\/","https:\/\/www.youtube.com\/channel\/UC2jxrgWwpxpkay2aHWV5SaQ"]}]}},"_links":{"self":[{"href":"https:\/\/www.acps-automotive.com\/hu\/wp-json\/wp\/v2\/pages\/27475","targetHints":{"allow":["GET"]}}],"collection":[{"href":"https:\/\/www.acps-automotive.com\/hu\/wp-json\/wp\/v2\/pages"}],"about":[{"href":"https:\/\/www.acps-automotive.com\/hu\/wp-json\/wp\/v2\/types\/page"}],"author":[{"embeddable":true,"href":"https:\/\/www.acps-automotive.com\/hu\/wp-json\/wp\/v2\/users\/8"}],"replies":[{"embeddable":true,"href":"https:\/\/www.acps-automotive.com\/hu\/wp-json\/wp\/v2\/comments?post=27475"}],"version-history":[{"count":7,"href":"https:\/\/www.acps-automotive.com\/hu\/wp-json\/wp\/v2\/pages\/27475\/revisions"}],"predecessor-version":[{"id":29629,"href":"https:\/\/www.acps-automotive.com\/hu\/wp-json\/wp\/v2\/pages\/27475\/revisions\/29629"}],"up":[{"embeddable":true,"href":"https:\/\/www.acps-automotive.com\/hu\/wp-json\/wp\/v2\/pages\/28080"}],"wp:attachment":[{"href":"https:\/\/www.acps-automotive.com\/hu\/wp-json\/wp\/v2\/media?parent=27475"}],"curies":[{"name":"wp","href":"https:\/\/api.w.org\/{rel}","templated":true}]}}