{"id":27471,"date":"2025-12-17T10:38:19","date_gmt":"2025-12-17T09:38:19","guid":{"rendered":"https:\/\/www.acps-automotive.com\/?page_id=27471"},"modified":"2026-03-09T16:12:33","modified_gmt":"2026-03-09T15:12:33","slug":"sanghaj-kina","status":"publish","type":"page","link":"https:\/\/www.acps-automotive.com\/hu\/helyszinek\/sanghaj-kina\/","title":{"rendered":"Sanghaj \/ K\u00edna"},"content":{"rendered":"<div class=\"vgblk-rw-wrapper limit-wrapper\">\n\n\t<h1><strong>Sanghaj<\/strong><br \/>\nK\u00edna<\/h1>\n\t<img loading=\"lazy\" decoding=\"async\" src=\"https:\/\/www.acps-automotive.com\/wp-content\/uploads\/_media\/_allgemein\/pfeil-text-einleitung.png\" alt=\"Pfeil Text Einleitung\" width=\"46\" height=\"69\" \/><br \/>\nOris Automotive Systems (Shanghai) Ltd.<br \/>\n\u00c9rt\u00e9kes\u00edt\u00e9si \u00e9s m\u00e9rn\u00f6ki telephely\n\t<h3>ACPS Automotive a K\u00f6z\u00e9pbirodalomban<\/h3>\n<p>K\u00edna a vil\u00e1g legnagyobb aut\u00f3ipari piaca. Aki r\u00e9szt akar venni ennek a strat\u00e9giailag fontos piacnak a kialak\u00edt\u00e1s\u00e1ban, annak helyi k\u00e9pviselettel \u00e9s motiv\u00e1lt munkat\u00e1rsakkal kell jelen lennie. Ez\u00e9rt az ACPS Automotive 2023-ban \u00faj \u00e9rt\u00e9kes\u00edt\u00e9si \u00e9s fejleszt\u00e9si telephelyet nyitott Sanghajban.<\/p>\n\t<h4><strong>A piaccal egy\u00fctt n\u00f6vekedni<\/strong><br \/>\nvil\u00e1gszint\u0171 terjeszked\u00e9s<\/h4>\nA k\u00ednai jelenl\u00e9t d\u00f6nt\u0151 l\u00e9p\u00e9s az ACPS Automotive glob\u00e1lis n\u00f6veked\u00e9si strat\u00e9gi\u00e1j\u00e1ban, \u00e9s fontos m\u00e9rf\u00f6ldk\u0151 a v\u00e1llalat vil\u00e1gszint\u0171 terjeszked\u00e9s\u00e9ben. K\u00ednai \u00fcgyfeleink egyr\u00e9szt aut\u00f3gy\u00e1rt\u00f3k, akik j\u00e1rm\u0171veiket p\u00f3tkocsival szerelik fel az Eur\u00f3p\u00e1ba \u00e9s \u00c9szak-Amerik\u00e1ba t\u00f6rt\u00e9n\u0151 export c\u00e9lj\u00e1b\u00f3l. A k\u00ednai OEM-gy\u00e1rt\u00f3k sz\u00e1m\u00e1ra innovat\u00edv p\u00f3tkocsikat k\u00edn\u00e1lunk, amelyeket kifejezetten ezekhez a k\u00f6nnyebb, \u00fczemanyag-takar\u00e9kos \u00e9s elektromos j\u00e1rm\u0171flott\u00e1khoz fejlesztett\u00fcnk ki.<br \/>\nDe a von\u00f3horog m\u00e1ra m\u00e1r kieg\u00e9sz\u00edt\u0151k\u00e9nt is kaphat\u00f3 a k\u00ednai piacon. Az ACPS Automotive ezzel reag\u00e1lt a megv\u00e1ltozott jogszab\u00e1lyokra, amelyek 2022-t\u0151l lehet\u0151v\u00e9 teszik a k\u00ednai j\u00e1rm\u0171vezet\u0151k sz\u00e1m\u00e1ra, hogy megfelel\u0151 jogos\u00edtv\u00e1nnyal von\u00f3horoggal felszerelt j\u00e1rm\u0171veket vezessenek. Ez a szab\u00e1lyoz\u00e1s izgalmas \u00e9s j\u00f6vedelmez\u0151 OE-piacot nyit meg, amelyet innovat\u00edv term\u00e9keinkkel szolg\u00e1lunk ki.\n\t<h4><strong>Impulzusok glob\u00e1lis tev\u00e9kenys\u00e9gekhez<\/strong><br \/>\nSaj\u00e1t fejleszt\u00e9si \u00e9s \u00e9rt\u00e9kes\u00edt\u00e9si telephely<\/h4>\n<p>A saj\u00e1t fejleszt\u00e9si \u00e9s \u00e9rt\u00e9kes\u00edt\u00e9si telephely K\u00edn\u00e1ban az ACPS Automotive sz\u00e1m\u00e1ra fontos strat\u00e9giai l\u00e9p\u00e9s. K\u00edna ugyanis hatalmas piac, magas technol\u00f3giai sz\u00ednvonal\u00fa \u00e9s leny\u0171g\u00f6z\u0151 innov\u00e1ci\u00f3s sebess\u00e9ggel, amely alapvet\u0151 impulzusokat ad vil\u00e1gszint\u0171 tev\u00e9kenys\u00e9g\u00fcnkh\u00f6z.<\/p>\n\t<p><img loading=\"lazy\" decoding=\"async\" src=\"https:\/\/www.acps-automotive.com\/wp-content\/uploads\/_media\/standorte\/china\/entwicklung.jpg\" alt=\"US-Markt Oris\" width=\"650\" height=\"400\" \/><\/p>\n\t<p><img loading=\"lazy\" decoding=\"async\" src=\"https:\/\/www.acps-automotive.com\/wp-content\/uploads\/_media\/standorte\/china\/philip-wang.jpg\" alt=\"Philip Wang\" width=\"650\" height=\"400\" \/><\/p>\n\t<p>\u201eNemcsak az \u00e9rt\u00e9kes\u00edt\u00e9s ter\u00fclet\u00e9n, hanem a k\u00ednai piac fejl\u0151d\u00e9s\u00e9ben is nagy potenci\u00e1lt l\u00e1tunk. Legf\u0151bb c\u00e9lunk, hogy a helyi \u00fcgyfeleket kiv\u00e1l\u00f3 min\u0151s\u00e9g\u0171 term\u00e9kekkel, szem\u00e9lyre szabott szolg\u00e1ltat\u00e1ssal \u00e9s versenyk\u00e9pes \u00e1rakkal l\u00e1ssuk el.&#8221;<\/p>\nPhilip Wang, Vice President Sales &amp; Marketing China,<br \/>\n\u00dcgyvezet\u0151 igazgat\u00f3 Oris Automotive Systems (Shanghai) Ltd.\n\n<\/div><!-- .vgblk-rw-wrapper -->","protected":false},"excerpt":{"rendered":"<p>Sanghaj K\u00edna Oris Automotive Systems (Shanghai) Ltd. \u00c9rt\u00e9kes\u00edt\u00e9si \u00e9s m\u00e9rn\u00f6ki telephely ACPS Automotive a K\u00f6z\u00e9pbirodalomban K\u00edna a vil\u00e1g legnagyobb aut\u00f3ipari piaca. Aki r\u00e9szt akar venni ennek a strat\u00e9giailag fontos piacnak a kialak\u00edt\u00e1s\u00e1ban, annak helyi k\u00e9pviselettel \u00e9s motiv\u00e1lt munkat\u00e1rsakkal kell jelen lennie. Ez\u00e9rt az ACPS Automotive 2023-ban \u00faj \u00e9rt\u00e9kes\u00edt\u00e9si \u00e9s fejleszt\u00e9si telephelyet nyitott Sanghajban. A piaccal&#8230;<\/p>\n","protected":false},"author":8,"featured_media":0,"parent":28080,"menu_order":0,"comment_status":"closed","ping_status":"closed","template":"","meta":{"inline_featured_image":false,"_price":"","_stock":"","_tribe_ticket_header":"","_tribe_default_ticket_provider":"","_tribe_ticket_capacity":"0","_ticket_start_date":"","_ticket_end_date":"","_tribe_ticket_show_description":"","_tribe_ticket_show_not_going":false,"_tribe_ticket_use_global_stock":"","_tribe_ticket_global_stock_level":"","_global_stock_mode":"","_global_stock_cap":"","_tribe_rsvp_for_event":"","_tribe_ticket_going_count":"","_tribe_ticket_not_going_count":"","_tribe_tickets_list":"[]","_tribe_ticket_has_attendee_info_fields":false,"footnotes":""},"class_list":["post-27471","page","type-page","status-publish","hentry"],"yoast_head":"<!-- This site is optimized with the Yoast SEO plugin v27.2 - https:\/\/yoast.com\/product\/yoast-seo-wordpress\/ -->\n<title>Sanghaj \/ K\u00edna | ACPS Automotive<\/title>\n<meta name=\"description\" content=\"Az ACPS Automotive az \u2605ORIS\u2605 m\u00e1rk\u00e1val piac- \u00e9s technol\u00f3giai vezet\u0151 a szem\u00e9lyg\u00e9pkocsik, SUV-k \u00e9s kisteheraut\u00f3k p\u00f3tkocsik\u00f6t\u0151 berendez\u00e9seinek ter\u00fclet\u00e9n.\" \/>\n<meta name=\"robots\" content=\"index, follow, max-snippet:-1, max-image-preview:large, max-video-preview:-1\" \/>\n<link rel=\"canonical\" href=\"https:\/\/www.acps-automotive.com\/hu\/helyszinek\/sanghaj-kina\/\" \/>\n<meta property=\"og:locale\" content=\"hu_HU\" \/>\n<meta property=\"og:type\" content=\"article\" \/>\n<meta property=\"og:title\" content=\"Sanghaj \/ K\u00edna | ACPS Automotive\" \/>\n<meta property=\"og:description\" content=\"Az ACPS Automotive az \u2605ORIS\u2605 m\u00e1rk\u00e1val piac- \u00e9s technol\u00f3giai vezet\u0151 a szem\u00e9lyg\u00e9pkocsik, SUV-k \u00e9s kisteheraut\u00f3k p\u00f3tkocsik\u00f6t\u0151 berendez\u00e9seinek ter\u00fclet\u00e9n.\" \/>\n<meta property=\"og:url\" content=\"https:\/\/www.acps-automotive.com\/hu\/helyszinek\/sanghaj-kina\/\" \/>\n<meta property=\"og:site_name\" content=\"ACPS Automotive GmbH\" \/>\n<meta property=\"article:modified_time\" content=\"2026-03-09T15:12:33+00:00\" \/>\n<meta property=\"og:image\" content=\"https:\/\/www.acps-automotive.com\/wp-content\/uploads\/_media\/_allgemein\/pfeil-text-einleitung.png\" \/>\n<meta name=\"twitter:card\" content=\"summary_large_image\" \/>\n<meta name=\"twitter:site\" content=\"@ACPS_Automotive\" \/>\n<meta name=\"twitter:label1\" content=\"Becs\u00fclt olvas\u00e1si id\u0151\" \/>\n\t<meta name=\"twitter:data1\" content=\"2 perc\" \/>\n<script type=\"application\/ld+json\" class=\"yoast-schema-graph\">{\"@context\":\"https:\/\/schema.org\",\"@graph\":[{\"@type\":\"WebPage\",\"@id\":\"https:\/\/www.acps-automotive.com\/hu\/helyszinek\/sanghaj-kina\/\",\"url\":\"https:\/\/www.acps-automotive.com\/hu\/helyszinek\/sanghaj-kina\/\",\"name\":\"Sanghaj \/ K\u00edna | ACPS Automotive\",\"isPartOf\":{\"@id\":\"https:\/\/www.acps-automotive.com\/hu\/#website\"},\"primaryImageOfPage\":{\"@id\":\"https:\/\/www.acps-automotive.com\/hu\/helyszinek\/sanghaj-kina\/#primaryimage\"},\"image\":{\"@id\":\"https:\/\/www.acps-automotive.com\/hu\/helyszinek\/sanghaj-kina\/#primaryimage\"},\"thumbnailUrl\":\"https:\/\/www.acps-automotive.com\/wp-content\/uploads\/_media\/_allgemein\/pfeil-text-einleitung.png\",\"datePublished\":\"2025-12-17T09:38:19+00:00\",\"dateModified\":\"2026-03-09T15:12:33+00:00\",\"description\":\"Az ACPS Automotive az \u2605ORIS\u2605 m\u00e1rk\u00e1val piac- \u00e9s technol\u00f3giai vezet\u0151 a szem\u00e9lyg\u00e9pkocsik, SUV-k \u00e9s kisteheraut\u00f3k p\u00f3tkocsik\u00f6t\u0151 berendez\u00e9seinek ter\u00fclet\u00e9n.\",\"breadcrumb\":{\"@id\":\"https:\/\/www.acps-automotive.com\/hu\/helyszinek\/sanghaj-kina\/#breadcrumb\"},\"inLanguage\":\"hu\",\"potentialAction\":[{\"@type\":\"ReadAction\",\"target\":[\"https:\/\/www.acps-automotive.com\/hu\/helyszinek\/sanghaj-kina\/\"]}]},{\"@type\":\"ImageObject\",\"inLanguage\":\"hu\",\"@id\":\"https:\/\/www.acps-automotive.com\/hu\/helyszinek\/sanghaj-kina\/#primaryimage\",\"url\":\"https:\/\/www.acps-automotive.com\/wp-content\/uploads\/_media\/_allgemein\/pfeil-text-einleitung.png\",\"contentUrl\":\"https:\/\/www.acps-automotive.com\/wp-content\/uploads\/_media\/_allgemein\/pfeil-text-einleitung.png\"},{\"@type\":\"BreadcrumbList\",\"@id\":\"https:\/\/www.acps-automotive.com\/hu\/helyszinek\/sanghaj-kina\/#breadcrumb\",\"itemListElement\":[{\"@type\":\"ListItem\",\"position\":1,\"name\":\"Startseite\",\"item\":\"https:\/\/www.acps-automotive.com\/hu\/\"},{\"@type\":\"ListItem\",\"position\":2,\"name\":\"Helysz\u00ednek\",\"item\":\"https:\/\/www.acps-automotive.com\/hu\/helyszinek\/\"},{\"@type\":\"ListItem\",\"position\":3,\"name\":\"Sanghaj \/ K\u00edna\"}]},{\"@type\":\"WebSite\",\"@id\":\"https:\/\/www.acps-automotive.com\/hu\/#website\",\"url\":\"https:\/\/www.acps-automotive.com\/hu\/\",\"name\":\"ACPS Automotive GmbH\",\"description\":\"Innovative Anh\u00e4ngekupplungen\",\"publisher\":{\"@id\":\"https:\/\/www.acps-automotive.com\/hu\/#organization\"},\"potentialAction\":[{\"@type\":\"SearchAction\",\"target\":{\"@type\":\"EntryPoint\",\"urlTemplate\":\"https:\/\/www.acps-automotive.com\/hu\/?s={search_term_string}\"},\"query-input\":{\"@type\":\"PropertyValueSpecification\",\"valueRequired\":true,\"valueName\":\"search_term_string\"}}],\"inLanguage\":\"hu\"},{\"@type\":\"Organization\",\"@id\":\"https:\/\/www.acps-automotive.com\/hu\/#organization\",\"name\":\"ACPS Automotive GmbH\",\"url\":\"https:\/\/www.acps-automotive.com\/hu\/\",\"logo\":{\"@type\":\"ImageObject\",\"inLanguage\":\"hu\",\"@id\":\"https:\/\/www.acps-automotive.com\/hu\/#\/schema\/logo\/image\/\",\"url\":\"https:\/\/www.acps-automotive.com\/wp-content\/uploads\/_media\/_allgemein\/Logo-Footer-ACPS-Automotive.png\",\"contentUrl\":\"https:\/\/www.acps-automotive.com\/wp-content\/uploads\/_media\/_allgemein\/Logo-Footer-ACPS-Automotive.png\",\"width\":239,\"height\":32,\"caption\":\"ACPS Automotive GmbH\"},\"image\":{\"@id\":\"https:\/\/www.acps-automotive.com\/hu\/#\/schema\/logo\/image\/\"},\"sameAs\":[\"https:\/\/x.com\/ACPS_Automotive\",\"https:\/\/www.linkedin.com\/company\/acps-automotive-gmbh\/\",\"https:\/\/www.instagram.com\/acps_ausbildung\/\",\"https:\/\/www.youtube.com\/channel\/UC2jxrgWwpxpkay2aHWV5SaQ\"]}]}<\/script>\n<!-- \/ Yoast SEO plugin. -->","yoast_head_json":{"title":"Sanghaj \/ K\u00edna | ACPS Automotive","description":"Az ACPS Automotive az \u2605ORIS\u2605 m\u00e1rk\u00e1val piac- \u00e9s technol\u00f3giai vezet\u0151 a szem\u00e9lyg\u00e9pkocsik, SUV-k \u00e9s kisteheraut\u00f3k p\u00f3tkocsik\u00f6t\u0151 berendez\u00e9seinek ter\u00fclet\u00e9n.","robots":{"index":"index","follow":"follow","max-snippet":"max-snippet:-1","max-image-preview":"max-image-preview:large","max-video-preview":"max-video-preview:-1"},"canonical":"https:\/\/www.acps-automotive.com\/hu\/helyszinek\/sanghaj-kina\/","og_locale":"hu_HU","og_type":"article","og_title":"Sanghaj \/ K\u00edna | ACPS Automotive","og_description":"Az ACPS Automotive az \u2605ORIS\u2605 m\u00e1rk\u00e1val piac- \u00e9s technol\u00f3giai vezet\u0151 a szem\u00e9lyg\u00e9pkocsik, SUV-k \u00e9s kisteheraut\u00f3k p\u00f3tkocsik\u00f6t\u0151 berendez\u00e9seinek ter\u00fclet\u00e9n.","og_url":"https:\/\/www.acps-automotive.com\/hu\/helyszinek\/sanghaj-kina\/","og_site_name":"ACPS Automotive GmbH","article_modified_time":"2026-03-09T15:12:33+00:00","og_image":[{"url":"https:\/\/www.acps-automotive.com\/wp-content\/uploads\/_media\/_allgemein\/pfeil-text-einleitung.png","type":"","width":"","height":""}],"twitter_card":"summary_large_image","twitter_site":"@ACPS_Automotive","twitter_misc":{"Becs\u00fclt olvas\u00e1si id\u0151":"2 perc"},"schema":{"@context":"https:\/\/schema.org","@graph":[{"@type":"WebPage","@id":"https:\/\/www.acps-automotive.com\/hu\/helyszinek\/sanghaj-kina\/","url":"https:\/\/www.acps-automotive.com\/hu\/helyszinek\/sanghaj-kina\/","name":"Sanghaj \/ K\u00edna | ACPS Automotive","isPartOf":{"@id":"https:\/\/www.acps-automotive.com\/hu\/#website"},"primaryImageOfPage":{"@id":"https:\/\/www.acps-automotive.com\/hu\/helyszinek\/sanghaj-kina\/#primaryimage"},"image":{"@id":"https:\/\/www.acps-automotive.com\/hu\/helyszinek\/sanghaj-kina\/#primaryimage"},"thumbnailUrl":"https:\/\/www.acps-automotive.com\/wp-content\/uploads\/_media\/_allgemein\/pfeil-text-einleitung.png","datePublished":"2025-12-17T09:38:19+00:00","dateModified":"2026-03-09T15:12:33+00:00","description":"Az ACPS Automotive az \u2605ORIS\u2605 m\u00e1rk\u00e1val piac- \u00e9s technol\u00f3giai vezet\u0151 a szem\u00e9lyg\u00e9pkocsik, SUV-k \u00e9s kisteheraut\u00f3k p\u00f3tkocsik\u00f6t\u0151 berendez\u00e9seinek ter\u00fclet\u00e9n.","breadcrumb":{"@id":"https:\/\/www.acps-automotive.com\/hu\/helyszinek\/sanghaj-kina\/#breadcrumb"},"inLanguage":"hu","potentialAction":[{"@type":"ReadAction","target":["https:\/\/www.acps-automotive.com\/hu\/helyszinek\/sanghaj-kina\/"]}]},{"@type":"ImageObject","inLanguage":"hu","@id":"https:\/\/www.acps-automotive.com\/hu\/helyszinek\/sanghaj-kina\/#primaryimage","url":"https:\/\/www.acps-automotive.com\/wp-content\/uploads\/_media\/_allgemein\/pfeil-text-einleitung.png","contentUrl":"https:\/\/www.acps-automotive.com\/wp-content\/uploads\/_media\/_allgemein\/pfeil-text-einleitung.png"},{"@type":"BreadcrumbList","@id":"https:\/\/www.acps-automotive.com\/hu\/helyszinek\/sanghaj-kina\/#breadcrumb","itemListElement":[{"@type":"ListItem","position":1,"name":"Startseite","item":"https:\/\/www.acps-automotive.com\/hu\/"},{"@type":"ListItem","position":2,"name":"Helysz\u00ednek","item":"https:\/\/www.acps-automotive.com\/hu\/helyszinek\/"},{"@type":"ListItem","position":3,"name":"Sanghaj \/ K\u00edna"}]},{"@type":"WebSite","@id":"https:\/\/www.acps-automotive.com\/hu\/#website","url":"https:\/\/www.acps-automotive.com\/hu\/","name":"ACPS Automotive GmbH","description":"Innovative Anh\u00e4ngekupplungen","publisher":{"@id":"https:\/\/www.acps-automotive.com\/hu\/#organization"},"potentialAction":[{"@type":"SearchAction","target":{"@type":"EntryPoint","urlTemplate":"https:\/\/www.acps-automotive.com\/hu\/?s={search_term_string}"},"query-input":{"@type":"PropertyValueSpecification","valueRequired":true,"valueName":"search_term_string"}}],"inLanguage":"hu"},{"@type":"Organization","@id":"https:\/\/www.acps-automotive.com\/hu\/#organization","name":"ACPS Automotive GmbH","url":"https:\/\/www.acps-automotive.com\/hu\/","logo":{"@type":"ImageObject","inLanguage":"hu","@id":"https:\/\/www.acps-automotive.com\/hu\/#\/schema\/logo\/image\/","url":"https:\/\/www.acps-automotive.com\/wp-content\/uploads\/_media\/_allgemein\/Logo-Footer-ACPS-Automotive.png","contentUrl":"https:\/\/www.acps-automotive.com\/wp-content\/uploads\/_media\/_allgemein\/Logo-Footer-ACPS-Automotive.png","width":239,"height":32,"caption":"ACPS Automotive GmbH"},"image":{"@id":"https:\/\/www.acps-automotive.com\/hu\/#\/schema\/logo\/image\/"},"sameAs":["https:\/\/x.com\/ACPS_Automotive","https:\/\/www.linkedin.com\/company\/acps-automotive-gmbh\/","https:\/\/www.instagram.com\/acps_ausbildung\/","https:\/\/www.youtube.com\/channel\/UC2jxrgWwpxpkay2aHWV5SaQ"]}]}},"_links":{"self":[{"href":"https:\/\/www.acps-automotive.com\/hu\/wp-json\/wp\/v2\/pages\/27471","targetHints":{"allow":["GET"]}}],"collection":[{"href":"https:\/\/www.acps-automotive.com\/hu\/wp-json\/wp\/v2\/pages"}],"about":[{"href":"https:\/\/www.acps-automotive.com\/hu\/wp-json\/wp\/v2\/types\/page"}],"author":[{"embeddable":true,"href":"https:\/\/www.acps-automotive.com\/hu\/wp-json\/wp\/v2\/users\/8"}],"replies":[{"embeddable":true,"href":"https:\/\/www.acps-automotive.com\/hu\/wp-json\/wp\/v2\/comments?post=27471"}],"version-history":[{"count":2,"href":"https:\/\/www.acps-automotive.com\/hu\/wp-json\/wp\/v2\/pages\/27471\/revisions"}],"predecessor-version":[{"id":27474,"href":"https:\/\/www.acps-automotive.com\/hu\/wp-json\/wp\/v2\/pages\/27471\/revisions\/27474"}],"up":[{"embeddable":true,"href":"https:\/\/www.acps-automotive.com\/hu\/wp-json\/wp\/v2\/pages\/28080"}],"wp:attachment":[{"href":"https:\/\/www.acps-automotive.com\/hu\/wp-json\/wp\/v2\/media?parent=27471"}],"curies":[{"name":"wp","href":"https:\/\/api.w.org\/{rel}","templated":true}]}}