{"id":27467,"date":"2025-12-17T10:36:02","date_gmt":"2025-12-17T09:36:02","guid":{"rendered":"https:\/\/www.acps-automotive.com\/?page_id=27467"},"modified":"2026-03-09T16:12:11","modified_gmt":"2026-03-09T15:12:11","slug":"queretaro-mexiko","status":"publish","type":"page","link":"https:\/\/www.acps-automotive.com\/hu\/helyszinek\/queretaro-mexiko\/","title":{"rendered":"Quer\u00e9taro \/ Mexik\u00f3"},"content":{"rendered":"<div class=\"vgblk-rw-wrapper limit-wrapper\">\n\n\t<h1><strong>Quer\u00e9taro<\/strong><br \/>\nMexik\u00f3<\/h1>\n\t<img loading=\"lazy\" decoding=\"async\" src=\"https:\/\/www.acps-automotive.com\/wp-content\/uploads\/_media\/_allgemein\/pfeil-text-einleitung.png\" alt=\"Pfeil Text Einleitung\" width=\"46\" height=\"69\" \/><br \/>\nAutomotive Carrier and Protection Systems<br \/>\nMexico SA de CV<br \/>\nGy\u00e1rt\u00e1si \u00e9s fejleszt\u00e9si telephely\n\t<h4><strong>A siker egy pillanat alatt<\/strong><br \/>\nA legfontosabb adatok<\/h4>\n\t<p>Az Automotive Carrier and Protection Systems Mexico SA de CV Quer\u00e9taro-ban tal\u00e1lhat\u00f3 gy\u00e1r\u00e1ban gy\u00e1rtj\u00e1k az \u00e9szak-amerikai piacra sz\u00e1nt \u00f6sszes von\u00f3horog-technol\u00f3gi\u00e1t &#8211; r\u00f6gz\u00edtett, leszerelhet\u0151 \u00e9s forgathat\u00f3. A 2015-ben El Marqu\u00e9s-ban egyf\u0151s v\u00e1llalkoz\u00e1sk\u00e9nt alap\u00edtott, ma Quer\u00e9taro-ban tal\u00e1lhat\u00f3 gy\u00e1r az eg\u00e9sz \u00e9szak-amerikai piacot ell\u00e1tja amerikai \u00e9s eur\u00f3pai specifik\u00e1ci\u00f3j\u00fa von\u00f3horogokkal. Nemzeti \u00e9s nemzetk\u00f6zi gy\u00e1rt\u00f3\u00fczemeinkben \u00e9vente \u00f6sszesen t\u00f6bb mint 2 milli\u00f3 von\u00f3szerkezetet gy\u00e1rtanak.<\/p>\n\t<ul>\n<li>387 alkalmazott<\/li>\n<li>Alap\u00edtva 2015<\/li>\n<li>12 fejleszt\u0151m\u00e9rn\u00f6k<\/li>\n<li>20.000 m<sup>2<\/sup>\u00a0telek<\/li>\n<li>12.500 m<sup>2<\/sup>\u00a0gy\u00e1rt\u00f3csarnok<\/li>\n<li>8.500 m<sup>2<\/sup>\u00a0rakt\u00e1r (nyersanyagok, f\u00e9lk\u00e9sz \u00e9s k\u00e9szterm\u00e9kek)<\/li>\n<li>150 m<sup>2<\/sup>\u00a0tesztlabor<\/li>\n<\/ul>\n\t<h4><strong>Gy\u00e1rt\u00e1si Know-how<\/strong><br \/>\n\u00c1ttekint\u00e9s a ter\u00fcleteinkr\u0151l<\/h4>\n<ul>\n<li>Szersz\u00e1mgy\u00e1rt\u00e1s<\/li>\n<li>El\u0151gy\u00e1rt\u00e1s\n<ul>\n<li>L\u00e9zeres megmunk\u00e1l\u00e1s<\/li>\n<li>Hajl\u00edt\u00e1s, v\u00e1g\u00e1s, sajtol\u00e1s<\/li>\n<li>CNC-megmunk\u00e1l\u00e1s<\/li>\n<\/ul>\n<\/li>\n<li>Hegeszt\u00e9s<\/li>\n<li>Fest\u0151m\u0171hely<\/li>\n<li>G\u00f6mbcsukl\u00f3-\u00f6sszeszerel\u00e9s \/ el\u0151szerel\u00e9s<\/li>\n<li>V\u00e9gs\u0151 \u00f6sszeszerel\u00e9s<\/li>\n<li>Logisztika<\/li>\n<li>Kutat\u00e1s \u00e9s fejleszt\u00e9s<\/li>\n<\/ul>\n\t<h4><strong>Siker a vezet\u00e9s r\u00e9v\u00e9n<\/strong><br \/>\nFabian Sosa \u00fczemigazgat\u00f3<\/h4>\n<p>Fabian Sosa 2013-ban csatlakozott v\u00e1llalatunk csapat\u00e1hoz. Kiv\u00e1l\u00f3 teljes\u00edtm\u00e9ny\u00e9vel folyamatosan \u00faj m\u00e9rc\u00e9t \u00e1ll\u00edtott fel. 2016 \u00f3ta sz\u00e1mos vezet\u0151i poz\u00edci\u00f3t t\u00f6lt\u00f6tt be a p\u00f3tkocsik gy\u00e1rt\u00e1si ter\u00fclet\u00e9n, \u00e9s kiv\u00e1l\u00f3 eredm\u00e9nyeket \u00e9rt el. Az ACPS Automotive \u00faj gy\u00e1rt\u00f3\u00fczem\u00e9nek \u00fczemvezet\u0151jek\u00e9nt, amelyet 2017-ben \u00e9p\u00edtettek Quer\u00e9tar\u00f3ban, ism\u00e9t bizony\u00edtotta \u00f6tletgazdak\u00e9nt \u00e9s sikeres menedzserk\u00e9nt val\u00f3 k\u00e9pess\u00e9geit. Fabian Sosa vezet\u00e9s\u00e9vel a gy\u00e1rt\u00f3\u00fczem sikeresen \u00e1thelyez\u0151d\u00f6tt El Marqu\u00e9sb\u0151l Quer\u00e9tar\u00f3ba, \u00e9s az\u00f3ta folyamatos n\u00f6veked\u00e9st regisztr\u00e1l.<\/p>\n\t<p><img loading=\"lazy\" decoding=\"async\" src=\"https:\/\/www.acps-automotive.com\/wp-content\/uploads\/_media\/standorte\/mexiko\/entwicklung.jpg\" alt=\"Entwicklung\" width=\"650\" height=\"400\" \/><\/p>\n\t<p><img loading=\"lazy\" decoding=\"async\" src=\"https:\/\/www.acps-automotive.com\/wp-content\/uploads\/_media\/standorte\/mexiko\/fabian-sosa.jpg\" alt=\"Fabian Sosa\" width=\"650\" height=\"400\" \/><\/p>\n\n<\/div><!-- .vgblk-rw-wrapper -->","protected":false},"excerpt":{"rendered":"<p>Quer\u00e9taro Mexik\u00f3 Automotive Carrier and Protection Systems Mexico SA de CV Gy\u00e1rt\u00e1si \u00e9s fejleszt\u00e9si telephely A siker egy pillanat alatt A legfontosabb adatok Az Automotive Carrier and Protection Systems Mexico SA de CV Quer\u00e9taro-ban tal\u00e1lhat\u00f3 gy\u00e1r\u00e1ban gy\u00e1rtj\u00e1k az \u00e9szak-amerikai piacra sz\u00e1nt \u00f6sszes von\u00f3horog-technol\u00f3gi\u00e1t &#8211; r\u00f6gz\u00edtett, leszerelhet\u0151 \u00e9s forgathat\u00f3. A 2015-ben El Marqu\u00e9s-ban egyf\u0151s v\u00e1llalkoz\u00e1sk\u00e9nt alap\u00edtott,&#8230;<\/p>\n","protected":false},"author":8,"featured_media":0,"parent":28080,"menu_order":0,"comment_status":"closed","ping_status":"closed","template":"","meta":{"inline_featured_image":false,"_price":"","_stock":"","_tribe_ticket_header":"","_tribe_default_ticket_provider":"","_tribe_ticket_capacity":"0","_ticket_start_date":"","_ticket_end_date":"","_tribe_ticket_show_description":"","_tribe_ticket_show_not_going":false,"_tribe_ticket_use_global_stock":"","_tribe_ticket_global_stock_level":"","_global_stock_mode":"","_global_stock_cap":"","_tribe_rsvp_for_event":"","_tribe_ticket_going_count":"","_tribe_ticket_not_going_count":"","_tribe_tickets_list":"[]","_tribe_ticket_has_attendee_info_fields":false,"footnotes":""},"class_list":["post-27467","page","type-page","status-publish","hentry"],"yoast_head":"<!-- This site is optimized with the Yoast SEO plugin v27.2 - https:\/\/yoast.com\/product\/yoast-seo-wordpress\/ -->\n<title>Quer\u00e9taro \/ Mexik\u00f3 | ACPS Automotive<\/title>\n<meta name=\"description\" content=\"Az ACPS Automotive az \u2605ORIS\u2605 m\u00e1rk\u00e1val piac- \u00e9s technol\u00f3giai vezet\u0151 a szem\u00e9lyg\u00e9pkocsik, SUV-k \u00e9s kisteheraut\u00f3k p\u00f3tkocsik\u00f6t\u0151 berendez\u00e9seinek ter\u00fclet\u00e9n.\" \/>\n<meta name=\"robots\" content=\"index, follow, max-snippet:-1, max-image-preview:large, max-video-preview:-1\" \/>\n<link rel=\"canonical\" href=\"https:\/\/www.acps-automotive.com\/hu\/helyszinek\/queretaro-mexiko\/\" \/>\n<meta property=\"og:locale\" content=\"hu_HU\" \/>\n<meta property=\"og:type\" content=\"article\" \/>\n<meta property=\"og:title\" content=\"Quer\u00e9taro \/ Mexik\u00f3 | ACPS Automotive\" \/>\n<meta property=\"og:description\" content=\"Az ACPS Automotive az \u2605ORIS\u2605 m\u00e1rk\u00e1val piac- \u00e9s technol\u00f3giai vezet\u0151 a szem\u00e9lyg\u00e9pkocsik, SUV-k \u00e9s kisteheraut\u00f3k p\u00f3tkocsik\u00f6t\u0151 berendez\u00e9seinek ter\u00fclet\u00e9n.\" \/>\n<meta property=\"og:url\" content=\"https:\/\/www.acps-automotive.com\/hu\/helyszinek\/queretaro-mexiko\/\" \/>\n<meta property=\"og:site_name\" content=\"ACPS Automotive GmbH\" \/>\n<meta property=\"article:modified_time\" content=\"2026-03-09T15:12:11+00:00\" \/>\n<meta property=\"og:image\" content=\"https:\/\/www.acps-automotive.com\/wp-content\/uploads\/_media\/_allgemein\/pfeil-text-einleitung.png\" \/>\n<meta name=\"twitter:card\" content=\"summary_large_image\" \/>\n<meta name=\"twitter:site\" content=\"@ACPS_Automotive\" \/>\n<meta name=\"twitter:label1\" content=\"Becs\u00fclt olvas\u00e1si id\u0151\" \/>\n\t<meta name=\"twitter:data1\" content=\"2 perc\" \/>\n<script type=\"application\/ld+json\" class=\"yoast-schema-graph\">{\"@context\":\"https:\/\/schema.org\",\"@graph\":[{\"@type\":\"WebPage\",\"@id\":\"https:\/\/www.acps-automotive.com\/hu\/helyszinek\/queretaro-mexiko\/\",\"url\":\"https:\/\/www.acps-automotive.com\/hu\/helyszinek\/queretaro-mexiko\/\",\"name\":\"Quer\u00e9taro \/ Mexik\u00f3 | ACPS Automotive\",\"isPartOf\":{\"@id\":\"https:\/\/www.acps-automotive.com\/hu\/#website\"},\"primaryImageOfPage\":{\"@id\":\"https:\/\/www.acps-automotive.com\/hu\/helyszinek\/queretaro-mexiko\/#primaryimage\"},\"image\":{\"@id\":\"https:\/\/www.acps-automotive.com\/hu\/helyszinek\/queretaro-mexiko\/#primaryimage\"},\"thumbnailUrl\":\"https:\/\/www.acps-automotive.com\/wp-content\/uploads\/_media\/_allgemein\/pfeil-text-einleitung.png\",\"datePublished\":\"2025-12-17T09:36:02+00:00\",\"dateModified\":\"2026-03-09T15:12:11+00:00\",\"description\":\"Az ACPS Automotive az \u2605ORIS\u2605 m\u00e1rk\u00e1val piac- \u00e9s technol\u00f3giai vezet\u0151 a szem\u00e9lyg\u00e9pkocsik, SUV-k \u00e9s kisteheraut\u00f3k p\u00f3tkocsik\u00f6t\u0151 berendez\u00e9seinek ter\u00fclet\u00e9n.\",\"breadcrumb\":{\"@id\":\"https:\/\/www.acps-automotive.com\/hu\/helyszinek\/queretaro-mexiko\/#breadcrumb\"},\"inLanguage\":\"hu\",\"potentialAction\":[{\"@type\":\"ReadAction\",\"target\":[\"https:\/\/www.acps-automotive.com\/hu\/helyszinek\/queretaro-mexiko\/\"]}]},{\"@type\":\"ImageObject\",\"inLanguage\":\"hu\",\"@id\":\"https:\/\/www.acps-automotive.com\/hu\/helyszinek\/queretaro-mexiko\/#primaryimage\",\"url\":\"https:\/\/www.acps-automotive.com\/wp-content\/uploads\/_media\/_allgemein\/pfeil-text-einleitung.png\",\"contentUrl\":\"https:\/\/www.acps-automotive.com\/wp-content\/uploads\/_media\/_allgemein\/pfeil-text-einleitung.png\"},{\"@type\":\"BreadcrumbList\",\"@id\":\"https:\/\/www.acps-automotive.com\/hu\/helyszinek\/queretaro-mexiko\/#breadcrumb\",\"itemListElement\":[{\"@type\":\"ListItem\",\"position\":1,\"name\":\"Startseite\",\"item\":\"https:\/\/www.acps-automotive.com\/hu\/\"},{\"@type\":\"ListItem\",\"position\":2,\"name\":\"Helysz\u00ednek\",\"item\":\"https:\/\/www.acps-automotive.com\/hu\/helyszinek\/\"},{\"@type\":\"ListItem\",\"position\":3,\"name\":\"Quer\u00e9taro \/ Mexik\u00f3\"}]},{\"@type\":\"WebSite\",\"@id\":\"https:\/\/www.acps-automotive.com\/hu\/#website\",\"url\":\"https:\/\/www.acps-automotive.com\/hu\/\",\"name\":\"ACPS Automotive GmbH\",\"description\":\"Innovative Anh\u00e4ngekupplungen\",\"publisher\":{\"@id\":\"https:\/\/www.acps-automotive.com\/hu\/#organization\"},\"potentialAction\":[{\"@type\":\"SearchAction\",\"target\":{\"@type\":\"EntryPoint\",\"urlTemplate\":\"https:\/\/www.acps-automotive.com\/hu\/?s={search_term_string}\"},\"query-input\":{\"@type\":\"PropertyValueSpecification\",\"valueRequired\":true,\"valueName\":\"search_term_string\"}}],\"inLanguage\":\"hu\"},{\"@type\":\"Organization\",\"@id\":\"https:\/\/www.acps-automotive.com\/hu\/#organization\",\"name\":\"ACPS Automotive GmbH\",\"url\":\"https:\/\/www.acps-automotive.com\/hu\/\",\"logo\":{\"@type\":\"ImageObject\",\"inLanguage\":\"hu\",\"@id\":\"https:\/\/www.acps-automotive.com\/hu\/#\/schema\/logo\/image\/\",\"url\":\"https:\/\/www.acps-automotive.com\/wp-content\/uploads\/_media\/_allgemein\/Logo-Footer-ACPS-Automotive.png\",\"contentUrl\":\"https:\/\/www.acps-automotive.com\/wp-content\/uploads\/_media\/_allgemein\/Logo-Footer-ACPS-Automotive.png\",\"width\":239,\"height\":32,\"caption\":\"ACPS Automotive GmbH\"},\"image\":{\"@id\":\"https:\/\/www.acps-automotive.com\/hu\/#\/schema\/logo\/image\/\"},\"sameAs\":[\"https:\/\/x.com\/ACPS_Automotive\",\"https:\/\/www.linkedin.com\/company\/acps-automotive-gmbh\/\",\"https:\/\/www.instagram.com\/acps_ausbildung\/\",\"https:\/\/www.youtube.com\/channel\/UC2jxrgWwpxpkay2aHWV5SaQ\"]}]}<\/script>\n<!-- \/ Yoast SEO plugin. -->","yoast_head_json":{"title":"Quer\u00e9taro \/ Mexik\u00f3 | ACPS Automotive","description":"Az ACPS Automotive az \u2605ORIS\u2605 m\u00e1rk\u00e1val piac- \u00e9s technol\u00f3giai vezet\u0151 a szem\u00e9lyg\u00e9pkocsik, SUV-k \u00e9s kisteheraut\u00f3k p\u00f3tkocsik\u00f6t\u0151 berendez\u00e9seinek ter\u00fclet\u00e9n.","robots":{"index":"index","follow":"follow","max-snippet":"max-snippet:-1","max-image-preview":"max-image-preview:large","max-video-preview":"max-video-preview:-1"},"canonical":"https:\/\/www.acps-automotive.com\/hu\/helyszinek\/queretaro-mexiko\/","og_locale":"hu_HU","og_type":"article","og_title":"Quer\u00e9taro \/ Mexik\u00f3 | ACPS Automotive","og_description":"Az ACPS Automotive az \u2605ORIS\u2605 m\u00e1rk\u00e1val piac- \u00e9s technol\u00f3giai vezet\u0151 a szem\u00e9lyg\u00e9pkocsik, SUV-k \u00e9s kisteheraut\u00f3k p\u00f3tkocsik\u00f6t\u0151 berendez\u00e9seinek ter\u00fclet\u00e9n.","og_url":"https:\/\/www.acps-automotive.com\/hu\/helyszinek\/queretaro-mexiko\/","og_site_name":"ACPS Automotive GmbH","article_modified_time":"2026-03-09T15:12:11+00:00","og_image":[{"url":"https:\/\/www.acps-automotive.com\/wp-content\/uploads\/_media\/_allgemein\/pfeil-text-einleitung.png","type":"","width":"","height":""}],"twitter_card":"summary_large_image","twitter_site":"@ACPS_Automotive","twitter_misc":{"Becs\u00fclt olvas\u00e1si id\u0151":"2 perc"},"schema":{"@context":"https:\/\/schema.org","@graph":[{"@type":"WebPage","@id":"https:\/\/www.acps-automotive.com\/hu\/helyszinek\/queretaro-mexiko\/","url":"https:\/\/www.acps-automotive.com\/hu\/helyszinek\/queretaro-mexiko\/","name":"Quer\u00e9taro \/ Mexik\u00f3 | ACPS Automotive","isPartOf":{"@id":"https:\/\/www.acps-automotive.com\/hu\/#website"},"primaryImageOfPage":{"@id":"https:\/\/www.acps-automotive.com\/hu\/helyszinek\/queretaro-mexiko\/#primaryimage"},"image":{"@id":"https:\/\/www.acps-automotive.com\/hu\/helyszinek\/queretaro-mexiko\/#primaryimage"},"thumbnailUrl":"https:\/\/www.acps-automotive.com\/wp-content\/uploads\/_media\/_allgemein\/pfeil-text-einleitung.png","datePublished":"2025-12-17T09:36:02+00:00","dateModified":"2026-03-09T15:12:11+00:00","description":"Az ACPS Automotive az \u2605ORIS\u2605 m\u00e1rk\u00e1val piac- \u00e9s technol\u00f3giai vezet\u0151 a szem\u00e9lyg\u00e9pkocsik, SUV-k \u00e9s kisteheraut\u00f3k p\u00f3tkocsik\u00f6t\u0151 berendez\u00e9seinek ter\u00fclet\u00e9n.","breadcrumb":{"@id":"https:\/\/www.acps-automotive.com\/hu\/helyszinek\/queretaro-mexiko\/#breadcrumb"},"inLanguage":"hu","potentialAction":[{"@type":"ReadAction","target":["https:\/\/www.acps-automotive.com\/hu\/helyszinek\/queretaro-mexiko\/"]}]},{"@type":"ImageObject","inLanguage":"hu","@id":"https:\/\/www.acps-automotive.com\/hu\/helyszinek\/queretaro-mexiko\/#primaryimage","url":"https:\/\/www.acps-automotive.com\/wp-content\/uploads\/_media\/_allgemein\/pfeil-text-einleitung.png","contentUrl":"https:\/\/www.acps-automotive.com\/wp-content\/uploads\/_media\/_allgemein\/pfeil-text-einleitung.png"},{"@type":"BreadcrumbList","@id":"https:\/\/www.acps-automotive.com\/hu\/helyszinek\/queretaro-mexiko\/#breadcrumb","itemListElement":[{"@type":"ListItem","position":1,"name":"Startseite","item":"https:\/\/www.acps-automotive.com\/hu\/"},{"@type":"ListItem","position":2,"name":"Helysz\u00ednek","item":"https:\/\/www.acps-automotive.com\/hu\/helyszinek\/"},{"@type":"ListItem","position":3,"name":"Quer\u00e9taro \/ Mexik\u00f3"}]},{"@type":"WebSite","@id":"https:\/\/www.acps-automotive.com\/hu\/#website","url":"https:\/\/www.acps-automotive.com\/hu\/","name":"ACPS Automotive GmbH","description":"Innovative Anh\u00e4ngekupplungen","publisher":{"@id":"https:\/\/www.acps-automotive.com\/hu\/#organization"},"potentialAction":[{"@type":"SearchAction","target":{"@type":"EntryPoint","urlTemplate":"https:\/\/www.acps-automotive.com\/hu\/?s={search_term_string}"},"query-input":{"@type":"PropertyValueSpecification","valueRequired":true,"valueName":"search_term_string"}}],"inLanguage":"hu"},{"@type":"Organization","@id":"https:\/\/www.acps-automotive.com\/hu\/#organization","name":"ACPS Automotive GmbH","url":"https:\/\/www.acps-automotive.com\/hu\/","logo":{"@type":"ImageObject","inLanguage":"hu","@id":"https:\/\/www.acps-automotive.com\/hu\/#\/schema\/logo\/image\/","url":"https:\/\/www.acps-automotive.com\/wp-content\/uploads\/_media\/_allgemein\/Logo-Footer-ACPS-Automotive.png","contentUrl":"https:\/\/www.acps-automotive.com\/wp-content\/uploads\/_media\/_allgemein\/Logo-Footer-ACPS-Automotive.png","width":239,"height":32,"caption":"ACPS Automotive GmbH"},"image":{"@id":"https:\/\/www.acps-automotive.com\/hu\/#\/schema\/logo\/image\/"},"sameAs":["https:\/\/x.com\/ACPS_Automotive","https:\/\/www.linkedin.com\/company\/acps-automotive-gmbh\/","https:\/\/www.instagram.com\/acps_ausbildung\/","https:\/\/www.youtube.com\/channel\/UC2jxrgWwpxpkay2aHWV5SaQ"]}]}},"_links":{"self":[{"href":"https:\/\/www.acps-automotive.com\/hu\/wp-json\/wp\/v2\/pages\/27467","targetHints":{"allow":["GET"]}}],"collection":[{"href":"https:\/\/www.acps-automotive.com\/hu\/wp-json\/wp\/v2\/pages"}],"about":[{"href":"https:\/\/www.acps-automotive.com\/hu\/wp-json\/wp\/v2\/types\/page"}],"author":[{"embeddable":true,"href":"https:\/\/www.acps-automotive.com\/hu\/wp-json\/wp\/v2\/users\/8"}],"replies":[{"embeddable":true,"href":"https:\/\/www.acps-automotive.com\/hu\/wp-json\/wp\/v2\/comments?post=27467"}],"version-history":[{"count":2,"href":"https:\/\/www.acps-automotive.com\/hu\/wp-json\/wp\/v2\/pages\/27467\/revisions"}],"predecessor-version":[{"id":27470,"href":"https:\/\/www.acps-automotive.com\/hu\/wp-json\/wp\/v2\/pages\/27467\/revisions\/27470"}],"up":[{"embeddable":true,"href":"https:\/\/www.acps-automotive.com\/hu\/wp-json\/wp\/v2\/pages\/28080"}],"wp:attachment":[{"href":"https:\/\/www.acps-automotive.com\/hu\/wp-json\/wp\/v2\/media?parent=27467"}],"curies":[{"name":"wp","href":"https:\/\/api.w.org\/{rel}","templated":true}]}}