{"id":27461,"date":"2025-12-17T10:34:29","date_gmt":"2025-12-17T09:34:29","guid":{"rendered":"https:\/\/www.acps-automotive.com\/?page_id=27461"},"modified":"2026-03-09T16:11:43","modified_gmt":"2026-03-09T15:11:43","slug":"monchengladbach-nemetorszag","status":"publish","type":"page","link":"https:\/\/www.acps-automotive.com\/hu\/helyszinek\/monchengladbach-nemetorszag\/","title":{"rendered":"M\u00f6nchengladbach \/ N\u00e9metorsz\u00e1g"},"content":{"rendered":"<div class=\"vgblk-rw-wrapper limit-wrapper\">\n\n\t<h1><strong>M\u00f6nchen-gladbach<\/strong><br \/>\nN\u00e9metorsz\u00e1g<\/h1>\n\t<img loading=\"lazy\" decoding=\"async\" src=\"https:\/\/www.acps-automotive.com\/wp-content\/uploads\/_media\/_allgemein\/pfeil-text-einleitung.png\" alt=\"Pfeil Text Einleitung\" width=\"46\" height=\"69\" \/><br \/>\nACPS Automotive Services GmbH<br \/>\nF\u0151iroda Independent Aftermarket\n\t<p>Az ACPS Automotive Services ir\u00e1ny\u00edtja a vil\u00e1gszint\u0171 ut\u00e1ngy\u00e1rtott alkatr\u00e9szek \u00fczlet\u00e1g\u00e1t. A t\u00f6rt\u00e9nelmi hagyom\u00e1nyokkal rendelkez\u0151 ORIS m\u00e1rkan\u00e9v alatt ez az \u00fczlet\u00e1g sz\u00e9les v\u00e1laszt\u00e9kot k\u00edn\u00e1l pr\u00e9mium min\u0151s\u00e9g\u0171 von\u00f3horogokb\u00f3l \u00e9s ker\u00e9kp\u00e1rtart\u00f3kb\u00f3l ut\u00f3lagos felszerel\u00e9shez. Mindezt M\u00f6nchengladbachb\u00f3l, N\u00e9metorsz\u00e1gb\u00f3l, szoros egy\u00fcttm\u0171k\u00f6d\u00e9sben a spanyol, magyar, holland, brit \u00e9s amerikai nemzetk\u00f6zi t\u00e1rsas\u00e1gokkal.<\/p>\n\t<h4><strong>Ut\u00f3lagos felszerel\u00e9s<\/strong><br \/>\nVon\u00f3horog<\/h4>\n<p>A szem\u00e9lyg\u00e9pkocsik \u00e9s kisteheraut\u00f3k p\u00f3tkocsikupplungjainak jelent\u0151s r\u00e9sze nem gy\u00e1rilag van felszerelve, hanem a j\u00e1rm\u0171 \u00e9lettartama alatt k\u00e9s\u0151bb szerelik fel. Csak Eur\u00f3p\u00e1ban \u00e9vente t\u00f6bb mint k\u00e9tmilli\u00f3 von\u00f3horogot szerelnek ut\u00f3lag be. P\u00f3talkatr\u00e9sz-keresked\u0151k, m\u0171helyek \u00e9s aut\u00f3sok egyar\u00e1nt b\u00edznak az ORIS kiv\u00e1l\u00f3 min\u0151s\u00e9g\u0171, innovat\u00edv von\u00f3horogjaiban az ut\u00f3lagos felszerel\u00e9shez. Ez\u00e9rt a f\u00fcggetlen m\u0171helyekkel \u00e9s a p\u00f3talkatr\u00e9sz-kereskedelemmel folytatott nemzetk\u00f6zi \u00fczleti tev\u00e9kenys\u00e9g az ACPS Automotive egyik fontos pill\u00e9re, amely seg\u00edt a v\u00e1llalatnak n\u00f6velni ORIS m\u00e1rk\u00e1j\u00e1nak ismerts\u00e9g\u00e9t.<\/p>\n\t<h4><strong>Egy nemzetk\u00f6zi csapat<\/strong><br \/>\nkiel\u00e9g\u00edti egy kih\u00edv\u00e1sokkal teli piac ig\u00e9nyeit<\/h4>\n<p>Egy nemzetk\u00f6zi csapat, amely orsz\u00e1gokon \u00e1t\u00edvel\u0151 \u00e9s egyre szorosabb h\u00e1l\u00f3zatban m\u0171k\u00f6dik a fejleszt\u00e9s, gy\u00e1rt\u00e1s, \u00e9rt\u00e9kes\u00edt\u00e9s \u00e9s forgalmaz\u00e1s ter\u00fclet\u00e9n, foglalkozik ezzel a kih\u00edv\u00e1sokkal teli piaccal, amelyet heterog\u00e9n \u00e9s ig\u00e9nyes \u00fcgyf\u00e9lstrukt\u00fara jellemez.<\/p>\n<p>A p\u00f3tkocsikupplungok ut\u00f3lagos felszerel\u00e9s\u00e9vel kapcsolatos \u00fczleti tev\u00e9kenys\u00e9get M\u00f6nchengladbachb\u00f3l ir\u00e1ny\u00edtj\u00e1k. A Rajna-parti nagyv\u00e1ros, D\u00fcsseldorf k\u00f6zvetlen k\u00f6zel\u00e9ben tal\u00e1lhat\u00f3 telephelyen nem csak az \u00fczletvezet\u00e9s tal\u00e1lhat\u00f3. Az aftermarket k\u00f6zpontban a term\u00e9kmenedzsment, a sz\u00e1ll\u00edt\u00e1si l\u00e1nc menedzsment, a p\u00e9nz\u00fcgyek, valamint a marketing \u00e9s az \u00e9rt\u00e9kes\u00edt\u00e9s is k\u00f6zpontilag ir\u00e1ny\u00edtott.<\/p>\n<p>A term\u00e9kfejleszt\u00e9s \u00e9s tesztel\u00e9s Kecskem\u00e9ten (Magyarorsz\u00e1g) t\u00f6rt\u00e9nik, szoros egy\u00fcttm\u0171k\u00f6d\u00e9sben a n\u00e9metorsz\u00e1gi \u00e9s \u00e9szak-amerikai fejleszt\u00e9si helysz\u00edneken dolgoz\u00f3 fejleszt\u0151csapatokkal. A magyarorsz\u00e1gi gy\u00e1rban foly\u00f3 ut\u00f3lagos felszerel\u00e9si rendszerek gy\u00e1rt\u00e1sa a helysz\u00ednen kialak\u00edtott szigor\u00fa OE-szabv\u00e1nyok el\u0151nyeit \u00e9lvezi.<\/p>\n<p>N\u00e9metorsz\u00e1gban, Magyarorsz\u00e1gon, Nagy-Britanni\u00e1ban (Birmingham) \u00e9s Spanyolorsz\u00e1gban (Valencia) tal\u00e1lhat\u00f3 disztrib\u00faci\u00f3s k\u00f6zpontjaink biztos\u00edtj\u00e1k a pr\u00e9mium term\u00e9kek hat\u00e9kony eloszt\u00e1s\u00e1t eg\u00e9sz Eur\u00f3p\u00e1ban, valamint azok gyors \u00e9s k\u00f6lts\u00e9goptimaliz\u00e1lt sz\u00e1ll\u00edt\u00e1s\u00e1t \u00fcgyfeleinknek.<\/p>\n<p>A helyi \u00e9rt\u00e9kes\u00edt\u00e9si csapatok N\u00e9metorsz\u00e1gban, Magyarorsz\u00e1gon, Nagy-Britanni\u00e1ban, Spanyolorsz\u00e1gban, Franciaorsz\u00e1gban, a Benelux-orsz\u00e1gokban \u00e9s Skandin\u00e1vi\u00e1ban k\u00fcl\u00f6n\u00f6sen szoros \u00fcgyf\u00e9lkapcsolatokat tesznek lehet\u0151v\u00e9.<\/p>\n\t<h4><strong>Nagykereskedelemben jegyzett,<\/strong><br \/>\nm\u0171helyekben bev\u00e1lt<\/h4>\n<p>A nagykeresked\u0151k az Independent Aftermarket egys\u00e9g els\u0151dleges \u00fcgyfelei. \u201eA downstream szegmensben a m\u0171helyek is a k\u00f6zvetlen \u00e9s k\u00f6zvetett \u00fcgyfelek k\u00f6z\u00e9 tartoznak, amelyek d\u00f6nt\u0151 pull-hat\u00e1st gyakorolnak: v\u00e9gs\u0151 soron \u0151k keresik a term\u00e9keket. Ugyanakkor a term\u00e9kekbe be\u00e9p\u00fclnek az aut\u00f3sok ig\u00e9nyei is, p\u00e9ld\u00e1ul a nagyobb biztons\u00e1g vagy az egyszer\u0171bb kezelhet\u0151s\u00e9g ir\u00e1nti ig\u00e9ny&#8221;, magyar\u00e1zza Lars Stuhlweissenburg, az IAM aleln\u00f6ke.<\/p>\n\t<p><img loading=\"lazy\" decoding=\"async\" src=\"https:\/\/www.acps-automotive.com\/wp-content\/uploads\/_media\/standorte\/moenchengladbach\/karte-aftermarket.jpg\" alt=\"Aftermarket\" width=\"650\" height=\"400\" \/><\/p>\n\t<p><img loading=\"lazy\" decoding=\"async\" src=\"https:\/\/www.acps-automotive.com\/wp-content\/uploads\/_media\/standorte\/moenchengladbach\/lars-stuhlweissenburg.jpg\" alt=\"Lars Stuhlweissenburg\" width=\"650\" height=\"400\" \/><\/p>\n\t<p>\u201eM\u00edg a v\u00e9gfelhaszn\u00e1l\u00f3k els\u0151sorban j\u00f3 \u00e1r-\u00e9rt\u00e9k ar\u00e1ny\u00fa term\u00e9ket v\u00e1rnak el, a business-to-business \u00fczlet\u00e1gban a krit\u00e9riumok l\u00e9nyegesen \u00f6sszetettebbek. A f\u00fcggetlen m\u0171helyek m\u00e1rkapreferenci\u00e1ikat els\u0151sorban a m\u00e1rka ismerts\u00e9ge, a min\u0151s\u00e9g, a rendelkez\u00e9sre \u00e1ll\u00e1s, az egyszer\u0171 szerel\u00e9s, valamint a m\u0171szaki \u00e9s logisztikai szolg\u00e1ltat\u00e1sok alapj\u00e1n alak\u00edtj\u00e1k ki.&#8221;<\/p>\n<p>Lars Stuhlweissenburg, Vice President IAM<\/p>\n\t<h4><strong>Mi\u00e9rt \u00e9rdemes a m\u0171helyeknek az ORIS von\u00f3horogokat<\/strong><br \/>\nv\u00e1lasztaniuk<\/h4>\n<p>Az aftermarketben az ORIS egy klasszikus m\u00e1rka a pr\u00e9mium von\u00f3horogok ter\u00e9n &#8211; term\u00e9kei technol\u00f3giai \u00e9s min\u0151s\u00e9gi szempontb\u00f3l is \u00e9len j\u00e1rnak. Ezt els\u0151sorban az OE-\u00fczlet\u00e1gb\u00f3l az aftermarketbe t\u00f6rt\u00e9n\u0151 k\u00f6vetkezetes know-how- \u00e9s innov\u00e1ci\u00f3\u00e1tad\u00e1s biztos\u00edtja, ami az ut\u00f3lagos felszerel\u00e9s ter\u00fclet\u00e9n fontos megk\u00fcl\u00f6nb\u00f6ztet\u0151 t\u00e9nyez\u0151.<\/p>\n<p>A m\u0171helyek egy teljes term\u00e9kpalett\u00e1b\u00f3l profit\u00e1lhatnak a szabadid\u0151 \u00e9s a kereskedelem ter\u00fclet\u00e9n: a r\u00f6gz\u00edtett \u00e9s leszerelhet\u0151 von\u00f3horogokt\u00f3l a teljesen elektromos, forgathat\u00f3 rendszerekig, amelyek az ORIS-nak k\u00f6sz\u00f6nhet\u0151en most el\u0151sz\u00f6r ut\u00f3lagos felszerel\u00e9sre is rendelkez\u00e9sre \u00e1llnak. Az ORIS k\u00edn\u00e1lat\u00e1t szerel\u00e9sre k\u00e9sz komplett k\u00e9szletek eg\u00e9sz\u00edtik ki, amelyek pr\u00e9mium min\u0151s\u00e9g\u0171 von\u00f3horogokb\u00f3l \u00e9s j\u00e1rm\u0171specifikus elektromos k\u00e9szletekb\u0151l, valamint kiv\u00e1l\u00f3 min\u0151s\u00e9g\u0171 ker\u00e9kp\u00e1rtart\u00f3kb\u00f3l \u00e1llnak.<\/p>\n<p>A m\u0171helyek sz\u00e1m\u00e1ra tov\u00e1bbi el\u0151nyt jelent a j\u00e1rm\u0171gy\u00e1rt\u00f3k r\u00f6gz\u00edt\u00e9si pontjai \u00e9s terhel\u00e9si adatai alapj\u00e1n v\u00e9gzett, j\u00e1rm\u0171specifikus term\u00e9kfejleszt\u00e9s. Ez egyszer\u0171 szerel\u00e9st \u00e9s a j\u00e1rm\u0171 alv\u00e1z\u00e1hoz val\u00f3 maxim\u00e1lis illeszked\u00e9st eredm\u00e9nyez. Az eur\u00f3pai j\u00e1rm\u0171\u00e1llom\u00e1ny kiv\u00e1l\u00f3 lefedetts\u00e9g\u00e9vel az ORIS ut\u00f3lagosan felszerelhet\u0151 von\u00f3horogok kompatibilit\u00e1st, tart\u00f3ss\u00e1got \u00e9s biztons\u00e1got garant\u00e1lnak.<\/p>\n\t<h4><strong>Eredeti felszerel\u00e9s-gy\u00e1rt\u00f3i Know-how <\/strong><br \/>\nmint \u00e9rt\u00e9kn\u00f6vel\u0151 a m\u0171helyek \u00e9s aut\u00f3sok sz\u00e1m\u00e1ra<\/h4>\n<p>Az ACPS Automotive leg\u00fajabb fejleszt\u00e9se az ORIS_E3 &#8211; az els\u0151 teljesen elektromos, forgathat\u00f3 von\u00f3horog f\u00fcggetlen m\u0171helyek \u00e9s alkatr\u00e9szkeresked\u0151k sz\u00e1m\u00e1ra -, amely az eredeti gy\u00e1rt\u00f3i know-how-t teszi el\u00e9rhet\u0151v\u00e9 az ut\u00e1ngy\u00e1rtott alkatr\u00e9szek piac\u00e1n. Ezzel a csatlakoztat\u00e1s gyerekj\u00e1t\u00e9k lesz, \u00e9s \u00f6r\u00f6met okoz azoknak az aut\u00f3soknak, akik a k\u00e9nyelmet, a rugalmass\u00e1got \u00e9s a biztons\u00e1got helyezik el\u0151t\u00e9rbe.<\/p>\n\n<\/div><!-- .vgblk-rw-wrapper -->","protected":false},"excerpt":{"rendered":"<p>M\u00f6nchen-gladbach N\u00e9metorsz\u00e1g ACPS Automotive Services GmbH F\u0151iroda Independent Aftermarket Az ACPS Automotive Services ir\u00e1ny\u00edtja a vil\u00e1gszint\u0171 ut\u00e1ngy\u00e1rtott alkatr\u00e9szek \u00fczlet\u00e1g\u00e1t. A t\u00f6rt\u00e9nelmi hagyom\u00e1nyokkal rendelkez\u0151 ORIS m\u00e1rkan\u00e9v alatt ez az \u00fczlet\u00e1g sz\u00e9les v\u00e1laszt\u00e9kot k\u00edn\u00e1l pr\u00e9mium min\u0151s\u00e9g\u0171 von\u00f3horogokb\u00f3l \u00e9s ker\u00e9kp\u00e1rtart\u00f3kb\u00f3l ut\u00f3lagos felszerel\u00e9shez. Mindezt M\u00f6nchengladbachb\u00f3l, N\u00e9metorsz\u00e1gb\u00f3l, szoros egy\u00fcttm\u0171k\u00f6d\u00e9sben a spanyol, magyar, holland, brit \u00e9s amerikai nemzetk\u00f6zi t\u00e1rsas\u00e1gokkal. Ut\u00f3lagos felszerel\u00e9s&#8230;<\/p>\n","protected":false},"author":8,"featured_media":0,"parent":28080,"menu_order":0,"comment_status":"closed","ping_status":"closed","template":"","meta":{"inline_featured_image":false,"_price":"","_stock":"","_tribe_ticket_header":"","_tribe_default_ticket_provider":"","_tribe_ticket_capacity":"0","_ticket_start_date":"","_ticket_end_date":"","_tribe_ticket_show_description":"","_tribe_ticket_show_not_going":false,"_tribe_ticket_use_global_stock":"","_tribe_ticket_global_stock_level":"","_global_stock_mode":"","_global_stock_cap":"","_tribe_rsvp_for_event":"","_tribe_ticket_going_count":"","_tribe_ticket_not_going_count":"","_tribe_tickets_list":"[]","_tribe_ticket_has_attendee_info_fields":false,"footnotes":""},"class_list":["post-27461","page","type-page","status-publish","hentry"],"yoast_head":"<!-- This site is optimized with the Yoast SEO plugin v27.2 - https:\/\/yoast.com\/product\/yoast-seo-wordpress\/ -->\n<title>M\u00f6nchengladbach \/ N\u00e9metorsz\u00e1g | ACPS Automotive<\/title>\n<meta name=\"description\" content=\"Az ACPS Automotive az \u2605ORIS\u2605 m\u00e1rk\u00e1val piac- \u00e9s technol\u00f3giai vezet\u0151 a szem\u00e9lyg\u00e9pkocsik, SUV-k \u00e9s kisteheraut\u00f3k p\u00f3tkocsik\u00f6t\u0151 berendez\u00e9seinek ter\u00fclet\u00e9n.\" \/>\n<meta name=\"robots\" content=\"index, follow, max-snippet:-1, max-image-preview:large, max-video-preview:-1\" \/>\n<link rel=\"canonical\" href=\"https:\/\/www.acps-automotive.com\/hu\/helyszinek\/monchengladbach-nemetorszag\/\" \/>\n<meta property=\"og:locale\" content=\"hu_HU\" \/>\n<meta property=\"og:type\" content=\"article\" \/>\n<meta property=\"og:title\" content=\"M\u00f6nchengladbach \/ N\u00e9metorsz\u00e1g | ACPS Automotive\" \/>\n<meta property=\"og:description\" content=\"Az ACPS Automotive az \u2605ORIS\u2605 m\u00e1rk\u00e1val piac- \u00e9s technol\u00f3giai vezet\u0151 a szem\u00e9lyg\u00e9pkocsik, SUV-k \u00e9s kisteheraut\u00f3k p\u00f3tkocsik\u00f6t\u0151 berendez\u00e9seinek ter\u00fclet\u00e9n.\" \/>\n<meta property=\"og:url\" content=\"https:\/\/www.acps-automotive.com\/hu\/helyszinek\/monchengladbach-nemetorszag\/\" \/>\n<meta property=\"og:site_name\" content=\"ACPS Automotive GmbH\" \/>\n<meta property=\"article:modified_time\" content=\"2026-03-09T15:11:43+00:00\" \/>\n<meta property=\"og:image\" content=\"https:\/\/www.acps-automotive.com\/wp-content\/uploads\/_media\/_allgemein\/pfeil-text-einleitung.png\" \/>\n<meta name=\"twitter:card\" content=\"summary_large_image\" \/>\n<meta name=\"twitter:site\" content=\"@ACPS_Automotive\" \/>\n<meta name=\"twitter:label1\" content=\"Becs\u00fclt olvas\u00e1si id\u0151\" \/>\n\t<meta name=\"twitter:data1\" content=\"4 perc\" \/>\n<script type=\"application\/ld+json\" class=\"yoast-schema-graph\">{\"@context\":\"https:\/\/schema.org\",\"@graph\":[{\"@type\":\"WebPage\",\"@id\":\"https:\/\/www.acps-automotive.com\/hu\/helyszinek\/monchengladbach-nemetorszag\/\",\"url\":\"https:\/\/www.acps-automotive.com\/hu\/helyszinek\/monchengladbach-nemetorszag\/\",\"name\":\"M\u00f6nchengladbach \/ N\u00e9metorsz\u00e1g | ACPS Automotive\",\"isPartOf\":{\"@id\":\"https:\/\/www.acps-automotive.com\/hu\/#website\"},\"primaryImageOfPage\":{\"@id\":\"https:\/\/www.acps-automotive.com\/hu\/helyszinek\/monchengladbach-nemetorszag\/#primaryimage\"},\"image\":{\"@id\":\"https:\/\/www.acps-automotive.com\/hu\/helyszinek\/monchengladbach-nemetorszag\/#primaryimage\"},\"thumbnailUrl\":\"https:\/\/www.acps-automotive.com\/wp-content\/uploads\/_media\/_allgemein\/pfeil-text-einleitung.png\",\"datePublished\":\"2025-12-17T09:34:29+00:00\",\"dateModified\":\"2026-03-09T15:11:43+00:00\",\"description\":\"Az ACPS Automotive az \u2605ORIS\u2605 m\u00e1rk\u00e1val piac- \u00e9s technol\u00f3giai vezet\u0151 a szem\u00e9lyg\u00e9pkocsik, SUV-k \u00e9s kisteheraut\u00f3k p\u00f3tkocsik\u00f6t\u0151 berendez\u00e9seinek ter\u00fclet\u00e9n.\",\"breadcrumb\":{\"@id\":\"https:\/\/www.acps-automotive.com\/hu\/helyszinek\/monchengladbach-nemetorszag\/#breadcrumb\"},\"inLanguage\":\"hu\",\"potentialAction\":[{\"@type\":\"ReadAction\",\"target\":[\"https:\/\/www.acps-automotive.com\/hu\/helyszinek\/monchengladbach-nemetorszag\/\"]}]},{\"@type\":\"ImageObject\",\"inLanguage\":\"hu\",\"@id\":\"https:\/\/www.acps-automotive.com\/hu\/helyszinek\/monchengladbach-nemetorszag\/#primaryimage\",\"url\":\"https:\/\/www.acps-automotive.com\/wp-content\/uploads\/_media\/_allgemein\/pfeil-text-einleitung.png\",\"contentUrl\":\"https:\/\/www.acps-automotive.com\/wp-content\/uploads\/_media\/_allgemein\/pfeil-text-einleitung.png\"},{\"@type\":\"BreadcrumbList\",\"@id\":\"https:\/\/www.acps-automotive.com\/hu\/helyszinek\/monchengladbach-nemetorszag\/#breadcrumb\",\"itemListElement\":[{\"@type\":\"ListItem\",\"position\":1,\"name\":\"Startseite\",\"item\":\"https:\/\/www.acps-automotive.com\/hu\/\"},{\"@type\":\"ListItem\",\"position\":2,\"name\":\"Helysz\u00ednek\",\"item\":\"https:\/\/www.acps-automotive.com\/hu\/helyszinek\/\"},{\"@type\":\"ListItem\",\"position\":3,\"name\":\"M\u00f6nchengladbach \/ N\u00e9metorsz\u00e1g\"}]},{\"@type\":\"WebSite\",\"@id\":\"https:\/\/www.acps-automotive.com\/hu\/#website\",\"url\":\"https:\/\/www.acps-automotive.com\/hu\/\",\"name\":\"ACPS Automotive GmbH\",\"description\":\"Innovative Anh\u00e4ngekupplungen\",\"publisher\":{\"@id\":\"https:\/\/www.acps-automotive.com\/hu\/#organization\"},\"potentialAction\":[{\"@type\":\"SearchAction\",\"target\":{\"@type\":\"EntryPoint\",\"urlTemplate\":\"https:\/\/www.acps-automotive.com\/hu\/?s={search_term_string}\"},\"query-input\":{\"@type\":\"PropertyValueSpecification\",\"valueRequired\":true,\"valueName\":\"search_term_string\"}}],\"inLanguage\":\"hu\"},{\"@type\":\"Organization\",\"@id\":\"https:\/\/www.acps-automotive.com\/hu\/#organization\",\"name\":\"ACPS Automotive GmbH\",\"url\":\"https:\/\/www.acps-automotive.com\/hu\/\",\"logo\":{\"@type\":\"ImageObject\",\"inLanguage\":\"hu\",\"@id\":\"https:\/\/www.acps-automotive.com\/hu\/#\/schema\/logo\/image\/\",\"url\":\"https:\/\/www.acps-automotive.com\/wp-content\/uploads\/_media\/_allgemein\/Logo-Footer-ACPS-Automotive.png\",\"contentUrl\":\"https:\/\/www.acps-automotive.com\/wp-content\/uploads\/_media\/_allgemein\/Logo-Footer-ACPS-Automotive.png\",\"width\":239,\"height\":32,\"caption\":\"ACPS Automotive GmbH\"},\"image\":{\"@id\":\"https:\/\/www.acps-automotive.com\/hu\/#\/schema\/logo\/image\/\"},\"sameAs\":[\"https:\/\/x.com\/ACPS_Automotive\",\"https:\/\/www.linkedin.com\/company\/acps-automotive-gmbh\/\",\"https:\/\/www.instagram.com\/acps_ausbildung\/\",\"https:\/\/www.youtube.com\/channel\/UC2jxrgWwpxpkay2aHWV5SaQ\"]}]}<\/script>\n<!-- \/ Yoast SEO plugin. -->","yoast_head_json":{"title":"M\u00f6nchengladbach \/ N\u00e9metorsz\u00e1g | ACPS Automotive","description":"Az ACPS Automotive az \u2605ORIS\u2605 m\u00e1rk\u00e1val piac- \u00e9s technol\u00f3giai vezet\u0151 a szem\u00e9lyg\u00e9pkocsik, SUV-k \u00e9s kisteheraut\u00f3k p\u00f3tkocsik\u00f6t\u0151 berendez\u00e9seinek ter\u00fclet\u00e9n.","robots":{"index":"index","follow":"follow","max-snippet":"max-snippet:-1","max-image-preview":"max-image-preview:large","max-video-preview":"max-video-preview:-1"},"canonical":"https:\/\/www.acps-automotive.com\/hu\/helyszinek\/monchengladbach-nemetorszag\/","og_locale":"hu_HU","og_type":"article","og_title":"M\u00f6nchengladbach \/ N\u00e9metorsz\u00e1g | ACPS Automotive","og_description":"Az ACPS Automotive az \u2605ORIS\u2605 m\u00e1rk\u00e1val piac- \u00e9s technol\u00f3giai vezet\u0151 a szem\u00e9lyg\u00e9pkocsik, SUV-k \u00e9s kisteheraut\u00f3k p\u00f3tkocsik\u00f6t\u0151 berendez\u00e9seinek ter\u00fclet\u00e9n.","og_url":"https:\/\/www.acps-automotive.com\/hu\/helyszinek\/monchengladbach-nemetorszag\/","og_site_name":"ACPS Automotive GmbH","article_modified_time":"2026-03-09T15:11:43+00:00","og_image":[{"url":"https:\/\/www.acps-automotive.com\/wp-content\/uploads\/_media\/_allgemein\/pfeil-text-einleitung.png","type":"","width":"","height":""}],"twitter_card":"summary_large_image","twitter_site":"@ACPS_Automotive","twitter_misc":{"Becs\u00fclt olvas\u00e1si id\u0151":"4 perc"},"schema":{"@context":"https:\/\/schema.org","@graph":[{"@type":"WebPage","@id":"https:\/\/www.acps-automotive.com\/hu\/helyszinek\/monchengladbach-nemetorszag\/","url":"https:\/\/www.acps-automotive.com\/hu\/helyszinek\/monchengladbach-nemetorszag\/","name":"M\u00f6nchengladbach \/ N\u00e9metorsz\u00e1g | ACPS Automotive","isPartOf":{"@id":"https:\/\/www.acps-automotive.com\/hu\/#website"},"primaryImageOfPage":{"@id":"https:\/\/www.acps-automotive.com\/hu\/helyszinek\/monchengladbach-nemetorszag\/#primaryimage"},"image":{"@id":"https:\/\/www.acps-automotive.com\/hu\/helyszinek\/monchengladbach-nemetorszag\/#primaryimage"},"thumbnailUrl":"https:\/\/www.acps-automotive.com\/wp-content\/uploads\/_media\/_allgemein\/pfeil-text-einleitung.png","datePublished":"2025-12-17T09:34:29+00:00","dateModified":"2026-03-09T15:11:43+00:00","description":"Az ACPS Automotive az \u2605ORIS\u2605 m\u00e1rk\u00e1val piac- \u00e9s technol\u00f3giai vezet\u0151 a szem\u00e9lyg\u00e9pkocsik, SUV-k \u00e9s kisteheraut\u00f3k p\u00f3tkocsik\u00f6t\u0151 berendez\u00e9seinek ter\u00fclet\u00e9n.","breadcrumb":{"@id":"https:\/\/www.acps-automotive.com\/hu\/helyszinek\/monchengladbach-nemetorszag\/#breadcrumb"},"inLanguage":"hu","potentialAction":[{"@type":"ReadAction","target":["https:\/\/www.acps-automotive.com\/hu\/helyszinek\/monchengladbach-nemetorszag\/"]}]},{"@type":"ImageObject","inLanguage":"hu","@id":"https:\/\/www.acps-automotive.com\/hu\/helyszinek\/monchengladbach-nemetorszag\/#primaryimage","url":"https:\/\/www.acps-automotive.com\/wp-content\/uploads\/_media\/_allgemein\/pfeil-text-einleitung.png","contentUrl":"https:\/\/www.acps-automotive.com\/wp-content\/uploads\/_media\/_allgemein\/pfeil-text-einleitung.png"},{"@type":"BreadcrumbList","@id":"https:\/\/www.acps-automotive.com\/hu\/helyszinek\/monchengladbach-nemetorszag\/#breadcrumb","itemListElement":[{"@type":"ListItem","position":1,"name":"Startseite","item":"https:\/\/www.acps-automotive.com\/hu\/"},{"@type":"ListItem","position":2,"name":"Helysz\u00ednek","item":"https:\/\/www.acps-automotive.com\/hu\/helyszinek\/"},{"@type":"ListItem","position":3,"name":"M\u00f6nchengladbach \/ N\u00e9metorsz\u00e1g"}]},{"@type":"WebSite","@id":"https:\/\/www.acps-automotive.com\/hu\/#website","url":"https:\/\/www.acps-automotive.com\/hu\/","name":"ACPS Automotive GmbH","description":"Innovative Anh\u00e4ngekupplungen","publisher":{"@id":"https:\/\/www.acps-automotive.com\/hu\/#organization"},"potentialAction":[{"@type":"SearchAction","target":{"@type":"EntryPoint","urlTemplate":"https:\/\/www.acps-automotive.com\/hu\/?s={search_term_string}"},"query-input":{"@type":"PropertyValueSpecification","valueRequired":true,"valueName":"search_term_string"}}],"inLanguage":"hu"},{"@type":"Organization","@id":"https:\/\/www.acps-automotive.com\/hu\/#organization","name":"ACPS Automotive GmbH","url":"https:\/\/www.acps-automotive.com\/hu\/","logo":{"@type":"ImageObject","inLanguage":"hu","@id":"https:\/\/www.acps-automotive.com\/hu\/#\/schema\/logo\/image\/","url":"https:\/\/www.acps-automotive.com\/wp-content\/uploads\/_media\/_allgemein\/Logo-Footer-ACPS-Automotive.png","contentUrl":"https:\/\/www.acps-automotive.com\/wp-content\/uploads\/_media\/_allgemein\/Logo-Footer-ACPS-Automotive.png","width":239,"height":32,"caption":"ACPS Automotive GmbH"},"image":{"@id":"https:\/\/www.acps-automotive.com\/hu\/#\/schema\/logo\/image\/"},"sameAs":["https:\/\/x.com\/ACPS_Automotive","https:\/\/www.linkedin.com\/company\/acps-automotive-gmbh\/","https:\/\/www.instagram.com\/acps_ausbildung\/","https:\/\/www.youtube.com\/channel\/UC2jxrgWwpxpkay2aHWV5SaQ"]}]}},"_links":{"self":[{"href":"https:\/\/www.acps-automotive.com\/hu\/wp-json\/wp\/v2\/pages\/27461","targetHints":{"allow":["GET"]}}],"collection":[{"href":"https:\/\/www.acps-automotive.com\/hu\/wp-json\/wp\/v2\/pages"}],"about":[{"href":"https:\/\/www.acps-automotive.com\/hu\/wp-json\/wp\/v2\/types\/page"}],"author":[{"embeddable":true,"href":"https:\/\/www.acps-automotive.com\/hu\/wp-json\/wp\/v2\/users\/8"}],"replies":[{"embeddable":true,"href":"https:\/\/www.acps-automotive.com\/hu\/wp-json\/wp\/v2\/comments?post=27461"}],"version-history":[{"count":2,"href":"https:\/\/www.acps-automotive.com\/hu\/wp-json\/wp\/v2\/pages\/27461\/revisions"}],"predecessor-version":[{"id":27464,"href":"https:\/\/www.acps-automotive.com\/hu\/wp-json\/wp\/v2\/pages\/27461\/revisions\/27464"}],"up":[{"embeddable":true,"href":"https:\/\/www.acps-automotive.com\/hu\/wp-json\/wp\/v2\/pages\/28080"}],"wp:attachment":[{"href":"https:\/\/www.acps-automotive.com\/hu\/wp-json\/wp\/v2\/media?parent=27461"}],"curies":[{"name":"wp","href":"https:\/\/api.w.org\/{rel}","templated":true}]}}