{"id":27457,"date":"2025-12-17T10:32:53","date_gmt":"2025-12-17T09:32:53","guid":{"rendered":"https:\/\/www.acps-automotive.com\/?page_id=27457"},"modified":"2026-03-09T16:11:32","modified_gmt":"2026-03-09T15:11:32","slug":"kunshan-kina","status":"publish","type":"page","link":"https:\/\/www.acps-automotive.com\/hu\/helyszinek\/kunshan-kina\/","title":{"rendered":"Kunshan \/ K\u00edna"},"content":{"rendered":"<div class=\"vgblk-rw-wrapper limit-wrapper\">\n\n\t<h1><strong>Kunshan<\/strong><br \/>\nK\u00edna<\/h1>\n\t<img loading=\"lazy\" decoding=\"async\" src=\"https:\/\/www.acps-automotive.com\/wp-content\/uploads\/_media\/_allgemein\/pfeil-text-einleitung.png\" alt=\"Pfeil Text Einleitung\" width=\"46\" height=\"69\" \/><br \/>\nOris Automotive Systems (Kunshan) Ltd.<br \/>\nGy\u00e1rt\u00e1si helysz\u00edn\n\t<h4><strong>ACPS Automotive a legfontosabb \u00e9rt\u00e9kes\u00edt\u00e9si piacon<\/strong><br \/>\ntov\u00e1bbra is n\u00f6veked\u00e9si p\u00e1ly\u00e1n<\/h4>\n\t<p>Az Oris Automotive Systems (Kunshan) Ltd. alap\u00edt\u00e1s\u00e1val az ACPS Automotive csoport optim\u00e1lis poz\u00edci\u00f3t szerzett a k\u00ednai piacon. Az Oris Kunshan egy d\u00f6nt\u0151 m\u00e9rf\u00f6ldk\u0151, amely biztos\u00edtja a szem\u00e9lyg\u00e9pkocsik, SUV-k \u00e9s kisteheraut\u00f3k p\u00f3tkocsik\u00e9sz\u00fcl\u00e9keinek sorozatgy\u00e1rt\u00e1s\u00e1nak z\u00f6kken\u0151mentes elind\u00edt\u00e1s\u00e1t 2025 m\u00e1sodik negyed\u00e9v\u00e9ben.<\/p>\n\t<p><strong>A gy\u00e1rt\u00f3\u00fczem \u00e9p\u00edt\u00e9se folyamatban van<\/strong><\/p>\n<ul>\n<li>Az Oris Automotive Systems (Kunshan) Ltd. v\u00e1llalat alap\u00edt\u00e1sa 2024 m\u00e1rcius\u00e1ban<\/li>\n<li>5.000 m<sup>2<\/sup> telek<\/li>\n<li>4.000 m<sup>2<\/sup> gy\u00e1rt\u00f3csarnok<\/li>\n<\/ul>\n\t<p>Az \u00faj Oris gy\u00e1rt\u00f3\u00fczemmel Kunshanban (K\u00edna) b\u0151v\u00edtj\u00fck jelenl\u00e9t\u00fcnket \u00c1zsia legfontosabb n\u00f6veked\u00e9si piac\u00e1n, testreszabott megold\u00e1sokat k\u00edn\u00e1lunk k\u00ednai \u00e9s \u00e1zsiai \u00fcgyfeleinknek, \u00e9s jelent\u0151sen ler\u00f6vid\u00edtj\u00fck a term\u00e9kek piacra dob\u00e1s\u00e1nak idej\u00e9t.<\/p>\n\t<h4><strong>A megfelel\u0151 strat\u00e9gia <\/strong><br \/>\na sikeres terjeszked\u00e9shez<\/h4>\n<p>K\u00edn\u00e1ban val\u00f3 er\u0151s jelenl\u00e9t\u00fcnk fontos sikert\u00e9nyez\u0151 a nemzetk\u00f6zi piacon val\u00f3 fenntarthat\u00f3 \u00e9s sikeres terjeszked\u00e9shez. Az \u00faj gy\u00e1rt\u00f3\u00fczem a Kunshan German Industry Parkban jelent\u0151sen hozz\u00e1j\u00e1rul majd glob\u00e1lis n\u00f6veked\u00e9s\u00fcnkh\u00f6z \u00e9s technol\u00f3giai vezet\u0151 szerep\u00fcnk fenntarthat\u00f3 b\u0151v\u00edt\u00e9s\u00e9hez.<\/p>\n\t<h4><strong>Siker a vezet\u00e9s r\u00e9v\u00e9n<\/strong><br \/>\nGeneral Manager &amp; Operation Director Christina Yu<\/h4>\n<p>Az \u00faj Oris gy\u00e1rt\u00e1si telephely egy n\u00e9met ipari parkban tal\u00e1lhat\u00f3, amely a dinamikus gazdas\u00e1gi delta ter\u00fclet\u00e9n, K\u00edna keleti partj\u00e1n, Sanghaj k\u00f6zvetlen vonz\u00e1sk\u00f6rzet\u00e9ben helyezkedik el. A telephelynek k\u00f6sz\u00f6nhet\u0151en k\u00f6zel vagyunk k\u00ednai OE-\u00fcgyfeleinkhez, \u00e9s hat\u00e9konyan tudjuk \u0151ket t\u00e1mogatni \u00e9s optim\u00e1lisan kiszolg\u00e1lni.<\/p>\n\t<p><img loading=\"lazy\" decoding=\"async\" src=\"https:\/\/www.acps-automotive.com\/wp-content\/uploads\/_media\/standorte\/kunshan\/erfolg.jpg\" alt=\"Erfolg durch F\u00fchrung\" width=\"650\" height=\"400\" \/><\/p>\n\t<p><img loading=\"lazy\" decoding=\"async\" src=\"https:\/\/www.acps-automotive.com\/wp-content\/uploads\/_media\/standorte\/kunshan\/christina-yu.jpg\" alt=\"Christina Yu\" width=\"650\" height=\"400\" \/><\/p>\n\t\u201eEr\u0151s csapatot \u00e9p\u00edtett\u00fcnk fel, amely sz\u00e9les k\u00f6r\u0171 tapasztalattal rendelkezik az aut\u00f3iparban. C\u00e9lunk, hogy tov\u00e1bb er\u0151s\u00edts\u00fck innov\u00e1ci\u00f3s vezet\u0151 szerep\u00fcnket \u00e9s magas min\u0151s\u00e9g\u00fcnket a k\u00ednai von\u00f3horog-piacon, hogy \u00edgy hozz\u00e1adott \u00e9rt\u00e9ket teremts\u00fcnk \u00fcgyfeleink \u00e9s a t\u00e1rsadalom sz\u00e1m\u00e1ra.&#8221;<br \/>\nGeneral Manager &amp; Operation Director Christina Yu az Oris Automotive System (Kunshan) Ltd.\n\n<\/div><!-- .vgblk-rw-wrapper -->","protected":false},"excerpt":{"rendered":"<p>Kunshan K\u00edna Oris Automotive Systems (Kunshan) Ltd. Gy\u00e1rt\u00e1si helysz\u00edn ACPS Automotive a legfontosabb \u00e9rt\u00e9kes\u00edt\u00e9si piacon tov\u00e1bbra is n\u00f6veked\u00e9si p\u00e1ly\u00e1n Az Oris Automotive Systems (Kunshan) Ltd. alap\u00edt\u00e1s\u00e1val az ACPS Automotive csoport optim\u00e1lis poz\u00edci\u00f3t szerzett a k\u00ednai piacon. Az Oris Kunshan egy d\u00f6nt\u0151 m\u00e9rf\u00f6ldk\u0151, amely biztos\u00edtja a szem\u00e9lyg\u00e9pkocsik, SUV-k \u00e9s kisteheraut\u00f3k p\u00f3tkocsik\u00e9sz\u00fcl\u00e9keinek sorozatgy\u00e1rt\u00e1s\u00e1nak z\u00f6kken\u0151mentes elind\u00edt\u00e1s\u00e1t 2025 m\u00e1sodik&#8230;<\/p>\n","protected":false},"author":8,"featured_media":0,"parent":28080,"menu_order":0,"comment_status":"closed","ping_status":"closed","template":"","meta":{"inline_featured_image":false,"_price":"","_stock":"","_tribe_ticket_header":"","_tribe_default_ticket_provider":"","_tribe_ticket_capacity":"0","_ticket_start_date":"","_ticket_end_date":"","_tribe_ticket_show_description":"","_tribe_ticket_show_not_going":false,"_tribe_ticket_use_global_stock":"","_tribe_ticket_global_stock_level":"","_global_stock_mode":"","_global_stock_cap":"","_tribe_rsvp_for_event":"","_tribe_ticket_going_count":"","_tribe_ticket_not_going_count":"","_tribe_tickets_list":"[]","_tribe_ticket_has_attendee_info_fields":false,"footnotes":""},"class_list":["post-27457","page","type-page","status-publish","hentry"],"yoast_head":"<!-- This site is optimized with the Yoast SEO plugin v27.2 - https:\/\/yoast.com\/product\/yoast-seo-wordpress\/ -->\n<title>Kunshan \/ K\u00edna | ACPS Automotive<\/title>\n<meta name=\"description\" content=\"Az ACPS Automotive az \u2605ORIS\u2605 m\u00e1rk\u00e1val piac- \u00e9s technol\u00f3giai vezet\u0151 a szem\u00e9lyg\u00e9pkocsik, SUV-k \u00e9s kisteheraut\u00f3k p\u00f3tkocsik\u00f6t\u0151 berendez\u00e9seinek ter\u00fclet\u00e9n.\" \/>\n<meta name=\"robots\" content=\"index, follow, max-snippet:-1, max-image-preview:large, max-video-preview:-1\" \/>\n<link rel=\"canonical\" href=\"https:\/\/www.acps-automotive.com\/hu\/helyszinek\/kunshan-kina\/\" \/>\n<meta property=\"og:locale\" content=\"hu_HU\" \/>\n<meta property=\"og:type\" content=\"article\" \/>\n<meta property=\"og:title\" content=\"Kunshan \/ K\u00edna | ACPS Automotive\" \/>\n<meta property=\"og:description\" content=\"Az ACPS Automotive az \u2605ORIS\u2605 m\u00e1rk\u00e1val piac- \u00e9s technol\u00f3giai vezet\u0151 a szem\u00e9lyg\u00e9pkocsik, SUV-k \u00e9s kisteheraut\u00f3k p\u00f3tkocsik\u00f6t\u0151 berendez\u00e9seinek ter\u00fclet\u00e9n.\" \/>\n<meta property=\"og:url\" content=\"https:\/\/www.acps-automotive.com\/hu\/helyszinek\/kunshan-kina\/\" \/>\n<meta property=\"og:site_name\" content=\"ACPS Automotive GmbH\" \/>\n<meta property=\"article:modified_time\" content=\"2026-03-09T15:11:32+00:00\" \/>\n<meta property=\"og:image\" content=\"https:\/\/www.acps-automotive.com\/wp-content\/uploads\/_media\/_allgemein\/pfeil-text-einleitung.png\" \/>\n<meta name=\"twitter:card\" content=\"summary_large_image\" \/>\n<meta name=\"twitter:site\" content=\"@ACPS_Automotive\" \/>\n<meta name=\"twitter:label1\" content=\"Becs\u00fclt olvas\u00e1si id\u0151\" \/>\n\t<meta name=\"twitter:data1\" content=\"2 perc\" \/>\n<script type=\"application\/ld+json\" class=\"yoast-schema-graph\">{\"@context\":\"https:\/\/schema.org\",\"@graph\":[{\"@type\":\"WebPage\",\"@id\":\"https:\/\/www.acps-automotive.com\/hu\/helyszinek\/kunshan-kina\/\",\"url\":\"https:\/\/www.acps-automotive.com\/hu\/helyszinek\/kunshan-kina\/\",\"name\":\"Kunshan \/ K\u00edna | ACPS Automotive\",\"isPartOf\":{\"@id\":\"https:\/\/www.acps-automotive.com\/hu\/#website\"},\"primaryImageOfPage\":{\"@id\":\"https:\/\/www.acps-automotive.com\/hu\/helyszinek\/kunshan-kina\/#primaryimage\"},\"image\":{\"@id\":\"https:\/\/www.acps-automotive.com\/hu\/helyszinek\/kunshan-kina\/#primaryimage\"},\"thumbnailUrl\":\"https:\/\/www.acps-automotive.com\/wp-content\/uploads\/_media\/_allgemein\/pfeil-text-einleitung.png\",\"datePublished\":\"2025-12-17T09:32:53+00:00\",\"dateModified\":\"2026-03-09T15:11:32+00:00\",\"description\":\"Az ACPS Automotive az \u2605ORIS\u2605 m\u00e1rk\u00e1val piac- \u00e9s technol\u00f3giai vezet\u0151 a szem\u00e9lyg\u00e9pkocsik, SUV-k \u00e9s kisteheraut\u00f3k p\u00f3tkocsik\u00f6t\u0151 berendez\u00e9seinek ter\u00fclet\u00e9n.\",\"breadcrumb\":{\"@id\":\"https:\/\/www.acps-automotive.com\/hu\/helyszinek\/kunshan-kina\/#breadcrumb\"},\"inLanguage\":\"hu\",\"potentialAction\":[{\"@type\":\"ReadAction\",\"target\":[\"https:\/\/www.acps-automotive.com\/hu\/helyszinek\/kunshan-kina\/\"]}]},{\"@type\":\"ImageObject\",\"inLanguage\":\"hu\",\"@id\":\"https:\/\/www.acps-automotive.com\/hu\/helyszinek\/kunshan-kina\/#primaryimage\",\"url\":\"https:\/\/www.acps-automotive.com\/wp-content\/uploads\/_media\/_allgemein\/pfeil-text-einleitung.png\",\"contentUrl\":\"https:\/\/www.acps-automotive.com\/wp-content\/uploads\/_media\/_allgemein\/pfeil-text-einleitung.png\"},{\"@type\":\"BreadcrumbList\",\"@id\":\"https:\/\/www.acps-automotive.com\/hu\/helyszinek\/kunshan-kina\/#breadcrumb\",\"itemListElement\":[{\"@type\":\"ListItem\",\"position\":1,\"name\":\"Startseite\",\"item\":\"https:\/\/www.acps-automotive.com\/hu\/\"},{\"@type\":\"ListItem\",\"position\":2,\"name\":\"Helysz\u00ednek\",\"item\":\"https:\/\/www.acps-automotive.com\/hu\/helyszinek\/\"},{\"@type\":\"ListItem\",\"position\":3,\"name\":\"Kunshan \/ K\u00edna\"}]},{\"@type\":\"WebSite\",\"@id\":\"https:\/\/www.acps-automotive.com\/hu\/#website\",\"url\":\"https:\/\/www.acps-automotive.com\/hu\/\",\"name\":\"ACPS Automotive GmbH\",\"description\":\"Innovative Anh\u00e4ngekupplungen\",\"publisher\":{\"@id\":\"https:\/\/www.acps-automotive.com\/hu\/#organization\"},\"potentialAction\":[{\"@type\":\"SearchAction\",\"target\":{\"@type\":\"EntryPoint\",\"urlTemplate\":\"https:\/\/www.acps-automotive.com\/hu\/?s={search_term_string}\"},\"query-input\":{\"@type\":\"PropertyValueSpecification\",\"valueRequired\":true,\"valueName\":\"search_term_string\"}}],\"inLanguage\":\"hu\"},{\"@type\":\"Organization\",\"@id\":\"https:\/\/www.acps-automotive.com\/hu\/#organization\",\"name\":\"ACPS Automotive GmbH\",\"url\":\"https:\/\/www.acps-automotive.com\/hu\/\",\"logo\":{\"@type\":\"ImageObject\",\"inLanguage\":\"hu\",\"@id\":\"https:\/\/www.acps-automotive.com\/hu\/#\/schema\/logo\/image\/\",\"url\":\"https:\/\/www.acps-automotive.com\/wp-content\/uploads\/_media\/_allgemein\/Logo-Footer-ACPS-Automotive.png\",\"contentUrl\":\"https:\/\/www.acps-automotive.com\/wp-content\/uploads\/_media\/_allgemein\/Logo-Footer-ACPS-Automotive.png\",\"width\":239,\"height\":32,\"caption\":\"ACPS Automotive GmbH\"},\"image\":{\"@id\":\"https:\/\/www.acps-automotive.com\/hu\/#\/schema\/logo\/image\/\"},\"sameAs\":[\"https:\/\/x.com\/ACPS_Automotive\",\"https:\/\/www.linkedin.com\/company\/acps-automotive-gmbh\/\",\"https:\/\/www.instagram.com\/acps_ausbildung\/\",\"https:\/\/www.youtube.com\/channel\/UC2jxrgWwpxpkay2aHWV5SaQ\"]}]}<\/script>\n<!-- \/ Yoast SEO plugin. -->","yoast_head_json":{"title":"Kunshan \/ K\u00edna | ACPS Automotive","description":"Az ACPS Automotive az \u2605ORIS\u2605 m\u00e1rk\u00e1val piac- \u00e9s technol\u00f3giai vezet\u0151 a szem\u00e9lyg\u00e9pkocsik, SUV-k \u00e9s kisteheraut\u00f3k p\u00f3tkocsik\u00f6t\u0151 berendez\u00e9seinek ter\u00fclet\u00e9n.","robots":{"index":"index","follow":"follow","max-snippet":"max-snippet:-1","max-image-preview":"max-image-preview:large","max-video-preview":"max-video-preview:-1"},"canonical":"https:\/\/www.acps-automotive.com\/hu\/helyszinek\/kunshan-kina\/","og_locale":"hu_HU","og_type":"article","og_title":"Kunshan \/ K\u00edna | ACPS Automotive","og_description":"Az ACPS Automotive az \u2605ORIS\u2605 m\u00e1rk\u00e1val piac- \u00e9s technol\u00f3giai vezet\u0151 a szem\u00e9lyg\u00e9pkocsik, SUV-k \u00e9s kisteheraut\u00f3k p\u00f3tkocsik\u00f6t\u0151 berendez\u00e9seinek ter\u00fclet\u00e9n.","og_url":"https:\/\/www.acps-automotive.com\/hu\/helyszinek\/kunshan-kina\/","og_site_name":"ACPS Automotive GmbH","article_modified_time":"2026-03-09T15:11:32+00:00","og_image":[{"url":"https:\/\/www.acps-automotive.com\/wp-content\/uploads\/_media\/_allgemein\/pfeil-text-einleitung.png","type":"","width":"","height":""}],"twitter_card":"summary_large_image","twitter_site":"@ACPS_Automotive","twitter_misc":{"Becs\u00fclt olvas\u00e1si id\u0151":"2 perc"},"schema":{"@context":"https:\/\/schema.org","@graph":[{"@type":"WebPage","@id":"https:\/\/www.acps-automotive.com\/hu\/helyszinek\/kunshan-kina\/","url":"https:\/\/www.acps-automotive.com\/hu\/helyszinek\/kunshan-kina\/","name":"Kunshan \/ K\u00edna | ACPS Automotive","isPartOf":{"@id":"https:\/\/www.acps-automotive.com\/hu\/#website"},"primaryImageOfPage":{"@id":"https:\/\/www.acps-automotive.com\/hu\/helyszinek\/kunshan-kina\/#primaryimage"},"image":{"@id":"https:\/\/www.acps-automotive.com\/hu\/helyszinek\/kunshan-kina\/#primaryimage"},"thumbnailUrl":"https:\/\/www.acps-automotive.com\/wp-content\/uploads\/_media\/_allgemein\/pfeil-text-einleitung.png","datePublished":"2025-12-17T09:32:53+00:00","dateModified":"2026-03-09T15:11:32+00:00","description":"Az ACPS Automotive az \u2605ORIS\u2605 m\u00e1rk\u00e1val piac- \u00e9s technol\u00f3giai vezet\u0151 a szem\u00e9lyg\u00e9pkocsik, SUV-k \u00e9s kisteheraut\u00f3k p\u00f3tkocsik\u00f6t\u0151 berendez\u00e9seinek ter\u00fclet\u00e9n.","breadcrumb":{"@id":"https:\/\/www.acps-automotive.com\/hu\/helyszinek\/kunshan-kina\/#breadcrumb"},"inLanguage":"hu","potentialAction":[{"@type":"ReadAction","target":["https:\/\/www.acps-automotive.com\/hu\/helyszinek\/kunshan-kina\/"]}]},{"@type":"ImageObject","inLanguage":"hu","@id":"https:\/\/www.acps-automotive.com\/hu\/helyszinek\/kunshan-kina\/#primaryimage","url":"https:\/\/www.acps-automotive.com\/wp-content\/uploads\/_media\/_allgemein\/pfeil-text-einleitung.png","contentUrl":"https:\/\/www.acps-automotive.com\/wp-content\/uploads\/_media\/_allgemein\/pfeil-text-einleitung.png"},{"@type":"BreadcrumbList","@id":"https:\/\/www.acps-automotive.com\/hu\/helyszinek\/kunshan-kina\/#breadcrumb","itemListElement":[{"@type":"ListItem","position":1,"name":"Startseite","item":"https:\/\/www.acps-automotive.com\/hu\/"},{"@type":"ListItem","position":2,"name":"Helysz\u00ednek","item":"https:\/\/www.acps-automotive.com\/hu\/helyszinek\/"},{"@type":"ListItem","position":3,"name":"Kunshan \/ K\u00edna"}]},{"@type":"WebSite","@id":"https:\/\/www.acps-automotive.com\/hu\/#website","url":"https:\/\/www.acps-automotive.com\/hu\/","name":"ACPS Automotive GmbH","description":"Innovative Anh\u00e4ngekupplungen","publisher":{"@id":"https:\/\/www.acps-automotive.com\/hu\/#organization"},"potentialAction":[{"@type":"SearchAction","target":{"@type":"EntryPoint","urlTemplate":"https:\/\/www.acps-automotive.com\/hu\/?s={search_term_string}"},"query-input":{"@type":"PropertyValueSpecification","valueRequired":true,"valueName":"search_term_string"}}],"inLanguage":"hu"},{"@type":"Organization","@id":"https:\/\/www.acps-automotive.com\/hu\/#organization","name":"ACPS Automotive GmbH","url":"https:\/\/www.acps-automotive.com\/hu\/","logo":{"@type":"ImageObject","inLanguage":"hu","@id":"https:\/\/www.acps-automotive.com\/hu\/#\/schema\/logo\/image\/","url":"https:\/\/www.acps-automotive.com\/wp-content\/uploads\/_media\/_allgemein\/Logo-Footer-ACPS-Automotive.png","contentUrl":"https:\/\/www.acps-automotive.com\/wp-content\/uploads\/_media\/_allgemein\/Logo-Footer-ACPS-Automotive.png","width":239,"height":32,"caption":"ACPS Automotive GmbH"},"image":{"@id":"https:\/\/www.acps-automotive.com\/hu\/#\/schema\/logo\/image\/"},"sameAs":["https:\/\/x.com\/ACPS_Automotive","https:\/\/www.linkedin.com\/company\/acps-automotive-gmbh\/","https:\/\/www.instagram.com\/acps_ausbildung\/","https:\/\/www.youtube.com\/channel\/UC2jxrgWwpxpkay2aHWV5SaQ"]}]}},"_links":{"self":[{"href":"https:\/\/www.acps-automotive.com\/hu\/wp-json\/wp\/v2\/pages\/27457","targetHints":{"allow":["GET"]}}],"collection":[{"href":"https:\/\/www.acps-automotive.com\/hu\/wp-json\/wp\/v2\/pages"}],"about":[{"href":"https:\/\/www.acps-automotive.com\/hu\/wp-json\/wp\/v2\/types\/page"}],"author":[{"embeddable":true,"href":"https:\/\/www.acps-automotive.com\/hu\/wp-json\/wp\/v2\/users\/8"}],"replies":[{"embeddable":true,"href":"https:\/\/www.acps-automotive.com\/hu\/wp-json\/wp\/v2\/comments?post=27457"}],"version-history":[{"count":4,"href":"https:\/\/www.acps-automotive.com\/hu\/wp-json\/wp\/v2\/pages\/27457\/revisions"}],"predecessor-version":[{"id":27466,"href":"https:\/\/www.acps-automotive.com\/hu\/wp-json\/wp\/v2\/pages\/27457\/revisions\/27466"}],"up":[{"embeddable":true,"href":"https:\/\/www.acps-automotive.com\/hu\/wp-json\/wp\/v2\/pages\/28080"}],"wp:attachment":[{"href":"https:\/\/www.acps-automotive.com\/hu\/wp-json\/wp\/v2\/media?parent=27457"}],"curies":[{"name":"wp","href":"https:\/\/api.w.org\/{rel}","templated":true}]}}