{"id":27451,"date":"2025-12-17T10:30:15","date_gmt":"2025-12-17T09:30:15","guid":{"rendered":"https:\/\/www.acps-automotive.com\/?page_id=27451"},"modified":"2026-03-09T16:11:06","modified_gmt":"2026-03-09T15:11:06","slug":"kecskemet-magyarorszag","status":"publish","type":"page","link":"https:\/\/www.acps-automotive.com\/hu\/helyszinek\/kecskemet-magyarorszag\/","title":{"rendered":"Kecskem\u00e9t \/ Magyarorsz\u00e1g"},"content":{"rendered":"<div class=\"vgblk-rw-wrapper limit-wrapper\">\n\n\t<h1><strong>Kecskem\u00e9t<\/strong><br \/>\nMagyarorsz\u00e1g<\/h1>\n\t<img loading=\"lazy\" decoding=\"async\" src=\"https:\/\/www.acps-automotive.com\/wp-content\/uploads\/_media\/_allgemein\/pfeil-text-einleitung.png\" alt=\"Pfeil Text Einleitung\" width=\"46\" height=\"69\" \/><br \/>\nACPS Automotive Kft.<br \/>\nGy\u00e1rt\u00e1si \u00e9s fejleszt\u00e9si telephely\n\t<h4><strong>A siker egy pillanat alatt<\/strong><br \/>\nA legfontosabb adatok<\/h4>\n\t<p>Az ACPS Automotive Kft. a magyarorsz\u00e1gi Kecskem\u00e9ten tal\u00e1lhat\u00f3, \u00e9s az ACPS Automotive gy\u00e1rt\u00e1si h\u00e1l\u00f3zat\u00e1nak legnagyobb \u00fczeme. Els\u0151sorban f\u00e9lig \u00e9s teljesen elektromos, forgathat\u00f3, leszerelhet\u0151 \u00e9s r\u00f6gz\u00edtett von\u00f3horog-rendszerek gy\u00e1rt\u00e1s\u00e1val foglalkozik. Az \u00fczem mind az aut\u00f3gy\u00e1rt\u00f3k sz\u00e1m\u00e1ra gy\u00e1rt els\u0151 felszerelts\u00e9gk\u00e9nt, mind pedig ut\u00f3lagos felszerelts\u00e9gk\u00e9nt, p\u00e9ld\u00e1ul f\u00fcggetlen keresked\u0151k \u00e9s m\u0171helyek sz\u00e1m\u00e1ra. Nemzeti \u00e9s nemzetk\u00f6zi gy\u00e1rt\u00e1si telephelyeinken \u00e9vente \u00f6sszesen t\u00f6bb mint 2 milli\u00f3 von\u00f3horogot gy\u00e1rtunk.<\/p>\n\t<ul>\n<li>1.100 alkalmazott<\/li>\n<li>Alap\u00edtva 2007<\/li>\n<li>55 fejleszt\u0151m\u00e9rn\u00f6k<\/li>\n<li>92.000 m<sup>2<\/sup>\u00a0telek<\/li>\n<li>16.400 m<sup>2<\/sup>\u00a0gy\u00e1rt\u00f3csarnok<\/li>\n<li>11.000 m<sup>2<\/sup>\u00a0rakt\u00e1r (nyersanyagok, f\u00e9lk\u00e9sz \u00e9s k\u00e9szterm\u00e9kek)<\/li>\n<li>450 m<sup>2<\/sup>\u00a0tesztlabor<\/li>\n<\/ul>\n\t<h4><strong>Gy\u00e1rt\u00e1si know-how-unk<\/strong><br \/>\nTev\u00e9kenys\u00e9gi ter\u00fcleteink \u00e1ttekint\u00e9se<\/h4>\n<ul>\n<li>Szersz\u00e1mgy\u00e1rt\u00e1s<\/li>\n<li>El\u0151gy\u00e1rt\u00e1s\n<ul>\n<li>L\u00e9zeres megmunk\u00e1l\u00e1s<\/li>\n<li>Hajl\u00edt\u00e1s, v\u00e1g\u00e1s, pr\u00e9sel\u00e9s<\/li>\n<li>CNC-megmunk\u00e1l\u00e1s<\/li>\n<\/ul>\n<\/li>\n<li>Hegeszt\u00e9s<\/li>\n<li>Fel\u00fcletkezel\u00e9s \u00e9s fest\u00e9s<\/li>\n<li>G\u00f6mbcsukl\u00f3-szerel\u00e9s \/ el\u0151szerel\u00e9s<\/li>\n<li>V\u00e9gszerel\u00e9s<\/li>\n<li>Logisztika<\/li>\n<li>Kutat\u00e1s \u00e9s fejleszt\u00e9s<\/li>\n<\/ul>\n\t<h4><strong>Siker a vezet\u00e9s r\u00e9v\u00e9n<\/strong><br \/>\nCsaba M\u00e1kos \u00fczemigazgat\u00f3<\/h4>\n<p>Csaba M\u00e1kos 2023 janu\u00e1rja \u00f3ta vezeti az ACPS Automotive legnagyobb gy\u00e1rt\u00f3\u00fczem\u00e9t Kecskem\u00e9ten. Tapasztalt vezet\u0151k\u00e9nt, aki t\u00f6bb \u00e9vtizedes tapasztalattal rendelkezik hazai \u00e9s nemzetk\u00f6zi gy\u00e1rt\u00f3\u00fczemekben, kiv\u00e1l\u00f3an alkalmas erre a feladatra. M\u00e1kos Csaba nagyra \u00e9rt\u00e9keli csapata professzionalizmus\u00e1t \u00e9s elk\u00f6telezetts\u00e9g\u00e9t, valamint v\u00e1llalatunk innov\u00e1ci\u00f3s erej\u00e9t. Elsz\u00e1ntan t\u00f6rekszik arra, hogy munkat\u00e1rsaival egy\u00fctt tov\u00e1bb n\u00f6velje az ACPS Automotive siker\u00e9t, \u00e9s ezzel meger\u0151s\u00edtse a v\u00e1llalat piacvezet\u0151 poz\u00edci\u00f3j\u00e1t.<\/p>\n\t<p><img loading=\"lazy\" decoding=\"async\" src=\"https:\/\/www.acps-automotive.com\/wp-content\/uploads\/_media\/standorte\/ungarn\/montage.jpg\" alt=\"Montage\" width=\"650\" height=\"400\" \/><\/p>\n\t<p><img loading=\"lazy\" decoding=\"async\" src=\"https:\/\/www.acps-automotive.com\/wp-content\/uploads\/_media\/standorte\/ungarn\/csaba-makos.jpg\" alt=\"Csaba M\u00e1kos\" width=\"650\" height=\"400\" \/><\/p>\n\n<\/div><!-- .vgblk-rw-wrapper -->","protected":false},"excerpt":{"rendered":"<p>Kecskem\u00e9t Magyarorsz\u00e1g ACPS Automotive Kft. Gy\u00e1rt\u00e1si \u00e9s fejleszt\u00e9si telephely A siker egy pillanat alatt A legfontosabb adatok Az ACPS Automotive Kft. a magyarorsz\u00e1gi Kecskem\u00e9ten tal\u00e1lhat\u00f3, \u00e9s az ACPS Automotive gy\u00e1rt\u00e1si h\u00e1l\u00f3zat\u00e1nak legnagyobb \u00fczeme. Els\u0151sorban f\u00e9lig \u00e9s teljesen elektromos, forgathat\u00f3, leszerelhet\u0151 \u00e9s r\u00f6gz\u00edtett von\u00f3horog-rendszerek gy\u00e1rt\u00e1s\u00e1val foglalkozik. Az \u00fczem mind az aut\u00f3gy\u00e1rt\u00f3k sz\u00e1m\u00e1ra gy\u00e1rt els\u0151 felszerelts\u00e9gk\u00e9nt, mind&#8230;<\/p>\n","protected":false},"author":8,"featured_media":0,"parent":28080,"menu_order":0,"comment_status":"closed","ping_status":"closed","template":"","meta":{"inline_featured_image":false,"_price":"","_stock":"","_tribe_ticket_header":"","_tribe_default_ticket_provider":"","_tribe_ticket_capacity":"0","_ticket_start_date":"","_ticket_end_date":"","_tribe_ticket_show_description":"","_tribe_ticket_show_not_going":false,"_tribe_ticket_use_global_stock":"","_tribe_ticket_global_stock_level":"","_global_stock_mode":"","_global_stock_cap":"","_tribe_rsvp_for_event":"","_tribe_ticket_going_count":"","_tribe_ticket_not_going_count":"","_tribe_tickets_list":"[]","_tribe_ticket_has_attendee_info_fields":false,"footnotes":""},"class_list":["post-27451","page","type-page","status-publish","hentry"],"yoast_head":"<!-- This site is optimized with the Yoast SEO plugin v27.2 - https:\/\/yoast.com\/product\/yoast-seo-wordpress\/ -->\n<title>Kecskem\u00e9t \/ Magyarorsz\u00e1g | ACPS Automotive<\/title>\n<meta name=\"description\" content=\"Az ACPS Automotive az \u2605ORIS\u2605 m\u00e1rk\u00e1val piac- \u00e9s technol\u00f3giai vezet\u0151 a szem\u00e9lyg\u00e9pkocsik, SUV-k \u00e9s kisteheraut\u00f3k p\u00f3tkocsik\u00f6t\u0151 berendez\u00e9seinek ter\u00fclet\u00e9n.\" \/>\n<meta name=\"robots\" content=\"index, follow, max-snippet:-1, max-image-preview:large, max-video-preview:-1\" \/>\n<link rel=\"canonical\" href=\"https:\/\/www.acps-automotive.com\/hu\/helyszinek\/kecskemet-magyarorszag\/\" \/>\n<meta property=\"og:locale\" content=\"hu_HU\" \/>\n<meta property=\"og:type\" content=\"article\" \/>\n<meta property=\"og:title\" content=\"Kecskem\u00e9t \/ Magyarorsz\u00e1g | ACPS Automotive\" \/>\n<meta property=\"og:description\" content=\"Az ACPS Automotive az \u2605ORIS\u2605 m\u00e1rk\u00e1val piac- \u00e9s technol\u00f3giai vezet\u0151 a szem\u00e9lyg\u00e9pkocsik, SUV-k \u00e9s kisteheraut\u00f3k p\u00f3tkocsik\u00f6t\u0151 berendez\u00e9seinek ter\u00fclet\u00e9n.\" \/>\n<meta property=\"og:url\" content=\"https:\/\/www.acps-automotive.com\/hu\/helyszinek\/kecskemet-magyarorszag\/\" \/>\n<meta property=\"og:site_name\" content=\"ACPS Automotive GmbH\" \/>\n<meta property=\"article:modified_time\" content=\"2026-03-09T15:11:06+00:00\" \/>\n<meta property=\"og:image\" content=\"https:\/\/www.acps-automotive.com\/wp-content\/uploads\/_media\/_allgemein\/pfeil-text-einleitung.png\" \/>\n<meta name=\"twitter:card\" content=\"summary_large_image\" \/>\n<meta name=\"twitter:site\" content=\"@ACPS_Automotive\" \/>\n<meta name=\"twitter:label1\" content=\"Becs\u00fclt olvas\u00e1si id\u0151\" \/>\n\t<meta name=\"twitter:data1\" content=\"2 perc\" \/>\n<script type=\"application\/ld+json\" class=\"yoast-schema-graph\">{\"@context\":\"https:\/\/schema.org\",\"@graph\":[{\"@type\":\"WebPage\",\"@id\":\"https:\/\/www.acps-automotive.com\/hu\/helyszinek\/kecskemet-magyarorszag\/\",\"url\":\"https:\/\/www.acps-automotive.com\/hu\/helyszinek\/kecskemet-magyarorszag\/\",\"name\":\"Kecskem\u00e9t \/ Magyarorsz\u00e1g | ACPS Automotive\",\"isPartOf\":{\"@id\":\"https:\/\/www.acps-automotive.com\/hu\/#website\"},\"primaryImageOfPage\":{\"@id\":\"https:\/\/www.acps-automotive.com\/hu\/helyszinek\/kecskemet-magyarorszag\/#primaryimage\"},\"image\":{\"@id\":\"https:\/\/www.acps-automotive.com\/hu\/helyszinek\/kecskemet-magyarorszag\/#primaryimage\"},\"thumbnailUrl\":\"https:\/\/www.acps-automotive.com\/wp-content\/uploads\/_media\/_allgemein\/pfeil-text-einleitung.png\",\"datePublished\":\"2025-12-17T09:30:15+00:00\",\"dateModified\":\"2026-03-09T15:11:06+00:00\",\"description\":\"Az ACPS Automotive az \u2605ORIS\u2605 m\u00e1rk\u00e1val piac- \u00e9s technol\u00f3giai vezet\u0151 a szem\u00e9lyg\u00e9pkocsik, SUV-k \u00e9s kisteheraut\u00f3k p\u00f3tkocsik\u00f6t\u0151 berendez\u00e9seinek ter\u00fclet\u00e9n.\",\"breadcrumb\":{\"@id\":\"https:\/\/www.acps-automotive.com\/hu\/helyszinek\/kecskemet-magyarorszag\/#breadcrumb\"},\"inLanguage\":\"hu\",\"potentialAction\":[{\"@type\":\"ReadAction\",\"target\":[\"https:\/\/www.acps-automotive.com\/hu\/helyszinek\/kecskemet-magyarorszag\/\"]}]},{\"@type\":\"ImageObject\",\"inLanguage\":\"hu\",\"@id\":\"https:\/\/www.acps-automotive.com\/hu\/helyszinek\/kecskemet-magyarorszag\/#primaryimage\",\"url\":\"https:\/\/www.acps-automotive.com\/wp-content\/uploads\/_media\/_allgemein\/pfeil-text-einleitung.png\",\"contentUrl\":\"https:\/\/www.acps-automotive.com\/wp-content\/uploads\/_media\/_allgemein\/pfeil-text-einleitung.png\"},{\"@type\":\"BreadcrumbList\",\"@id\":\"https:\/\/www.acps-automotive.com\/hu\/helyszinek\/kecskemet-magyarorszag\/#breadcrumb\",\"itemListElement\":[{\"@type\":\"ListItem\",\"position\":1,\"name\":\"Startseite\",\"item\":\"https:\/\/www.acps-automotive.com\/hu\/\"},{\"@type\":\"ListItem\",\"position\":2,\"name\":\"Helysz\u00ednek\",\"item\":\"https:\/\/www.acps-automotive.com\/hu\/helyszinek\/\"},{\"@type\":\"ListItem\",\"position\":3,\"name\":\"Kecskem\u00e9t \/ Magyarorsz\u00e1g\"}]},{\"@type\":\"WebSite\",\"@id\":\"https:\/\/www.acps-automotive.com\/hu\/#website\",\"url\":\"https:\/\/www.acps-automotive.com\/hu\/\",\"name\":\"ACPS Automotive GmbH\",\"description\":\"Innovative Anh\u00e4ngekupplungen\",\"publisher\":{\"@id\":\"https:\/\/www.acps-automotive.com\/hu\/#organization\"},\"potentialAction\":[{\"@type\":\"SearchAction\",\"target\":{\"@type\":\"EntryPoint\",\"urlTemplate\":\"https:\/\/www.acps-automotive.com\/hu\/?s={search_term_string}\"},\"query-input\":{\"@type\":\"PropertyValueSpecification\",\"valueRequired\":true,\"valueName\":\"search_term_string\"}}],\"inLanguage\":\"hu\"},{\"@type\":\"Organization\",\"@id\":\"https:\/\/www.acps-automotive.com\/hu\/#organization\",\"name\":\"ACPS Automotive GmbH\",\"url\":\"https:\/\/www.acps-automotive.com\/hu\/\",\"logo\":{\"@type\":\"ImageObject\",\"inLanguage\":\"hu\",\"@id\":\"https:\/\/www.acps-automotive.com\/hu\/#\/schema\/logo\/image\/\",\"url\":\"https:\/\/www.acps-automotive.com\/wp-content\/uploads\/_media\/_allgemein\/Logo-Footer-ACPS-Automotive.png\",\"contentUrl\":\"https:\/\/www.acps-automotive.com\/wp-content\/uploads\/_media\/_allgemein\/Logo-Footer-ACPS-Automotive.png\",\"width\":239,\"height\":32,\"caption\":\"ACPS Automotive GmbH\"},\"image\":{\"@id\":\"https:\/\/www.acps-automotive.com\/hu\/#\/schema\/logo\/image\/\"},\"sameAs\":[\"https:\/\/x.com\/ACPS_Automotive\",\"https:\/\/www.linkedin.com\/company\/acps-automotive-gmbh\/\",\"https:\/\/www.instagram.com\/acps_ausbildung\/\",\"https:\/\/www.youtube.com\/channel\/UC2jxrgWwpxpkay2aHWV5SaQ\"]}]}<\/script>\n<!-- \/ Yoast SEO plugin. -->","yoast_head_json":{"title":"Kecskem\u00e9t \/ Magyarorsz\u00e1g | ACPS Automotive","description":"Az ACPS Automotive az \u2605ORIS\u2605 m\u00e1rk\u00e1val piac- \u00e9s technol\u00f3giai vezet\u0151 a szem\u00e9lyg\u00e9pkocsik, SUV-k \u00e9s kisteheraut\u00f3k p\u00f3tkocsik\u00f6t\u0151 berendez\u00e9seinek ter\u00fclet\u00e9n.","robots":{"index":"index","follow":"follow","max-snippet":"max-snippet:-1","max-image-preview":"max-image-preview:large","max-video-preview":"max-video-preview:-1"},"canonical":"https:\/\/www.acps-automotive.com\/hu\/helyszinek\/kecskemet-magyarorszag\/","og_locale":"hu_HU","og_type":"article","og_title":"Kecskem\u00e9t \/ Magyarorsz\u00e1g | ACPS Automotive","og_description":"Az ACPS Automotive az \u2605ORIS\u2605 m\u00e1rk\u00e1val piac- \u00e9s technol\u00f3giai vezet\u0151 a szem\u00e9lyg\u00e9pkocsik, SUV-k \u00e9s kisteheraut\u00f3k p\u00f3tkocsik\u00f6t\u0151 berendez\u00e9seinek ter\u00fclet\u00e9n.","og_url":"https:\/\/www.acps-automotive.com\/hu\/helyszinek\/kecskemet-magyarorszag\/","og_site_name":"ACPS Automotive GmbH","article_modified_time":"2026-03-09T15:11:06+00:00","og_image":[{"url":"https:\/\/www.acps-automotive.com\/wp-content\/uploads\/_media\/_allgemein\/pfeil-text-einleitung.png","type":"","width":"","height":""}],"twitter_card":"summary_large_image","twitter_site":"@ACPS_Automotive","twitter_misc":{"Becs\u00fclt olvas\u00e1si id\u0151":"2 perc"},"schema":{"@context":"https:\/\/schema.org","@graph":[{"@type":"WebPage","@id":"https:\/\/www.acps-automotive.com\/hu\/helyszinek\/kecskemet-magyarorszag\/","url":"https:\/\/www.acps-automotive.com\/hu\/helyszinek\/kecskemet-magyarorszag\/","name":"Kecskem\u00e9t \/ Magyarorsz\u00e1g | ACPS Automotive","isPartOf":{"@id":"https:\/\/www.acps-automotive.com\/hu\/#website"},"primaryImageOfPage":{"@id":"https:\/\/www.acps-automotive.com\/hu\/helyszinek\/kecskemet-magyarorszag\/#primaryimage"},"image":{"@id":"https:\/\/www.acps-automotive.com\/hu\/helyszinek\/kecskemet-magyarorszag\/#primaryimage"},"thumbnailUrl":"https:\/\/www.acps-automotive.com\/wp-content\/uploads\/_media\/_allgemein\/pfeil-text-einleitung.png","datePublished":"2025-12-17T09:30:15+00:00","dateModified":"2026-03-09T15:11:06+00:00","description":"Az ACPS Automotive az \u2605ORIS\u2605 m\u00e1rk\u00e1val piac- \u00e9s technol\u00f3giai vezet\u0151 a szem\u00e9lyg\u00e9pkocsik, SUV-k \u00e9s kisteheraut\u00f3k p\u00f3tkocsik\u00f6t\u0151 berendez\u00e9seinek ter\u00fclet\u00e9n.","breadcrumb":{"@id":"https:\/\/www.acps-automotive.com\/hu\/helyszinek\/kecskemet-magyarorszag\/#breadcrumb"},"inLanguage":"hu","potentialAction":[{"@type":"ReadAction","target":["https:\/\/www.acps-automotive.com\/hu\/helyszinek\/kecskemet-magyarorszag\/"]}]},{"@type":"ImageObject","inLanguage":"hu","@id":"https:\/\/www.acps-automotive.com\/hu\/helyszinek\/kecskemet-magyarorszag\/#primaryimage","url":"https:\/\/www.acps-automotive.com\/wp-content\/uploads\/_media\/_allgemein\/pfeil-text-einleitung.png","contentUrl":"https:\/\/www.acps-automotive.com\/wp-content\/uploads\/_media\/_allgemein\/pfeil-text-einleitung.png"},{"@type":"BreadcrumbList","@id":"https:\/\/www.acps-automotive.com\/hu\/helyszinek\/kecskemet-magyarorszag\/#breadcrumb","itemListElement":[{"@type":"ListItem","position":1,"name":"Startseite","item":"https:\/\/www.acps-automotive.com\/hu\/"},{"@type":"ListItem","position":2,"name":"Helysz\u00ednek","item":"https:\/\/www.acps-automotive.com\/hu\/helyszinek\/"},{"@type":"ListItem","position":3,"name":"Kecskem\u00e9t \/ Magyarorsz\u00e1g"}]},{"@type":"WebSite","@id":"https:\/\/www.acps-automotive.com\/hu\/#website","url":"https:\/\/www.acps-automotive.com\/hu\/","name":"ACPS Automotive GmbH","description":"Innovative Anh\u00e4ngekupplungen","publisher":{"@id":"https:\/\/www.acps-automotive.com\/hu\/#organization"},"potentialAction":[{"@type":"SearchAction","target":{"@type":"EntryPoint","urlTemplate":"https:\/\/www.acps-automotive.com\/hu\/?s={search_term_string}"},"query-input":{"@type":"PropertyValueSpecification","valueRequired":true,"valueName":"search_term_string"}}],"inLanguage":"hu"},{"@type":"Organization","@id":"https:\/\/www.acps-automotive.com\/hu\/#organization","name":"ACPS Automotive GmbH","url":"https:\/\/www.acps-automotive.com\/hu\/","logo":{"@type":"ImageObject","inLanguage":"hu","@id":"https:\/\/www.acps-automotive.com\/hu\/#\/schema\/logo\/image\/","url":"https:\/\/www.acps-automotive.com\/wp-content\/uploads\/_media\/_allgemein\/Logo-Footer-ACPS-Automotive.png","contentUrl":"https:\/\/www.acps-automotive.com\/wp-content\/uploads\/_media\/_allgemein\/Logo-Footer-ACPS-Automotive.png","width":239,"height":32,"caption":"ACPS Automotive GmbH"},"image":{"@id":"https:\/\/www.acps-automotive.com\/hu\/#\/schema\/logo\/image\/"},"sameAs":["https:\/\/x.com\/ACPS_Automotive","https:\/\/www.linkedin.com\/company\/acps-automotive-gmbh\/","https:\/\/www.instagram.com\/acps_ausbildung\/","https:\/\/www.youtube.com\/channel\/UC2jxrgWwpxpkay2aHWV5SaQ"]}]}},"_links":{"self":[{"href":"https:\/\/www.acps-automotive.com\/hu\/wp-json\/wp\/v2\/pages\/27451","targetHints":{"allow":["GET"]}}],"collection":[{"href":"https:\/\/www.acps-automotive.com\/hu\/wp-json\/wp\/v2\/pages"}],"about":[{"href":"https:\/\/www.acps-automotive.com\/hu\/wp-json\/wp\/v2\/types\/page"}],"author":[{"embeddable":true,"href":"https:\/\/www.acps-automotive.com\/hu\/wp-json\/wp\/v2\/users\/8"}],"replies":[{"embeddable":true,"href":"https:\/\/www.acps-automotive.com\/hu\/wp-json\/wp\/v2\/comments?post=27451"}],"version-history":[{"count":2,"href":"https:\/\/www.acps-automotive.com\/hu\/wp-json\/wp\/v2\/pages\/27451\/revisions"}],"predecessor-version":[{"id":27454,"href":"https:\/\/www.acps-automotive.com\/hu\/wp-json\/wp\/v2\/pages\/27451\/revisions\/27454"}],"up":[{"embeddable":true,"href":"https:\/\/www.acps-automotive.com\/hu\/wp-json\/wp\/v2\/pages\/28080"}],"wp:attachment":[{"href":"https:\/\/www.acps-automotive.com\/hu\/wp-json\/wp\/v2\/media?parent=27451"}],"curies":[{"name":"wp","href":"https:\/\/api.w.org\/{rel}","templated":true}]}}