{"id":27447,"date":"2025-12-17T10:27:58","date_gmt":"2025-12-17T09:27:58","guid":{"rendered":"https:\/\/www.acps-automotive.com\/?page_id=27447"},"modified":"2026-03-09T16:10:44","modified_gmt":"2026-03-09T15:10:44","slug":"ingersheim-nemetorszag","status":"publish","type":"page","link":"https:\/\/www.acps-automotive.com\/hu\/helyszinek\/ingersheim-nemetorszag\/","title":{"rendered":"Ingersheim \/ N\u00e9metorsz\u00e1g"},"content":{"rendered":"<div class=\"vgblk-rw-wrapper limit-wrapper\">\n\n\t<h1><strong>Ingersheim<\/strong><br \/>\nN\u00e9metorsz\u00e1g<\/h1>\n\t<img loading=\"lazy\" decoding=\"async\" src=\"https:\/\/www.acps-automotive.com\/wp-content\/uploads\/_media\/_allgemein\/pfeil-text-einleitung.png\" alt=\"Pfeil Text Einleitung\" width=\"46\" height=\"69\" \/><br \/>\nACPS Automotive GmbH<br \/>\nV\u00e1llalati k\u00f6zpont\n\t<h3>Ingersheimb\u0151l a nagyvil\u00e1gba<\/h3>\n<p>Az ACPS Automotive 1955-ben ORIS n\u00e9ven alakult Stuttgartban. \u00datt\u00f6r\u0151 szellem\u00e9vel \u00e9s innovat\u00edv erej\u00e9vel a v\u00e1llalat a p\u00f3tkocsik gy\u00e1rt\u00e1s\u00e1nak glob\u00e1lis piac- \u00e9s technol\u00f3giai vezet\u0151j\u00e9v\u00e9 fejl\u0151d\u00f6tt.<\/p>\n<p>2020 \u00f3ta sz\u00e9khely\u00fcnk a sv\u00e1b Ingersheimben tal\u00e1lhat\u00f3. \u00cdgy c\u00e9g\u00fcnk k\u00f6zpontja alap\u00edt\u00e1sa \u00f3ta a Stuttgart k\u00f6rny\u00e9ki nagyv\u00e1rosi r\u00e9gi\u00f3ban tal\u00e1lhat\u00f3, amely a vil\u00e1g egyik leghagyom\u00e1nyosabb \u00e9s legfontosabb aut\u00f3ipari r\u00e9gi\u00f3ja.<\/p>\n<p>A k\u00f6zpontban t\u00f6bb mint 200 ember dolgozik, itt \u00f6sszpontosulnak az \u00f6sszes kereskedelmi funkci\u00f3 \u00e9s a k\u00f6zponti v\u00e1llalati ter\u00fcletek, mint p\u00e9ld\u00e1ul az \u00e9rt\u00e9kes\u00edt\u00e9s, a marketing, a projektmenedzsment, a jogi, a szem\u00e9lyzeti, az IT \u00e9s a p\u00e9nz\u00fcgyi r\u00e9szleg.<\/p>\n\t<h4><strong>Kompetenciak\u00f6zpont<\/strong><br \/>\na p\u00f3tkocsikhoz<\/h4>\n<p>A fejleszt\u00e9si k\u00f6zpont, amely a kutat\u00e1s \u00e9s fejleszt\u00e9s, a protot\u00edpusgy\u00e1rt\u00e1s, a biztons\u00e1gi tesztel\u00e9s \u00e9s a min\u0151s\u00e9gbiztos\u00edt\u00e1s ter\u00fcleteit foglalja mag\u00e1ban, szint\u00e9n Ingersheimben tal\u00e1lhat\u00f3. Itt, mint vil\u00e1gszint\u0171 technol\u00f3giai vezet\u0151, fejlesztj\u00fck term\u00e9keink nagy r\u00e9sz\u00e9t, amelyek az ORIS m\u00e1rkan\u00e9v alatt az nemzetk\u00f6zi aut\u00f3ipar sz\u00e1m\u00e1ra k\u00e9sz\u00fclnek, az eredeti felszerelts\u00e9g \u00e9s az ut\u00f3lagos felszerelts\u00e9g piac\u00e1ra.<\/p>\n\t<h4><strong>Az aut\u00f3ipar partnere<\/strong><br \/>\nA technikai fejl\u0151d\u00e9s hat\u00e1sa<\/h4>\n<p>K\u00f6r\u00fclbel\u00fcl 70 \u00e9ve innovat\u00edv gy\u00e1rt\u00f3k\u00e9nt \u00e9s az aut\u00f3ipar partnerek\u00e9nt tart\u00f3s hozz\u00e1adott \u00e9rt\u00e9ket teremt\u00fcnk \u00fcgyfeleink, \u00fczleti partnereink \u00e9s munkat\u00e1rsaink sz\u00e1m\u00e1ra.<\/p>\n<p>Az ACPS Automotive ma is az innov\u00e1ci\u00f3 \u00e9s a technol\u00f3giai fejl\u0151d\u00e9s jegy\u00e9ben m\u0171k\u00f6dik a p\u00f3tkocsi-csatlakoz\u00f3k ter\u00fclet\u00e9n. Term\u00e9keink k\u00fcl\u00f6n\u00f6sen biztons\u00e1gos \u00e9s k\u00e9nyelmes \u00f6sszek\u00f6ttet\u00e9st biztos\u00edtanak a j\u00e1rm\u0171 \u00e9s a p\u00f3tkocsi, illetve a hordoz\u00f3 k\u00f6z\u00f6tt, \u00e9s a klasszikus bels\u0151 \u00e9g\u00e9s\u0171 motorok mellett term\u00e9szetesen az \u00faj hajt\u00e1sm\u00f3dokhoz, p\u00e9ld\u00e1ul az elektromos \u00e9s a hibrid hajt\u00e1sm\u00f3dokhoz is kiv\u00e1l\u00f3an alkalmasak. Nemzeti \u00e9s nemzetk\u00f6zi gy\u00e1rt\u00e1si telephelyeinken \u00e9vente \u00f6sszesen t\u00f6bb mint 2 milli\u00f3 p\u00f3tkocsi-csatlakoz\u00f3t gy\u00e1rtunk.<\/p>\n\t<h4><strong>Az eg\u00e9sz vil\u00e1gon otthon<\/strong><br \/>\nPiacvezet\u0151<\/h4>\n<p>Ingersheimben tal\u00e1lhat\u00f3 k\u00f6zpontunkb\u00f3l piacvezet\u0151k\u00e9nt gondoskodunk minden nemzeti \u00e9s nemzetk\u00f6zi telephely\u00fcnkr\u0151l. Gy\u00e1rt\u00f3\u00fczemeink is az egyes orsz\u00e1gok aut\u00f3ipari \u00e9s aut\u00f3ipari besz\u00e1ll\u00edt\u00f3i r\u00e9gi\u00f3iban tal\u00e1lhat\u00f3k.<\/p>\n<p>A karcs\u00fa strukt\u00far\u00e1knak \u00e9s lapos hierarchi\u00e1knak k\u00f6sz\u00f6nhet\u0151en v\u00e1llalatunk k\u00fcl\u00f6n\u00f6sen rugalmas \u00e9s agilis a glob\u00e1lis versenyben. Ezek a legjobb felt\u00e9telek a sikeres terjeszked\u00e9shez. A v\u00e1llalat sz\u00e9khely\u00e9n szakemberek dolgoznak ki komplex strat\u00e9gi\u00e1kat, amelyek \u00faj piacokat azonos\u00edtanak \u00e9s tart\u00f3san megnyitnak. Ahhoz, hogy ezt a pion\u00edr szellemet folyamatosan \u00faj impulzusokkal aktiv\u00e1ljuk, kompetens \u00e9s motiv\u00e1lt csapatra van sz\u00fcks\u00e9g. Csak \u00edgy lehet megval\u00f3s\u00edtani az innov\u00e1ci\u00f3kat, valamint elm\u00e9ly\u00edteni \u00e9s b\u0151v\u00edteni partners\u00e9geinket a vezet\u0151 aut\u00f3gy\u00e1rt\u00f3kkal.<\/p>\n\t<p><img loading=\"lazy\" decoding=\"async\" src=\"https:\/\/www.acps-automotive.com\/wp-content\/uploads\/_media\/standorte\/ingersheim\/produktion.jpg\" alt=\"Produktion\" width=\"650\" height=\"400\" \/><\/p>\n\t<p><img loading=\"lazy\" decoding=\"async\" src=\"https:\/\/www.acps-automotive.com\/wp-content\/uploads\/_media\/unternehmen\/ueber-uns\/michael-weiss.jpg\" alt=\"Michael Weiss \" width=\"650\" height=\"400\" \/><\/p>\n\t<p>\u201eAz ingersheimi k\u00f6zpontban 20 nemzetis\u00e9g\u0171 munkat\u00e1rsak dolgoznak egy\u00fctt nagyon sikeresen. Multikultur\u00e1lis munkak\u00f6rnyezet\u00fcnk el\u0151seg\u00edti az innov\u00e1ci\u00f3t \u00e9s a kreativit\u00e1st a f\u0151 fejleszt\u00e9si helysz\u00ednen. Ezek azok az \u00e9rt\u00e9kek, amelyek a j\u00f6v\u0151ben is nemzetk\u00f6zi szinten sikeress\u00e9 tesznek minket.&#8221;<\/p>\n<p>Michael Weiss, Chief Executive Officer und \u00fcgyvezet\u0151 igazgat\u00f3, ACPS Automotive<\/p>\n\n<\/div><!-- .vgblk-rw-wrapper -->","protected":false},"excerpt":{"rendered":"<p>Ingersheim N\u00e9metorsz\u00e1g ACPS Automotive GmbH V\u00e1llalati k\u00f6zpont Ingersheimb\u0151l a nagyvil\u00e1gba Az ACPS Automotive 1955-ben ORIS n\u00e9ven alakult Stuttgartban. \u00datt\u00f6r\u0151 szellem\u00e9vel \u00e9s innovat\u00edv erej\u00e9vel a v\u00e1llalat a p\u00f3tkocsik gy\u00e1rt\u00e1s\u00e1nak glob\u00e1lis piac- \u00e9s technol\u00f3giai vezet\u0151j\u00e9v\u00e9 fejl\u0151d\u00f6tt. 2020 \u00f3ta sz\u00e9khely\u00fcnk a sv\u00e1b Ingersheimben tal\u00e1lhat\u00f3. \u00cdgy c\u00e9g\u00fcnk k\u00f6zpontja alap\u00edt\u00e1sa \u00f3ta a Stuttgart k\u00f6rny\u00e9ki nagyv\u00e1rosi r\u00e9gi\u00f3ban tal\u00e1lhat\u00f3, amely a vil\u00e1g&#8230;<\/p>\n","protected":false},"author":8,"featured_media":0,"parent":28080,"menu_order":0,"comment_status":"closed","ping_status":"closed","template":"","meta":{"inline_featured_image":false,"_price":"","_stock":"","_tribe_ticket_header":"","_tribe_default_ticket_provider":"","_tribe_ticket_capacity":"0","_ticket_start_date":"","_ticket_end_date":"","_tribe_ticket_show_description":"","_tribe_ticket_show_not_going":false,"_tribe_ticket_use_global_stock":"","_tribe_ticket_global_stock_level":"","_global_stock_mode":"","_global_stock_cap":"","_tribe_rsvp_for_event":"","_tribe_ticket_going_count":"","_tribe_ticket_not_going_count":"","_tribe_tickets_list":"[]","_tribe_ticket_has_attendee_info_fields":false,"footnotes":""},"class_list":["post-27447","page","type-page","status-publish","hentry"],"yoast_head":"<!-- This site is optimized with the Yoast SEO plugin v27.2 - https:\/\/yoast.com\/product\/yoast-seo-wordpress\/ -->\n<title>Ingersheim \/ N\u00e9metorsz\u00e1g | ACPS Automotive<\/title>\n<meta name=\"description\" content=\"Az ACPS Automotive az \u2605ORIS\u2605 m\u00e1rk\u00e1val piac- \u00e9s technol\u00f3giai vezet\u0151 a szem\u00e9lyg\u00e9pkocsik, SUV-k \u00e9s kisteheraut\u00f3k p\u00f3tkocsik\u00f6t\u0151 berendez\u00e9seinek ter\u00fclet\u00e9n.\" \/>\n<meta name=\"robots\" content=\"index, follow, max-snippet:-1, max-image-preview:large, max-video-preview:-1\" \/>\n<link rel=\"canonical\" href=\"https:\/\/www.acps-automotive.com\/hu\/helyszinek\/ingersheim-nemetorszag\/\" \/>\n<meta property=\"og:locale\" content=\"hu_HU\" \/>\n<meta property=\"og:type\" content=\"article\" \/>\n<meta property=\"og:title\" content=\"Ingersheim \/ N\u00e9metorsz\u00e1g | ACPS Automotive\" \/>\n<meta property=\"og:description\" content=\"Az ACPS Automotive az \u2605ORIS\u2605 m\u00e1rk\u00e1val piac- \u00e9s technol\u00f3giai vezet\u0151 a szem\u00e9lyg\u00e9pkocsik, SUV-k \u00e9s kisteheraut\u00f3k p\u00f3tkocsik\u00f6t\u0151 berendez\u00e9seinek ter\u00fclet\u00e9n.\" \/>\n<meta property=\"og:url\" content=\"https:\/\/www.acps-automotive.com\/hu\/helyszinek\/ingersheim-nemetorszag\/\" \/>\n<meta property=\"og:site_name\" content=\"ACPS Automotive GmbH\" \/>\n<meta property=\"article:modified_time\" content=\"2026-03-09T15:10:44+00:00\" \/>\n<meta property=\"og:image\" content=\"https:\/\/www.acps-automotive.com\/wp-content\/uploads\/_media\/_allgemein\/pfeil-text-einleitung.png\" \/>\n<meta name=\"twitter:card\" content=\"summary_large_image\" \/>\n<meta name=\"twitter:site\" content=\"@ACPS_Automotive\" \/>\n<meta name=\"twitter:label1\" content=\"Becs\u00fclt olvas\u00e1si id\u0151\" \/>\n\t<meta name=\"twitter:data1\" content=\"3 perc\" \/>\n<script type=\"application\/ld+json\" class=\"yoast-schema-graph\">{\"@context\":\"https:\/\/schema.org\",\"@graph\":[{\"@type\":\"WebPage\",\"@id\":\"https:\/\/www.acps-automotive.com\/hu\/helyszinek\/ingersheim-nemetorszag\/\",\"url\":\"https:\/\/www.acps-automotive.com\/hu\/helyszinek\/ingersheim-nemetorszag\/\",\"name\":\"Ingersheim \/ N\u00e9metorsz\u00e1g | ACPS Automotive\",\"isPartOf\":{\"@id\":\"https:\/\/www.acps-automotive.com\/hu\/#website\"},\"primaryImageOfPage\":{\"@id\":\"https:\/\/www.acps-automotive.com\/hu\/helyszinek\/ingersheim-nemetorszag\/#primaryimage\"},\"image\":{\"@id\":\"https:\/\/www.acps-automotive.com\/hu\/helyszinek\/ingersheim-nemetorszag\/#primaryimage\"},\"thumbnailUrl\":\"https:\/\/www.acps-automotive.com\/wp-content\/uploads\/_media\/_allgemein\/pfeil-text-einleitung.png\",\"datePublished\":\"2025-12-17T09:27:58+00:00\",\"dateModified\":\"2026-03-09T15:10:44+00:00\",\"description\":\"Az ACPS Automotive az \u2605ORIS\u2605 m\u00e1rk\u00e1val piac- \u00e9s technol\u00f3giai vezet\u0151 a szem\u00e9lyg\u00e9pkocsik, SUV-k \u00e9s kisteheraut\u00f3k p\u00f3tkocsik\u00f6t\u0151 berendez\u00e9seinek ter\u00fclet\u00e9n.\",\"breadcrumb\":{\"@id\":\"https:\/\/www.acps-automotive.com\/hu\/helyszinek\/ingersheim-nemetorszag\/#breadcrumb\"},\"inLanguage\":\"hu\",\"potentialAction\":[{\"@type\":\"ReadAction\",\"target\":[\"https:\/\/www.acps-automotive.com\/hu\/helyszinek\/ingersheim-nemetorszag\/\"]}]},{\"@type\":\"ImageObject\",\"inLanguage\":\"hu\",\"@id\":\"https:\/\/www.acps-automotive.com\/hu\/helyszinek\/ingersheim-nemetorszag\/#primaryimage\",\"url\":\"https:\/\/www.acps-automotive.com\/wp-content\/uploads\/_media\/_allgemein\/pfeil-text-einleitung.png\",\"contentUrl\":\"https:\/\/www.acps-automotive.com\/wp-content\/uploads\/_media\/_allgemein\/pfeil-text-einleitung.png\"},{\"@type\":\"BreadcrumbList\",\"@id\":\"https:\/\/www.acps-automotive.com\/hu\/helyszinek\/ingersheim-nemetorszag\/#breadcrumb\",\"itemListElement\":[{\"@type\":\"ListItem\",\"position\":1,\"name\":\"Startseite\",\"item\":\"https:\/\/www.acps-automotive.com\/hu\/\"},{\"@type\":\"ListItem\",\"position\":2,\"name\":\"Helysz\u00ednek\",\"item\":\"https:\/\/www.acps-automotive.com\/hu\/helyszinek\/\"},{\"@type\":\"ListItem\",\"position\":3,\"name\":\"Ingersheim \/ N\u00e9metorsz\u00e1g\"}]},{\"@type\":\"WebSite\",\"@id\":\"https:\/\/www.acps-automotive.com\/hu\/#website\",\"url\":\"https:\/\/www.acps-automotive.com\/hu\/\",\"name\":\"ACPS Automotive GmbH\",\"description\":\"Innovative Anh\u00e4ngekupplungen\",\"publisher\":{\"@id\":\"https:\/\/www.acps-automotive.com\/hu\/#organization\"},\"potentialAction\":[{\"@type\":\"SearchAction\",\"target\":{\"@type\":\"EntryPoint\",\"urlTemplate\":\"https:\/\/www.acps-automotive.com\/hu\/?s={search_term_string}\"},\"query-input\":{\"@type\":\"PropertyValueSpecification\",\"valueRequired\":true,\"valueName\":\"search_term_string\"}}],\"inLanguage\":\"hu\"},{\"@type\":\"Organization\",\"@id\":\"https:\/\/www.acps-automotive.com\/hu\/#organization\",\"name\":\"ACPS Automotive GmbH\",\"url\":\"https:\/\/www.acps-automotive.com\/hu\/\",\"logo\":{\"@type\":\"ImageObject\",\"inLanguage\":\"hu\",\"@id\":\"https:\/\/www.acps-automotive.com\/hu\/#\/schema\/logo\/image\/\",\"url\":\"https:\/\/www.acps-automotive.com\/wp-content\/uploads\/_media\/_allgemein\/Logo-Footer-ACPS-Automotive.png\",\"contentUrl\":\"https:\/\/www.acps-automotive.com\/wp-content\/uploads\/_media\/_allgemein\/Logo-Footer-ACPS-Automotive.png\",\"width\":239,\"height\":32,\"caption\":\"ACPS Automotive GmbH\"},\"image\":{\"@id\":\"https:\/\/www.acps-automotive.com\/hu\/#\/schema\/logo\/image\/\"},\"sameAs\":[\"https:\/\/x.com\/ACPS_Automotive\",\"https:\/\/www.linkedin.com\/company\/acps-automotive-gmbh\/\",\"https:\/\/www.instagram.com\/acps_ausbildung\/\",\"https:\/\/www.youtube.com\/channel\/UC2jxrgWwpxpkay2aHWV5SaQ\"]}]}<\/script>\n<!-- \/ Yoast SEO plugin. -->","yoast_head_json":{"title":"Ingersheim \/ N\u00e9metorsz\u00e1g | ACPS Automotive","description":"Az ACPS Automotive az \u2605ORIS\u2605 m\u00e1rk\u00e1val piac- \u00e9s technol\u00f3giai vezet\u0151 a szem\u00e9lyg\u00e9pkocsik, SUV-k \u00e9s kisteheraut\u00f3k p\u00f3tkocsik\u00f6t\u0151 berendez\u00e9seinek ter\u00fclet\u00e9n.","robots":{"index":"index","follow":"follow","max-snippet":"max-snippet:-1","max-image-preview":"max-image-preview:large","max-video-preview":"max-video-preview:-1"},"canonical":"https:\/\/www.acps-automotive.com\/hu\/helyszinek\/ingersheim-nemetorszag\/","og_locale":"hu_HU","og_type":"article","og_title":"Ingersheim \/ N\u00e9metorsz\u00e1g | ACPS Automotive","og_description":"Az ACPS Automotive az \u2605ORIS\u2605 m\u00e1rk\u00e1val piac- \u00e9s technol\u00f3giai vezet\u0151 a szem\u00e9lyg\u00e9pkocsik, SUV-k \u00e9s kisteheraut\u00f3k p\u00f3tkocsik\u00f6t\u0151 berendez\u00e9seinek ter\u00fclet\u00e9n.","og_url":"https:\/\/www.acps-automotive.com\/hu\/helyszinek\/ingersheim-nemetorszag\/","og_site_name":"ACPS Automotive GmbH","article_modified_time":"2026-03-09T15:10:44+00:00","og_image":[{"url":"https:\/\/www.acps-automotive.com\/wp-content\/uploads\/_media\/_allgemein\/pfeil-text-einleitung.png","type":"","width":"","height":""}],"twitter_card":"summary_large_image","twitter_site":"@ACPS_Automotive","twitter_misc":{"Becs\u00fclt olvas\u00e1si id\u0151":"3 perc"},"schema":{"@context":"https:\/\/schema.org","@graph":[{"@type":"WebPage","@id":"https:\/\/www.acps-automotive.com\/hu\/helyszinek\/ingersheim-nemetorszag\/","url":"https:\/\/www.acps-automotive.com\/hu\/helyszinek\/ingersheim-nemetorszag\/","name":"Ingersheim \/ N\u00e9metorsz\u00e1g | ACPS Automotive","isPartOf":{"@id":"https:\/\/www.acps-automotive.com\/hu\/#website"},"primaryImageOfPage":{"@id":"https:\/\/www.acps-automotive.com\/hu\/helyszinek\/ingersheim-nemetorszag\/#primaryimage"},"image":{"@id":"https:\/\/www.acps-automotive.com\/hu\/helyszinek\/ingersheim-nemetorszag\/#primaryimage"},"thumbnailUrl":"https:\/\/www.acps-automotive.com\/wp-content\/uploads\/_media\/_allgemein\/pfeil-text-einleitung.png","datePublished":"2025-12-17T09:27:58+00:00","dateModified":"2026-03-09T15:10:44+00:00","description":"Az ACPS Automotive az \u2605ORIS\u2605 m\u00e1rk\u00e1val piac- \u00e9s technol\u00f3giai vezet\u0151 a szem\u00e9lyg\u00e9pkocsik, SUV-k \u00e9s kisteheraut\u00f3k p\u00f3tkocsik\u00f6t\u0151 berendez\u00e9seinek ter\u00fclet\u00e9n.","breadcrumb":{"@id":"https:\/\/www.acps-automotive.com\/hu\/helyszinek\/ingersheim-nemetorszag\/#breadcrumb"},"inLanguage":"hu","potentialAction":[{"@type":"ReadAction","target":["https:\/\/www.acps-automotive.com\/hu\/helyszinek\/ingersheim-nemetorszag\/"]}]},{"@type":"ImageObject","inLanguage":"hu","@id":"https:\/\/www.acps-automotive.com\/hu\/helyszinek\/ingersheim-nemetorszag\/#primaryimage","url":"https:\/\/www.acps-automotive.com\/wp-content\/uploads\/_media\/_allgemein\/pfeil-text-einleitung.png","contentUrl":"https:\/\/www.acps-automotive.com\/wp-content\/uploads\/_media\/_allgemein\/pfeil-text-einleitung.png"},{"@type":"BreadcrumbList","@id":"https:\/\/www.acps-automotive.com\/hu\/helyszinek\/ingersheim-nemetorszag\/#breadcrumb","itemListElement":[{"@type":"ListItem","position":1,"name":"Startseite","item":"https:\/\/www.acps-automotive.com\/hu\/"},{"@type":"ListItem","position":2,"name":"Helysz\u00ednek","item":"https:\/\/www.acps-automotive.com\/hu\/helyszinek\/"},{"@type":"ListItem","position":3,"name":"Ingersheim \/ N\u00e9metorsz\u00e1g"}]},{"@type":"WebSite","@id":"https:\/\/www.acps-automotive.com\/hu\/#website","url":"https:\/\/www.acps-automotive.com\/hu\/","name":"ACPS Automotive GmbH","description":"Innovative Anh\u00e4ngekupplungen","publisher":{"@id":"https:\/\/www.acps-automotive.com\/hu\/#organization"},"potentialAction":[{"@type":"SearchAction","target":{"@type":"EntryPoint","urlTemplate":"https:\/\/www.acps-automotive.com\/hu\/?s={search_term_string}"},"query-input":{"@type":"PropertyValueSpecification","valueRequired":true,"valueName":"search_term_string"}}],"inLanguage":"hu"},{"@type":"Organization","@id":"https:\/\/www.acps-automotive.com\/hu\/#organization","name":"ACPS Automotive GmbH","url":"https:\/\/www.acps-automotive.com\/hu\/","logo":{"@type":"ImageObject","inLanguage":"hu","@id":"https:\/\/www.acps-automotive.com\/hu\/#\/schema\/logo\/image\/","url":"https:\/\/www.acps-automotive.com\/wp-content\/uploads\/_media\/_allgemein\/Logo-Footer-ACPS-Automotive.png","contentUrl":"https:\/\/www.acps-automotive.com\/wp-content\/uploads\/_media\/_allgemein\/Logo-Footer-ACPS-Automotive.png","width":239,"height":32,"caption":"ACPS Automotive GmbH"},"image":{"@id":"https:\/\/www.acps-automotive.com\/hu\/#\/schema\/logo\/image\/"},"sameAs":["https:\/\/x.com\/ACPS_Automotive","https:\/\/www.linkedin.com\/company\/acps-automotive-gmbh\/","https:\/\/www.instagram.com\/acps_ausbildung\/","https:\/\/www.youtube.com\/channel\/UC2jxrgWwpxpkay2aHWV5SaQ"]}]}},"_links":{"self":[{"href":"https:\/\/www.acps-automotive.com\/hu\/wp-json\/wp\/v2\/pages\/27447","targetHints":{"allow":["GET"]}}],"collection":[{"href":"https:\/\/www.acps-automotive.com\/hu\/wp-json\/wp\/v2\/pages"}],"about":[{"href":"https:\/\/www.acps-automotive.com\/hu\/wp-json\/wp\/v2\/types\/page"}],"author":[{"embeddable":true,"href":"https:\/\/www.acps-automotive.com\/hu\/wp-json\/wp\/v2\/users\/8"}],"replies":[{"embeddable":true,"href":"https:\/\/www.acps-automotive.com\/hu\/wp-json\/wp\/v2\/comments?post=27447"}],"version-history":[{"count":2,"href":"https:\/\/www.acps-automotive.com\/hu\/wp-json\/wp\/v2\/pages\/27447\/revisions"}],"predecessor-version":[{"id":27450,"href":"https:\/\/www.acps-automotive.com\/hu\/wp-json\/wp\/v2\/pages\/27447\/revisions\/27450"}],"up":[{"embeddable":true,"href":"https:\/\/www.acps-automotive.com\/hu\/wp-json\/wp\/v2\/pages\/28080"}],"wp:attachment":[{"href":"https:\/\/www.acps-automotive.com\/hu\/wp-json\/wp\/v2\/media?parent=27447"}],"curies":[{"name":"wp","href":"https:\/\/api.w.org\/{rel}","templated":true}]}}