{"id":27431,"date":"2025-12-17T10:14:25","date_gmt":"2025-12-17T09:14:25","guid":{"rendered":"https:\/\/www.acps-automotive.com\/?page_id=27431"},"modified":"2026-04-01T15:16:30","modified_gmt":"2026-04-01T13:16:30","slug":"kapcsolattarto","status":"publish","type":"page","link":"https:\/\/www.acps-automotive.com\/hu\/karrier\/kapcsolattarto\/","title":{"rendered":"Kapcsolattart\u00f3"},"content":{"rendered":"<div class=\"vgblk-rw-wrapper limit-wrapper\">\n\n\t<h1><strong>Karrier<\/strong><br \/>\nKapcsolattart\u00f3<\/h1>\n\t<img loading=\"lazy\" decoding=\"async\" src=\"https:\/\/www.acps-automotive.com\/wp-content\/uploads\/_media\/_allgemein\/pfeil-text-einleitung.png\" alt=\"Pfeil Text Einleitung\" width=\"46\" height=\"69\" \/><br \/>\nHa k\u00e9rd\u00e9se van az ACPS Automotive-hoz beny\u00fajtott jelentkez\u00e9s\u00e9vel vagy egy \u00e1ll\u00e1shellyel kapcsolatban, itt tal\u00e1lja a megfelel\u0151 kapcsolattart\u00f3t. Forduljon hozz\u00e1nk bizalommal &#8211; \u00f6r\u00f6mmel seg\u00edt\u00fcnk \u00d6nnek.\n\t<h4><strong>N\u00e9metorsz\u00e1g<\/strong><\/h4>\n\t<h3>Ingersheim<\/h3>\n\t<h3>St. Egidien<\/h3>\n\t<p><strong><img loading=\"lazy\" decoding=\"async\" src=\"https:\/\/www.acps-automotive.com\/wp-content\/uploads\/_media\/karriere\/ansprechpartner\/Anke-Harris.jpg\" alt=\"Anke Harris\" width=\"320\" height=\"220\" \/><\/strong><\/p>\n<strong>Anke Harris<\/strong><br \/>\nHR Generalist<br \/>\nIngersheim telephely<br \/>\nTel: +49 (0) 7142 9930 141<br \/>\n<a href=\"&#x6d;&#97;i&#x6c;&#116;o&#x3a;&#97;n&#x6b;&#101;&#46;&#x68;&#97;r&#x72;&#105;s&#x40;&#97;c&#x70;&#115;-&#x61;&#117;t&#x6f;&#109;o&#x74;&#105;v&#x65;&#46;c&#x6f;&#109;\">&#97;&#x6e;k&#101;&#x2e;&#104;&#x61;r&#114;&#x69;s&#x40;&#x61;&#99;&#x70;s&#45;&#x61;u&#x74;&#x6f;&#109;&#x6f;t&#105;&#x76;&#101;&#x2e;c&#111;&#x6d;<\/a>\n\t<p><img loading=\"lazy\" decoding=\"async\" src=\"https:\/\/www.acps-automotive.com\/wp-content\/uploads\/_media\/karriere\/ansprechpartner\/Carola-Schuerle-300x206.jpg\" alt=\"Carola Sch\u00fcrle\" width=\"300\" height=\"206\" \/><\/p>\n<strong>Carola Sch\u00fcrle<\/strong><br \/>\nHR Generalist<br \/>\nIngersheim telephely<br \/>\nTel: +49 (0) 7142 9930 209<br \/>\n<a href=\"&#x6d;&#x61;&#x69;&#x6c;&#x74;&#x6f;&#x3a;&#x63;&#x61;&#x72;&#x6f;&#108;&#97;&#46;&#115;&#99;&#104;&#117;erle&#64;a&#x63;&#x70;&#x73;&#x2d;&#x61;&#x75;&#x74;&#x6f;&#x6d;&#x6f;&#x74;&#x69;&#118;&#101;&#46;&#99;&#111;&#109;\">&#x63;&#x61;&#x72;&#x6f;&#x6c;&#97;&#46;&#115;&#99;hue&#x72;&#x6c;&#x65;&#x40;&#x61;&#x63;&#112;&#115;&#45;aut&#x6f;&#x6d;&#x6f;&#x74;&#x69;&#x76;&#101;&#46;&#99;&#111;m<\/a>\n\t<p><img loading=\"lazy\" decoding=\"async\" src=\"https:\/\/www.acps-automotive.com\/wp-content\/uploads\/_media\/karriere\/ansprechpartner\/Timo-Woelper.jpg\" alt=\"\" width=\"320\" height=\"220\" \/><\/p>\n<strong>Timo W\u00f6lper<br \/>\n<\/strong>Specialist Recruiting &amp; HR-Marketing<strong><br \/>\n<\/strong>Ingersheim telephely<br \/>\nTel: +49 (0) 7142 9930 198<br \/>\n<a href=\"&#x6d;a&#x69;l&#x74;&#111;&#x3a;&#116;i&#x6d;o&#x2e;&#119;&#x6f;&#101;&#x6c;&#112;e&#x72;&#64;&#x61;&#99;&#x70;&#115;&#x2d;&#x61;u&#x74;o&#x6d;&#111;&#x74;&#105;v&#x65;&#46;&#x63;&#111;&#x6d; \">timo&#46;woe&#108;&#112;&#101;&#114;&#64;&#97;&#99;&#112;&#115;&#45;&#x61;&#x75;&#x74;&#x6f;&#x6d;&#x6f;&#x74;&#x69;&#x76;&#x65;&#x2e;&#x63;&#x6f;&#x6d; <\/a>\n\t<p><img loading=\"lazy\" decoding=\"async\" src=\"https:\/\/www.acps-automotive.com\/wp-content\/uploads\/_media\/karriere\/ansprechpartner\/Tina-Leistner.jpg\" alt=\"\" width=\"320\" height=\"220\" \/><\/p>\n<strong>Tina Leistner<br \/>\n<\/strong>Human Resources Manager<strong><br \/>\n<\/strong>St. Egidien telephely<br \/>\nTel: +49 (0) 37204 70 200<br \/>\n<a href=\"&#109;&#x61;&#105;&#x6c;&#116;&#x6f;:&#x74;i&#x6e;a&#46;&#x6c;&#101;&#x69;&#115;&#x74;&#110;&#x65;r&#x40;a&#x63;p&#115;&#x2d;&#97;&#x75;&#116;&#x6f;&#109;&#x6f;t&#x69;v&#x65;&#46;&#99;&#x6f;&#109;\">&#116;&#x69;n&#97;&#x2e;l&#101;&#x69;s&#x74;&#x6e;&#101;&#x72;&#64;&#97;&#x63;p&#115;&#x2d;a&#x75;&#x74;&#111;&#x6d;&#x6f;&#116;&#x69;v&#101;&#x2e;c&#111;&#x6d;<\/a>\n\t<h3>M\u00f6nchengladbach<\/h3>\n\t<p><img loading=\"lazy\" decoding=\"async\" src=\"https:\/\/www.acps-automotive.com\/wp-content\/uploads\/2026\/03\/ChiaraVeccari_red.jpg\" alt=\"Chiara Veccari\" width=\"320\" height=\"220\" \/><\/p>\n<strong>Chiara Veccari<\/strong><br \/>\nHR-adminisztr\u00e1tor<br \/>\nM\u00f6nchengladbach telephely<br \/>\nTel: +49 (0) 2166 943 980 201<br \/>\n<a href=\"&#109;&#x61;&#105;&#x6c;&#116;&#x6f;&#58;&#x63;&#104;&#x69;&#97;&#x72;&#97;&#x2e;&#118;&#x65;&#99;&#x63;&#97;&#x72;&#105;&#x40;&#97;&#x63;&#112;&#x73;-&#x61;u&#x74;o&#x6d;o&#x74;i&#x76;e&#x2e;c&#x6f;m\">&#99;&#x68;&#105;&#x61;r&#97;&#x2e;&#118;&#x65;c&#x63;a&#114;&#x69;&#64;&#x61;c&#x70;&#x73;&#45;&#x61;u&#x74;o&#109;&#x6f;&#116;&#x69;v&#x65;&#46;&#99;&#x6f;&#109;<\/a>\n\t<h4><strong>Magyarorsz\u00e1g<\/strong><\/h4>\n\t<h3>Kecskem\u00e9t<\/h3>\n\t<strong>HR Ungarn<\/strong><br \/>\nKecskem\u00e9t telephely<br \/>\nTel: +36 (0) 30 913 9550<br \/>\n<a href=\"&#x6d;a&#x69;&#108;t&#x6f;&#58;&#x6a;&#111;b&#x2e;&#104;&#x75;&#110;g&#x61;&#114;&#x79;&#x40;a&#x63;&#112;s&#x2d;&#97;&#x75;&#116;o&#x6d;&#111;&#x74;&#105;v&#x65;&#46;&#x63;&#x6f;m\">&#x6a;&#111;b&#x2e;&#104;&#117;&#x6e;&#x67;&#97;r&#x79;&#64;a&#x63;&#x70;&#115;-&#x61;&#117;t&#x6f;&#x6d;&#111;t&#x69;&#118;e&#x2e;&#x63;&#111;m&#x6f;&#109;<\/a>\n\t<h4><strong>Mexik\u00f3<\/strong><\/h4>\n\t<h3>Quer\u00e9taro<\/h3>\n\t<p><strong><img loading=\"lazy\" decoding=\"async\" src=\"https:\/\/www.acps-automotive.com\/wp-content\/uploads\/_media\/karriere\/ansprechpartner\/Esmeralda-Sepulveda.jpg\" alt=\"Esmeralda Sepulveda\" width=\"320\" height=\"220\" \/><\/strong><\/p>\n<strong>Esmeralda Sepulveda<\/strong><br \/>\nHuman Resources Manager MXQ<br \/>\nQuer\u00e9taro telephely<br \/>\nTel: +52 (0) 442 161 2358 4016-os mell\u00e9k<br \/>\n<a href=\"&#x6d;a&#x69;&#108;&#x74;&#111;:&#x65;&#115;&#x6d;&#101;r&#x61;&#108;&#x64;&#97;&#46;&#x73;e&#x70;&#117;&#x6c;&#x76;e&#x64;&#97;&#x40;&#97;c&#x70;&#115;&#x2d;&#97;u&#x74;o&#x6d;&#111;t&#x69;v&#x65;&#46;&#x63;&#111;m\">&#x65;&#115;m&#x65;&#114;&#97;&#x6c;&#x64;&#97;&#46;&#x73;&#101;p&#x75;&#x6c;&#118;e&#x64;&#97;&#64;&#x61;&#x63;&#112;s&#x2d;&#97;u&#x74;&#x6f;&#109;o&#x74;&#105;v&#x65;&#x2e;&#99;&#x6f;&#x6d;<\/a>\n\t<h4><strong>K\u00edna<\/strong><\/h4>\n\t<h3>Kunshan<\/h3>\n\t<p><strong><img loading=\"lazy\" decoding=\"async\" src=\"https:\/\/www.acps-automotive.com\/wp-content\/uploads\/_media\/karriere\/ansprechpartner\/Anna-Pan.jpg\" alt=\"Anna Pan\" width=\"320\" height=\"220\" \/><\/strong><\/p>\n<strong>Anna Pan<\/strong><br \/>\nHR Business Partner<br \/>\nHelysz\u00edn N\u00e9met Ipari Park, Kunshan v\u00e1ros, Jiangsu tartom\u00e1ny<br \/>\nTel: +86 (0) 135 116 299 79<br \/>\n<a href=\"&#109;&#x61;&#105;&#x6c;&#116;&#x6f;:&#x61;n&#110;&#x61;&#46;&#x70;&#97;&#x6e;&#64;&#x61;c&#112;&#x73;&#45;&#x61;&#117;&#x74;&#111;&#x6d;o&#x74;i&#118;&#x65;&#46;&#x63;&#111;&#x6d;\">a&#110;&#x6e;&#x61;&#x2e;p&#97;&#x6e;&#x40;&#x61;c&#112;&#x73;&#x2d;&#x61;u&#116;&#x6f;&#x6d;&#x6f;t&#105;&#x76;&#x65;&#x2e;c&#111;&#x6d;<\/a>\n\t<h2><strong>\u00c1ll\u00e1saj\u00e1nlatok<\/strong><\/h2>\n<p>K\u00fcl\u00f6n\u00f6sen egy dinamikus k\u00f6rnyezetben, piacvezet\u0151k\u00e9nt a kompetens \u00e9s motiv\u00e1lt munkat\u00e1rsak jelentik siker\u00fcnk alapj\u00e1t. Izgalmas szakmai kih\u00edv\u00e1sokat \u00e9s a legjobb felt\u00e9teleket k\u00edn\u00e1ljuk \u00d6nnek szem\u00e9lyes \u00e9s szakmai fejl\u0151d\u00e9s\u00e9hez. Tegye meg k\u00f6vetkez\u0151 karrierl\u00e9p\u00e9s\u00e9t az ACPS Automotive-n\u00e1l.<\/p>\n<p><a href=\"https:\/\/careers.acps-automotive.com\/?locale=hu_HU\"><img loading=\"lazy\" decoding=\"async\" src=\"https:\/\/www.acps-automotive.com\/wp-content\/uploads\/_media\/_allgemein\/pfeil-gross-hellblau.png\" alt=\"Pfeil gross hellblau\" width=\"68\" height=\"45\" \/> Aktu\u00e1lis \u00e1ll\u00e1saj\u00e1nlatok<\/a><\/p>\n<p>&nbsp;<\/p>\n\n<\/div><!-- .vgblk-rw-wrapper -->","protected":false},"excerpt":{"rendered":"<p>Karrier Kapcsolattart\u00f3 Ha k\u00e9rd\u00e9se van az ACPS Automotive-hoz beny\u00fajtott jelentkez\u00e9s\u00e9vel vagy egy \u00e1ll\u00e1shellyel kapcsolatban, itt tal\u00e1lja a megfelel\u0151 kapcsolattart\u00f3t. Forduljon hozz\u00e1nk bizalommal &#8211; \u00f6r\u00f6mmel seg\u00edt\u00fcnk \u00d6nnek. N\u00e9metorsz\u00e1g Ingersheim St. Egidien Anke Harris HR Generalist Ingersheim telephely Tel: +49 (0) 7142 9930 141 &#x61;&#x6e;&#x6b;&#101;&#46;ha&#x72;&#x72;&#x69;&#x73;&#64;&#97;cp&#x73;&#x2d;&#x61;&#117;&#116;&#111;mo&#x74;&#x69;&#x76;&#101;&#46;co&#x6d; Carola Sch\u00fcrle HR Generalist Ingersheim telephely Tel: +49 (0) 7142 9930 209&#8230;<\/p>\n","protected":false},"author":8,"featured_media":0,"parent":28085,"menu_order":4,"comment_status":"closed","ping_status":"closed","template":"","meta":{"inline_featured_image":false,"_price":"","_stock":"","_tribe_ticket_header":"","_tribe_default_ticket_provider":"","_tribe_ticket_capacity":"0","_ticket_start_date":"","_ticket_end_date":"","_tribe_ticket_show_description":"","_tribe_ticket_show_not_going":false,"_tribe_ticket_use_global_stock":"","_tribe_ticket_global_stock_level":"","_global_stock_mode":"","_global_stock_cap":"","_tribe_rsvp_for_event":"","_tribe_ticket_going_count":"","_tribe_ticket_not_going_count":"","_tribe_tickets_list":"[]","_tribe_ticket_has_attendee_info_fields":false,"footnotes":""},"class_list":["post-27431","page","type-page","status-publish","hentry"],"yoast_head":"<!-- This site is optimized with the Yoast SEO plugin v27.2 - https:\/\/yoast.com\/product\/yoast-seo-wordpress\/ -->\n<title>Kapcsolattart\u00f3 | ACPS Automotive<\/title>\n<meta name=\"description\" content=\"Kapcsolattart\u00f3i az ACPS Automotive-n\u00e1l val\u00f3 karrierj\u00e9vel kapcsolatban. \u25baK\u00e9rd\u00e9sei vannak? \u00d6r\u00f6mmel v\u00e1laszolunk r\u00e1juk!\" \/>\n<meta name=\"robots\" content=\"index, follow, max-snippet:-1, max-image-preview:large, max-video-preview:-1\" \/>\n<link rel=\"canonical\" href=\"https:\/\/www.acps-automotive.com\/hu\/karrier\/kapcsolattarto\/\" \/>\n<meta property=\"og:locale\" content=\"hu_HU\" \/>\n<meta property=\"og:type\" content=\"article\" \/>\n<meta property=\"og:title\" content=\"Kapcsolattart\u00f3 | ACPS Automotive\" \/>\n<meta property=\"og:description\" content=\"Kapcsolattart\u00f3i az ACPS Automotive-n\u00e1l val\u00f3 karrierj\u00e9vel kapcsolatban. \u25baK\u00e9rd\u00e9sei vannak? \u00d6r\u00f6mmel v\u00e1laszolunk r\u00e1juk!\" \/>\n<meta property=\"og:url\" content=\"https:\/\/www.acps-automotive.com\/hu\/karrier\/kapcsolattarto\/\" \/>\n<meta property=\"og:site_name\" content=\"ACPS Automotive GmbH\" \/>\n<meta property=\"article:modified_time\" content=\"2026-04-01T13:16:30+00:00\" \/>\n<meta property=\"og:image\" content=\"https:\/\/www.acps-automotive.com\/wp-content\/uploads\/_media\/_allgemein\/pfeil-text-einleitung.png\" \/>\n<meta name=\"twitter:card\" content=\"summary_large_image\" \/>\n<meta name=\"twitter:site\" content=\"@ACPS_Automotive\" \/>\n<meta name=\"twitter:label1\" content=\"Becs\u00fclt olvas\u00e1si id\u0151\" \/>\n\t<meta name=\"twitter:data1\" content=\"3 perc\" \/>\n<script type=\"application\/ld+json\" class=\"yoast-schema-graph\">{\"@context\":\"https:\/\/schema.org\",\"@graph\":[{\"@type\":\"WebPage\",\"@id\":\"https:\/\/www.acps-automotive.com\/hu\/karrier\/kapcsolattarto\/\",\"url\":\"https:\/\/www.acps-automotive.com\/hu\/karrier\/kapcsolattarto\/\",\"name\":\"Kapcsolattart\u00f3 | ACPS Automotive\",\"isPartOf\":{\"@id\":\"https:\/\/www.acps-automotive.com\/hu\/#website\"},\"primaryImageOfPage\":{\"@id\":\"https:\/\/www.acps-automotive.com\/hu\/karrier\/kapcsolattarto\/#primaryimage\"},\"image\":{\"@id\":\"https:\/\/www.acps-automotive.com\/hu\/karrier\/kapcsolattarto\/#primaryimage\"},\"thumbnailUrl\":\"https:\/\/www.acps-automotive.com\/wp-content\/uploads\/_media\/_allgemein\/pfeil-text-einleitung.png\",\"datePublished\":\"2025-12-17T09:14:25+00:00\",\"dateModified\":\"2026-04-01T13:16:30+00:00\",\"description\":\"Kapcsolattart\u00f3i az ACPS Automotive-n\u00e1l val\u00f3 karrierj\u00e9vel kapcsolatban. \u25baK\u00e9rd\u00e9sei vannak? \u00d6r\u00f6mmel v\u00e1laszolunk r\u00e1juk!\",\"breadcrumb\":{\"@id\":\"https:\/\/www.acps-automotive.com\/hu\/karrier\/kapcsolattarto\/#breadcrumb\"},\"inLanguage\":\"hu\",\"potentialAction\":[{\"@type\":\"ReadAction\",\"target\":[\"https:\/\/www.acps-automotive.com\/hu\/karrier\/kapcsolattarto\/\"]}]},{\"@type\":\"ImageObject\",\"inLanguage\":\"hu\",\"@id\":\"https:\/\/www.acps-automotive.com\/hu\/karrier\/kapcsolattarto\/#primaryimage\",\"url\":\"https:\/\/www.acps-automotive.com\/wp-content\/uploads\/_media\/_allgemein\/pfeil-text-einleitung.png\",\"contentUrl\":\"https:\/\/www.acps-automotive.com\/wp-content\/uploads\/_media\/_allgemein\/pfeil-text-einleitung.png\"},{\"@type\":\"BreadcrumbList\",\"@id\":\"https:\/\/www.acps-automotive.com\/hu\/karrier\/kapcsolattarto\/#breadcrumb\",\"itemListElement\":[{\"@type\":\"ListItem\",\"position\":1,\"name\":\"Startseite\",\"item\":\"https:\/\/www.acps-automotive.com\/hu\/\"},{\"@type\":\"ListItem\",\"position\":2,\"name\":\"Karrier\",\"item\":\"https:\/\/www.acps-automotive.com\/hu\/karrier\/\"},{\"@type\":\"ListItem\",\"position\":3,\"name\":\"Kapcsolattart\u00f3\"}]},{\"@type\":\"WebSite\",\"@id\":\"https:\/\/www.acps-automotive.com\/hu\/#website\",\"url\":\"https:\/\/www.acps-automotive.com\/hu\/\",\"name\":\"ACPS Automotive GmbH\",\"description\":\"Innovative Anh\u00e4ngekupplungen\",\"publisher\":{\"@id\":\"https:\/\/www.acps-automotive.com\/hu\/#organization\"},\"potentialAction\":[{\"@type\":\"SearchAction\",\"target\":{\"@type\":\"EntryPoint\",\"urlTemplate\":\"https:\/\/www.acps-automotive.com\/hu\/?s={search_term_string}\"},\"query-input\":{\"@type\":\"PropertyValueSpecification\",\"valueRequired\":true,\"valueName\":\"search_term_string\"}}],\"inLanguage\":\"hu\"},{\"@type\":\"Organization\",\"@id\":\"https:\/\/www.acps-automotive.com\/hu\/#organization\",\"name\":\"ACPS Automotive GmbH\",\"url\":\"https:\/\/www.acps-automotive.com\/hu\/\",\"logo\":{\"@type\":\"ImageObject\",\"inLanguage\":\"hu\",\"@id\":\"https:\/\/www.acps-automotive.com\/hu\/#\/schema\/logo\/image\/\",\"url\":\"https:\/\/www.acps-automotive.com\/wp-content\/uploads\/_media\/_allgemein\/Logo-Footer-ACPS-Automotive.png\",\"contentUrl\":\"https:\/\/www.acps-automotive.com\/wp-content\/uploads\/_media\/_allgemein\/Logo-Footer-ACPS-Automotive.png\",\"width\":239,\"height\":32,\"caption\":\"ACPS Automotive GmbH\"},\"image\":{\"@id\":\"https:\/\/www.acps-automotive.com\/hu\/#\/schema\/logo\/image\/\"},\"sameAs\":[\"https:\/\/x.com\/ACPS_Automotive\",\"https:\/\/www.linkedin.com\/company\/acps-automotive-gmbh\/\",\"https:\/\/www.instagram.com\/acps_ausbildung\/\",\"https:\/\/www.youtube.com\/channel\/UC2jxrgWwpxpkay2aHWV5SaQ\"]}]}<\/script>\n<!-- \/ Yoast SEO plugin. -->","yoast_head_json":{"title":"Kapcsolattart\u00f3 | ACPS Automotive","description":"Kapcsolattart\u00f3i az ACPS Automotive-n\u00e1l val\u00f3 karrierj\u00e9vel kapcsolatban. \u25baK\u00e9rd\u00e9sei vannak? \u00d6r\u00f6mmel v\u00e1laszolunk r\u00e1juk!","robots":{"index":"index","follow":"follow","max-snippet":"max-snippet:-1","max-image-preview":"max-image-preview:large","max-video-preview":"max-video-preview:-1"},"canonical":"https:\/\/www.acps-automotive.com\/hu\/karrier\/kapcsolattarto\/","og_locale":"hu_HU","og_type":"article","og_title":"Kapcsolattart\u00f3 | ACPS Automotive","og_description":"Kapcsolattart\u00f3i az ACPS Automotive-n\u00e1l val\u00f3 karrierj\u00e9vel kapcsolatban. \u25baK\u00e9rd\u00e9sei vannak? \u00d6r\u00f6mmel v\u00e1laszolunk r\u00e1juk!","og_url":"https:\/\/www.acps-automotive.com\/hu\/karrier\/kapcsolattarto\/","og_site_name":"ACPS Automotive GmbH","article_modified_time":"2026-04-01T13:16:30+00:00","og_image":[{"url":"https:\/\/www.acps-automotive.com\/wp-content\/uploads\/_media\/_allgemein\/pfeil-text-einleitung.png","type":"","width":"","height":""}],"twitter_card":"summary_large_image","twitter_site":"@ACPS_Automotive","twitter_misc":{"Becs\u00fclt olvas\u00e1si id\u0151":"3 perc"},"schema":{"@context":"https:\/\/schema.org","@graph":[{"@type":"WebPage","@id":"https:\/\/www.acps-automotive.com\/hu\/karrier\/kapcsolattarto\/","url":"https:\/\/www.acps-automotive.com\/hu\/karrier\/kapcsolattarto\/","name":"Kapcsolattart\u00f3 | ACPS Automotive","isPartOf":{"@id":"https:\/\/www.acps-automotive.com\/hu\/#website"},"primaryImageOfPage":{"@id":"https:\/\/www.acps-automotive.com\/hu\/karrier\/kapcsolattarto\/#primaryimage"},"image":{"@id":"https:\/\/www.acps-automotive.com\/hu\/karrier\/kapcsolattarto\/#primaryimage"},"thumbnailUrl":"https:\/\/www.acps-automotive.com\/wp-content\/uploads\/_media\/_allgemein\/pfeil-text-einleitung.png","datePublished":"2025-12-17T09:14:25+00:00","dateModified":"2026-04-01T13:16:30+00:00","description":"Kapcsolattart\u00f3i az ACPS Automotive-n\u00e1l val\u00f3 karrierj\u00e9vel kapcsolatban. \u25baK\u00e9rd\u00e9sei vannak? \u00d6r\u00f6mmel v\u00e1laszolunk r\u00e1juk!","breadcrumb":{"@id":"https:\/\/www.acps-automotive.com\/hu\/karrier\/kapcsolattarto\/#breadcrumb"},"inLanguage":"hu","potentialAction":[{"@type":"ReadAction","target":["https:\/\/www.acps-automotive.com\/hu\/karrier\/kapcsolattarto\/"]}]},{"@type":"ImageObject","inLanguage":"hu","@id":"https:\/\/www.acps-automotive.com\/hu\/karrier\/kapcsolattarto\/#primaryimage","url":"https:\/\/www.acps-automotive.com\/wp-content\/uploads\/_media\/_allgemein\/pfeil-text-einleitung.png","contentUrl":"https:\/\/www.acps-automotive.com\/wp-content\/uploads\/_media\/_allgemein\/pfeil-text-einleitung.png"},{"@type":"BreadcrumbList","@id":"https:\/\/www.acps-automotive.com\/hu\/karrier\/kapcsolattarto\/#breadcrumb","itemListElement":[{"@type":"ListItem","position":1,"name":"Startseite","item":"https:\/\/www.acps-automotive.com\/hu\/"},{"@type":"ListItem","position":2,"name":"Karrier","item":"https:\/\/www.acps-automotive.com\/hu\/karrier\/"},{"@type":"ListItem","position":3,"name":"Kapcsolattart\u00f3"}]},{"@type":"WebSite","@id":"https:\/\/www.acps-automotive.com\/hu\/#website","url":"https:\/\/www.acps-automotive.com\/hu\/","name":"ACPS Automotive GmbH","description":"Innovative Anh\u00e4ngekupplungen","publisher":{"@id":"https:\/\/www.acps-automotive.com\/hu\/#organization"},"potentialAction":[{"@type":"SearchAction","target":{"@type":"EntryPoint","urlTemplate":"https:\/\/www.acps-automotive.com\/hu\/?s={search_term_string}"},"query-input":{"@type":"PropertyValueSpecification","valueRequired":true,"valueName":"search_term_string"}}],"inLanguage":"hu"},{"@type":"Organization","@id":"https:\/\/www.acps-automotive.com\/hu\/#organization","name":"ACPS Automotive GmbH","url":"https:\/\/www.acps-automotive.com\/hu\/","logo":{"@type":"ImageObject","inLanguage":"hu","@id":"https:\/\/www.acps-automotive.com\/hu\/#\/schema\/logo\/image\/","url":"https:\/\/www.acps-automotive.com\/wp-content\/uploads\/_media\/_allgemein\/Logo-Footer-ACPS-Automotive.png","contentUrl":"https:\/\/www.acps-automotive.com\/wp-content\/uploads\/_media\/_allgemein\/Logo-Footer-ACPS-Automotive.png","width":239,"height":32,"caption":"ACPS Automotive GmbH"},"image":{"@id":"https:\/\/www.acps-automotive.com\/hu\/#\/schema\/logo\/image\/"},"sameAs":["https:\/\/x.com\/ACPS_Automotive","https:\/\/www.linkedin.com\/company\/acps-automotive-gmbh\/","https:\/\/www.instagram.com\/acps_ausbildung\/","https:\/\/www.youtube.com\/channel\/UC2jxrgWwpxpkay2aHWV5SaQ"]}]}},"_links":{"self":[{"href":"https:\/\/www.acps-automotive.com\/hu\/wp-json\/wp\/v2\/pages\/27431","targetHints":{"allow":["GET"]}}],"collection":[{"href":"https:\/\/www.acps-automotive.com\/hu\/wp-json\/wp\/v2\/pages"}],"about":[{"href":"https:\/\/www.acps-automotive.com\/hu\/wp-json\/wp\/v2\/types\/page"}],"author":[{"embeddable":true,"href":"https:\/\/www.acps-automotive.com\/hu\/wp-json\/wp\/v2\/users\/8"}],"replies":[{"embeddable":true,"href":"https:\/\/www.acps-automotive.com\/hu\/wp-json\/wp\/v2\/comments?post=27431"}],"version-history":[{"count":6,"href":"https:\/\/www.acps-automotive.com\/hu\/wp-json\/wp\/v2\/pages\/27431\/revisions"}],"predecessor-version":[{"id":29693,"href":"https:\/\/www.acps-automotive.com\/hu\/wp-json\/wp\/v2\/pages\/27431\/revisions\/29693"}],"up":[{"embeddable":true,"href":"https:\/\/www.acps-automotive.com\/hu\/wp-json\/wp\/v2\/pages\/28085"}],"wp:attachment":[{"href":"https:\/\/www.acps-automotive.com\/hu\/wp-json\/wp\/v2\/media?parent=27431"}],"curies":[{"name":"wp","href":"https:\/\/api.w.org\/{rel}","templated":true}]}}