{"id":27423,"date":"2025-12-17T09:58:40","date_gmt":"2025-12-17T08:58:40","guid":{"rendered":"https:\/\/www.acps-automotive.com\/?page_id=27423"},"modified":"2026-03-10T12:05:58","modified_gmt":"2026-03-10T11:05:58","slug":"diak","status":"publish","type":"page","link":"https:\/\/www.acps-automotive.com\/hu\/karrier\/diak\/","title":{"rendered":"Di\u00e1k"},"content":{"rendered":"<div class=\"vgblk-rw-wrapper limit-wrapper\">\n\n\t<h1><strong>Az \u00d6n bel\u00e9p\u00e9se<\/strong><br \/>\ndi\u00e1kk\u00e9nt<\/h1>\n\t<img loading=\"lazy\" decoding=\"async\" src=\"https:\/\/www.acps-automotive.com\/wp-content\/uploads\/_media\/_allgemein\/pfeil-text-einleitung.png\" alt=\"Pfeil Text Einleitung\" width=\"46\" height=\"69\" \/><br \/>\nHamarosan befejezi az iskol\u00e1t, \u00e9s szeretne sikeresen elindulni a szakmai karrierj\u00e9n? Ezenk\u00edv\u00fcl k\u00edv\u00e1ncsi \u00e9s szeret tanulni? Akkor c\u00e9g\u00fcnkn\u00e9l izgalmas, perspekt\u00edv\u00e1s k\u00e9pz\u00e9si helyeket tal\u00e1lhat a karrierje kezdet\u00e9hez. Nem csak a j\u00f3 jegyek fontosak sz\u00e1munkra, hanem az \u00f6n\u00e1ll\u00f3s\u00e1g, az elk\u00f6telezetts\u00e9g \u00e9s a csapatmunka is fontos krit\u00e9riumok. Tekintse meg\u00a0<a href=\"https:\/\/careers.acps-automotive.com\/?locale=hu_HU\" target=\"_blank\" rel=\"noopener\">\u00e1ll\u00e1saj\u00e1nlatainkat<\/a>. Sok \u00e9rdekes lehet\u0151s\u00e9get tal\u00e1lhat!\n\t<p>\u201eAz ACPS Automotive k\u00e9pz\u00e9s\u00e9ben az tetszik, hogy nagyon v\u00e1ltozatos \u00e9s sokat tanulhatok. \u00c9s mindezt a saj\u00e1t r\u00e9gi\u00f3ban.&#8221;<\/p>\n<p>Anica Todorovic, ipari keresked\u0151 gyakornok<\/p>\n\t<h4><strong>Kereskedelmi k\u00e9pz\u00e9s<\/strong><br \/>\nSzeret szervezni, j\u00f3 kommunik\u00e1ci\u00f3s k\u00e9pess\u00e9ggel rendelkezik \u00e9s csapatban tud dolgozni?<\/h4>\n\t<p>Akkor ragadja meg az alkalmat, \u00e9s kamatoztassa er\u0151ss\u00e9geit egy kereskedelmi szakm\u00e1ban az ACPS Automotive-n\u00e1l. K\u00e9pz\u00e9se sor\u00e1n megismerheti n\u00e1lunk az \u00f6sszes relev\u00e1ns kereskedelmi folyamatot.<\/p>\n<p>Annak \u00e9rdek\u00e9ben, hogy minden nap izgalmas legyen, akt\u00edvan bevonjuk \u00d6nt a napi \u00fczletmenetbe. Saj\u00e1t projektekben bizony\u00edthatja \u00f6n\u00e1ll\u00f3s\u00e1g\u00e1t \u00e9s elk\u00f6telezetts\u00e9g\u00e9t. K\u00e9pz\u00e9s\u00e9t a technikai term\u00e9kvil\u00e1gunkba val\u00f3 bevezet\u00e9s teszi teljess\u00e9. N\u00e1lunk minden tekintetben t\u00e1mogat\u00e1st kap. P\u00e9ld\u00e1ul bels\u0151 \u00e9s k\u00fcls\u0151 szemin\u00e1riumokon b\u0151v\u00edtheti angol \u00e9s sz\u00e1m\u00edt\u00f3g\u00e9pes ismereteit, vagy felk\u00e9sz\u00edt\u0151 tanfolyamokon vehet r\u00e9szt a k\u00f6zbens\u0151 \u00e9s z\u00e1r\u00f3vizsg\u00e1kra. Pontosan \u00edgy k\u00e9pzelte el a k\u00e9pz\u00e9s\u00e9t? Akkor \u00f6r\u00f6mmel v\u00e1rjuk jelentkez\u00e9s\u00e9t.<\/p>\n<p><a href=\"https:\/\/careers.acps-automotive.com\/?locale=hu_HU\" target=\"_blank\" rel=\"noopener\">K\u00e9pz\u00e9si helyek<\/a><\/p>\n\t<h4><strong>Szakmai k\u00e9pz\u00e9s<\/strong><br \/>\n\u00c9rdekel a technika vagy a k\u00e9zm\u0171vess\u00e9g?<\/h4>\n\t<p>Akkor az ACPS Automotive St. Egidien telephely\u00e9n technikai-k\u00e9zm\u0171ves feladatok szak\u00e9rt\u0151j\u00e9v\u00e9 v\u00e1lhat. K\u00e9pz\u00e9se sor\u00e1n megismerheti v\u00e1llalatunk \u00f6sszes relev\u00e1ns technikai \u00e9s termel\u00e9si ter\u00fclet\u00e9t.<\/p>\n<p>V\u00e1ltozatos feladatokkal \u00e9s \u00edg\u00e9retes kil\u00e1t\u00e1sokkal \u00e9p\u00edtheti fel n\u00e1lunk szakmai j\u00f6v\u0151j\u00e9t. Akt\u00edvan egy\u00fcttm\u0171k\u00f6dik oktat\u00f3j\u00e1val, koll\u00e9g\u00e1ival \u00e9s a magasabb \u00e9vfolyamok hallgat\u00f3ival a napi munk\u00e1ban. Saj\u00e1t kis projektekben bizony\u00edthatja \u00f6n\u00e1ll\u00f3s\u00e1g\u00e1t, elk\u00f6telezetts\u00e9g\u00e9t \u00e9s \u00f6r\u00f6m\u00e9t, hogy megismerje a gy\u00e1rt\u00f3\u00fczem m\u0171k\u00f6d\u00e9s\u00e9t, belen\u0151j\u00f6n a gy\u00e1rt\u00e1si folyamatokba \u00e9s akt\u00edvan r\u00e9szt vegyen benn\u00fck. \u00d6nre illik ez a le\u00edr\u00e1s?<\/p>\n<p><a href=\"https:\/\/careers.acps-automotive.com\/?locale=hu_HU\" target=\"_blank\" rel=\"noopener\">K\u00e9pz\u00e9si helyek<\/a><\/p>\n\t<p><img loading=\"lazy\" decoding=\"async\" src=\"https:\/\/www.acps-automotive.com\/wp-content\/uploads\/_media\/karriere\/schueler\/schueler01.jpg\" alt=\"Ihr Einstieg als Sch\u00fcler\" width=\"4134\" height=\"2544\" \/><\/p>\n\t<p><img loading=\"lazy\" decoding=\"async\" src=\"https:\/\/www.acps-automotive.com\/wp-content\/uploads\/_media\/karriere\/schueler\/maximilian-reinhard.jpg\" alt=\"Maximilian Reinhard\" width=\"2756\" height=\"1696\" \/><\/p>\n\t\u201eTanulm\u00e1nyaim 50 sz\u00e1zal\u00e9kban gyakorlati \u00e9s 50 sz\u00e1zal\u00e9kban elm\u00e9leti ismeretekb\u0151l \u00e1llnak. Az ACPS Automotive-n\u00e1l t\u00f6lt\u00f6tt gyakorlati r\u00e9sz sor\u00e1n \u00e1tfog\u00f3 betekint\u00e9st nyerek a p\u00f3tkocsik fejleszt\u00e9s\u00e9nek legfontosabb ter\u00fcleteibe \u00e9s az aut\u00f3ipar eg\u00e9sz\u00e9be.&#8221;<br \/>\nMaximilian Reinhard, hallgat\u00f3\n\t<h4><strong>Kett\u0151s tanulm\u00e1nyok<\/strong><br \/>\nElm\u00e9leti ismeretek mellett gyakorlati tapasztalatokat is szeretne szerezni?<\/h4>\n\t<p>Akkor a du\u00e1lis k\u00e9pz\u00e9s ide\u00e1lis kombin\u00e1ci\u00f3j\u00e1t k\u00edn\u00e1lja az elm\u00e9letnek \u00e9s a gyakorlatnak: v\u00e1llalati munkav\u00e9gz\u00e9s egyetemi szint\u0171 tanulm\u00e1nyokkal \u00f6sszekapcsolva. A h\u00e1rom\u00e9ves du\u00e1lis k\u00e9pz\u00e9s hat f\u00e9l\u00e9vb\u0151l \u00e1ll.<\/p>\n<p>12 hetes ciklusokban v\u00e1ltakozik a Baden-W\u00fcrttemberg-i Duale Hochschule (Stuttgart) vagy a Sz\u00e1szorsz\u00e1gi Szakmai Akad\u00e9mia (Glauchau) elm\u00e9leti tanulm\u00e1nyi szakasza \u00e9s a gyakorlati k\u00e9pz\u00e9si szakaszok a megfelel\u0151 k\u00e9pz\u0151v\u00e1llalatn\u00e1l.<\/p>\n\t\u00c9rdekelnek az izgalmas feladatok, amelyeket t\u00f6bb ter\u00fcletet \u00e1tfog\u00f3 csapatokban lehet megoldani?<br \/>\n<a href=\"https:\/\/careers.acps-automotive.com\/?locale=hu_HU\" target=\"_blank\" rel=\"noopener\">Jelentkez\u00e9s itt<\/a>\n\n<\/div><!-- .vgblk-rw-wrapper -->","protected":false},"excerpt":{"rendered":"<p>Az \u00d6n bel\u00e9p\u00e9se di\u00e1kk\u00e9nt Hamarosan befejezi az iskol\u00e1t, \u00e9s szeretne sikeresen elindulni a szakmai karrierj\u00e9n? Ezenk\u00edv\u00fcl k\u00edv\u00e1ncsi \u00e9s szeret tanulni? Akkor c\u00e9g\u00fcnkn\u00e9l izgalmas, perspekt\u00edv\u00e1s k\u00e9pz\u00e9si helyeket tal\u00e1lhat a karrierje kezdet\u00e9hez. Nem csak a j\u00f3 jegyek fontosak sz\u00e1munkra, hanem az \u00f6n\u00e1ll\u00f3s\u00e1g, az elk\u00f6telezetts\u00e9g \u00e9s a csapatmunka is fontos krit\u00e9riumok. Tekintse meg\u00a0\u00e1ll\u00e1saj\u00e1nlatainkat. Sok \u00e9rdekes lehet\u0151s\u00e9get tal\u00e1lhat! \u201eAz&#8230;<\/p>\n","protected":false},"author":8,"featured_media":0,"parent":28085,"menu_order":0,"comment_status":"closed","ping_status":"closed","template":"","meta":{"inline_featured_image":false,"_price":"","_stock":"","_tribe_ticket_header":"","_tribe_default_ticket_provider":"","_tribe_ticket_capacity":"0","_ticket_start_date":"","_ticket_end_date":"","_tribe_ticket_show_description":"","_tribe_ticket_show_not_going":false,"_tribe_ticket_use_global_stock":"","_tribe_ticket_global_stock_level":"","_global_stock_mode":"","_global_stock_cap":"","_tribe_rsvp_for_event":"","_tribe_ticket_going_count":"","_tribe_ticket_not_going_count":"","_tribe_tickets_list":"[]","_tribe_ticket_has_attendee_info_fields":false,"footnotes":""},"class_list":["post-27423","page","type-page","status-publish","hentry"],"yoast_head":"<!-- This site is optimized with the Yoast SEO plugin v27.2 - https:\/\/yoast.com\/product\/yoast-seo-wordpress\/ -->\n<title>Di\u00e1k ACPS Automotive<\/title>\n<meta name=\"description\" content=\"K\u00e9pz\u00e9s a p\u00f3tkocsi-vontat\u00f3k piacvezet\u0151j\u00e9n\u00e9l. \u25baV\u00e1rjuk jelentkez\u00e9s\u00e9t!\" \/>\n<meta name=\"robots\" content=\"index, follow, max-snippet:-1, max-image-preview:large, max-video-preview:-1\" \/>\n<link rel=\"canonical\" href=\"https:\/\/www.acps-automotive.com\/hu\/karrier\/diak\/\" \/>\n<meta property=\"og:locale\" content=\"hu_HU\" \/>\n<meta property=\"og:type\" content=\"article\" \/>\n<meta property=\"og:title\" content=\"Di\u00e1k ACPS Automotive\" \/>\n<meta property=\"og:description\" content=\"K\u00e9pz\u00e9s a p\u00f3tkocsi-vontat\u00f3k piacvezet\u0151j\u00e9n\u00e9l. \u25baV\u00e1rjuk jelentkez\u00e9s\u00e9t!\" \/>\n<meta property=\"og:url\" content=\"https:\/\/www.acps-automotive.com\/hu\/karrier\/diak\/\" \/>\n<meta property=\"og:site_name\" content=\"ACPS Automotive GmbH\" \/>\n<meta property=\"article:modified_time\" content=\"2026-03-10T11:05:58+00:00\" \/>\n<meta property=\"og:image\" content=\"https:\/\/www.acps-automotive.com\/wp-content\/uploads\/_media\/_allgemein\/pfeil-text-einleitung.png\" \/>\n<meta name=\"twitter:card\" content=\"summary_large_image\" \/>\n<meta name=\"twitter:site\" content=\"@ACPS_Automotive\" \/>\n<meta name=\"twitter:label1\" content=\"Becs\u00fclt olvas\u00e1si id\u0151\" \/>\n\t<meta name=\"twitter:data1\" content=\"3 perc\" \/>\n<script type=\"application\/ld+json\" class=\"yoast-schema-graph\">{\"@context\":\"https:\/\/schema.org\",\"@graph\":[{\"@type\":\"WebPage\",\"@id\":\"https:\/\/www.acps-automotive.com\/hu\/karrier\/diak\/\",\"url\":\"https:\/\/www.acps-automotive.com\/hu\/karrier\/diak\/\",\"name\":\"Di\u00e1k ACPS Automotive\",\"isPartOf\":{\"@id\":\"https:\/\/www.acps-automotive.com\/hu\/#website\"},\"primaryImageOfPage\":{\"@id\":\"https:\/\/www.acps-automotive.com\/hu\/karrier\/diak\/#primaryimage\"},\"image\":{\"@id\":\"https:\/\/www.acps-automotive.com\/hu\/karrier\/diak\/#primaryimage\"},\"thumbnailUrl\":\"https:\/\/www.acps-automotive.com\/wp-content\/uploads\/_media\/_allgemein\/pfeil-text-einleitung.png\",\"datePublished\":\"2025-12-17T08:58:40+00:00\",\"dateModified\":\"2026-03-10T11:05:58+00:00\",\"description\":\"K\u00e9pz\u00e9s a p\u00f3tkocsi-vontat\u00f3k piacvezet\u0151j\u00e9n\u00e9l. \u25baV\u00e1rjuk jelentkez\u00e9s\u00e9t!\",\"breadcrumb\":{\"@id\":\"https:\/\/www.acps-automotive.com\/hu\/karrier\/diak\/#breadcrumb\"},\"inLanguage\":\"hu\",\"potentialAction\":[{\"@type\":\"ReadAction\",\"target\":[\"https:\/\/www.acps-automotive.com\/hu\/karrier\/diak\/\"]}]},{\"@type\":\"ImageObject\",\"inLanguage\":\"hu\",\"@id\":\"https:\/\/www.acps-automotive.com\/hu\/karrier\/diak\/#primaryimage\",\"url\":\"https:\/\/www.acps-automotive.com\/wp-content\/uploads\/_media\/_allgemein\/pfeil-text-einleitung.png\",\"contentUrl\":\"https:\/\/www.acps-automotive.com\/wp-content\/uploads\/_media\/_allgemein\/pfeil-text-einleitung.png\"},{\"@type\":\"BreadcrumbList\",\"@id\":\"https:\/\/www.acps-automotive.com\/hu\/karrier\/diak\/#breadcrumb\",\"itemListElement\":[{\"@type\":\"ListItem\",\"position\":1,\"name\":\"Startseite\",\"item\":\"https:\/\/www.acps-automotive.com\/hu\/\"},{\"@type\":\"ListItem\",\"position\":2,\"name\":\"Karrier\",\"item\":\"https:\/\/www.acps-automotive.com\/hu\/karrier\/\"},{\"@type\":\"ListItem\",\"position\":3,\"name\":\"Di\u00e1k\"}]},{\"@type\":\"WebSite\",\"@id\":\"https:\/\/www.acps-automotive.com\/hu\/#website\",\"url\":\"https:\/\/www.acps-automotive.com\/hu\/\",\"name\":\"ACPS Automotive GmbH\",\"description\":\"Innovative Anh\u00e4ngekupplungen\",\"publisher\":{\"@id\":\"https:\/\/www.acps-automotive.com\/hu\/#organization\"},\"potentialAction\":[{\"@type\":\"SearchAction\",\"target\":{\"@type\":\"EntryPoint\",\"urlTemplate\":\"https:\/\/www.acps-automotive.com\/hu\/?s={search_term_string}\"},\"query-input\":{\"@type\":\"PropertyValueSpecification\",\"valueRequired\":true,\"valueName\":\"search_term_string\"}}],\"inLanguage\":\"hu\"},{\"@type\":\"Organization\",\"@id\":\"https:\/\/www.acps-automotive.com\/hu\/#organization\",\"name\":\"ACPS Automotive GmbH\",\"url\":\"https:\/\/www.acps-automotive.com\/hu\/\",\"logo\":{\"@type\":\"ImageObject\",\"inLanguage\":\"hu\",\"@id\":\"https:\/\/www.acps-automotive.com\/hu\/#\/schema\/logo\/image\/\",\"url\":\"https:\/\/www.acps-automotive.com\/wp-content\/uploads\/_media\/_allgemein\/Logo-Footer-ACPS-Automotive.png\",\"contentUrl\":\"https:\/\/www.acps-automotive.com\/wp-content\/uploads\/_media\/_allgemein\/Logo-Footer-ACPS-Automotive.png\",\"width\":239,\"height\":32,\"caption\":\"ACPS Automotive GmbH\"},\"image\":{\"@id\":\"https:\/\/www.acps-automotive.com\/hu\/#\/schema\/logo\/image\/\"},\"sameAs\":[\"https:\/\/x.com\/ACPS_Automotive\",\"https:\/\/www.linkedin.com\/company\/acps-automotive-gmbh\/\",\"https:\/\/www.instagram.com\/acps_ausbildung\/\",\"https:\/\/www.youtube.com\/channel\/UC2jxrgWwpxpkay2aHWV5SaQ\"]}]}<\/script>\n<!-- \/ Yoast SEO plugin. -->","yoast_head_json":{"title":"Di\u00e1k ACPS Automotive","description":"K\u00e9pz\u00e9s a p\u00f3tkocsi-vontat\u00f3k piacvezet\u0151j\u00e9n\u00e9l. \u25baV\u00e1rjuk jelentkez\u00e9s\u00e9t!","robots":{"index":"index","follow":"follow","max-snippet":"max-snippet:-1","max-image-preview":"max-image-preview:large","max-video-preview":"max-video-preview:-1"},"canonical":"https:\/\/www.acps-automotive.com\/hu\/karrier\/diak\/","og_locale":"hu_HU","og_type":"article","og_title":"Di\u00e1k ACPS Automotive","og_description":"K\u00e9pz\u00e9s a p\u00f3tkocsi-vontat\u00f3k piacvezet\u0151j\u00e9n\u00e9l. \u25baV\u00e1rjuk jelentkez\u00e9s\u00e9t!","og_url":"https:\/\/www.acps-automotive.com\/hu\/karrier\/diak\/","og_site_name":"ACPS Automotive GmbH","article_modified_time":"2026-03-10T11:05:58+00:00","og_image":[{"url":"https:\/\/www.acps-automotive.com\/wp-content\/uploads\/_media\/_allgemein\/pfeil-text-einleitung.png","type":"","width":"","height":""}],"twitter_card":"summary_large_image","twitter_site":"@ACPS_Automotive","twitter_misc":{"Becs\u00fclt olvas\u00e1si id\u0151":"3 perc"},"schema":{"@context":"https:\/\/schema.org","@graph":[{"@type":"WebPage","@id":"https:\/\/www.acps-automotive.com\/hu\/karrier\/diak\/","url":"https:\/\/www.acps-automotive.com\/hu\/karrier\/diak\/","name":"Di\u00e1k ACPS Automotive","isPartOf":{"@id":"https:\/\/www.acps-automotive.com\/hu\/#website"},"primaryImageOfPage":{"@id":"https:\/\/www.acps-automotive.com\/hu\/karrier\/diak\/#primaryimage"},"image":{"@id":"https:\/\/www.acps-automotive.com\/hu\/karrier\/diak\/#primaryimage"},"thumbnailUrl":"https:\/\/www.acps-automotive.com\/wp-content\/uploads\/_media\/_allgemein\/pfeil-text-einleitung.png","datePublished":"2025-12-17T08:58:40+00:00","dateModified":"2026-03-10T11:05:58+00:00","description":"K\u00e9pz\u00e9s a p\u00f3tkocsi-vontat\u00f3k piacvezet\u0151j\u00e9n\u00e9l. \u25baV\u00e1rjuk jelentkez\u00e9s\u00e9t!","breadcrumb":{"@id":"https:\/\/www.acps-automotive.com\/hu\/karrier\/diak\/#breadcrumb"},"inLanguage":"hu","potentialAction":[{"@type":"ReadAction","target":["https:\/\/www.acps-automotive.com\/hu\/karrier\/diak\/"]}]},{"@type":"ImageObject","inLanguage":"hu","@id":"https:\/\/www.acps-automotive.com\/hu\/karrier\/diak\/#primaryimage","url":"https:\/\/www.acps-automotive.com\/wp-content\/uploads\/_media\/_allgemein\/pfeil-text-einleitung.png","contentUrl":"https:\/\/www.acps-automotive.com\/wp-content\/uploads\/_media\/_allgemein\/pfeil-text-einleitung.png"},{"@type":"BreadcrumbList","@id":"https:\/\/www.acps-automotive.com\/hu\/karrier\/diak\/#breadcrumb","itemListElement":[{"@type":"ListItem","position":1,"name":"Startseite","item":"https:\/\/www.acps-automotive.com\/hu\/"},{"@type":"ListItem","position":2,"name":"Karrier","item":"https:\/\/www.acps-automotive.com\/hu\/karrier\/"},{"@type":"ListItem","position":3,"name":"Di\u00e1k"}]},{"@type":"WebSite","@id":"https:\/\/www.acps-automotive.com\/hu\/#website","url":"https:\/\/www.acps-automotive.com\/hu\/","name":"ACPS Automotive GmbH","description":"Innovative Anh\u00e4ngekupplungen","publisher":{"@id":"https:\/\/www.acps-automotive.com\/hu\/#organization"},"potentialAction":[{"@type":"SearchAction","target":{"@type":"EntryPoint","urlTemplate":"https:\/\/www.acps-automotive.com\/hu\/?s={search_term_string}"},"query-input":{"@type":"PropertyValueSpecification","valueRequired":true,"valueName":"search_term_string"}}],"inLanguage":"hu"},{"@type":"Organization","@id":"https:\/\/www.acps-automotive.com\/hu\/#organization","name":"ACPS Automotive GmbH","url":"https:\/\/www.acps-automotive.com\/hu\/","logo":{"@type":"ImageObject","inLanguage":"hu","@id":"https:\/\/www.acps-automotive.com\/hu\/#\/schema\/logo\/image\/","url":"https:\/\/www.acps-automotive.com\/wp-content\/uploads\/_media\/_allgemein\/Logo-Footer-ACPS-Automotive.png","contentUrl":"https:\/\/www.acps-automotive.com\/wp-content\/uploads\/_media\/_allgemein\/Logo-Footer-ACPS-Automotive.png","width":239,"height":32,"caption":"ACPS Automotive GmbH"},"image":{"@id":"https:\/\/www.acps-automotive.com\/hu\/#\/schema\/logo\/image\/"},"sameAs":["https:\/\/x.com\/ACPS_Automotive","https:\/\/www.linkedin.com\/company\/acps-automotive-gmbh\/","https:\/\/www.instagram.com\/acps_ausbildung\/","https:\/\/www.youtube.com\/channel\/UC2jxrgWwpxpkay2aHWV5SaQ"]}]}},"_links":{"self":[{"href":"https:\/\/www.acps-automotive.com\/hu\/wp-json\/wp\/v2\/pages\/27423","targetHints":{"allow":["GET"]}}],"collection":[{"href":"https:\/\/www.acps-automotive.com\/hu\/wp-json\/wp\/v2\/pages"}],"about":[{"href":"https:\/\/www.acps-automotive.com\/hu\/wp-json\/wp\/v2\/types\/page"}],"author":[{"embeddable":true,"href":"https:\/\/www.acps-automotive.com\/hu\/wp-json\/wp\/v2\/users\/8"}],"replies":[{"embeddable":true,"href":"https:\/\/www.acps-automotive.com\/hu\/wp-json\/wp\/v2\/comments?post=27423"}],"version-history":[{"count":3,"href":"https:\/\/www.acps-automotive.com\/hu\/wp-json\/wp\/v2\/pages\/27423\/revisions"}],"predecessor-version":[{"id":29627,"href":"https:\/\/www.acps-automotive.com\/hu\/wp-json\/wp\/v2\/pages\/27423\/revisions\/29627"}],"up":[{"embeddable":true,"href":"https:\/\/www.acps-automotive.com\/hu\/wp-json\/wp\/v2\/pages\/28085"}],"wp:attachment":[{"href":"https:\/\/www.acps-automotive.com\/hu\/wp-json\/wp\/v2\/media?parent=27423"}],"curies":[{"name":"wp","href":"https:\/\/api.w.org\/{rel}","templated":true}]}}