{"id":27419,"date":"2025-12-17T10:12:33","date_gmt":"2025-12-17T09:12:33","guid":{"rendered":"https:\/\/www.acps-automotive.com\/?page_id=27419"},"modified":"2026-03-10T12:02:46","modified_gmt":"2026-03-10T11:02:46","slug":"tapasztalt-szakemberek","status":"publish","type":"page","link":"https:\/\/www.acps-automotive.com\/hu\/karrier\/tapasztalt-szakemberek\/","title":{"rendered":"Tapasztalt szakemberek"},"content":{"rendered":"<div class=\"vgblk-rw-wrapper limit-wrapper\">\n\n\t<h1><strong>Bel\u00e9p\u00e9se<\/strong><br \/>\nmint tapasztalt szakember<\/h1>\n\t<img loading=\"lazy\" decoding=\"async\" src=\"https:\/\/www.acps-automotive.com\/wp-content\/uploads\/_media\/_allgemein\/pfeil-text-einleitung.png\" alt=\"Pfeil Text Einleitung\" width=\"46\" height=\"69\" \/><br \/>\nTechnol\u00f3giai vezet\u0151k\u00e9nt m\u0171k\u00f6d\u00fcnk f\u0151 tev\u00e9kenys\u00e9gi ter\u00fclet\u00fcnk\u00f6n, a von\u00f3berendez\u00e9sek gy\u00e1rt\u00e1s\u00e1ban, \u00e9s az innov\u00e1ci\u00f3 szerves r\u00e9sze v\u00e1llalati kult\u00far\u00e1nknak.\n\t<p><img loading=\"lazy\" decoding=\"async\" src=\"https:\/\/www.acps-automotive.com\/wp-content\/uploads\/_media\/karriere\/berufserfahrene\/berufserfahrene01.jpg\" alt=\"Berufserfahrene\" width=\"650\" height=\"400\" \/><\/p>\n\t<p><img loading=\"lazy\" decoding=\"async\" src=\"https:\/\/www.acps-automotive.com\/wp-content\/uploads\/_media\/karriere\/berufserfahrene\/tanja-mergler.jpg\" alt=\"Tanja Mergler\" width=\"650\" height=\"400\" \/><\/p>\n\t\u00abAz ACPS Automotive egy er\u0151s munkaad\u00f3. Itt minden \u00f6sszej\u00f6n: vonz\u00f3 munkak\u00f6r\u00fclm\u00e9nyek \u00e9s innovat\u00edv v\u00e1llalati k\u00f6rnyezet. K\u00fcl\u00f6n\u00f6sen motiv\u00e1l, hogy \u00fcgyfeleinkkel egy\u00fctt technol\u00f3giailag ig\u00e9nyes projektekben dolgozhatok\u00bb.<br \/>\nTanja Mergler, Global Key Account Manager\n\t<h4><strong>Karrierlehet\u0151s\u00e9gek kihaszn\u00e1l\u00e1sa<\/strong><br \/>\nHozza be \u00f6tleteit<\/h4>\n\t<p>Olyan embereket keres\u00fcnk, akik folyamatosan t\u00f6rekednek a fejleszt\u00e9sre \u00e9s nyitottak a v\u00e1ltoz\u00e1sokra. Az ACPS Automotive t\u00edz telephellyel rendelkezik vil\u00e1gszerte \u00e9s jelen van a fontos n\u00f6veked\u00e9si piacokon. \u00d6n j\u00f3l \u00e9rzi mag\u00e1t nemzetk\u00f6zi k\u00f6rnyezetben \u00e9s j\u00f3 angol nyelvtud\u00e1ssal rendelkezik. Fedezze fel k\u00fcl\u00f6nb\u00f6z\u0151 ter\u00fcleteinket \u00e9s <a href=\"https:\/\/careers.acps-automotive.com\/?locale=hu_HU\" target=\"_blank\" rel=\"noopener\">soksz\u00edn\u0171 \u00e1ll\u00e1slehet\u0151s\u00e9geinket<\/a>.<\/p>\n\n<\/div><!-- .vgblk-rw-wrapper -->","protected":false},"excerpt":{"rendered":"<p>Bel\u00e9p\u00e9se mint tapasztalt szakember Technol\u00f3giai vezet\u0151k\u00e9nt m\u0171k\u00f6d\u00fcnk f\u0151 tev\u00e9kenys\u00e9gi ter\u00fclet\u00fcnk\u00f6n, a von\u00f3berendez\u00e9sek gy\u00e1rt\u00e1s\u00e1ban, \u00e9s az innov\u00e1ci\u00f3 szerves r\u00e9sze v\u00e1llalati kult\u00far\u00e1nknak. \u00abAz ACPS Automotive egy er\u0151s munkaad\u00f3. Itt minden \u00f6sszej\u00f6n: vonz\u00f3 munkak\u00f6r\u00fclm\u00e9nyek \u00e9s innovat\u00edv v\u00e1llalati k\u00f6rnyezet. K\u00fcl\u00f6n\u00f6sen motiv\u00e1l, hogy \u00fcgyfeleinkkel egy\u00fctt technol\u00f3giailag ig\u00e9nyes projektekben dolgozhatok\u00bb. Tanja Mergler, Global Key Account Manager Karrierlehet\u0151s\u00e9gek kihaszn\u00e1l\u00e1sa Hozza be \u00f6tleteit&#8230;<\/p>\n","protected":false},"author":8,"featured_media":0,"parent":28085,"menu_order":0,"comment_status":"closed","ping_status":"closed","template":"","meta":{"inline_featured_image":false,"_price":"","_stock":"","_tribe_ticket_header":"","_tribe_default_ticket_provider":"","_tribe_ticket_capacity":"0","_ticket_start_date":"","_ticket_end_date":"","_tribe_ticket_show_description":"","_tribe_ticket_show_not_going":false,"_tribe_ticket_use_global_stock":"","_tribe_ticket_global_stock_level":"","_global_stock_mode":"","_global_stock_cap":"","_tribe_rsvp_for_event":"","_tribe_ticket_going_count":"","_tribe_ticket_not_going_count":"","_tribe_tickets_list":"[]","_tribe_ticket_has_attendee_info_fields":false,"footnotes":""},"class_list":["post-27419","page","type-page","status-publish","hentry"],"yoast_head":"<!-- This site is optimized with the Yoast SEO plugin v27.2 - https:\/\/yoast.com\/product\/yoast-seo-wordpress\/ -->\n<title>Tapasztalt szakemberek | ACPS Automotive<\/title>\n<meta name=\"description\" content=\"\u00daj kih\u00edv\u00e1sokat keres? A p\u00f3tkocsi-vontat\u00f3k piacvezet\u0151j\u00e9n\u00e9l biztosan megtal\u00e1lja! \u25ba\u00d6nt keress\u00fck!\" \/>\n<meta name=\"robots\" content=\"index, follow, max-snippet:-1, max-image-preview:large, max-video-preview:-1\" \/>\n<link rel=\"canonical\" href=\"https:\/\/www.acps-automotive.com\/hu\/karrier\/tapasztalt-szakemberek\/\" \/>\n<meta property=\"og:locale\" content=\"hu_HU\" \/>\n<meta property=\"og:type\" content=\"article\" \/>\n<meta property=\"og:title\" content=\"Tapasztalt szakemberek | ACPS Automotive\" \/>\n<meta property=\"og:description\" content=\"\u00daj kih\u00edv\u00e1sokat keres? A p\u00f3tkocsi-vontat\u00f3k piacvezet\u0151j\u00e9n\u00e9l biztosan megtal\u00e1lja! \u25ba\u00d6nt keress\u00fck!\" \/>\n<meta property=\"og:url\" content=\"https:\/\/www.acps-automotive.com\/hu\/karrier\/tapasztalt-szakemberek\/\" \/>\n<meta property=\"og:site_name\" content=\"ACPS Automotive GmbH\" \/>\n<meta property=\"article:modified_time\" content=\"2026-03-10T11:02:46+00:00\" \/>\n<meta property=\"og:image\" content=\"https:\/\/www.acps-automotive.com\/wp-content\/uploads\/_media\/_allgemein\/pfeil-text-einleitung.png\" \/>\n<meta name=\"twitter:card\" content=\"summary_large_image\" \/>\n<meta name=\"twitter:site\" content=\"@ACPS_Automotive\" \/>\n<meta name=\"twitter:label1\" content=\"Becs\u00fclt olvas\u00e1si id\u0151\" \/>\n\t<meta name=\"twitter:data1\" content=\"2 perc\" \/>\n<script type=\"application\/ld+json\" class=\"yoast-schema-graph\">{\"@context\":\"https:\/\/schema.org\",\"@graph\":[{\"@type\":\"WebPage\",\"@id\":\"https:\/\/www.acps-automotive.com\/hu\/karrier\/tapasztalt-szakemberek\/\",\"url\":\"https:\/\/www.acps-automotive.com\/hu\/karrier\/tapasztalt-szakemberek\/\",\"name\":\"Tapasztalt szakemberek | ACPS Automotive\",\"isPartOf\":{\"@id\":\"https:\/\/www.acps-automotive.com\/hu\/#website\"},\"primaryImageOfPage\":{\"@id\":\"https:\/\/www.acps-automotive.com\/hu\/karrier\/tapasztalt-szakemberek\/#primaryimage\"},\"image\":{\"@id\":\"https:\/\/www.acps-automotive.com\/hu\/karrier\/tapasztalt-szakemberek\/#primaryimage\"},\"thumbnailUrl\":\"https:\/\/www.acps-automotive.com\/wp-content\/uploads\/_media\/_allgemein\/pfeil-text-einleitung.png\",\"datePublished\":\"2025-12-17T09:12:33+00:00\",\"dateModified\":\"2026-03-10T11:02:46+00:00\",\"description\":\"\u00daj kih\u00edv\u00e1sokat keres? A p\u00f3tkocsi-vontat\u00f3k piacvezet\u0151j\u00e9n\u00e9l biztosan megtal\u00e1lja! \u25ba\u00d6nt keress\u00fck!\",\"breadcrumb\":{\"@id\":\"https:\/\/www.acps-automotive.com\/hu\/karrier\/tapasztalt-szakemberek\/#breadcrumb\"},\"inLanguage\":\"hu\",\"potentialAction\":[{\"@type\":\"ReadAction\",\"target\":[\"https:\/\/www.acps-automotive.com\/hu\/karrier\/tapasztalt-szakemberek\/\"]}]},{\"@type\":\"ImageObject\",\"inLanguage\":\"hu\",\"@id\":\"https:\/\/www.acps-automotive.com\/hu\/karrier\/tapasztalt-szakemberek\/#primaryimage\",\"url\":\"https:\/\/www.acps-automotive.com\/wp-content\/uploads\/_media\/_allgemein\/pfeil-text-einleitung.png\",\"contentUrl\":\"https:\/\/www.acps-automotive.com\/wp-content\/uploads\/_media\/_allgemein\/pfeil-text-einleitung.png\"},{\"@type\":\"BreadcrumbList\",\"@id\":\"https:\/\/www.acps-automotive.com\/hu\/karrier\/tapasztalt-szakemberek\/#breadcrumb\",\"itemListElement\":[{\"@type\":\"ListItem\",\"position\":1,\"name\":\"Startseite\",\"item\":\"https:\/\/www.acps-automotive.com\/hu\/\"},{\"@type\":\"ListItem\",\"position\":2,\"name\":\"Karrier\",\"item\":\"https:\/\/www.acps-automotive.com\/hu\/karrier\/\"},{\"@type\":\"ListItem\",\"position\":3,\"name\":\"Tapasztalt szakemberek\"}]},{\"@type\":\"WebSite\",\"@id\":\"https:\/\/www.acps-automotive.com\/hu\/#website\",\"url\":\"https:\/\/www.acps-automotive.com\/hu\/\",\"name\":\"ACPS Automotive GmbH\",\"description\":\"Innovative Anh\u00e4ngekupplungen\",\"publisher\":{\"@id\":\"https:\/\/www.acps-automotive.com\/hu\/#organization\"},\"potentialAction\":[{\"@type\":\"SearchAction\",\"target\":{\"@type\":\"EntryPoint\",\"urlTemplate\":\"https:\/\/www.acps-automotive.com\/hu\/?s={search_term_string}\"},\"query-input\":{\"@type\":\"PropertyValueSpecification\",\"valueRequired\":true,\"valueName\":\"search_term_string\"}}],\"inLanguage\":\"hu\"},{\"@type\":\"Organization\",\"@id\":\"https:\/\/www.acps-automotive.com\/hu\/#organization\",\"name\":\"ACPS Automotive GmbH\",\"url\":\"https:\/\/www.acps-automotive.com\/hu\/\",\"logo\":{\"@type\":\"ImageObject\",\"inLanguage\":\"hu\",\"@id\":\"https:\/\/www.acps-automotive.com\/hu\/#\/schema\/logo\/image\/\",\"url\":\"https:\/\/www.acps-automotive.com\/wp-content\/uploads\/_media\/_allgemein\/Logo-Footer-ACPS-Automotive.png\",\"contentUrl\":\"https:\/\/www.acps-automotive.com\/wp-content\/uploads\/_media\/_allgemein\/Logo-Footer-ACPS-Automotive.png\",\"width\":239,\"height\":32,\"caption\":\"ACPS Automotive GmbH\"},\"image\":{\"@id\":\"https:\/\/www.acps-automotive.com\/hu\/#\/schema\/logo\/image\/\"},\"sameAs\":[\"https:\/\/x.com\/ACPS_Automotive\",\"https:\/\/www.linkedin.com\/company\/acps-automotive-gmbh\/\",\"https:\/\/www.instagram.com\/acps_ausbildung\/\",\"https:\/\/www.youtube.com\/channel\/UC2jxrgWwpxpkay2aHWV5SaQ\"]}]}<\/script>\n<!-- \/ Yoast SEO plugin. -->","yoast_head_json":{"title":"Tapasztalt szakemberek | ACPS Automotive","description":"\u00daj kih\u00edv\u00e1sokat keres? A p\u00f3tkocsi-vontat\u00f3k piacvezet\u0151j\u00e9n\u00e9l biztosan megtal\u00e1lja! \u25ba\u00d6nt keress\u00fck!","robots":{"index":"index","follow":"follow","max-snippet":"max-snippet:-1","max-image-preview":"max-image-preview:large","max-video-preview":"max-video-preview:-1"},"canonical":"https:\/\/www.acps-automotive.com\/hu\/karrier\/tapasztalt-szakemberek\/","og_locale":"hu_HU","og_type":"article","og_title":"Tapasztalt szakemberek | ACPS Automotive","og_description":"\u00daj kih\u00edv\u00e1sokat keres? A p\u00f3tkocsi-vontat\u00f3k piacvezet\u0151j\u00e9n\u00e9l biztosan megtal\u00e1lja! \u25ba\u00d6nt keress\u00fck!","og_url":"https:\/\/www.acps-automotive.com\/hu\/karrier\/tapasztalt-szakemberek\/","og_site_name":"ACPS Automotive GmbH","article_modified_time":"2026-03-10T11:02:46+00:00","og_image":[{"url":"https:\/\/www.acps-automotive.com\/wp-content\/uploads\/_media\/_allgemein\/pfeil-text-einleitung.png","type":"","width":"","height":""}],"twitter_card":"summary_large_image","twitter_site":"@ACPS_Automotive","twitter_misc":{"Becs\u00fclt olvas\u00e1si id\u0151":"2 perc"},"schema":{"@context":"https:\/\/schema.org","@graph":[{"@type":"WebPage","@id":"https:\/\/www.acps-automotive.com\/hu\/karrier\/tapasztalt-szakemberek\/","url":"https:\/\/www.acps-automotive.com\/hu\/karrier\/tapasztalt-szakemberek\/","name":"Tapasztalt szakemberek | ACPS Automotive","isPartOf":{"@id":"https:\/\/www.acps-automotive.com\/hu\/#website"},"primaryImageOfPage":{"@id":"https:\/\/www.acps-automotive.com\/hu\/karrier\/tapasztalt-szakemberek\/#primaryimage"},"image":{"@id":"https:\/\/www.acps-automotive.com\/hu\/karrier\/tapasztalt-szakemberek\/#primaryimage"},"thumbnailUrl":"https:\/\/www.acps-automotive.com\/wp-content\/uploads\/_media\/_allgemein\/pfeil-text-einleitung.png","datePublished":"2025-12-17T09:12:33+00:00","dateModified":"2026-03-10T11:02:46+00:00","description":"\u00daj kih\u00edv\u00e1sokat keres? A p\u00f3tkocsi-vontat\u00f3k piacvezet\u0151j\u00e9n\u00e9l biztosan megtal\u00e1lja! \u25ba\u00d6nt keress\u00fck!","breadcrumb":{"@id":"https:\/\/www.acps-automotive.com\/hu\/karrier\/tapasztalt-szakemberek\/#breadcrumb"},"inLanguage":"hu","potentialAction":[{"@type":"ReadAction","target":["https:\/\/www.acps-automotive.com\/hu\/karrier\/tapasztalt-szakemberek\/"]}]},{"@type":"ImageObject","inLanguage":"hu","@id":"https:\/\/www.acps-automotive.com\/hu\/karrier\/tapasztalt-szakemberek\/#primaryimage","url":"https:\/\/www.acps-automotive.com\/wp-content\/uploads\/_media\/_allgemein\/pfeil-text-einleitung.png","contentUrl":"https:\/\/www.acps-automotive.com\/wp-content\/uploads\/_media\/_allgemein\/pfeil-text-einleitung.png"},{"@type":"BreadcrumbList","@id":"https:\/\/www.acps-automotive.com\/hu\/karrier\/tapasztalt-szakemberek\/#breadcrumb","itemListElement":[{"@type":"ListItem","position":1,"name":"Startseite","item":"https:\/\/www.acps-automotive.com\/hu\/"},{"@type":"ListItem","position":2,"name":"Karrier","item":"https:\/\/www.acps-automotive.com\/hu\/karrier\/"},{"@type":"ListItem","position":3,"name":"Tapasztalt szakemberek"}]},{"@type":"WebSite","@id":"https:\/\/www.acps-automotive.com\/hu\/#website","url":"https:\/\/www.acps-automotive.com\/hu\/","name":"ACPS Automotive GmbH","description":"Innovative Anh\u00e4ngekupplungen","publisher":{"@id":"https:\/\/www.acps-automotive.com\/hu\/#organization"},"potentialAction":[{"@type":"SearchAction","target":{"@type":"EntryPoint","urlTemplate":"https:\/\/www.acps-automotive.com\/hu\/?s={search_term_string}"},"query-input":{"@type":"PropertyValueSpecification","valueRequired":true,"valueName":"search_term_string"}}],"inLanguage":"hu"},{"@type":"Organization","@id":"https:\/\/www.acps-automotive.com\/hu\/#organization","name":"ACPS Automotive GmbH","url":"https:\/\/www.acps-automotive.com\/hu\/","logo":{"@type":"ImageObject","inLanguage":"hu","@id":"https:\/\/www.acps-automotive.com\/hu\/#\/schema\/logo\/image\/","url":"https:\/\/www.acps-automotive.com\/wp-content\/uploads\/_media\/_allgemein\/Logo-Footer-ACPS-Automotive.png","contentUrl":"https:\/\/www.acps-automotive.com\/wp-content\/uploads\/_media\/_allgemein\/Logo-Footer-ACPS-Automotive.png","width":239,"height":32,"caption":"ACPS Automotive GmbH"},"image":{"@id":"https:\/\/www.acps-automotive.com\/hu\/#\/schema\/logo\/image\/"},"sameAs":["https:\/\/x.com\/ACPS_Automotive","https:\/\/www.linkedin.com\/company\/acps-automotive-gmbh\/","https:\/\/www.instagram.com\/acps_ausbildung\/","https:\/\/www.youtube.com\/channel\/UC2jxrgWwpxpkay2aHWV5SaQ"]}]}},"_links":{"self":[{"href":"https:\/\/www.acps-automotive.com\/hu\/wp-json\/wp\/v2\/pages\/27419","targetHints":{"allow":["GET"]}}],"collection":[{"href":"https:\/\/www.acps-automotive.com\/hu\/wp-json\/wp\/v2\/pages"}],"about":[{"href":"https:\/\/www.acps-automotive.com\/hu\/wp-json\/wp\/v2\/types\/page"}],"author":[{"embeddable":true,"href":"https:\/\/www.acps-automotive.com\/hu\/wp-json\/wp\/v2\/users\/8"}],"replies":[{"embeddable":true,"href":"https:\/\/www.acps-automotive.com\/hu\/wp-json\/wp\/v2\/comments?post=27419"}],"version-history":[{"count":5,"href":"https:\/\/www.acps-automotive.com\/hu\/wp-json\/wp\/v2\/pages\/27419\/revisions"}],"predecessor-version":[{"id":29625,"href":"https:\/\/www.acps-automotive.com\/hu\/wp-json\/wp\/v2\/pages\/27419\/revisions\/29625"}],"up":[{"embeddable":true,"href":"https:\/\/www.acps-automotive.com\/hu\/wp-json\/wp\/v2\/pages\/28085"}],"wp:attachment":[{"href":"https:\/\/www.acps-automotive.com\/hu\/wp-json\/wp\/v2\/media?parent=27419"}],"curies":[{"name":"wp","href":"https:\/\/api.w.org\/{rel}","templated":true}]}}